{"id":74096,"date":"2024-11-24T13:14:37","date_gmt":"2024-11-24T13:14:37","guid":{"rendered":"https:\/\/electromenagerexpress.com\/product\/aspirateur-sans-sacrowentasilence-force-cyclonic-ro7282ea\/"},"modified":"2024-11-24T13:14:49","modified_gmt":"2024-11-24T13:14:49","slug":"aspirateur-sans-sacrowentasilence-force-cyclonic-ro7282ea","status":"publish","type":"product","link":"https:\/\/electromenagerexpress.com\/en\/product\/aspirateur-sans-sacrowentasilence-force-cyclonic-ro7282ea\/","title":{"rendered":"Aspirateur sans sac\t\t\t\t\t\t\tROWENTA\t\t\t\tSilence Force Cyclonic RO7282EA"},"content":{"rendered":"<div class=\"product-features__content\">\n<ul role=\"list\">\n<li class=\"product-features__item\" role=\"listitem\">\n<h3 class=\"product-features__label\">Choisir ce produit pour quels usages ?<\/h3>\n<ul role=\"list\">\n<li class=\"product-features__item-list__item\" role=\"listitem\"><span class=\"is--medium\">Pour quelle utilisation :<\/span> pour aspirer en profondeur, pratique sans sac\t\t\t\t\t<\/li>\n<li class=\"product-features__item-list__item\" role=\"listitem\"><span class=\"is--medium\">Type de sols :<\/span> Carrelages, parquets, tapis, moquettes\t\t\t\t\t<\/li>\n<li class=\"product-features__item-list__item\" role=\"listitem\"><span class=\"is--medium\">Brosses &amp; Accessoires sp\u00e9ciaux :<\/span> Brosse parquet\t\t\t\t\t<\/li>\n<\/ul>\n<\/li>\n<li class=\"product-features__item\" role=\"listitem\">\n<h3 class=\"product-features__label\">Confort d&rsquo;utilisation<\/h3>\n<ul role=\"list\">\n<li class=\"product-features__item-list__item\" role=\"listitem\"><span class=\"is--medium\">Niveau sonore :<\/span> 67 dB\t\t\t\t\t<\/li>\n<li class=\"product-features__item-list__item\" role=\"listitem\"><span class=\"is--medium\">D\u00e9tail sur le niveau sonore: :<\/span> Il peut varier en fonction du mode utilis\u00e9 et du type de sols aspir\u00e9 (parquet, carrelage, moquette, tapis)\t\t\t\t\t<\/li>\n<li class=\"product-features__item-list__item\" role=\"listitem\"><span class=\"is--medium\">Capacit\u00e9 bac\/sac :<\/span> 2,5 L\t\t\t\t\t<\/li>\n<li class=\"product-features__item-list__item\" role=\"listitem\"><span class=\"is--medium\">Variateur de puissance :<\/span> Sans\t\t\t\t\t<\/li>\n<\/ul>\n<\/li>\n<li class=\"product-features__item\" role=\"listitem\">\n<h3 class=\"product-features__label\">Maniabilit\u00e9<\/h3>\n<ul role=\"list\">\n<li class=\"product-features__item-list__item\" role=\"listitem\"><span class=\"is--medium\">Poids :<\/span> 8,59 Kg\t\t\t\t\t<\/li>\n<li class=\"product-features__item-list__item\" role=\"listitem\"><span class=\"is--medium\">Poign\u00e9e de transport :<\/span> Oui, permet de monter l&rsquo;aspirateur facilement \u00e0 l&rsquo;\u00e9tage\t\t\t\t\t<\/li>\n<li class=\"product-features__item-list__item\" role=\"listitem\"><span class=\"is--medium\">Type d&rsquo;enrouleur de c\u00e2ble :<\/span> Un appui constant est n\u00e9cessaire jusqu&rsquo;\u00e0 ce que le c\u00e2ble soit rentr\u00e9 dans l&rsquo;aspirateur\t\t\t\t\t<\/li>\n<li class=\"product-features__item-list__item\" role=\"listitem\"><span class=\"is--medium\">Longueur du cordon secteur :<\/span> 6,2 m\t\t\t\t\t<\/li>\n<li class=\"product-features__item-list__item\" role=\"listitem\"><span class=\"is--medium\">Rayon d&rsquo;action :<\/span> 8,8 m (Standard)\t\t\t\t\t<\/li>\n<\/ul>\n<\/li>\n<li class=\"product-features__item\" role=\"listitem\">\n<h3 class=\"product-features__label\">Performance<\/h3>\n<ul role=\"list\">\n<li class=\"product-features__item-list__item\" role=\"listitem\"><span class=\"is--medium\">Technologie d&rsquo;aspiration :<\/span> Cyclonique : utilise la force centrifuge pour s\u00e9parer les poussi\u00e8res de l&rsquo;air et les coller sur les parois pour retomber dans le bac. Elle offre une force d&rsquo;aspiration constante pendant toute la dur\u00e9e du nettoyage\t\t\t\t\t<\/li>\n<li class=\"product-features__item-list__item\" role=\"listitem\"><span class=\"is--medium\">Brosse principale :<\/span> Brosse 2 en1 (sols durs et moquettes)\t\t\t\t\t<\/li>\n<\/ul>\n<\/li>\n<li class=\"product-features__item\" role=\"listitem\">\n<h3 class=\"product-features__label\">Autour de l&rsquo;hygi\u00e8ne<\/h3>\n<ul role=\"list\">\n<li class=\"product-features__item-list__item\" role=\"listitem\"><span class=\"is--medium\">Filtre de sortie d&rsquo;air :<\/span> HEPA (meilleure qualit\u00e9 de filtration)\t\t\t\t\t<\/li>\n<\/ul>\n<\/li>\n<li class=\"product-features__item\" role=\"listitem\">\n<h3 class=\"product-features__label\">Energie \/ Consommation<\/h3>\n<ul role=\"list\">\n<li class=\"product-features__item-list__item\" role=\"listitem\"><span class=\"is--medium\">Puissance du moteur \/ Consommation :<\/span> 550 W\t\t\t\t\t<\/li>\n<\/ul>\n<\/li>\n<li class=\"product-features__item\" role=\"listitem\">\n<h3 class=\"product-features__label\">Informations et Services<\/h3>\n<ul role=\"list\">\n<li class=\"product-features__item-list__item\" role=\"listitem\"><span class=\"is--medium\">Indice de r\u00e9parabilit\u00e9 :<\/span> 9,3 \/10\t\t\t\t\t<\/li>\n<li class=\"product-features__item-list__item\" role=\"listitem\"><span class=\"is--medium\">D\u00e9tail sur l&rsquo;indice de r\u00e9parabilit\u00e9 :<\/span> <u><a href=\"https:\/\/www.boulanger.com\/evenement\/indice-reparabilite\" target=\"_blank\"> en sa<\/a><\/u><\/li>\n<li class=\"product-features__item-list__item\" role=\"listitem\"><span class=\"is--medium\">Fabriqu\u00e9 en :<\/span> France (par le Groupe SEB)\t\t\t\t\t<\/li>\n<li class=\"product-features__item-list__item\" role=\"listitem\"><span class=\"is--medium\">D\u00e9couvrez les produits Made In France du Groupe Seb :<\/span> <u><a href=\"https:\/\/www.boulanger.com\/evenement\/univers_seb\" target=\"_blank\">en sa<\/a><\/u><\/li>\n<li class=\"product-features__item-list__item\" role=\"listitem\"><span class=\"is--medium\">Garantie :<\/span> 2 ans\t\t\t\t\t<\/li>\n<li class=\"product-features__item-list__item\" role=\"listitem\"><span class=\"is--medium\">Dur\u00e9e de la garantie Constructeur (voir les conditions sp\u00e9ciales) :<\/span> 2 ans\t\t\t\t\t<\/li>\n<li class=\"product-features__item-list__item\" role=\"listitem\"><span class=\"is--medium\">Disponibilit\u00e9 des pi\u00e8ces d\u00e9tach\u00e9es (donn\u00e9es fournisseur) :<\/span> Pendant 10 ans, \u00e0 compter de la date d&rsquo;achat\t\t\t\t\t<\/li>\n<li class=\"product-features__item-list__item\" role=\"listitem\"><span class=\"is--medium\">R\u00e9f\u00e9rence constructeur :<\/span> RO7282EA SILENCE FORCE CYCLONIC\t\t\t\t\t<\/li>\n<li class=\"product-features__item-list__item\" role=\"listitem\"><span class=\"is--medium\">Marque :<\/span> ROWENTA\t\t\t\t\t<\/li>\n<\/ul>\n<\/li>\n<li class=\"product-features__item\" role=\"listitem\">\n<h3 class=\"product-features__label\">Dimensions<\/h3>\n<ul role=\"list\">\n<li class=\"product-features__item-list__item\" role=\"listitem\"><span class=\"is--medium\">Dimensions l x h x p :<\/span> 45.5 x 31.3 x 28.5 cm\t\t\t\t\t<\/li>\n<li class=\"product-features__item-list__item\" role=\"listitem\"><span class=\"is--medium\">Poids net :<\/span> 9 kg\t\t\t\t\t<\/li>\n<li class=\"product-features__item-list__item\" role=\"listitem\"><span class=\"is--medium\">Poids brut :<\/span> 10 kg\t\t\t\t\t<\/li>\n<\/ul>\n<\/li>\n<li class=\"product-features__item\" role=\"listitem\">\n<h3 class=\"product-features__label\">Brosses et accessoires<\/h3>\n<ul role=\"list\">\n<li class=\"product-features__item-list__item\" role=\"listitem\"><span class=\"is--medium\">Maxi turbo brosse :<\/span> Retire efficacement les cheveux et poils d&rsquo;animaux sur les tapis\/ moquettes et ameublement\t\t\t\t\t<\/li>\n<li class=\"product-features__item-list__item\" role=\"listitem\"><span class=\"is--medium\">Accessoire 2 en 1 :<\/span> id\u00e9al pour les rideaux, canap\u00e9s, si\u00e8ges de voiture et les meubles\t\t\t\t\t<\/li>\n<\/ul>\n<\/li>\n<li class=\"product-features__item\" role=\"listitem\">\n<h3 class=\"product-features__label\">Accessoires int\u00e9gr\u00e9s<\/h3>\n<ul role=\"list\">\n<li class=\"product-features__item-list__item\" role=\"listitem\"><span class=\"is--medium\">A la poign\u00e9e :<\/span> Oui\t\t\t\t\t<\/li>\n<\/ul>\n<\/li>\n<\/ul>\n<\/div>\n<div class=\"product__disclosure-content\">\n<div class=\"js-read-more product-description__content read-more read-more--truncated\" data-read-more-name=\"description\" style=\"max-height: 500px; overflow: hidden;\">\n<p>L&rsquo;aspirateur ROWENTA RO7282EA SILENCE FORCE CYCLONIC assure des r\u00e9sultats fiables gr\u00e2ce \u00e0 sa grande performance de nettoyage. Son syst\u00e8me de filtration cyclonique ultra efficace permet de s\u00e9parer l&rsquo;air et la poussi\u00e8re, pour des sols impeccables. Avec son design \u00e9l\u00e9gant, il s&rsquo;int\u00e8gre dans tous les int\u00e9rieurs.<\/p>\n<h3><img fetchpriority=\"high\" decoding=\"async\" ,=\"\" alt=\"Aspi ROWENTA RO7282EA SILENCE FORCE CYCLONIC\" class=\"wy_tableau_gauche\" height=\"270\" src=\"https:\/\/boulanger.scene7.com\/is\/image\/Boulanger\/3221616000773_h_f_l_0?wid=400&amp;hei=270\" width=\"400\"\/>Un aspirateur d&rsquo;une efficacit\u00e9 redoutable <\/h3>\n<p>Avec un <b>flux d&rsquo;air optimis\u00e9 et sa t\u00eate d&rsquo;aspiration haute efficacit\u00e9 \u00e0 deux positions<\/b>, l&rsquo;aspirateur ROWENTA RO7282EA SILENCE FORCE CYCLONIC offre des performances de nettoyage exceptionnelles. Il vous permet \u00e9galement d&rsquo;obtenir des <b>r\u00e9sultats de grande qualit\u00e9 sur des sols durs<\/b>, gr\u00e2ce \u00e0 une glisse optimale de sa t\u00eate d&rsquo;aspiration.<\/p>\n<p>L&rsquo;aspirateur ROWENTA RO7282EA SILENCE FORCE CYCLONIC est \u00e9quip\u00e9 d&rsquo;une <b>filtration cyclonique<\/b> tr\u00e8s efficace. Elle s\u00e9pare l&rsquo;air et la poussi\u00e8re, pour vous garantir un nettoyage parfait sur tous les types de sol.  Avec ses <b>3 niveaux de filtration<\/b>, il capture presque 99 % des poussi\u00e8res, pour un int\u00e9rieur plus propre et plus sain dans toutes les pi\u00e8ces.<\/p>\n<h3><img decoding=\"async\" ,=\"\" alt=\"Aspi ROWENTA RO7282EA SILENCE FORCE CYCLONIC\" class=\"wy_tableau_right\" height=\"270\" src=\"https:\/\/boulanger.scene7.com\/is\/image\/Boulanger\/3221616000773_h_f_l_1?wid=400&amp;hei=270\" width=\"400\"\/>Un appareil silencieux avec une grande efficacit\u00e9 \u00e9nerg\u00e9tique<\/h3>\n<p>Avec l&rsquo;aspirateur ROWENTA RO7282EA SILENCE FORCE CYCLONIC profitez d&rsquo;un appareil performant mais aussi tr\u00e8s silencieux. Son niveau sonore est de <b>seulement 69 dB<\/b>, soit \u00e0 peine plus que celui d&rsquo;une conversation normale. Il poss\u00e8de un <b>bac \u00e0 poussi\u00e8re XL<\/b> afin de vous offrir plus d&rsquo;autonomie et d&rsquo;\u00e9viter d&rsquo;\u00eatre coup\u00e9 dans votre session de nettoyage pour vider le contenant.<\/p>\n<p>Son <b>moteur Effitech<\/b> permet un d\u00e9poussi\u00e9rage performant et une consommation d&rsquo;\u00e9nergie peu \u00e9lev\u00e9e. L&rsquo;aspirateur ROWENTA RO7282EA SILENCE FORCE CYCLONIC est donc un appareil avec une <b>efficacit\u00e9 \u00e9nerg\u00e9tique<\/b> tr\u00e8s int\u00e9ressante. Son ergonomie a \u00e9t\u00e9 repens\u00e9e : il poss\u00e8de de grandes roues et des poign\u00e9es de transport pour plus de praticit\u00e9. Son design \u00e9l\u00e9gant lui permet de trouver sa place dans tous les int\u00e9rieurs.<\/p>\n<\/p>\n<\/div>\n<p><bl-button a11yexpanded=\"false\" arialabel=\"Afficher toute la description\" class=\"read-more__btn\" full=\"false\" link=\"true\"><\/bl-button><\/div>","protected":false},"excerpt":{"rendered":"<div class=\"keypoints\">\n<h3 class=\"keypoints__title\">Les points cl\u00e9s<\/h3>\n<ul role=\"list\">\n<li class=\"keypoints__item\" role=\"listitem\">                                        Rayon d&rsquo;action : 8,8 m (Standard)                      <\/li>\n<li class=\"keypoints__item\" role=\"listitem\">                                        Capacit\u00e9 bac\/sac : 2,5 L                      <\/li>\n<li class=\"keypoints__item\" role=\"listitem\">                                        Niveau sonore : 67 dB                      <\/li>\n<li class=\"keypoints__item\" role=\"listitem\">                                        Poids : 8,59 Kg                      <\/li>\n<li class=\"keypoints__item keypoints__item--advantage\" role=\"listitem\"><strong>Le + :<\/strong> sa t\u00eate d&rsquo;aspiration unique \u00e0 2 positions qui garantit un nettoyage en profondeur      <\/li>\n<\/ul>","protected":false},"featured_media":74095,"template":"","meta":{"_glsr_average":0,"_glsr_ranking":0,"_glsr_reviews":0},"product_cat":[333],"product_tag":[324,334,153],"class_list":{"0":"post-74096","1":"product","2":"type-product","3":"status-publish","4":"has-post-thumbnail","6":"product_cat-aspirateur-sans-sac","7":"product_tag-aspirateur","8":"product_tag-aspirateur-sans-sac","9":"product_tag-maison-entretien","11":"first","12":"instock","13":"sale","14":"shipping-taxable","15":"purchasable","16":"product-type-simple"},"_links":{"self":[{"href":"https:\/\/electromenagerexpress.com\/en\/wp-json\/wp\/v2\/product\/74096","targetHints":{"allow":["GET"]}}],"collection":[{"href":"https:\/\/electromenagerexpress.com\/en\/wp-json\/wp\/v2\/product"}],"about":[{"href":"https:\/\/electromenagerexpress.com\/en\/wp-json\/wp\/v2\/types\/product"}],"wp:featuredmedia":[{"embeddable":true,"href":"https:\/\/electromenagerexpress.com\/en\/wp-json\/wp\/v2\/media\/74095"}],"wp:attachment":[{"href":"https:\/\/electromenagerexpress.com\/en\/wp-json\/wp\/v2\/media?parent=74096"}],"wp:term":[{"taxonomy":"product_cat","embeddable":true,"href":"https:\/\/electromenagerexpress.com\/en\/wp-json\/wp\/v2\/product_cat?post=74096"},{"taxonomy":"product_tag","embeddable":true,"href":"https:\/\/electromenagerexpress.com\/en\/wp-json\/wp\/v2\/product_tag?post=74096"}],"curies":[{"name":"wp","href":"https:\/\/api.w.org\/{rel}","templated":true}]}}