{"id":73895,"date":"2024-11-24T13:11:40","date_gmt":"2024-11-24T13:11:40","guid":{"rendered":"https:\/\/electromenagerexpress.com\/product\/aspirateur-balaisharkdetectpro-avec-base-de-vidage-automatique-iw3611eu\/"},"modified":"2024-11-24T13:11:53","modified_gmt":"2024-11-24T13:11:53","slug":"aspirateur-balaisharkdetectpro-avec-base-de-vidage-automatique-iw3611eu","status":"publish","type":"product","link":"https:\/\/electromenagerexpress.com\/en\/product\/aspirateur-balaisharkdetectpro-avec-base-de-vidage-automatique-iw3611eu\/","title":{"rendered":"Aspirateur balai\t\t\t\t\t\t\tSHARK\t\t\t\tDetectPro avec base de vidage automatique IW3611EU"},"content":{"rendered":"<div class=\"product-features__content\">\n<ul role=\"list\">\n<li class=\"product-features__item\" role=\"listitem\">\n<h3 class=\"product-features__label\">Choisir ce produit pour quels usages ?<\/h3>\n<ul role=\"list\">\n<li class=\"product-features__item-list__item\" role=\"listitem\"><span class=\"is--medium\">Pour aspirer :<\/span> Sols, meubles &amp; hauteurs\t\t\t\t\t<\/li>\n<li class=\"product-features__item-list__item\" role=\"listitem\"><span class=\"is--medium\">Type de sols :<\/span> Carrelages, parquets, tapis, moquettes\t\t\t\t\t<\/li>\n<li class=\"product-features__item-list__item\" role=\"listitem\"><span class=\"is--medium\">Pour quelles surfaces ? :<\/span> meubles, textiles, hauteurs, plafonds, voitures\t\t\t\t\t<\/li>\n<li class=\"product-features__item-list__item\" role=\"listitem\"><span class=\"is--medium\">Brosse ou Accessoire sp\u00e9cial :<\/span> Suceur long pour aspirer des endroits difficiles d&rsquo;acc\u00e8s (voiture, radiateur,&#8230;)\t\t\t\t\t<\/li>\n<li class=\"product-features__item-list__item\" role=\"listitem\"><span class=\"is--medium\">Sp\u00e9cial animaux :<\/span> Oui\t\t\t\t\t<\/li>\n<\/ul>\n<\/li>\n<li class=\"product-features__item\" role=\"listitem\">\n<h3 class=\"product-features__label\">Performance<\/h3>\n<ul role=\"list\">\n<li class=\"product-features__item-list__item\" role=\"listitem\"><span class=\"is--medium\">Puissance d&rsquo;aspiration maximale :<\/span> non communiqu\u00e9\t\t\t\t\t<\/li>\n<li class=\"product-features__item-list__item\" role=\"listitem\"><span class=\"is--medium\">Qu&rsquo;est-ce que les Airwatts ? :<\/span> C&rsquo;est une unit\u00e9 qui mesure l&rsquo;efficacit\u00e9 des aspirateurs en se r\u00e9f\u00e8rant au d\u00e9bit d&rsquo;air (m3\/s) et \u00e0 la puissance (watts) qu&rsquo;un aspirateur produit et utilise.\t\t\t\t\t<\/li>\n<li class=\"product-features__item-list__item\" role=\"listitem\"><span class=\"is--medium\">D\u00e9tail sur la puissance d&rsquo;aspiration: :<\/span> Elle peut varier en fonction du type de sols (parquet, carrelage, tapis, moquette) que vous aspirez et du mode utilis\u00e9 (standard, \u00e9co, boost)\t\t\t\t\t<\/li>\n<li class=\"product-features__item-list__item\" role=\"listitem\"><span class=\"is--medium\">Puissance de la batterie :<\/span> 22,0 V\t\t\t\t\t<\/li>\n<li class=\"product-features__item-list__item\" role=\"listitem\"><span class=\"is--medium\">Nombre de batterie :<\/span> 1\t\t\t\t\t<\/li>\n<li class=\"product-features__item-list__item\" role=\"listitem\"><span class=\"is--medium\">Technologie d&rsquo;aspiration :<\/span> Classique\t\t\t\t\t<\/li>\n<li class=\"product-features__item-list__item\" role=\"listitem\"><span class=\"is--medium\">Brosse principale :<\/span> Brosse motoris\u00e9e avec \u00e9clairage LED\t\t\t\t\t<\/li>\n<\/ul>\n<\/li>\n<li class=\"product-features__item\" role=\"listitem\">\n<h3 class=\"product-features__label\">Autonomie<\/h3>\n<ul role=\"list\">\n<li class=\"product-features__item-list__item\" role=\"listitem\"><span class=\"is--medium\">Autonomie jusqu&rsquo;\u00e0 :<\/span> 60 mn\t\t\t\t\t<\/li>\n<li class=\"product-features__item-list__item\" role=\"listitem\"><span class=\"is--medium\">Temps de recharge :<\/span> 4,5 h\t\t\t\t\t<\/li>\n<\/ul>\n<\/li>\n<li class=\"product-features__item\" role=\"listitem\">\n<h3 class=\"product-features__label\">Confort d&rsquo;utilisation<\/h3>\n<ul role=\"list\">\n<li class=\"product-features__item-list__item\" role=\"listitem\"><span class=\"is--medium\">Niveau sonore :<\/span> 84 dB\t\t\t\t\t<\/li>\n<li class=\"product-features__item-list__item\" role=\"listitem\"><span class=\"is--medium\">D\u00e9tail sur le niveau sonore: :<\/span> Il peut varier en fonction du type de sols (parquet, carrelage, tapis, moquette) que vous aspirez et du mode utilis\u00e9 (standard, \u00e9co, boost)\t\t\t\t\t<\/li>\n<li class=\"product-features__item-list__item\" role=\"listitem\"><span class=\"is--medium\">Poids :<\/span> 2,8 kg\t\t\t\t\t<\/li>\n<li class=\"product-features__item-list__item\" role=\"listitem\"><span class=\"is--medium\">Nombre de vitesses :<\/span> 3\t\t\t\t\t<\/li>\n<li class=\"product-features__item-list__item\" role=\"listitem\"><span class=\"is--medium\">Position parking :<\/span> Reste en position verticale pour faire des pauses pendant votre session de nettoyage et pour le ranger\t\t\t\t\t<\/li>\n<li class=\"product-features__item-list__item\" role=\"listitem\"><span class=\"is--medium\">Bouton marche \/ arr\u00eat :<\/span> Pression unique (permet d&rsquo;avoir les doigts libres lors du nettoyage)\t\t\t\t\t<\/li>\n<li class=\"product-features__item-list__item\" role=\"listitem\"><span class=\"is--medium\">Station de recharge :<\/span> Station de charge et de vidage automatique sans percer les murs: chargez, rangez et videz le r\u00e9servoir facilement\t\t\t\t\t<\/li>\n<li class=\"product-features__item-list__item\" role=\"listitem\"><span class=\"is--medium\">Capacit\u00e9 du r\u00e9servoir :<\/span> 2,00 L\t\t\t\t\t<\/li>\n<li class=\"product-features__item-list__item\" role=\"listitem\"><span class=\"is--medium\">Aspirateur \u00e0 main :<\/span> N\u00e9cessite d&rsquo;enlever le tube et d&rsquo;utiliser les diff\u00e9rents accessoires et brosses fournis pour une utilisation d&rsquo;appoint (ex: table, voiture, fauteuil)\t\t\t\t\t<\/li>\n<li class=\"product-features__item-list__item\" role=\"listitem\"><span class=\"is--medium\">Tube t\u00e9lescopique :<\/span> Non concern\u00e9\t\t\t\t\t<\/li>\n<li class=\"product-features__item-list__item\" role=\"listitem\"><span class=\"is--medium\">Tube pliable :<\/span> Aspirer facilement sous un lit ou un meuble sans devoir se baisser\t\t\t\t\t<\/li>\n<\/ul>\n<\/li>\n<li class=\"product-features__item\" role=\"listitem\">\n<h3 class=\"product-features__label\">Autour de l&rsquo;hygi\u00e8ne<\/h3>\n<ul role=\"list\">\n<li class=\"product-features__item-list__item\" role=\"listitem\"><span class=\"is--medium\">Syst\u00e8me de filtration :<\/span> 2 \u00e9tapes de filtration, les aspirateurs \u00e0 plusieurs \u00e9tapes de filtration permetttent d&rsquo;aspirer jusqu&rsquo;\u00e0 99,99% des particules et allerg\u00e8nes\t\t\t\t\t<\/li>\n<li class=\"product-features__item-list__item\" role=\"listitem\"><span class=\"is--medium\">Entretien du filtre du r\u00e9servoir :<\/span> Lavable sous l&rsquo;eau\t\t\t\t\t<\/li>\n<\/ul>\n<\/li>\n<li class=\"product-features__item\" role=\"listitem\">\n<h3 class=\"product-features__label\">Accessoires<\/h3>\n<ul role=\"list\">\n<li class=\"product-features__item-list__item\" role=\"listitem\"><span class=\"is--medium\">Brosse combin\u00e9e :<\/span> Pour aspirer et essuyer les sols durs\t\t\t\t\t<\/li>\n<li class=\"product-features__item-list__item\" role=\"listitem\"><span class=\"is--medium\">Suceur long ou extensible :<\/span> Pour aspirer les zones difficiles d&rsquo;acc\u00e8s : derri\u00e8re les radiateurs, derri\u00e8re les meubles, entre les si\u00e8ges de voiture, &#8230;\t\t\t\t\t<\/li>\n<li class=\"product-features__item-list__item\" role=\"listitem\"><span class=\"is--medium\">Brosse motoris\u00e9e avec \u00e9clairage LED :<\/span> Elle s&rsquo;adapte \u00e0 tous les types de sols. Son \u00e9clairage LED permet de mieux voir la poussi\u00e8re et plus loin pour un nettoyage plus efficace\t\t\t\t\t<\/li>\n<li class=\"product-features__item-list__item\" role=\"listitem\"><span class=\"is--medium\">Station de charge et de vidage :<\/span> Pour recharger et vider automatiquement le r\u00e9servoir de l&rsquo;aspirateur dans le bac\/sac de la station. Permet \u00e9galement de le ranger ainsi que ses accessoires\t\t\t\t\t<\/li>\n<\/ul>\n<\/li>\n<li class=\"product-features__item\" role=\"listitem\">\n<h3 class=\"product-features__label\">Dimensions<\/h3>\n<ul role=\"list\">\n<li class=\"product-features__item-list__item\" role=\"listitem\"><span class=\"is--medium\">Dimensions l x h x p :<\/span> 26.4 x 110.8 x 35.3 cm\t\t\t\t\t<\/li>\n<li class=\"product-features__item-list__item\" role=\"listitem\"><span class=\"is--medium\">Poids de l&rsquo;aspirateur :<\/span> 2,8 kg\t\t\t\t\t<\/li>\n<\/ul>\n<\/li>\n<li class=\"product-features__item\" role=\"listitem\">\n<h3 class=\"product-features__label\">Informations et Services<\/h3>\n<ul role=\"list\">\n<li class=\"product-features__item-list__item\" role=\"listitem\"><span class=\"is--medium\">Garantie :<\/span> 2 ans\t\t\t\t\t<\/li>\n<li class=\"product-features__item-list__item\" role=\"listitem\"><span class=\"is--medium\">Indice de r\u00e9parabilit\u00e9 :<\/span> 6,4 \/10\t\t\t\t\t<\/li>\n<li class=\"product-features__item-list__item\" role=\"listitem\"><span class=\"is--medium\">D\u00e9tail sur l&rsquo;indice de r\u00e9parabilit\u00e9 :<\/span> <u><a href=\"https:\/\/www.boulanger.com\/evenement\/indice-reparabilite\" target=\"_blank\"> en sa<\/a><\/u><\/li>\n<li class=\"product-features__item-list__item\" role=\"listitem\"><span class=\"is--medium\">Fabriqu\u00e9 en :<\/span> Chine\t\t\t\t\t<\/li>\n<li class=\"product-features__item-list__item\" role=\"listitem\"><span class=\"is--medium\">Disponibilit\u00e9 des pi\u00e8ces d\u00e9tach\u00e9es (donn\u00e9es fournisseur) :<\/span> Pendant 13 ans, \u00e0 compter de la date d&rsquo;achat\t\t\t\t\t<\/li>\n<\/ul>\n<\/li>\n<\/ul>\n<\/div>\n<div class=\"product__disclosure-content\">\n<div class=\"js-read-more product-description__content read-more read-more--truncated\" data-read-more-name=\"description\" style=\"max-height: 500px; overflow: hidden;\">\n<p>L&rsquo;aspirateur-balai SHARK Detect Pro IW vous permettra de nettoyer votre logement plus en profondeur avec ses capacit\u00e9s de d\u00e9tection de la salet\u00e9. Plus silencieux et avec une capacit\u00e9 de stockage importante, cet aspirateur-balai sans fil vous facilitera le quotidien.<\/p>\n<h3><img fetchpriority=\"high\" decoding=\"async\" ,=\"\" alt=\"\" class=\"wy_tableau_gauche\" height=\"270\" src=\"https:\/\/boulanger.scene7.com\/is\/image\/Boulanger\/0622356275941_h_b_l_2?wid=400&amp;hei=270\" width=\"400\"\/>Une grande puissance pour un nettoyage intelligent<\/h3>\n<p>La batterie de l&rsquo;aspirateur-balai SHARK Detect Pro IW est tr\u00e8s puissante. Ses <b>22 V<\/b> permettent d&rsquo;augmenter automatiquement l&rsquo;efficacit\u00e9 d&rsquo;aspiration et la vitesse de la brosse rotative QuadClean selon le type de surface, tout en gardant une <b>autonomie de 1h<\/b>. De plus, la batterie se recharge en seulement 4,5 h.<\/p>\n<p>La <b>fonction anti-emm\u00ealement<\/b> de l&rsquo;aspirateur-balai SHARK Detect Pro IW permet d&rsquo;\u00e9liminer au fil du nettoyage les cheveux et poils d&rsquo;animaux emm\u00eal\u00e9s dans la brosse pour ne plus avoir \u00e0 la nettoyer. <br \/>Angles, bords, tapis, recoins, moquette, il s&rsquo;adapte et aspire toutes les surfaces. Cet aspirateur-balai sans fil ne recule devant aucun obstacle.<\/p>\n<h3><img decoding=\"async\" ,=\"\" alt=\"\" class=\"wy_tableau_right\" height=\"270\" src=\"https:\/\/boulanger.scene7.com\/is\/image\/Boulanger\/0622356275941_h_f_l_9?wid=400&amp;hei=270\" width=\"400\"\/>Un aspirateur-balai plus silencieux et une capacit\u00e9 de stockage importante<\/h3>\n<p>Si la plupart des aspirateurs-balais montent jusqu&rsquo;\u00e0 86 dB, le SHARK Detect Pro IW est plus silencieux. \u00c0 pleine puissance, le niveau sonore monte jusqu&rsquo;\u00e0 <b>84 dB<\/b> maximum. Vous gagnerez en confort, sans compromis sur la puissance et l&rsquo;efficacit\u00e9.<\/p>\n<p>L&rsquo;aspirateur-balai SHARK Detect Pro IW poss\u00e8de <b>un r\u00e9servoir d&rsquo;une capacit\u00e9 de 2L<\/b>. Son syst\u00e8me <b>herm\u00e9tique anti-allerg\u00e8ne<\/b> capture et retient jusqu&rsquo;\u00e0 99,9%* des poussi\u00e8res et allerg\u00e8nes dans l&rsquo;aspirateur, pour un air plus frais dans votre maison. Il dispose \u00e9galement d&rsquo;une base de vidage automatique qui contient l&rsquo;\u00e9quivalent de 45 jours de d\u00e9bris. L&rsquo;entretien de l&rsquo;appareil est donc facilit\u00e9. De plus, vous l&rsquo;aurez toujours \u00e0 port\u00e9e de main, sans avoir \u00e0 penser \u00e0 son vidage avant utilisation.<\/p>\n<h3><img decoding=\"async\" ,=\"\" alt=\"\" class=\"wy_tableau_gauche\" height=\"270\" src=\"https:\/\/boulanger.scene7.com\/is\/image\/Boulanger\/0622356275941_h_f_l_2?wid=400&amp;hei=270\" width=\"400\"\/>4 technologies, 4 capteurs : Detect Pro d\u00e9tecte et s&rsquo;adapte \u00e0 son environnement pour capturer automatiquement les salet\u00e9s invisibles<\/h3>\n<p>&#8211; <b>DIRTDETECT<\/b> : D\u00e9tecte les salet\u00e9s invisibles et augmente automatiquement la puissance.<br \/>&#8211; <b>EDGEDETECT<\/b> : D\u00e9tecte les angles, bords et recoins et double la puissance d&rsquo;aspiration pour un nettoyage efficace.<br \/>&#8211; <b>FLOORDETECT<\/b> : D\u00e9tecte automatiquement le type de sol et augmente la vitesse de la brosse rotative pour un nettoyage efficace des tapis et moquettes.<br \/>&#8211; <b>LIGHTDETECT<\/b> : D\u00e9tecte les zones plus \u00e9clair\u00e9es en illuminant automatiquement les d\u00e9bris et salet\u00e9s invisibles.<\/p>\n<p>*Bas\u00e9 sur la norme CEI 62885-2 Cl. 5,14 de 0,3 \u00e0 10 microns.<\/p>\n<p><video class=\"s7Video\" controls=\"\" controlslist=\"nodownload\" poster=\"https:\/\/boulanger.scene7.com\/is\/image\/Boulanger\/0622356275941_v_0?scl=1\" preload=\"metadata\" src=\"https:\/\/boulanger.scene7.com\/is\/content\/Boulanger\/0622356275941_v_0\" width=\"100%\"><\/video><\/p>\n<\/div>\n<p><bl-button a11yexpanded=\"false\" arialabel=\"Afficher toute la description\" class=\"read-more__btn\" full=\"false\" link=\"true\"><\/bl-button><\/div>","protected":false},"excerpt":{"rendered":"<div class=\"keypoints\">\n<h3 class=\"keypoints__title\">Les points cl\u00e9s<\/h3>\n<ul role=\"list\">\n<li class=\"keypoints__item\" role=\"listitem\">                          Puissance d&rsquo;aspiration maximale : non communiqu\u00e9 &#8211;                                                      Poids : 2,8 kg                      <\/li>\n<li class=\"keypoints__item\" role=\"listitem\">                          Puissance de la batterie : 22,0 V &#8211;                                                      Autonomie jusqu&rsquo;\u00e0 : 60 mn                      <\/li>\n<li class=\"keypoints__item\" role=\"listitem\">                          Niveau sonore : 84 dB &#8211;                                                      Capacit\u00e9 du r\u00e9servoir : 2,00 L                      <\/li>\n<li class=\"keypoints__item\" role=\"listitem\">                                        Nombre de batterie : 1                      <\/li>\n<li class=\"keypoints__item keypoints__item--advantage\" role=\"listitem\"><strong>Le + :<\/strong> 4 technologies intelligentes. Station de charge et vidage automatique. Tr\u00e8s l\u00e9ger. Autonomie 60min.      <\/li>\n<\/ul>","protected":false},"featured_media":73894,"template":"","meta":{"_glsr_average":0,"_glsr_ranking":0,"_glsr_reviews":0},"product_cat":[323],"product_tag":[324,325,153],"class_list":{"0":"post-73895","1":"product","2":"type-product","3":"status-publish","4":"has-post-thumbnail","6":"product_cat-aspirateur-balai","7":"product_tag-aspirateur","8":"product_tag-aspirateur-balai","9":"product_tag-maison-entretien","11":"first","12":"instock","13":"sale","14":"shipping-taxable","15":"purchasable","16":"product-type-simple"},"_links":{"self":[{"href":"https:\/\/electromenagerexpress.com\/en\/wp-json\/wp\/v2\/product\/73895","targetHints":{"allow":["GET"]}}],"collection":[{"href":"https:\/\/electromenagerexpress.com\/en\/wp-json\/wp\/v2\/product"}],"about":[{"href":"https:\/\/electromenagerexpress.com\/en\/wp-json\/wp\/v2\/types\/product"}],"wp:featuredmedia":[{"embeddable":true,"href":"https:\/\/electromenagerexpress.com\/en\/wp-json\/wp\/v2\/media\/73894"}],"wp:attachment":[{"href":"https:\/\/electromenagerexpress.com\/en\/wp-json\/wp\/v2\/media?parent=73895"}],"wp:term":[{"taxonomy":"product_cat","embeddable":true,"href":"https:\/\/electromenagerexpress.com\/en\/wp-json\/wp\/v2\/product_cat?post=73895"},{"taxonomy":"product_tag","embeddable":true,"href":"https:\/\/electromenagerexpress.com\/en\/wp-json\/wp\/v2\/product_tag?post=73895"}],"curies":[{"name":"wp","href":"https:\/\/api.w.org\/{rel}","templated":true}]}}