{"id":73859,"date":"2024-11-24T13:11:12","date_gmt":"2024-11-24T13:11:12","guid":{"rendered":"https:\/\/electromenagerexpress.com\/product\/robot-aspirateur-laveurirobotroomba-combo-i5\/"},"modified":"2024-11-24T13:11:17","modified_gmt":"2024-11-24T13:11:17","slug":"robot-aspirateur-laveurirobotroomba-combo-i5","status":"publish","type":"product","link":"https:\/\/electromenagerexpress.com\/en\/product\/robot-aspirateur-laveurirobotroomba-combo-i5\/","title":{"rendered":"Robot Aspirateur Laveur\t\t\t\t\t\t\tIROBOT\t\t\t\tRoomba Combo i5+"},"content":{"rendered":"<div class=\"product-features__content\">\n<ul role=\"list\">\n<li class=\"product-features__item\" role=\"listitem\">\n<h3 class=\"product-features__label\">Choisir ce produit pour quels usages ?<\/h3>\n<ul role=\"list\">\n<li class=\"product-features__item-list__item\" role=\"listitem\"><span class=\"is--medium\">Pour quelle utilisation ? :<\/span> Pour aspirer et laver\t\t\t\t\t<\/li>\n<li class=\"product-features__item-list__item\" role=\"listitem\"><span class=\"is--medium\">Type de sols :<\/span> Sols durs\t\t\t\t\t<\/li>\n<\/ul>\n<\/li>\n<li class=\"product-features__item\" role=\"listitem\">\n<h3 class=\"product-features__label\">Caract\u00e9ristiques de l&rsquo;aspirateur robot<\/h3>\n<ul role=\"list\">\n<li class=\"product-features__item-list__item\" role=\"listitem\"><span class=\"is--medium\">Fonction :<\/span> Aspire et lave en changeant de bac (poussi\u00e8re et produit de nettoyage) pour passer d&rsquo;une fonction \u00e0 l&rsquo;autre\t\t\t\t\t<\/li>\n<li class=\"product-features__item-list__item\" role=\"listitem\"><span class=\"is--medium\">Puissance d&rsquo;aspiration :<\/span> non communiqu\u00e9\t\t\t\t\t<\/li>\n<li class=\"product-features__item-list__item\" role=\"listitem\"><span class=\"is--medium\">Niveau sonore max :<\/span> 57 dB\t\t\t\t\t<\/li>\n<li class=\"product-features__item-list__item\" role=\"listitem\"><span class=\"is--medium\">D\u00e9tail sur le niveau sonore :<\/span> Il peut varier en fonction du type de sols aspir\u00e9 (carrelage, parquet, tapis, moquette) et du mode utilis\u00e9 (aspiration, lavage ou vidage)\t\t\t\t\t<\/li>\n<li class=\"product-features__item-list__item\" role=\"listitem\"><span class=\"is--medium\">Type de station :<\/span> Station de charge et vidage automatique de la poussi\u00e8re\t\t\t\t\t<\/li>\n<li class=\"product-features__item-list__item\" role=\"listitem\"><span class=\"is--medium\">Bac \u00e0 poussi\u00e8re du robot :<\/span> 0,276 L\t\t\t\t\t<\/li>\n<li class=\"product-features__item-list__item\" role=\"listitem\"><span class=\"is--medium\">R\u00e9servoir d&rsquo;eau du robot :<\/span> 0,210 L\t\t\t\t\t<\/li>\n<\/ul>\n<\/li>\n<li class=\"product-features__item\" role=\"listitem\">\n<h3 class=\"product-features__label\">Performance<\/h3>\n<ul role=\"list\">\n<li class=\"product-features__item-list__item\" role=\"listitem\"><span class=\"is--medium\">Technologie :<\/span> Par capteur\t\t\t\t\t<\/li>\n<li class=\"product-features__item-list__item\" role=\"listitem\"><span class=\"is--medium\">M\u00e9thode de navigation :<\/span> Cartographie et s\u00e9lection des pi\u00e8ces \u00e0 nettoyer\t\t\t\t\t<\/li>\n<li class=\"product-features__item-list__item\" role=\"listitem\"><span class=\"is--medium\">Type de brosse :<\/span> Deux rouleaux en caoutchouc id\u00e9als pour les cheveux et poils d&rsquo;animaux\t\t\t\t\t<\/li>\n<li class=\"product-features__item-list__item\" role=\"listitem\"><span class=\"is--medium\">Syst\u00e8me de nettoyage :<\/span> Lingette microfibre\t\t\t\t\t<\/li>\n<\/ul>\n<\/li>\n<li class=\"product-features__item\" role=\"listitem\">\n<h3 class=\"product-features__label\">Connectivit\u00e9<\/h3>\n<ul role=\"list\">\n<li class=\"product-features__item-list__item\" role=\"listitem\"><span class=\"is--medium\">Application compatible :<\/span> iRobot Home\t\t\t\t\t<\/li>\n<li class=\"product-features__item-list__item\" role=\"listitem\"><span class=\"is--medium\">Cartographie multi \u00e9tage :<\/span> Non concern\u00e9\t\t\t\t\t<\/li>\n<li class=\"product-features__item-list__item\" role=\"listitem\"><span class=\"is--medium\">Programmation du nettoyage pi\u00e8ce par pi\u00e8ce :<\/span> Pratique, d\u00e9finissez quelle pi\u00e8ce vous souhaitez aspirer et\/ou laver\t\t\t\t\t<\/li>\n<li class=\"product-features__item-list__item\" role=\"listitem\"><span class=\"is--medium\">Nettoyage cibl\u00e9 \u00e0 la demande :<\/span> Non concern\u00e9\t\t\t\t\t<\/li>\n<li class=\"product-features__item-list__item\" role=\"listitem\"><span class=\"is--medium\">Exclusion des zones :<\/span> Non concern\u00e9\t\t\t\t\t<\/li>\n<li class=\"product-features__item-list__item\" role=\"listitem\"><span class=\"is--medium\">Programmation des horaires de nettoyage :<\/span> Oui\t\t\t\t\t<\/li>\n<li class=\"product-features__item-list__item\" role=\"listitem\"><span class=\"is--medium\">Surveillance du nettoyage de la maison via la cam\u00e9ra du robot \u00e0 distance :<\/span> Non\t\t\t\t\t<\/li>\n<li class=\"product-features__item-list__item\" role=\"listitem\"><span class=\"is--medium\">Compatibilit\u00e9 assistant vocal :<\/span> Google, Alexa, Siri\t\t\t\t\t<\/li>\n<li class=\"product-features__item-list__item\" role=\"listitem\"><span class=\"is--medium\">D\u00e9tection des zones sales :<\/span> Active son Dirt Detect pour insister et nettoyer en profondeur les zones les plus sales \u00e0 fort passage comme l&rsquo;entr\u00e9e\t\t\t\t\t<\/li>\n<\/ul>\n<\/li>\n<li class=\"product-features__item\" role=\"listitem\">\n<h3 class=\"product-features__label\">Gestion des obstacles et des types de sols<\/h3>\n<ul role=\"list\">\n<li class=\"product-features__item-list__item\" role=\"listitem\"><span class=\"is--medium\">D\u00e9tection des marches \/ du vide :<\/span> oui, permet d&rsquo;\u00e9viter la chute de l&rsquo;aspirateur\t\t\t\t\t<\/li>\n<li class=\"product-features__item-list__item\" role=\"listitem\"><span class=\"is--medium\">Detection des objets en temps r\u00e9el :<\/span> Non\t\t\t\t\t<\/li>\n<li class=\"product-features__item-list__item\" role=\"listitem\"><span class=\"is--medium\">Chassis adaptatif :<\/span> non\t\t\t\t\t<\/li>\n<li class=\"product-features__item-list__item\" role=\"listitem\"><span class=\"is--medium\">Hauteur du seuil :<\/span> 2,0 cm\t\t\t\t\t<\/li>\n<li class=\"product-features__item-list__item\" role=\"listitem\"><span class=\"is--medium\">Hauteur de l&rsquo;appareil :<\/span> 9,2 cm\t\t\t\t\t<\/li>\n<li class=\"product-features__item-list__item\" role=\"listitem\"><span class=\"is--medium\">Serpilli\u00e8re d\u00e9port\u00e9e :<\/span> non\t\t\t\t\t<\/li>\n<li class=\"product-features__item-list__item\" role=\"listitem\"><span class=\"is--medium\">Brosse lat\u00e9rale d\u00e9port\u00e9e :<\/span> non\t\t\t\t\t<\/li>\n<li class=\"product-features__item-list__item\" role=\"listitem\"><span class=\"is--medium\">D\u00e9tection automatique des tapis :<\/span> Non\t\t\t\t\t<\/li>\n<li class=\"product-features__item-list__item\" role=\"listitem\"><span class=\"is--medium\">Rel\u00e8ve ses lingettes\/serpilli\u00e8res sur tapis\/moquettes :<\/span> Non\t\t\t\t\t<\/li>\n<li class=\"product-features__item-list__item\" role=\"listitem\"><span class=\"is--medium\">Hauteur de levage des serpilli\u00e8res :<\/span> non concern\u00e9\t\t\t\t\t<\/li>\n<\/ul>\n<\/li>\n<li class=\"product-features__item\" role=\"listitem\">\n<h3 class=\"product-features__label\">Autonomie<\/h3>\n<ul role=\"list\">\n<li class=\"product-features__item-list__item\" role=\"listitem\"><span class=\"is--medium\">Autonomie jusqu&rsquo;\u00e0 :<\/span> 75 mn\t\t\t\t\t<\/li>\n<li class=\"product-features__item-list__item\" role=\"listitem\"><span class=\"is--medium\">Temps de charge :<\/span> 3 h\t\t\t\t\t<\/li>\n<li class=\"product-features__item-list__item\" role=\"listitem\"><span class=\"is--medium\">D\u00e9tail sur l&rsquo;autonomie :<\/span> Elle peut varier en fonction de plusieurs param\u00e8tres: le type de sols aspir\u00e9 (carrelage, parquet, tapis, moquette), le mode utilis\u00e9 (aspiration, lavage ou vidage) ou encore le degr\u00e9 de salissure du sol \u00e0 nettoyer\t\t\t\t\t<\/li>\n<li class=\"product-features__item-list__item\" role=\"listitem\"><span class=\"is--medium\">Retour automatique \u00e0 la base de chargement :<\/span> Retourne \u00e0 sa base quand la session de nettoyage est termin\u00e9e ou quand il est d\u00e9charg\u00e9\t\t\t\t\t<\/li>\n<li class=\"product-features__item-list__item\" role=\"listitem\"><span class=\"is--medium\">Reprise automatique du nettoyage :<\/span> Une fois recharg\u00e9, l&rsquo;aspirateur reprend sa session de nettoyage l\u00e0 o\u00f9 il s&rsquo;est arr\u00eat\u00e9\t\t\t\t\t<\/li>\n<li class=\"product-features__item-list__item\" role=\"listitem\"><span class=\"is--medium\">Vidage automatique de la poussi\u00e8re :<\/span> Oui\t\t\t\t\t<\/li>\n<li class=\"product-features__item-list__item\" role=\"listitem\"><span class=\"is--medium\">Remplissage automatique du r\u00e9servoir d&rsquo;eau du robot :<\/span> Non\t\t\t\t\t<\/li>\n<li class=\"product-features__item-list__item\" role=\"listitem\"><span class=\"is--medium\">Autonettoyage des serpilli\u00e8res (fin de session de nettoyage) :<\/span> Non\t\t\t\t\t<\/li>\n<li class=\"product-features__item-list__item\" role=\"listitem\"><span class=\"is--medium\">S\u00e9chage automatique de la serpill\u00e8re :<\/span> Non\t\t\t\t\t<\/li>\n<\/ul>\n<\/li>\n<li class=\"product-features__item\" role=\"listitem\">\n<h3 class=\"product-features__label\">Informations et Services<\/h3>\n<ul role=\"list\">\n<li class=\"product-features__item-list__item\" role=\"listitem\"><span class=\"is--medium\">Indice de r\u00e9parabilit\u00e9 :<\/span> 8,1 \/10\t\t\t\t\t<\/li>\n<li class=\"product-features__item-list__item\" role=\"listitem\"><span class=\"is--medium\">D\u00e9tail sur l&rsquo;indice de r\u00e9parabilit\u00e9 :<\/span> <a href=\"https:\/\/www.boulanger.com\/evenement\/indice-reparabilite\" target=\"_blank\"> en sa<\/a><\/li>\n<li class=\"product-features__item-list__item\" role=\"listitem\"><span class=\"is--medium\">Fabriqu\u00e9 en :<\/span> Chine\t\t\t\t\t<\/li>\n<li class=\"product-features__item-list__item\" role=\"listitem\"><span class=\"is--medium\">Garantie :<\/span> 2 ans\t\t\t\t\t<\/li>\n<li class=\"product-features__item-list__item\" role=\"listitem\"><span class=\"is--medium\">Disponibilit\u00e9 des pi\u00e8ces d\u00e9tach\u00e9es (donn\u00e9es fournisseur) :<\/span> Pendant 5 ans, \u00e0 compter de la date fin de commercialisation\t\t\t\t\t<\/li>\n<li class=\"product-features__item-list__item\" role=\"listitem\"><span class=\"is--medium\">R\u00e9f\u00e9rence constructeur :<\/span> Roomba combo i5+\t\t\t\t\t<\/li>\n<li class=\"product-features__item-list__item\" role=\"listitem\"><span class=\"is--medium\">Marque :<\/span> IROBOT\t\t\t\t\t<\/li>\n<li class=\"product-features__item-list__item\" role=\"listitem\"><span class=\"is--medium\">Mod\u00e8le (collection) :<\/span> Combo i5+\t\t\t\t\t<\/li>\n<\/ul>\n<\/li>\n<li class=\"product-features__item\" role=\"listitem\">\n<h3 class=\"product-features__label\">Dimensions<\/h3>\n<ul role=\"list\">\n<li class=\"product-features__item-list__item\" role=\"listitem\"><span class=\"is--medium\">Dimensions du robot l x h x p :<\/span> 34 x 9.25 x 34.2 cm\t\t\t\t\t<\/li>\n<li class=\"product-features__item-list__item\" role=\"listitem\"><span class=\"is--medium\">Dimensions de la station l x h x p :<\/span> 41.6 x 35.3 x 32.4 cm\t\t\t\t\t<\/li>\n<li class=\"product-features__item-list__item\" role=\"listitem\"><span class=\"is--medium\">Poids du robot :<\/span> 3,2 kg\t\t\t\t\t<\/li>\n<li class=\"product-features__item-list__item\" role=\"listitem\"><span class=\"is--medium\">Poids de la station :<\/span> 6,2 kg\t\t\t\t\t<\/li>\n<\/ul>\n<\/li>\n<\/ul>\n<\/div>\n<div class=\"product__disclosure-content\">\n<div class=\"js-read-more product-description__content read-more read-more--truncated\" data-read-more-name=\"description\" style=\"max-height: 500px; overflow: hidden;\">\n<p>Simplifiez votre quotidien gr\u00e2ce \u00e0 un nettoyage complet de votre int\u00e9rieur. Votre aspirateur robot IROBOT Roomba Combo i5+ r\u00e9volutionnera votre fa\u00e7on de maintenir votre int\u00e9rieur impeccable.<\/p>\n<h3><img fetchpriority=\"high\" decoding=\"async\" ,=\"\" alt=\"Aspi Robot IROBOT Roomba combo i5+\" class=\"wy_tableau_gauche\" height=\"270\" src=\"https:\/\/boulanger.scene7.com\/is\/image\/Boulanger\/5060944996680_h_f_l_3?wid=400&amp;hei=270\" width=\"400\"\/>CHANGEZ DE BAC POUR ASPIRER OU LAVER SELON VOS BESOINS<\/h3>\n<p>Le bac Roomba Combo vous permet d&rsquo;effectuer \u00e0 la fois un nettoyage sec et humide. Ins\u00e9rez le bac Roomba Combo et le robot Roomba Combo i5+ aspirera et nettoiera les sols au fur et \u00e0 mesure. Aspirez les salet\u00e9s du quotidien tout en lavant pour des sols propres et brillants.Remplissez simplement le bac Roomba Combo avec de l&rsquo;eau ou une solution de nettoyage compatible, ins\u00e9rez le bac, utilisez l&rsquo;application iRobot Home pour d\u00e9finir les pi\u00e8ces et laissez votre robot Roomba Combo i5+ aspirer et nettoyer vos sols durs en un seul passage.<\/p>\n<h3><img decoding=\"async\" ,=\"\" alt=\"Aspi Robot IROBOT Roomba combo i5+\" class=\"wy_tableau_right\" height=\"270\" src=\"https:\/\/boulanger.scene7.com\/is\/image\/Boulanger\/5060944996680_h_f_l_2?wid=400&amp;hei=270\" width=\"400\"\/>DES PERFORMANCES REMARQUABLES. NETTOIE ET S&rsquo;AUTO-NETTOIE<\/h3>\n<p>Prenez du temps pour profiter de vos compagnons \u00e0 quatre pattes et laissez le robot aspirateur et laveur Roomba Combo i5+ s&rsquo;occuper du nettoyage. Il d\u00e9loge les salet\u00e9s du quotidien gr\u00e2ce \u00e0 un syst\u00e8me de nettoyage en quatre \u00e9tapes qui utilise 2 brosses multisurfaces en caoutchouc et une brosse lat\u00e9rale pour les murs et les angles, ainsi qu&rsquo;\u00e0 une aspiration surpuissante et une lingette de lavage pour des finitions impeccables.Oubliez la corv\u00e9e de l&rsquo;aspirateur pendant plusieurs mois gr\u00e2ce au syst\u00e8me d&rsquo;autovidage Clean Base qui permet au robot aspirateur et laveur Roomba Combo i5+ de vider de fa\u00e7on autonome la salet\u00e9 et les d\u00e9bris d&rsquo;une p\u00e9riode allant jusqu&rsquo;\u00e0 60 jours. Les sacs anti-allerg\u00e8nes capturent et retiennent 99% des pollens et des moisissures.<\/p>\n<h3><img decoding=\"async\" ,=\"\" alt=\"Aspi Robot IROBOT Roomba combo i5+\" class=\"wy_tableau_gauche\" height=\"270\" src=\"https:\/\/boulanger.scene7.com\/is\/image\/Boulanger\/5060944996680_h_f_l_5?wid=400&amp;hei=270\" width=\"400\"\/>NE LAISSE AUCUNE CHANCE \u00c0 LA SALET\u00c9<\/h3>\n<p>Le Roomba Combo i5+ nettoie vos sols en lignes droites parall\u00e8les tout en contournant les meubles et obstacles. Les capteurs int\u00e9gr\u00e9s indiquent au robot o\u00f9 il peut et ne peut pas aller, de sorte qu&rsquo;il ne se coince pas sous les meubles. Et avec les capteurs de salet\u00e9 Dirt Detect, le Roomba Combo i5+ peut concentrer son nettoyage l\u00e0 o\u00f9 il est le plus n\u00e9cessaireLorsque sa batterie s&rsquo;affaiblit, il revient automatiquement \u00e0 sa base et se recharge compl\u00e8tement, avant de reprendre le nettoyage l\u00e0 o\u00f9 il s&rsquo;\u00e9tait arr\u00eat\u00e9.<\/p>\n<h3><img loading=\"lazy\" decoding=\"async\" ,=\"\" alt=\"Aspi Robot IROBOT Roomba combo i5+\" class=\"wy_tableau_right\" height=\"270\" src=\"https:\/\/boulanger.scene7.com\/is\/image\/Boulanger\/5060944996680_h_f_l_0?wid=400&amp;hei=270\" width=\"400\"\/>NETTOIE OU, QUAND ET COMME VOUS LE SOUHAITEZ<\/h3>\n<p>Ne laissez plus la corv\u00e9e du nettoyage interrompre votre vie. Le robot aspirateur et laveur Roomba Combo i5+ m\u00e9morise vos pr\u00e9f\u00e9rences de nettoyage et vous sugg\u00e8re automatiquement des programmations personnalis\u00e9es, en int\u00e9grant m\u00eame des p\u00e9riodes pendant lesquelles votre maison a besoin d&rsquo;un nettoyage plus fr\u00e9quent, comme lorsque vos animaux de compagnie perdent leurs poils ou pendant la saison des allergies. L&rsquo;assistance vocale vous permet de commander votre aspirateur robot au seul son de votre voix.En apprenant l&rsquo;agencement de votre maison et en cr\u00e9ant des cartes intelligentes Imprint, l&rsquo;aspirateur robot Roomba i5+ peut nettoyer n&rsquo;importe quelle pi\u00e8ce, \u00e0 tout moment, que ce soit \u00e0 un horaire fixe ou \u00e0 la demande, que vous soyez \u00e0 la maison.<\/p>\n<\/p>\n<\/div>\n<p><bl-button a11yexpanded=\"false\" arialabel=\"Afficher toute la description\" class=\"read-more__btn\" full=\"false\" link=\"true\"><\/bl-button><\/div>","protected":false},"excerpt":{"rendered":"<div class=\"keypoints\">\n<h3 class=\"keypoints__title\">Les points cl\u00e9s<\/h3>\n<ul role=\"list\">\n<li class=\"keypoints__item\" role=\"listitem\">                          Autonomie jusqu&rsquo;\u00e0 : 75 mn &#8211;                                                      Temps de charge : 3 h                      <\/li>\n<li class=\"keypoints__item\" role=\"listitem\">                                        Bac \u00e0 poussi\u00e8re du robot : 0,276 L                      <\/li>\n<li class=\"keypoints__item\" role=\"listitem\">                          Puissance d&rsquo;aspiration : non communiqu\u00e9 &#8211;                                                      Niveau sonore max : 57 dB                      <\/li>\n<li class=\"keypoints__item keypoints__item--advantage\" role=\"listitem\"><strong>Le + :<\/strong> mod\u00e8le i5 avec en plus un syst\u00e8me d&rsquo;auto-vidage Clean Base      <\/li>\n<\/ul>","protected":false},"featured_media":73858,"template":"","meta":{"_glsr_average":0,"_glsr_ranking":0,"_glsr_reviews":0},"product_cat":[326],"product_tag":[324,327,153],"class_list":{"0":"post-73859","1":"product","2":"type-product","3":"status-publish","4":"has-post-thumbnail","6":"product_cat-aspirateur-robot","7":"product_tag-aspirateur","8":"product_tag-aspirateur-robot","9":"product_tag-maison-entretien","11":"first","12":"instock","13":"sale","14":"shipping-taxable","15":"purchasable","16":"product-type-simple"},"_links":{"self":[{"href":"https:\/\/electromenagerexpress.com\/en\/wp-json\/wp\/v2\/product\/73859","targetHints":{"allow":["GET"]}}],"collection":[{"href":"https:\/\/electromenagerexpress.com\/en\/wp-json\/wp\/v2\/product"}],"about":[{"href":"https:\/\/electromenagerexpress.com\/en\/wp-json\/wp\/v2\/types\/product"}],"wp:featuredmedia":[{"embeddable":true,"href":"https:\/\/electromenagerexpress.com\/en\/wp-json\/wp\/v2\/media\/73858"}],"wp:attachment":[{"href":"https:\/\/electromenagerexpress.com\/en\/wp-json\/wp\/v2\/media?parent=73859"}],"wp:term":[{"taxonomy":"product_cat","embeddable":true,"href":"https:\/\/electromenagerexpress.com\/en\/wp-json\/wp\/v2\/product_cat?post=73859"},{"taxonomy":"product_tag","embeddable":true,"href":"https:\/\/electromenagerexpress.com\/en\/wp-json\/wp\/v2\/product_tag?post=73859"}],"curies":[{"name":"wp","href":"https:\/\/api.w.org\/{rel}","templated":true}]}}