{"id":73694,"date":"2024-11-24T13:08:59","date_gmt":"2024-11-24T13:08:59","guid":{"rendered":"https:\/\/electromenagerexpress.com\/product\/aspirateur-balaidreamer20\/"},"modified":"2024-11-24T13:09:13","modified_gmt":"2024-11-24T13:09:13","slug":"aspirateur-balaidreamer20","status":"publish","type":"product","link":"https:\/\/electromenagerexpress.com\/en\/product\/aspirateur-balaidreamer20\/","title":{"rendered":"Aspirateur balai\t\t\t\t\t\t\tDREAME\t\t\t\tR20"},"content":{"rendered":"<div class=\"product-features__content\">\n<ul role=\"list\">\n<li class=\"product-features__item\" role=\"listitem\">\n<h3 class=\"product-features__label\">Choisir ce produit pour quels usages ?<\/h3>\n<ul role=\"list\">\n<li class=\"product-features__item-list__item\" role=\"listitem\"><span class=\"is--medium\">Pour aspirer :<\/span> Sols, meubles &amp; hauteurs\t\t\t\t\t<\/li>\n<li class=\"product-features__item-list__item\" role=\"listitem\"><span class=\"is--medium\">Type de sols :<\/span> Carrelages, parquets, tapis, moquettes\t\t\t\t\t<\/li>\n<li class=\"product-features__item-list__item\" role=\"listitem\"><span class=\"is--medium\">Pour quelles surfaces ? :<\/span> meubles, textiles, hauteurs, plafonds, voitures\t\t\t\t\t<\/li>\n<li class=\"product-features__item-list__item\" role=\"listitem\"><span class=\"is--medium\">Brosse ou Accessoire sp\u00e9cial :<\/span> Mini-brosse motoris\u00e9e : pour \u00e9liminer efficacement poils d&rsquo;animaux et poussi\u00e8res dans les espaces r\u00e9duits\t\t\t\t\t<\/li>\n<li class=\"product-features__item-list__item\" role=\"listitem\"><span class=\"is--medium\">Et en plus: :<\/span> Brosse rouleau doux pour prendre soin de vos parquets et sols durs\t\t\t\t\t<\/li>\n<li class=\"product-features__item-list__item\" role=\"listitem\"><span class=\"is--medium\">Sp\u00e9cial animaux :<\/span> Oui\t\t\t\t\t<\/li>\n<\/ul>\n<\/li>\n<li class=\"product-features__item\" role=\"listitem\">\n<h3 class=\"product-features__label\">Performance<\/h3>\n<ul role=\"list\">\n<li class=\"product-features__item-list__item\" role=\"listitem\"><span class=\"is--medium\">Puissance d&rsquo;aspiration maximale :<\/span> 190 airwatts\t\t\t\t\t<\/li>\n<li class=\"product-features__item-list__item\" role=\"listitem\"><span class=\"is--medium\">Puissance d&rsquo;aspiration mode standard :<\/span> 120 air watts\t\t\t\t\t<\/li>\n<li class=\"product-features__item-list__item\" role=\"listitem\"><span class=\"is--medium\">Qu&rsquo;est-ce que les Airwatts ? :<\/span> C&rsquo;est une unit\u00e9 qui mesure l&rsquo;efficacit\u00e9 des aspirateurs en se r\u00e9f\u00e8rant au d\u00e9bit d&rsquo;air (m3\/s) et \u00e0 la puissance (watts) qu&rsquo;un aspirateur produit et utilise.\t\t\t\t\t<\/li>\n<li class=\"product-features__item-list__item\" role=\"listitem\"><span class=\"is--medium\">D\u00e9tail sur la puissance d&rsquo;aspiration: :<\/span> Elle peut varier en fonction du type de sols (parquet, carrelage, tapis, moquette) que vous aspirez et du mode utilis\u00e9 (standard, \u00e9co, boost)\t\t\t\t\t<\/li>\n<li class=\"product-features__item-list__item\" role=\"listitem\"><span class=\"is--medium\">Puissance de la batterie :<\/span> 29,6 V\t\t\t\t\t<\/li>\n<li class=\"product-features__item-list__item\" role=\"listitem\"><span class=\"is--medium\">Nombre de batterie :<\/span> 1\t\t\t\t\t<\/li>\n<li class=\"product-features__item-list__item\" role=\"listitem\"><span class=\"is--medium\">Technologie d&rsquo;aspiration :<\/span> Multi-cyclonique : cette aspiration permet de traiter les grosses poussi\u00e8res ainsi que les particules fines gr\u00e2ce \u00e0 ses multiples cyclones. Elle offre une force d&rsquo;aspiration intense pendant toute la dur\u00e9e du nettoyage\t\t\t\t\t<\/li>\n<li class=\"product-features__item-list__item\" role=\"listitem\"><span class=\"is--medium\">Brosse principale :<\/span> Brosse motoris\u00e9e avec \u00e9clairage LED\t\t\t\t\t<\/li>\n<\/ul>\n<\/li>\n<li class=\"product-features__item\" role=\"listitem\">\n<h3 class=\"product-features__label\">Autonomie<\/h3>\n<ul role=\"list\">\n<li class=\"product-features__item-list__item\" role=\"listitem\"><span class=\"is--medium\">Autonomie jusqu&rsquo;\u00e0 :<\/span> 90 mn\t\t\t\t\t<\/li>\n<li class=\"product-features__item-list__item\" role=\"listitem\"><span class=\"is--medium\">Temps de recharge :<\/span> 4,0 h\t\t\t\t\t<\/li>\n<\/ul>\n<\/li>\n<li class=\"product-features__item\" role=\"listitem\">\n<h3 class=\"product-features__label\">Confort d&rsquo;utilisation<\/h3>\n<ul role=\"list\">\n<li class=\"product-features__item-list__item\" role=\"listitem\"><span class=\"is--medium\">Niveau sonore :<\/span> 84 dB\t\t\t\t\t<\/li>\n<li class=\"product-features__item-list__item\" role=\"listitem\"><span class=\"is--medium\">D\u00e9tail sur le niveau sonore: :<\/span> Il peut varier en fonction du type de sols (parquet, carrelage, tapis, moquette) que vous aspirez et du mode utilis\u00e9 (standard, \u00e9co, boost)\t\t\t\t\t<\/li>\n<li class=\"product-features__item-list__item\" role=\"listitem\"><span class=\"is--medium\">Poids :<\/span> 1,8 kg\t\t\t\t\t<\/li>\n<li class=\"product-features__item-list__item\" role=\"listitem\"><span class=\"is--medium\">Nombre de vitesses :<\/span> 1\t\t\t\t\t<\/li>\n<li class=\"product-features__item-list__item\" role=\"listitem\"><span class=\"is--medium\">Position parking :<\/span> Non\t\t\t\t\t<\/li>\n<li class=\"product-features__item-list__item\" role=\"listitem\"><span class=\"is--medium\">Bouton marche \/ arr\u00eat :<\/span> Pression unique (permet d&rsquo;avoir les doigts libres lors du nettoyage)\t\t\t\t\t<\/li>\n<li class=\"product-features__item-list__item\" role=\"listitem\"><span class=\"is--medium\">Station de recharge :<\/span> Station de recharge int\u00e9gr\u00e9e au support mural\t\t\t\t\t<\/li>\n<li class=\"product-features__item-list__item\" role=\"listitem\"><span class=\"is--medium\">Capacit\u00e9 du r\u00e9servoir :<\/span> 0,60 L\t\t\t\t\t<\/li>\n<li class=\"product-features__item-list__item\" role=\"listitem\"><span class=\"is--medium\">Type de r\u00e9servoir \u00e0 poussi\u00e8re :<\/span> Sans contact, ouverture du clapet pour vider la poussi\u00e8re\t\t\t\t\t<\/li>\n<li class=\"product-features__item-list__item\" role=\"listitem\"><span class=\"is--medium\">Aspirateur \u00e0 main :<\/span> N\u00e9cessite d&rsquo;enlever le tube et d&rsquo;utiliser les diff\u00e9rents accessoires et brosses fournis pour une utilisation d&rsquo;appoint (ex: table, voiture, fauteuil)\t\t\t\t\t<\/li>\n<li class=\"product-features__item-list__item\" role=\"listitem\"><span class=\"is--medium\">Tube t\u00e9lescopique :<\/span> Tr\u00e8s pratique pour les escaliers. Permet d&rsquo;adapter la hauteur du produit par rapport \u00e0 la taille de l&rsquo;utilisateur\t\t\t\t\t<\/li>\n<li class=\"product-features__item-list__item\" role=\"listitem\"><span class=\"is--medium\">Tube pliable :<\/span> Non concern\u00e9\t\t\t\t\t<\/li>\n<\/ul>\n<\/li>\n<li class=\"product-features__item\" role=\"listitem\">\n<h3 class=\"product-features__label\">Autour de l&rsquo;hygi\u00e8ne<\/h3>\n<ul role=\"list\">\n<li class=\"product-features__item-list__item\" role=\"listitem\"><span class=\"is--medium\">Syst\u00e8me de filtration :<\/span> 5 \u00e9tapes de filtration, les aspirateurs \u00e0 plusieurs \u00e9tapes de filtration permetttent d&rsquo;aspirer jusqu&rsquo;\u00e0 99,99% des particules et allerg\u00e8nes\t\t\t\t\t<\/li>\n<li class=\"product-features__item-list__item\" role=\"listitem\"><span class=\"is--medium\">Entretien du filtre du r\u00e9servoir :<\/span> Lavable sous l&rsquo;eau\t\t\t\t\t<\/li>\n<\/ul>\n<\/li>\n<li class=\"product-features__item\" role=\"listitem\">\n<h3 class=\"product-features__label\">Accessoires<\/h3>\n<ul role=\"list\">\n<li class=\"product-features__item-list__item\" role=\"listitem\"><span class=\"is--medium\">Mini brosse motoris\u00e9e :<\/span> Permet de retirer plus facilement les poils d&rsquo;animaux sur les tissus d&rsquo;ameublement et les sols (tapis, moquettes)\t\t\t\t\t<\/li>\n<li class=\"product-features__item-list__item\" role=\"listitem\"><span class=\"is--medium\">Suceur long ou extensible :<\/span> Pour aspirer les zones difficiles d&rsquo;acc\u00e8s : derri\u00e8re les radiateurs, derri\u00e8re les meubles, entre les si\u00e8ges de voiture, &#8230;\t\t\t\t\t<\/li>\n<li class=\"product-features__item-list__item\" role=\"listitem\"><span class=\"is--medium\">Brosse motoris\u00e9e avec \u00e9clairage LED :<\/span> Elle s&rsquo;adapte \u00e0 tous les types de sols. Son \u00e9clairage LED permet de mieux voir la poussi\u00e8re et plus loin pour un nettoyage plus efficace\t\t\t\t\t<\/li>\n<li class=\"product-features__item-list__item\" role=\"listitem\"><span class=\"is--medium\">Support murale de charge :<\/span> Pour recharger et ranger l&rsquo;appareil et ses accessoires\t\t\t\t\t<\/li>\n<li class=\"product-features__item-list__item\" role=\"listitem\"><span class=\"is--medium\">Brosse rouleau doux :<\/span> Brosse faite de bandes en nylon doux pour pour attraper les gros d\u00e9bris et de filaments en fibre de carbone anti-statique pour attraper les poussi\u00e8res fines\t\t\t\t\t<\/li>\n<\/ul>\n<\/li>\n<li class=\"product-features__item\" role=\"listitem\">\n<h3 class=\"product-features__label\">Dimensions<\/h3>\n<ul role=\"list\">\n<li class=\"product-features__item-list__item\" role=\"listitem\"><span class=\"is--medium\">Dimensions l x h x p :<\/span> 256 x 1294 x 144 cm\t\t\t\t\t<\/li>\n<li class=\"product-features__item-list__item\" role=\"listitem\"><span class=\"is--medium\">Poids de l&rsquo;aspirateur :<\/span> 1,8 kg\t\t\t\t\t<\/li>\n<\/ul>\n<\/li>\n<li class=\"product-features__item\" role=\"listitem\">\n<h3 class=\"product-features__label\">Informations et Services<\/h3>\n<ul role=\"list\">\n<li class=\"product-features__item-list__item\" role=\"listitem\"><span class=\"is--medium\">Garantie :<\/span> 2 ans\t\t\t\t\t<\/li>\n<li class=\"product-features__item-list__item\" role=\"listitem\"><span class=\"is--medium\">Indice de r\u00e9parabilit\u00e9 :<\/span> 8,5 \/10\t\t\t\t\t<\/li>\n<li class=\"product-features__item-list__item\" role=\"listitem\"><span class=\"is--medium\">D\u00e9tail sur l&rsquo;indice de r\u00e9parabilit\u00e9 :<\/span> <u><a href=\"https:\/\/www.boulanger.com\/evenement\/indice-reparabilite\" target=\"_blank\"> en savoir plus<\/a><\/u><\/li>\n<li class=\"product-features__item-list__item\" role=\"listitem\"><span class=\"is--medium\">Fabriqu\u00e9 en :<\/span> Chine\t\t\t\t\t<\/li>\n<li class=\"product-features__item-list__item\" role=\"listitem\"><span class=\"is--medium\">Disponibilit\u00e9 des pi\u00e8ces d\u00e9tach\u00e9es (donn\u00e9es fournisseur) :<\/span> Pendant 5 ans, \u00e0 compter de la date d&rsquo;achat\t\t\t\t\t<\/li>\n<\/ul>\n<\/li>\n<\/ul>\n<\/div>\n<div class=\"product__disclosure-content\">\n<div class=\"js-read-more product-description__content read-more read-more--truncated\" data-read-more-name=\"description\" style=\"max-height: 500px; overflow: hidden;\">\n<p>La grande autonomie, la puissance d&rsquo;aspiration et la t\u00eate lumineuse de l&rsquo;aspirateur balai DREAME R20 vous offriront une exp\u00e9rience de nettoyage sup\u00e9rieure \u00e0 la moyenne.<\/p>\n<h3><img fetchpriority=\"high\" decoding=\"async\" ,=\"\" alt=\"Aspi Balai DREAME R20\" class=\"wy_tableau_gauche\" height=\"270\" src=\"https:\/\/boulanger.scene7.com\/is\/image\/Boulanger\/6973734688032_h_f_l_0?wid=400&amp;hei=270\" width=\"400\"\/>Votre alli\u00e9 num\u00e9ro 1 pour un nettoyage facile et efficace<\/h3>\n<p>Le syst\u00e8me Flex (gr\u00e2ce \u00e0 l&rsquo;adaptateur) de l&rsquo;aspirateur balai DREAME R20 vous permettra <b>d&rsquo;atteindre les endroits difficiles d&rsquo;acc\u00e8s avec facilit\u00e9<\/b>. Vous n&rsquo;aurez plus besoin de vous contorsionner ou de d\u00e9placer vos meubles les plus lourds puisqu&rsquo;il s&rsquo;adaptera et se pliera de fa\u00e7on autonome : la certitude d&rsquo;aspirer efficacement chaque recoin de votre int\u00e9rieur.<\/p>\n<p>Profitez <b>d&rsquo;une autonomie d&rsquo;aspiration impressionnante de 90 min<\/b> et ne prenez plus la peine de vous soucier de recharger votre futur aspirateur balai DREAME R20 pendant votre session de nettoyage ! Vous pourrez aspirer plusieurs pi\u00e8ces de votre maison sans interruption, ce qui sera redoutable pour gagner du temps et vous concentrer sur des t\u00e2ches plus importantes.<\/p>\n<h3><img decoding=\"async\" ,=\"\" alt=\"Aspi Balai DREAME R20\" class=\"wy_tableau_right\" height=\"270\" src=\"https:\/\/boulanger.scene7.com\/is\/image\/Boulanger\/6973734688032_h_f_l_1?wid=400&amp;hei=270\" width=\"400\"\/>Capable de venir \u00e0 bout de toutes les salet\u00e9s<\/h3>\n<p>Faites le pari d&rsquo;un sol impeccablement propre \u00e0 chaque passage et rep\u00e9rez la poussi\u00e8re et les salet\u00e9s invisibles \u00e0 l&rsquo;oeil nu gr\u00e2ce \u00e0 la t\u00eate lumineuse de votre aspirateur balai DREAME R20. <b>Ses LED int\u00e9gr\u00e9es \u00e9claireront le sol et mettront les particules de poussi\u00e8re, les poils d&rsquo;animaux et autres d\u00e9bris en \u00e9vidence<\/b>, vous garantissant un nettoyage minutieux et efficace. <\/p>\n<p>Particuli\u00e8rement efficace avec <b>sa puissance d&rsquo;aspiration maximale de 550 W<\/b>, votre nouvel aspirateur balai DREAME R20 vous permettra d&rsquo;optimiser votre temps en aspirant la poussi\u00e8re en une seule fois. Ainsi, vos sols seront propres tout au long de l&rsquo;ann\u00e9e, pour un confort de vie nettement am\u00e9lior\u00e9.<\/p>\n<\/p>\n<p><video class=\"s7Video\" controls=\"\" controlslist=\"nodownload\" poster=\"https:\/\/boulanger.scene7.com\/is\/image\/Boulanger\/6973734688032_v_0?scl=1\" preload=\"metadata\" src=\"https:\/\/boulanger.scene7.com\/is\/content\/Boulanger\/6973734688032_v_0\" width=\"100%\"><\/video><\/p>\n<\/div>\n<p><bl-button a11yexpanded=\"false\" arialabel=\"Afficher toute la description\" class=\"read-more__btn\" full=\"false\" link=\"true\">Voir plus<\/bl-button><\/div>","protected":false},"excerpt":{"rendered":"<div class=\"keypoints\">\n<h3 class=\"keypoints__title\">Les points cl\u00e9s<\/h3>\n<ul role=\"list\">\n<li class=\"keypoints__item\" role=\"listitem\">                          Puissance d&rsquo;aspiration maximale : 190 airwatts &#8211;                                                      Poids : 1,8 kg                      <\/li>\n<li class=\"keypoints__item\" role=\"listitem\">                          Puissance de la batterie : 29,6 V &#8211;                                                      Autonomie jusqu&rsquo;\u00e0 : 90 mn                      <\/li>\n<li class=\"keypoints__item\" role=\"listitem\">                          Niveau sonore : 84 dB &#8211;                                                      Capacit\u00e9 du r\u00e9servoir : 0,60 L                      <\/li>\n<li class=\"keypoints__item\" role=\"listitem\">                                        Nombre de batterie : 1                      <\/li>\n<li class=\"keypoints__item keypoints__item--advantage\" role=\"listitem\"><strong>Le + :<\/strong> Syst\u00e8me flex pour aspirer sous les meubles, grande autonomie, t\u00eate lumineuse r\u00e9v\u00e9lant la poussi\u00e8re      <\/li>\n<\/ul>","protected":false},"featured_media":73693,"template":"","meta":{"_glsr_average":0,"_glsr_ranking":0,"_glsr_reviews":0},"product_cat":[323],"product_tag":[324,325,153],"class_list":{"0":"post-73694","1":"product","2":"type-product","3":"status-publish","4":"has-post-thumbnail","6":"product_cat-aspirateur-balai","7":"product_tag-aspirateur","8":"product_tag-aspirateur-balai","9":"product_tag-maison-entretien","11":"first","12":"instock","13":"sale","14":"shipping-taxable","15":"purchasable","16":"product-type-simple"},"_links":{"self":[{"href":"https:\/\/electromenagerexpress.com\/en\/wp-json\/wp\/v2\/product\/73694","targetHints":{"allow":["GET"]}}],"collection":[{"href":"https:\/\/electromenagerexpress.com\/en\/wp-json\/wp\/v2\/product"}],"about":[{"href":"https:\/\/electromenagerexpress.com\/en\/wp-json\/wp\/v2\/types\/product"}],"wp:featuredmedia":[{"embeddable":true,"href":"https:\/\/electromenagerexpress.com\/en\/wp-json\/wp\/v2\/media\/73693"}],"wp:attachment":[{"href":"https:\/\/electromenagerexpress.com\/en\/wp-json\/wp\/v2\/media?parent=73694"}],"wp:term":[{"taxonomy":"product_cat","embeddable":true,"href":"https:\/\/electromenagerexpress.com\/en\/wp-json\/wp\/v2\/product_cat?post=73694"},{"taxonomy":"product_tag","embeddable":true,"href":"https:\/\/electromenagerexpress.com\/en\/wp-json\/wp\/v2\/product_tag?post=73694"}],"curies":[{"name":"wp","href":"https:\/\/api.w.org\/{rel}","templated":true}]}}