{"id":73566,"date":"2024-11-24T13:07:07","date_gmt":"2024-11-24T13:07:07","guid":{"rendered":"https:\/\/electromenagerexpress.com\/product\/aspirateur-balaiboschunlimited-7-bcs711xxl\/"},"modified":"2024-11-24T13:07:19","modified_gmt":"2024-11-24T13:07:19","slug":"aspirateur-balaiboschunlimited-7-bcs711xxl","status":"publish","type":"product","link":"https:\/\/electromenagerexpress.com\/en\/product\/aspirateur-balaiboschunlimited-7-bcs711xxl\/","title":{"rendered":"Aspirateur balai\t\t\t\t\t\t\tBOSCH\t\t\t\tUnlimited 7 BCS711XXL"},"content":{"rendered":"<div class=\"product-features__content\">\n<ul role=\"list\">\n<li class=\"product-features__item\" role=\"listitem\">\n<h3 class=\"product-features__label\">Choisir ce produit pour quels usages ?<\/h3>\n<ul role=\"list\">\n<li class=\"product-features__item-list__item\" role=\"listitem\"><span class=\"is--medium\">Pour aspirer :<\/span> Sols, meubles &amp; hauteurs\t\t\t\t\t<\/li>\n<li class=\"product-features__item-list__item\" role=\"listitem\"><span class=\"is--medium\">Type de sols :<\/span> Carrelages, parquets, tapis, moquettes\t\t\t\t\t<\/li>\n<li class=\"product-features__item-list__item\" role=\"listitem\"><span class=\"is--medium\">Pour quelles surfaces ? :<\/span> meubles, textiles, hauteurs, plafonds, voitures\t\t\t\t\t<\/li>\n<li class=\"product-features__item-list__item\" role=\"listitem\"><span class=\"is--medium\">Brosse ou Accessoire sp\u00e9cial :<\/span> Suceur long pour aspirer des endroits difficiles d&rsquo;acc\u00e8s (voiture, radiateur,&#8230;)\t\t\t\t\t<\/li>\n<li class=\"product-features__item-list__item\" role=\"listitem\"><span class=\"is--medium\">Et en plus: :<\/span> Mini tuyau flexible pour les zones difficiles d&rsquo;acc\u00e8s\t\t\t\t\t<\/li>\n<li class=\"product-features__item-list__item\" role=\"listitem\"><span class=\"is--medium\">D\u00e9couvrez l&rsquo;univers des produits Bosch :<\/span> <u><a href=\"https:\/\/www.boulanger.com\/evenement\/bosch\" target=\"_blank\">en sa<\/a><\/u><\/li>\n<li class=\"product-features__item-list__item\" role=\"listitem\"><span class=\"is--medium\">Sp\u00e9cial animaux :<\/span> Non\t\t\t\t\t<\/li>\n<\/ul>\n<\/li>\n<li class=\"product-features__item\" role=\"listitem\">\n<h3 class=\"product-features__label\">Performance<\/h3>\n<ul role=\"list\">\n<li class=\"product-features__item-list__item\" role=\"listitem\"><span class=\"is--medium\">Puissance d&rsquo;aspiration maximale :<\/span> non communiqu\u00e9\t\t\t\t\t<\/li>\n<li class=\"product-features__item-list__item\" role=\"listitem\"><span class=\"is--medium\">Qu&rsquo;est-ce que les Airwatts ? :<\/span> C&rsquo;est une unit\u00e9 qui mesure l&rsquo;efficacit\u00e9 des aspirateurs en se r\u00e9f\u00e8rant au d\u00e9bit d&rsquo;air (m3\/s) et \u00e0 la puissance (watts) qu&rsquo;un aspirateur produit et utilise.\t\t\t\t\t<\/li>\n<li class=\"product-features__item-list__item\" role=\"listitem\"><span class=\"is--medium\">D\u00e9tail sur la puissance d&rsquo;aspiration: :<\/span> Elle peut varier en fonction du type de sols (parquet, carrelage, tapis, moquette) que vous aspirez et du mode utilis\u00e9 (standard, \u00e9co, boost)\t\t\t\t\t<\/li>\n<li class=\"product-features__item-list__item\" role=\"listitem\"><span class=\"is--medium\">Puissance de la batterie :<\/span> 18,0 V\t\t\t\t\t<\/li>\n<li class=\"product-features__item-list__item\" role=\"listitem\"><span class=\"is--medium\">Nombre de batterie :<\/span> 1\t\t\t\t\t<\/li>\n<li class=\"product-features__item-list__item\" role=\"listitem\"><span class=\"is--medium\">Brosse principale :<\/span> Brosse motoris\u00e9e avec \u00e9clairage LED\t\t\t\t\t<\/li>\n<\/ul>\n<\/li>\n<li class=\"product-features__item\" role=\"listitem\">\n<h3 class=\"product-features__label\">Autonomie<\/h3>\n<ul role=\"list\">\n<li class=\"product-features__item-list__item\" role=\"listitem\"><span class=\"is--medium\">Autonomie jusqu&rsquo;\u00e0 :<\/span> 30 mn\t\t\t\t\t<\/li>\n<li class=\"product-features__item-list__item\" role=\"listitem\"><span class=\"is--medium\">Temps de recharge :<\/span> 5,0 h\t\t\t\t\t<\/li>\n<\/ul>\n<\/li>\n<li class=\"product-features__item\" role=\"listitem\">\n<h3 class=\"product-features__label\">Confort d&rsquo;utilisation<\/h3>\n<ul role=\"list\">\n<li class=\"product-features__item-list__item\" role=\"listitem\"><span class=\"is--medium\">Niveau sonore :<\/span> 82 dB\t\t\t\t\t<\/li>\n<li class=\"product-features__item-list__item\" role=\"listitem\"><span class=\"is--medium\">D\u00e9tail sur le niveau sonore: :<\/span> Il peut varier en fonction du type de sols (parquet, carrelage, tapis, moquette) que vous aspirez et du mode utilis\u00e9 (standard, \u00e9co, boost)\t\t\t\t\t<\/li>\n<li class=\"product-features__item-list__item\" role=\"listitem\"><span class=\"is--medium\">Poids :<\/span> 2,9 kg\t\t\t\t\t<\/li>\n<li class=\"product-features__item-list__item\" role=\"listitem\"><span class=\"is--medium\">Nombre de vitesses :<\/span> 3\t\t\t\t\t<\/li>\n<li class=\"product-features__item-list__item\" role=\"listitem\"><span class=\"is--medium\">Position parking :<\/span> Reste en position verticale pour faire des pauses pendant votre session de nettoyage et pour le ranger\t\t\t\t\t<\/li>\n<li class=\"product-features__item-list__item\" role=\"listitem\"><span class=\"is--medium\">Bouton marche \/ arr\u00eat :<\/span> Pression unique (permet d&rsquo;avoir les doigts libres lors du nettoyage)\t\t\t\t\t<\/li>\n<li class=\"product-features__item-list__item\" role=\"listitem\"><span class=\"is--medium\">Station de recharge :<\/span> Station de recharge int\u00e9gr\u00e9e au support mural\t\t\t\t\t<\/li>\n<li class=\"product-features__item-list__item\" role=\"listitem\"><span class=\"is--medium\">Capacit\u00e9 du r\u00e9servoir :<\/span> 0,30 L\t\t\t\t\t<\/li>\n<li class=\"product-features__item-list__item\" role=\"listitem\"><span class=\"is--medium\">Aspirateur \u00e0 main :<\/span> N\u00e9cessite d&rsquo;enlever le tube et d&rsquo;utiliser les diff\u00e9rents accessoires et brosses fournis pour une utilisation d&rsquo;appoint (ex: table, voiture, fauteuil)\t\t\t\t\t<\/li>\n<li class=\"product-features__item-list__item\" role=\"listitem\"><span class=\"is--medium\">Tube t\u00e9lescopique :<\/span> Non concern\u00e9\t\t\t\t\t<\/li>\n<li class=\"product-features__item-list__item\" role=\"listitem\"><span class=\"is--medium\">Tube pliable :<\/span> Aspirer facilement sous un lit ou un meuble sans devoir se baisser\t\t\t\t\t<\/li>\n<\/ul>\n<\/li>\n<li class=\"product-features__item\" role=\"listitem\">\n<h3 class=\"product-features__label\">Autour de l&rsquo;hygi\u00e8ne<\/h3>\n<ul role=\"list\">\n<li class=\"product-features__item-list__item\" role=\"listitem\"><span class=\"is--medium\">Syst\u00e8me de filtration :<\/span> Non concern\u00e9\t\t\t\t\t<\/li>\n<li class=\"product-features__item-list__item\" role=\"listitem\"><span class=\"is--medium\">Entretien du filtre du r\u00e9servoir :<\/span> Non concern\u00e9\t\t\t\t\t<\/li>\n<\/ul>\n<\/li>\n<li class=\"product-features__item\" role=\"listitem\">\n<h3 class=\"product-features__label\">Accessoires<\/h3>\n<ul role=\"list\">\n<li class=\"product-features__item-list__item\" role=\"listitem\"><span class=\"is--medium\">Brossette multi-usage :<\/span> Permet d&rsquo;aspirer l&rsquo;ensemble de vos surfaces\t\t\t\t\t<\/li>\n<li class=\"product-features__item-list__item\" role=\"listitem\"><span class=\"is--medium\">Suceur long ou extensible :<\/span> Pour aspirer les zones difficiles d&rsquo;acc\u00e8s : derri\u00e8re les radiateurs, derri\u00e8re les meubles, entre les si\u00e8ges de voiture, &#8230;\t\t\t\t\t<\/li>\n<li class=\"product-features__item-list__item\" role=\"listitem\"><span class=\"is--medium\">Brosse motoris\u00e9e avec \u00e9clairage LED :<\/span> Elle s&rsquo;adapte \u00e0 tous les types de sols. Son \u00e9clairage LED permet de mieux voir la poussi\u00e8re et plus loin pour un nettoyage plus efficace\t\t\t\t\t<\/li>\n<li class=\"product-features__item-list__item\" role=\"listitem\"><span class=\"is--medium\">Station de charge \u00e0 poser :<\/span> Pour recharger et ranger l&rsquo;appareil et ses accessoires (\u00e9vite de devoir percer les murs)\t\t\t\t\t<\/li>\n<\/ul>\n<\/li>\n<li class=\"product-features__item\" role=\"listitem\">\n<h3 class=\"product-features__label\">Dimensions<\/h3>\n<ul role=\"list\">\n<li class=\"product-features__item-list__item\" role=\"listitem\"><span class=\"is--medium\">Dimensions l x h x p :<\/span> 20.2 x 132 x 25.1 cm\t\t\t\t\t<\/li>\n<li class=\"product-features__item-list__item\" role=\"listitem\"><span class=\"is--medium\">Poids de l&rsquo;aspirateur :<\/span> 2,9 kg\t\t\t\t\t<\/li>\n<\/ul>\n<\/li>\n<li class=\"product-features__item\" role=\"listitem\">\n<h3 class=\"product-features__label\">Informations et Services<\/h3>\n<ul role=\"list\">\n<li class=\"product-features__item-list__item\" role=\"listitem\"><span class=\"is--medium\">Garantie :<\/span> 2 ans\t\t\t\t\t<\/li>\n<li class=\"product-features__item-list__item\" role=\"listitem\"><span class=\"is--medium\">Indice de r\u00e9parabilit\u00e9 :<\/span> 9,0 \/10\t\t\t\t\t<\/li>\n<li class=\"product-features__item-list__item\" role=\"listitem\"><span class=\"is--medium\">D\u00e9tail sur l&rsquo;indice de r\u00e9parabilit\u00e9 :<\/span> <u><a href=\"https:\/\/www.boulanger.com\/evenement\/indice-reparabilite\" target=\"_blank\"> en sa<\/a><\/u><\/li>\n<li class=\"product-features__item-list__item\" role=\"listitem\"><span class=\"is--medium\">Fabriqu\u00e9 en :<\/span> Allemagne\t\t\t\t\t<\/li>\n<li class=\"product-features__item-list__item\" role=\"listitem\"><span class=\"is--medium\">Disponibilit\u00e9 des pi\u00e8ces d\u00e9tach\u00e9es (donn\u00e9es fournisseur) :<\/span> Pendant 7 ans, \u00e0 compter de la date de fabrication\t\t\t\t\t<\/li>\n<\/ul>\n<\/li>\n<\/ul>\n<\/div>\n<div class=\"product__disclosure-content\">\n<div class=\"js-read-more product-description__content read-more read-more--truncated\" data-read-more-name=\"description\" style=\"max-height: 500px; overflow: hidden;\">\n<p><center><a href=\"https:\/\/www.boulanger.com\/evenement\/bosch\"><img fetchpriority=\"high\" decoding=\"async\" height=\"160\" src=\"https:\/\/boulanger.scene7.com\/is\/image\/Boulanger\/OP0123GAMC_d?wid=1260\" width=\"1260\"\/><\/a><\/center><\/p>\n<p>Un maximum de performance, une flexibilit\u00e9 illimit\u00e9e ! Notre aspirateur balai le plus flexible, un taux de d\u00e9poussi\u00e9rage sup\u00e9rieur \u00e0 99,9%*. Son puissant moteur fabriqu\u00e9 en Allemagne est garanti 10 ans.<\/p>\n<h3><img decoding=\"async\" alt=\"Aspi Balai BOSCH BCS711XXL serie 7 unlim\" class=\"wy_tableau_gauche\" height=\"270\" src=\"https:\/\/boulanger.scene7.com\/is\/image\/Boulanger\/4242005307012_h_f_l_0?wid=400&amp;hei=270\" width=\"400\"\/>Un aspirateur performant<\/h3>\n<p>Profitez de la polyvalence de cet aspirateur ! Le syst\u00e8me de tube flexible permet d&rsquo;aspirer sous les meubles sans effort. Un clip situ\u00e9 \u00e0 l&rsquo;arri\u00e8re de l&rsquo;appareil permet de le poser facilement contre un meuble ou encore une chaise lors d&rsquo;une pause de nettoyage. Plus besoin de se baisser : la brosse se d\u00e9tache facilement et par simple pression du pied. De plus, le tube et la brosse b\u00e9n\u00e9ficient d&rsquo;une position parking facilitant l&rsquo;utilisation de l&rsquo;aspirateur \u00e0 main et des accessoires.<\/p>\n<p> Profitez d&rsquo;un nettoyage efficace sur tous les types de sols. Gr\u00e2ce \u00e0 sa brosse motoris\u00e9e, vous b\u00e9n\u00e9ficiez d&rsquo;une performance de nettoyage optimale et d&rsquo;un taux de d\u00e9poussi\u00e9rage sup\u00e9rieur \u00e0 99,9%*. Les LED permettent d&rsquo;\u00e9clairer vos sols et de d\u00e9tecter la poussi\u00e8re dissimul\u00e9e dans tous les recoins, m\u00eame les plus sombres. L&rsquo;aspirateur \u00e0 main p\u00e8se seulement 1,4 kg ce qui facilite le nettoyage des meubles, canap\u00e9s&#8230; De plus son design compact et ergonomique offre un confort d&rsquo;utilisation optimal.<\/p>\n<h3><img decoding=\"async\" alt=\"Aspi Balai BOSCH BCS711XXL serie 7 unlim\" class=\"wy_tableau_right\" height=\"270\" src=\"https:\/\/boulanger.scene7.com\/is\/image\/Boulanger\/4242005307012_h_f_l_1?wid=400&amp;hei=270\" width=\"400\"\/>Pratique et con\u00e7u pour vous<\/h3>\n<p>B\u00e9n\u00e9ficiez d&rsquo;un nettoyage efficace gr\u00e2ce \u00e0 la batterie 3Ah Power For All de Bosch. Cette batterie en Lithium-ion est rechargeable, interchangeable et b\u00e9n\u00e9ficie d&rsquo;une protection contre la surchauffe, la surcharge, l&rsquo;autod\u00e9charge et l&rsquo;effet m\u00e9moire.<\/p>\n<p> A chaque t\u00e2che de nettoyage son niveau de puissance. Le mode Turbo permet d&rsquo;obtenir le niveau de puissance le plus \u00e9lev\u00e9 permettant un nettoyage extr\u00eamement efficace sur tous les types de sols. Le mode Auto offre une performance longue dur\u00e9e avec un ajustement automatique de la puissance. Le mode Eco permet une dur\u00e9e d&rsquo;utilisation prolong\u00e9e au maximum.<\/p>\n<p> Profitez d&rsquo;un environnement sain. Unlimited 7 b\u00e9n\u00e9ficie d&rsquo;un syst\u00e8me de filtration optimal qui assure une filtration \u00e0 99.9% des poussi\u00e8res. Aucun nettoyage manuel du filtre n&rsquo;est n\u00e9cessaire gr\u00e2ce au syst\u00e8me rotatif d&rsquo;auto-nettoyage, le filtre se nettoie en tournant un simple bouton !<\/p>\n<p> *Taux de d\u00e9poussi\u00e9rage mesur\u00e9 en mode turbo et sur sols durs selon la norme EN 60312:2017.<\/p>\n<\/p>\n<\/div>\n<p><bl-button a11yexpanded=\"false\" arialabel=\"Afficher toute la description\" class=\"read-more__btn\" full=\"false\" link=\"true\"><\/bl-button><\/div>","protected":false},"excerpt":{"rendered":"<div class=\"keypoints\">\n<h3 class=\"keypoints__title\">Les points cl\u00e9s<\/h3>\n<ul role=\"list\">\n<li class=\"keypoints__item\" role=\"listitem\">                          Puissance d&rsquo;aspiration maximale : non communiqu\u00e9 &#8211;                                                      Poids : 2,9 kg                      <\/li>\n<li class=\"keypoints__item\" role=\"listitem\">                          Puissance de la batterie : 18,0 V &#8211;                                                      Autonomie jusqu&rsquo;\u00e0 : 30 mn                      <\/li>\n<li class=\"keypoints__item\" role=\"listitem\">                          Niveau sonore : 82 dB &#8211;                                                      Capacit\u00e9 du r\u00e9servoir : 0,30 L                      <\/li>\n<li class=\"keypoints__item\" role=\"listitem\">                                        Nombre de batterie : 1                      <\/li>\n<li class=\"keypoints__item keypoints__item--advantage\" role=\"listitem\"><strong>Le + :<\/strong> Son tube flexible pour aspirer sous les meubles sans effort et sans perte de performance.      <\/li>\n<\/ul>","protected":false},"featured_media":73565,"template":"","meta":{"_glsr_average":0,"_glsr_ranking":0,"_glsr_reviews":0},"product_cat":[328],"product_tag":[324,325,153],"class_list":{"0":"post-73566","1":"product","2":"type-product","3":"status-publish","4":"has-post-thumbnail","6":"product_cat-aspirateur-balai-aspirateur","7":"product_tag-aspirateur","8":"product_tag-aspirateur-balai","9":"product_tag-maison-entretien","11":"first","12":"instock","13":"sale","14":"shipping-taxable","15":"purchasable","16":"product-type-simple"},"_links":{"self":[{"href":"https:\/\/electromenagerexpress.com\/en\/wp-json\/wp\/v2\/product\/73566","targetHints":{"allow":["GET"]}}],"collection":[{"href":"https:\/\/electromenagerexpress.com\/en\/wp-json\/wp\/v2\/product"}],"about":[{"href":"https:\/\/electromenagerexpress.com\/en\/wp-json\/wp\/v2\/types\/product"}],"wp:featuredmedia":[{"embeddable":true,"href":"https:\/\/electromenagerexpress.com\/en\/wp-json\/wp\/v2\/media\/73565"}],"wp:attachment":[{"href":"https:\/\/electromenagerexpress.com\/en\/wp-json\/wp\/v2\/media?parent=73566"}],"wp:term":[{"taxonomy":"product_cat","embeddable":true,"href":"https:\/\/electromenagerexpress.com\/en\/wp-json\/wp\/v2\/product_cat?post=73566"},{"taxonomy":"product_tag","embeddable":true,"href":"https:\/\/electromenagerexpress.com\/en\/wp-json\/wp\/v2\/product_tag?post=73566"}],"curies":[{"name":"wp","href":"https:\/\/api.w.org\/{rel}","templated":true}]}}