{"id":73413,"date":"2024-11-24T13:05:04","date_gmt":"2024-11-24T13:05:04","guid":{"rendered":"https:\/\/electromenagerexpress.com\/product\/aspirateur-balaisamsung-jet-85-pet-vs20c85g2tw\/"},"modified":"2024-11-24T13:05:18","modified_gmt":"2024-11-24T13:05:18","slug":"aspirateur-balaisamsung-jet-85-pet-vs20c85g2tw","status":"publish","type":"product","link":"https:\/\/electromenagerexpress.com\/en\/product\/aspirateur-balaisamsung-jet-85-pet-vs20c85g2tw\/","title":{"rendered":"Aspirateur balai\t\t\t\t\t\t\tSAMSUNG \t\t\t\tJet 85 Pet VS20C85G2TW"},"content":{"rendered":"<div class=\"product-features__content\">\n<ul role=\"list\">\n<li class=\"product-features__item\" role=\"listitem\">\n<h3 class=\"product-features__label\">Choisir ce produit pour quels usages ?<\/h3>\n<ul role=\"list\">\n<li class=\"product-features__item-list__item\" role=\"listitem\"><span class=\"is--medium\">Pour aspirer :<\/span> Sols, meubles &amp; hauteurs\t\t\t\t\t<\/li>\n<li class=\"product-features__item-list__item\" role=\"listitem\"><span class=\"is--medium\">Type de sols :<\/span> Carrelages, parquets, tapis, moquettes\t\t\t\t\t<\/li>\n<li class=\"product-features__item-list__item\" role=\"listitem\"><span class=\"is--medium\">Pour quelles surfaces ? :<\/span> meubles, textiles, hauteurs, plafonds, voitures\t\t\t\t\t<\/li>\n<li class=\"product-features__item-list__item\" role=\"listitem\"><span class=\"is--medium\">Brosse ou Accessoire sp\u00e9cial :<\/span> Mini-brosse motoris\u00e9e : pour \u00e9liminer efficacement poils d&rsquo;animaux et poussi\u00e8res dans les espaces r\u00e9duits\t\t\t\t\t<\/li>\n<li class=\"product-features__item-list__item\" role=\"listitem\"><span class=\"is--medium\">Et en plus: :<\/span> Coude multidirectionnel : pour le nettoyage des stores, rideaux, plafonniers et dessus de meubles.\t\t\t\t\t<\/li>\n<li class=\"product-features__item-list__item\" role=\"listitem\"><span class=\"is--medium\">D\u00e9couvrez la gamme d&rsquo;aspirateurs Samsung :<\/span> <u><a href=\"https:\/\/www.boulanger.com\/evenement\/comparateur-aspirateur-balai-samsung\" target=\"_blank\">en sa<\/a><\/u><\/li>\n<li class=\"product-features__item-list__item\" role=\"listitem\"><span class=\"is--medium\">Sp\u00e9cial animaux :<\/span> Oui\t\t\t\t\t<\/li>\n<\/ul>\n<\/li>\n<li class=\"product-features__item\" role=\"listitem\">\n<h3 class=\"product-features__label\">Performance<\/h3>\n<ul role=\"list\">\n<li class=\"product-features__item-list__item\" role=\"listitem\"><span class=\"is--medium\">Puissance d&rsquo;aspiration maximale :<\/span> 210 airwatts\t\t\t\t\t<\/li>\n<li class=\"product-features__item-list__item\" role=\"listitem\"><span class=\"is--medium\">Qu&rsquo;est-ce que les Airwatts ? :<\/span> C&rsquo;est une unit\u00e9 qui mesure l&rsquo;efficacit\u00e9 des aspirateurs en se r\u00e9f\u00e8rant au d\u00e9bit d&rsquo;air (m3\/s) et \u00e0 la puissance (watts) qu&rsquo;un aspirateur produit et utilise.\t\t\t\t\t<\/li>\n<li class=\"product-features__item-list__item\" role=\"listitem\"><span class=\"is--medium\">D\u00e9tail sur la puissance d&rsquo;aspiration: :<\/span> Elle peut varier en fonction du type de sols (parquet, carrelage, tapis, moquette) que vous aspirez et du mode utilis\u00e9 (standard, \u00e9co, boost)\t\t\t\t\t<\/li>\n<li class=\"product-features__item-list__item\" role=\"listitem\"><span class=\"is--medium\">Puissance de la batterie :<\/span> 25,2 V\t\t\t\t\t<\/li>\n<li class=\"product-features__item-list__item\" role=\"listitem\"><span class=\"is--medium\">Nombre de batterie :<\/span> 1\t\t\t\t\t<\/li>\n<li class=\"product-features__item-list__item\" role=\"listitem\"><span class=\"is--medium\">Technologie d&rsquo;aspiration :<\/span> Multi-cyclonique : cette aspiration permet de traiter les grosses poussi\u00e8res ainsi que les particules fines gr\u00e2ce \u00e0 ses multiples cyclones. Elle offre une force d&rsquo;aspiration intense pendant toute la dur\u00e9e du nettoyage\t\t\t\t\t<\/li>\n<li class=\"product-features__item-list__item\" role=\"listitem\"><span class=\"is--medium\">Brosse principale :<\/span> Brosse Jet Dual\t\t\t\t\t<\/li>\n<\/ul>\n<\/li>\n<li class=\"product-features__item\" role=\"listitem\">\n<h3 class=\"product-features__label\">Autonomie<\/h3>\n<ul role=\"list\">\n<li class=\"product-features__item-list__item\" role=\"listitem\"><span class=\"is--medium\">Autonomie jusqu&rsquo;\u00e0 :<\/span> 60 mn\t\t\t\t\t<\/li>\n<li class=\"product-features__item-list__item\" role=\"listitem\"><span class=\"is--medium\">Temps de recharge :<\/span> 3,5 h\t\t\t\t\t<\/li>\n<\/ul>\n<\/li>\n<li class=\"product-features__item\" role=\"listitem\">\n<h3 class=\"product-features__label\">Confort d&rsquo;utilisation<\/h3>\n<ul role=\"list\">\n<li class=\"product-features__item-list__item\" role=\"listitem\"><span class=\"is--medium\">Niveau sonore :<\/span> 86 dB\t\t\t\t\t<\/li>\n<li class=\"product-features__item-list__item\" role=\"listitem\"><span class=\"is--medium\">D\u00e9tail sur le niveau sonore: :<\/span> Il peut varier en fonction du type de sols (parquet, carrelage, tapis, moquette) que vous aspirez et du mode utilis\u00e9 (standard, \u00e9co, boost)\t\t\t\t\t<\/li>\n<li class=\"product-features__item-list__item\" role=\"listitem\"><span class=\"is--medium\">Poids :<\/span> 2,6 kg\t\t\t\t\t<\/li>\n<li class=\"product-features__item-list__item\" role=\"listitem\"><span class=\"is--medium\">Nombre de vitesses :<\/span> 4\t\t\t\t\t<\/li>\n<li class=\"product-features__item-list__item\" role=\"listitem\"><span class=\"is--medium\">Position parking :<\/span> Non\t\t\t\t\t<\/li>\n<li class=\"product-features__item-list__item\" role=\"listitem\"><span class=\"is--medium\">Bouton marche \/ arr\u00eat :<\/span> Pression unique (permet d&rsquo;avoir les doigts libres lors du nettoyage)\t\t\t\t\t<\/li>\n<li class=\"product-features__item-list__item\" role=\"listitem\"><span class=\"is--medium\">Station de recharge :<\/span> Station de recharge int\u00e9gr\u00e9e au support mural\t\t\t\t\t<\/li>\n<li class=\"product-features__item-list__item\" role=\"listitem\"><span class=\"is--medium\">Capacit\u00e9 du r\u00e9servoir :<\/span> 0,80 L\t\t\t\t\t<\/li>\n<li class=\"product-features__item-list__item\" role=\"listitem\"><span class=\"is--medium\">Aspirateur \u00e0 main :<\/span> N\u00e9cessite d&rsquo;enlever le tube et d&rsquo;utiliser les diff\u00e9rents accessoires et brosses fournis pour une utilisation d&rsquo;appoint (ex: table, voiture, fauteuil)\t\t\t\t\t<\/li>\n<li class=\"product-features__item-list__item\" role=\"listitem\"><span class=\"is--medium\">Tube t\u00e9lescopique :<\/span> Non concern\u00e9\t\t\t\t\t<\/li>\n<li class=\"product-features__item-list__item\" role=\"listitem\"><span class=\"is--medium\">Tube pliable :<\/span> Non concern\u00e9\t\t\t\t\t<\/li>\n<\/ul>\n<\/li>\n<li class=\"product-features__item\" role=\"listitem\">\n<h3 class=\"product-features__label\">Autour de l&rsquo;hygi\u00e8ne<\/h3>\n<ul role=\"list\">\n<li class=\"product-features__item-list__item\" role=\"listitem\"><span class=\"is--medium\">Syst\u00e8me de filtration :<\/span> 5 \u00e9tapes de filtration, les aspirateurs \u00e0 plusieurs \u00e9tapes de filtration permetttent d&rsquo;aspirer jusqu&rsquo;\u00e0 99,99% des particules et allerg\u00e8nes\t\t\t\t\t<\/li>\n<li class=\"product-features__item-list__item\" role=\"listitem\"><span class=\"is--medium\">Entretien du filtre du r\u00e9servoir :<\/span> Lavable sous l&rsquo;eau\t\t\t\t\t<\/li>\n<\/ul>\n<\/li>\n<li class=\"product-features__item\" role=\"listitem\">\n<h3 class=\"product-features__label\">Accessoires<\/h3>\n<ul role=\"list\">\n<li class=\"product-features__item-list__item\" role=\"listitem\"><span class=\"is--medium\">Suceur long ou extensible :<\/span> Pour aspirer les zones difficiles d&rsquo;acc\u00e8s : derri\u00e8re les radiateurs, derri\u00e8re les meubles, entre les si\u00e8ges de voiture, &#8230;\t\t\t\t\t<\/li>\n<li class=\"product-features__item-list__item\" role=\"listitem\"><span class=\"is--medium\">Coude d&rsquo;aspiration :<\/span> Pour aspirer facilement au dessus des meubles\t\t\t\t\t<\/li>\n<li class=\"product-features__item-list__item\" role=\"listitem\"><span class=\"is--medium\">Accessoire 3 en 1 :<\/span> Transformable en suceur, brossette ou brosse meuble\t\t\t\t\t<\/li>\n<li class=\"product-features__item-list__item\" role=\"listitem\"><span class=\"is--medium\">Brosse Jet Dual :<\/span> Son rouleau souple permet de ramasser les poussi\u00e8res sur les sols durs. Ses poils en nylon et caoutchouc permettent un nettoyage efficace des tapis et moquettes. Sa t\u00eate pivotante \u00e0 180\u00b0 la rend tr\u00e8s maniable.\t\t\t\t\t<\/li>\n<li class=\"product-features__item-list__item\" role=\"listitem\"><span class=\"is--medium\">Mini brosse Pet Tool+ :<\/span> La forme en V de son rouleau lui permet de rassembler les poils d&rsquo;animaux au centre et de les couper gr\u00e2ce \u00e0 son broyeur pour \u00e9viter les noeuds\t\t\t\t\t<\/li>\n<li class=\"product-features__item-list__item\" role=\"listitem\"><span class=\"is--medium\">Support murale de charge :<\/span> Pour recharger et ranger l&rsquo;appareil et ses accessoires\t\t\t\t\t<\/li>\n<li class=\"product-features__item-list__item\" role=\"listitem\"><span class=\"is--medium\">Accessoire 2 en 1 :<\/span> Il est id\u00e9al pour nettoyer les surfaces dures, les tissus et ameublement\t\t\t\t\t<\/li>\n<\/ul>\n<\/li>\n<li class=\"product-features__item\" role=\"listitem\">\n<h3 class=\"product-features__label\">Dimensions<\/h3>\n<ul role=\"list\">\n<li class=\"product-features__item-list__item\" role=\"listitem\"><span class=\"is--medium\">Dimensions l x h x p :<\/span> 25 x 93 x 20.2 cm\t\t\t\t\t<\/li>\n<li class=\"product-features__item-list__item\" role=\"listitem\"><span class=\"is--medium\">Poids de l&rsquo;aspirateur :<\/span> 2,6 kg\t\t\t\t\t<\/li>\n<\/ul>\n<\/li>\n<li class=\"product-features__item\" role=\"listitem\">\n<h3 class=\"product-features__label\">Informations et Services<\/h3>\n<ul role=\"list\">\n<li class=\"product-features__item-list__item\" role=\"listitem\"><span class=\"is--medium\">Garantie :<\/span> 2 ans\t\t\t\t\t<\/li>\n<li class=\"product-features__item-list__item\" role=\"listitem\"><span class=\"is--medium\">Indice de r\u00e9parabilit\u00e9 :<\/span> 9,3 \/10\t\t\t\t\t<\/li>\n<li class=\"product-features__item-list__item\" role=\"listitem\"><span class=\"is--medium\">D\u00e9tail sur l&rsquo;indice de r\u00e9parabilit\u00e9 :<\/span> <u><a href=\"https:\/\/www.boulanger.com\/evenement\/indice-reparabilite\" target=\"_blank\"> en sa<\/a><\/u><\/li>\n<li class=\"product-features__item-list__item\" role=\"listitem\"><span class=\"is--medium\">Fabriqu\u00e9 en :<\/span> Vi\u00eat Nam\t\t\t\t\t<\/li>\n<li class=\"product-features__item-list__item\" role=\"listitem\"><span class=\"is--medium\">Disponibilit\u00e9 des pi\u00e8ces d\u00e9tach\u00e9es (donn\u00e9es fournisseur) :<\/span> Pendant 10 ans, \u00e0 compter de la date d&rsquo;achat\t\t\t\t\t<\/li>\n<\/ul>\n<\/li>\n<\/ul>\n<\/div>\n<div class=\"product__disclosure-content\">\n<div class=\"js-read-more product-description__content read-more read-more--truncated\" data-read-more-name=\"description\" style=\"max-height: 500px; overflow: hidden;\">\n<p><a href=\"https:\/\/www.boulanger.com\/evenement\/comparateur-aspirateur-balai-samsung\" rel=\"noopener\" target=\"_blank\" title=\"Comparateur Aspirateur Samsung\"><img fetchpriority=\"high\" decoding=\"async\" height=\"320\" src=\"https:\/\/boulanger.scene7.com\/is\/image\/Boulanger\/comparateursamsung_d?wid=2520&amp;qlt=90\" width=\"2520\"\/><\/a><\/p>\n<p>Vous faites la chasse aux poils d&rsquo;animaux \u00e0 la maison ? L&rsquo;aspirateur balai <b>Jet 85 Pet Samsung VS20C85G2TW<\/b> vous sera d&rsquo;un grand secours. Autonome <b>jusqu&rsquo;\u00e0 60 minutes<\/b>, puissant et redoutablement efficace, aucune poussi\u00e8re ne r\u00e9siste \u00e0 son passage.<\/p>\n<h3><img decoding=\"async\" ,=\"\" alt=\"Jet 85 Pet VS20C85G2TW\" class=\"wy_tableau_gauche\" height=\"270\" src=\"https:\/\/boulanger.scene7.com\/is\/image\/Boulanger\/8806095052915_h_f_l_8?wid=400&amp;hei=270\" width=\"400\"\/>UNE GRANDE PUISSANCE D&rsquo;ASPIRATION POUR UN NETTOYAGE ENCORE PLUS EFFICACE<\/h3>\n<p><b>210 AirWatts<\/b>, c&rsquo;est la puissance d&rsquo;aspiration que peut d\u00e9livrer l&rsquo;aspirateur balai Samsung Jet 85 pet. C&rsquo;est gr\u00e2ce \u00e0 son moteur tr\u00e8s puissant de 580 Watts qu&rsquo;il peut r\u00e9aliser cette performance. Tr\u00e8s l\u00e9ger avec une vitesse de rotation de 135 000 trs\/min, il assure un nettoyage efficace et sans effort.<\/p>\n<p>En plus d&rsquo;avoir un moteur performant, le Samsung VS20C85G2TW poss\u00e8de \u00e9galement une batterie haute capacit\u00e9 (2500mA) qui lui permet d&rsquo;atteindre <b>jusqu&rsquo;\u00e0 60min d&rsquo;autonomie<\/b>. Facilement d\u00e9tachable, augmentez l&rsquo;autonomie de votre aspirateur balai Jet 85 Pet en ajoutant une batterie additionnelle (vendue s\u00e9par\u00e9ment). <\/p>\n<h3><img decoding=\"async\" ,=\"\" alt=\"Jet 85 Pet VS20C85G2TW\" class=\"wy_tableau_right\" height=\"270\" src=\"https:\/\/boulanger.scene7.com\/is\/image\/Boulanger\/8806095052915_h_f_l_6?wid=400&amp;hei=270\" width=\"400\"\/>DES BROSSES ET ACCESSOIRES ADAPT\u00c9ES \u00c0 CHACUN DE VOS BESOINS ET UNE FILTRATION EFFICACE<\/h3>\n<p>\u00c9quip\u00e9 d&rsquo;une <b>brosse motoris\u00e9e Jet Dual<\/b>, l&rsquo;aspirateur balai Samsung Jet 85 Pet viendra \u00e0 bout de la poussi\u00e8re et poils d&rsquo;animaux sur tous types de sols. Son rouleau souple nettoiera efficacement les sols durs tandis que sa partie en nylon et caoutchouc am\u00e9liore le nettoyage sur les tapis et moquettes. Pivotante \u00e0 180\u00b0, la brosse Jet Dual est aussi tr\u00e8s maniable.<\/p>\n<p>L&rsquo;aspirateur balai VS20C85G2TW capture jusqu&rsquo;\u00e0 99,999%(1) des poussi\u00e8res(2) gr\u00e2ce \u00e0 son syst\u00e8me de filtration multicouches et optimise le flux d&rsquo;air avec son syst\u00e8me multi cyclonique Jet Cyclone. <br \/>(1)Test\u00e9 selon la norme IEC 62885-2, CL.5.11 en utilisant le mode Max par SLG Pr\u00fcf- und Zertifizierungs GmbH. Les r\u00e9sultats peuvent varier en fonction de l&rsquo;utilisation r\u00e9elle. (2) Se r\u00e9f\u00e8re aux particules d&rsquo;une taille comprise entre 0,5 et 4,2 \u00b5m.<\/p>\n<h3><img loading=\"lazy\" decoding=\"async\" ,=\"\" alt=\"Jet 85 Pet VS20C85G2TW\" class=\"wy_tableau_gauche\" height=\"270\" src=\"https:\/\/boulanger.scene7.com\/is\/image\/Boulanger\/8806095052915_h_r_l_1?wid=400&amp;hei=270\" width=\"400\"\/>PARFAIT CONTRE LES POILS D&rsquo;ANIMAUX AVEC SA MINI BROSSE MOTORIS\u00c9E<\/h3>\n<p>Vous souhaitez garder vos canap\u00e9s propres tous les jours ? Aucun probl\u00e8me avec le Samsung Jet 85 sp\u00e9cial animaux. Il poss\u00e8de une <b>mini brosse motoris\u00e9e Pet Tool+<\/b> qui vous d\u00e9barrassera des poils de votre animal de compagnie efficacement.<\/p>\n<p>Son rouleau en forme de V rassemble les poils au centre tandis qu&rsquo;un broyeur anti emm\u00ealement les d\u00e9coupe pour \u00e9viter les noeuds.<\/p>\n<\/p>\n<p><video class=\"s7Video\" controls=\"\" controlslist=\"nodownload\" poster=\"https:\/\/boulanger.scene7.com\/is\/image\/Boulanger\/8806095052915_v_0?scl=1\" preload=\"metadata\" src=\"https:\/\/boulanger.scene7.com\/is\/content\/Boulanger\/8806095052915_v_0\" width=\"100%\"><\/video><\/p>\n<\/div>\n<p><bl-button a11yexpanded=\"false\" arialabel=\"Afficher toute la description\" class=\"read-more__btn\" full=\"false\" link=\"true\"><\/bl-button><\/div>","protected":false},"excerpt":{"rendered":"<div class=\"keypoints\">\n<h3 class=\"keypoints__title\">Les points cl\u00e9s<\/h3>\n<ul role=\"list\">\n<li class=\"keypoints__item\" role=\"listitem\">                          Puissance d&rsquo;aspiration maximale : 210 airwatts &#8211;                                                      Poids : 2,6 kg                      <\/li>\n<li class=\"keypoints__item\" role=\"listitem\">                          Puissance de la batterie : 25,2 V &#8211;                                                      Autonomie jusqu&rsquo;\u00e0 : 60 mn                      <\/li>\n<li class=\"keypoints__item\" role=\"listitem\">                          Niveau sonore : 86 dB &#8211;                                                      Capacit\u00e9 du r\u00e9servoir : 0,80 L                      <\/li>\n<li class=\"keypoints__item\" role=\"listitem\">                                        Nombre de batterie : 1                      <\/li>\n<li class=\"keypoints__item keypoints__item--advantage\" role=\"listitem\"><strong>Le + :<\/strong> belle puissance d&rsquo;aspiration, brosses sp\u00e9ciales animaux, coude multi-directionnel      <\/li>\n<\/ul>","protected":false},"featured_media":73412,"template":"","meta":{"_glsr_average":0,"_glsr_ranking":0,"_glsr_reviews":0},"product_cat":[328],"product_tag":[324,325,153],"class_list":{"0":"post-73413","1":"product","2":"type-product","3":"status-publish","4":"has-post-thumbnail","6":"product_cat-aspirateur-balai-aspirateur","7":"product_tag-aspirateur","8":"product_tag-aspirateur-balai","9":"product_tag-maison-entretien","11":"first","12":"instock","13":"sale","14":"shipping-taxable","15":"purchasable","16":"product-type-simple"},"_links":{"self":[{"href":"https:\/\/electromenagerexpress.com\/en\/wp-json\/wp\/v2\/product\/73413","targetHints":{"allow":["GET"]}}],"collection":[{"href":"https:\/\/electromenagerexpress.com\/en\/wp-json\/wp\/v2\/product"}],"about":[{"href":"https:\/\/electromenagerexpress.com\/en\/wp-json\/wp\/v2\/types\/product"}],"wp:featuredmedia":[{"embeddable":true,"href":"https:\/\/electromenagerexpress.com\/en\/wp-json\/wp\/v2\/media\/73412"}],"wp:attachment":[{"href":"https:\/\/electromenagerexpress.com\/en\/wp-json\/wp\/v2\/media?parent=73413"}],"wp:term":[{"taxonomy":"product_cat","embeddable":true,"href":"https:\/\/electromenagerexpress.com\/en\/wp-json\/wp\/v2\/product_cat?post=73413"},{"taxonomy":"product_tag","embeddable":true,"href":"https:\/\/electromenagerexpress.com\/en\/wp-json\/wp\/v2\/product_tag?post=73413"}],"curies":[{"name":"wp","href":"https:\/\/api.w.org\/{rel}","templated":true}]}}