{"id":73314,"date":"2024-11-24T13:03:36","date_gmt":"2024-11-24T13:03:36","guid":{"rendered":"https:\/\/electromenagerexpress.com\/product\/machine-a-expressodelonghiicona-eco311-bk-noir\/"},"modified":"2024-11-24T13:03:52","modified_gmt":"2024-11-24T13:03:52","slug":"machine-a-expressodelonghiicona-eco311-bk-noir","status":"publish","type":"product","link":"https:\/\/electromenagerexpress.com\/en\/product\/machine-a-expressodelonghiicona-eco311-bk-noir\/","title":{"rendered":"Machine \u00e0 expresso\t\t\t\t\t\t\tDELONGHI\t\t\t\tICONA ECO311.BK  noir"},"content":{"rendered":"<div class=\"product-features__content\">\n<ul role=\"list\">\n<li class=\"product-features__item\" role=\"listitem\">\n<h3 class=\"product-features__label\">Caract\u00e9ristiques g\u00e9n\u00e9rales<\/h3>\n<ul role=\"list\">\n<li class=\"product-features__item-list__item\" role=\"listitem\"><span class=\"is--medium\">Type de Machine :<\/span> Expresso classique\t\t\t\t\t<\/li>\n<li class=\"product-features__item-list__item\" role=\"listitem\"><span class=\"is--medium\">Couleur :<\/span> Black Onyx\t\t\t\t\t<\/li>\n<li class=\"product-features__item-list__item\" role=\"listitem\"><span class=\"is--medium\">Puissance :<\/span> 1.100 W\t\t\t\t\t<\/li>\n<li class=\"product-features__item-list__item\" role=\"listitem\"><span class=\"is--medium\">Type de caf\u00e9 :<\/span> Caf\u00e9 moulu ou dosettes papier\t\t\t\t\t<\/li>\n<li class=\"product-features__item-list__item\" role=\"listitem\"><span class=\"is--medium\">Type d&rsquo;installation :<\/span> Pose libre\t\t\t\t\t<\/li>\n<li class=\"product-features__item-list__item\" role=\"listitem\"><span class=\"is--medium\">Type de chauffe :<\/span> Chaudi\u00e8re\t\t\t\t\t<\/li>\n<li class=\"product-features__item-list__item\" role=\"listitem\"><span class=\"is--medium\">Nombres de tasses :<\/span> De 8 \u00e0 15 tasses\t\t\t\t\t<\/li>\n<\/ul>\n<\/li>\n<li class=\"product-features__item\" role=\"listitem\">\n<h3 class=\"product-features__label\">Fonctions<\/h3>\n<ul role=\"list\">\n<li class=\"product-features__item-list__item\" role=\"listitem\"><span class=\"is--medium\">Bac r\u00e9colte-goutte amovible :<\/span> Oui\t\t\t\t\t<\/li>\n<li class=\"product-features__item-list__item\" role=\"listitem\"><span class=\"is--medium\">Bouton marche\/arr\u00eat :<\/span> Oui\t\t\t\t\t<\/li>\n<\/ul>\n<\/li>\n<li class=\"product-features__item\" role=\"listitem\">\n<h3 class=\"product-features__label\">Porte filtre<\/h3>\n<ul role=\"list\">\n<li class=\"product-features__item-list__item\" role=\"listitem\"><span class=\"is--medium\">Tasse mouture :<\/span> Oui\t\t\t\t\t<\/li>\n<\/ul>\n<\/li>\n<li class=\"product-features__item\" role=\"listitem\">\n<h3 class=\"product-features__label\">R\u00e9servoir<\/h3>\n<ul role=\"list\">\n<li class=\"product-features__item-list__item\" role=\"listitem\"><span class=\"is--medium\">Capacit\u00e9 :<\/span> 1,40 L\t\t\t\t\t<\/li>\n<li class=\"product-features__item-list__item\" role=\"listitem\"><span class=\"is--medium\">Niveau d&rsquo;eau visible :<\/span> Oui\t\t\t\t\t<\/li>\n<\/ul>\n<\/li>\n<li class=\"product-features__item\" role=\"listitem\">\n<h3 class=\"product-features__label\">Programmation<\/h3>\n<ul role=\"list\">\n<li class=\"product-features__item-list__item\" role=\"listitem\"><span class=\"is--medium\">S\u00e9lecteur de tasse :<\/span> 2 caf\u00e9s simultan\u00e9s\t\t\t\t\t<\/li>\n<li class=\"product-features__item-list__item\" role=\"listitem\"><span class=\"is--medium\">Arr\u00eat de l&rsquo;\u00e9coulement du caf\u00e9 dans la tasse :<\/span> Arr\u00eat manuel\t\t\t\t\t<\/li>\n<\/ul>\n<\/li>\n<li class=\"product-features__item\" role=\"listitem\">\n<h3 class=\"product-features__label\">Buse<\/h3>\n<ul role=\"list\">\n<li class=\"product-features__item-list__item\" role=\"listitem\"><span class=\"is--medium\">Type de buse :<\/span> Avec Buse Vapeur\t\t\t\t\t<\/li>\n<\/ul>\n<\/li>\n<li class=\"product-features__item\" role=\"listitem\">\n<h3 class=\"product-features__label\">Informations compl\u00e9mentaires<\/h3>\n<ul role=\"list\">\n<li class=\"product-features__item-list__item\" role=\"listitem\"><span class=\"is--medium\">Garantie :<\/span> 2 ans\t\t\t\t\t<\/li>\n<li class=\"product-features__item-list__item\" role=\"listitem\"><span class=\"is--medium\">Disponibilit\u00e9 des pi\u00e8ces d\u00e9tach\u00e9es (donn\u00e9es fournisseur) :<\/span> Pas de pi\u00e8ce disponible\t\t\t\t\t<\/li>\n<li class=\"product-features__item-list__item\" role=\"listitem\"><span class=\"is--medium\">R\u00e9f\u00e9rence constructeur :<\/span> ICONA ECO311.BK  noir\t\t\t\t\t<\/li>\n<li class=\"product-features__item-list__item\" role=\"listitem\"><span class=\"is--medium\">Marque :<\/span> DELONGHI\t\t\t\t\t<\/li>\n<\/ul>\n<\/li>\n<li class=\"product-features__item\" role=\"listitem\">\n<h3 class=\"product-features__label\">Dimensions<\/h3>\n<ul role=\"list\">\n<li class=\"product-features__item-list__item\" role=\"listitem\"><span class=\"is--medium\">Dimensions l x h x p :<\/span> 23 x 30 x 26 cm\t\t\t\t\t<\/li>\n<li class=\"product-features__item-list__item\" role=\"listitem\"><span class=\"is--medium\">Poids Net :<\/span> 4,8 kg\t\t\t\t\t<\/li>\n<\/ul>\n<\/li>\n<\/ul>\n<\/div>\n<div class=\"product__disclosure-content\">\n<div class=\"js-read-more product-description__content read-more read-more--truncated\" data-read-more-name=\"description\" style=\"max-height: 500px; overflow: hidden;\">\n<p>Concepteur de machines \u00e0 caf\u00e9 performantes et de haute qualit\u00e9, Delonghi a cr\u00e9\u00e9 l&rsquo;Expresso Pompe Icona ECO311.BK. De l&rsquo;expresso serr\u00e9 au cappuccino d\u00e9licieux, il est temps de go\u00fbter aux caf\u00e9s d&rsquo;exception\u00a0!<\/p>\n<h3>Une machine \u00e0 expresso de haute qualit\u00e9<\/h3>\n<p><\/p>\n<p class=\"wy_tableau_gauche\"><img decoding=\"async\" height=\"150\" src=\"https:\/\/boulanger.scene7.com\/is\/image\/Boulanger\/8004399326750_p1?wid=150&amp;hei=150\" width=\"150\"\/><\/p>\n<p>D&rsquo;une <b>puissance de 1100 Watts<\/b>, l&rsquo;Expresso Pompe Icona ECO311.BK de Delonghi offre une <b>pression de 15 bars<\/b>, l&rsquo;id\u00e9al pour r\u00e9aliser des expressos cors\u00e9s au go\u00fbt intense. Son <b>porte-filtre deux en un<\/b> peut recevoir du caf\u00e9 moulu, mais aussi des dosettes E.S.E. pour r\u00e9aliser des caf\u00e9s courts, longs, cors\u00e9s ou doux, selon les go\u00fbts de chacun\u00a0! Le tasse-mouture est int\u00e9gr\u00e9 pour un caf\u00e9 bien tass\u00e9.<\/p>\n<p>Gr\u00e2ce \u00e0 l&rsquo;<b>auto-amor\u00e7age<\/b>, la machine est toujours pr\u00eate pour faire couler un caf\u00e9. De plus, sa <b>chaudi\u00e8re en Inox<\/b> chauffe l&rsquo;eau rapidement et la maintient \u00e0 une temp\u00e9rature id\u00e9ale pour un caf\u00e9 toujours parfait. Les <b>2 thermostats distincts<\/b> contr\u00f4lent s\u00e9par\u00e9ment l&rsquo;eau et la vapeur et permettent d&rsquo;obtenir de la vapeur instantan\u00e9ment.<\/p>\n<h3>La machine \u00e0 caf\u00e9 indispensable<\/h3>\n<p><\/p>\n<p class=\"wy_tableau_right\"><img decoding=\"async\" height=\"150\" src=\"https:\/\/boulanger.scene7.com\/is\/image\/Boulanger\/8004399326743_p2?wid=150&amp;hei=150\" width=\"150\"\/><\/p>\n<p>Sur le c\u00f4t\u00e9 de la machine se trouve la <b>buse \u00e0 cappuccino<\/b> qui mixe l&rsquo;eau, l&rsquo;air et le lait afin de les transformer en une cr\u00e8me riche et onctueuse \u00e0 verser sur le caf\u00e9 pour obtenir un d\u00e9licieux cappuccino fait maison. Le <b>chauffe-tasse<\/b> situ\u00e9 au-dessus de la machine permet de chauffer les tasses pour un meilleur caf\u00e9, mais aussi de les garder au chaud pendant la pr\u00e9paration des tasses suivantes.<\/p>\n<p>Gr\u00e2ce \u00e0 son <b>r\u00e9servoir d&rsquo;eau de 4\u00a0L<\/b>, la machine \u00e0 Expresso Delonghi Icona ECO311.BK offre une grande r\u00e9serve d&rsquo;eau pour r\u00e9aliser de nombreux caf\u00e9s. Transparent, le r\u00e9servoir permet de contr\u00f4ler facilement le niveau d&rsquo;eau. Pratique, le <b>bac r\u00e9colte goutte amovible<\/b> s&rsquo;enl\u00e8ve facilement pour le nettoyer. <\/p>\n<\/p>\n<\/div>\n<p><bl-button a11yexpanded=\"false\" arialabel=\"Afficher toute la description\" class=\"read-more__btn\" full=\"false\" link=\"true\"><\/bl-button><\/div>","protected":false},"excerpt":{"rendered":"<div class=\"keypoints\">\n<h3 class=\"keypoints__title\">Les points cl\u00e9s<\/h3>\n<ul role=\"list\">\n<li class=\"keypoints__item\" role=\"listitem\">                                        Expresso classique                      <\/li>\n<li class=\"keypoints__item\" role=\"listitem\">                                        Capacit\u00e9 en eau : 1,4 L                      <\/li>\n<li class=\"keypoints__item\" role=\"listitem\">                                        Caf\u00e9 moulu ou dosettes papier                      <\/li>\n<\/ul>","protected":false},"featured_media":73313,"template":"","meta":{"_glsr_average":0,"_glsr_ranking":0,"_glsr_reviews":0},"product_cat":[285],"product_tag":[230,287,286],"class_list":{"0":"post-73314","1":"product","2":"type-product","3":"status-publish","4":"has-post-thumbnail","6":"product_cat-expresso","7":"product_tag-cuisine-et-cuisson","8":"product_tag-expresso","9":"product_tag-machine-a-cafe","11":"first","12":"instock","13":"shipping-taxable","14":"purchasable","15":"product-type-simple"},"_links":{"self":[{"href":"https:\/\/electromenagerexpress.com\/en\/wp-json\/wp\/v2\/product\/73314","targetHints":{"allow":["GET"]}}],"collection":[{"href":"https:\/\/electromenagerexpress.com\/en\/wp-json\/wp\/v2\/product"}],"about":[{"href":"https:\/\/electromenagerexpress.com\/en\/wp-json\/wp\/v2\/types\/product"}],"wp:featuredmedia":[{"embeddable":true,"href":"https:\/\/electromenagerexpress.com\/en\/wp-json\/wp\/v2\/media\/73313"}],"wp:attachment":[{"href":"https:\/\/electromenagerexpress.com\/en\/wp-json\/wp\/v2\/media?parent=73314"}],"wp:term":[{"taxonomy":"product_cat","embeddable":true,"href":"https:\/\/electromenagerexpress.com\/en\/wp-json\/wp\/v2\/product_cat?post=73314"},{"taxonomy":"product_tag","embeddable":true,"href":"https:\/\/electromenagerexpress.com\/en\/wp-json\/wp\/v2\/product_tag?post=73314"}],"curies":[{"name":"wp","href":"https:\/\/api.w.org\/{rel}","templated":true}]}}