{"id":73201,"date":"2024-11-24T13:01:53","date_gmt":"2024-11-24T13:01:53","guid":{"rendered":"https:\/\/electromenagerexpress.com\/product\/expresso-broyeurmelittaavanza-gris-titanium\/"},"modified":"2024-11-24T13:02:09","modified_gmt":"2024-11-24T13:02:09","slug":"expresso-broyeurmelittaavanza-gris-titanium","status":"publish","type":"product","link":"https:\/\/electromenagerexpress.com\/en\/product\/expresso-broyeurmelittaavanza-gris-titanium\/","title":{"rendered":"Expresso Broyeur\t\t\t\t\t\t\tMELITTA\t\t\t\tavanza gris titanium"},"content":{"rendered":"<div class=\"product-features__content\">\n<ul role=\"list\">\n<li class=\"product-features__item\" role=\"listitem\">\n<h3 class=\"product-features__label\">Profitez de vos produits autrement<\/h3>\n<ul role=\"list\">\n<li class=\"product-features__item-list__item\" role=\"listitem\"><span class=\"is--medium\">Avez-vous pens\u00e9 \u00e0 la location :<\/span> <a href=\"https:\/\/location.boulanger.com\/location-petit-electromenager\/location-expresso-broyeur.html?at_medium=boulanger&amp;at_campaign=cafe&amp;at_type=lien-fp\" target=\"_blank\">Cliquez ici<\/a><\/li>\n<\/ul>\n<\/li>\n<li class=\"product-features__item\" role=\"listitem\">\n<h3 class=\"product-features__label\">L&rsquo; expresso broyeur vous apporte :<\/h3>\n<ul role=\"list\">\n<li class=\"product-features__item-list__item\" role=\"listitem\"><span class=\"is--medium\">Une mouture fra\u00eechement moulue :<\/span> b\u00e9n\u00e9ficiez du dosage automatis\u00e9 de votre appareil pour une boisson pleine de saveur\t\t\t\t\t<\/li>\n<li class=\"product-features__item-list__item\" role=\"listitem\"><span class=\"is--medium\">La pr\u00e9-infusion :<\/span> \u00e9tape interm\u00e9diaire permettant l&rsquo;expression d&rsquo;un maximum d&rsquo;ar\u00f4mes\t\t\t\t\t<\/li>\n<li class=\"product-features__item-list__item\" role=\"listitem\"><span class=\"is--medium\">L&rsquo;extraction :<\/span> une pression id\u00e9ale pour atteindre la perfection d&rsquo;un caf\u00e9 expresso\t\t\t\t\t<\/li>\n<\/ul>\n<\/li>\n<li class=\"product-features__item\" role=\"listitem\">\n<h3 class=\"product-features__label\">Choisir ce produit pour quels usages ?<\/h3>\n<ul role=\"list\">\n<li class=\"product-features__item-list__item\" role=\"listitem\"><span class=\"is--medium\">Type de boissons :<\/span> caf\u00e9\t\t\t\t\t<\/li>\n<li class=\"product-features__item-list__item\" role=\"listitem\"><span class=\"is--medium\">Type de caf\u00e9 :<\/span> grain\t\t\t\t\t<\/li>\n<li class=\"product-features__item-list__item\" role=\"listitem\"><span class=\"is--medium\">Je trouve mon caf\u00e9 :<\/span> <a href=\"https:\/\/www.boulanger.com\/c\/accessoire-consommable-expresso-cafetiere\/facette_accessoire_cafetiere_et_expresso_____produit~cafe920en20grain\" target=\"_blank\">en sa<\/a><\/li>\n<li class=\"product-features__item-list__item\" role=\"listitem\"><span class=\"is--medium\">Nombre de tasses :<\/span> 1 ou 2 caf\u00e9s simultan\u00e9s\t\t\t\t\t<\/li>\n<li class=\"product-features__item-list__item\" role=\"listitem\"><span class=\"is--medium\">Nombre de recettes caf\u00e9s :<\/span> 3\t\t\t\t\t<\/li>\n<li class=\"product-features__item-list__item\" role=\"listitem\"><span class=\"is--medium\">Type de recettes :<\/span> Ristretto, Espresso, Caf\u00e9 long, Cappuccino, Latte Macchiato, Caffelatte, Lait chaud, Espresso Macchiato\t\t\t\t\t<\/li>\n<li class=\"product-features__item-list__item\" role=\"listitem\"><span class=\"is--medium\">Mod\u00e8le de l&rsquo;expresso broyeur :<\/span> Compact\t\t\t\t\t<\/li>\n<\/ul>\n<\/li>\n<li class=\"product-features__item\" role=\"listitem\">\n<h3 class=\"product-features__label\">Confort d&rsquo;utilisation<\/h3>\n<ul role=\"list\">\n<li class=\"product-features__item-list__item\" role=\"listitem\"><span class=\"is--medium\">Syst\u00e8me de boissons lact\u00e9es :<\/span> buse vapeur pour pr\u00e9parer manuellement vos boissons lact\u00e9es\t\t\t\t\t<\/li>\n<li class=\"product-features__item-list__item\" role=\"listitem\"><span class=\"is--medium\">Panneau de commande :<\/span> bouton manuel\t\t\t\t\t<\/li>\n<li class=\"product-features__item-list__item\" role=\"listitem\"><span class=\"is--medium\">Capacit\u00e9 du bac \u00e0 grains :<\/span> 250 g\t\t\t\t\t<\/li>\n<li class=\"product-features__item-list__item\" role=\"listitem\"><span class=\"is--medium\">Capacit\u00e9 du r\u00e9servoir d&rsquo;eau :<\/span> 1,5 L\t\t\t\t\t<\/li>\n<li class=\"product-features__item-list__item\" role=\"listitem\"><span class=\"is--medium\">Emplacement du r\u00e9servoir d&rsquo;eau :<\/span> sur le c\u00f4t\u00e9\t\t\t\t\t<\/li>\n<li class=\"product-features__item-list__item\" role=\"listitem\"><span class=\"is--medium\">Chauffe tasses :<\/span> Non\t\t\t\t\t<\/li>\n<li class=\"product-features__item-list__item\" role=\"listitem\"><span class=\"is--medium\">Arr\u00eat automatique de la machine :<\/span> Oui\t\t\t\t\t<\/li>\n<li class=\"product-features__item-list__item\" role=\"listitem\"><span class=\"is--medium\">Arr\u00eat automatique de l&rsquo;\u00e9coulement de la boisson :<\/span> Oui\t\t\t\t\t<\/li>\n<li class=\"product-features__item-list__item\" role=\"listitem\"><span class=\"is--medium\">Nombre de caf\u00e9s par jours :<\/span> 25\t\t\t\t\t<\/li>\n<\/ul>\n<\/li>\n<li class=\"product-features__item\" role=\"listitem\">\n<h3 class=\"product-features__label\">Equipement<\/h3>\n<ul role=\"list\">\n<li class=\"product-features__item-list__item\" role=\"listitem\"><span class=\"is--medium\">R\u00e9glage de finesse de mouture :<\/span> 13 pour adapter la finesse selon le type et la vari\u00e9t\u00e9 du caf\u00e9\t\t\t\t\t<\/li>\n<li class=\"product-features__item-list__item\" role=\"listitem\"><span class=\"is--medium\">T\u00e9moin de r\u00e9servoir d&rsquo;eau vide :<\/span> Oui\t\t\t\t\t<\/li>\n<li class=\"product-features__item-list__item\" role=\"listitem\"><span class=\"is--medium\">Puissance :<\/span> 1.450 W\t\t\t\t\t<\/li>\n<li class=\"product-features__item-list__item\" role=\"listitem\"><span class=\"is--medium\">Pression :<\/span> 15 bars\t\t\t\t\t<\/li>\n<li class=\"product-features__item-list__item\" role=\"listitem\"><span class=\"is--medium\">Applications :<\/span> Melitta Companion\t\t\t\t\t<\/li>\n<\/ul>\n<\/li>\n<li class=\"product-features__item\" role=\"listitem\">\n<h3 class=\"product-features__label\">Entretien<\/h3>\n<ul role=\"list\">\n<li class=\"product-features__item-list__item\" role=\"listitem\"><span class=\"is--medium\">Rin\u00e7age de la buse caf\u00e9 :<\/span> automatique, pour nettoyer la buse apr\u00e8s chaque utilisation\t\t\t\t\t<\/li>\n<li class=\"product-features__item-list__item\" role=\"listitem\"><span class=\"is--medium\">Programme de nettoyage :<\/span> oui, vous guide sur les \u00e9tapes d&rsquo;entretien de la machine\t\t\t\t\t<\/li>\n<li class=\"product-features__item-list__item\" role=\"listitem\"><span class=\"is--medium\">J&rsquo;entretiens mon broyeur :<\/span> <a href=\"https:\/\/www.boulanger.com\/c\/nav-filtre\/accessoire-consommable-expresso-cafetiere?facette_accessoire_cafetiere_et_expresso_____usage_cafe_et_the~j27entretien20ma20machine20e020cafe9\" target=\"_blank\">En cliquant ici<\/a><\/li>\n<\/ul>\n<\/li>\n<li class=\"product-features__item\" role=\"listitem\">\n<h3 class=\"product-features__label\">Dimensions<\/h3>\n<ul role=\"list\">\n<li class=\"product-features__item-list__item\" role=\"listitem\"><span class=\"is--medium\">Dimensions l x h x p :<\/span> 45 x 54.5 x 30 cm\t\t\t\t\t<\/li>\n<\/ul>\n<\/li>\n<li class=\"product-features__item\" role=\"listitem\">\n<h3 class=\"product-features__label\">Informations compl\u00e9mentaires<\/h3>\n<ul role=\"list\">\n<li class=\"product-features__item-list__item\" role=\"listitem\"><span class=\"is--medium\">Fabriqu\u00e9 en :<\/span> Portugal\t\t\t\t\t<\/li>\n<li class=\"product-features__item-list__item\" role=\"listitem\"><span class=\"is--medium\">Disponibilit\u00e9 des pi\u00e8ces d\u00e9tach\u00e9es (donn\u00e9es fournisseur) :<\/span> Pendant 5 ans, \u00e0 compter de la date d&rsquo;achat\t\t\t\t\t<\/li>\n<\/ul>\n<\/li>\n<\/ul>\n<\/div>\n<div class=\"product__disclosure-content\">\n<div class=\"js-read-more product-description__content read-more read-more--truncated\" data-read-more-name=\"description\" style=\"max-height: 500px; overflow: hidden;\">\n<p>Pour un caf\u00e9 aromatique de qualit\u00e9, rapidement et simplement, d\u00e9couvrez la performance MELITTA. Sa machine \u00e0 expresso-broyeur dispose de fonctionnalit\u00e9s simplificatrices du quotidien, pour une utilisation pratique. Silencieuse, elle permet de cr\u00e9er n&rsquo;importe quelle boisson lact\u00e9e ou caf\u00e9 en un seul geste depuis ses boutons intuitifs. <\/p>\n<h3><img fetchpriority=\"high\" decoding=\"async\" ,=\"\" alt=\"Exp-broyeur MELITTA Avanza Gris F270-100\" class=\"wy_tableau_gauche\" height=\"270\" src=\"https:\/\/boulanger.scene7.com\/is\/image\/Boulanger\/4006508222100_h_f_l_0?wid=400&amp;hei=270\" width=\"400\"\/>Une machine \u00e0 caf\u00e9 selon vos besoins<\/h3>\n<p>Buvez votre caf\u00e9 chaque matin dans le silence gr\u00e2ce au <b>moulin ultra silencieux<\/b> de la machine expresso-broyeur MELITTA Avanza Gris\u00a0F270-100. En <b>acier inoxydable<\/b>, il moud les grains discr\u00e8tement pour vous permettre de lancer votre boisson <b>m\u00eame lorsque toute la maison est encore endormie<\/b>.<\/p>\n<p>Pens\u00e9e pour vous simplifier la vie, la machine expresso-broyeur MELITTA Avanza Gris\u00a0F270-100 dispose du mode\u00a0<b>2\u00a0tasses<\/b>, qui vous permet de partager votre caf\u00e9, court ou long. <b>L&rsquo;affichage des symboles \u00e0 LED<\/b> offre une <b>utilisation facile et rapide de la machine<\/b>, avec des r\u00e9glages de l&rsquo;intensit\u00e9, ainsi de la finesse de mouture. <\/p>\n<h3><img decoding=\"async\" ,=\"\" alt=\"Exp-broyeur MELITTA Avanza Gris F270-100\" class=\"wy_tableau_right\" height=\"270\" src=\"https:\/\/boulanger.scene7.com\/is\/image\/Boulanger\/4006508222100_h_f_l_1?wid=400&amp;hei=270\" width=\"400\"\/>Des fonctionnalit\u00e9s utiles<\/h3>\n<p>La machine expresso-broyeur MELITTA Avanza Gris\u00a0F270-100 est dot\u00e9e de la technologie <b>Easy Cappuccinatore<\/b>. Il s&rsquo;agit d&rsquo;un <b>syst\u00e8me de pr\u00e9paration de mousse de lait int\u00e9gr\u00e9e<\/b>, pour des boissons latt\u00e9es toujours r\u00e9ussies et rapides \u00e0 faire. Pr\u00e9parez un <b>latte macchiato ou un cappuccino<\/b> en un instant. <\/p>\n<p>Du fait de sa <b>tr\u00e8s grande capacit\u00e9<\/b>, la machine expresso-broyeur MELITTA Avanza Gris\u00a0F270-100\u00a0est adapt\u00e9e \u00e0 vos besoins. Id\u00e9ale pour les amateurs de caf\u00e9 et ceux qui ne peuvent pas s&rsquo;en passer, la machine \u00e0 caf\u00e9 dispose de r\u00e9servoirs de <b>taille XL<\/b> : <b>1,5L\u00a0pour l&rsquo;eau et\u00a0250g\u00a0pour les grains<\/b>. <\/p>\n<\/p>\n<p><video class=\"s7Video\" controls=\"\" controlslist=\"nodownload\" poster=\"https:\/\/boulanger.scene7.com\/is\/image\/Boulanger\/4006508222100_v_0?scl=1\" preload=\"metadata\" src=\"https:\/\/boulanger.scene7.com\/is\/content\/Boulanger\/4006508222100_v_0\" width=\"100%\"><\/video><\/p>\n<\/div>\n<p><bl-button a11yexpanded=\"false\" arialabel=\"Afficher toute la description\" class=\"read-more__btn\" full=\"false\" link=\"true\"><\/bl-button><\/div>","protected":false},"excerpt":{"rendered":"<div class=\"keypoints\">\n<h3 class=\"keypoints__title\">Les points cl\u00e9s<\/h3>\n<ul role=\"list\">\n<li class=\"keypoints__item\" role=\"listitem\">                                        3 recettes de caf\u00e9                      <\/li>\n<li class=\"keypoints__item\" role=\"listitem\">                                        Bouton manuel                      <\/li>\n<li class=\"keypoints__item\" role=\"listitem\">                                        Nombre de tasses : 1 ou 2 caf\u00e9s simultan\u00e9s                      <\/li>\n<li class=\"keypoints__item\" role=\"listitem\">                                        Nombre de finesse de mouture : 13                      <\/li>\n<li class=\"keypoints__item keypoints__item--advantage\" role=\"listitem\"><strong>Le + :<\/strong> Affichage LED permet une utilisation simple et pratique      <\/li>\n<\/ul>","protected":false},"featured_media":73200,"template":"","meta":{"_glsr_average":0,"_glsr_ranking":0,"_glsr_reviews":0},"product_cat":[308],"product_tag":[230,286,309],"class_list":{"0":"post-73201","1":"product","2":"type-product","3":"status-publish","4":"has-post-thumbnail","6":"product_cat-machine-a-cafe-a-grain","7":"product_tag-cuisine-et-cuisson","8":"product_tag-machine-a-cafe","9":"product_tag-machine-a-cafe-a-grain","11":"first","12":"instock","13":"sale","14":"shipping-taxable","15":"purchasable","16":"product-type-simple"},"_links":{"self":[{"href":"https:\/\/electromenagerexpress.com\/en\/wp-json\/wp\/v2\/product\/73201","targetHints":{"allow":["GET"]}}],"collection":[{"href":"https:\/\/electromenagerexpress.com\/en\/wp-json\/wp\/v2\/product"}],"about":[{"href":"https:\/\/electromenagerexpress.com\/en\/wp-json\/wp\/v2\/types\/product"}],"wp:featuredmedia":[{"embeddable":true,"href":"https:\/\/electromenagerexpress.com\/en\/wp-json\/wp\/v2\/media\/73200"}],"wp:attachment":[{"href":"https:\/\/electromenagerexpress.com\/en\/wp-json\/wp\/v2\/media?parent=73201"}],"wp:term":[{"taxonomy":"product_cat","embeddable":true,"href":"https:\/\/electromenagerexpress.com\/en\/wp-json\/wp\/v2\/product_cat?post=73201"},{"taxonomy":"product_tag","embeddable":true,"href":"https:\/\/electromenagerexpress.com\/en\/wp-json\/wp\/v2\/product_tag?post=73201"}],"curies":[{"name":"wp","href":"https:\/\/api.w.org\/{rel}","templated":true}]}}