{"id":73131,"date":"2024-11-24T13:00:45","date_gmt":"2024-11-24T13:00:45","guid":{"rendered":"https:\/\/electromenagerexpress.com\/product\/mousseur-a-laittribestmachine-a-lait-de-soja-soyabella\/"},"modified":"2024-11-24T13:00:46","modified_gmt":"2024-11-24T13:00:46","slug":"mousseur-a-laittribestmachine-a-lait-de-soja-soyabella","status":"publish","type":"product","link":"https:\/\/electromenagerexpress.com\/en\/product\/mousseur-a-laittribestmachine-a-lait-de-soja-soyabella\/","title":{"rendered":"Mousseur \u00e0 lait\t\t\t\t\t\t\tTRIBEST\t\t\t\tMachine \u00e0 lait de soja Soyabella"},"content":{"rendered":"<div class=\"product-features__content\">\n<ul role=\"list\">\n<li class=\"product-features__item\" role=\"listitem\">\n<h3 class=\"product-features__label\">Caract\u00e9ristiques g\u00e9n\u00e9rales<\/h3>\n<ul role=\"list\">\n<li class=\"product-features__item-list__item\" role=\"listitem\"><span class=\"is--medium\">Type de produit :<\/span> Mousseur \u00e0 lait\t\t\t\t\t<\/li>\n<li class=\"product-features__item-list__item\" role=\"listitem\"><span class=\"is--medium\">Coloris :<\/span> Blanc\t\t\t\t\t<\/li>\n<li class=\"product-features__item-list__item\" role=\"listitem\"><span class=\"is--medium\">Mati\u00e8re :<\/span> Acier inoxydable\t\t\t\t\t<\/li>\n<li class=\"product-features__item-list__item\" role=\"listitem\"><span class=\"is--medium\">Capacit\u00e9 mousse de lait :<\/span> 1.000 ml\t\t\t\t\t<\/li>\n<li class=\"product-features__item-list__item\" role=\"listitem\"><span class=\"is--medium\">Capacit\u00e9 lait :<\/span> 1.000 ml\t\t\t\t\t<\/li>\n<\/ul>\n<\/li>\n<li class=\"product-features__item\" role=\"listitem\">\n<h3 class=\"product-features__label\">Dimensions<\/h3>\n<ul role=\"list\">\n<li class=\"product-features__item-list__item\" role=\"listitem\"><span class=\"is--medium\">Poids Net :<\/span> 2,8 kg\t\t\t\t\t<\/li>\n<\/ul>\n<\/li>\n<li class=\"product-features__item\" role=\"listitem\">\n<h3 class=\"product-features__label\">Informations compl\u00e9mentaires<\/h3>\n<ul role=\"list\">\n<li class=\"product-features__item-list__item\" role=\"listitem\"><span class=\"is--medium\">Disponibilit\u00e9 des pi\u00e8ces d\u00e9tach\u00e9es (donn\u00e9es fournisseur) :<\/span> Non communiqu\u00e9e\t\t\t\t\t<\/li>\n<li class=\"product-features__item-list__item\" role=\"listitem\"><span class=\"is--medium\">R\u00e9f\u00e9rence constructeur :<\/span> Machine \u00e0 lait de soja Soyabella\t\t\t\t\t<\/li>\n<li class=\"product-features__item-list__item\" role=\"listitem\"><span class=\"is--medium\">Marque :<\/span> TRIBEST\t\t\t\t\t<\/li>\n<\/ul>\n<\/li>\n<\/ul>\n<\/div>\n<div class=\"product__disclosure-content\">\n<div class=\"js-read-more product-description__content read-more read-more--truncated\" data-read-more-name=\"description\" style=\"max-height: 500px; overflow: hidden;\">\n<p>Avec Soyabella, pr\u00e9parez facilement et chez vous des laits v\u00e9g\u00e9taux \u00e0 base de soja, d&rsquo;amandes ou de noisettes.<\/p>\n<h2><strong>Les laits v\u00e9g\u00e9taux, faciles \u00e0 faire avec Soyabella et bons pour la sant\u00e9 <\/strong><\/h2>\n<p>Parce qu&rsquo;ils contiennent vitamines, min\u00e9raux et prot\u00e9ines v\u00e9g\u00e9tales, les laits v\u00e9g\u00e9taux sont des aliments excellents pour la sant\u00e9.<\/p>\n<p>Comme ils sont pr\u00e9par\u00e9s \u00e0 base de v\u00e9g\u00e9taux comme du soja, de l&rsquo;amande ou de l&rsquo;avoine, m\u00eame les personnes intol\u00e9rantes au lactose peuvent les consommer sans risque. Ils sont \u00e9galement faciles \u00e0 dig\u00e9rer, car ils ne contiennent pas de cas\u00e9ine.<\/p>\n<p>Pour consommer des laits v\u00e9g\u00e9taux frais chaque jour, pr\u00e9parez-les \u00e0 la maison avec votre machine Soyabella.<\/p>\n<h2><strong>Soyabella, un appareil tout-en-un tr\u00e8s pratique<\/strong><\/h2>\n<p>Les \u00e9l\u00e9ments de chauffe du Soyabella n&rsquo;entrent jamais en contact direct avec les aliments contenus dans la cuve. L&rsquo;appareil chauffe tout en douceur, pr\u00e9servant ainsi les nutriments comme les vitamines et min\u00e9raux.<\/p>\n<p>La temp\u00e9rature est parfaitement g\u00e9r\u00e9e par un syst\u00e8me automatique \u00e9quip\u00e9 d&rsquo;un microprocesseur. Des capteurs anti surchauffe et anti d\u00e9bordement sont plac\u00e9s \u00e0 l&rsquo;int\u00e9rieur de la cuve du Soyabella pour une utilisation totalement s\u00fbre.<\/p>\n<p>\u00c9quip\u00e9 d&rsquo;une lame h\u00e9lico\u00efdale unique, Soyabella permet de broyer directement le contenu de la cuve apr\u00e8s cuisson. Vous obtenez \u00e0 coup s\u00fbr une pr\u00e9paration parfaitement homog\u00e8ne, m\u00eame avec des aliments durs comme des graines.\u00a0<\/p>\n<h2><strong>Des laits v\u00e9g\u00e9taux, mais aussi du gruau ou des soupes, pr\u00e9par\u00e9s \u00e0 l&rsquo;aide de Soyabella \u00a0<\/strong><\/h2>\n<p>Soyabella s&rsquo;\u00e9quipe d&rsquo;un gobelet de broyage pour se transformer en un puissant broyeur. Il viendra \u00e0 bout de vos graines s\u00e8ches ou de votre caf\u00e9 en un seul geste.<\/p>\n<p>Et avec la fonction moudre, vous pouvez pr\u00e9parer de d\u00e9licieux laits v\u00e9g\u00e9taux \u00e0 froid.<\/p>\n<p>Autre fonction dont est \u00e9quip\u00e9 Soyabella, le mode soupe. Il permet de confectionner potages, bouillons et gruaux en un tour de main.<\/p>\n<p>Si vous souhaitez consommer au quotidien des aliments sains et bons pour la sant\u00e9, Soyabella est un appareil polyvalent qui r\u00e9pond parfaitement \u00e0 votre besoin.<\/p>\n<p>L&rsquo;appareil est \u00e9quip\u00e9 d&rsquo;une cuve en acier inoxydable tr\u00e8s facile \u00e0 nettoyer<strong>.<\/strong><\/p>\n<\/p>\n<\/div>\n<p><bl-button a11yexpanded=\"false\" arialabel=\"Afficher toute la description\" class=\"read-more__btn\" full=\"false\" link=\"true\"><\/bl-button><\/div>","protected":false},"excerpt":{"rendered":"<div class=\"keypoints\">\n<h3 class=\"keypoints__title\">Les points cl\u00e9s<\/h3>\n<ul role=\"list\">\n<li class=\"keypoints__item\" role=\"listitem\">                                        Mati\u00e8re : Acier inoxydable                      <\/li>\n<li class=\"keypoints__item\" role=\"listitem\">                                        Capacit\u00e9 lait : 1.000 ml                      <\/li>\n<li class=\"keypoints__item\" role=\"listitem\">                                        Capacit\u00e9 mousse de lait : 1.000 ml                      <\/li>\n<\/ul>","protected":false},"featured_media":73130,"template":"","meta":{"_glsr_average":0,"_glsr_ranking":0,"_glsr_reviews":0},"product_cat":[316],"product_tag":[230,286,317],"class_list":{"0":"post-73131","1":"product","2":"type-product","3":"status-publish","4":"has-post-thumbnail","6":"product_cat-moulin-a-cafe-mousseur-a-lait","7":"product_tag-cuisine-et-cuisson","8":"product_tag-machine-a-cafe","9":"product_tag-moulin-a-cafe-mousseur-a-lait","11":"first","12":"instock","13":"shipping-taxable","14":"purchasable","15":"product-type-simple"},"_links":{"self":[{"href":"https:\/\/electromenagerexpress.com\/en\/wp-json\/wp\/v2\/product\/73131","targetHints":{"allow":["GET"]}}],"collection":[{"href":"https:\/\/electromenagerexpress.com\/en\/wp-json\/wp\/v2\/product"}],"about":[{"href":"https:\/\/electromenagerexpress.com\/en\/wp-json\/wp\/v2\/types\/product"}],"wp:featuredmedia":[{"embeddable":true,"href":"https:\/\/electromenagerexpress.com\/en\/wp-json\/wp\/v2\/media\/73130"}],"wp:attachment":[{"href":"https:\/\/electromenagerexpress.com\/en\/wp-json\/wp\/v2\/media?parent=73131"}],"wp:term":[{"taxonomy":"product_cat","embeddable":true,"href":"https:\/\/electromenagerexpress.com\/en\/wp-json\/wp\/v2\/product_cat?post=73131"},{"taxonomy":"product_tag","embeddable":true,"href":"https:\/\/electromenagerexpress.com\/en\/wp-json\/wp\/v2\/product_tag?post=73131"}],"curies":[{"name":"wp","href":"https:\/\/api.w.org\/{rel}","templated":true}]}}