{"id":72801,"date":"2024-11-24T12:56:12","date_gmt":"2024-11-24T12:56:12","guid":{"rendered":"https:\/\/electromenagerexpress.com\/product\/cafetieremelittaaromafresh-glass-pro-1030-01\/"},"modified":"2025-03-15T14:06:31","modified_gmt":"2025-03-15T14:06:31","slug":"cafetieremelittaaromafresh-glass-pro-1030-01","status":"publish","type":"product","link":"https:\/\/electromenagerexpress.com\/en\/product\/cafetieremelittaaromafresh-glass-pro-1030-01\/","title":{"rendered":"Cafeti\u00e8re\tMELITTA\tAromaFresh Glass Pro 1030-01"},"content":{"rendered":"<div class=\"product-features__content\">\n<ul role=\"list\">\n<li class=\"product-features__item\" role=\"listitem\">\n<h3 class=\"product-features__label\">Choisir ce produit pour quels usages ?<\/h3>\n<ul role=\"list\">\n<li class=\"product-features__item-list__item\" role=\"listitem\"><span class=\"is--medium\">Caf\u00e9 utilis\u00e9 :<\/span> caf\u00e9 moulu et grain<\/li>\n<\/ul>\n<\/li>\n<li class=\"product-features__item\" role=\"listitem\">\n<h3 class=\"product-features__label\">Confort d&rsquo;utilisation<\/h3>\n<ul role=\"list\">\n<li class=\"product-features__item-list__item\" role=\"listitem\"><span class=\"is--medium\">Capacit\u00e9 de la verseuse :<\/span> Non communiqu\u00e9<\/li>\n<li class=\"product-features__item-list__item\" role=\"listitem\"><span class=\"is--medium\">R\u00e9servoir amovible :<\/span> Oui<\/li>\n<li class=\"product-features__item-list__item\" role=\"listitem\"><span class=\"is--medium\">Porte filtre :<\/span> amovible<\/li>\n<li class=\"product-features__item-list__item\" role=\"listitem\"><span class=\"is--medium\">Arr\u00eat automatique de la machine :<\/span> Oui<\/li>\n<li class=\"product-features__item-list__item\" role=\"listitem\"><span class=\"is--medium\">Maintien au chaud :<\/span> Oui<\/li>\n<li class=\"product-features__item-list__item\" role=\"listitem\"><span class=\"is--medium\">Type d&rsquo;affichage :<\/span> \u00e9cran LCD<\/li>\n<li class=\"product-features__item-list__item\" role=\"listitem\"><span class=\"is--medium\">Niveau d&rsquo;eau visible sur le r\u00e9servoir :<\/span> oui<\/li>\n<li class=\"product-features__item-list__item\" role=\"listitem\"><span class=\"is--medium\">Indicateur lumineux de fonctionnement :<\/span> oui<\/li>\n<\/ul>\n<\/li>\n<li class=\"product-features__item\" role=\"listitem\">\n<h3 class=\"product-features__label\">Equipement<\/h3>\n<ul role=\"list\">\n<li class=\"product-features__item-list__item\" role=\"listitem\"><span class=\"is--medium\">Filtre permanent :<\/span> Non<\/li>\n<li class=\"product-features__item-list__item\" role=\"listitem\"><span class=\"is--medium\">Cuilli\u00e8re doseur :<\/span> Non<\/li>\n<li class=\"product-features__item-list__item\" role=\"listitem\"><span class=\"is--medium\">Taille de filtre :<\/span> 1&#215;4<\/li>\n<li class=\"product-features__item-list__item\" role=\"listitem\"><span class=\"is--medium\">Range cordon :<\/span> Oui<\/li>\n<li class=\"product-features__item-list__item\" role=\"listitem\"><span class=\"is--medium\">Puissance :<\/span> 1.130 W<\/li>\n<\/ul>\n<\/li>\n<li class=\"product-features__item\" role=\"listitem\">\n<h3 class=\"product-features__label\">Design<\/h3>\n<ul role=\"list\">\n<li class=\"product-features__item-list__item\" role=\"listitem\"><span class=\"is--medium\">Coloris :<\/span> Noir<\/li>\n<li class=\"product-features__item-list__item\" role=\"listitem\"><span class=\"is--medium\">Finition de la machine :<\/span> plastique<\/li>\n<\/ul>\n<\/li>\n<li class=\"product-features__item\" role=\"listitem\">\n<h3 class=\"product-features__label\">Entretien<\/h3>\n<ul role=\"list\">\n<li class=\"product-features__item-list__item\" role=\"listitem\"><span class=\"is--medium\">Indicateur de d\u00e9tartrage :<\/span> Oui<\/li>\n<\/ul>\n<\/li>\n<li class=\"product-features__item\" role=\"listitem\">\n<h3 class=\"product-features__label\">Dimensions<\/h3>\n<ul role=\"list\">\n<li class=\"product-features__item-list__item\" role=\"listitem\"><span class=\"is--medium\">Dimensions l x h x p :<\/span> 34.5 x 51 x 28.5 cm<\/li>\n<li class=\"product-features__item-list__item\" role=\"listitem\"><span class=\"is--medium\">Poids Net (kg) :<\/span> 3,90 Kg<\/li>\n<\/ul>\n<\/li>\n<li class=\"product-features__item\" role=\"listitem\">\n<h3 class=\"product-features__label\">Informations compl\u00e9mentaires<\/h3>\n<ul role=\"list\">\n<li class=\"product-features__item-list__item\" role=\"listitem\"><span class=\"is--medium\">Fabriqu\u00e9 en :<\/span> Chine<\/li>\n<li class=\"product-features__item-list__item\" role=\"listitem\"><span class=\"is--medium\">Garantie :<\/span> 2 ans<\/li>\n<li class=\"product-features__item-list__item\" role=\"listitem\"><span class=\"is--medium\">Disponibilit\u00e9 des pi\u00e8ces d\u00e9tach\u00e9es (donn\u00e9es fournisseur) :<\/span> Pendant 10 ans, \u00e0 compter de la date d&rsquo;achat<\/li>\n<li class=\"product-features__item-list__item\" role=\"listitem\"><span class=\"is--medium\">R\u00e9f\u00e9rence constructeur :<\/span> AromaFresh Glass Pro 1030-01<\/li>\n<li class=\"product-features__item-list__item\" role=\"listitem\"><span class=\"is--medium\">Marque :<\/span> MELITTA<\/li>\n<\/ul>\n<\/li>\n<\/ul>\n<\/div>\n<div class=\"product__disclosure-content\">\n<div class=\"js-read-more product-description__content read-more read-more--truncated\" style=\"max-height: 500px; overflow: hidden;\" data-read-more-name=\"description\">\n<div class=\"product__description-content read-more\">\n<p>Cafeti\u00e8re MELITTA AromaFresh Glass Pro 1030-01 : L&rsquo;excellence aromatique au quotidien<\/p>\n<h3><img fetchpriority=\"high\" decoding=\"async\" class=\"wy_tableau_gauche\" src=\"https:\/\/boulanger.scene7.com\/is\/image\/Boulanger\/4006508225491_h_f_l_0?wid=400&amp;hei=270\" alt=\"Cafeti\u00e8re MELITTA AromaFresh Glass Pro 1030-01\" width=\"400\" height=\"270\" \/>Une exp\u00e9rience sensorielle in\u00e9gal\u00e9e<\/h3>\n<p>La cafeti\u00e8re MELITTA AromaFresh Glass Pro 1030-01 incarne la promesse d&rsquo;une d\u00e9gustation de caf\u00e9 fra\u00eechement moulu \u00e0 la maison. Dot\u00e9e d&rsquo;un moulin en c\u00e9ramique int\u00e9gr\u00e9 avec onze degr\u00e9s de mouture, elle offre une personnalisation parfaite de la finesse des grains pour une richesse aromatique optimale. La possibilit\u00e9 de d\u00e9sactiver le broyeur permet \u00e9galement l&rsquo;utilisation de caf\u00e9 pr\u00e9-moulu. Avec cinq<\/p>\n<p>&nbsp;<\/p>\n<p>\u00b5<\/p>\n<p>niveaux d&rsquo;intensit\u00e9 du caf\u00e9, de doux \u00e0 cors\u00e9, chaque amateur de caf\u00e9 trouve son bonheur. La conception de cette cafeti\u00e8re assure un temps de contact id\u00e9al entre l&rsquo;eau et le caf\u00e9, garantissant une extraction parfaite des saveurs et des ar\u00f4mes, que ce soit pour 2 ou 10 tasses.<\/p>\n<h3><img decoding=\"async\" class=\"wy_tableau_right\" src=\"https:\/\/boulanger.scene7.com\/is\/image\/Boulanger\/4006508225491_h_f_l_1?wid=400&amp;hei=270\" alt=\"Cafeti\u00e8re MELITTA AromaFresh Glass Pro 1030-01\" width=\"400\" height=\"270\" \/>Confort et design au service de l&rsquo;utilisateur<\/h3>\n<p>La MELITTA AromaFresh Glass Pro 1030-01 se distingue par son utilisation intuitive et son design moderne. Le r\u00e9servoir d&rsquo;eau amovible avec graduations, l&rsquo;\u00e9cran couleur TFT pour des r\u00e9glages personnalis\u00e9s et les deux fonctions Minuteur pour une pr\u00e9paration programm\u00e9e simplifient l&rsquo;exp\u00e9rience utilisateur. Le design noir mat \u00e9l\u00e9gant s&rsquo;int\u00e8gre parfaitement dans toute cuisine contemporaine. En termes de maintenance, le programme de d\u00e9tartrage automatique, le syst\u00e8me anti-goutte et la facilit\u00e9 de nettoyage du moulin avec le pinceau fourni soulignent la praticit\u00e9 de cette cafeti\u00e8re. Enfin, la garantie fabricant de trois ans et l&rsquo;engagement de Melitta\u00ae pour la r\u00e9parabilit\u00e9 et la disponibilit\u00e9 des pi\u00e8ces de rechange t\u00e9moignent de la durabilit\u00e9 et de la qualit\u00e9 de l&rsquo;AromaFresh Glass Pro 1030-01.<\/p>\n<\/div>\n<p>&nbsp;<\/p>\n<p>&nbsp;<\/p>\n<\/div>\n<\/div>","protected":false},"excerpt":{"rendered":"<div class=\"keypoints\">\n<h3 class=\"keypoints__title\">Les points cl\u00e9s<\/h3>\n<ul role=\"list\">\n<li class=\"keypoints__item\" role=\"listitem\">Non communiqu\u00e9<\/li>\n<li class=\"keypoints__item\" role=\"listitem\">Maintien au chaud<\/li>\n<li class=\"keypoints__item\" role=\"listitem\">Programmable<\/li>\n<li class=\"keypoints__item\" role=\"listitem\">Puissance : 1.130 W<\/li>\n<li class=\"keypoints__item keypoints__item--advantage\" role=\"listitem\"><strong>Le + :<\/strong> Un moulin en c\u00e9ramique nouvelle g\u00e9n\u00e9ration particuli\u00e8rement durable et r\u00e9sistant<\/li>\n<\/ul>\n<\/div>","protected":false},"featured_media":72800,"template":"","meta":{"_glsr_average":0,"_glsr_ranking":0,"_glsr_reviews":0},"product_cat":[312],"product_tag":[313,230,286],"class_list":{"0":"post-72801","1":"product","2":"type-product","3":"status-publish","4":"has-post-thumbnail","6":"product_cat-cafetiere","7":"product_tag-cafetiere","8":"product_tag-cuisine-et-cuisson","9":"product_tag-machine-a-cafe","11":"first","12":"instock","13":"sale","14":"shipping-taxable","15":"purchasable","16":"product-type-simple"},"_links":{"self":[{"href":"https:\/\/electromenagerexpress.com\/en\/wp-json\/wp\/v2\/product\/72801","targetHints":{"allow":["GET"]}}],"collection":[{"href":"https:\/\/electromenagerexpress.com\/en\/wp-json\/wp\/v2\/product"}],"about":[{"href":"https:\/\/electromenagerexpress.com\/en\/wp-json\/wp\/v2\/types\/product"}],"wp:featuredmedia":[{"embeddable":true,"href":"https:\/\/electromenagerexpress.com\/en\/wp-json\/wp\/v2\/media\/72800"}],"wp:attachment":[{"href":"https:\/\/electromenagerexpress.com\/en\/wp-json\/wp\/v2\/media?parent=72801"}],"wp:term":[{"taxonomy":"product_cat","embeddable":true,"href":"https:\/\/electromenagerexpress.com\/en\/wp-json\/wp\/v2\/product_cat?post=72801"},{"taxonomy":"product_tag","embeddable":true,"href":"https:\/\/electromenagerexpress.com\/en\/wp-json\/wp\/v2\/product_tag?post=72801"}],"curies":[{"name":"wp","href":"https:\/\/api.w.org\/{rel}","templated":true}]}}