{"id":72531,"date":"2024-11-24T12:52:21","date_gmt":"2024-11-24T12:52:21","guid":{"rendered":"https:\/\/electromenagerexpress.com\/product\/expresso-broyeurdelonghiprimadonna-elite-ecam-650-75-ms-connecte\/"},"modified":"2024-11-24T12:52:30","modified_gmt":"2024-11-24T12:52:30","slug":"expresso-broyeurdelonghiprimadonna-elite-ecam-650-75-ms-connecte","status":"publish","type":"product","link":"https:\/\/electromenagerexpress.com\/en\/product\/expresso-broyeurdelonghiprimadonna-elite-ecam-650-75-ms-connecte\/","title":{"rendered":"Expresso Broyeur\t\t\t\t\t\t\tDELONGHI\t\t\t\tPrimaDonna Elite ecam 650.75.MS connect\u00e9"},"content":{"rendered":"<div class=\"product-features__content\">\n<ul role=\"list\">\n<li class=\"product-features__item\" role=\"listitem\">\n<h3 class=\"product-features__label\">Profitez de vos produits autrement<\/h3>\n<ul role=\"list\">\n<li class=\"product-features__item-list__item\" role=\"listitem\"><span class=\"is--medium\">Avez-vous pens\u00e9 \u00e0 la location :<\/span> <a href=\"https:\/\/location.boulanger.com\/location-petit-electromenager\/location-expresso-broyeur.html?at_medium=boulanger&amp;at_campaign=cafe&amp;at_type=lien-fp\" target=\"_blank\">Cliquez ici<\/a><\/li>\n<\/ul>\n<\/li>\n<li class=\"product-features__item\" role=\"listitem\">\n<h3 class=\"product-features__label\">L&rsquo; expresso broyeur vous apporte :<\/h3>\n<ul role=\"list\">\n<li class=\"product-features__item-list__item\" role=\"listitem\"><span class=\"is--medium\">Une mouture fra\u00eechement moulue :<\/span> b\u00e9n\u00e9ficiez du dosage automatis\u00e9 de votre appareil pour une boisson pleine de saveur\t\t\t\t\t<\/li>\n<li class=\"product-features__item-list__item\" role=\"listitem\"><span class=\"is--medium\">La pr\u00e9-infusion :<\/span> \u00e9tape interm\u00e9diaire permettant l&rsquo;expression d&rsquo;un maximum d&rsquo;ar\u00f4mes\t\t\t\t\t<\/li>\n<li class=\"product-features__item-list__item\" role=\"listitem\"><span class=\"is--medium\">L&rsquo;extraction :<\/span> une pression id\u00e9ale pour atteindre la perfection d&rsquo;un caf\u00e9 expresso\t\t\t\t\t<\/li>\n<\/ul>\n<\/li>\n<li class=\"product-features__item\" role=\"listitem\">\n<h3 class=\"product-features__label\">Choisir ce produit pour quels usages ?<\/h3>\n<ul role=\"list\">\n<li class=\"product-features__item-list__item\" role=\"listitem\"><span class=\"is--medium\">Type de boissons :<\/span> caf\u00e9, boissons lact\u00e9es, th\u00e9\t\t\t\t\t<\/li>\n<li class=\"product-features__item-list__item\" role=\"listitem\"><span class=\"is--medium\">Type de caf\u00e9 :<\/span> grain et moulu\t\t\t\t\t<\/li>\n<li class=\"product-features__item-list__item\" role=\"listitem\"><span class=\"is--medium\">Je trouve mon caf\u00e9 :<\/span> <a href=\"https:\/\/www.boulanger.com\/c\/accessoire-consommable-expresso-cafetiere\/facette_accessoire_cafetiere_et_expresso_____produit~cafe920en20grain\" target=\"_blank\">en sa<\/a><\/li>\n<li class=\"product-features__item-list__item\" role=\"listitem\"><span class=\"is--medium\">Nombre de tasses :<\/span> 1 ou 2 caf\u00e9s simultan\u00e9s\t\t\t\t\t<\/li>\n<li class=\"product-features__item-list__item\" role=\"listitem\"><span class=\"is--medium\">Nombre de recettes caf\u00e9s :<\/span> 5\t\t\t\t\t<\/li>\n<li class=\"product-features__item-list__item\" role=\"listitem\"><span class=\"is--medium\">Nombre de recettes caf\u00e9s lact\u00e9es :<\/span> 6\t\t\t\t\t<\/li>\n<li class=\"product-features__item-list__item\" role=\"listitem\"><span class=\"is--medium\">Type de recettes :<\/span> Espresso, Caf\u00e9, Doppio+, Caf\u00e9 long, Caf\u00e9 filtre, Cappuccino, Latte Macchiato, Caffelatte, Lait chaud, Flat White, Espresso Macchiato, Th\u00e9\t\t\t\t\t<\/li>\n<li class=\"product-features__item-list__item\" role=\"listitem\"><span class=\"is--medium\">Mod\u00e8le de l&rsquo;expresso broyeur :<\/span> PrimaDonna Elite\t\t\t\t\t<\/li>\n<\/ul>\n<\/li>\n<li class=\"product-features__item\" role=\"listitem\">\n<h3 class=\"product-features__label\">Confort d&rsquo;utilisation<\/h3>\n<ul role=\"list\">\n<li class=\"product-features__item-list__item\" role=\"listitem\"><span class=\"is--medium\">Syst\u00e8me de boissons lact\u00e9es :<\/span> carafe \u00e0 lait pour pr\u00e9parer automatiquement vos boissons lact\u00e9es\t\t\t\t\t<\/li>\n<li class=\"product-features__item-list__item\" role=\"listitem\"><span class=\"is--medium\">Panneau de commande :<\/span> \u00e9cran tactile\t\t\t\t\t<\/li>\n<li class=\"product-features__item-list__item\" role=\"listitem\"><span class=\"is--medium\">Nombre de profils : :<\/span> 6\t\t\t\t\t<\/li>\n<li class=\"product-features__item-list__item\" role=\"listitem\"><span class=\"is--medium\">Capacit\u00e9 du bac \u00e0 grains :<\/span> 400 g\t\t\t\t\t<\/li>\n<li class=\"product-features__item-list__item\" role=\"listitem\"><span class=\"is--medium\">Capacit\u00e9 du r\u00e9servoir d&rsquo;eau :<\/span> 2,0 L\t\t\t\t\t<\/li>\n<li class=\"product-features__item-list__item\" role=\"listitem\"><span class=\"is--medium\">Emplacement du r\u00e9servoir d&rsquo;eau :<\/span> sur le haut\t\t\t\t\t<\/li>\n<li class=\"product-features__item-list__item\" role=\"listitem\"><span class=\"is--medium\">Chauffe tasses :<\/span> Oui\t\t\t\t\t<\/li>\n<li class=\"product-features__item-list__item\" role=\"listitem\"><span class=\"is--medium\">Arr\u00eat automatique de la machine :<\/span> Oui\t\t\t\t\t<\/li>\n<li class=\"product-features__item-list__item\" role=\"listitem\"><span class=\"is--medium\">Arr\u00eat automatique de l&rsquo;\u00e9coulement de la boisson :<\/span> Oui\t\t\t\t\t<\/li>\n<li class=\"product-features__item-list__item\" role=\"listitem\"><span class=\"is--medium\">Nombre de caf\u00e9s par jours :<\/span> 40\t\t\t\t\t<\/li>\n<\/ul>\n<\/li>\n<li class=\"product-features__item\" role=\"listitem\">\n<h3 class=\"product-features__label\">Equipement<\/h3>\n<ul role=\"list\">\n<li class=\"product-features__item-list__item\" role=\"listitem\"><span class=\"is--medium\">Mati\u00e8re du broyeur :<\/span> en acier, incassable, pour une meilleure dur\u00e9e de vie de votre appareil\t\t\t\t\t<\/li>\n<li class=\"product-features__item-list__item\" role=\"listitem\"><span class=\"is--medium\">R\u00e9glage de finesse de mouture :<\/span> 5 pour adapter la finesse selon le type et la vari\u00e9t\u00e9 du caf\u00e9\t\t\t\t\t<\/li>\n<li class=\"product-features__item-list__item\" role=\"listitem\"><span class=\"is--medium\">T\u00e9moin de r\u00e9servoir d&rsquo;eau vide :<\/span> Oui\t\t\t\t\t<\/li>\n<li class=\"product-features__item-list__item\" role=\"listitem\"><span class=\"is--medium\">Puissance :<\/span> 1.450 W\t\t\t\t\t<\/li>\n<li class=\"product-features__item-list__item\" role=\"listitem\"><span class=\"is--medium\">Pression :<\/span> 15 bars\t\t\t\t\t<\/li>\n<li class=\"product-features__item-list__item\" role=\"listitem\"><span class=\"is--medium\">Connect\u00e9 :<\/span> oui, permet de personnaliser vos boissons, b\u00e9n\u00e9ficier de conseils d&rsquo;utilisation et r\u00e9aliser tous vos r\u00e9glages et op\u00e9rations d&rsquo;entretien facilement\t\t\t\t\t<\/li>\n<li class=\"product-features__item-list__item\" role=\"listitem\"><span class=\"is--medium\">Applications :<\/span> Coffee Link\t\t\t\t\t<\/li>\n<\/ul>\n<\/li>\n<li class=\"product-features__item\" role=\"listitem\">\n<h3 class=\"product-features__label\">Entretien<\/h3>\n<ul role=\"list\">\n<li class=\"product-features__item-list__item\" role=\"listitem\"><span class=\"is--medium\">filtre \u00e0 eau :<\/span> oui, pour pr\u00e9server la dur\u00e9e de vie de la machine et garantir un meilleur r\u00e9sultat en tasse\t\t\t\t\t<\/li>\n<li class=\"product-features__item-list__item\" role=\"listitem\"><span class=\"is--medium\">Rin\u00e7age de la buse caf\u00e9 :<\/span> automatique, pour nettoyer la buse apr\u00e8s chaque utilisation\t\t\t\t\t<\/li>\n<li class=\"product-features__item-list__item\" role=\"listitem\"><span class=\"is--medium\">Indicateur de d\u00e9tartrage :<\/span> oui, pour alerter qu&rsquo;un d\u00e9tartrage est n\u00e9cessaire pour pr\u00e9server la dur\u00e9e de vie de votre appareil\t\t\t\t\t<\/li>\n<li class=\"product-features__item-list__item\" role=\"listitem\"><span class=\"is--medium\">Programme de nettoyage :<\/span> oui, vous guide sur les \u00e9tapes d&rsquo;entretien de la machine\t\t\t\t\t<\/li>\n<li class=\"product-features__item-list__item\" role=\"listitem\"><span class=\"is--medium\">J&rsquo;entretiens mon broyeur :<\/span> <a href=\"https:\/\/www.boulanger.com\/c\/nav-filtre\/accessoire-consommable-expresso-cafetiere?facette_accessoire_cafetiere_et_expresso_____usage_cafe_et_the~j27entretien20ma20machine20e020cafe9\" target=\"_blank\">En cliquant ici<\/a><\/li>\n<\/ul>\n<\/li>\n<li class=\"product-features__item\" role=\"listitem\">\n<h3 class=\"product-features__label\">Dimensions<\/h3>\n<ul role=\"list\">\n<li class=\"product-features__item-list__item\" role=\"listitem\"><span class=\"is--medium\">Dimensions l x h x p :<\/span> 26 x 37.5 x 48 cm\t\t\t\t\t<\/li>\n<li class=\"product-features__item-list__item\" role=\"listitem\"><span class=\"is--medium\">Poids Net :<\/span> 12 kg\t\t\t\t\t<\/li>\n<li class=\"product-features__item-list__item\" role=\"listitem\"><span class=\"is--medium\">Poids Brut :<\/span> 17 kg\t\t\t\t\t<\/li>\n<\/ul>\n<\/li>\n<li class=\"product-features__item\" role=\"listitem\">\n<h3 class=\"product-features__label\">Informations compl\u00e9mentaires<\/h3>\n<ul role=\"list\">\n<li class=\"product-features__item-list__item\" role=\"listitem\"><span class=\"is--medium\">Fabriqu\u00e9 en :<\/span> Italie\t\t\t\t\t<\/li>\n<li class=\"product-features__item-list__item\" role=\"listitem\"><span class=\"is--medium\">Disponibilit\u00e9 des pi\u00e8ces d\u00e9tach\u00e9es (donn\u00e9es fournisseur) :<\/span> Pendant 10 ans, \u00e0 compter de la date d&rsquo;achat\t\t\t\t\t<\/li>\n<\/ul>\n<\/li>\n<\/ul>\n<\/div>\n<div class=\"product__disclosure-content\">\n<div class=\"js-read-more product-description__content read-more read-more--truncated\" data-read-more-name=\"description\" style=\"max-height: 500px; overflow: hidden;\">\n<\/p>\n<p><center><a href=\"https:\/\/boulanger.scene7.com\/is\/content\/Boulanger\/1.Produit\/Annexes\/Planning%20delonghi.pdf\"><img fetchpriority=\"high\" decoding=\"async\" alt=\"\" height=\"190\" src=\"https:\/\/boulanger.scene7.com\/is\/image\/Boulanger\/Baniere animation delonghi?wid=1260\" width=\"1260\"\/><\/a><\/center><\/p>\n<h5>D\u00e9couvrez en vid\u00e9o, les atouts de la Prima Donna Elite ECAM650.75.MS !<\/h5>\n<p><iframe allowfullscreen=\"\" frameborder=\"0\" height=\"565\" showinfo='0&amp;rel=0&amp;controls=0&amp;modestbranding=0&amp;iv_load_policy=3&amp;end=80\"' src=\"https:\/\/www.youtube.com\/embed\/-SdrS_kwdSY\" width=\"1000\"><\/iframe><\/p>\n<p>D\u00e9couvrez l&rsquo;expresso broyeur connect\u00e9 Delonghi, Prima Donna Elite. Son design, son \u00e9cran couleur tactile et sa connectivit\u00e9 Bluetooth rendent cet expresso broyeur facile d&rsquo;utilisation et tr\u00e8s intuitif. Enti\u00e8rement contr\u00f4lable via smartphone, cette machine polyvalente s&rsquo;adapte \u00e0 toutes vos envies pour un r\u00e9sultat en tasse unique, comme vous !<\/p>\n<p><\/p>\n<p class=\"wy_aligner_centrer\"><img decoding=\"async\" alt=\"Pima Donna Elite\" height=\"328\" src=\"https:\/\/boulanger.scene7.com\/is\/image\/Boulanger\/8004399331013_p1?wid=1000&amp;hei=328\" width=\"1000\"\/><\/p>\n<p><font color=\"#098da7\"><\/p>\n<p style=\"font-size:large\">Un bijou de technologies<\/p>\n<p><\/font><\/p>\n<p class=\"wy_tableau_right\"><img decoding=\"async\" height=\"450\" src=\"https:\/\/boulanger.scene7.com\/is\/image\/Boulanger\/8004399331013_p2?wid=283&amp;hei=450\" width=\"283\"\/><\/p>\n<p>Le <b>grand \u00e9cran couleur tactile<\/b> vous permet d&rsquo;utiliser la machine en toute simplicit\u00e9 de 3 mani\u00e8res diff\u00e9rentes selon  vos go\u00fbts et vos exigences. <\/p>\n<p>Le mode d&rsquo;utilisation <b>direct<\/b> vous permet d&rsquo;acc\u00e9der \u00e0 votre boisson favorite d&rsquo;une seule touche depuis l&rsquo;\u00e9cran. Vous avez le choix entre<b> 15 boissons<\/b>, dont caf\u00e9, cappuccino ou m\u00eame eau chaude, avec un affichage en premier de vos boissons les plus consomm\u00e9es.<\/p>\n<p>Besoin d&rsquo;un caf\u00e9 plus fort avant la grosse journ\u00e9e de travail qui vous attend \u00a0\u00bb Vous pouvez ajuster les recettes gr\u00e2ce au mode d&rsquo;utilisation <b>personnalis\u00e9<\/b>. Choisissez selon vos pr\u00e9f\u00e9rences, la quantit\u00e9 d&rsquo;eau, de lait ou de caf\u00e9 en fonction des diff\u00e9rentes options disponibles. <\/p>\n<p>Les experts du caf\u00e9 utiliseront la Prima Donna Elite en mode <b>profils <\/b>pour cr\u00e9er leurs propres boissons personnalis\u00e9es (ar\u00f4mes, taille, proportion de caf\u00e9 et lait). Il ne reste plus qu&rsquo;\u00e0 <b>enregistrer ces param\u00e8tres<\/b> (jusqu&rsquo;\u00e0 6 profils diff\u00e9rents et 1 profil invit\u00e9) pour retrouver chaque jour le caf\u00e9 exactement comme vous l&rsquo;aimez.<\/p>\n<p><font color=\"#098da7\"><\/p>\n<p style=\"font-size:large\">L&rsquo;expresso broyeur connect\u00e9<\/p>\n<p><\/font><\/p>\n<p>Pour aller plus loin dans la simplicit\u00e9 d&rsquo;utilisation, la Prima Donna Elite est <b>connect\u00e9e en Bluetooth<\/b> \u00e0 votre tablette ou votre smartphone. Depuis l&rsquo;<b>application d\u00e9di\u00e9e Coffee Link<\/b> vous pouvez personnaliser et ensuite pr\u00e9parer votre boisson \u00e0 distance, acc\u00e9der au guide d&rsquo;utilisation de la machine ou encore r\u00e9gler les param\u00e8tres de la machine (heures, arr\u00eat automatique&#8230;). L&rsquo;application vous permet \u00e9galement de cr\u00e9er enti\u00e8rement jusqu&rsquo;\u00e0 6 nouvelles boissons<\/p>\n<p><\/p>\n<p class=\"wy_aligner_centrer\"><img loading=\"lazy\" decoding=\"async\" alt=\"Pima Donna Elite\" height=\"307\" src=\"https:\/\/boulanger.scene7.com\/is\/image\/Boulanger\/8004399331013_p3?wid=1000&amp;hei=307\" width=\"1000\"\/><\/p>\n<p><font color=\"#098da7\"><\/p>\n<p style=\"font-size:large\">Une large vari\u00e9t\u00e9 de boissons<\/p>\n<p><\/font><\/p>\n<p class=\"wy_tableau_right\"><img loading=\"lazy\" decoding=\"async\" height=\"413\" src=\"https:\/\/boulanger.scene7.com\/is\/image\/Boulanger\/8004399331013_p4?wid=283&amp;hei=413\" width=\"283\"\/><\/p>\n<p>Pour d\u00e9guster de d\u00e9licieux cappuccinos, latte macchiato, caffellatte ou encore expressos macchiato, la Prima Donna Elite est \u00e9quip\u00e9 d&rsquo;une <b>carafe \u00e0 lait<\/b> brevet\u00e9e LatteCrema system. Gr\u00e2ce \u00e0 la <b>fonction chocolat chaud<\/b>, ajoutez du cacao au lait de la carafe, celle-ci \u00e9mulsionne l&rsquo;ensemble pour un r\u00e9sultat onctueux et mousseux d&rsquo;une simple pression.<\/p>\n<p>Cette carafe \u00e0 lait <b>double parois <\/b>est id\u00e9ale pour conserver le lait frais plus longtemps. Lorsque vous avez fini vos cappuccinos, la carafe <b>passe au r\u00e9frig\u00e9rateur<\/b> pour conserver votre lait dans les meilleures conditions, jusqu&rsquo;\u00e0 votre prochaine utilisation.<\/p>\n<p><font color=\"#098da7\"><\/p>\n<p style=\"font-size:large\">Pratique et facile d&rsquo;entretien<\/p>\n<p><\/font><\/p>\n<p>Pour un caf\u00e9 exactement comme vous l&rsquo;aimez, le broyeur vous permet de r\u00e9gler la <b>finesse de la mouture sur 13 niveaux<\/b>. Plus vous choisissez une mouture fine, plus votre caf\u00e9 sera intense. \u00c0 l&rsquo;inverse, pour un caf\u00e9 plus doux, choisissez une mouture plus grossi\u00e8re.<\/p>\n<p>Pour entretenir votre Prima Donna Elite, rien de plus simple. Elle dispose d&rsquo;un <b>programme rin\u00e7age<\/b> et d&rsquo;un <b>programme d\u00e9tartrage automatique<\/b>. L&rsquo;infuseur est amovible et ne n\u00e9cessite qu&rsquo;un rin\u00e7age sous l&rsquo;eau chaude de temps en temps. Autre avantage, la grille et le bac sont enti\u00e8rement d\u00e9montables et compatibles lave-vaisselle.<\/p>\n<\/p>\n<p><video class=\"s7Video\" controls=\"\" controlslist=\"nodownload\" poster=\"https:\/\/boulanger.scene7.com\/is\/image\/Boulanger\/8004399331013_v_0?scl=1\" preload=\"metadata\" src=\"https:\/\/boulanger.scene7.com\/is\/content\/Boulanger\/8004399331013_v_0\" width=\"100%\"><\/video><\/p>\n<\/div>\n<p><bl-button a11yexpanded=\"false\" arialabel=\"Afficher toute la description\" class=\"read-more__btn\" full=\"false\" link=\"true\"><\/bl-button><\/div>","protected":false},"excerpt":{"rendered":"<div class=\"keypoints\">\n<h3 class=\"keypoints__title\">Les points cl\u00e9s<\/h3>\n<ul role=\"list\">\n<li class=\"keypoints__item\" role=\"listitem\">                                        5 recettes de caf\u00e9                      <\/li>\n<li class=\"keypoints__item\" role=\"listitem\">                          6 recettes de caf\u00e9s lact\u00e9es &#8211;                                                      Ecran tactile                      <\/li>\n<li class=\"keypoints__item\" role=\"listitem\">                                        Nombre de tasses : 1 ou 2 caf\u00e9s simultan\u00e9s                      <\/li>\n<li class=\"keypoints__item\" role=\"listitem\">                                        Nombre de finesse de mouture : 5                      <\/li>\n<li class=\"keypoints__item keypoints__item--advantage\" role=\"listitem\"><strong>Le + :<\/strong> Produit connect\u00e9 vous offrant une infinit\u00e9 de recettes caf\u00e9 et lact\u00e9es      <\/li>\n<\/ul>","protected":false},"featured_media":72530,"template":"","meta":{"_glsr_average":0,"_glsr_ranking":0,"_glsr_reviews":0},"product_cat":[308],"product_tag":[230,286,309],"class_list":{"0":"post-72531","1":"product","2":"type-product","3":"status-publish","4":"has-post-thumbnail","6":"product_cat-machine-a-cafe-a-grain","7":"product_tag-cuisine-et-cuisson","8":"product_tag-machine-a-cafe","9":"product_tag-machine-a-cafe-a-grain","11":"first","12":"instock","13":"sale","14":"shipping-taxable","15":"purchasable","16":"product-type-simple"},"_links":{"self":[{"href":"https:\/\/electromenagerexpress.com\/en\/wp-json\/wp\/v2\/product\/72531","targetHints":{"allow":["GET"]}}],"collection":[{"href":"https:\/\/electromenagerexpress.com\/en\/wp-json\/wp\/v2\/product"}],"about":[{"href":"https:\/\/electromenagerexpress.com\/en\/wp-json\/wp\/v2\/types\/product"}],"wp:featuredmedia":[{"embeddable":true,"href":"https:\/\/electromenagerexpress.com\/en\/wp-json\/wp\/v2\/media\/72530"}],"wp:attachment":[{"href":"https:\/\/electromenagerexpress.com\/en\/wp-json\/wp\/v2\/media?parent=72531"}],"wp:term":[{"taxonomy":"product_cat","embeddable":true,"href":"https:\/\/electromenagerexpress.com\/en\/wp-json\/wp\/v2\/product_cat?post=72531"},{"taxonomy":"product_tag","embeddable":true,"href":"https:\/\/electromenagerexpress.com\/en\/wp-json\/wp\/v2\/product_tag?post=72531"}],"curies":[{"name":"wp","href":"https:\/\/api.w.org\/{rel}","templated":true}]}}