{"id":72442,"date":"2024-11-24T12:51:09","date_gmt":"2024-11-24T12:51:09","guid":{"rendered":"https:\/\/electromenagerexpress.com\/product\/expresso-broyeurdelonghimagnifica-evo-feb2981-tb-titanium\/"},"modified":"2024-11-24T12:51:20","modified_gmt":"2024-11-24T12:51:20","slug":"expresso-broyeurdelonghimagnifica-evo-feb2981-tb-titanium","status":"publish","type":"product","link":"https:\/\/electromenagerexpress.com\/en\/product\/expresso-broyeurdelonghimagnifica-evo-feb2981-tb-titanium\/","title":{"rendered":"Expresso Broyeur\t\t\t\t\t\t\tDELONGHI\t\t\t\tMagnifica Evo FEB2981.TB titanium"},"content":{"rendered":"<div class=\"product-features__content\">\n<ul role=\"list\">\n<li class=\"product-features__item\" role=\"listitem\">\n<h3 class=\"product-features__label\">L&rsquo; expresso broyeur vous apporte :<\/h3>\n<ul role=\"list\">\n<li class=\"product-features__item-list__item\" role=\"listitem\"><span class=\"is--medium\">Une mouture fra\u00eechement moulue :<\/span> b\u00e9n\u00e9ficiez du dosage automatis\u00e9 de votre appareil pour une boisson pleine de saveur\t\t\t\t\t<\/li>\n<li class=\"product-features__item-list__item\" role=\"listitem\"><span class=\"is--medium\">La pr\u00e9-infusion :<\/span> \u00e9tape interm\u00e9diaire permettant l&rsquo;expression d&rsquo;un maximum d&rsquo;ar\u00f4mes\t\t\t\t\t<\/li>\n<li class=\"product-features__item-list__item\" role=\"listitem\"><span class=\"is--medium\">L&rsquo;extraction :<\/span> une pression id\u00e9ale pour atteindre la perfection d&rsquo;un caf\u00e9 expresso\t\t\t\t\t<\/li>\n<\/ul>\n<\/li>\n<li class=\"product-features__item\" role=\"listitem\">\n<h3 class=\"product-features__label\">Choisir ce produit pour quels usages ?<\/h3>\n<ul role=\"list\">\n<li class=\"product-features__item-list__item\" role=\"listitem\"><span class=\"is--medium\">Type de boissons :<\/span> caf\u00e9, boissons lact\u00e9es, th\u00e9\t\t\t\t\t<\/li>\n<li class=\"product-features__item-list__item\" role=\"listitem\"><span class=\"is--medium\">Type de caf\u00e9 :<\/span> grain et moulu\t\t\t\t\t<\/li>\n<li class=\"product-features__item-list__item\" role=\"listitem\"><span class=\"is--medium\">Je trouve mon caf\u00e9 :<\/span> <a href=\"https:\/\/www.boulanger.com\/c\/accessoire-consommable-expresso-cafetiere\/facette_accessoire_cafetiere_et_expresso_____produit~cafe920en20grain\" target=\"_blank\">en sa<\/a><\/li>\n<li class=\"product-features__item-list__item\" role=\"listitem\"><span class=\"is--medium\">Nombre de tasses :<\/span> 1 ou 2 caf\u00e9s simultan\u00e9s\t\t\t\t\t<\/li>\n<li class=\"product-features__item-list__item\" role=\"listitem\"><span class=\"is--medium\">Nombre de recettes caf\u00e9s :<\/span> 3\t\t\t\t\t<\/li>\n<li class=\"product-features__item-list__item\" role=\"listitem\"><span class=\"is--medium\">Nombre de recettes caf\u00e9s lact\u00e9es :<\/span> 2\t\t\t\t\t<\/li>\n<li class=\"product-features__item-list__item\" role=\"listitem\"><span class=\"is--medium\">Type de recettes :<\/span> Ristretto, Espresso, Lungo, Caf\u00e9, Caf\u00e9 long, Americano, Cappuccino, Latte Macchiato, Caffelatte, Lait chaud, Th\u00e9\t\t\t\t\t<\/li>\n<li class=\"product-features__item-list__item\" role=\"listitem\"><span class=\"is--medium\">Mod\u00e8le de l&rsquo;expresso broyeur :<\/span> Magnifica\t\t\t\t\t<\/li>\n<\/ul>\n<\/li>\n<li class=\"product-features__item\" role=\"listitem\">\n<h3 class=\"product-features__label\">Confort d&rsquo;utilisation<\/h3>\n<ul role=\"list\">\n<li class=\"product-features__item-list__item\" role=\"listitem\"><span class=\"is--medium\">Syst\u00e8me de boissons lact\u00e9es :<\/span> carafe \u00e0 lait pour pr\u00e9parer automatiquement vos boissons lact\u00e9es\t\t\t\t\t<\/li>\n<li class=\"product-features__item-list__item\" role=\"listitem\"><span class=\"is--medium\">Panneau de commande :<\/span> Panneau tactile\t\t\t\t\t<\/li>\n<li class=\"product-features__item-list__item\" role=\"listitem\"><span class=\"is--medium\">Nombre de profils : :<\/span> 1\t\t\t\t\t<\/li>\n<li class=\"product-features__item-list__item\" role=\"listitem\"><span class=\"is--medium\">Capacit\u00e9 du bac \u00e0 grains :<\/span> 250 g\t\t\t\t\t<\/li>\n<li class=\"product-features__item-list__item\" role=\"listitem\"><span class=\"is--medium\">Capacit\u00e9 du r\u00e9servoir d&rsquo;eau :<\/span> 1,8 L\t\t\t\t\t<\/li>\n<li class=\"product-features__item-list__item\" role=\"listitem\"><span class=\"is--medium\">Emplacement du r\u00e9servoir d&rsquo;eau :<\/span> sur le c\u00f4t\u00e9\t\t\t\t\t<\/li>\n<li class=\"product-features__item-list__item\" role=\"listitem\"><span class=\"is--medium\">Capacit\u00e9 du bac \u00e0 marc :<\/span> 14\t\t\t\t\t<\/li>\n<li class=\"product-features__item-list__item\" role=\"listitem\"><span class=\"is--medium\">Chauffe tasses :<\/span> Oui\t\t\t\t\t<\/li>\n<li class=\"product-features__item-list__item\" role=\"listitem\"><span class=\"is--medium\">Arr\u00eat automatique de la machine :<\/span> Oui\t\t\t\t\t<\/li>\n<li class=\"product-features__item-list__item\" role=\"listitem\"><span class=\"is--medium\">Arr\u00eat automatique de l&rsquo;\u00e9coulement de la boisson :<\/span> Oui\t\t\t\t\t<\/li>\n<li class=\"product-features__item-list__item\" role=\"listitem\"><span class=\"is--medium\">R\u00e9glage de l&rsquo;intensit\u00e9 du caf\u00e9 :<\/span> Oui\t\t\t\t\t<\/li>\n<li class=\"product-features__item-list__item\" role=\"listitem\"><span class=\"is--medium\">Nombre de caf\u00e9s par jours :<\/span> 25\t\t\t\t\t<\/li>\n<\/ul>\n<\/li>\n<li class=\"product-features__item\" role=\"listitem\">\n<h3 class=\"product-features__label\">Equipement<\/h3>\n<ul role=\"list\">\n<li class=\"product-features__item-list__item\" role=\"listitem\"><span class=\"is--medium\">Mati\u00e8re du broyeur :<\/span> en acier, incassable, pour une meilleure dur\u00e9e de vie de votre appareil\t\t\t\t\t<\/li>\n<li class=\"product-features__item-list__item\" role=\"listitem\"><span class=\"is--medium\">R\u00e9glage de finesse de mouture :<\/span> 13 pour adapter la finesse selon le type et la vari\u00e9t\u00e9 du caf\u00e9\t\t\t\t\t<\/li>\n<li class=\"product-features__item-list__item\" role=\"listitem\"><span class=\"is--medium\">T\u00e9moin de r\u00e9servoir d&rsquo;eau vide :<\/span> Oui\t\t\t\t\t<\/li>\n<li class=\"product-features__item-list__item\" role=\"listitem\"><span class=\"is--medium\">Buse \u00e0 caf\u00e9 r\u00e9glable en hauteur :<\/span> oui, permet d&rsquo;ajuster \u00e0 la hauteur de la tasse\t\t\t\t\t<\/li>\n<li class=\"product-features__item-list__item\" role=\"listitem\"><span class=\"is--medium\">Puissance :<\/span> 1.450 W\t\t\t\t\t<\/li>\n<li class=\"product-features__item-list__item\" role=\"listitem\"><span class=\"is--medium\">Pression :<\/span> 15 bars\t\t\t\t\t<\/li>\n<li class=\"product-features__item-list__item\" role=\"listitem\"><span class=\"is--medium\">Applications :<\/span> pas d&rsquo;application\t\t\t\t\t<\/li>\n<\/ul>\n<\/li>\n<li class=\"product-features__item\" role=\"listitem\">\n<h3 class=\"product-features__label\">Entretien<\/h3>\n<ul role=\"list\">\n<li class=\"product-features__item-list__item\" role=\"listitem\"><span class=\"is--medium\">filtre \u00e0 eau :<\/span> oui, pour pr\u00e9server la dur\u00e9e de vie de la machine et garantir un meilleur r\u00e9sultat en tasse\t\t\t\t\t<\/li>\n<li class=\"product-features__item-list__item\" role=\"listitem\"><span class=\"is--medium\">Rin\u00e7age de la buse caf\u00e9 :<\/span> automatique, pour nettoyer la buse apr\u00e8s chaque utilisation\t\t\t\t\t<\/li>\n<li class=\"product-features__item-list__item\" role=\"listitem\"><span class=\"is--medium\">Indicateur de d\u00e9tartrage :<\/span> oui, pour alerter qu&rsquo;un d\u00e9tartrage est n\u00e9cessaire pour pr\u00e9server la dur\u00e9e de vie de votre appareil\t\t\t\t\t<\/li>\n<li class=\"product-features__item-list__item\" role=\"listitem\"><span class=\"is--medium\">Programme de nettoyage :<\/span> oui, vous guide sur les \u00e9tapes d&rsquo;entretien de la machine\t\t\t\t\t<\/li>\n<li class=\"product-features__item-list__item\" role=\"listitem\"><span class=\"is--medium\">Bloc infuseur amovible :<\/span> oui, se retire facilement en fa\u00e7ade et se nettoie simplement sous l&rsquo;eau chaude pour pr\u00e9server la qualit\u00e9 du caf\u00e9 et la long\u00e9vit\u00e9 de votre appareil\t\t\t\t\t<\/li>\n<\/ul>\n<\/li>\n<li class=\"product-features__item\" role=\"listitem\">\n<h3 class=\"product-features__label\">Dimensions<\/h3>\n<ul role=\"list\">\n<li class=\"product-features__item-list__item\" role=\"listitem\"><span class=\"is--medium\">Dimensions l x h x p :<\/span> 24 x 36 x 44 cm\t\t\t\t\t<\/li>\n<li class=\"product-features__item-list__item\" role=\"listitem\"><span class=\"is--medium\">Poids Net :<\/span> 10 kg\t\t\t\t\t<\/li>\n<li class=\"product-features__item-list__item\" role=\"listitem\"><span class=\"is--medium\">Poids Brut :<\/span> 12 kg\t\t\t\t\t<\/li>\n<\/ul>\n<\/li>\n<li class=\"product-features__item\" role=\"listitem\">\n<h3 class=\"product-features__label\">Informations compl\u00e9mentaires<\/h3>\n<ul role=\"list\">\n<li class=\"product-features__item-list__item\" role=\"listitem\"><span class=\"is--medium\">Fabriqu\u00e9 en :<\/span> Roumanie\t\t\t\t\t<\/li>\n<li class=\"product-features__item-list__item\" role=\"listitem\"><span class=\"is--medium\">Assembl\u00e9 en :<\/span> Europe\t\t\t\t\t<\/li>\n<li class=\"product-features__item-list__item\" role=\"listitem\"><span class=\"is--medium\">Disponibilit\u00e9 des pi\u00e8ces d\u00e9tach\u00e9es (donn\u00e9es fournisseur) :<\/span> Pendant 10 ans, \u00e0 compter de la date d&rsquo;achat\t\t\t\t\t<\/li>\n<\/ul>\n<\/li>\n<\/ul>\n<\/div>\n<div class=\"product__disclosure-content\">\n<div class=\"js-read-more product-description__content read-more read-more--truncated\" data-read-more-name=\"description\" style=\"max-height: 500px; overflow: hidden;\">\n<\/p>\n<p><center><a href=\"https:\/\/boulanger.scene7.com\/is\/content\/Boulanger\/1.Produit\/Annexes\/Planning%20delonghi.pdf\"><img fetchpriority=\"high\" decoding=\"async\" alt=\"\" height=\"190\" src=\"https:\/\/boulanger.scene7.com\/is\/image\/Boulanger\/Baniere animation delonghi?wid=1260\" width=\"1260\"\/><\/a><\/center><\/p>\n<div class=\"product__description-content read-more\" style=\"\">\n<p>Expresso Broyeur DELONGHI Magnifica Evo FEB2981.TB Titanium : L&rsquo;\u00e9l\u00e9gance rencontre la performance<\/p>\n<h3><img decoding=\"async\" ,=\"\" alt=\"Expresso Broyeur DELONGHI Magnifica Evo FEB2981.TB titanium\" class=\"wy_tableau_gauche\" height=\"270\" src=\"https:\/\/boulanger.scene7.com\/is\/image\/Boulanger\/8004399022256_h_f_l_0?wid=400&amp;hei=270\" width=\"400\"\/>Design moderne et utilisation intuitive                <\/h3>\n<p>                    Le DELONGHI Magnifica Evo FEB2981.TB Titanium se distingue par son design \u00e9pur\u00e9, s&rsquo;int\u00e9grant parfaitement dans toute cuisine moderne. Son panneau de commande tactile, agr\u00e9ment\u00e9 d&rsquo;ic\u00f4nes color\u00e9s, offre une exp\u00e9rience utilisateur des plus intuitives. Avec ses 6 recettes de caf\u00e9 en acc\u00e8s direct et la possibilit\u00e9 de pr\u00e9parer de l&rsquo;eau chaude, cette machine \u00e0 caf\u00e9 r\u00e9pond \u00e0 toutes les envies. La personnalisation de l&rsquo;intensit\u00e9, de la longueur en tasse et de la temp\u00e9rature se fait en toute simplicit\u00e9, garantissant une boisson sur mesure \u00e0 chaque utilisation.                <\/p>\n<\/p>\n<h3><img decoding=\"async\" ,=\"\" alt=\"Expresso Broyeur DELONGHI Magnifica Evo FEB2981.TB titanium\" class=\"wy_tableau_right\" height=\"270\" src=\"https:\/\/boulanger.scene7.com\/is\/image\/Boulanger\/8004399022256_h_f_l_1?wid=400&amp;hei=270\" width=\"400\"\/>Qualit\u00e9 de caf\u00e9 exceptionnelle et entretien simplifi\u00e9                <\/h3>\n<p>                     Le DELONGHI Magnifica Evo est \u00e9quip\u00e9 d&rsquo;un broyeur int\u00e9gr\u00e9 avec 13 niveaux de mouture r\u00e9glables, assurant une fra\u00eecheur et une qualit\u00e9 de caf\u00e9 in\u00e9gal\u00e9es. La technologie LatteCrema System, avec sa carafe \u00e0 lait amovible, permet de cr\u00e9er une mousse de lait parfaite pour des cappuccinos onctueux. L&rsquo;entretien est facilit\u00e9 gr\u00e2ce \u00e0 la grille \u00e9gouttoir amovible et compatible lave-vaisselle, ainsi que par les programmes automatiques de rin\u00e7age et d\u00e9tartrage. Avec sa classe \u00e9nerg\u00e9tique A, ce mod\u00e8le est un choix \u00e9co-responsable pour les amateurs de caf\u00e9 soucieux de l&rsquo;environnement.                <\/p>\n<\/div>\n<\/div>\n<p><bl-button a11yexpanded=\"false\" arialabel=\"Afficher toute la description\" class=\"read-more__btn\" full=\"false\" link=\"true\"><\/bl-button><\/div>","protected":false},"excerpt":{"rendered":"<div class=\"keypoints\">\n<h3 class=\"keypoints__title\">Les points cl\u00e9s<\/h3>\n<ul role=\"list\">\n<li class=\"keypoints__item\" role=\"listitem\">                                        3 recettes de caf\u00e9                      <\/li>\n<li class=\"keypoints__item\" role=\"listitem\">                          2 recettes de caf\u00e9s lact\u00e9es &#8211;                                                      Ecran tactile                      <\/li>\n<li class=\"keypoints__item\" role=\"listitem\">                                        Nombre de tasses : 1 ou 2 caf\u00e9s simultan\u00e9s                      <\/li>\n<li class=\"keypoints__item\" role=\"listitem\">                                        Nombre de finesse de mouture : 13                      <\/li>\n<li class=\"keypoints__item keypoints__item--advantage\" role=\"listitem\"><strong>Le + :<\/strong> personnalisez l&rsquo;intensit\u00e9, la longueur en tasse et la temp\u00e9rature de toutes les boissons disponibles      <\/li>\n<\/ul>","protected":false},"featured_media":72441,"template":"","meta":{"_glsr_average":0,"_glsr_ranking":0,"_glsr_reviews":0},"product_cat":[308],"product_tag":[230,286,309],"class_list":{"0":"post-72442","1":"product","2":"type-product","3":"status-publish","4":"has-post-thumbnail","6":"product_cat-machine-a-cafe-a-grain","7":"product_tag-cuisine-et-cuisson","8":"product_tag-machine-a-cafe","9":"product_tag-machine-a-cafe-a-grain","11":"first","12":"instock","13":"sale","14":"shipping-taxable","15":"purchasable","16":"product-type-simple"},"_links":{"self":[{"href":"https:\/\/electromenagerexpress.com\/en\/wp-json\/wp\/v2\/product\/72442","targetHints":{"allow":["GET"]}}],"collection":[{"href":"https:\/\/electromenagerexpress.com\/en\/wp-json\/wp\/v2\/product"}],"about":[{"href":"https:\/\/electromenagerexpress.com\/en\/wp-json\/wp\/v2\/types\/product"}],"wp:featuredmedia":[{"embeddable":true,"href":"https:\/\/electromenagerexpress.com\/en\/wp-json\/wp\/v2\/media\/72441"}],"wp:attachment":[{"href":"https:\/\/electromenagerexpress.com\/en\/wp-json\/wp\/v2\/media?parent=72442"}],"wp:term":[{"taxonomy":"product_cat","embeddable":true,"href":"https:\/\/electromenagerexpress.com\/en\/wp-json\/wp\/v2\/product_cat?post=72442"},{"taxonomy":"product_tag","embeddable":true,"href":"https:\/\/electromenagerexpress.com\/en\/wp-json\/wp\/v2\/product_tag?post=72442"}],"curies":[{"name":"wp","href":"https:\/\/api.w.org\/{rel}","templated":true}]}}