{"id":72271,"date":"2024-11-24T12:48:35","date_gmt":"2024-11-24T12:48:35","guid":{"rendered":"https:\/\/electromenagerexpress.com\/product\/expresso-broyeurninjaes601eu-luxe-premier\/"},"modified":"2024-11-24T12:48:50","modified_gmt":"2024-11-24T12:48:50","slug":"expresso-broyeurninjaes601eu-luxe-premier","status":"publish","type":"product","link":"https:\/\/electromenagerexpress.com\/en\/product\/expresso-broyeurninjaes601eu-luxe-premier\/","title":{"rendered":"Expresso broyeur\t\t\t\t\t\t\tNINJA\t\t\t\tES601EU Luxe Premier"},"content":{"rendered":"<div class=\"product-features__content\">\n<ul role=\"list\">\n<li class=\"product-features__item\" role=\"listitem\">\n<h3 class=\"product-features__label\">Caract\u00e9ristiques g\u00e9n\u00e9rales<\/h3>\n<ul role=\"list\">\n<li class=\"product-features__item-list__item\" role=\"listitem\"><span class=\"is--medium\">Type de Machine :<\/span> Expresso avec broyeur\t\t\t\t\t<\/li>\n<li class=\"product-features__item-list__item\" role=\"listitem\"><span class=\"is--medium\">Couleur :<\/span> Argent\t\t\t\t\t<\/li>\n<li class=\"product-features__item-list__item\" role=\"listitem\"><span class=\"is--medium\">Puissance :<\/span> 1.650 W\t\t\t\t\t<\/li>\n<li class=\"product-features__item-list__item\" role=\"listitem\"><span class=\"is--medium\">Type de caf\u00e9 :<\/span> Caf\u00e9 en grain\t\t\t\t\t<\/li>\n<li class=\"product-features__item-list__item\" role=\"listitem\"><span class=\"is--medium\">Mod\u00e8le de la machine :<\/span> \u00ab\u00a0U\u00a0\u00bb Nespresso\t\t\t\t\t<\/li>\n<li class=\"product-features__item-list__item\" role=\"listitem\"><span class=\"is--medium\">Syst\u00e8me de pompe :<\/span> Double\t\t\t\t\t<\/li>\n<li class=\"product-features__item-list__item\" role=\"listitem\"><span class=\"is--medium\">Pression :<\/span> 10 bars\t\t\t\t\t<\/li>\n<li class=\"product-features__item-list__item\" role=\"listitem\"><span class=\"is--medium\">Type d&rsquo;installation :<\/span> Pose libre\t\t\t\t\t<\/li>\n<li class=\"product-features__item-list__item\" role=\"listitem\"><span class=\"is--medium\">Connect\u00e9e :<\/span> Non\t\t\t\t\t<\/li>\n<li class=\"product-features__item-list__item\" role=\"listitem\"><span class=\"is--medium\">Type de chauffe :<\/span> Thermoblock\t\t\t\t\t<\/li>\n<li class=\"product-features__item-list__item\" role=\"listitem\"><span class=\"is--medium\">Nombres de tasses :<\/span> 2 tasses\t\t\t\t\t<\/li>\n<li class=\"product-features__item-list__item\" role=\"listitem\"><span class=\"is--medium\">Mati\u00e8re :<\/span> Acier inox\t\t\t\t\t<\/li>\n<\/ul>\n<\/li>\n<li class=\"product-features__item\" role=\"listitem\">\n<h3 class=\"product-features__label\">Boissons Pr\u00e9par\u00e9es<\/h3>\n<ul role=\"list\">\n<li class=\"product-features__item-list__item\" role=\"listitem\"><span class=\"is--medium\">Allong\u00e9 (Americano) :<\/span> Oui\t\t\t\t\t<\/li>\n<li class=\"product-features__item-list__item\" role=\"listitem\"><span class=\"is--medium\">Caf\u00e9 :<\/span> Oui\t\t\t\t\t<\/li>\n<li class=\"product-features__item-list__item\" role=\"listitem\"><span class=\"is--medium\">Mug :<\/span> Oui\t\t\t\t\t<\/li>\n<li class=\"product-features__item-list__item\" role=\"listitem\"><span class=\"is--medium\">Th\u00e9 &amp; infusion :<\/span> Non\t\t\t\t\t<\/li>\n<li class=\"product-features__item-list__item\" role=\"listitem\"><span class=\"is--medium\">Chocolat :<\/span> Non\t\t\t\t\t<\/li>\n<li class=\"product-features__item-list__item\" role=\"listitem\"><span class=\"is--medium\">Cappuccino :<\/span> Oui\t\t\t\t\t<\/li>\n<li class=\"product-features__item-list__item\" role=\"listitem\"><span class=\"is--medium\">Mousse de lait :<\/span> Oui\t\t\t\t\t<\/li>\n<li class=\"product-features__item-list__item\" role=\"listitem\"><span class=\"is--medium\">Latte Macchiato :<\/span> Oui\t\t\t\t\t<\/li>\n<li class=\"product-features__item-list__item\" role=\"listitem\"><span class=\"is--medium\">Caf\u00e9 long :<\/span> Oui\t\t\t\t\t<\/li>\n<li class=\"product-features__item-list__item\" role=\"listitem\"><span class=\"is--medium\">Espresso :<\/span> Oui\t\t\t\t\t<\/li>\n<li class=\"product-features__item-list__item\" role=\"listitem\"><span class=\"is--medium\">Lungo :<\/span> Oui\t\t\t\t\t<\/li>\n<li class=\"product-features__item-list__item\" role=\"listitem\"><span class=\"is--medium\">Ristretto :<\/span> Oui\t\t\t\t\t<\/li>\n<li class=\"product-features__item-list__item\" role=\"listitem\"><span class=\"is--medium\">Eau chaude :<\/span> Oui\t\t\t\t\t<\/li>\n<li class=\"product-features__item-list__item\" role=\"listitem\"><span class=\"is--medium\">Caf\u00e9 au Lait :<\/span> Oui\t\t\t\t\t<\/li>\n<li class=\"product-features__item-list__item\" role=\"listitem\"><span class=\"is--medium\">Doppio+ :<\/span> Oui\t\t\t\t\t<\/li>\n<li class=\"product-features__item-list__item\" role=\"listitem\"><span class=\"is--medium\">Lait chaud :<\/span> Oui\t\t\t\t\t<\/li>\n<li class=\"product-features__item-list__item\" role=\"listitem\"><span class=\"is--medium\">Cappuccino mix :<\/span> Oui\t\t\t\t\t<\/li>\n<li class=\"product-features__item-list__item\" role=\"listitem\"><span class=\"is--medium\">Caf\u00e9 froid :<\/span> Oui\t\t\t\t\t<\/li>\n<li class=\"product-features__item-list__item\" role=\"listitem\"><span class=\"is--medium\">Cappuccino+ :<\/span> Oui\t\t\t\t\t<\/li>\n<li class=\"product-features__item-list__item\" role=\"listitem\"><span class=\"is--medium\">Flat white :<\/span> Oui\t\t\t\t\t<\/li>\n<\/ul>\n<\/li>\n<li class=\"product-features__item\" role=\"listitem\">\n<h3 class=\"product-features__label\">Fonctions<\/h3>\n<ul role=\"list\">\n<li class=\"product-features__item-list__item\" role=\"listitem\"><span class=\"is--medium\">Grille repose tasse ajustable en hauteur :<\/span> Oui\t\t\t\t\t<\/li>\n<li class=\"product-features__item-list__item\" role=\"listitem\"><span class=\"is--medium\">Bac r\u00e9colte-goutte amovible :<\/span> Oui\t\t\t\t\t<\/li>\n<li class=\"product-features__item-list__item\" role=\"listitem\"><span class=\"is--medium\">Plateau chauffe tasses :<\/span> Oui\t\t\t\t\t<\/li>\n<li class=\"product-features__item-list__item\" role=\"listitem\"><span class=\"is--medium\">Bouton marche\/arr\u00eat :<\/span> Oui\t\t\t\t\t<\/li>\n<li class=\"product-features__item-list__item\" role=\"listitem\"><span class=\"is--medium\">Ecoulement de caf\u00e9 r\u00e9glable en hauteur :<\/span> Non\t\t\t\t\t<\/li>\n<\/ul>\n<\/li>\n<li class=\"product-features__item\" role=\"listitem\">\n<h3 class=\"product-features__label\">R\u00e9servoir<\/h3>\n<ul role=\"list\">\n<li class=\"product-features__item-list__item\" role=\"listitem\"><span class=\"is--medium\">Capacit\u00e9 :<\/span> 2,00 L\t\t\t\t\t<\/li>\n<li class=\"product-features__item-list__item\" role=\"listitem\"><span class=\"is--medium\">R\u00e9servoir amovible :<\/span> Oui\t\t\t\t\t<\/li>\n<li class=\"product-features__item-list__item\" role=\"listitem\"><span class=\"is--medium\">Niveau d&rsquo;eau visible :<\/span> Oui\t\t\t\t\t<\/li>\n<\/ul>\n<\/li>\n<li class=\"product-features__item\" role=\"listitem\">\n<h3 class=\"product-features__label\">Programmation<\/h3>\n<ul role=\"list\">\n<li class=\"product-features__item-list__item\" role=\"listitem\"><span class=\"is--medium\">S\u00e9lecteur de tasse :<\/span> Expresso, double expresso, gran lungo, mug ou alto\t\t\t\t\t<\/li>\n<li class=\"product-features__item-list__item\" role=\"listitem\"><span class=\"is--medium\">Arr\u00eat de l&rsquo;\u00e9coulement du caf\u00e9 dans la tasse :<\/span> Arr\u00eat automatique\t\t\t\t\t<\/li>\n<li class=\"product-features__item-list__item\" role=\"listitem\"><span class=\"is--medium\">Arr\u00eat automatique de la machine :<\/span> Non concern\u00e9\t\t\t\t\t<\/li>\n<\/ul>\n<\/li>\n<li class=\"product-features__item\" role=\"listitem\">\n<h3 class=\"product-features__label\">Buse<\/h3>\n<ul role=\"list\">\n<li class=\"product-features__item-list__item\" role=\"listitem\"><span class=\"is--medium\">Type de buse :<\/span> Avec Buse Vapeur\t\t\t\t\t<\/li>\n<\/ul>\n<\/li>\n<li class=\"product-features__item\" role=\"listitem\">\n<h3 class=\"product-features__label\">R\u00e9cup\u00e9ration du caf\u00e9<\/h3>\n<ul role=\"list\">\n<li class=\"product-features__item-list__item\" role=\"listitem\"><span class=\"is--medium\">\u00c9jection capsules\/dosettes :<\/span> Automatique\t\t\t\t\t<\/li>\n<\/ul>\n<\/li>\n<li class=\"product-features__item\" role=\"listitem\">\n<h3 class=\"product-features__label\">Fonctions sp\u00e9cifiques<\/h3>\n<ul role=\"list\">\n<li class=\"product-features__item-list__item\" role=\"listitem\"><span class=\"is--medium\">Carafe \u00e0 lait :<\/span> Oui\t\t\t\t\t<\/li>\n<li class=\"product-features__item-list__item\" role=\"listitem\"><span class=\"is--medium\">Mousseur \u00e0 lait :<\/span> Oui\t\t\t\t\t<\/li>\n<\/ul>\n<\/li>\n<li class=\"product-features__item\" role=\"listitem\">\n<h3 class=\"product-features__label\">Informations compl\u00e9mentaires<\/h3>\n<ul role=\"list\">\n<li class=\"product-features__item-list__item\" role=\"listitem\"><span class=\"is--medium\">Fabriqu\u00e9 en :<\/span> Chine\t\t\t\t\t<\/li>\n<li class=\"product-features__item-list__item\" role=\"listitem\"><span class=\"is--medium\">Garantie :<\/span> 2 ans\t\t\t\t\t<\/li>\n<li class=\"product-features__item-list__item\" role=\"listitem\"><span class=\"is--medium\">Disponibilit\u00e9 des pi\u00e8ces d\u00e9tach\u00e9es (donn\u00e9es fournisseur) :<\/span> Pendant 7 ans, \u00e0 compter de la date d&rsquo;achat\t\t\t\t\t<\/li>\n<li class=\"product-features__item-list__item\" role=\"listitem\"><span class=\"is--medium\">R\u00e9f\u00e9rence constructeur :<\/span> ES601EU Luxe Premier\t\t\t\t\t<\/li>\n<li class=\"product-features__item-list__item\" role=\"listitem\"><span class=\"is--medium\">Marque :<\/span> NINJA\t\t\t\t\t<\/li>\n<\/ul>\n<\/li>\n<li class=\"product-features__item\" role=\"listitem\">\n<h3 class=\"product-features__label\">Dimensions<\/h3>\n<ul role=\"list\">\n<li class=\"product-features__item-list__item\" role=\"listitem\"><span class=\"is--medium\">Dimensions l x h x p :<\/span> 34 x 37 x 33 cm\t\t\t\t\t<\/li>\n<li class=\"product-features__item-list__item\" role=\"listitem\"><span class=\"is--medium\">Poids Net :<\/span> 12,0 kg\t\t\t\t\t<\/li>\n<li class=\"product-features__item-list__item\" role=\"listitem\"><span class=\"is--medium\">Poids Brut :<\/span> 15,0 kg\t\t\t\t\t<\/li>\n<\/ul>\n<\/li>\n<\/ul>\n<\/div>\n<div class=\"product__disclosure-content\">\n<div class=\"js-read-more product-description__content read-more read-more--truncated\" data-read-more-name=\"description\" style=\"max-height: 500px; overflow: hidden;\">\n<div class=\"product__description-content read-more\" style=\"\">\n<p>Ninja ES601EU Luxe Premier : L&rsquo;Excellence du Caf\u00e9 \u00e0 Domicile<\/p>\n<h3> <img fetchpriority=\"high\" decoding=\"async\" ,=\"\" alt=\"Expresso broyeur NINJA ES601EU Luxe Premier\" class=\"wy_tableau_gauche\" height=\"270\" src=\"https:\/\/boulanger.scene7.com\/is\/image\/Boulanger\/0622356287951_h_f_l_0?wid=400&amp;hei=270\" width=\"400\"\/>Technologie Avanc\u00e9e pour un Caf\u00e9 de Qualit\u00e9 Barista <\/h3>\n<p> La machine \u00e0 caf\u00e9 Ninja ES601EU Luxe Premier est une r\u00e9volution pour les amateurs de caf\u00e9 exigeants. Avec sa technologie BaristaAssist, elle offre une pr\u00e9cision digne des meilleurs caf\u00e9s : dosage automatique, balance int\u00e9gr\u00e9e, calibrage intelligent et recommandations de mouture adapt\u00e9es au type de caf\u00e9 et au grain utilis\u00e9. Le broyeur \u00e0 grains int\u00e9gr\u00e9 avec meule conique en acier inoxydable garantit une mouture parfaite, ajustable parmi 25 r\u00e9glages. La pression optimale de 9-11 bars et la puissance de 1650W assurent une extraction id\u00e9ale pour un espresso riche et onctueux, un caf\u00e9 filtre savoureux ou un cold brew rafra\u00eechissant. Avec ses 3 niveaux d&rsquo;intensit\u00e9 et 8 programmes de caf\u00e9, cette machine polyvalente r\u00e9pond \u00e0 toutes les envies. <\/p>\n<\/p>\n<h3> <img decoding=\"async\" ,=\"\" alt=\"Expresso broyeur NINJA ES601EU Luxe Premier\" class=\"wy_tableau_right\" height=\"270\" src=\"https:\/\/boulanger.scene7.com\/is\/image\/Boulanger\/0622356287951_h_f_l_1?wid=400&amp;hei=270\" width=\"400\"\/>Confort d&rsquo;Utilisation et Personnalisation <\/h3>\n<p> Le Ninja ES601EU Luxe Premier est con\u00e7u pour offrir une exp\u00e9rience utilisateur sans faille, qu&rsquo;elle soit manuelle ou automatique. Le mousseur \u00e0 lait double-action permet de choisir entre 4 options de moussage, id\u00e9al pour les laits animaux ou v\u00e9g\u00e9taux. Le tamper assist\u00e9 assure un tassage parfait avec la bonne pression, et le r\u00e9servoir d&rsquo;eau de 2L avec filtre int\u00e9gr\u00e9 simplifie le remplissage et garantit une eau de qualit\u00e9. La machine propose \u00e9galement des rangements accessoires int\u00e9gr\u00e9s pour une organisation optimale. Avec la possibilit\u00e9 de choisir la taille de la tasse de S \u00e0 XL pour le caf\u00e9 filtre et un r\u00e9servoir \u00e0 grains de 250g, le Ninja ES601EU Luxe Premier est le choix parfait pour les passionn\u00e9s de caf\u00e9 qui ne veulent pas faire de compromis sur la qualit\u00e9 et la commodit\u00e9. <\/p>\n<\/p><\/div>\n<\/p>\n<\/div>\n<p><bl-button a11yexpanded=\"false\" arialabel=\"Afficher toute la description\" class=\"read-more__btn\" full=\"false\" link=\"true\">Voir plus<\/bl-button><\/div>","protected":false},"excerpt":{"rendered":"<div class=\"keypoints\">\n<h3 class=\"keypoints__title\">Les points cl\u00e9s<\/h3>\n<ul role=\"list\">\n<li class=\"keypoints__item\" role=\"listitem\">                          Expresso avec broyeur &#8211;                                                      Pression : 10 bars                      <\/li>\n<li class=\"keypoints__item\" role=\"listitem\">                                        Capacit\u00e9 en eau : 2 L                      <\/li>\n<li class=\"keypoints__item\" role=\"listitem\">                                        Caf\u00e9 en grain                      <\/li>\n<li class=\"keypoints__item keypoints__item--advantage\" role=\"listitem\"><strong>Le + :<\/strong> la seule machine tout-en-un pour moudre et infuser l&rsquo;expresso, le caf\u00e9 filtre et l&rsquo;infusion \u00e0 froid      <\/li>\n<\/ul>","protected":false},"featured_media":72270,"template":"","meta":{"_glsr_average":0,"_glsr_ranking":0,"_glsr_reviews":0},"product_cat":[285],"product_tag":[230,287,286],"class_list":{"0":"post-72271","1":"product","2":"type-product","3":"status-publish","4":"has-post-thumbnail","6":"product_cat-expresso","7":"product_tag-cuisine-et-cuisson","8":"product_tag-expresso","9":"product_tag-machine-a-cafe","11":"first","12":"instock","13":"sale","14":"shipping-taxable","15":"purchasable","16":"product-type-simple"},"_links":{"self":[{"href":"https:\/\/electromenagerexpress.com\/en\/wp-json\/wp\/v2\/product\/72271","targetHints":{"allow":["GET"]}}],"collection":[{"href":"https:\/\/electromenagerexpress.com\/en\/wp-json\/wp\/v2\/product"}],"about":[{"href":"https:\/\/electromenagerexpress.com\/en\/wp-json\/wp\/v2\/types\/product"}],"wp:featuredmedia":[{"embeddable":true,"href":"https:\/\/electromenagerexpress.com\/en\/wp-json\/wp\/v2\/media\/72270"}],"wp:attachment":[{"href":"https:\/\/electromenagerexpress.com\/en\/wp-json\/wp\/v2\/media?parent=72271"}],"wp:term":[{"taxonomy":"product_cat","embeddable":true,"href":"https:\/\/electromenagerexpress.com\/en\/wp-json\/wp\/v2\/product_cat?post=72271"},{"taxonomy":"product_tag","embeddable":true,"href":"https:\/\/electromenagerexpress.com\/en\/wp-json\/wp\/v2\/product_tag?post=72271"}],"curies":[{"name":"wp","href":"https:\/\/api.w.org\/{rel}","templated":true}]}}