{"id":72124,"date":"2024-11-24T12:46:40","date_gmt":"2024-11-24T12:46:40","guid":{"rendered":"https:\/\/electromenagerexpress.com\/product\/nespressosage-appliancescreatista-plus\/"},"modified":"2024-11-24T12:46:47","modified_gmt":"2024-11-24T12:46:47","slug":"nespressosage-appliancescreatista-plus","status":"publish","type":"product","link":"https:\/\/electromenagerexpress.com\/en\/product\/nespressosage-appliancescreatista-plus\/","title":{"rendered":"Nespresso\t\t\t\t\t\t\tSAGE APPLIANCES\t\t\t\tCreatista Plus"},"content":{"rendered":"<div class=\"product-features__content\">\n<ul role=\"list\">\n<li class=\"product-features__item\" role=\"listitem\">\n<h3 class=\"product-features__label\">Choisir ce produit pour quels usages ?<\/h3>\n<ul role=\"list\">\n<li class=\"product-features__item-list__item\" role=\"listitem\"><span class=\"is--medium\">Types de boissons :<\/span> caf\u00e9 et boissons lact\u00e9es\t\t\t\t\t<\/li>\n<li class=\"product-features__item-list__item\" role=\"listitem\"><span class=\"is--medium\">Longueur du caf\u00e9 :<\/span> expresso, double expresso et caf\u00e9 long\t\t\t\t\t<\/li>\n<li class=\"product-features__item-list__item\" role=\"listitem\"><span class=\"is--medium\">Type de capsules compatibles :<\/span> nespresso (original) et compatibles\t\t\t\t\t<\/li>\n<\/ul>\n<\/li>\n<li class=\"product-features__item\" role=\"listitem\">\n<h3 class=\"product-features__label\">Confort d&rsquo;utilisation<\/h3>\n<ul role=\"list\">\n<li class=\"product-features__item-list__item\" role=\"listitem\"><span class=\"is--medium\">Type de r\u00e9servoir d&rsquo;eau :<\/span> amovible\t\t\t\t\t<\/li>\n<li class=\"product-features__item-list__item\" role=\"listitem\"><span class=\"is--medium\">Capacit\u00e9 du r\u00e9servoir d&rsquo;eau :<\/span> 1,5 L 12 tasses\t\t\t\t\t<\/li>\n<li class=\"product-features__item-list__item\" role=\"listitem\"><span class=\"is--medium\">Bac \u00e0 capsules :<\/span> Oui\t\t\t\t\t<\/li>\n<li class=\"product-features__item-list__item\" role=\"listitem\"><span class=\"is--medium\">Support de tasses :<\/span> possibilit\u00e9 de retirer le support pour mettre un mug\t\t\t\t\t<\/li>\n<li class=\"product-features__item-list__item\" role=\"listitem\"><span class=\"is--medium\">Arr\u00eat automatique de la machine :<\/span> Oui\t\t\t\t\t<\/li>\n<li class=\"product-features__item-list__item\" role=\"listitem\"><span class=\"is--medium\">Connectiv\u00e9 :<\/span> Non\t\t\t\t\t<\/li>\n<li class=\"product-features__item-list__item\" role=\"listitem\"><span class=\"is--medium\">Arr\u00eat de l&rsquo;\u00e9coulement de la boisson :<\/span> automatique\t\t\t\t\t<\/li>\n<\/ul>\n<\/li>\n<li class=\"product-features__item\" role=\"listitem\">\n<h3 class=\"product-features__label\">Equipement<\/h3>\n<ul role=\"list\">\n<li class=\"product-features__item-list__item\" role=\"listitem\"><span class=\"is--medium\">Buse vapeur :<\/span> oui, pour pr\u00e9parer manuellement vos boissons lact\u00e9es\t\t\t\t\t<\/li>\n<li class=\"product-features__item-list__item\" role=\"listitem\"><span class=\"is--medium\">Carafe \u00e0 lait :<\/span> Non concern\u00e9e\t\t\t\t\t<\/li>\n<li class=\"product-features__item-list__item\" role=\"listitem\"><span class=\"is--medium\">Technologie centrifusion : :<\/span> Non\t\t\t\t\t<\/li>\n<li class=\"product-features__item-list__item\" role=\"listitem\"><span class=\"is--medium\">Dur\u00e9e de pr\u00e9chauffage :<\/span> 3 s\t\t\t\t\t<\/li>\n<li class=\"product-features__item-list__item\" role=\"listitem\"><span class=\"is--medium\">Puissance :<\/span> 1.500 W\t\t\t\t\t<\/li>\n<li class=\"product-features__item-list__item\" role=\"listitem\"><span class=\"is--medium\">Pression :<\/span> 19 bars\t\t\t\t\t<\/li>\n<li class=\"product-features__item-list__item\" role=\"listitem\"><span class=\"is--medium\">Longueur c\u00e2ble alimentation :<\/span> 1 cm\t\t\t\t\t<\/li>\n<\/ul>\n<\/li>\n<li class=\"product-features__item\" role=\"listitem\">\n<h3 class=\"product-features__label\">Design<\/h3>\n<ul role=\"list\">\n<li class=\"product-features__item-list__item\" role=\"listitem\"><span class=\"is--medium\">Couleur :<\/span> Inox\t\t\t\t\t<\/li>\n<li class=\"product-features__item-list__item\" role=\"listitem\"><span class=\"is--medium\">Finition de la machine :<\/span> inox\t\t\t\t\t<\/li>\n<\/ul>\n<\/li>\n<li class=\"product-features__item\" role=\"listitem\">\n<h3 class=\"product-features__label\">Entretien<\/h3>\n<ul role=\"list\">\n<li class=\"product-features__item-list__item\" role=\"listitem\"><span class=\"is--medium\">Indicateur de d\u00e9tartrage :<\/span> Oui\t\t\t\t\t<\/li>\n<li class=\"product-features__item-list__item\" role=\"listitem\"><span class=\"is--medium\">conseil d&rsquo;entretien :<\/span> un d\u00e9tartrage r\u00e9gulier de votre machine assure le fonctionnement optimal et pr\u00e9serve la dur\u00e9e de vie de votre appareil\t\t\t\t\t<\/li>\n<li class=\"product-features__item-list__item\" role=\"listitem\"><span class=\"is--medium\">Pour entretenir la machine :<\/span> <a href=\"https:\/\/www.boulanger.com\/c\/nav-filtre\/accessoire-consommable-expresso-cafetiere?facette_accessoire_cafetiere_et_expresso_____usage_cafe_et_the~j27entretien20ma20machine20e020cafe9\">En cliquant ici<\/a><\/li>\n<\/ul>\n<\/li>\n<li class=\"product-features__item\" role=\"listitem\">\n<h3 class=\"product-features__label\">Dimensions<\/h3>\n<ul role=\"list\">\n<li class=\"product-features__item-list__item\" role=\"listitem\"><span class=\"is--medium\">Dimensions l x h x p :<\/span> 22.4 x 31 x 41.4 cm\t\t\t\t\t<\/li>\n<li class=\"product-features__item-list__item\" role=\"listitem\"><span class=\"is--medium\">Poids Net (kg) :<\/span> 5,46 Kg\t\t\t\t\t<\/li>\n<\/ul>\n<\/li>\n<li class=\"product-features__item\" role=\"listitem\">\n<h3 class=\"product-features__label\">Informations compl\u00e9mentaires<\/h3>\n<ul role=\"list\">\n<li class=\"product-features__item-list__item\" role=\"listitem\"><span class=\"is--medium\">Garantie :<\/span> 2 ans\t\t\t\t\t<\/li>\n<li class=\"product-features__item-list__item\" role=\"listitem\"><span class=\"is--medium\">Fabriqu\u00e9 en :<\/span> Chine\t\t\t\t\t<\/li>\n<li class=\"product-features__item-list__item\" role=\"listitem\"><span class=\"is--medium\">Disponibilit\u00e9 des pi\u00e8ces d\u00e9tach\u00e9es (donn\u00e9es fournisseur) :<\/span> Pendant 5 ans, \u00e0 compter de la date d&rsquo;achat\t\t\t\t\t<\/li>\n<li class=\"product-features__item-list__item\" role=\"listitem\"><span class=\"is--medium\">R\u00e9f\u00e9rence constructeur :<\/span> Creatista Plus\t\t\t\t\t<\/li>\n<li class=\"product-features__item-list__item\" role=\"listitem\"><span class=\"is--medium\">Marque :<\/span> SAGE APPLIANCES\t\t\t\t\t<\/li>\n<\/ul>\n<\/li>\n<\/ul>\n<\/div>\n<div class=\"product__disclosure-content\">\n<div class=\"js-read-more product-description__content read-more read-more--truncated\" data-read-more-name=\"description\" style=\"max-height: 500px; overflow: hidden;\">\n<p>La<b> Creatista Plus<\/b> vous permet de d\u00e9guster chez vous un caf\u00e9 de qualit\u00e9 professionnelle. Gr\u00e2ce \u00e0 la<b> buse vapeur automatique<\/b>, vous pouvez d\u00e9sormais<b> cr\u00e9er un lait \u00e0 la texture parfaite<\/b> et \u00e0 la <b>temp\u00e9rature de votre choix<\/b>. R\u00e9alisez des cr\u00e9ations uniques de type latte ainsi qu&rsquo;une large gamme de recettes \u00e0 base de lait. Propos\u00e9e en acier inoxydable, la <b>Creatista Plus<\/b> poss\u00e8de un <b>temps de chauffe de 3 secondes<\/b>, 8 niveaux de texture et 11 r\u00e9glages de temp\u00e9rature du lait et comprend un pichet \u00e0 lait en acier inoxydable.<\/p>\n<p><img fetchpriority=\"high\" decoding=\"async\" alt=\"URL SCENE7\" class=\"wy_tableau_gauche\" height=\"309\" src=\"https:\/\/boulanger.scene7.com\/is\/image\/Boulanger\/9312432031097_h_f_l_2?wid=1000\" width=\"400\"\/><\/p>\n<p><b>CR\u00c9EZ UNE MOUSSE FINE DE QUALIT\u00c9 PROFESSIONNELLE\u00a0<\/b>: Gr\u00e2ce \u00e0 la buse vapeur automatique, obtenez d\u00e9sormais un lait \u00e0 la texture parfaite et \u00e0 la temp\u00e9rature de votre choix et ma\u00eetrisez l&rsquo;art du latte directement chez vous.<\/p>\n<p><b>PRATICIT\u00c9 SANS COMPROMIS<\/b> :\u00a0Toute la praticit\u00e9 d&rsquo;une machine \u00e0 caf\u00e9 portionn\u00e9 Nespresso alli\u00e9e \u00e0 la technologie Sage pour une micro-mousse de lait parfaite. Une technologie incluse pour la premi\u00e8re fois dans une machine \u00e0 caf\u00e9 portionn\u00e9.<\/p>\n<p><b>FONCTION DE NETTOYAGE AUTOMATIQUE\u00a0<\/b>: La buse vapeur automatique se purge d&rsquo;elle-m\u00eame, ce qui r\u00e9duit le nettoyage.<\/p>\n<p><b>CR\u00c9EZ VOTRE CAF\u00c9 PR\u00c9F\u00c9R\u00c9 EN TOUTE SIMPLICIT\u00c9\u00a0<\/b>:\u00a0Que vous soyez amateur de caf\u00e9 noir ou de caf\u00e9 accompagn\u00e9 de lait \u00e0 la texture parfaite, l&rsquo;\u00e9cran tactile intuitif vous guide dans la r\u00e9alisation de nombreuses recettes de caf\u00e9 et vous permet de les personnaliser.<\/p>\n<\/p>\n<p><video class=\"s7Video\" controls=\"\" controlslist=\"nodownload\" poster=\"https:\/\/boulanger.scene7.com\/is\/image\/Boulanger\/9312432031097_v_0?scl=1\" preload=\"metadata\" src=\"https:\/\/boulanger.scene7.com\/is\/content\/Boulanger\/9312432031097_v_0\" width=\"100%\"><\/video><\/p>\n<\/div>\n<p><bl-button a11yexpanded=\"false\" arialabel=\"Afficher toute la description\" class=\"read-more__btn\" full=\"false\" link=\"true\"><\/bl-button><\/div>","protected":false},"excerpt":{"rendered":"<div class=\"keypoints\">\n<h3 class=\"keypoints__title\">Les points cl\u00e9s<\/h3>\n<ul role=\"list\">\n<li class=\"keypoints__item\" role=\"listitem\">                                        Types de boissons : caf\u00e9 et boissons lact\u00e9es                      <\/li>\n<li class=\"keypoints__item\" role=\"listitem\">                                        Type de capsules compatibles : nespresso (original) et compatibles                      <\/li>\n<li class=\"keypoints__item\" role=\"listitem\">                                        Arr\u00eat de l&rsquo;\u00e9coulement de la boisson : automatique                      <\/li>\n<li class=\"keypoints__item\" role=\"listitem\">                                        Puissance : 1.500 W                      <\/li>\n<li class=\"keypoints__item keypoints__item--advantage\" role=\"listitem\"><strong>Le + :<\/strong> Son interface\u00a0intuitive pour la r\u00e9alisation 7 recettes de caf\u00e9 et ses finitions premium      <\/li>\n<\/ul>","protected":false},"featured_media":72123,"template":"","meta":{"_glsr_average":0,"_glsr_ranking":0,"_glsr_reviews":0},"product_cat":[310],"product_tag":[311,230,286],"class_list":{"0":"post-72124","1":"product","2":"type-product","3":"status-publish","4":"has-post-thumbnail","6":"product_cat-cafetiere-a-dosettes","7":"product_tag-cafetiere-a-dosettes","8":"product_tag-cuisine-et-cuisson","9":"product_tag-machine-a-cafe","11":"first","12":"instock","13":"sale","14":"shipping-taxable","15":"purchasable","16":"product-type-simple"},"_links":{"self":[{"href":"https:\/\/electromenagerexpress.com\/en\/wp-json\/wp\/v2\/product\/72124","targetHints":{"allow":["GET"]}}],"collection":[{"href":"https:\/\/electromenagerexpress.com\/en\/wp-json\/wp\/v2\/product"}],"about":[{"href":"https:\/\/electromenagerexpress.com\/en\/wp-json\/wp\/v2\/types\/product"}],"wp:featuredmedia":[{"embeddable":true,"href":"https:\/\/electromenagerexpress.com\/en\/wp-json\/wp\/v2\/media\/72123"}],"wp:attachment":[{"href":"https:\/\/electromenagerexpress.com\/en\/wp-json\/wp\/v2\/media?parent=72124"}],"wp:term":[{"taxonomy":"product_cat","embeddable":true,"href":"https:\/\/electromenagerexpress.com\/en\/wp-json\/wp\/v2\/product_cat?post=72124"},{"taxonomy":"product_tag","embeddable":true,"href":"https:\/\/electromenagerexpress.com\/en\/wp-json\/wp\/v2\/product_tag?post=72124"}],"curies":[{"name":"wp","href":"https:\/\/api.w.org\/{rel}","templated":true}]}}