{"id":72086,"date":"2024-11-24T12:46:10","date_gmt":"2024-11-24T12:46:10","guid":{"rendered":"https:\/\/electromenagerexpress.com\/product\/cafetiere-filtremelittaepos-or-cafetiere-broyeur\/"},"modified":"2025-03-15T14:08:38","modified_gmt":"2025-03-15T14:08:38","slug":"cafetiere-filtremelittaepos-or-cafetiere-broyeur","status":"publish","type":"product","link":"https:\/\/electromenagerexpress.com\/en\/product\/cafetiere-filtremelittaepos-or-cafetiere-broyeur\/","title":{"rendered":"Cafeti\u00e8re filtre\t MELITTA\tEPOS Or cafetiere-broyeur"},"content":{"rendered":"<div class=\"product-features__content\">\n<ul role=\"list\">\n<li class=\"product-features__item\" role=\"listitem\">\n<h3 class=\"product-features__label\">Choisir ce produit pour quels usages ?<\/h3>\n<ul role=\"list\">\n<li class=\"product-features__item-list__item\" role=\"listitem\"><span class=\"is--medium\">Caf\u00e9 utilis\u00e9 :<\/span> caf\u00e9 moulu<\/li>\n<li class=\"product-features__item-list__item\" role=\"listitem\"><span class=\"is--medium\">Cafeti\u00e8re : :<\/span> filtre, l&rsquo;eau se d\u00e9verse goutte \u00e0 goutte pour une extraction douce de votre caf\u00e9. Le caf\u00e9 coule alors dans la verseuse et est pr\u00eat \u00e0 \u00eatre servi!<\/li>\n<\/ul>\n<\/li>\n<li class=\"product-features__item\" role=\"listitem\">\n<h3 class=\"product-features__label\">Confort d&rsquo;utilisation<\/h3>\n<ul role=\"list\">\n<li class=\"product-features__item-list__item\" role=\"listitem\"><span class=\"is--medium\">Capacit\u00e9 de la verseuse :<\/span> 1 L 8 tasses<\/li>\n<li class=\"product-features__item-list__item\" role=\"listitem\"><span class=\"is--medium\">Capacit\u00e9 du bac \u00e0 grain :<\/span> 125 g<\/li>\n<li class=\"product-features__item-list__item\" role=\"listitem\"><span class=\"is--medium\">R\u00e9servoir amovible :<\/span> Oui<\/li>\n<li class=\"product-features__item-list__item\" role=\"listitem\"><span class=\"is--medium\">Porte filtre :<\/span> amovible<\/li>\n<li class=\"product-features__item-list__item\" role=\"listitem\"><span class=\"is--medium\">Arr\u00eat automatique de la machine :<\/span> Oui<\/li>\n<li class=\"product-features__item-list__item\" role=\"listitem\"><span class=\"is--medium\">Maintien au chaud :<\/span> Oui<\/li>\n<li class=\"product-features__item-list__item\" role=\"listitem\"><span class=\"is--medium\">Type d&rsquo;affichage :<\/span> \u00e9cran tactile<\/li>\n<li class=\"product-features__item-list__item\" role=\"listitem\"><span class=\"is--medium\">Niveau d&rsquo;eau visible sur le r\u00e9servoir :<\/span> oui<\/li>\n<\/ul>\n<\/li>\n<li class=\"product-features__item\" role=\"listitem\">\n<h3 class=\"product-features__label\">Equipement<\/h3>\n<ul role=\"list\">\n<li class=\"product-features__item-list__item\" role=\"listitem\"><span class=\"is--medium\">Filtre permanent :<\/span> Non<\/li>\n<li class=\"product-features__item-list__item\" role=\"listitem\"><span class=\"is--medium\">Cuilli\u00e8re doseur :<\/span> Non<\/li>\n<li class=\"product-features__item-list__item\" role=\"listitem\"><span class=\"is--medium\">Taille de filtre :<\/span> 1&#215;4<\/li>\n<li class=\"product-features__item-list__item\" role=\"listitem\"><span class=\"is--medium\">Range cordon :<\/span> Oui<\/li>\n<li class=\"product-features__item-list__item\" role=\"listitem\"><span class=\"is--medium\">Puissance :<\/span> 1.515 W<\/li>\n<\/ul>\n<\/li>\n<li class=\"product-features__item\" role=\"listitem\">\n<h3 class=\"product-features__label\">Design<\/h3>\n<ul role=\"list\">\n<li class=\"product-features__item-list__item\" role=\"listitem\"><span class=\"is--medium\">Coloris :<\/span> NOIR\/OR<\/li>\n<li class=\"product-features__item-list__item\" role=\"listitem\"><span class=\"is--medium\">Finition de la machine :<\/span> plastique<\/li>\n<\/ul>\n<\/li>\n<li class=\"product-features__item\" role=\"listitem\">\n<h3 class=\"product-features__label\">Entretien<\/h3>\n<ul role=\"list\">\n<li class=\"product-features__item-list__item\" role=\"listitem\"><span class=\"is--medium\">Indicateur de d\u00e9tartrage :<\/span> Oui<\/li>\n<li class=\"product-features__item-list__item\" role=\"listitem\"><span class=\"is--medium\">Conseil d&rsquo;entretien :<\/span> un d\u00e9tartrage r\u00e9gulier de votre machine assure le fonctionnement optimal et pr\u00e9serve la dur\u00e9e de vie de votre appareil<\/li>\n<\/ul>\n<\/li>\n<li class=\"product-features__item\" role=\"listitem\">\n<h3 class=\"product-features__label\">Dimensions<\/h3>\n<ul role=\"list\">\n<li class=\"product-features__item-list__item\" role=\"listitem\"><span class=\"is--medium\">Dimensions l x h x p :<\/span> 40 x 40.5 x 36 cm<\/li>\n<li class=\"product-features__item-list__item\" role=\"listitem\"><span class=\"is--medium\">Poids Net (kg) :<\/span> 5,37 Kg<\/li>\n<li class=\"product-features__item-list__item\" role=\"listitem\"><span class=\"is--medium\">Poids Brut (kg) :<\/span> 6,24 Kg<\/li>\n<\/ul>\n<\/li>\n<li class=\"product-features__item\" role=\"listitem\">\n<h3 class=\"product-features__label\">Informations compl\u00e9mentaires<\/h3>\n<ul role=\"list\">\n<li class=\"product-features__item-list__item\" role=\"listitem\"><span class=\"is--medium\">Fabriqu\u00e9 en :<\/span> Chine<\/li>\n<li class=\"product-features__item-list__item\" role=\"listitem\"><span class=\"is--medium\">Garantie :<\/span> 2 ans<\/li>\n<li class=\"product-features__item-list__item\" role=\"listitem\"><span class=\"is--medium\">Disponibilit\u00e9 des pi\u00e8ces d\u00e9tach\u00e9es (donn\u00e9es fournisseur) :<\/span> Pas de pi\u00e8ce disponible<\/li>\n<li class=\"product-features__item-list__item\" role=\"listitem\"><span class=\"is--medium\">R\u00e9f\u00e9rence constructeur :<\/span> EPOS Or cafetiere-broyeur<\/li>\n<li class=\"product-features__item-list__item\" role=\"listitem\"><span class=\"is--medium\">Marque :<\/span> MELITTA<\/li>\n<\/ul>\n<\/li>\n<\/ul>\n<\/div>\n<div class=\"product__disclosure-content\">\n<div class=\"js-read-more product-description__content read-more read-more--truncated\" style=\"max-height: 500px; overflow: hidden;\" data-read-more-name=\"description\">\n<div class=\"product__description-content read-more\">\n<p>Melitta EPOS : L&rsquo;Art du Caf\u00e9 Filtre R\u00e9invent\u00e9<\/p>\n<h3><img fetchpriority=\"high\" decoding=\"async\" class=\"wy_tableau_gauche\" src=\"https:\/\/boulanger.scene7.com\/is\/image\/Boulanger\/4006508222124_h_f_l_0?wid=400&amp;hei=270\" alt=\"Cafeti\u00e8re filtre MELITTA EPOS Or cafetiere-broyeur\" width=\"400\" height=\"270\" \/>Une Pr\u00e9paration de Caf\u00e9 Digne d&rsquo;un Artisan<\/h3>\n<p>La cafeti\u00e8re filtre Melitta EPOS transforme chaque d\u00e9gustation en une exp\u00e9rience multisensorielle, fid\u00e8le \u00e0 la tradition du caf\u00e9 pr\u00e9par\u00e9 \u00e0 la main. Avec sa capacit\u00e9 de 2 \u00e0 8 tasses et son moulin \u00e0 caf\u00e9 int\u00e9gr\u00e9, cette machine offre une finesse de mouture r\u00e9glable, permettant d&rsquo;ajuster l&rsquo;intensit\u00e9 du caf\u00e9 selon les pr\u00e9f\u00e9rences de chacun. La douchette rotative \u00e0 360\u00b0 assure une impr\u00e9gnation optimale du caf\u00e9<\/p>\n<\/div>\n<\/div>\n<p>&nbsp;<\/p>\n<div class=\"js-read-more product-description__content read-more read-more--truncated\" style=\"max-height: 500px; overflow: hidden;\" data-read-more-name=\"description\">\n<p>&nbsp;<\/p>\n<p>&nbsp;<\/p>\n<p>&nbsp;<\/p>\n<p>&nbsp;<\/p>\n<div class=\"product__description-content read-more\">\n<p>&nbsp;<\/p>\n<p>&nbsp;<\/p>\n<p>moulu, tandis que la fonction pr\u00e9-infusion favorise un d\u00e9ploiement parfait des ar\u00f4mes. La simplicit\u00e9 d&rsquo;utilisation est garantie par un \u00e9cran tactile moderne, et la machine s&rsquo;arr\u00eate automatiquement apr\u00e8s 40 minutes, assurant s\u00e9curit\u00e9 et \u00e9conomie d&rsquo;\u00e9nergie. Les dimensions de 357 x 311 x 359 mm et un poids de 4,6 kg en font un appareil \u00e9l\u00e9gant et robuste, adapt\u00e9 \u00e0 toute cuisine.<\/p>\n<h3>Confort et Qualit\u00e9 au Quotidien<\/h3>\n<p>La Melitta EPOS allie esth\u00e9tique et fonctionnalit\u00e9 pour s\u00e9duire les amateurs de caf\u00e9. Le r\u00e9servoir d&rsquo;eau<\/p>\n<\/div>\n<\/div>\n<div class=\"js-read-more product-description__content read-more read-more--truncated\" style=\"max-height: 500px; overflow: hidden;\" data-read-more-name=\"description\">\n<div class=\"product__description-content read-more\">\n<p>amovible facilite le remplissage et le nettoyage, et l&rsquo;appareil peut \u00eatre utilis\u00e9 avec du caf\u00e9 en grains ou moulu, gr\u00e2ce \u00e0 son moulin r\u00e9glable. La plaque chauffante maintient le caf\u00e9 au chaud pendant 40 minutes, et les \u00e9l\u00e9ments amovibles tels que le r\u00e9servoir \u00e0 grains et l&rsquo;anneau du moulin simplifient l&rsquo;entretien. R\u00e9compens\u00e9e par le label de l&rsquo;ECBC, cette cafeti\u00e8re r\u00e9pond aux normes de qualit\u00e9 europ\u00e9ennes les plus strictes, assurant ainsi une long\u00e9vit\u00e9 accrue et une saveur de caf\u00e9 pr\u00e9serv\u00e9e. Avec une puissance de 1 515 watts, la Melitta EPOS est le choix id\u00e9al pour ceux qui cherchent \u00e0 allier le plaisir d&rsquo;un caf\u00e9 fait \u00e0 la main \u00e0 la commodit\u00e9 d&rsquo;une machine automatique.<\/p>\n<\/div>\n<\/div>\n<p>&nbsp;<\/p>\n<\/div>","protected":false},"excerpt":{"rendered":"<div class=\"keypoints\">\n<h3 class=\"keypoints__title\">Les points cl\u00e9s<\/h3>\n<ul role=\"list\">\n<li class=\"keypoints__item\" role=\"listitem\">1 L 8 tasses<\/li>\n<li class=\"keypoints__item\" role=\"listitem\">Maintien au chaud<\/li>\n<li class=\"keypoints__item\" role=\"listitem\">Puissance : 1.515 W<\/li>\n<li class=\"keypoints__item keypoints__item--advantage\" role=\"listitem\"><strong>Le + :<\/strong> Son syst\u00e8me Slow Coffee \u00e9lectrique avec moulin int\u00e9gr\u00e9 qui permet de pr\u00e9parer un caf\u00e9 d&rsquo;exception<\/li>\n<\/ul>\n<\/div>","protected":false},"featured_media":72085,"template":"","meta":{"_glsr_average":0,"_glsr_ranking":0,"_glsr_reviews":0},"product_cat":[312],"product_tag":[313,230,286],"class_list":{"0":"post-72086","1":"product","2":"type-product","3":"status-publish","4":"has-post-thumbnail","6":"product_cat-cafetiere","7":"product_tag-cafetiere","8":"product_tag-cuisine-et-cuisson","9":"product_tag-machine-a-cafe","11":"first","12":"instock","13":"sale","14":"shipping-taxable","15":"purchasable","16":"product-type-simple"},"_links":{"self":[{"href":"https:\/\/electromenagerexpress.com\/en\/wp-json\/wp\/v2\/product\/72086","targetHints":{"allow":["GET"]}}],"collection":[{"href":"https:\/\/electromenagerexpress.com\/en\/wp-json\/wp\/v2\/product"}],"about":[{"href":"https:\/\/electromenagerexpress.com\/en\/wp-json\/wp\/v2\/types\/product"}],"wp:featuredmedia":[{"embeddable":true,"href":"https:\/\/electromenagerexpress.com\/en\/wp-json\/wp\/v2\/media\/72085"}],"wp:attachment":[{"href":"https:\/\/electromenagerexpress.com\/en\/wp-json\/wp\/v2\/media?parent=72086"}],"wp:term":[{"taxonomy":"product_cat","embeddable":true,"href":"https:\/\/electromenagerexpress.com\/en\/wp-json\/wp\/v2\/product_cat?post=72086"},{"taxonomy":"product_tag","embeddable":true,"href":"https:\/\/electromenagerexpress.com\/en\/wp-json\/wp\/v2\/product_tag?post=72086"}],"curies":[{"name":"wp","href":"https:\/\/api.w.org\/{rel}","templated":true}]}}