{"id":72018,"date":"2024-11-24T12:45:18","date_gmt":"2024-11-24T12:45:18","guid":{"rendered":"https:\/\/electromenagerexpress.com\/product\/cafetiere-programmablesmegdcf02sseu\/"},"modified":"2025-03-15T14:01:28","modified_gmt":"2025-03-15T14:01:28","slug":"cafetiere-programmablesmegdcf02sseu","status":"publish","type":"product","link":"https:\/\/electromenagerexpress.com\/en\/product\/cafetiere-programmablesmegdcf02sseu\/","title":{"rendered":"Cafeti\u00e8re programmable\tSMEG\tDCF02SSEU"},"content":{"rendered":"<div class=\"product-features__content\">\n<ul role=\"list\">\n<li class=\"product-features__item\" role=\"listitem\">\n<h3 class=\"product-features__label\">Choisir ce produit pour quels usages ?<\/h3>\n<ul role=\"list\">\n<li class=\"product-features__item-list__item\" role=\"listitem\"><span class=\"is--medium\">Caf\u00e9 utilis\u00e9 :<\/span> caf\u00e9 moulu<\/li>\n<li class=\"product-features__item-list__item\" role=\"listitem\"><span class=\"is--medium\">Cafeti\u00e8re : :<\/span> programmable, permet de s\u00e9lectionner \u00e0 l&rsquo;avance l&rsquo;heure de mise en marche de la cafeti\u00e8re. Tr\u00e8s utile le matin pour boire le caf\u00e9 d\u00e9s la sortie du lit !<\/li>\n<\/ul>\n<\/li>\n<li class=\"product-features__item\" role=\"listitem\">\n<h3 class=\"product-features__label\">Confort d&rsquo;utilisation<\/h3>\n<ul role=\"list\">\n<li class=\"product-features__item-list__item\" role=\"listitem\"><span class=\"is--medium\">Capacit\u00e9 de la verseuse :<\/span> 1,25 L 10 tasses<\/li>\n<li class=\"product-features__item-list__item\" role=\"listitem\"><span class=\"is--medium\">S\u00e9lecteur d&rsquo;ar\u00f4mes : :<\/span> oui, permet de selectionner l&rsquo;intensit\u00e9 de votre caf\u00e9 de doux \u00e0 cors\u00e9<\/li>\n<li class=\"product-features__item-list__item\" role=\"listitem\"><span class=\"is--medium\">R\u00e9servoir amovible :<\/span> Non<\/li>\n<li class=\"product-features__item-list__item\" role=\"listitem\"><span class=\"is--medium\">Porte filtre :<\/span> amovible<\/li>\n<li class=\"product-features__item-list__item\" role=\"listitem\"><span class=\"is--medium\">Arr\u00eat automatique de la machine :<\/span> Oui<\/li>\n<li class=\"product-features__item-list__item\" role=\"listitem\"><span class=\"is--medium\">Syst\u00e8me anti-goutte : :<\/span> oui, permet de retirer la verseuse sans crainte, m\u00eame si l&rsquo;\u00e9coulement du caf\u00e9 n&rsquo;est pas termin\u00e9e<\/li>\n<li class=\"product-features__item-list__item\" role=\"listitem\"><span class=\"is--medium\">Maintien au chaud :<\/span> Oui<\/li>\n<li class=\"product-features__item-list__item\" role=\"listitem\"><span class=\"is--medium\">Type d&rsquo;affichage :<\/span> LED<\/li>\n<li class=\"product-features__item-list__item\" role=\"listitem\"><span class=\"is--medium\">Niveau d&rsquo;eau visible sur le r\u00e9servoir :<\/span> oui<\/li>\n<\/ul>\n<\/li>\n<li class=\"product-features__item\" role=\"listitem\">\n<h3 class=\"product-features__label\">Equipement<\/h3>\n<ul role=\"list\">\n<li class=\"product-features__item-list__item\" role=\"listitem\"><span class=\"is--medium\">Filtre permanent :<\/span> Oui<\/li>\n<li class=\"product-features__item-list__item\" role=\"listitem\"><span class=\"is--medium\">Cuilli\u00e8re doseur :<\/span> Oui<\/li>\n<li class=\"product-features__item-list__item\" role=\"listitem\"><span class=\"is--medium\">Taille de filtre :<\/span> 1&#215;4<\/li>\n<li class=\"product-features__item-list__item\" role=\"listitem\"><span class=\"is--medium\">Range cordon :<\/span> Non<\/li>\n<li class=\"product-features__item-list__item\" role=\"listitem\"><span class=\"is--medium\">Puissance :<\/span> 1.050 W<\/li>\n<\/ul>\n<\/li>\n<li class=\"product-features__item\" role=\"listitem\">\n<h3 class=\"product-features__label\">Design<\/h3>\n<ul role=\"list\">\n<li class=\"product-features__item-list__item\" role=\"listitem\"><span class=\"is--medium\">Coloris :<\/span> M\u00e9tal bross\u00e9<\/li>\n<li class=\"product-features__item-list__item\" role=\"listitem\"><span class=\"is--medium\">Finition de la machine :<\/span> plastique<\/li>\n<\/ul>\n<\/li>\n<li class=\"product-features__item\" role=\"listitem\">\n<h3 class=\"product-features__label\">Entretien<\/h3>\n<ul role=\"list\">\n<li class=\"product-features__item-list__item\" role=\"listitem\"><span class=\"is--medium\">Indicateur de d\u00e9tartrage :<\/span> Oui<\/li>\n<li class=\"product-features__item-list__item\" role=\"listitem\"><span class=\"is--medium\">Conseil d&rsquo;entretien :<\/span> un d\u00e9tartrage r\u00e9gulier de votre machine assure le fonctionnement optimal et pr\u00e9serve la dur\u00e9e de vie de votre appareil<\/li>\n<\/ul>\n<\/li>\n<li class=\"product-features__item\" role=\"listitem\">\n<h3 class=\"product-features__label\">Dimensions<\/h3>\n<ul role=\"list\">\n<li class=\"product-features__item-list__item\" role=\"listitem\"><span class=\"is--medium\">Dimensions l x h x p :<\/span> 24.5 x 36.1 x 25.6 cm<\/li>\n<li class=\"product-features__item-list__item\" role=\"listitem\"><span class=\"is--medium\">Poids Net (kg) :<\/span> 3,40 Kg<\/li>\n<li class=\"product-features__item-list__item\" role=\"listitem\"><span class=\"is--medium\">Poids Brut (kg) :<\/span> 5,40 Kg<\/li>\n<\/ul>\n<\/li>\n<li class=\"product-features__item\" role=\"listitem\">\n<h3 class=\"product-features__label\">Informations compl\u00e9mentaires<\/h3>\n<ul role=\"list\">\n<li class=\"product-features__item-list__item\" role=\"listitem\"><span class=\"is--medium\">Dur\u00e9e de la garantie Constructeur (voir les conditions sp\u00e9ciales) :<\/span> 2 ans<\/li>\n<li class=\"product-features__item-list__item\" role=\"listitem\"><span class=\"is--medium\">Fabriqu\u00e9 en :<\/span> Chine<\/li>\n<li class=\"product-features__item-list__item\" role=\"listitem\"><span class=\"is--medium\">Garantie :<\/span> 2 ans<\/li>\n<li class=\"product-features__item-list__item\" role=\"listitem\"><span class=\"is--medium\">Disponibilit\u00e9 des pi\u00e8ces d\u00e9tach\u00e9es (donn\u00e9es fournisseur) :<\/span> Pendant 10 ans, \u00e0 compter de la date d&rsquo;achat<\/li>\n<li class=\"product-features__item-list__item\" role=\"listitem\"><span class=\"is--medium\">R\u00e9f\u00e9rence constructeur :<\/span> DCF02SSEU<\/li>\n<li class=\"product-features__item-list__item\" role=\"listitem\"><span class=\"is--medium\">Marque :<\/span> SMEG<\/li>\n<\/ul>\n<\/li>\n<\/ul>\n<\/div>\n<div class=\"product__disclosure-content\">\n<div class=\"js-read-more product-description__content read-more read-more--truncated\" style=\"max-height: 500px; overflow: hidden;\" data-read-more-name=\"description\">\n<p>Un d\u00e9licieux caf\u00e9 chaque matin gr\u00e2ce \u00e0 un appareil styl\u00e9 et \u00e9l\u00e9gant, c&rsquo;est la promesse de Smeg et sa cafeti\u00e8re filtre DCF02SSEU.<\/p>\n<h3><img fetchpriority=\"high\" decoding=\"async\" class=\"wy_tableau_gauche\" src=\"https:\/\/boulanger.scene7.com\/is\/image\/Boulanger\/8017709280543_h_f_l_0?wid=400&amp;hei=270\" alt=\"Cafeti\u00e8re SMEG DCF02SSEU\" width=\"400\" height=\"270\" \/>Con\u00e7ue pour chaque moment<\/h3>\n<p>Avec sa cafeti\u00e8re filtre DCF02SSEU, Smeg vous offre un appareil <b>\u00e9l\u00e9gant, simple et pratique<\/b>. Le <b>r\u00e9servoir d&rsquo;eau de la machine vous permet de remplir facilement<\/b> votre machine selon vos envies et en un seul geste. La capacit\u00e9 du r\u00e9servoir d&rsquo;1,4 litre vous permet de <b>r\u00e9aliser de grandes\u00a0<\/b><\/p>\n<p>&nbsp;<\/p>\n<p>&nbsp;<\/p>\n<p>&nbsp;<\/p>\n<p><b>quantit\u00e9s pour r\u00e9galer votre entourage<\/b> \u00e0 tout moment de la journ\u00e9e.<\/p>\n<p>Toute l&rsquo;excellence de Smeg se met au service de votre petit-d\u00e9jeuner ! La puissance de 1050 watts de la cafeti\u00e8re filtre de Smeg d\u00e9livre des <b>performances impressionnantes pour un caf\u00e9 savoureux et parfaitement dos\u00e9<\/b>. Le filtre lavable et r\u00e9utilisable de la machine DCF02SSEU d\u00e9livre un go\u00fbt incomparable et vous offre <b>toujours plus de flexibilit\u00e9 et un dosage selon vos envies<\/b>.<\/p>\n<h3><img decoding=\"async\" class=\"wy_tableau_right\" src=\"https:\/\/boulanger.scene7.com\/is\/image\/Boulanger\/8017709280543_h_f_l_1?wid=400&amp;hei=270\" alt=\"Cafeti\u00e8re SMEG DCF02SSEU\" width=\"400\" height=\"270\" \/>Un style inimitable qui s&rsquo;adapte \u00e0 vos besoins<\/h3>\n<p>Con\u00e7ue pour vous aider \u00e0 <b>commencer votre journ\u00e9e dans les meilleures conditions<\/b>, la cafeti\u00e8re filtre Smeg dispose d&rsquo;une <b>carafe en verre solide \u00e0 la poign\u00e9e chrom\u00e9e<\/b> ultra \u00e9l\u00e9gante. \u00c9quip\u00e9e d&rsquo;un minuteur et d&rsquo;une horloge, votre <b>cafeti\u00e8re Smeg se met en marche automatiquement et pr\u00e9pare votre caf\u00e9 quand vous le souhaitez<\/b>, pour un r\u00e9veil agr\u00e9able. Son plateau chauffant, quant \u00e0 lui, maintient votre caf\u00e9 au chaud pendant 40 minutes : l&rsquo;id\u00e9al pour les grasses matin\u00e9es !<\/p>\n<p>Pens\u00e9e avec<b> toute l&rsquo;excellence de Smeg<\/b>, votre cafeti\u00e8re DCF02SSEU emprunte son design aux codes vintage qui ont fait le succ\u00e8s de la marque : <b>look r\u00e9tro, ambiance ann\u00e9es 50 et mat\u00e9riaux robustes<\/b>, toute l&rsquo;excellence des designers de Smeg se retrouve dans votre cuisine.\u00b5<\/p>\n<\/div>\n<p>&nbsp;<\/p>\n<\/div>","protected":false},"excerpt":{"rendered":"<div class=\"keypoints\">\n<h3 class=\"keypoints__title\">Les points cl\u00e9s<\/h3>\n<ul role=\"list\">\n<li class=\"keypoints__item\" role=\"listitem\">1,25 L 10 tasses<\/li>\n<li class=\"keypoints__item\" role=\"listitem\">Maintien au chaud<\/li>\n<li class=\"keypoints__item\" role=\"listitem\">Programmable &#8211; S\u00e9lecteur d&rsquo;ar\u00f4mes<\/li>\n<li class=\"keypoints__item\" role=\"listitem\">Puissance : 1.050 W<\/li>\n<li class=\"keypoints__item keypoints__item--advantage\" role=\"listitem\"><strong>Le + :<\/strong> Avec son design et ses couleurs uniques, cette cafeti\u00e8re puissante et dot\u00e9e d&rsquo;un r\u00e9servoir XXL ravira les amoureux de caf\u00e9<\/li>\n<\/ul>\n<\/div>","protected":false},"featured_media":72017,"template":"","meta":{"_glsr_average":0,"_glsr_ranking":0,"_glsr_reviews":0},"product_cat":[312],"product_tag":[313,230,286],"class_list":{"0":"post-72018","1":"product","2":"type-product","3":"status-publish","4":"has-post-thumbnail","6":"product_cat-cafetiere","7":"product_tag-cafetiere","8":"product_tag-cuisine-et-cuisson","9":"product_tag-machine-a-cafe","11":"first","12":"instock","13":"sale","14":"shipping-taxable","15":"purchasable","16":"product-type-simple"},"_links":{"self":[{"href":"https:\/\/electromenagerexpress.com\/en\/wp-json\/wp\/v2\/product\/72018","targetHints":{"allow":["GET"]}}],"collection":[{"href":"https:\/\/electromenagerexpress.com\/en\/wp-json\/wp\/v2\/product"}],"about":[{"href":"https:\/\/electromenagerexpress.com\/en\/wp-json\/wp\/v2\/types\/product"}],"wp:featuredmedia":[{"embeddable":true,"href":"https:\/\/electromenagerexpress.com\/en\/wp-json\/wp\/v2\/media\/72017"}],"wp:attachment":[{"href":"https:\/\/electromenagerexpress.com\/en\/wp-json\/wp\/v2\/media?parent=72018"}],"wp:term":[{"taxonomy":"product_cat","embeddable":true,"href":"https:\/\/electromenagerexpress.com\/en\/wp-json\/wp\/v2\/product_cat?post=72018"},{"taxonomy":"product_tag","embeddable":true,"href":"https:\/\/electromenagerexpress.com\/en\/wp-json\/wp\/v2\/product_tag?post=72018"}],"curies":[{"name":"wp","href":"https:\/\/api.w.org\/{rel}","templated":true}]}}