{"id":71956,"date":"2024-11-24T12:44:27","date_gmt":"2024-11-24T12:44:27","guid":{"rendered":"https:\/\/electromenagerexpress.com\/product\/nespressomagimixcitiz-milk-platinum-chrome-11716\/"},"modified":"2024-11-24T12:44:34","modified_gmt":"2024-11-24T12:44:34","slug":"nespressomagimixcitiz-milk-platinum-chrome-11716","status":"publish","type":"product","link":"https:\/\/electromenagerexpress.com\/en\/product\/nespressomagimixcitiz-milk-platinum-chrome-11716\/","title":{"rendered":"Nespresso\t\t\t\t\t\t\tMAGIMIX\t\t\t\tCitiz &#038; Milk Platinum Chrome 11716"},"content":{"rendered":"<div class=\"product-features__content\">\n<ul role=\"list\">\n<li class=\"product-features__item\" role=\"listitem\">\n<h3 class=\"product-features__label\">Choisir ce produit pour quels usages ?<\/h3>\n<ul role=\"list\">\n<li class=\"product-features__item-list__item\" role=\"listitem\"><span class=\"is--medium\">Types de boissons :<\/span> caf\u00e9 et boissons lact\u00e9es\t\t\t\t\t<\/li>\n<li class=\"product-features__item-list__item\" role=\"listitem\"><span class=\"is--medium\">Longueur du caf\u00e9 :<\/span> expresso, double expresso et caf\u00e9 long\t\t\t\t\t<\/li>\n<li class=\"product-features__item-list__item\" role=\"listitem\"><span class=\"is--medium\">Type de capsules compatibles :<\/span> nespresso (original) et compatibles\t\t\t\t\t<\/li>\n<li class=\"product-features__item-list__item\" role=\"listitem\"><span class=\"is--medium\">Je trouve mes capsules :<\/span> <a href=\"https:\/\/www.boulanger.com\/c\/accessoire-consommable-expresso-cafetiere\/facette_accessoire_cafetiere_et_expresso_____machine_compatible~nespresso\">En cliquant ici<\/a><\/li>\n<\/ul>\n<\/li>\n<li class=\"product-features__item\" role=\"listitem\">\n<h3 class=\"product-features__label\">Confort d&rsquo;utilisation<\/h3>\n<ul role=\"list\">\n<li class=\"product-features__item-list__item\" role=\"listitem\"><span class=\"is--medium\">Type de r\u00e9servoir d&rsquo;eau :<\/span> amovible\t\t\t\t\t<\/li>\n<li class=\"product-features__item-list__item\" role=\"listitem\"><span class=\"is--medium\">Capacit\u00e9 du r\u00e9servoir d&rsquo;eau :<\/span> 1 L 8 tasses\t\t\t\t\t<\/li>\n<li class=\"product-features__item-list__item\" role=\"listitem\"><span class=\"is--medium\">Bac \u00e0 capsules :<\/span> Oui\t\t\t\t\t<\/li>\n<li class=\"product-features__item-list__item\" role=\"listitem\"><span class=\"is--medium\">Support de tasses :<\/span> ajustable en hauteur\t\t\t\t\t<\/li>\n<li class=\"product-features__item-list__item\" role=\"listitem\"><span class=\"is--medium\">Arr\u00eat automatique de la machine :<\/span> Oui\t\t\t\t\t<\/li>\n<li class=\"product-features__item-list__item\" role=\"listitem\"><span class=\"is--medium\">Connectiv\u00e9 :<\/span> Non\t\t\t\t\t<\/li>\n<li class=\"product-features__item-list__item\" role=\"listitem\"><span class=\"is--medium\">Arr\u00eat de l&rsquo;\u00e9coulement de la boisson :<\/span> automatique\t\t\t\t\t<\/li>\n<\/ul>\n<\/li>\n<li class=\"product-features__item\" role=\"listitem\">\n<h3 class=\"product-features__label\">Equipement<\/h3>\n<ul role=\"list\">\n<li class=\"product-features__item-list__item\" role=\"listitem\"><span class=\"is--medium\">Buse vapeur :<\/span> Non concern\u00e9e\t\t\t\t\t<\/li>\n<li class=\"product-features__item-list__item\" role=\"listitem\"><span class=\"is--medium\">Carafe \u00e0 lait :<\/span> oui, pour pr\u00e9parer automatiquement vos boissons lact\u00e9es\t\t\t\t\t<\/li>\n<li class=\"product-features__item-list__item\" role=\"listitem\"><span class=\"is--medium\">Dur\u00e9e de pr\u00e9chauffage :<\/span> 30 s\t\t\t\t\t<\/li>\n<li class=\"product-features__item-list__item\" role=\"listitem\"><span class=\"is--medium\">Puissance :<\/span> 1.710 W\t\t\t\t\t<\/li>\n<li class=\"product-features__item-list__item\" role=\"listitem\"><span class=\"is--medium\">Longueur c\u00e2ble alimentation :<\/span> 90 cm\t\t\t\t\t<\/li>\n<\/ul>\n<\/li>\n<li class=\"product-features__item\" role=\"listitem\">\n<h3 class=\"product-features__label\">Design<\/h3>\n<ul role=\"list\">\n<li class=\"product-features__item-list__item\" role=\"listitem\"><span class=\"is--medium\">Couleur :<\/span> Gris\t\t\t\t\t<\/li>\n<li class=\"product-features__item-list__item\" role=\"listitem\"><span class=\"is--medium\">Finition de la machine :<\/span> inox\t\t\t\t\t<\/li>\n<\/ul>\n<\/li>\n<li class=\"product-features__item\" role=\"listitem\">\n<h3 class=\"product-features__label\">Entretien<\/h3>\n<ul role=\"list\">\n<li class=\"product-features__item-list__item\" role=\"listitem\"><span class=\"is--medium\">Indicateur de d\u00e9tartrage :<\/span> Oui\t\t\t\t\t<\/li>\n<\/ul>\n<\/li>\n<li class=\"product-features__item\" role=\"listitem\">\n<h3 class=\"product-features__label\">Dimensions<\/h3>\n<ul role=\"list\">\n<li class=\"product-features__item-list__item\" role=\"listitem\"><span class=\"is--medium\">Dimensions l x h x p :<\/span> 22 x 38.9 x 27.7 cm\t\t\t\t\t<\/li>\n<li class=\"product-features__item-list__item\" role=\"listitem\"><span class=\"is--medium\">Poids Net (kg) :<\/span> 4,70 Kg\t\t\t\t\t<\/li>\n<\/ul>\n<\/li>\n<li class=\"product-features__item\" role=\"listitem\">\n<h3 class=\"product-features__label\">Informations compl\u00e9mentaires<\/h3>\n<ul role=\"list\">\n<li class=\"product-features__item-list__item\" role=\"listitem\"><span class=\"is--medium\">Garantie :<\/span> 2 ans\t\t\t\t\t<\/li>\n<li class=\"product-features__item-list__item\" role=\"listitem\"><span class=\"is--medium\">Fabriqu\u00e9 en :<\/span> Chine\t\t\t\t\t<\/li>\n<li class=\"product-features__item-list__item\" role=\"listitem\"><span class=\"is--medium\">Disponibilit\u00e9 des pi\u00e8ces d\u00e9tach\u00e9es (donn\u00e9es fournisseur) :<\/span> Pendant 10 ans, \u00e0 compter de la date d&rsquo;achat\t\t\t\t\t<\/li>\n<li class=\"product-features__item-list__item\" role=\"listitem\"><span class=\"is--medium\">R\u00e9f\u00e9rence constructeur :<\/span> citiz&amp;milk platinum chrome\t\t\t\t\t<\/li>\n<li class=\"product-features__item-list__item\" role=\"listitem\"><span class=\"is--medium\">Marque :<\/span> MAGIMIX\t\t\t\t\t<\/li>\n<\/ul>\n<\/li>\n<\/ul>\n<\/div>\n<div class=\"product__disclosure-content\">\n<div class=\"js-read-more product-description__content read-more read-more--truncated\" data-read-more-name=\"description\" style=\"max-height: 500px; overflow: hidden;\">\n<p>Dot\u00e9e de multiples fonctionnalit\u00e9s, la Nespresso MAGIMIX Citiz&amp;Milk Platinum red\u00e9finit l&rsquo;art de la pr\u00e9paration du caf\u00e9. <\/p>\n<h3><img fetchpriority=\"high\" decoding=\"async\" ,=\"\" alt=\"Nespresso MAGIMIX citiz&amp;milk platinum ch\" class=\"wy_tableau_gauche\" height=\"270\" src=\"https:\/\/boulanger.scene7.com\/is\/image\/Boulanger\/3519280117164_h_f_l_0?wid=400&amp;hei=270\" width=\"400\"\/>Un \u00e9ventail de boissons chaudes \u00e0 port\u00e9e de main<\/h3>\n<p>Gr\u00e2ce \u00e0 l&rsquo;\u00e9coulement automatique du caf\u00e9 au <b>volume pr\u00e9-s\u00e9lectionn\u00e9 (espresso\/lungo)<\/b> de la Nespresso MAGIMIX Citiz&amp;Milk Platinum, chaque boisson est parfaitement pr\u00e9par\u00e9e. De plus, l&rsquo;insertion et l&rsquo;\u00e9jection de la capsule sont d&rsquo;une simplicit\u00e9 remarquable \u00e0 l&rsquo;aide de sa poign\u00e9e ergonomique, vous permettant de d\u00e9marrer la journ\u00e9e du bon pied.<\/p>\n<p>\u00c9quip\u00e9e d&rsquo;un <b>mousseur \u00e0 lait<\/b>, la Nespresso Citiz&amp;Milk Platinum est capable de cr\u00e9er des cappuccinos et des latte macchiatos inoubliables. Vous pourrez pr\u00e9parer instantan\u00e9ment des mousses de lait chaud ou froid pour des recettes gourmandes qui \u00e9veilleront vos sens.<\/p>\n<h3><img decoding=\"async\" ,=\"\" alt=\"Nespresso MAGIMIX citiz&amp;milk platinum ch\" class=\"wy_tableau_right\" height=\"270\" src=\"https:\/\/boulanger.scene7.com\/is\/image\/Boulanger\/3519280117164_h_f_l_1?wid=400&amp;hei=270\" width=\"400\"\/>Un caf\u00e9 sur mesure<\/h3>\n<p>Avec ses 5 boutons sp\u00e9ciaux, la Nespresso Citiz&amp;Milk Platinum est con\u00e7ue pour <b>pr\u00e9parer 4 styles de caf\u00e9 diff\u00e9rents<\/b>. Choisissez entre un espresso ou un lungo, d\u00e9gustez un americano cr\u00e9meux ou un americano XL et profitez m\u00eame d&rsquo;une fonction eau chaude int\u00e9gr\u00e9e pour vos th\u00e9s ou infusions.<\/p>\n<p>La Nespresso Citiz&amp;Milk Platinum est con\u00e7ue pour vous faciliter la vie. Ses <b>supports de tasse m\u00e9talliques \u00e0 2 niveaux<\/b> vous permettent de d\u00e9guster votre breuvage pr\u00e9f\u00e9r\u00e9 dans la tasse de votre choix, que ce soit une petite tasse \u00e0 espresso ou un grand mug. Vous aurez l&#8217;embarras du choix avec cette machine \u00e0 caf\u00e9 au design \u00e9l\u00e9gant.<\/p>\n<\/p>\n<p><video class=\"s7Video\" controls=\"\" controlslist=\"nodownload\" poster=\"https:\/\/boulanger.scene7.com\/is\/image\/Boulanger\/3519280117164_v_0?scl=1\" preload=\"metadata\" src=\"https:\/\/boulanger.scene7.com\/is\/content\/Boulanger\/3519280117164_v_0\" width=\"100%\"><\/video><\/p>\n<\/div>\n<p><bl-button a11yexpanded=\"false\" arialabel=\"Afficher toute la description\" class=\"read-more__btn\" full=\"false\" link=\"true\"><\/bl-button><\/div>","protected":false},"excerpt":{"rendered":"<div class=\"keypoints\">\n<h3 class=\"keypoints__title\">Les points cl\u00e9s<\/h3>\n<ul role=\"list\">\n<li class=\"keypoints__item\" role=\"listitem\">                                        Types de boissons : caf\u00e9 et boissons lact\u00e9es                      <\/li>\n<li class=\"keypoints__item\" role=\"listitem\">                                        Type de capsules compatibles : nespresso (original) et compatibles                      <\/li>\n<li class=\"keypoints__item\" role=\"listitem\">                                        Arr\u00eat de l&rsquo;\u00e9coulement de la boisson : automatique                      <\/li>\n<li class=\"keypoints__item\" role=\"listitem\">                                        Puissance : 1.710 W                      <\/li>\n<li class=\"keypoints__item keypoints__item--advantage\" role=\"listitem\"><strong>Le + :<\/strong> Le design de la Citiz habill\u00e9 d&rsquo;un Aeroccino pour varier les plaisirs      <\/li>\n<\/ul>","protected":false},"featured_media":71955,"template":"","meta":{"_glsr_average":0,"_glsr_ranking":0,"_glsr_reviews":0},"product_cat":[314],"product_tag":[230,286,315],"class_list":{"0":"post-71956","1":"product","2":"type-product","3":"status-publish","4":"has-post-thumbnail","6":"product_cat-nespresso","7":"product_tag-cuisine-et-cuisson","8":"product_tag-machine-a-cafe","9":"product_tag-nespresso","11":"first","12":"instock","13":"sale","14":"shipping-taxable","15":"purchasable","16":"product-type-simple"},"_links":{"self":[{"href":"https:\/\/electromenagerexpress.com\/en\/wp-json\/wp\/v2\/product\/71956","targetHints":{"allow":["GET"]}}],"collection":[{"href":"https:\/\/electromenagerexpress.com\/en\/wp-json\/wp\/v2\/product"}],"about":[{"href":"https:\/\/electromenagerexpress.com\/en\/wp-json\/wp\/v2\/types\/product"}],"wp:featuredmedia":[{"embeddable":true,"href":"https:\/\/electromenagerexpress.com\/en\/wp-json\/wp\/v2\/media\/71955"}],"wp:attachment":[{"href":"https:\/\/electromenagerexpress.com\/en\/wp-json\/wp\/v2\/media?parent=71956"}],"wp:term":[{"taxonomy":"product_cat","embeddable":true,"href":"https:\/\/electromenagerexpress.com\/en\/wp-json\/wp\/v2\/product_cat?post=71956"},{"taxonomy":"product_tag","embeddable":true,"href":"https:\/\/electromenagerexpress.com\/en\/wp-json\/wp\/v2\/product_tag?post=71956"}],"curies":[{"name":"wp","href":"https:\/\/api.w.org\/{rel}","templated":true}]}}