{"id":71931,"date":"2024-11-24T12:44:09","date_gmt":"2024-11-24T12:44:09","guid":{"rendered":"https:\/\/electromenagerexpress.com\/product\/moulin-a-cafesmegcgf01rdeu-rouge\/"},"modified":"2024-11-24T12:44:13","modified_gmt":"2024-11-24T12:44:13","slug":"moulin-a-cafesmegcgf01rdeu-rouge","status":"publish","type":"product","link":"https:\/\/electromenagerexpress.com\/en\/product\/moulin-a-cafesmegcgf01rdeu-rouge\/","title":{"rendered":"Moulin \u00e0 caf\u00e9\t\t\t\t\t\t\tSMEG\t\t\t\tCGF01RDEU Rouge"},"content":{"rendered":"<div class=\"product-features__content\">\n<ul role=\"list\">\n<li class=\"product-features__item\" role=\"listitem\">\n<h3 class=\"product-features__label\">Caract\u00e9ristiques g\u00e9n\u00e9rales<\/h3>\n<ul role=\"list\">\n<li class=\"product-features__item-list__item\" role=\"listitem\"><span class=\"is--medium\">Type de fonctionnement :<\/span> Moulin \u00e0 caf\u00e9\t\t\t\t\t<\/li>\n<li class=\"product-features__item-list__item\" role=\"listitem\"><span class=\"is--medium\">Puissance :<\/span> 150 W\t\t\t\t\t<\/li>\n<li class=\"product-features__item-list__item\" role=\"listitem\"><span class=\"is--medium\">Mati\u00e8re du corps :<\/span> M\u00e9tal\t\t\t\t\t<\/li>\n<li class=\"product-features__item-list__item\" role=\"listitem\"><span class=\"is--medium\">Couleur :<\/span> Rouge\t\t\t\t\t<\/li>\n<li class=\"product-features__item-list__item\" role=\"listitem\"><span class=\"is--medium\">Range cordon :<\/span> Non\t\t\t\t\t<\/li>\n<li class=\"product-features__item-list__item\" role=\"listitem\"><span class=\"is--medium\">S\u00e9curit\u00e9 couvercle :<\/span> Non\t\t\t\t\t<\/li>\n<li class=\"product-features__item-list__item\" role=\"listitem\"><span class=\"is--medium\">Bouton marche\/arr\u00eat :<\/span> Oui\t\t\t\t\t<\/li>\n<\/ul>\n<\/li>\n<li class=\"product-features__item\" role=\"listitem\">\n<h3 class=\"product-features__label\">Bac \u00e0 grains<\/h3>\n<ul role=\"list\">\n<li class=\"product-features__item-list__item\" role=\"listitem\"><span class=\"is--medium\">Bac amovible :<\/span> Oui\t\t\t\t\t<\/li>\n<li class=\"product-features__item-list__item\" role=\"listitem\"><span class=\"is--medium\">Compatible lave-vaisselle :<\/span> Oui\t\t\t\t\t<\/li>\n<li class=\"product-features__item-list__item\" role=\"listitem\"><span class=\"is--medium\">Capacit\u00e9 :<\/span> 350 g\t\t\t\t\t<\/li>\n<\/ul>\n<\/li>\n<li class=\"product-features__item\" role=\"listitem\">\n<h3 class=\"product-features__label\">Broyage<\/h3>\n<ul role=\"list\">\n<li class=\"product-features__item-list__item\" role=\"listitem\"><span class=\"is--medium\">Syst\u00e8me de broyage :<\/span> Meules\t\t\t\t\t<\/li>\n<li class=\"product-features__item-list__item\" role=\"listitem\"><span class=\"is--medium\">Niveaux de broyage :<\/span> 30\t\t\t\t\t<\/li>\n<\/ul>\n<\/li>\n<li class=\"product-features__item\" role=\"listitem\">\n<h3 class=\"product-features__label\">Mouture<\/h3>\n<ul role=\"list\">\n<li class=\"product-features__item-list__item\" role=\"listitem\"><span class=\"is--medium\">Capacit\u00e9 :<\/span> 150 g\t\t\t\t\t<\/li>\n<li class=\"product-features__item-list__item\" role=\"listitem\"><span class=\"is--medium\">Type de fonctionnement :<\/span> Couteau h\u00e9lice\t\t\t\t\t<\/li>\n<\/ul>\n<\/li>\n<li class=\"product-features__item\" role=\"listitem\">\n<h3 class=\"product-features__label\">Dimensions<\/h3>\n<ul role=\"list\">\n<li class=\"product-features__item-list__item\" role=\"listitem\"><span class=\"is--medium\">Dimensions l x h x p :<\/span> 25 x 46 x 17 cm\t\t\t\t\t<\/li>\n<li class=\"product-features__item-list__item\" role=\"listitem\"><span class=\"is--medium\">Poids Net :<\/span> 3,10 Kg\t\t\t\t\t<\/li>\n<li class=\"product-features__item-list__item\" role=\"listitem\"><span class=\"is--medium\">Poids brut :<\/span> 4,78 Kg\t\t\t\t\t<\/li>\n<\/ul>\n<\/li>\n<li class=\"product-features__item\" role=\"listitem\">\n<h3 class=\"product-features__label\">Informations compl\u00e9mentaires<\/h3>\n<ul role=\"list\">\n<li class=\"product-features__item-list__item\" role=\"listitem\"><span class=\"is--medium\">Fabriqu\u00e9 en :<\/span> Chine\t\t\t\t\t<\/li>\n<li class=\"product-features__item-list__item\" role=\"listitem\"><span class=\"is--medium\">Garantie :<\/span> 2 ans\t\t\t\t\t<\/li>\n<li class=\"product-features__item-list__item\" role=\"listitem\"><span class=\"is--medium\">Disponibilit\u00e9 des pi\u00e8ces d\u00e9tach\u00e9es (donn\u00e9es fournisseur) :<\/span> Pas de pi\u00e8ce disponible\t\t\t\t\t<\/li>\n<li class=\"product-features__item-list__item\" role=\"listitem\"><span class=\"is--medium\">R\u00e9f\u00e9rence constructeur :<\/span> CGF01RDEU Rouge\t\t\t\t\t<\/li>\n<li class=\"product-features__item-list__item\" role=\"listitem\"><span class=\"is--medium\">Marque :<\/span> SMEG\t\t\t\t\t<\/li>\n<\/ul>\n<\/li>\n<li class=\"product-features__item\" role=\"listitem\">\n<h3 class=\"product-features__label\">Facettes moulin caf\u00e9<\/h3>\n<ul role=\"list\">\n<li class=\"product-features__item-list__item\" role=\"listitem\"><span class=\"is--medium\">Capacit\u00e9 en grains (en gr) :<\/span> Capacit\u00e9 XL (plus de 100 gr)\t\t\t\t\t<\/li>\n<li class=\"product-features__item-list__item\" role=\"listitem\"><span class=\"is--medium\">Syst\u00e8me de broyage :<\/span> Meules\t\t\t\t\t<\/li>\n<\/ul>\n<\/li>\n<li class=\"product-features__item\" role=\"listitem\">\n<h3 class=\"product-features__label\">Balisage Mag V2 moulin<\/h3>\n<ul role=\"list\">\n<li class=\"product-features__item-list__item\" role=\"listitem\"><span class=\"is--medium\">Capacit\u00e9 en Gr :<\/span> Capacit\u00e9 350 gr\t\t\t\t\t<\/li>\n<li class=\"product-features__item-list__item\" role=\"listitem\"><span class=\"is--medium\">Nombre de tasse :<\/span> Jusqu\u2019\u00e0 35 tasses en une action\t\t\t\t\t<\/li>\n<li class=\"product-features__item-list__item\" role=\"listitem\"><span class=\"is--medium\">Intensit\u00e9 de broyage :<\/span> 30 niveaux de broyage\t\t\t\t\t<\/li>\n<li class=\"product-features__item-list__item\" role=\"listitem\"><span class=\"is--medium\">R\u00e9servoir :<\/span> R\u00e9servoir amovible\t\t\t\t\t<\/li>\n<\/ul>\n<\/li>\n<\/ul>\n<\/div>\n<div class=\"product__disclosure-content\">\n<div class=\"js-read-more product-description__content read-more read-more--truncated\" data-read-more-name=\"description\" style=\"max-height: 500px; overflow: hidden;\">\n<p>Dans son style inimitable des ann\u00e9es 50, le broyeur \u00e0 caf\u00e9 rouge SMEG CGF01RDEU est capable des meilleurs dosages. Avec des mat\u00e9riaux quasi indestructibles en inox, le SMEG CGF01RDEU propose 30 possibilit\u00e9s de broyage r\u00e9parties en 3 segments\u00a0: fin, moyen ou grossier. Avec ses 8 fonctions pr\u00e9r\u00e9gl\u00e9es, il assure un service impeccable pour un caf\u00e9 \u00e0 votre image.<\/p>\n<h3><img fetchpriority=\"high\" decoding=\"async\" ,=\"\" alt=\"Broyeur SMEG Broyeur \u00e0 caf\u00e9 CGF01RDEU Rouge\" class=\"wy_tableau_gauche\" height=\"270\" src=\"https:\/\/boulanger.scene7.com\/is\/image\/Boulanger\/8017709283001_h_f_l_0?wid=400&amp;hei=270\" width=\"400\"\/>Le choix de la mouture<\/h3>\n<p>Le broyeur \u00e0 caf\u00e9 SMEG CGF01RDEU Rouge poss\u00e8de du caract\u00e8re. Par son design, il \u00e9voque in\u00e9vitablement le style am\u00e9ricain des ann\u00e9es 50. Rassurant, il inspire la s\u00e9curit\u00e9 ainsi que la puissance avec <b>son broyeur conique en acier et son r\u00e9servoir \u00e0 grain d&rsquo;une capacit\u00e9 de 350 grammes<\/b> . Il dispose d&rsquo;un autre r\u00e9cipient de caf\u00e9 en poudre de 130 grammes avec un couvercle en plastique.<\/p>\n<p>Avec <b>450 tours par minute<\/b>, le SMEG CGF01RDEU d\u00e9livre une puissance de 150 Watts. Puissance qu&rsquo;il met \u00e0 profit en proposant jusqu&rsquo;\u00e0 30 possibilit\u00e9s de broyage. Choisissez la mouture\u00a0: le programme FIN pour les Moka et espresso, le MOYEN pour les cafeti\u00e8res \u00e0 filtre, le GROSSIER pour les cafeti\u00e8res \u00e0 piston.<\/p>\n<h3><img decoding=\"async\" ,=\"\" alt=\"Broyeur SMEG Broyeur \u00e0 caf\u00e9 CGF01RDEU Rouge\" class=\"wy_tableau_right\" height=\"270\" src=\"https:\/\/boulanger.scene7.com\/is\/image\/Boulanger\/8017709283001_h_f_l_1?wid=400&amp;hei=270\" width=\"400\"\/>Pour les amateurs de caf\u00e9<\/h3>\n<p>Le broyeur \u00e0 caf\u00e9 CGF01RDEU poss\u00e8de <b>8 fonctions de moutures pr\u00e9r\u00e9gl\u00e9es\u00a0: l&rsquo;expresso, simple, l&rsquo;espresso double<\/b>. Le moulin \u00e0 caf\u00e9 peut \u00e9galement pr\u00e9parer de 1 \u00e0 12 tasses, soit pour une cafeti\u00e8re \u00e0 filtre ou une cafeti\u00e8re \u00e0 piston. L&rsquo;arr\u00eat de la machine est automatique apr\u00e8s 90 secondes.<\/p>\n<p>Le broyeur \u00e0 caf\u00e9 CGF01RDEU se veut fonctionnel. Les r\u00e9cipients \u00e0 grains de caf\u00e9 et de caf\u00e9 moulu se d\u00e9solidarisent de la base en le tournant d&rsquo;un quart de tour. Le <b>couvercle ou bien encore la base moteur peuvent \u00e9galement \u00eatre nettoy\u00e9s facilement<\/b> \u00e0 l&rsquo;aide d&rsquo;un chiffon humide. Une brosse de nettoyage livr\u00e9e avec permet d&rsquo;enlever si besoin les r\u00e9sidus.<\/p>\n<\/p>\n<p><video class=\"s7Video\" controls=\"\" controlslist=\"nodownload\" poster=\"https:\/\/boulanger.scene7.com\/is\/image\/Boulanger\/8017709283001_v_0?scl=1\" preload=\"metadata\" src=\"https:\/\/boulanger.scene7.com\/is\/content\/Boulanger\/8017709283001_v_0\" width=\"100%\"><\/video><\/p>\n<\/div>\n<p><bl-button a11yexpanded=\"false\" arialabel=\"Afficher toute la description\" class=\"read-more__btn\" full=\"false\" link=\"true\"><\/bl-button><\/div>","protected":false},"excerpt":{"rendered":"<div class=\"keypoints\">\n<h3 class=\"keypoints__title\">Les points cl\u00e9s<\/h3>\n<ul role=\"list\">\n<li class=\"keypoints__item\" role=\"listitem\">                          Capacit\u00e9 : 350 g &#8211;                                                      150 W                      <\/li>\n<li class=\"keypoints__item\" role=\"listitem\">                          Meules &#8211;                                                      Bouton marche\/arr\u00eat                      <\/li>\n<li class=\"keypoints__item keypoints__item--advantage\" role=\"listitem\"><strong>Le + :<\/strong> Son broyeur en acier amovible pour un nettoyage facile      <\/li>\n<\/ul>","protected":false},"featured_media":71930,"template":"","meta":{"_glsr_average":0,"_glsr_ranking":0,"_glsr_reviews":0},"product_cat":[316],"product_tag":[230,286,317],"class_list":{"0":"post-71931","1":"product","2":"type-product","3":"status-publish","4":"has-post-thumbnail","6":"product_cat-moulin-a-cafe-mousseur-a-lait","7":"product_tag-cuisine-et-cuisson","8":"product_tag-machine-a-cafe","9":"product_tag-moulin-a-cafe-mousseur-a-lait","11":"first","12":"instock","13":"sale","14":"shipping-taxable","15":"purchasable","16":"product-type-simple"},"_links":{"self":[{"href":"https:\/\/electromenagerexpress.com\/en\/wp-json\/wp\/v2\/product\/71931","targetHints":{"allow":["GET"]}}],"collection":[{"href":"https:\/\/electromenagerexpress.com\/en\/wp-json\/wp\/v2\/product"}],"about":[{"href":"https:\/\/electromenagerexpress.com\/en\/wp-json\/wp\/v2\/types\/product"}],"wp:featuredmedia":[{"embeddable":true,"href":"https:\/\/electromenagerexpress.com\/en\/wp-json\/wp\/v2\/media\/71930"}],"wp:attachment":[{"href":"https:\/\/electromenagerexpress.com\/en\/wp-json\/wp\/v2\/media?parent=71931"}],"wp:term":[{"taxonomy":"product_cat","embeddable":true,"href":"https:\/\/electromenagerexpress.com\/en\/wp-json\/wp\/v2\/product_cat?post=71931"},{"taxonomy":"product_tag","embeddable":true,"href":"https:\/\/electromenagerexpress.com\/en\/wp-json\/wp\/v2\/product_tag?post=71931"}],"curies":[{"name":"wp","href":"https:\/\/api.w.org\/{rel}","templated":true}]}}