{"id":71877,"date":"2024-11-24T12:43:27","date_gmt":"2024-11-24T12:43:27","guid":{"rendered":"https:\/\/electromenagerexpress.com\/product\/expresso-broyeursiemenstf305e04-machine-a-cafe-automatique\/"},"modified":"2024-11-24T12:43:37","modified_gmt":"2024-11-24T12:43:37","slug":"expresso-broyeursiemenstf305e04-machine-a-cafe-automatique","status":"publish","type":"product","link":"https:\/\/electromenagerexpress.com\/en\/product\/expresso-broyeursiemenstf305e04-machine-a-cafe-automatique\/","title":{"rendered":"Expresso Broyeur\t\t\t\t\t\t\tSIEMENS\t\t\t\tTF305E04 &#8211; Machine \u00e0 caf\u00e9 (automatique)"},"content":{"rendered":"<div class=\"product-features__content\">\n<ul role=\"list\">\n<li class=\"product-features__item\" role=\"listitem\">\n<h3 class=\"product-features__label\">Choisir ce produit pour quels usages ?<\/h3>\n<ul role=\"list\">\n<li class=\"product-features__item-list__item\" role=\"listitem\"><span class=\"is--medium\">Type de boissons :<\/span> caf\u00e9 et boissons lact\u00e9es\t\t\t\t\t<\/li>\n<li class=\"product-features__item-list__item\" role=\"listitem\"><span class=\"is--medium\">Type de caf\u00e9 :<\/span> grain\t\t\t\t\t<\/li>\n<li class=\"product-features__item-list__item\" role=\"listitem\"><span class=\"is--medium\">Nombre de tasses :<\/span> 1 caf\u00e9\t\t\t\t\t<\/li>\n<li class=\"product-features__item-list__item\" role=\"listitem\"><span class=\"is--medium\">Nombre de recettes caf\u00e9s :<\/span> 2\t\t\t\t\t<\/li>\n<li class=\"product-features__item-list__item\" role=\"listitem\"><span class=\"is--medium\">Nombre de recettes caf\u00e9s lact\u00e9es :<\/span> 3\t\t\t\t\t<\/li>\n<li class=\"product-features__item-list__item\" role=\"listitem\"><span class=\"is--medium\">Type de recettes :<\/span> Espresso, Caf\u00e9, Cappuccino, Latte Macchiato, Mousse de lait, Lait chaud\t\t\t\t\t<\/li>\n<li class=\"product-features__item-list__item\" role=\"listitem\"><span class=\"is--medium\">Mod\u00e8le de l&rsquo;expresso broyeur :<\/span> EQ300\t\t\t\t\t<\/li>\n<\/ul>\n<\/li>\n<li class=\"product-features__item\" role=\"listitem\">\n<h3 class=\"product-features__label\">Confort d&rsquo;utilisation<\/h3>\n<ul role=\"list\">\n<li class=\"product-features__item-list__item\" role=\"listitem\"><span class=\"is--medium\">Syst\u00e8me de boissons lact\u00e9es :<\/span> buse vapeur int\u00e9gr\u00e9e\t\t\t\t\t<\/li>\n<li class=\"product-features__item-list__item\" role=\"listitem\"><span class=\"is--medium\">Panneau de commande :<\/span> Ecran LCD\t\t\t\t\t<\/li>\n<li class=\"product-features__item-list__item\" role=\"listitem\"><span class=\"is--medium\">Nombre de profils : :<\/span> 0\t\t\t\t\t<\/li>\n<li class=\"product-features__item-list__item\" role=\"listitem\"><span class=\"is--medium\">Nombre de bac \u00e0 grains :<\/span> 1 pour profiter de diff\u00e9rentes vari\u00e9t\u00e9s de caf\u00e9\t\t\t\t\t<\/li>\n<li class=\"product-features__item-list__item\" role=\"listitem\"><span class=\"is--medium\">Capacit\u00e9 du bac \u00e0 grains :<\/span> 250 g\t\t\t\t\t<\/li>\n<li class=\"product-features__item-list__item\" role=\"listitem\"><span class=\"is--medium\">Capacit\u00e9 du r\u00e9servoir d&rsquo;eau :<\/span> 1,4 L\t\t\t\t\t<\/li>\n<li class=\"product-features__item-list__item\" role=\"listitem\"><span class=\"is--medium\">Emplacement du r\u00e9servoir d&rsquo;eau :<\/span> A l&rsquo;arri\u00e8re\t\t\t\t\t<\/li>\n<li class=\"product-features__item-list__item\" role=\"listitem\"><span class=\"is--medium\">Capacit\u00e9 du bac \u00e0 marc :<\/span> 8\t\t\t\t\t<\/li>\n<li class=\"product-features__item-list__item\" role=\"listitem\"><span class=\"is--medium\">Chauffe tasses :<\/span> Oui\t\t\t\t\t<\/li>\n<li class=\"product-features__item-list__item\" role=\"listitem\"><span class=\"is--medium\">Arr\u00eat automatique de la machine :<\/span> Oui\t\t\t\t\t<\/li>\n<li class=\"product-features__item-list__item\" role=\"listitem\"><span class=\"is--medium\">Arr\u00eat automatique de l&rsquo;\u00e9coulement de la boisson :<\/span> Oui\t\t\t\t\t<\/li>\n<li class=\"product-features__item-list__item\" role=\"listitem\"><span class=\"is--medium\">R\u00e9glage de l&rsquo;intensit\u00e9 du caf\u00e9 :<\/span> Oui\t\t\t\t\t<\/li>\n<\/ul>\n<\/li>\n<li class=\"product-features__item\" role=\"listitem\">\n<h3 class=\"product-features__label\">Equipement<\/h3>\n<ul role=\"list\">\n<li class=\"product-features__item-list__item\" role=\"listitem\"><span class=\"is--medium\">Mati\u00e8re du broyeur :<\/span> en c\u00e9ramique, pour \u00e9viter de chauffer les grains lors du broyage et pr\u00e9server la qualit\u00e9 des ar\u00f4mes\t\t\t\t\t<\/li>\n<li class=\"product-features__item-list__item\" role=\"listitem\"><span class=\"is--medium\">R\u00e9glage de finesse de mouture :<\/span> 3 pour pour adapter la finesse selon le type et la vari\u00e9t\u00e9 du caf\u00e9\t\t\t\t\t<\/li>\n<li class=\"product-features__item-list__item\" role=\"listitem\"><span class=\"is--medium\">T\u00e9moin de r\u00e9servoir d&rsquo;eau vide :<\/span> Non\t\t\t\t\t<\/li>\n<li class=\"product-features__item-list__item\" role=\"listitem\"><span class=\"is--medium\">Buse \u00e0 caf\u00e9 r\u00e9glable en hauteur :<\/span> oui, permet d&rsquo;ajuster \u00e0 la hauteur de la tasse\t\t\t\t\t<\/li>\n<li class=\"product-features__item-list__item\" role=\"listitem\"><span class=\"is--medium\">Puissance :<\/span> 1.300 W\t\t\t\t\t<\/li>\n<li class=\"product-features__item-list__item\" role=\"listitem\"><span class=\"is--medium\">Pression :<\/span> 15 bars\t\t\t\t\t<\/li>\n<li class=\"product-features__item-list__item\" role=\"listitem\"><span class=\"is--medium\">Applications :<\/span> pas d&rsquo;application\t\t\t\t\t<\/li>\n<\/ul>\n<\/li>\n<li class=\"product-features__item\" role=\"listitem\">\n<h3 class=\"product-features__label\">Entretien<\/h3>\n<ul role=\"list\">\n<li class=\"product-features__item-list__item\" role=\"listitem\"><span class=\"is--medium\">Rin\u00e7age de la buse caf\u00e9 :<\/span> manuel, il est important de rincer la buse apr\u00e8s chaque utilisation\t\t\t\t\t<\/li>\n<li class=\"product-features__item-list__item\" role=\"listitem\"><span class=\"is--medium\">Indicateur de d\u00e9tartrage :<\/span> oui, pour alerter qu&rsquo;un d\u00e9tartrage est n\u00e9cessaire pour pr\u00e9server la dur\u00e9e de vie de votre appareil\t\t\t\t\t<\/li>\n<li class=\"product-features__item-list__item\" role=\"listitem\"><span class=\"is--medium\">Programme de nettoyage :<\/span> oui, vous guide sur les \u00e9tapes d&rsquo;entretien de la machine\t\t\t\t\t<\/li>\n<li class=\"product-features__item-list__item\" role=\"listitem\"><span class=\"is--medium\">Bloc infuseur amovible :<\/span> oui, se retire facilement en fa\u00e7ade et se nettoie simplement sous l&rsquo;eau chaude pour pr\u00e9server la qualit\u00e9 du caf\u00e9 et la long\u00e9vit\u00e9 de votre appareil\t\t\t\t\t<\/li>\n<\/ul>\n<\/li>\n<li class=\"product-features__item\" role=\"listitem\">\n<h3 class=\"product-features__label\">Dimensions<\/h3>\n<ul role=\"list\">\n<li class=\"product-features__item-list__item\" role=\"listitem\"><span class=\"is--medium\">Dimensions l x h x p :<\/span> 25.1 x 38.3 x 43.3 cm\t\t\t\t\t<\/li>\n<li class=\"product-features__item-list__item\" role=\"listitem\"><span class=\"is--medium\">Poids Net :<\/span> 7 kg\t\t\t\t\t<\/li>\n<li class=\"product-features__item-list__item\" role=\"listitem\"><span class=\"is--medium\">Poids Brut :<\/span> 8 kg\t\t\t\t\t<\/li>\n<\/ul>\n<\/li>\n<li class=\"product-features__item\" role=\"listitem\">\n<h3 class=\"product-features__label\">Informations compl\u00e9mentaires<\/h3>\n<ul role=\"list\">\n<li class=\"product-features__item-list__item\" role=\"listitem\"><span class=\"is--medium\">Fabriqu\u00e9 en :<\/span> Slov\u00e9nie\t\t\t\t\t<\/li>\n<li class=\"product-features__item-list__item\" role=\"listitem\"><span class=\"is--medium\">Disponibilit\u00e9 des pi\u00e8ces d\u00e9tach\u00e9es (donn\u00e9es fournisseur) :<\/span> Pendant 7 ans, \u00e0 compter de la date d&rsquo;achat\t\t\t\t\t<\/li>\n<\/ul>\n<\/li>\n<\/ul>\n<\/div>\n<div class=\"product__disclosure-content\">\n<div class=\"js-read-more product-description__content read-more read-more--truncated\" data-read-more-name=\"description\" style=\"max-height: 500px; overflow: hidden;\">\n<div class=\"product__description-content read-more\" style=\"\">\n<p>Expresso Broyeur Siemens EQ300 \u2013 TF305E04 : L&rsquo;Excellence au Service de Votre Pause Caf\u00e9<\/p>\n<h3> <img fetchpriority=\"high\" decoding=\"async\" ,=\"\" alt=\"Expresso Broyeur SIEMENS TF305E04 - Machine \u00e0 caf\u00e9 (automatique)\" class=\"wy_tableau_gauche\" height=\"270\" src=\"https:\/\/boulanger.scene7.com\/is\/image\/Boulanger\/4242003926901_h_f_l_0?wid=400&amp;hei=270\" width=\"400\"\/>Technologie Avanc\u00e9e pour des Boissons Parfaites                    <\/h3>\n<p>                        Le Siemens EQ300 \u2013 TF305E04 incarne la quintessence de l&rsquo;innovation pour les amateurs de caf\u00e9. Gr\u00e2ce \u00e0 l&rsquo;iAroma System, cette machine \u00e0 caf\u00e9 automatique int\u00e8gre quatre technologies de pointe pour garantir des r\u00e9sultats en tasse exceptionnels. Le broyeur en c\u00e9ramique assure une mouture homog\u00e8ne et silencieuse, tandis que le syst\u00e8me Intelligent Heating chauffe uniquement la quantit\u00e9 d&rsquo;eau n\u00e9cessaire, pr\u00e9servant ainsi la qualit\u00e9 de chaque expresso. Avec une gestion de l&rsquo;intensit\u00e9 du caf\u00e9 sur six niveaux et une pr\u00e9paration oneTouch pour deux tasses simultan\u00e9ment, cette machine r\u00e9pond aux attentes des palais les plus exigeants.                    <\/p>\n<\/p>\n<h3> <img decoding=\"async\" ,=\"\" alt=\"Expresso Broyeur SIEMENS TF305E04 - Machine \u00e0 caf\u00e9 (automatique)\" class=\"wy_tableau_right\" height=\"270\" src=\"https:\/\/boulanger.scene7.com\/is\/image\/Boulanger\/4242003926901_h_f_l_1?wid=400&amp;hei=270\" width=\"400\"\/>Confort d&rsquo;Utilisation et Entretien Simplifi\u00e9                    <\/h3>\n<p>                        Le confort d&rsquo;utilisation est au c\u0153ur de la conception du Siemens EQ300 \u2013 TF305E04. Son interface intuitive, dot\u00e9e d&rsquo;un bandeau sensitif et d&rsquo;un \u00e9cran LCD, facilite la s\u00e9lection des boissons. Le mousseur \u00e0 lait magn\u00e9tique et amovible, associ\u00e9 \u00e0 la fonction milkPerfect, permet de r\u00e9aliser des boissons lact\u00e9es avec une mousse onctueuse en toute simplicit\u00e9. L&rsquo;entretien est tout aussi ais\u00e9 gr\u00e2ce au programme Calc&rsquo;nClean et \u00e0 l&rsquo;acc\u00e8s frontal \u00e0 l&rsquo;unit\u00e9 de percolation amovible. Ajoutez \u00e0 cela un r\u00e9servoir d&rsquo;eau de 1,4 L, un bac \u00e0 grains de 250 g avec couvercle pr\u00e9servant les ar\u00f4mes, et des \u00e9l\u00e9ments compatibles lave-vaisselle, et vous obtenez une machine \u00e0 caf\u00e9 aussi pratique qu&rsquo;efficace.                    <\/p>\n<\/p><\/div>\n<\/p>\n<\/div>\n<p><bl-button a11yexpanded=\"false\" arialabel=\"Afficher toute la description\" class=\"read-more__btn\" full=\"false\" link=\"true\">Voir plus<\/bl-button><\/div>","protected":false},"excerpt":{"rendered":"<div class=\"keypoints\">\n<h3 class=\"keypoints__title\">Les points cl\u00e9s<\/h3>\n<ul role=\"list\">\n<li class=\"keypoints__item\" role=\"listitem\">                                        2 recettes de caf\u00e9                      <\/li>\n<li class=\"keypoints__item\" role=\"listitem\">                          3 recettes de caf\u00e9s lact\u00e9es &#8211;                                                      Ecran LCD                      <\/li>\n<li class=\"keypoints__item\" role=\"listitem\">                                        Nombre de tasses : 1 caf\u00e9                      <\/li>\n<li class=\"keypoints__item\" role=\"listitem\">                                        Nombre de finesse de mouture : 3                      <\/li>\n<li class=\"keypoints__item keypoints__item--advantage\" role=\"listitem\"><strong>Le + :<\/strong> MilkPerfect : plongez simplement la buse \u00e0 lait dans la tasse et obtenez une mousse onctueuse      <\/li>\n<\/ul>","protected":false},"featured_media":71876,"template":"","meta":{"_glsr_average":0,"_glsr_ranking":0,"_glsr_reviews":0},"product_cat":[308],"product_tag":[230,286,309],"class_list":{"0":"post-71877","1":"product","2":"type-product","3":"status-publish","4":"has-post-thumbnail","6":"product_cat-machine-a-cafe-a-grain","7":"product_tag-cuisine-et-cuisson","8":"product_tag-machine-a-cafe","9":"product_tag-machine-a-cafe-a-grain","11":"first","12":"instock","13":"sale","14":"shipping-taxable","15":"purchasable","16":"product-type-simple"},"_links":{"self":[{"href":"https:\/\/electromenagerexpress.com\/en\/wp-json\/wp\/v2\/product\/71877","targetHints":{"allow":["GET"]}}],"collection":[{"href":"https:\/\/electromenagerexpress.com\/en\/wp-json\/wp\/v2\/product"}],"about":[{"href":"https:\/\/electromenagerexpress.com\/en\/wp-json\/wp\/v2\/types\/product"}],"wp:featuredmedia":[{"embeddable":true,"href":"https:\/\/electromenagerexpress.com\/en\/wp-json\/wp\/v2\/media\/71876"}],"wp:attachment":[{"href":"https:\/\/electromenagerexpress.com\/en\/wp-json\/wp\/v2\/media?parent=71877"}],"wp:term":[{"taxonomy":"product_cat","embeddable":true,"href":"https:\/\/electromenagerexpress.com\/en\/wp-json\/wp\/v2\/product_cat?post=71877"},{"taxonomy":"product_tag","embeddable":true,"href":"https:\/\/electromenagerexpress.com\/en\/wp-json\/wp\/v2\/product_tag?post=71877"}],"curies":[{"name":"wp","href":"https:\/\/api.w.org\/{rel}","templated":true}]}}