{"id":71855,"date":"2024-11-24T12:43:10","date_gmt":"2024-11-24T12:43:10","guid":{"rendered":"https:\/\/electromenagerexpress.com\/product\/expresso-broyeursmegcgf11creu\/"},"modified":"2024-11-24T12:43:13","modified_gmt":"2024-11-24T12:43:13","slug":"expresso-broyeursmegcgf11creu","status":"publish","type":"product","link":"https:\/\/electromenagerexpress.com\/en\/product\/expresso-broyeursmegcgf11creu\/","title":{"rendered":"Expresso Broyeur\t\t\t\t\t\t\tSMEG\t\t\t\tCGF11CREU"},"content":{"rendered":"<div class=\"product-features__content\">\n<ul role=\"list\">\n<li class=\"product-features__item\" role=\"listitem\">\n<h3 class=\"product-features__label\">Informations compl\u00e9mentaires<\/h3>\n<ul role=\"list\">\n<li class=\"product-features__item-list__item\" role=\"listitem\"><span class=\"is--medium\">Garantie :<\/span> 2 ans\t\t\t\t\t<\/li>\n<li class=\"product-features__item-list__item\" role=\"listitem\"><span class=\"is--medium\">Disponibilit\u00e9 des pi\u00e8ces d\u00e9tach\u00e9es (donn\u00e9es fournisseur) :<\/span> Pendant 10 ans, \u00e0 compter de la date d&rsquo;achat\t\t\t\t\t<\/li>\n<li class=\"product-features__item-list__item\" role=\"listitem\"><span class=\"is--medium\">R\u00e9f\u00e9rence constructeur :<\/span> CGF11CREU\t\t\t\t\t<\/li>\n<li class=\"product-features__item-list__item\" role=\"listitem\"><span class=\"is--medium\">Marque :<\/span> SMEG\t\t\t\t\t<\/li>\n<\/ul>\n<\/li>\n<\/ul>\n<\/div>\n<div class=\"product__disclosure-content\">\n<div class=\"js-read-more product-description__content read-more read-more--truncated\" data-read-more-name=\"description\" style=\"max-height: 500px; overflow: hidden;\">\n<div class=\"product__description-content read-more\" style=\"\">\n<p>L&rsquo;Essence du Caf\u00e9 Fra\u00eechement Moulu avec SMEG CGF11CREU<\/p>\n<h3> <img fetchpriority=\"high\" decoding=\"async\" ,=\"\" alt=\"Expresso Broyeur SMEG CGF11CREU\" class=\"wy_tableau_gauche\" height=\"270\" src=\"https:\/\/boulanger.scene7.com\/is\/image\/Boulanger\/8017709317973_h_f_l_0?wid=400&amp;hei=270\" width=\"400\"\/>Broyeur \u00e0 Caf\u00e9 de Pr\u00e9cision                    <\/h3>\n<p>                        Le SMEG CGF11CREU est une r\u00e9v\u00e9lation pour les amateurs de caf\u00e9 d\u00e9sireux de savourer chaque jour l&rsquo;essence d&rsquo;un caf\u00e9 fra\u00eechement moulu. \u00c9quip\u00e9 d&rsquo;un broyeur conique en acier inoxydable, ce mod\u00e8le assure une mouture r\u00e9guli\u00e8re et homog\u00e8ne, essentielle pour l&rsquo;extraction optimale des ar\u00f4mes et des saveurs. Avec 30 niveaux de broyage r\u00e9glables, il offre la flexibilit\u00e9 n\u00e9cessaire pour s&rsquo;adapter \u00e0 toutes les m\u00e9thodes d&rsquo;infusion, de l&rsquo;expresso intense \u00e0 l&rsquo;americano plus doux, en passant par la moka ou la presse fran\u00e7aise. La capacit\u00e9 du r\u00e9cipient \u00e0 grains de 350 g et celle du r\u00e9cipient \u00e0 caf\u00e9 moulu de 130 g sont parfaitement adapt\u00e9es pour r\u00e9pondre aux besoins des consommateurs les plus exigeants.                    <\/p>\n<\/p>\n<h3> <img decoding=\"async\" ,=\"\" alt=\"Expresso Broyeur SMEG CGF11CREU\" class=\"wy_tableau_right\" height=\"270\" src=\"https:\/\/boulanger.scene7.com\/is\/image\/Boulanger\/8017709317973_h_f_l_1?wid=400&amp;hei=270\" width=\"400\"\/>Design et Fonctionnalit\u00e9s Intuitives                    <\/h3>\n<p>                        Le design r\u00e9tro des ann\u00e9es 50 du SMEG CGF11CREU, disponible en plusieurs coloris tels que le cr\u00e8me, le noir, le rouge, le bleu azur, le vert d&rsquo;eau et le blanc, s&rsquo;int\u00e8gre harmonieusement dans toute cuisine moderne ou classique. La manette, la touche et le levier de commande simplifient l&rsquo;utilisation tout en apportant une touche d&rsquo;\u00e9l\u00e9gance. La fonction de broyage expresso simple ou double, ainsi que la possibilit\u00e9 de r\u00e9glage manuel, offrent une personnalisation compl\u00e8te de la pr\u00e9paration. De plus, le r\u00e9servoir \u00e0 grains est \u00e9quip\u00e9 d&rsquo;un syst\u00e8me de verrouillage rotatif anti-statique pour une conservation optimale. Avec sa base antid\u00e9rapante, son broyeur amovible pour un nettoyage facile et son rangement int\u00e9gr\u00e9 pour le cordon, le CGF11CREU allie esth\u00e9tique, fonctionnalit\u00e9 et durabilit\u00e9.                    <\/p>\n<\/p><\/div>\n<\/p>\n<\/div>\n<p><bl-button a11yexpanded=\"false\" arialabel=\"Afficher toute la description\" class=\"read-more__btn\" full=\"false\" link=\"true\"><\/bl-button><\/div>","protected":false},"excerpt":{"rendered":"<div class=\"keypoints\">\n<h3 class=\"keypoints__title\">Les points cl\u00e9s<\/h3>\n<ul role=\"list\">\n<li class=\"keypoints__item keypoints__item--advantage\" role=\"listitem\"><strong>Le + :<\/strong> Ses meules coniques en acier inoxydable et ses 30 niveaux de finesse de mouture      <\/li>\n<\/ul>","protected":false},"featured_media":71854,"template":"","meta":{"_glsr_average":0,"_glsr_ranking":0,"_glsr_reviews":0},"product_cat":[316],"product_tag":[230,286,317],"class_list":{"0":"post-71855","1":"product","2":"type-product","3":"status-publish","4":"has-post-thumbnail","6":"product_cat-moulin-a-cafe-mousseur-a-lait","7":"product_tag-cuisine-et-cuisson","8":"product_tag-machine-a-cafe","9":"product_tag-moulin-a-cafe-mousseur-a-lait","11":"first","12":"instock","13":"sale","14":"shipping-taxable","15":"purchasable","16":"product-type-simple"},"_links":{"self":[{"href":"https:\/\/electromenagerexpress.com\/en\/wp-json\/wp\/v2\/product\/71855","targetHints":{"allow":["GET"]}}],"collection":[{"href":"https:\/\/electromenagerexpress.com\/en\/wp-json\/wp\/v2\/product"}],"about":[{"href":"https:\/\/electromenagerexpress.com\/en\/wp-json\/wp\/v2\/types\/product"}],"wp:featuredmedia":[{"embeddable":true,"href":"https:\/\/electromenagerexpress.com\/en\/wp-json\/wp\/v2\/media\/71854"}],"wp:attachment":[{"href":"https:\/\/electromenagerexpress.com\/en\/wp-json\/wp\/v2\/media?parent=71855"}],"wp:term":[{"taxonomy":"product_cat","embeddable":true,"href":"https:\/\/electromenagerexpress.com\/en\/wp-json\/wp\/v2\/product_cat?post=71855"},{"taxonomy":"product_tag","embeddable":true,"href":"https:\/\/electromenagerexpress.com\/en\/wp-json\/wp\/v2\/product_tag?post=71855"}],"curies":[{"name":"wp","href":"https:\/\/api.w.org\/{rel}","templated":true}]}}