{"id":71819,"date":"2024-11-24T12:42:39","date_gmt":"2024-11-24T12:42:39","guid":{"rendered":"https:\/\/electromenagerexpress.com\/product\/cafetiere-a-dosettelavazzadesea-black\/"},"modified":"2024-11-24T12:42:45","modified_gmt":"2024-11-24T12:42:45","slug":"cafetiere-a-dosettelavazzadesea-black","status":"publish","type":"product","link":"https:\/\/electromenagerexpress.com\/en\/product\/cafetiere-a-dosettelavazzadesea-black\/","title":{"rendered":"Cafeti\u00e8re \u00e0 dosette\t\t\t\t\t\t\tLAVAZZA\t\t\t\tDESEA BLACK"},"content":{"rendered":"<div class=\"product-features__content\">\n<ul role=\"list\">\n<li class=\"product-features__item\" role=\"listitem\">\n<h3 class=\"product-features__label\">Choisir ce produit pour quels usages ?<\/h3>\n<ul role=\"list\">\n<li class=\"product-features__item-list__item\" role=\"listitem\"><span class=\"is--medium\">Types de boissons :<\/span> caf\u00e9 et boissons lact\u00e9es\t\t\t\t\t<\/li>\n<li class=\"product-features__item-list__item\" role=\"listitem\"><span class=\"is--medium\">Longueur du caf\u00e9 :<\/span> expresso, double expresso et caf\u00e9 long\t\t\t\t\t<\/li>\n<li class=\"product-features__item-list__item\" role=\"listitem\"><span class=\"is--medium\">Type de capsules compatibles :<\/span> A modo mio\t\t\t\t\t<\/li>\n<li class=\"product-features__item-list__item\" role=\"listitem\"><span class=\"is--medium\">Je trouve mes capsules :<\/span> <a href=\"https:\/\/www.boulanger.com\/c\/accessoire-consommable-expresso-cafetiere\/brand~lavazza\">En cliquant ici<\/a><\/li>\n<\/ul>\n<\/li>\n<li class=\"product-features__item\" role=\"listitem\">\n<h3 class=\"product-features__label\">Confort d&rsquo;utilisation<\/h3>\n<ul role=\"list\">\n<li class=\"product-features__item-list__item\" role=\"listitem\"><span class=\"is--medium\">Type de r\u00e9servoir d&rsquo;eau :<\/span> amovible\t\t\t\t\t<\/li>\n<li class=\"product-features__item-list__item\" role=\"listitem\"><span class=\"is--medium\">Capacit\u00e9 du r\u00e9servoir d&rsquo;eau :<\/span> 1.1 L 8 tasses\t\t\t\t\t<\/li>\n<li class=\"product-features__item-list__item\" role=\"listitem\"><span class=\"is--medium\">Bac \u00e0 capsules :<\/span> Oui\t\t\t\t\t<\/li>\n<li class=\"product-features__item-list__item\" role=\"listitem\"><span class=\"is--medium\">Support de tasses :<\/span> ajustable en hauteur\t\t\t\t\t<\/li>\n<li class=\"product-features__item-list__item\" role=\"listitem\"><span class=\"is--medium\">Arr\u00eat automatique de la machine :<\/span> Oui\t\t\t\t\t<\/li>\n<li class=\"product-features__item-list__item\" role=\"listitem\"><span class=\"is--medium\">Connectiv\u00e9 :<\/span> Non\t\t\t\t\t<\/li>\n<li class=\"product-features__item-list__item\" role=\"listitem\"><span class=\"is--medium\">Arr\u00eat de l&rsquo;\u00e9coulement de la boisson :<\/span> automatique\t\t\t\t\t<\/li>\n<\/ul>\n<\/li>\n<li class=\"product-features__item\" role=\"listitem\">\n<h3 class=\"product-features__label\">Equipement<\/h3>\n<ul role=\"list\">\n<li class=\"product-features__item-list__item\" role=\"listitem\"><span class=\"is--medium\">Buse vapeur :<\/span> Non concern\u00e9e\t\t\t\t\t<\/li>\n<li class=\"product-features__item-list__item\" role=\"listitem\"><span class=\"is--medium\">Carafe \u00e0 lait :<\/span> Non concern\u00e9e\t\t\t\t\t<\/li>\n<li class=\"product-features__item-list__item\" role=\"listitem\"><span class=\"is--medium\">Technologie centrifusion : :<\/span> Non\t\t\t\t\t<\/li>\n<li class=\"product-features__item-list__item\" role=\"listitem\"><span class=\"is--medium\">Dur\u00e9e de pr\u00e9chauffage :<\/span> 28 s\t\t\t\t\t<\/li>\n<li class=\"product-features__item-list__item\" role=\"listitem\"><span class=\"is--medium\">Puissance :<\/span> 1.500 W\t\t\t\t\t<\/li>\n<li class=\"product-features__item-list__item\" role=\"listitem\"><span class=\"is--medium\">Pression :<\/span> 8 bars\t\t\t\t\t<\/li>\n<li class=\"product-features__item-list__item\" role=\"listitem\"><span class=\"is--medium\">Longueur c\u00e2ble alimentation :<\/span> 1 cm\t\t\t\t\t<\/li>\n<\/ul>\n<\/li>\n<li class=\"product-features__item\" role=\"listitem\">\n<h3 class=\"product-features__label\">Design<\/h3>\n<ul role=\"list\">\n<li class=\"product-features__item-list__item\" role=\"listitem\"><span class=\"is--medium\">Couleur :<\/span> Noir\t\t\t\t\t<\/li>\n<li class=\"product-features__item-list__item\" role=\"listitem\"><span class=\"is--medium\">Finition de la machine :<\/span> inox et plastique\t\t\t\t\t<\/li>\n<\/ul>\n<\/li>\n<li class=\"product-features__item\" role=\"listitem\">\n<h3 class=\"product-features__label\">Entretien<\/h3>\n<ul role=\"list\">\n<li class=\"product-features__item-list__item\" role=\"listitem\"><span class=\"is--medium\">Indicateur de d\u00e9tartrage :<\/span> Oui\t\t\t\t\t<\/li>\n<li class=\"product-features__item-list__item\" role=\"listitem\"><span class=\"is--medium\">conseil d&rsquo;entretien :<\/span> un d\u00e9tartrage r\u00e9gulier de votre machine assure le fonctionnement optimal et pr\u00e9serve la dur\u00e9e de vie de votre appareil\t\t\t\t\t<\/li>\n<li class=\"product-features__item-list__item\" role=\"listitem\"><span class=\"is--medium\">Pour entretenir la machine :<\/span> <a href=\"https:\/\/www.boulanger.com\/c\/nav-filtre\/accessoire-consommable-expresso-cafetiere?facette_accessoire_cafetiere_et_expresso_____usage_cafe_et_the~j27entretien20ma20machine20e020cafe9\">En cliquant ici<\/a><\/li>\n<\/ul>\n<\/li>\n<li class=\"product-features__item\" role=\"listitem\">\n<h3 class=\"product-features__label\">Dimensions<\/h3>\n<ul role=\"list\">\n<li class=\"product-features__item-list__item\" role=\"listitem\"><span class=\"is--medium\">Dimensions l x h x p :<\/span> 14.4 x 28 x 38 cm\t\t\t\t\t<\/li>\n<li class=\"product-features__item-list__item\" role=\"listitem\"><span class=\"is--medium\">Poids Net (kg) :<\/span> 4,50 Kg\t\t\t\t\t<\/li>\n<\/ul>\n<\/li>\n<li class=\"product-features__item\" role=\"listitem\">\n<h3 class=\"product-features__label\">Informations compl\u00e9mentaires<\/h3>\n<ul role=\"list\">\n<li class=\"product-features__item-list__item\" role=\"listitem\"><span class=\"is--medium\">Garantie :<\/span> 2 ans\t\t\t\t\t<\/li>\n<li class=\"product-features__item-list__item\" role=\"listitem\"><span class=\"is--medium\">Fabriqu\u00e9 en :<\/span> Italie\t\t\t\t\t<\/li>\n<li class=\"product-features__item-list__item\" role=\"listitem\"><span class=\"is--medium\">Disponibilit\u00e9 des pi\u00e8ces d\u00e9tach\u00e9es (donn\u00e9es fournisseur) :<\/span> Pas de pi\u00e8ce disponible\t\t\t\t\t<\/li>\n<li class=\"product-features__item-list__item\" role=\"listitem\"><span class=\"is--medium\">R\u00e9f\u00e9rence constructeur :<\/span> DESEA BLACK\t\t\t\t\t<\/li>\n<li class=\"product-features__item-list__item\" role=\"listitem\"><span class=\"is--medium\">Marque :<\/span> LAVAZZA\t\t\t\t\t<\/li>\n<\/ul>\n<\/li>\n<\/ul>\n<\/div>\n<div class=\"product__disclosure-content\">\n<div class=\"js-read-more product-description__content read-more read-more--truncated\" data-read-more-name=\"description\" style=\"max-height: 500px; overflow: hidden;\">\n<div class=\"product__description-content read-more\">\n<p>LAVAZZA DESEA BLACK : L&rsquo;excellence du caf\u00e9 en capsule<\/p>\n<h3><img fetchpriority=\"high\" decoding=\"async\" alt=\"Cafeti\u00e8re \u00e0 dosette LAVAZZA DESEA BLACK\" class=\"wy_tableau_gauche\" height=\"270\" src=\"https:\/\/boulanger.scene7.com\/is\/image\/Boulanger\/8000070019539_h_f_l_0?wid=400&amp;hei=270\" width=\"400\"\/>Design \u00e9l\u00e9gant et performance<\/h3>\n<p>La cafeti\u00e8re \u00e0 dosette LAVAZZA DESEA BLACK se distingue par son design \u00e9pur\u00e9 et sa couleur noire intemporelle, s&rsquo;int\u00e9grant parfaitement dans toute cuisine moderne. Dot\u00e9e d&rsquo;une puissance de 1500 W et d&rsquo;une pression de 10 bars, cette machine \u00e0 caf\u00e9 Lavazza A Modo Mio promet un expresso riche et aromatique, \u00e0 la mousse onctueuse, en seulement 29 secondes de pr\u00e9chauffage. Le r\u00e9servoir d&rsquo;eau amovible de 1.1 L permet de pr\u00e9parer jusqu&rsquo;\u00e0 8 tasses, id\u00e9al pour recevoir des invit\u00e9s ou pour les amateurs de caf\u00e9 tout au long de la journ\u00e9e.<\/p>\n<p>\u00a0<\/p>\n<p>\u00a0<\/p>\n<h3><img decoding=\"async\" alt=\"Cafeti\u00e8re \u00e0 dosette LAVAZZA DESEA BLACK\" class=\"wy_tableau_right\" height=\"270\" src=\"https:\/\/boulanger.scene7.com\/is\/image\/Boulanger\/8000070019539_h_f_l_1?wid=400&amp;hei=270\" width=\"400\"\/>Confort d&rsquo;utilisation et entretien facilit\u00e9<\/h3>\n<p>La LAVAZZA DESEA BLACK est con\u00e7ue pour offrir un confort d&rsquo;utilisation optimal gr\u00e2ce \u00e0 son arr\u00eat automatique de l&rsquo;\u00e9coulement de la boisson et \u00e0 son bac \u00e0 capsules, simplifiant ainsi le quotidien des utilisateurs. Le niveau d&rsquo;eau visible assure une gestion ais\u00e9e du r\u00e9servoir. Pour maintenir la machine en parfait \u00e9tat de fonctionnement. Fabriqu\u00e9e en Italie, cette cafeti\u00e8re \u00e0 dosette est synonyme de qualit\u00e9 et de durabilit\u00e9, avec un engagement de disponibilit\u00e9 des pi\u00e8ces d\u00e9tach\u00e9es pour une exp\u00e9rience caf\u00e9 toujours exceptionnelle.<\/p>\n<\/div>\n<\/div>\n<p><bl-button a11yexpanded=\"false\" arialabel=\"Afficher toute la description\" class=\"read-more__btn\" full=\"false\" link=\"true\"><\/bl-button><\/div>","protected":false},"excerpt":{"rendered":"<div class=\"keypoints\">\n<h3 class=\"keypoints__title\">Les points cl\u00e9s<\/h3>\n<ul role=\"list\">\n<li class=\"keypoints__item\" role=\"listitem\">                                        Types de boissons : caf\u00e9 et boissons lact\u00e9es                      <\/li>\n<li class=\"keypoints__item\" role=\"listitem\">                                        Type de capsules compatibles : A modo mio                      <\/li>\n<li class=\"keypoints__item\" role=\"listitem\">                                        Arr\u00eat de l&rsquo;\u00e9coulement de la boisson : automatique                      <\/li>\n<li class=\"keypoints__item\" role=\"listitem\">                                        Puissance : 1.500 W                      <\/li>\n<li class=\"keypoints__item keypoints__item--advantage\" role=\"listitem\"><strong>Le + :<\/strong> Son interface tactile et le nombre de boissons      <\/li>\n<\/ul>","protected":false},"featured_media":71818,"template":"","meta":{"_glsr_average":0,"_glsr_ranking":0,"_glsr_reviews":0},"product_cat":[318],"product_tag":[230,319,286],"class_list":{"0":"post-71819","1":"product","2":"type-product","3":"status-publish","4":"has-post-thumbnail","6":"product_cat-lavazza-a-modo-mio","7":"product_tag-cuisine-et-cuisson","8":"product_tag-lavazza-a-modo-mio","9":"product_tag-machine-a-cafe","11":"first","12":"instock","13":"sale","14":"shipping-taxable","15":"purchasable","16":"product-type-simple"},"_links":{"self":[{"href":"https:\/\/electromenagerexpress.com\/en\/wp-json\/wp\/v2\/product\/71819","targetHints":{"allow":["GET"]}}],"collection":[{"href":"https:\/\/electromenagerexpress.com\/en\/wp-json\/wp\/v2\/product"}],"about":[{"href":"https:\/\/electromenagerexpress.com\/en\/wp-json\/wp\/v2\/types\/product"}],"wp:featuredmedia":[{"embeddable":true,"href":"https:\/\/electromenagerexpress.com\/en\/wp-json\/wp\/v2\/media\/71818"}],"wp:attachment":[{"href":"https:\/\/electromenagerexpress.com\/en\/wp-json\/wp\/v2\/media?parent=71819"}],"wp:term":[{"taxonomy":"product_cat","embeddable":true,"href":"https:\/\/electromenagerexpress.com\/en\/wp-json\/wp\/v2\/product_cat?post=71819"},{"taxonomy":"product_tag","embeddable":true,"href":"https:\/\/electromenagerexpress.com\/en\/wp-json\/wp\/v2\/product_tag?post=71819"}],"curies":[{"name":"wp","href":"https:\/\/api.w.org\/{rel}","templated":true}]}}