{"id":71712,"date":"2024-11-24T12:41:11","date_gmt":"2024-11-24T12:41:11","guid":{"rendered":"https:\/\/electromenagerexpress.com\/product\/moulin-a-cafesage-appliancesthe-smart-grinder-pro\/"},"modified":"2024-11-24T12:41:12","modified_gmt":"2024-11-24T12:41:12","slug":"moulin-a-cafesage-appliancesthe-smart-grinder-pro","status":"publish","type":"product","link":"https:\/\/electromenagerexpress.com\/en\/product\/moulin-a-cafesage-appliancesthe-smart-grinder-pro\/","title":{"rendered":"Moulin \u00e0 caf\u00e9\t\t\t\t\t\t\tSAGE APPLIANCES\t\t\t\tthe Smart Grinder Pro"},"content":{"rendered":"<div class=\"product-features__content\">\n<ul role=\"list\">\n<li class=\"product-features__item\" role=\"listitem\">\n<h3 class=\"product-features__label\">Caract\u00e9ristiques g\u00e9n\u00e9rales<\/h3>\n<ul role=\"list\">\n<li class=\"product-features__item-list__item\" role=\"listitem\"><span class=\"is--medium\">Type de fonctionnement :<\/span> Moulin \u00e0 caf\u00e9\t\t\t\t\t<\/li>\n<li class=\"product-features__item-list__item\" role=\"listitem\"><span class=\"is--medium\">Puissance :<\/span> 165 W\t\t\t\t\t<\/li>\n<li class=\"product-features__item-list__item\" role=\"listitem\"><span class=\"is--medium\">Mati\u00e8re du corps :<\/span> Inox\t\t\t\t\t<\/li>\n<li class=\"product-features__item-list__item\" role=\"listitem\"><span class=\"is--medium\">Couleur :<\/span> Noir\t\t\t\t\t<\/li>\n<li class=\"product-features__item-list__item\" role=\"listitem\"><span class=\"is--medium\">Range cordon :<\/span> Oui\t\t\t\t\t<\/li>\n<li class=\"product-features__item-list__item\" role=\"listitem\"><span class=\"is--medium\">S\u00e9curit\u00e9 couvercle :<\/span> Non\t\t\t\t\t<\/li>\n<li class=\"product-features__item-list__item\" role=\"listitem\"><span class=\"is--medium\">Bouton marche\/arr\u00eat :<\/span> Oui\t\t\t\t\t<\/li>\n<\/ul>\n<\/li>\n<li class=\"product-features__item\" role=\"listitem\">\n<h3 class=\"product-features__label\">Bac \u00e0 grains<\/h3>\n<ul role=\"list\">\n<li class=\"product-features__item-list__item\" role=\"listitem\"><span class=\"is--medium\">Bac amovible :<\/span> Oui\t\t\t\t\t<\/li>\n<li class=\"product-features__item-list__item\" role=\"listitem\"><span class=\"is--medium\">Compatible lave-vaisselle :<\/span> Non\t\t\t\t\t<\/li>\n<li class=\"product-features__item-list__item\" role=\"listitem\"><span class=\"is--medium\">Capacit\u00e9 :<\/span> 450 g\t\t\t\t\t<\/li>\n<\/ul>\n<\/li>\n<li class=\"product-features__item\" role=\"listitem\">\n<h3 class=\"product-features__label\">Broyage<\/h3>\n<ul role=\"list\">\n<li class=\"product-features__item-list__item\" role=\"listitem\"><span class=\"is--medium\">Syst\u00e8me de broyage :<\/span> Meules\t\t\t\t\t<\/li>\n<li class=\"product-features__item-list__item\" role=\"listitem\"><span class=\"is--medium\">Niveaux de broyage :<\/span> 60\t\t\t\t\t<\/li>\n<\/ul>\n<\/li>\n<li class=\"product-features__item\" role=\"listitem\">\n<h3 class=\"product-features__label\">Mouture<\/h3>\n<ul role=\"list\">\n<li class=\"product-features__item-list__item\" role=\"listitem\"><span class=\"is--medium\">Capacit\u00e9 :<\/span> 18 g\t\t\t\t\t<\/li>\n<li class=\"product-features__item-list__item\" role=\"listitem\"><span class=\"is--medium\">Type de fonctionnement :<\/span> Couteau h\u00e9lice\t\t\t\t\t<\/li>\n<\/ul>\n<\/li>\n<li class=\"product-features__item\" role=\"listitem\">\n<h3 class=\"product-features__label\">Dimensions<\/h3>\n<ul role=\"list\">\n<li class=\"product-features__item-list__item\" role=\"listitem\"><span class=\"is--medium\">Poids Net :<\/span> 2,78 Kg\t\t\t\t\t<\/li>\n<li class=\"product-features__item-list__item\" role=\"listitem\"><span class=\"is--medium\">Poids brut :<\/span> 3,58 Kg\t\t\t\t\t<\/li>\n<\/ul>\n<\/li>\n<li class=\"product-features__item\" role=\"listitem\">\n<h3 class=\"product-features__label\">Informations compl\u00e9mentaires<\/h3>\n<ul role=\"list\">\n<li class=\"product-features__item-list__item\" role=\"listitem\"><span class=\"is--medium\">Fabriqu\u00e9 en :<\/span> Chine\t\t\t\t\t<\/li>\n<li class=\"product-features__item-list__item\" role=\"listitem\"><span class=\"is--medium\">Garantie :<\/span> 2 ans\t\t\t\t\t<\/li>\n<li class=\"product-features__item-list__item\" role=\"listitem\"><span class=\"is--medium\">Disponibilit\u00e9 des pi\u00e8ces d\u00e9tach\u00e9es (donn\u00e9es fournisseur) :<\/span> Pas de pi\u00e8ce disponible\t\t\t\t\t<\/li>\n<li class=\"product-features__item-list__item\" role=\"listitem\"><span class=\"is--medium\">R\u00e9f\u00e9rence constructeur :<\/span> the Smart Grinder Pro\t\t\t\t\t<\/li>\n<li class=\"product-features__item-list__item\" role=\"listitem\"><span class=\"is--medium\">Marque :<\/span> SAGE APPLIANCES\t\t\t\t\t<\/li>\n<\/ul>\n<\/li>\n<li class=\"product-features__item\" role=\"listitem\">\n<h3 class=\"product-features__label\">Facettes moulin caf\u00e9<\/h3>\n<ul role=\"list\">\n<li class=\"product-features__item-list__item\" role=\"listitem\"><span class=\"is--medium\">Capacit\u00e9 en grains (en gr) :<\/span> Capacit\u00e9 XL (plus de 100 gr)\t\t\t\t\t<\/li>\n<li class=\"product-features__item-list__item\" role=\"listitem\"><span class=\"is--medium\">Syst\u00e8me de broyage :<\/span> Meules\t\t\t\t\t<\/li>\n<\/ul>\n<\/li>\n<li class=\"product-features__item\" role=\"listitem\">\n<h3 class=\"product-features__label\">Balisage Mag V2 moulin<\/h3>\n<ul role=\"list\">\n<li class=\"product-features__item-list__item\" role=\"listitem\"><span class=\"is--medium\">Capacit\u00e9 en Gr :<\/span> Capacit\u00e9 450 gr\t\t\t\t\t<\/li>\n<li class=\"product-features__item-list__item\" role=\"listitem\"><span class=\"is--medium\">Nombre de tasse :<\/span> Jusqu\u2019\u00e0 45 tasses en une action\t\t\t\t\t<\/li>\n<li class=\"product-features__item-list__item\" role=\"listitem\"><span class=\"is--medium\">Intensit\u00e9 de broyage :<\/span> 60 niveaux de broyage\t\t\t\t\t<\/li>\n<li class=\"product-features__item-list__item\" role=\"listitem\"><span class=\"is--medium\">R\u00e9servoir :<\/span> R\u00e9servoir amovible\t\t\t\t\t<\/li>\n<\/ul>\n<\/li>\n<\/ul>\n<\/div>\n<div class=\"product__disclosure-content\">\n<div class=\"js-read-more product-description__content\" data-read-more-name=\"description\" style=\"max-height: 500px; overflow: hidden;\">\n<p>Moulin \u00e0 Caf\u00e9 &#8211; the Smart Grinder Pro, Acier Inoxydable NOIRNotre moulin le plus intelligent. Il adapte la dose aux changements de moutureUn caf\u00e9 parfait a toujours besoin d&rsquo;une quantit\u00e9 pr\u00e9cise de grains fra\u00eechementmoulus. Mais ajuster le degr\u00e9 de mouture n\u00e9cessite diff\u00e9rentes dur\u00e9es de broyageafin d&rsquo;obtenir une dose constante.Le broyeur conique SmartGrinder\u2122 de Sage utilise la technologie Dosing iQ pourajuster automatiquement la dose \u00e0 tout changement de mouture. Choisissez entre\u00a0\u00bb Cups \u00a0\u00bb pour un caf\u00e9 fa\u00e7on cafeti\u00e8re \u00e0 piston ou un caf\u00e9 filtre et \u00a0\u00bb Shots \u00a0\u00bb pour unexpresso afin d&rsquo;obtenir la dose appropri\u00e9e de caf\u00e9 \u00e0 infuser et ce quel que soit ler\u00e9glage de mouture. Vous pouvez m\u00eame l\u00e9g\u00e8rement modifier le go\u00fbt.Le broyeur intelligent dispose d&rsquo;un \u00e9cran LCD, de 60r\u00e9glages de mouture, d&rsquo;unetr\u00e9mie amovible de 450 g et de deux supports de mouture pour un dosage directdans des filtres \u00e0 expresso commerciaux de 50 54 mm ou 58 mm ainsi que d&rsquo;un bacde stockage herm\u00e9tique, adapt\u00e9 au caf\u00e9 filtre ou au caf\u00e9 fa\u00e7on cafeti\u00e8re \u00e0 piston.En r\u00e9sum\u00e9, vous choisissez la mouture, l&rsquo;appareil choisit la dose.\u2022Dosing iQ ajuste automatiquement la dose lorsque vous changez de mouture.\u2022\u00c9cran LCD r\u00e9tro \u00e9clair\u00e9\u2022Fonctionnement autonome\u2022Broyeur conique haute pr\u00e9cision avec 60 r\u00e9glages de mouture\u2022Volumes d&rsquo;injection \/ de tasses programmables\u2022Fonction de mise en pause de la dose\u2022Tr\u00e9mie \u00e0 grains grande capacit\u00e9 de 450 g avec syst\u00e8me de verrouillage pourfaciliter le retrait des grains\u2022Supports du porte filtre de 50\/54 mm et de 58 mm*\u2022Bac de r\u00e9cup\u00e9ration de mouture amovible\u2022R\u00e9cipient \u00e0 mouture herm\u00e9tique inclus\u2022Con\u00e7u en Australie par Sage\u2022Remarque : Porte filtre non inclus\u2022Accessoires inclus Petit support de porte filtre (50 54 mm), grand supportde porte filtre (58 mm), r\u00e9cipient \u00e0 mouture avec couvercle et capuchonherm\u00e9tique, brosse de nettoyage des broyeurs coniques<\/p>\n<\/div>\n<\/div>","protected":false},"excerpt":{"rendered":"<div class=\"keypoints\">\n<h3 class=\"keypoints__title\">Les points cl\u00e9s<\/h3>\n<ul role=\"list\">\n<li class=\"keypoints__item\" role=\"listitem\">                          Capacit\u00e9 : 450 g &#8211;                                                      165 W                      <\/li>\n<li class=\"keypoints__item\" role=\"listitem\">                          Meules &#8211;                                                      Bouton marche\/arr\u00eat                      <\/li>\n<li class=\"keypoints__item keypoints__item--advantage\" role=\"listitem\"><strong>Le + :<\/strong> Il adapte la dose aux changements de mouture      <\/li>\n<\/ul>","protected":false},"featured_media":71711,"template":"","meta":{"_glsr_average":0,"_glsr_ranking":0,"_glsr_reviews":0},"product_cat":[316],"product_tag":[230,286,317],"class_list":{"0":"post-71712","1":"product","2":"type-product","3":"status-publish","4":"has-post-thumbnail","6":"product_cat-moulin-a-cafe-mousseur-a-lait","7":"product_tag-cuisine-et-cuisson","8":"product_tag-machine-a-cafe","9":"product_tag-moulin-a-cafe-mousseur-a-lait","11":"first","12":"instock","13":"sale","14":"shipping-taxable","15":"purchasable","16":"product-type-simple"},"_links":{"self":[{"href":"https:\/\/electromenagerexpress.com\/en\/wp-json\/wp\/v2\/product\/71712","targetHints":{"allow":["GET"]}}],"collection":[{"href":"https:\/\/electromenagerexpress.com\/en\/wp-json\/wp\/v2\/product"}],"about":[{"href":"https:\/\/electromenagerexpress.com\/en\/wp-json\/wp\/v2\/types\/product"}],"wp:featuredmedia":[{"embeddable":true,"href":"https:\/\/electromenagerexpress.com\/en\/wp-json\/wp\/v2\/media\/71711"}],"wp:attachment":[{"href":"https:\/\/electromenagerexpress.com\/en\/wp-json\/wp\/v2\/media?parent=71712"}],"wp:term":[{"taxonomy":"product_cat","embeddable":true,"href":"https:\/\/electromenagerexpress.com\/en\/wp-json\/wp\/v2\/product_cat?post=71712"},{"taxonomy":"product_tag","embeddable":true,"href":"https:\/\/electromenagerexpress.com\/en\/wp-json\/wp\/v2\/product_tag?post=71712"}],"curies":[{"name":"wp","href":"https:\/\/api.w.org\/{rel}","templated":true}]}}