{"id":71676,"date":"2024-11-24T12:40:43","date_gmt":"2024-11-24T12:40:43","guid":{"rendered":"https:\/\/electromenagerexpress.com\/product\/machine-a-expressosage-appliancesbambino-plus\/"},"modified":"2024-11-24T12:40:49","modified_gmt":"2024-11-24T12:40:49","slug":"machine-a-expressosage-appliancesbambino-plus","status":"publish","type":"product","link":"https:\/\/electromenagerexpress.com\/en\/product\/machine-a-expressosage-appliancesbambino-plus\/","title":{"rendered":"Machine \u00e0 expresso\t\t\t\t\t\t\tSAGE APPLIANCES\t\t\t\tBambino Plus"},"content":{"rendered":"<div class=\"product-features__content\">\n<ul role=\"list\">\n<li class=\"product-features__item\" role=\"listitem\">\n<h3 class=\"product-features__label\">Choisir ce produit pour quels usages ?<\/h3>\n<ul role=\"list\">\n<li class=\"product-features__item-list__item\" role=\"listitem\"><span class=\"is--medium\">Type de machine caf\u00e9 :<\/span> avec porte filtre (percolateur), permet de r\u00e9aliser vos expressos manuellement comme un barista (sp\u00e9cialiste du caf\u00e9)\t\t\t\t\t<\/li>\n<li class=\"product-features__item-list__item\" role=\"listitem\"><span class=\"is--medium\">Type de boissons :<\/span> expresso\t\t\t\t\t<\/li>\n<li class=\"product-features__item-list__item\" role=\"listitem\"><span class=\"is--medium\">Type de caf\u00e9 :<\/span> caf\u00e9 moulu et caf\u00e9 en grain\t\t\t\t\t<\/li>\n<li class=\"product-features__item-list__item\" role=\"listitem\"><span class=\"is--medium\">Nombre de recettes caf\u00e9 :<\/span> 0\t\t\t\t\t<\/li>\n<li class=\"product-features__item-list__item\" role=\"listitem\"><span class=\"is--medium\">Nombre de recettes lact\u00e9es :<\/span> 0\t\t\t\t\t<\/li>\n<li class=\"product-features__item-list__item\" role=\"listitem\"><span class=\"is--medium\">Boisson \u00e0 pr\u00e9parer :<\/span> Caf\u00e9, Espresso, Lungo, Allong\u00e9 (Americano), Caf\u00e9 long, Ristretto, Cappuccino, Latte Macchiato, Mousse de lait, Caf\u00e9 au Lait, Lait chaud, Cappuccino mix, Caf\u00e9 froid, Cappuccino+\t\t\t\t\t<\/li>\n<li class=\"product-features__item-list__item\" role=\"listitem\"><span class=\"is--medium\">Je trouve mon caf\u00e9 moulu :<\/span> <a href=\"https:\/\/www.boulanger.com\/c\/accessoire-consommable-expresso-cafetiere\/facette_accessoire_cafetiere_et_expresso_____produit~cafe920moulu\" target=\"_blank\">En cliquant ici<\/a><\/li>\n<\/ul>\n<\/li>\n<li class=\"product-features__item\" role=\"listitem\">\n<h3 class=\"product-features__label\">Confort d&rsquo;utilisation<\/h3>\n<ul role=\"list\">\n<li class=\"product-features__item-list__item\" role=\"listitem\"><span class=\"is--medium\">Panneau de commande :<\/span> Touche manuel\t\t\t\t\t<\/li>\n<li class=\"product-features__item-list__item\" role=\"listitem\"><span class=\"is--medium\">Nombre de tasses :<\/span> 1 ou 2 caf\u00e9s en simultan\u00e9s\t\t\t\t\t<\/li>\n<li class=\"product-features__item-list__item\" role=\"listitem\"><span class=\"is--medium\">Longueur de tasse :<\/span> automatique, les r\u00e9glages sont pr\u00e9-d\u00e9finis pour acc\u00e9der \u00e0 votre expresso d&rsquo;un seul geste\t\t\t\t\t<\/li>\n<li class=\"product-features__item-list__item\" role=\"listitem\"><span class=\"is--medium\">Buse vapeur :<\/span> automatique, pour regler la temp\u00e9rature et la texture de la mousse de lait d\u00e9sir\u00e9e\t\t\t\t\t<\/li>\n<li class=\"product-features__item-list__item\" role=\"listitem\"><span class=\"is--medium\">Arr\u00eat automatique de la machine :<\/span> Oui\t\t\t\t\t<\/li>\n<li class=\"product-features__item-list__item\" role=\"listitem\"><span class=\"is--medium\">Chauffe tasses :<\/span> Non\t\t\t\t\t<\/li>\n<li class=\"product-features__item-list__item\" role=\"listitem\"><span class=\"is--medium\">Capacit\u00e9 du r\u00e9servoir d&rsquo;eau :<\/span> 1,90 L\t\t\t\t\t<\/li>\n<li class=\"product-features__item-list__item\" role=\"listitem\"><span class=\"is--medium\">Capacit\u00e9 de la verseuse :<\/span> Non concern\u00e9\t\t\t\t\t<\/li>\n<\/ul>\n<\/li>\n<li class=\"product-features__item\" role=\"listitem\">\n<h3 class=\"product-features__label\">Entretien<\/h3>\n<ul role=\"list\">\n<li class=\"product-features__item-list__item\" role=\"listitem\"><span class=\"is--medium\">Indicateur de d\u00e9tartrage :<\/span> oui, pour alerter qu&rsquo;un d\u00e9tartrage est n\u00e9cessaire pour pr\u00e9server la dur\u00e9e de vie de votre appareil\t\t\t\t\t<\/li>\n<li class=\"product-features__item-list__item\" role=\"listitem\"><span class=\"is--medium\">Programme de nettoyage :<\/span> oui, vous guide sur les \u00e9tapes d&rsquo;entretien de la machine\t\t\t\t\t<\/li>\n<\/ul>\n<\/li>\n<li class=\"product-features__item\" role=\"listitem\">\n<h3 class=\"product-features__label\">Equipement<\/h3>\n<ul role=\"list\">\n<li class=\"product-features__item-list__item\" role=\"listitem\"><span class=\"is--medium\">Nombre de filtres :<\/span> 2 pour la pr\u00e9paration d&rsquo;un expresso et d&rsquo;un double expresso\t\t\t\t\t<\/li>\n<li class=\"product-features__item-list__item\" role=\"listitem\"><span class=\"is--medium\">Puissance :<\/span> 1.600 W\t\t\t\t\t<\/li>\n<li class=\"product-features__item-list__item\" role=\"listitem\"><span class=\"is--medium\">Pression :<\/span> 15,0 bars\t\t\t\t\t<\/li>\n<\/ul>\n<\/li>\n<li class=\"product-features__item\" role=\"listitem\">\n<h3 class=\"product-features__label\">Dimensions<\/h3>\n<ul role=\"list\">\n<li class=\"product-features__item-list__item\" role=\"listitem\"><span class=\"is--medium\">Poids Net (kg) :<\/span> 4.95\t\t\t\t\t<\/li>\n<\/ul>\n<\/li>\n<li class=\"product-features__item\" role=\"listitem\">\n<h3 class=\"product-features__label\">Informations compl\u00e9mentaires<\/h3>\n<ul role=\"list\">\n<li class=\"product-features__item-list__item\" role=\"listitem\"><span class=\"is--medium\">Garantie :<\/span> 2 ans\t\t\t\t\t<\/li>\n<li class=\"product-features__item-list__item\" role=\"listitem\"><span class=\"is--medium\">Disponibilit\u00e9 des pi\u00e8ces d\u00e9tach\u00e9es (donn\u00e9es fournisseur) :<\/span> Pendant 5 ans, \u00e0 compter de la date d&rsquo;achat\t\t\t\t\t<\/li>\n<li class=\"product-features__item-list__item\" role=\"listitem\"><span class=\"is--medium\">R\u00e9f\u00e9rence constructeur :<\/span> Bambino Plus\t\t\t\t\t<\/li>\n<li class=\"product-features__item-list__item\" role=\"listitem\"><span class=\"is--medium\">Marque :<\/span> SAGE APPLIANCES\t\t\t\t\t<\/li>\n<li class=\"product-features__item-list__item\" role=\"listitem\"><span class=\"is--medium\">Fabriqu\u00e9 en :<\/span> Chine\t\t\t\t\t<\/li>\n<\/ul>\n<\/li>\n<\/ul>\n<\/div>\n<div class=\"product__disclosure-content\">\n<div class=\"js-read-more product-description__content read-more read-more--truncated\" data-read-more-name=\"description\" style=\"max-height: 500px; overflow: hidden;\">\n<p>Pour un caf\u00e9 de qualit\u00e9 professionnelle, d\u00e9couvrez la Machine Expresso SAGE APPLIANCES Bambino Plus. Son concentr\u00e9 technologique vous ouvrira la porte \u00e0 des boissons savoureuses.<\/p>\n<h3><img fetchpriority=\"high\" decoding=\"async\" ,=\"\" alt=\"Expresso SAGE APPLIANCES Bambino Plus\" class=\"wy_tableau_gauche\" height=\"270\" src=\"https:\/\/boulanger.scene7.com\/is\/image\/Boulanger\/9312432031523_h_f_l_0?wid=400&amp;hei=270\" width=\"400\"\/>Une machine de barista<\/h3>\n<p>Les amoureux de caf\u00e9 seront ravis de d\u00e9couvrir la Machine Expresso SAGE APPLIANCES Bambino Plus. Gr\u00e2ce \u00e0 son <b>porte-filtre de 54 mm<\/b>, vous pourrez extraire <b>19 grammes de caf<\/b>\u00e9 et lib\u00e9rerez ainsi un maximum d&rsquo;ar\u00f4mes. En seulement 3 secondes, cette machine montera en chauffe gr\u00e2ce au <b>syst\u00e8me ThermoJet<\/b>, pour vous garantir un service parfait.<\/p>\n<p>La richesse des ar\u00f4mes d\u00e9livr\u00e9s par la Machine Expresso SAGE APPLIANCES Bambino Plus repose sur un <b>syst\u00e8me d&rsquo;extraction pr\u00e9cis<\/b>. En effet, elle est \u00e9quip\u00e9e d&rsquo;un <b>contr\u00f4le num\u00e9rique de la temp\u00e9ratur<\/b>e pour une chauffe parfaitement calibr\u00e9e. De plus, vous pourrez compter sur sa <b>pr\u00e9-infusion \u00e0 basse pression<\/b> en d\u00e9but de service pour une lib\u00e9ration maximale des ar\u00f4mes.<\/p>\n<h3><img decoding=\"async\" ,=\"\" alt=\"Expresso SAGE APPLIANCES Bambino Plus\" class=\"wy_tableau_right\" height=\"270\" src=\"https:\/\/boulanger.scene7.com\/is\/image\/Boulanger\/9312432031523_h_f_l_0?wid=400&amp;hei=270\" width=\"400\"\/>Variez les plaisirs<\/h3>\n<p>Si elle a \u00e9t\u00e9 pens\u00e9e pour vous servir des caf\u00e9s courts et puissants, la Machine Expresso SAGE APPLIANCES Bambino Plus dispose \u00e9galement de technologies gr\u00e2ce auxquelles vous pourrez pr\u00e9parer des boissons plus gourmandes. Vous appr\u00e9cierez notamment sa <b>buse vapeur automatique<\/b> via laquelle vous pourrez <b>faire mousser le lait<\/b> et lui conf\u00e9rer une texture parfaite pour des latte savoureux.<\/p>\n<p>L&rsquo;entretien de la Machine Expresso SAGE APPLIANCES Bambino Plus sera \u00e9galement un jeu d&rsquo;enfant. Gr\u00e2ce \u00e0 sa <b>purge automatique<\/b>, vous serez certain d&rsquo;obtenir un caf\u00e9 parfait \u00e0 chaque service. Elle est \u00e9galement accompagn\u00e9e d&rsquo;un <b>outil et d&rsquo;un disque de nettoyage<\/b>. Notez aussi que vous disposerez du <b>Razor<\/b>, un outil de dosage de pr\u00e9cision qui ajustera la mouture \u00e0 la boisson d\u00e9sir\u00e9e.<\/p>\n<\/p>\n<p><video class=\"s7Video\" controls=\"\" controlslist=\"nodownload\" poster=\"https:\/\/boulanger.scene7.com\/is\/image\/Boulanger\/9312432031523_v_0?scl=1\" preload=\"metadata\" src=\"https:\/\/boulanger.scene7.com\/is\/content\/Boulanger\/9312432031523_v_0\" width=\"100%\"><\/video><\/p>\n<\/div>\n<p><bl-button a11yexpanded=\"false\" arialabel=\"Afficher toute la description\" class=\"read-more__btn\" full=\"false\" link=\"true\"><\/bl-button><\/div>","protected":false},"excerpt":{"rendered":"<div class=\"keypoints\">\n<h3 class=\"keypoints__title\">Les points cl\u00e9s<\/h3>\n<ul role=\"list\">\n<li class=\"keypoints__item\" role=\"listitem\">                                        caf\u00e9 moulu et caf\u00e9 en grain                      <\/li>\n<li class=\"keypoints__item\" role=\"listitem\">                                        1 ou 2 caf\u00e9s en simultan\u00e9s                      <\/li>\n<li class=\"keypoints__item\" role=\"listitem\">                                        avec porte filtre, percolateur                      <\/li>\n<li class=\"keypoints__item\" role=\"listitem\">                          15,0 bars &#8211;                                                      1.600 W                      <\/li>\n<li class=\"keypoints__item keypoints__item--advantage\" role=\"listitem\"><strong>Le + :<\/strong> Sa compacit\u00e9, ses finitions premium et  son syst\u00e8me extraction pr\u00e9cis  pour une lib\u00e9ration maximale des ar\u00f4mes.      <\/li>\n<\/ul>","protected":false},"featured_media":71675,"template":"","meta":{"_glsr_average":0,"_glsr_ranking":0,"_glsr_reviews":0},"product_cat":[285],"product_tag":[230,287,286],"class_list":{"0":"post-71676","1":"product","2":"type-product","3":"status-publish","4":"has-post-thumbnail","6":"product_cat-expresso","7":"product_tag-cuisine-et-cuisson","8":"product_tag-expresso","9":"product_tag-machine-a-cafe","11":"first","12":"instock","13":"sale","14":"shipping-taxable","15":"purchasable","16":"product-type-simple"},"_links":{"self":[{"href":"https:\/\/electromenagerexpress.com\/en\/wp-json\/wp\/v2\/product\/71676","targetHints":{"allow":["GET"]}}],"collection":[{"href":"https:\/\/electromenagerexpress.com\/en\/wp-json\/wp\/v2\/product"}],"about":[{"href":"https:\/\/electromenagerexpress.com\/en\/wp-json\/wp\/v2\/types\/product"}],"wp:featuredmedia":[{"embeddable":true,"href":"https:\/\/electromenagerexpress.com\/en\/wp-json\/wp\/v2\/media\/71675"}],"wp:attachment":[{"href":"https:\/\/electromenagerexpress.com\/en\/wp-json\/wp\/v2\/media?parent=71676"}],"wp:term":[{"taxonomy":"product_cat","embeddable":true,"href":"https:\/\/electromenagerexpress.com\/en\/wp-json\/wp\/v2\/product_cat?post=71676"},{"taxonomy":"product_tag","embeddable":true,"href":"https:\/\/electromenagerexpress.com\/en\/wp-json\/wp\/v2\/product_tag?post=71676"}],"curies":[{"name":"wp","href":"https:\/\/api.w.org\/{rel}","templated":true}]}}