{"id":71549,"date":"2024-11-24T12:39:00","date_gmt":"2024-11-24T12:39:00","guid":{"rendered":"https:\/\/electromenagerexpress.com\/product\/expresso-broyeurkrupsea897b10-evidence-eco-design\/"},"modified":"2024-11-24T12:39:18","modified_gmt":"2024-11-24T12:39:18","slug":"expresso-broyeurkrupsea897b10-evidence-eco-design","status":"publish","type":"product","link":"https:\/\/electromenagerexpress.com\/en\/product\/expresso-broyeurkrupsea897b10-evidence-eco-design\/","title":{"rendered":"Expresso Broyeur\t\t\t\t\t\t\tKRUPS\t\t\t\tEA897B10 evidence \u00e9co design"},"content":{"rendered":"<div class=\"product-features__content\">\n<ul role=\"list\">\n<li class=\"product-features__item\" role=\"listitem\">\n<h3 class=\"product-features__label\">Choisir ce produit pour quels usages ?<\/h3>\n<ul role=\"list\">\n<li class=\"product-features__item-list__item\" role=\"listitem\"><span class=\"is--medium\">Type de boissons :<\/span> caf\u00e9, boissons lact\u00e9es, th\u00e9\t\t\t\t\t<\/li>\n<li class=\"product-features__item-list__item\" role=\"listitem\"><span class=\"is--medium\">Type de caf\u00e9 :<\/span> grain\t\t\t\t\t<\/li>\n<li class=\"product-features__item-list__item\" role=\"listitem\"><span class=\"is--medium\">Je trouve mon caf\u00e9 :<\/span> <a href=\"https:\/\/www.boulanger.com\/c\/accessoire-consommable-expresso-cafetiere\/facette_accessoire_cafetiere_et_expresso_____produit~cafe920en20grain\" target=\"_blank\">en sa<\/a><\/li>\n<li class=\"product-features__item-list__item\" role=\"listitem\"><span class=\"is--medium\">Nombre de tasses :<\/span> 1 ou 2 caf\u00e9s ou boissons lact\u00e9es en simultan\u00e9\t\t\t\t\t<\/li>\n<li class=\"product-features__item-list__item\" role=\"listitem\"><span class=\"is--medium\">Nombre de recettes caf\u00e9s :<\/span> 4\t\t\t\t\t<\/li>\n<li class=\"product-features__item-list__item\" role=\"listitem\"><span class=\"is--medium\">Nombre de recettes caf\u00e9s lact\u00e9es :<\/span> 3\t\t\t\t\t<\/li>\n<li class=\"product-features__item-list__item\" role=\"listitem\"><span class=\"is--medium\">Type de recettes :<\/span> Ristretto, Espresso, Lungo, Caf\u00e9, Caf\u00e9 XL, Caf\u00e9 long, Americano, Caf\u00e9 frapp\u00e9, Aroma +, Caf\u00e9 Cortado, Caf\u00e9 cr\u00e8me, Cappuccino, Latte Macchiato, Caffelatte, Mousse de lait, Flat White\t\t\t\t\t<\/li>\n<li class=\"product-features__item-list__item\" role=\"listitem\"><span class=\"is--medium\">Aroma + :<\/span> Oui\t\t\t\t\t<\/li>\n<li class=\"product-features__item-list__item\" role=\"listitem\"><span class=\"is--medium\">Nombre de recettes favoris :<\/span> 2\t\t\t\t\t<\/li>\n<li class=\"product-features__item-list__item\" role=\"listitem\"><span class=\"is--medium\">Mod\u00e8le de l&rsquo;expresso broyeur :<\/span> Evidence\t\t\t\t\t<\/li>\n<\/ul>\n<\/li>\n<li class=\"product-features__item\" role=\"listitem\">\n<h3 class=\"product-features__label\">Confort d&rsquo;utilisation<\/h3>\n<ul role=\"list\">\n<li class=\"product-features__item-list__item\" role=\"listitem\"><span class=\"is--medium\">Syst\u00e8me de boissons lact\u00e9es :<\/span> Tuyau \u00e0 lait\t\t\t\t\t<\/li>\n<li class=\"product-features__item-list__item\" role=\"listitem\"><span class=\"is--medium\">Panneau de commande :<\/span> Panneau tactile\t\t\t\t\t<\/li>\n<li class=\"product-features__item-list__item\" role=\"listitem\"><span class=\"is--medium\">Nombre de profils : :<\/span> 2\t\t\t\t\t<\/li>\n<li class=\"product-features__item-list__item\" role=\"listitem\"><span class=\"is--medium\">Capacit\u00e9 du bac \u00e0 grains :<\/span> 260 g\t\t\t\t\t<\/li>\n<li class=\"product-features__item-list__item\" role=\"listitem\"><span class=\"is--medium\">Capacit\u00e9 du r\u00e9servoir d&rsquo;eau :<\/span> 2,3 L\t\t\t\t\t<\/li>\n<li class=\"product-features__item-list__item\" role=\"listitem\"><span class=\"is--medium\">Emplacement du r\u00e9servoir d&rsquo;eau :<\/span> A l&rsquo;arri\u00e8re\t\t\t\t\t<\/li>\n<li class=\"product-features__item-list__item\" role=\"listitem\"><span class=\"is--medium\">Capacit\u00e9 du bac \u00e0 marc :<\/span> 9\t\t\t\t\t<\/li>\n<li class=\"product-features__item-list__item\" role=\"listitem\"><span class=\"is--medium\">Chauffe tasses :<\/span> Non\t\t\t\t\t<\/li>\n<li class=\"product-features__item-list__item\" role=\"listitem\"><span class=\"is--medium\">Arr\u00eat automatique de la machine :<\/span> Oui\t\t\t\t\t<\/li>\n<li class=\"product-features__item-list__item\" role=\"listitem\"><span class=\"is--medium\">Arr\u00eat automatique de l&rsquo;\u00e9coulement de la boisson :<\/span> Oui\t\t\t\t\t<\/li>\n<li class=\"product-features__item-list__item\" role=\"listitem\"><span class=\"is--medium\">R\u00e9glage de l&rsquo;intensit\u00e9 du caf\u00e9 :<\/span> Oui\t\t\t\t\t<\/li>\n<li class=\"product-features__item-list__item\" role=\"listitem\"><span class=\"is--medium\">Nombre de caf\u00e9s par jours :<\/span> 26\t\t\t\t\t<\/li>\n<\/ul>\n<\/li>\n<li class=\"product-features__item\" role=\"listitem\">\n<h3 class=\"product-features__label\">Equipement<\/h3>\n<ul role=\"list\">\n<li class=\"product-features__item-list__item\" role=\"listitem\"><span class=\"is--medium\">Mati\u00e8re du broyeur :<\/span> en acier, incassable, pour une meilleure dur\u00e9e de vie de votre appareil\t\t\t\t\t<\/li>\n<li class=\"product-features__item-list__item\" role=\"listitem\"><span class=\"is--medium\">R\u00e9glage de finesse de mouture :<\/span> 5 pour adapter la finesse selon le type et la vari\u00e9t\u00e9 du caf\u00e9\t\t\t\t\t<\/li>\n<li class=\"product-features__item-list__item\" role=\"listitem\"><span class=\"is--medium\">T\u00e9moin de r\u00e9servoir d&rsquo;eau vide :<\/span> Oui\t\t\t\t\t<\/li>\n<li class=\"product-features__item-list__item\" role=\"listitem\"><span class=\"is--medium\">Buse \u00e0 caf\u00e9 r\u00e9glable en hauteur :<\/span> oui, permet d&rsquo;ajuster \u00e0 la hauteur de la tasse\t\t\t\t\t<\/li>\n<li class=\"product-features__item-list__item\" role=\"listitem\"><span class=\"is--medium\">Puissance :<\/span> 1.450 W\t\t\t\t\t<\/li>\n<li class=\"product-features__item-list__item\" role=\"listitem\"><span class=\"is--medium\">Pression :<\/span> 15 bars\t\t\t\t\t<\/li>\n<li class=\"product-features__item-list__item\" role=\"listitem\"><span class=\"is--medium\">Applications :<\/span> pas d&rsquo;application\t\t\t\t\t<\/li>\n<\/ul>\n<\/li>\n<li class=\"product-features__item\" role=\"listitem\">\n<h3 class=\"product-features__label\">Entretien<\/h3>\n<ul role=\"list\">\n<li class=\"product-features__item-list__item\" role=\"listitem\"><span class=\"is--medium\">filtre \u00e0 eau :<\/span> oui, pour pr\u00e9server la dur\u00e9e de vie de la machine et garantir un meilleur r\u00e9sultat en tasse\t\t\t\t\t<\/li>\n<li class=\"product-features__item-list__item\" role=\"listitem\"><span class=\"is--medium\">Rin\u00e7age de la buse caf\u00e9 :<\/span> automatique, pour nettoyer la buse apr\u00e8s chaque utilisation\t\t\t\t\t<\/li>\n<li class=\"product-features__item-list__item\" role=\"listitem\"><span class=\"is--medium\">Indicateur de d\u00e9tartrage :<\/span> oui, pour alerter qu&rsquo;un d\u00e9tartrage est n\u00e9cessaire pour pr\u00e9server la dur\u00e9e de vie de votre appareil\t\t\t\t\t<\/li>\n<li class=\"product-features__item-list__item\" role=\"listitem\"><span class=\"is--medium\">Programme de nettoyage :<\/span> oui, vous guide sur les \u00e9tapes d&rsquo;entretien de la machine\t\t\t\t\t<\/li>\n<li class=\"product-features__item-list__item\" role=\"listitem\"><span class=\"is--medium\">Bloc infuseur amovible :<\/span> non\t\t\t\t\t<\/li>\n<\/ul>\n<\/li>\n<li class=\"product-features__item\" role=\"listitem\">\n<h3 class=\"product-features__label\">Dimensions<\/h3>\n<ul role=\"list\">\n<li class=\"product-features__item-list__item\" role=\"listitem\"><span class=\"is--medium\">Dimensions l x h x p :<\/span> 24 x 36.71 x 38 cm\t\t\t\t\t<\/li>\n<li class=\"product-features__item-list__item\" role=\"listitem\"><span class=\"is--medium\">Poids Net :<\/span> 8 kg\t\t\t\t\t<\/li>\n<li class=\"product-features__item-list__item\" role=\"listitem\"><span class=\"is--medium\">Poids Brut :<\/span> 10 kg\t\t\t\t\t<\/li>\n<li class=\"product-features__item-list__item\" role=\"listitem\"><span class=\"is--medium\">Volume :<\/span> 55,79 L\t\t\t\t\t<\/li>\n<\/ul>\n<\/li>\n<li class=\"product-features__item\" role=\"listitem\">\n<h3 class=\"product-features__label\">Informations compl\u00e9mentaires<\/h3>\n<ul role=\"list\">\n<li class=\"product-features__item-list__item\" role=\"listitem\"><span class=\"is--medium\">Fabriqu\u00e9 en :<\/span> France\t\t\t\t\t<\/li>\n<li class=\"product-features__item-list__item\" role=\"listitem\"><span class=\"is--medium\">Disponibilit\u00e9 des pi\u00e8ces d\u00e9tach\u00e9es (donn\u00e9es fournisseur) :<\/span> Pendant 15 ans, \u00e0 compter de la date d&rsquo;achat\t\t\t\t\t<\/li>\n<\/ul>\n<\/li>\n<\/ul>\n<\/div>\n<div class=\"product__disclosure-content\">\n<div class=\"js-read-more product-description__content read-more read-more--truncated\" data-read-more-name=\"description\" style=\"max-height: 500px; overflow: hidden;\">\n<p>Entrez dans le monde du parfait caf\u00e9, fra\u00eechement moulu, personnalis\u00e9 \u00e0 votre go\u00fbt, riche en ar\u00f4mes, et pr\u00e9par\u00e9 avec la premi\u00e8re machine \u00e0 caf\u00e9 \u00e0 grains \u00e9cocon\u00e7ue et fabriqu\u00e9e en France : Krups pr\u00e9sente Evidence Eco Design, imagin\u00e9e et con\u00e7ue pour r\u00e9duire notre impact sur nos ressources naturelles.<\/p>\n<\/p>\n<p><center><b>Un caf\u00e9 au go\u00fbt incomparable et des boissons lact\u00e9es toujours parfaites<\/b><\/center><\/p>\n<p>Gr\u00e2ce \u00e0 la\u00a0technologie KRUPS, la machine \u00e0 caf\u00e9 automatique expresso broyeur Evidence Eco Design vous offre tout au long de la journ\u00e9e des espressos, caf\u00e9s allong\u00e9s et boissons \u00e0 base de lait de qualit\u00e9 professionnelle. Vous b\u00e9n\u00e9ficierez au choix de 8 boissons pr\u00e9-enregistr\u00e9es avec un processus de pr\u00e9paration de boissons 100 % automatique. La technologie Quattro Force, une puissance de 1 450 W et une pression de 15 bars optimisent chaque \u00e9tape, du grain \u00e0 la tasse, pour obtenir une texture et un go\u00fbt sublimes. Vous pouvez personnaliser vos boissons \u00e0 votre go\u00fbt (intensit\u00e9, quantit\u00e9&#8230;), pr\u00e9parer une ou deux tasses simultan\u00e9es et enregistrer deux de vos recettes pr\u00e9f\u00e9r\u00e9es.<\/p>\n<p>Le syst\u00e8me One Touch Cappuccino et son syst\u00e8me de lait int\u00e9gr\u00e9 permet de pr\u00e9parer des boissons lact\u00e9es (cappuccinos, latte macchiatos) parfaites, par simple pression sur un bouton. Son processus tr\u00e8s simple d&rsquo;utilisation permet de pr\u00e9parer deux boissons en m\u00eame temps.<\/p>\n<\/p>\n<p><center><img decoding=\"async\" alt=\"URL SCENE7\" src=\"https:\/\/boulanger.scene7.com\/is\/image\/Boulanger\/3016661164156_h_b_l_0?wid=1000\" width=\"400\"\/><\/center><\/p>\n<\/p>\n<p><center><b>Un impact environnemental r\u00e9duit<\/b><\/center><\/p>\n<p>Fabriqu\u00e9e \u00e0 partir de 52 %* de plastique recycl\u00e9 et avec son emballage en carton recycl\u00e9, la machine \u00e0 caf\u00e9 broyeur \u00e0 grain Evidence Eco-design de Krups limite l&rsquo;utilisation des ressources et son impact environnemental. De plus l&rsquo;optimisation du design des composants et du nombre de pi\u00e8ces permet de minimiser l&rsquo;impact du processus de fabrication en r\u00e9duisant les \u00e9missions de CO2. Le tout bien s\u00fbr sans compromis sur la qualit\u00e9 et les performances.<\/p>\n<p>Enfin, lorsque votre machine aura termin\u00e9 sa longue vie, elle pourra \u00eatre recycl\u00e9e jusqu&rsquo;\u00e0 90 %.<\/p>\n<p>C&rsquo;est l&rsquo;engagement de Krups pour la sauvegarde de nos ressources.<\/p>\n<p>*Par rapport au poids total de plastique ou 31 % du poids global de la machine<\/p>\n<\/p>\n<p><center><img decoding=\"async\" alt=\"URL SCENE7\" src=\"https:\/\/boulanger.scene7.com\/is\/image\/Boulanger\/3016661164156_h_f_l_2?wid=1000\" width=\"400\"\/><\/center><\/p>\n<\/p>\n<p><center><b>Une machine \u00e0 caf\u00e9 facile \u00e0 utiliser et toujours propre<\/b><\/center><\/p>\n<p>Avec sa fa\u00e7ade inclin\u00e9e, son grand panneau tactile et sa finition haut de gamme, l&rsquo;ajustement de la hauteur des buses, un bac \u00e0 marc de caf\u00e9 accessible \u00e0 l&rsquo;avant et un large plateau r\u00e9colte-gouttes anti-d\u00e9bordement, vous aurez plaisir \u00e0 utiliser votre appareil. Son grand r\u00e9servoir d&rsquo;eau d&rsquo;une capacit\u00e9 de 2,5 L et son r\u00e9servoir \u00e0 grains de 250 gr avec 5 r\u00e9glages de finesse de mouture vous faciliteront la vie pour une exp\u00e9rience de caf\u00e9 unique.<\/p>\n<p>Gr\u00e2ce \u00e0 son syst\u00e8me automatique de nettoyage, l&rsquo;entretien de la machine \u00e0 caf\u00e9 expresso broyeur Evidence Eco-Design est tr\u00e8s simple. Pour r\u00e9aliser les nettoyages en profondeur (3 \u00e0 5 fois par an), la machine \u00e0 caf\u00e9 vous alerte : une simple pastille de nettoyage suffit. 2 pastilles sont incluses et sont ensuite disponibles en accessoires.<\/p>\n<\/p>\n<p><center><img decoding=\"async\" alt=\"URL SCENE7\" src=\"https:\/\/boulanger.scene7.com\/is\/image\/Boulanger\/3016661164156_h_f_l_5?wid=1000\" width=\"400\"\/><\/center><\/p>\n<\/p>\n<p><center><b>Un appareil s\u00fbr et \u00e0 impact positif<\/b><\/center><\/p>\n<p>Fabriqu\u00e9e en France \u00e0 Mayenne, cette machine \u00e0 caf\u00e9 \u00e0 grain b\u00e9n\u00e9ficie d&rsquo;une qualit\u00e9 irr\u00e9prochable. Elle est con\u00e7ue pour \u00eatre facilement r\u00e9parable pendant 15\u00a0ans avec des pi\u00e8ces d\u00e9tach\u00e9es disponibles\u00a0\u00e0 un juste prix, dans l&rsquo;un des 6500 centres de r\u00e9parations dans le monde. Cela s&rsquo;inscrit dans l&rsquo;engagement de Krups en faveur d&rsquo;une \u00e9conomie circulaire. Cet appareil est garanti 2 ans.<\/p>\n<p>Enfin, en utilisant du caf\u00e9 en grain plut\u00f4t que des capsules ou dosettes, vous r\u00e9duisez votre production de d\u00e9chets. De plus, le marc de caf\u00e9 peut \u00e9galement \u00eatre utilis\u00e9 comme engrais naturel.<\/p>\n<\/p>\n<p><center><img decoding=\"async\" alt=\"URL SCENE7\" src=\"https:\/\/boulanger.scene7.com\/is\/image\/Boulanger\/3016661164156_h_f_l_6?wid=1000\" width=\"400\"\/><\/center><\/p>\n<\/p>\n<p><video class=\"s7Video\" controls=\"\" controlslist=\"nodownload\" poster=\"https:\/\/boulanger.scene7.com\/is\/image\/Boulanger\/3016661164156_v_0?scl=1\" preload=\"metadata\" src=\"https:\/\/boulanger.scene7.com\/is\/content\/Boulanger\/3016661164156_v_0\" width=\"100%\"><\/video><\/p>\n<\/div>\n<p><bl-button a11yexpanded=\"false\" arialabel=\"Afficher toute la description\" class=\"read-more__btn\" full=\"false\" link=\"true\"><\/bl-button><\/div>","protected":false},"excerpt":{"rendered":"<div class=\"keypoints\">\n<h3 class=\"keypoints__title\">Les points cl\u00e9s<\/h3>\n<ul role=\"list\">\n<li class=\"keypoints__item\" role=\"listitem\">                                        4 recettes de caf\u00e9                      <\/li>\n<li class=\"keypoints__item\" role=\"listitem\">                          3 recettes de caf\u00e9s lact\u00e9es &#8211;                                                      Ecran tactile                      <\/li>\n<li class=\"keypoints__item\" role=\"listitem\">                                        Nombre de tasses : 1 ou 2 caf\u00e9s ou boissons lact\u00e9es en simultan\u00e9                      <\/li>\n<li class=\"keypoints__item\" role=\"listitem\">                                        Nombre de finesse de mouture : 5                      <\/li>\n<li class=\"keypoints__item keypoints__item--advantage\" role=\"listitem\"><strong>Le + :<\/strong> M\u00e9thodes de fabrication avec \u00e9missions de CO2 r\u00e9duites      <\/li>\n<\/ul>","protected":false},"featured_media":71548,"template":"","meta":{"_glsr_average":0,"_glsr_ranking":0,"_glsr_reviews":0},"product_cat":[308],"product_tag":[230,286,309],"class_list":{"0":"post-71549","1":"product","2":"type-product","3":"status-publish","4":"has-post-thumbnail","6":"product_cat-machine-a-cafe-a-grain","7":"product_tag-cuisine-et-cuisson","8":"product_tag-machine-a-cafe","9":"product_tag-machine-a-cafe-a-grain","11":"first","12":"instock","13":"sale","14":"shipping-taxable","15":"purchasable","16":"product-type-simple"},"_links":{"self":[{"href":"https:\/\/electromenagerexpress.com\/en\/wp-json\/wp\/v2\/product\/71549","targetHints":{"allow":["GET"]}}],"collection":[{"href":"https:\/\/electromenagerexpress.com\/en\/wp-json\/wp\/v2\/product"}],"about":[{"href":"https:\/\/electromenagerexpress.com\/en\/wp-json\/wp\/v2\/types\/product"}],"wp:featuredmedia":[{"embeddable":true,"href":"https:\/\/electromenagerexpress.com\/en\/wp-json\/wp\/v2\/media\/71548"}],"wp:attachment":[{"href":"https:\/\/electromenagerexpress.com\/en\/wp-json\/wp\/v2\/media?parent=71549"}],"wp:term":[{"taxonomy":"product_cat","embeddable":true,"href":"https:\/\/electromenagerexpress.com\/en\/wp-json\/wp\/v2\/product_cat?post=71549"},{"taxonomy":"product_tag","embeddable":true,"href":"https:\/\/electromenagerexpress.com\/en\/wp-json\/wp\/v2\/product_tag?post=71549"}],"curies":[{"name":"wp","href":"https:\/\/api.w.org\/{rel}","templated":true}]}}