{"id":71503,"date":"2024-11-24T12:38:24","date_gmt":"2024-11-24T12:38:24","guid":{"rendered":"https:\/\/electromenagerexpress.com\/product\/nespresso-vertuosage-appliancescreatista-vertuo\/"},"modified":"2024-11-24T12:38:39","modified_gmt":"2024-11-24T12:38:39","slug":"nespresso-vertuosage-appliancescreatista-vertuo","status":"publish","type":"product","link":"https:\/\/electromenagerexpress.com\/en\/product\/nespresso-vertuosage-appliancescreatista-vertuo\/","title":{"rendered":"Nespresso Vertuo\t\t\t\t\t\t\tSAGE APPLIANCES\t\t\t\tcreatista vertuo"},"content":{"rendered":"<div class=\"product-features__content\">\n<ul role=\"list\">\n<li class=\"product-features__item\" role=\"listitem\">\n<h3 class=\"product-features__label\">Choisir ce produit pour quels usages ?<\/h3>\n<ul role=\"list\">\n<li class=\"product-features__item-list__item\" role=\"listitem\"><span class=\"is--medium\">Types de boissons :<\/span> caf\u00e9 et boissons lact\u00e9es\t\t\t\t\t<\/li>\n<li class=\"product-features__item-list__item\" role=\"listitem\"><span class=\"is--medium\">Longueur du caf\u00e9 :<\/span> expresso, double expresso et caf\u00e9 long\t\t\t\t\t<\/li>\n<li class=\"product-features__item-list__item\" role=\"listitem\"><span class=\"is--medium\">Type de capsules compatibles :<\/span> vertuo nespresso\t\t\t\t\t<\/li>\n<\/ul>\n<\/li>\n<li class=\"product-features__item\" role=\"listitem\">\n<h3 class=\"product-features__label\">Confort d&rsquo;utilisation<\/h3>\n<ul role=\"list\">\n<li class=\"product-features__item-list__item\" role=\"listitem\"><span class=\"is--medium\">Type de r\u00e9servoir d&rsquo;eau :<\/span> amovible\t\t\t\t\t<\/li>\n<li class=\"product-features__item-list__item\" role=\"listitem\"><span class=\"is--medium\">Capacit\u00e9 du r\u00e9servoir d&rsquo;eau :<\/span> 2 L 16 tasses\t\t\t\t\t<\/li>\n<li class=\"product-features__item-list__item\" role=\"listitem\"><span class=\"is--medium\">Bac \u00e0 capsules :<\/span> Oui\t\t\t\t\t<\/li>\n<li class=\"product-features__item-list__item\" role=\"listitem\"><span class=\"is--medium\">Support de tasses :<\/span> possibilit\u00e9 de retirer le support pour mettre un mug\t\t\t\t\t<\/li>\n<li class=\"product-features__item-list__item\" role=\"listitem\"><span class=\"is--medium\">Arr\u00eat automatique de la machine :<\/span> Oui\t\t\t\t\t<\/li>\n<li class=\"product-features__item-list__item\" role=\"listitem\"><span class=\"is--medium\">Pour bien d\u00e9marrer :<\/span> 12 dosettes fournies\t\t\t\t\t<\/li>\n<li class=\"product-features__item-list__item\" role=\"listitem\"><span class=\"is--medium\">Connectiv\u00e9 :<\/span> oui, via Bluetooth pour une utilisation optimale\t\t\t\t\t<\/li>\n<li class=\"product-features__item-list__item\" role=\"listitem\"><span class=\"is--medium\">Arr\u00eat de l&rsquo;\u00e9coulement de la boisson :<\/span> automatique\t\t\t\t\t<\/li>\n<\/ul>\n<\/li>\n<li class=\"product-features__item\" role=\"listitem\">\n<h3 class=\"product-features__label\">Equipement<\/h3>\n<ul role=\"list\">\n<li class=\"product-features__item-list__item\" role=\"listitem\"><span class=\"is--medium\">Buse vapeur :<\/span> oui, pour pr\u00e9parer manuellement vos boissons lact\u00e9es\t\t\t\t\t<\/li>\n<li class=\"product-features__item-list__item\" role=\"listitem\"><span class=\"is--medium\">Dur\u00e9e de pr\u00e9chauffage :<\/span> 3 s\t\t\t\t\t<\/li>\n<li class=\"product-features__item-list__item\" role=\"listitem\"><span class=\"is--medium\">Puissance :<\/span> 1.500 W\t\t\t\t\t<\/li>\n<li class=\"product-features__item-list__item\" role=\"listitem\"><span class=\"is--medium\">Pression :<\/span> 19 bars\t\t\t\t\t<\/li>\n<li class=\"product-features__item-list__item\" role=\"listitem\"><span class=\"is--medium\">Longueur c\u00e2ble alimentation :<\/span> 1 cm\t\t\t\t\t<\/li>\n<\/ul>\n<\/li>\n<li class=\"product-features__item\" role=\"listitem\">\n<h3 class=\"product-features__label\">Design<\/h3>\n<ul role=\"list\">\n<li class=\"product-features__item-list__item\" role=\"listitem\"><span class=\"is--medium\">Couleur :<\/span> Inox\t\t\t\t\t<\/li>\n<li class=\"product-features__item-list__item\" role=\"listitem\"><span class=\"is--medium\">Finition de la machine :<\/span> inox\t\t\t\t\t<\/li>\n<\/ul>\n<\/li>\n<li class=\"product-features__item\" role=\"listitem\">\n<h3 class=\"product-features__label\">Entretien<\/h3>\n<ul role=\"list\">\n<li class=\"product-features__item-list__item\" role=\"listitem\"><span class=\"is--medium\">Indicateur de d\u00e9tartrage :<\/span> Oui\t\t\t\t\t<\/li>\n<\/ul>\n<\/li>\n<li class=\"product-features__item\" role=\"listitem\">\n<h3 class=\"product-features__label\">Dimensions<\/h3>\n<ul role=\"list\">\n<li class=\"product-features__item-list__item\" role=\"listitem\"><span class=\"is--medium\">Dimensions l x h x p :<\/span> 22.8 x 32.1 x 41.7 cm\t\t\t\t\t<\/li>\n<li class=\"product-features__item-list__item\" role=\"listitem\"><span class=\"is--medium\">Poids Net (kg) :<\/span> 7,29 Kg\t\t\t\t\t<\/li>\n<\/ul>\n<\/li>\n<li class=\"product-features__item\" role=\"listitem\">\n<h3 class=\"product-features__label\">Informations compl\u00e9mentaires<\/h3>\n<ul role=\"list\">\n<li class=\"product-features__item-list__item\" role=\"listitem\"><span class=\"is--medium\">Garantie :<\/span> 2 ans\t\t\t\t\t<\/li>\n<li class=\"product-features__item-list__item\" role=\"listitem\"><span class=\"is--medium\">Fabriqu\u00e9 en :<\/span> Hongrie\t\t\t\t\t<\/li>\n<li class=\"product-features__item-list__item\" role=\"listitem\"><span class=\"is--medium\">Disponibilit\u00e9 des pi\u00e8ces d\u00e9tach\u00e9es (donn\u00e9es fournisseur) :<\/span> Pendant 5 ans, \u00e0 compter de la date d&rsquo;achat\t\t\t\t\t<\/li>\n<li class=\"product-features__item-list__item\" role=\"listitem\"><span class=\"is--medium\">R\u00e9f\u00e9rence constructeur :<\/span> creatista vertuo\t\t\t\t\t<\/li>\n<li class=\"product-features__item-list__item\" role=\"listitem\"><span class=\"is--medium\">Marque :<\/span> SAGE APPLIANCES\t\t\t\t\t<\/li>\n<\/ul>\n<\/li>\n<\/ul>\n<\/div>\n<div class=\"product__disclosure-content\">\n<div class=\"js-read-more product-description__content read-more read-more--truncated\" data-read-more-name=\"description\" style=\"max-height: 500px; overflow: hidden;\">\n<p>Gr\u00e2ce \u00e0 la machine \u00e0 caf\u00e9 Nespresso SAGE APPLIANCES, exprimez tout le potentiel de votre cr\u00e9ativit\u00e9 en r\u00e9alisant des caf\u00e9s maison parfaits ! <\/p>\n<h3><img fetchpriority=\"high\" decoding=\"async\" ,=\"\" alt=\"Nespresso SAGE APPLIANCES creatista vert\" class=\"wy_tableau_gauche\" height=\"270\" src=\"https:\/\/boulanger.scene7.com\/is\/image\/Boulanger\/9355973099911_h_f_l_0?wid=400&amp;hei=270\" width=\"400\"\/>Des caf\u00e9s de qualit\u00e9 barista, avec ou sans lait<\/h3>\n<p>Pr\u00e9parez <b>5 tailles de caf\u00e9 diff\u00e9rentes d&rsquo;un seul geste gr\u00e2ce \u00e0 la technologie d&rsquo;extraction intelligente<\/b> int\u00e9gr\u00e9e \u00e0 votre machine \u00e0 caf\u00e9 Nespresso SAGE APPLIANCES qui vous permettra de privil\u00e9gier le format que vous pr\u00e9f\u00e9rerez : l&rsquo;Espresso, le Double Espresso, le Gran Lungo, le Mug ou la Carafe. <\/p>\n<p>\u00c9largissez votre champ des possibles ! <b>Pr\u00e9parez tout aussi facilement votre propre Flat White, Cappuccino, Caf\u00e9 Latt\u00e9, Latt\u00e9 Macchiato ou n&rsquo;importe quelle autre recette \u00e0 base de lait<\/b> gr\u00e2ce \u00e0 votre machine \u00e0 caf\u00e9 Nespresso SAGE APPLIANCES. Pour des caf\u00e9s au lait r\u00e9ussis avec talent et une mousse de lait de qualit\u00e9 sup\u00e9rieure, vous aurez le choix entre <b>3 r\u00e9glages de temp\u00e9rature et 3 niveaux de texture<\/b>. <\/p>\n<h3><img decoding=\"async\" ,=\"\" alt=\"Nespresso SAGE APPLIANCES creatista vert\" class=\"wy_tableau_right\" height=\"270\" src=\"https:\/\/boulanger.scene7.com\/is\/image\/Boulanger\/9355973099911_h_f_l_1?wid=400&amp;hei=270\" width=\"400\"\/>Des boissons aux allures professionnelles<\/h3>\n<p>V\u00e9ritable machine professionnelle, votre future machine \u00e0 caf\u00e9 Nespresso SAGE APPLIANCES transformera votre plan de travail en authentique comptoir de barista : <b>son design en acier inoxydable bross\u00e9 et poli<\/b> lui permettra de s&rsquo;int\u00e9grer parfaitement dans n&rsquo;importe quelle cuisine, sans d\u00e9naturer sa personnalit\u00e9. <\/p>\n<p>D\u00e9gustez un caf\u00e9 parfait \u00e0 tous les coups, sans aucun effort ! <b>Compatible avec les capsules intelligentes Vertuo Nespresso int\u00e9grant un code unique<\/b>, votre machine \u00e0 caf\u00e9 Nespresso SAGE APPLIANCES g\u00e9rera intuitivement les param\u00e8tres d&rsquo;extraction de vos boissons. Elle se chargera aussi <b>d&rsquo;assurer l&rsquo;arr\u00eat de l&rsquo;\u00e9coulement de fa\u00e7on autonome<\/b> pour \u00e9viter les d\u00e9bordements.<\/p>\n<\/p>\n<p><video class=\"s7Video\" controls=\"\" controlslist=\"nodownload\" poster=\"https:\/\/boulanger.scene7.com\/is\/image\/Boulanger\/9355973099911_v_0?scl=1\" preload=\"metadata\" src=\"https:\/\/boulanger.scene7.com\/is\/content\/Boulanger\/9355973099911_v_0\" width=\"100%\"><\/video><\/p>\n<\/div>\n<p><bl-button a11yexpanded=\"false\" arialabel=\"Afficher toute la description\" class=\"read-more__btn\" full=\"false\" link=\"true\"><\/bl-button><\/div>","protected":false},"excerpt":{"rendered":"<div class=\"keypoints\">\n<h3 class=\"keypoints__title\">Les points cl\u00e9s<\/h3>\n<ul role=\"list\">\n<li class=\"keypoints__item\" role=\"listitem\">                                        Types de boissons : caf\u00e9 et boissons lact\u00e9es                      <\/li>\n<li class=\"keypoints__item\" role=\"listitem\">                                        Type de capsules compatibles : vertuo nespresso                      <\/li>\n<li class=\"keypoints__item\" role=\"listitem\">                                        Arr\u00eat de l&rsquo;\u00e9coulement de la boisson : automatique                      <\/li>\n<li class=\"keypoints__item\" role=\"listitem\">                                        Puissance : 1.500 W                      <\/li>\n<li class=\"keypoints__item keypoints__item--advantage\" role=\"listitem\"><strong>Le + :<\/strong> Technologie d&rsquo;extraction intelligente permettant de pr\u00e9parer 5tailles de caf\u00e9 diff\u00e9rentes      <\/li>\n<\/ul>","protected":false},"featured_media":71502,"template":"","meta":{"_glsr_average":0,"_glsr_ranking":0,"_glsr_reviews":0},"product_cat":[310],"product_tag":[311,230,286],"class_list":{"0":"post-71503","1":"product","2":"type-product","3":"status-publish","4":"has-post-thumbnail","6":"product_cat-cafetiere-a-dosettes","7":"product_tag-cafetiere-a-dosettes","8":"product_tag-cuisine-et-cuisson","9":"product_tag-machine-a-cafe","11":"first","12":"instock","13":"sale","14":"shipping-taxable","15":"purchasable","16":"product-type-simple"},"_links":{"self":[{"href":"https:\/\/electromenagerexpress.com\/en\/wp-json\/wp\/v2\/product\/71503","targetHints":{"allow":["GET"]}}],"collection":[{"href":"https:\/\/electromenagerexpress.com\/en\/wp-json\/wp\/v2\/product"}],"about":[{"href":"https:\/\/electromenagerexpress.com\/en\/wp-json\/wp\/v2\/types\/product"}],"wp:featuredmedia":[{"embeddable":true,"href":"https:\/\/electromenagerexpress.com\/en\/wp-json\/wp\/v2\/media\/71502"}],"wp:attachment":[{"href":"https:\/\/electromenagerexpress.com\/en\/wp-json\/wp\/v2\/media?parent=71503"}],"wp:term":[{"taxonomy":"product_cat","embeddable":true,"href":"https:\/\/electromenagerexpress.com\/en\/wp-json\/wp\/v2\/product_cat?post=71503"},{"taxonomy":"product_tag","embeddable":true,"href":"https:\/\/electromenagerexpress.com\/en\/wp-json\/wp\/v2\/product_tag?post=71503"}],"curies":[{"name":"wp","href":"https:\/\/api.w.org\/{rel}","templated":true}]}}