{"id":71494,"date":"2024-11-24T12:38:16","date_gmt":"2024-11-24T12:38:16","guid":{"rendered":"https:\/\/electromenagerexpress.com\/product\/cafetieremelittaaromafresh-therm-pro-1030-11\/"},"modified":"2024-11-24T12:38:21","modified_gmt":"2024-11-24T12:38:21","slug":"cafetieremelittaaromafresh-therm-pro-1030-11","status":"publish","type":"product","link":"https:\/\/electromenagerexpress.com\/en\/product\/cafetieremelittaaromafresh-therm-pro-1030-11\/","title":{"rendered":"Cafeti\u00e8re\t\t\t\t\t\t\tMELITTA\t\t\t\tAromaFresh Therm Pro 1030-11"},"content":{"rendered":"<div class=\"product-features__content\">\n<ul role=\"list\">\n<li class=\"product-features__item\" role=\"listitem\">\n<h3 class=\"product-features__label\">Choisir ce produit pour quels usages ?<\/h3>\n<ul role=\"list\">\n<li class=\"product-features__item-list__item\" role=\"listitem\"><span class=\"is--medium\">Caf\u00e9 utilis\u00e9 :<\/span> caf\u00e9 moulu et grain\t\t\t\t\t<\/li>\n<\/ul>\n<\/li>\n<li class=\"product-features__item\" role=\"listitem\">\n<h3 class=\"product-features__label\">Confort d&rsquo;utilisation<\/h3>\n<ul role=\"list\">\n<li class=\"product-features__item-list__item\" role=\"listitem\"><span class=\"is--medium\">Capacit\u00e9 de la verseuse :<\/span> Non communiqu\u00e9\t\t\t\t\t<\/li>\n<li class=\"product-features__item-list__item\" role=\"listitem\"><span class=\"is--medium\">R\u00e9servoir amovible :<\/span> Oui\t\t\t\t\t<\/li>\n<li class=\"product-features__item-list__item\" role=\"listitem\"><span class=\"is--medium\">Porte filtre :<\/span> amovible\t\t\t\t\t<\/li>\n<li class=\"product-features__item-list__item\" role=\"listitem\"><span class=\"is--medium\">Arr\u00eat automatique de la machine :<\/span> Oui\t\t\t\t\t<\/li>\n<li class=\"product-features__item-list__item\" role=\"listitem\"><span class=\"is--medium\">Maintien au chaud :<\/span> Oui\t\t\t\t\t<\/li>\n<li class=\"product-features__item-list__item\" role=\"listitem\"><span class=\"is--medium\">Type d&rsquo;affichage :<\/span> \u00e9cran LCD\t\t\t\t\t<\/li>\n<li class=\"product-features__item-list__item\" role=\"listitem\"><span class=\"is--medium\">Niveau d&rsquo;eau visible sur le r\u00e9servoir :<\/span> oui\t\t\t\t\t<\/li>\n<li class=\"product-features__item-list__item\" role=\"listitem\"><span class=\"is--medium\">Indicateur lumineux de fonctionnement :<\/span> oui\t\t\t\t\t<\/li>\n<\/ul>\n<\/li>\n<li class=\"product-features__item\" role=\"listitem\">\n<h3 class=\"product-features__label\">Equipement<\/h3>\n<ul role=\"list\">\n<li class=\"product-features__item-list__item\" role=\"listitem\"><span class=\"is--medium\">Filtre permanent :<\/span> Non\t\t\t\t\t<\/li>\n<li class=\"product-features__item-list__item\" role=\"listitem\"><span class=\"is--medium\">Cuilli\u00e8re doseur :<\/span> Non\t\t\t\t\t<\/li>\n<li class=\"product-features__item-list__item\" role=\"listitem\"><span class=\"is--medium\">Taille de filtre :<\/span> 1&#215;4\t\t\t\t\t<\/li>\n<li class=\"product-features__item-list__item\" role=\"listitem\"><span class=\"is--medium\">Range cordon :<\/span> Oui\t\t\t\t\t<\/li>\n<li class=\"product-features__item-list__item\" role=\"listitem\"><span class=\"is--medium\">Puissance :<\/span> 1.080 W\t\t\t\t\t<\/li>\n<\/ul>\n<\/li>\n<li class=\"product-features__item\" role=\"listitem\">\n<h3 class=\"product-features__label\">Design<\/h3>\n<ul role=\"list\">\n<li class=\"product-features__item-list__item\" role=\"listitem\"><span class=\"is--medium\">Coloris :<\/span> Noir et Gris M\u00e9tal\t\t\t\t\t<\/li>\n<li class=\"product-features__item-list__item\" role=\"listitem\"><span class=\"is--medium\">Finition de la machine :<\/span> inox et plastique\t\t\t\t\t<\/li>\n<\/ul>\n<\/li>\n<li class=\"product-features__item\" role=\"listitem\">\n<h3 class=\"product-features__label\">Entretien<\/h3>\n<ul role=\"list\">\n<li class=\"product-features__item-list__item\" role=\"listitem\"><span class=\"is--medium\">Indicateur de d\u00e9tartrage :<\/span> Oui\t\t\t\t\t<\/li>\n<\/ul>\n<\/li>\n<li class=\"product-features__item\" role=\"listitem\">\n<h3 class=\"product-features__label\">Dimensions<\/h3>\n<ul role=\"list\">\n<li class=\"product-features__item-list__item\" role=\"listitem\"><span class=\"is--medium\">Dimensions l x h x p :<\/span> 34.5 x 51 x 28.5 cm\t\t\t\t\t<\/li>\n<li class=\"product-features__item-list__item\" role=\"listitem\"><span class=\"is--medium\">Poids Net (kg) :<\/span> 4,12 Kg\t\t\t\t\t<\/li>\n<\/ul>\n<\/li>\n<li class=\"product-features__item\" role=\"listitem\">\n<h3 class=\"product-features__label\">Informations compl\u00e9mentaires<\/h3>\n<ul role=\"list\">\n<li class=\"product-features__item-list__item\" role=\"listitem\"><span class=\"is--medium\">Fabriqu\u00e9 en :<\/span> Chine\t\t\t\t\t<\/li>\n<li class=\"product-features__item-list__item\" role=\"listitem\"><span class=\"is--medium\">Garantie :<\/span> 2 ans\t\t\t\t\t<\/li>\n<li class=\"product-features__item-list__item\" role=\"listitem\"><span class=\"is--medium\">Disponibilit\u00e9 des pi\u00e8ces d\u00e9tach\u00e9es (donn\u00e9es fournisseur) :<\/span> Pendant 10 ans, \u00e0 compter de la date d&rsquo;achat\t\t\t\t\t<\/li>\n<li class=\"product-features__item-list__item\" role=\"listitem\"><span class=\"is--medium\">R\u00e9f\u00e9rence constructeur :<\/span> AromaFresh Therm Pro 1030-11\t\t\t\t\t<\/li>\n<li class=\"product-features__item-list__item\" role=\"listitem\"><span class=\"is--medium\">Marque :<\/span> MELITTA\t\t\t\t\t<\/li>\n<\/ul>\n<\/li>\n<\/ul>\n<\/div>\n<div class=\"product__disclosure-content\">\n<div class=\"js-read-more product-description__content read-more read-more--truncated\" data-read-more-name=\"description\" style=\"max-height: 500px; overflow: hidden;\">\n<div class=\"product__description-content read-more\" style=\"\">\n<p>Cafeti\u00e8re MELITTA AromaFresh Therm Pro 1030-11 : L&rsquo;excellence aromatique \u00e0 chaque tasse<\/p>\n<h3><img fetchpriority=\"high\" decoding=\"async\" ,=\"\" alt=\"Cafeti\u00e8re MELITTA AromaFresh Therm Pro 1030-11\" class=\"wy_tableau_gauche\" height=\"270\" src=\"https:\/\/boulanger.scene7.com\/is\/image\/Boulanger\/4006508225514_h_f_l_0?wid=400&amp;hei=270\" width=\"400\"\/>Une technologie de mouture avanc\u00e9e pour un caf\u00e9 d&rsquo;exception<\/h3>\n<p>                        La cafeti\u00e8re MELITTA AromaFresh Therm Pro 1030-11 r\u00e9volutionne l&rsquo;exp\u00e9rience du caf\u00e9 avec son moulin en c\u00e9ramique int\u00e9gr\u00e9, offrant onze degr\u00e9s de finesse de mouture. Cette pr\u00e9cision permet d&rsquo;adapter parfaitement la texture du caf\u00e9 selon les pr\u00e9f\u00e9rences de chacun, de grossier \u00e0 fin. La richesse aromatique est ainsi optimis\u00e9e, garantissant une d\u00e9gustation intense, quelle que soit la quantit\u00e9 de caf\u00e9 pr\u00e9par\u00e9e. De plus, la fonction broyeur peut \u00eatre d\u00e9sactiv\u00e9e pour ceux qui pr\u00e9f\u00e8rent utiliser du caf\u00e9 d\u00e9j\u00e0 moulu. Avec cinq niveaux de r\u00e9glage de l&rsquo;intensit\u00e9 du caf\u00e9, la MELITTA AromaFresh Therm Pro 1030-11 s&rsquo;adapte \u00e0 tous les go\u00fbts, offrant de doux \u00e0 cors\u00e9, une exp\u00e9rience caf\u00e9 sur mesure.<\/p>\n<\/p>\n<h3><img decoding=\"async\" ,=\"\" alt=\"Cafeti\u00e8re MELITTA AromaFresh Therm Pro 1030-11\" class=\"wy_tableau_right\" height=\"270\" src=\"https:\/\/boulanger.scene7.com\/is\/image\/Boulanger\/4006508225514_h_f_l_1?wid=400&amp;hei=270\" width=\"400\"\/>Confort et design au service de l&rsquo;utilisateur<\/h3>\n<p>Alliant facilit\u00e9 d&rsquo;utilisation et esth\u00e9tique moderne, la MELITTA AromaFresh Therm Pro 1030-11 se distingue par son r\u00e9servoir d&rsquo;eau amovible avec graduations pour le nombre de tasses, et son \u00e9cran couleur TFT pour des r\u00e9glages personnalis\u00e9s intuitifs. Les deux fonctions Minuteur permettent de programmer \u00e0 l&rsquo;avance la pr\u00e9paration du caf\u00e9, assurant une tasse pr\u00eate au moment d\u00e9sir\u00e9. La verseuse isotherme en acier inoxydable maintient la temp\u00e9rature et la saveur du caf\u00e9, tandis que le design noir mat de la machine s&rsquo;int\u00e8gre harmonieusement dans toute cuisine moderne. Enfin, la garantie fabricant de trois ans souligne l&rsquo;engagement de Melitta\u00ae pour la qualit\u00e9 et la durabilit\u00e9 de ses produits, affirmant la MELITTA AromaFresh Therm Pro 1030-11 comme un choix de confiance pour les amateurs de caf\u00e9.<\/p>\n<\/div>\n<\/div>\n<p><bl-button a11yexpanded=\"false\" arialabel=\"Afficher toute la description\" class=\"read-more__btn\" full=\"false\" link=\"true\"><\/bl-button><\/div>","protected":false},"excerpt":{"rendered":"<div class=\"keypoints\">\n<h3 class=\"keypoints__title\">Les points cl\u00e9s<\/h3>\n<ul role=\"list\">\n<li class=\"keypoints__item\" role=\"listitem\">                                        Non communiqu\u00e9                      <\/li>\n<li class=\"keypoints__item\" role=\"listitem\">                          Isotherme &#8211;                                                      Maintien au chaud                      <\/li>\n<li class=\"keypoints__item\" role=\"listitem\">                                        Programmable                      <\/li>\n<li class=\"keypoints__item\" role=\"listitem\">                                        Puissance : 1.080 W                      <\/li>\n<li class=\"keypoints__item keypoints__item--advantage\" role=\"listitem\"><strong>Le + :<\/strong> Un moulin en c\u00e9ramique nouvelle g\u00e9n\u00e9ration particuli\u00e8rement durable et r\u00e9sistant      <\/li>\n<\/ul>","protected":false},"featured_media":71493,"template":"","meta":{"_glsr_average":0,"_glsr_ranking":0,"_glsr_reviews":0},"product_cat":[312],"product_tag":[313,230,286],"class_list":{"0":"post-71494","1":"product","2":"type-product","3":"status-publish","4":"has-post-thumbnail","6":"product_cat-cafetiere","7":"product_tag-cafetiere","8":"product_tag-cuisine-et-cuisson","9":"product_tag-machine-a-cafe","11":"first","12":"instock","13":"sale","14":"shipping-taxable","15":"purchasable","16":"product-type-simple"},"_links":{"self":[{"href":"https:\/\/electromenagerexpress.com\/en\/wp-json\/wp\/v2\/product\/71494","targetHints":{"allow":["GET"]}}],"collection":[{"href":"https:\/\/electromenagerexpress.com\/en\/wp-json\/wp\/v2\/product"}],"about":[{"href":"https:\/\/electromenagerexpress.com\/en\/wp-json\/wp\/v2\/types\/product"}],"wp:featuredmedia":[{"embeddable":true,"href":"https:\/\/electromenagerexpress.com\/en\/wp-json\/wp\/v2\/media\/71493"}],"wp:attachment":[{"href":"https:\/\/electromenagerexpress.com\/en\/wp-json\/wp\/v2\/media?parent=71494"}],"wp:term":[{"taxonomy":"product_cat","embeddable":true,"href":"https:\/\/electromenagerexpress.com\/en\/wp-json\/wp\/v2\/product_cat?post=71494"},{"taxonomy":"product_tag","embeddable":true,"href":"https:\/\/electromenagerexpress.com\/en\/wp-json\/wp\/v2\/product_tag?post=71494"}],"curies":[{"name":"wp","href":"https:\/\/api.w.org\/{rel}","templated":true}]}}