{"id":71345,"date":"2024-11-24T12:36:27","date_gmt":"2024-11-24T12:36:27","guid":{"rendered":"https:\/\/electromenagerexpress.com\/product\/expresso-avec-broyeur-integresage-appliancesimpress-ses876bst4eeu1\/"},"modified":"2024-11-24T12:36:34","modified_gmt":"2024-11-24T12:36:34","slug":"expresso-avec-broyeur-integresage-appliancesimpress-ses876bst4eeu1","status":"publish","type":"product","link":"https:\/\/electromenagerexpress.com\/en\/product\/expresso-avec-broyeur-integresage-appliancesimpress-ses876bst4eeu1\/","title":{"rendered":"Expresso avec broyeur int\u00e9gr\u00e9\t\t\t\t\t\t\tSAGE APPLIANCES\t\t\t\timpress SES876BST4EEU1"},"content":{"rendered":"<div class=\"product-features__content\">\n<ul role=\"list\">\n<li class=\"product-features__item\" role=\"listitem\">\n<h3 class=\"product-features__label\">Choisir ce produit pour quels usages ?<\/h3>\n<ul role=\"list\">\n<li class=\"product-features__item-list__item\" role=\"listitem\"><span class=\"is--medium\">Type de machine caf\u00e9 :<\/span> broyeur int\u00e9gr\u00e9, permet de d\u00e9guster un expresso fraichement moulu pour d\u00e9velopper les ar\u00f4mes de votre caf\u00e9\t\t\t\t\t<\/li>\n<li class=\"product-features__item-list__item\" role=\"listitem\"><span class=\"is--medium\">Type de boissons :<\/span> expresso et boissons lact\u00e9es\t\t\t\t\t<\/li>\n<li class=\"product-features__item-list__item\" role=\"listitem\"><span class=\"is--medium\">Type de caf\u00e9 :<\/span> caf\u00e9 moulu et caf\u00e9 en grain\t\t\t\t\t<\/li>\n<li class=\"product-features__item-list__item\" role=\"listitem\"><span class=\"is--medium\">Nombre de recettes caf\u00e9 :<\/span> 5\t\t\t\t\t<\/li>\n<li class=\"product-features__item-list__item\" role=\"listitem\"><span class=\"is--medium\">Nombre de recettes lact\u00e9es :<\/span> 3\t\t\t\t\t<\/li>\n<li class=\"product-features__item-list__item\" role=\"listitem\"><span class=\"is--medium\">Boisson \u00e0 pr\u00e9parer :<\/span> Caf\u00e9, Espresso, Lungo, Allong\u00e9 (Americano), Caf\u00e9 long, Ristretto, Cappuccino, Latte Macchiato, Mousse de lait, Caf\u00e9 au Lait, Lait chaud, Cappuccino mix, Caf\u00e9 froid, Cappuccino+\t\t\t\t\t<\/li>\n<\/ul>\n<\/li>\n<li class=\"product-features__item\" role=\"listitem\">\n<h3 class=\"product-features__label\">Confort d&rsquo;utilisation<\/h3>\n<ul role=\"list\">\n<li class=\"product-features__item-list__item\" role=\"listitem\"><span class=\"is--medium\">Panneau de commande :<\/span> bouton manuel inox\t\t\t\t\t<\/li>\n<li class=\"product-features__item-list__item\" role=\"listitem\"><span class=\"is--medium\">Nombre de boissons pr\u00e9-programm\u00e9es :<\/span> 1 boisson pr\u00e9-programm\u00e9e pour acc\u00e9der \u00e0 vos boissons en un seul geste\t\t\t\t\t<\/li>\n<li class=\"product-features__item-list__item\" role=\"listitem\"><span class=\"is--medium\">Nombre de profils :<\/span> 1 profil param\u00e9trable pour choisir sa boisson favorite d&rsquo;un seul geste\t\t\t\t\t<\/li>\n<li class=\"product-features__item-list__item\" role=\"listitem\"><span class=\"is--medium\">Nombre de tasses :<\/span> 1 ou 2 caf\u00e9s en simultan\u00e9s\t\t\t\t\t<\/li>\n<li class=\"product-features__item-list__item\" role=\"listitem\"><span class=\"is--medium\">Longueur de tasse :<\/span> manuelle, permet d&rsquo;arr\u00e9ter l&rsquo;\u00e9coulement du caf\u00e9 selon le volume souhait\u00e9\t\t\t\t\t<\/li>\n<li class=\"product-features__item-list__item\" role=\"listitem\"><span class=\"is--medium\">Buse vapeur :<\/span> manuelle, pour faire mousser manuellement votre lait pour vos boissons lact\u00e9es\t\t\t\t\t<\/li>\n<li class=\"product-features__item-list__item\" role=\"listitem\"><span class=\"is--medium\">Tassage de la mouture :<\/span> semi automatique, un levier pour vous accompagner pour un tassage parfait , afin de r\u00e9ussir votre expresso\t\t\t\t\t<\/li>\n<li class=\"product-features__item-list__item\" role=\"listitem\"><span class=\"is--medium\">Arr\u00eat automatique de la machine :<\/span> Oui\t\t\t\t\t<\/li>\n<li class=\"product-features__item-list__item\" role=\"listitem\"><span class=\"is--medium\">Chauffe tasses :<\/span> Non\t\t\t\t\t<\/li>\n<li class=\"product-features__item-list__item\" role=\"listitem\"><span class=\"is--medium\">Capacit\u00e9 du r\u00e9servoir d&rsquo;eau :<\/span> 2,00 L\t\t\t\t\t<\/li>\n<li class=\"product-features__item-list__item\" role=\"listitem\"><span class=\"is--medium\">Nombre de finesse de mouture :<\/span> 25 pour adapter la finesse selon le type et la vari\u00e9t\u00e9 du caf\u00e9\t\t\t\t\t<\/li>\n<li class=\"product-features__item-list__item\" role=\"listitem\"><span class=\"is--medium\">Capacit\u00e9 de la verseuse :<\/span> Non concern\u00e9\t\t\t\t\t<\/li>\n<\/ul>\n<\/li>\n<li class=\"product-features__item\" role=\"listitem\">\n<h3 class=\"product-features__label\">Entretien<\/h3>\n<ul role=\"list\">\n<li class=\"product-features__item-list__item\" role=\"listitem\"><span class=\"is--medium\">Rin\u00e7age de la buse vapeur :<\/span> manuel, il est important de rincer la buse apr\u00e8s chaque utilisation\t\t\t\t\t<\/li>\n<li class=\"product-features__item-list__item\" role=\"listitem\"><span class=\"is--medium\">Filtre \u00e0 eau :<\/span> oui, pour pr\u00e9server la dur\u00e9e de vie de la machine et garantir un meilleur r\u00e9sultat en tasse\t\t\t\t\t<\/li>\n<li class=\"product-features__item-list__item\" role=\"listitem\"><span class=\"is--medium\">Indicateur de d\u00e9tartrage :<\/span> oui, pour alerter qu&rsquo;un d\u00e9tartrage est n\u00e9cessaire pour pr\u00e9server la dur\u00e9e de vie de votre appareil\t\t\t\t\t<\/li>\n<li class=\"product-features__item-list__item\" role=\"listitem\"><span class=\"is--medium\">Programme de nettoyage :<\/span> oui, vous guide sur les \u00e9tapes d&rsquo;entretien de la machine\t\t\t\t\t<\/li>\n<\/ul>\n<\/li>\n<li class=\"product-features__item\" role=\"listitem\">\n<h3 class=\"product-features__label\">Equipement<\/h3>\n<ul role=\"list\">\n<li class=\"product-features__item-list__item\" role=\"listitem\"><span class=\"is--medium\">Nombre de filtres :<\/span> 4 pour la pr\u00e9paration d&rsquo;un expresso, d&rsquo;un double expresso et d&rsquo;une dosette papier\t\t\t\t\t<\/li>\n<li class=\"product-features__item-list__item\" role=\"listitem\"><span class=\"is--medium\">Mati\u00e8re du porte filtre :<\/span> inox, pour le gage de qualit\u00e9 et pour retrouver les sensations du sp\u00e9cialiste de caf\u00e9\t\t\t\t\t<\/li>\n<li class=\"product-features__item-list__item\" role=\"listitem\"><span class=\"is--medium\">Mati\u00e8re du broyeur :<\/span> en inox\t\t\t\t\t<\/li>\n<li class=\"product-features__item-list__item\" role=\"listitem\"><span class=\"is--medium\">Pot \u00e0 lait :<\/span> Oui\t\t\t\t\t<\/li>\n<li class=\"product-features__item-list__item\" role=\"listitem\"><span class=\"is--medium\">Finition de la machine :<\/span> inox\t\t\t\t\t<\/li>\n<li class=\"product-features__item-list__item\" role=\"listitem\"><span class=\"is--medium\">Puissance :<\/span> 1.850 W\t\t\t\t\t<\/li>\n<li class=\"product-features__item-list__item\" role=\"listitem\"><span class=\"is--medium\">Pression :<\/span> 15,0 bars\t\t\t\t\t<\/li>\n<\/ul>\n<\/li>\n<li class=\"product-features__item\" role=\"listitem\">\n<h3 class=\"product-features__label\">Dimensions<\/h3>\n<ul role=\"list\">\n<li class=\"product-features__item-list__item\" role=\"listitem\"><span class=\"is--medium\">Poids Net (kg) :<\/span> 10.98\t\t\t\t\t<\/li>\n<\/ul>\n<\/li>\n<li class=\"product-features__item\" role=\"listitem\">\n<h3 class=\"product-features__label\">Informations compl\u00e9mentaires<\/h3>\n<ul role=\"list\">\n<li class=\"product-features__item-list__item\" role=\"listitem\"><span class=\"is--medium\">Garantie :<\/span> 2 ans\t\t\t\t\t<\/li>\n<li class=\"product-features__item-list__item\" role=\"listitem\"><span class=\"is--medium\">Disponibilit\u00e9 des pi\u00e8ces d\u00e9tach\u00e9es (donn\u00e9es fournisseur) :<\/span> Pendant 5 ans, \u00e0 compter de la date d&rsquo;achat\t\t\t\t\t<\/li>\n<li class=\"product-features__item-list__item\" role=\"listitem\"><span class=\"is--medium\">R\u00e9f\u00e9rence constructeur :<\/span> SES876BST4EEU1\t\t\t\t\t<\/li>\n<li class=\"product-features__item-list__item\" role=\"listitem\"><span class=\"is--medium\">Marque :<\/span> SAGE APPLIANCES\t\t\t\t\t<\/li>\n<li class=\"product-features__item-list__item\" role=\"listitem\"><span class=\"is--medium\">Fabriqu\u00e9 en :<\/span> Chine\t\t\t\t\t<\/li>\n<\/ul>\n<\/li>\n<\/ul>\n<\/div>\n<div class=\"product__disclosure-content\">\n<div class=\"js-read-more product-description__content read-more read-more--truncated\" data-read-more-name=\"description\" style=\"max-height: 500px; overflow: hidden;\">\n<p>Faites-vous un caf\u00e9 digne des meilleurs baristas avec la Machine \u00e0 Expresso SAGE APPLIANCES SES876BST4EEU1. \u00c9conomique et performante, elle pr\u00e9pare vos boissons pr\u00e9f\u00e9r\u00e9es avec pr\u00e9cision.<\/p>\n<h3><img fetchpriority=\"high\" decoding=\"async\" ,=\"\" alt=\"Expresso SAGE APPLIANCES SES876BST4EEU1\" class=\"wy_tableau_gauche\" height=\"270\" src=\"https:\/\/boulanger.scene7.com\/is\/image\/Boulanger\/9355973099560_h_f_l_0?wid=400&amp;hei=270\" width=\"400\"\/>Du grain \u00e0 la tasse en quelques instants<\/h3>\n<p>Retrouvez la fra\u00eecheur d&rsquo;un caf\u00e9 de sp\u00e9cialit\u00e9 moulu avec la Machine \u00e0 Expresso SAGE APPLIANCES SES876BST4EEU1. Gr\u00e2ce \u00e0 son <b>broyeur int\u00e9gr\u00e9<\/b>, elle transforme la parfaite quantit\u00e9 de grains en mouture plus ou moins fine. L&rsquo;expresso exprime toutes ses saveurs \u00e0 travers une <b>pr\u00e9-infusion \u00e0 basse pression<\/b>. Puis, il est <b>extrait \u00e0 haute pression<\/b> (9 bars) pour arriver chaud dans votre tasse.<\/p>\n<p>Le <b>porte-filtre en acier<\/b> de la Machine \u00e0 Expresso SAGE APPLIANCES SES876BST4EEU1 peut contenir 18 g de grains de caf\u00e9, pour un dosage pr\u00e9cis \u00e0 chaque utilisation. Son <b>syst\u00e8me Impress Puck<\/b> tasse ensuite la mouture en exer\u00e7ant une forte pression. Ainsi, vous \u00e9vitez les d\u00e9p\u00f4ts sur votre plan de travail. Votre machine reste impeccable?! <\/p>\n<h3><img decoding=\"async\" ,=\"\" alt=\"Expresso SAGE APPLIANCES SES876BST4EEU1\" class=\"wy_tableau_right\" height=\"270\" src=\"https:\/\/boulanger.scene7.com\/is\/image\/Boulanger\/9355973099560_h_f_l_1?wid=400&amp;hei=270\" width=\"400\"\/>Un appareil multifonctions intelligent<\/h3>\n<p>La Machine \u00e0 Expresso SAGE APPLIANCES SES876BST4EEU1 limite vos efforts. Tout est calcul\u00e9 automatiquement, comme la temp\u00e9rature de l&rsquo;eau utilis\u00e9e dans les boissons. Son <b>syst\u00e8me de chauffe Thermocoil<\/b> la maintient \u00e0 93 degr\u00e9s pour un caf\u00e9 fumant et aromatique. Il ajuste aussi la prochaine dose en fonction des pr\u00e9parations pr\u00e9c\u00e9dentes. <\/p>\n<p>Vous aimez d\u00e9guster un latte de temps en temps?? La Machine \u00e0 Expresso SAGE APPLIANCES SES876BST4EEU1 forme une <b>micro-mousse de lait<\/b> \u00e0 la surface de votre boisson. Soumis \u00e0 une vapeur chaude \u00e0 haute pression, il adopte une consistance a\u00e9rienne. La machine peut m\u00eame en pr\u00e9parer 2 en simultan\u00e9, en appuyant simplement sur un bouton. <\/p>\n<\/p>\n<\/div>\n<p><bl-button a11yexpanded=\"false\" arialabel=\"Afficher toute la description\" class=\"read-more__btn\" full=\"false\" link=\"true\">Voir plus<\/bl-button><\/div>","protected":false},"excerpt":{"rendered":"<div class=\"keypoints\">\n<h3 class=\"keypoints__title\">Les points cl\u00e9s<\/h3>\n<ul role=\"list\">\n<li class=\"keypoints__item\" role=\"listitem\">                                        caf\u00e9 moulu et caf\u00e9 en grain                      <\/li>\n<li class=\"keypoints__item\" role=\"listitem\">                                        1 ou 2 caf\u00e9s en simultan\u00e9s                      <\/li>\n<li class=\"keypoints__item\" role=\"listitem\">                                        broyeur int\u00e9gr\u00e9                      <\/li>\n<li class=\"keypoints__item\" role=\"listitem\">                          15,0 bars &#8211;                                                      1.850 W                      <\/li>\n<li class=\"keypoints__item keypoints__item--advantage\" role=\"listitem\"><strong>Le + :<\/strong> Dosage intelligent avec broyeur conique int\u00e9gr\u00e9 et 25 r\u00e9glages de mouture      <\/li>\n<\/ul>","protected":false},"featured_media":71344,"template":"","meta":{"_glsr_average":0,"_glsr_ranking":0,"_glsr_reviews":0},"product_cat":[285],"product_tag":[230,287,286],"class_list":{"0":"post-71345","1":"product","2":"type-product","3":"status-publish","4":"has-post-thumbnail","6":"product_cat-expresso","7":"product_tag-cuisine-et-cuisson","8":"product_tag-expresso","9":"product_tag-machine-a-cafe","11":"first","12":"instock","13":"sale","14":"shipping-taxable","15":"purchasable","16":"product-type-simple"},"_links":{"self":[{"href":"https:\/\/electromenagerexpress.com\/en\/wp-json\/wp\/v2\/product\/71345","targetHints":{"allow":["GET"]}}],"collection":[{"href":"https:\/\/electromenagerexpress.com\/en\/wp-json\/wp\/v2\/product"}],"about":[{"href":"https:\/\/electromenagerexpress.com\/en\/wp-json\/wp\/v2\/types\/product"}],"wp:featuredmedia":[{"embeddable":true,"href":"https:\/\/electromenagerexpress.com\/en\/wp-json\/wp\/v2\/media\/71344"}],"wp:attachment":[{"href":"https:\/\/electromenagerexpress.com\/en\/wp-json\/wp\/v2\/media?parent=71345"}],"wp:term":[{"taxonomy":"product_cat","embeddable":true,"href":"https:\/\/electromenagerexpress.com\/en\/wp-json\/wp\/v2\/product_cat?post=71345"},{"taxonomy":"product_tag","embeddable":true,"href":"https:\/\/electromenagerexpress.com\/en\/wp-json\/wp\/v2\/product_tag?post=71345"}],"curies":[{"name":"wp","href":"https:\/\/api.w.org\/{rel}","templated":true}]}}