{"id":71259,"date":"2024-11-24T12:35:22","date_gmt":"2024-11-24T12:35:22","guid":{"rendered":"https:\/\/electromenagerexpress.com\/product\/cafetiere-a-dosettelavazzasmeg-noire\/"},"modified":"2024-11-24T12:35:26","modified_gmt":"2024-11-24T12:35:26","slug":"cafetiere-a-dosettelavazzasmeg-noire","status":"publish","type":"product","link":"https:\/\/electromenagerexpress.com\/en\/product\/cafetiere-a-dosettelavazzasmeg-noire\/","title":{"rendered":"Cafeti\u00e8re \u00e0 dosette\t\t\t\t\t\t\tLAVAZZA\t\t\t\tSmeg noire"},"content":{"rendered":"<div class=\"product-features__content\">\n<ul role=\"list\">\n<li class=\"product-features__item\" role=\"listitem\">\n<h3 class=\"product-features__label\">Choisir ce produit pour quels usages ?<\/h3>\n<ul role=\"list\">\n<li class=\"product-features__item-list__item\" role=\"listitem\"><span class=\"is--medium\">Types de boissons :<\/span> caf\u00e9\t\t\t\t\t<\/li>\n<li class=\"product-features__item-list__item\" role=\"listitem\"><span class=\"is--medium\">Longueur du caf\u00e9 :<\/span> expresso et caf\u00e9 long\t\t\t\t\t<\/li>\n<li class=\"product-features__item-list__item\" role=\"listitem\"><span class=\"is--medium\">Type de capsules compatibles :<\/span> A modo mio\t\t\t\t\t<\/li>\n<\/ul>\n<\/li>\n<li class=\"product-features__item\" role=\"listitem\">\n<h3 class=\"product-features__label\">Confort d&rsquo;utilisation<\/h3>\n<ul role=\"list\">\n<li class=\"product-features__item-list__item\" role=\"listitem\"><span class=\"is--medium\">Type de r\u00e9servoir d&rsquo;eau :<\/span> amovible\t\t\t\t\t<\/li>\n<li class=\"product-features__item-list__item\" role=\"listitem\"><span class=\"is--medium\">Capacit\u00e9 du r\u00e9servoir d&rsquo;eau :<\/span> 0,9 L 7 tasses\t\t\t\t\t<\/li>\n<li class=\"product-features__item-list__item\" role=\"listitem\"><span class=\"is--medium\">Bac \u00e0 capsules :<\/span> Oui\t\t\t\t\t<\/li>\n<li class=\"product-features__item-list__item\" role=\"listitem\"><span class=\"is--medium\">Support de tasses :<\/span> ajustable en hauteur\t\t\t\t\t<\/li>\n<li class=\"product-features__item-list__item\" role=\"listitem\"><span class=\"is--medium\">Arr\u00eat automatique de la machine :<\/span> Oui\t\t\t\t\t<\/li>\n<li class=\"product-features__item-list__item\" role=\"listitem\"><span class=\"is--medium\">Connectiv\u00e9 :<\/span> Non\t\t\t\t\t<\/li>\n<li class=\"product-features__item-list__item\" role=\"listitem\"><span class=\"is--medium\">Arr\u00eat de l&rsquo;\u00e9coulement de la boisson :<\/span> manuel\t\t\t\t\t<\/li>\n<\/ul>\n<\/li>\n<li class=\"product-features__item\" role=\"listitem\">\n<h3 class=\"product-features__label\">Equipement<\/h3>\n<ul role=\"list\">\n<li class=\"product-features__item-list__item\" role=\"listitem\"><span class=\"is--medium\">Buse vapeur :<\/span> Non concern\u00e9e\t\t\t\t\t<\/li>\n<li class=\"product-features__item-list__item\" role=\"listitem\"><span class=\"is--medium\">Carafe \u00e0 lait :<\/span> Non concern\u00e9e\t\t\t\t\t<\/li>\n<li class=\"product-features__item-list__item\" role=\"listitem\"><span class=\"is--medium\">Dur\u00e9e de pr\u00e9chauffage :<\/span> 30 s\t\t\t\t\t<\/li>\n<li class=\"product-features__item-list__item\" role=\"listitem\"><span class=\"is--medium\">Puissance :<\/span> 1.250 W\t\t\t\t\t<\/li>\n<li class=\"product-features__item-list__item\" role=\"listitem\"><span class=\"is--medium\">Longueur c\u00e2ble alimentation :<\/span> 1 cm\t\t\t\t\t<\/li>\n<\/ul>\n<\/li>\n<li class=\"product-features__item\" role=\"listitem\">\n<h3 class=\"product-features__label\">Design<\/h3>\n<ul role=\"list\">\n<li class=\"product-features__item-list__item\" role=\"listitem\"><span class=\"is--medium\">Couleur :<\/span> Noir\t\t\t\t\t<\/li>\n<li class=\"product-features__item-list__item\" role=\"listitem\"><span class=\"is--medium\">Finition de la machine :<\/span> R\u00e9servoir \u00e0 eau translucide\t\t\t\t\t<\/li>\n<\/ul>\n<\/li>\n<li class=\"product-features__item\" role=\"listitem\">\n<h3 class=\"product-features__label\">Entretien<\/h3>\n<ul role=\"list\">\n<li class=\"product-features__item-list__item\" role=\"listitem\"><span class=\"is--medium\">Indicateur de d\u00e9tartrage :<\/span> Non\t\t\t\t\t<\/li>\n<\/ul>\n<\/li>\n<li class=\"product-features__item\" role=\"listitem\">\n<h3 class=\"product-features__label\">Dimensions<\/h3>\n<ul role=\"list\">\n<li class=\"product-features__item-list__item\" role=\"listitem\"><span class=\"is--medium\">Dimensions l x h x p :<\/span> 15.7 x 29 x 36.6 cm\t\t\t\t\t<\/li>\n<li class=\"product-features__item-list__item\" role=\"listitem\"><span class=\"is--medium\">Poids Net (kg) :<\/span> 4,25 Kg\t\t\t\t\t<\/li>\n<\/ul>\n<\/li>\n<li class=\"product-features__item\" role=\"listitem\">\n<h3 class=\"product-features__label\">Informations compl\u00e9mentaires<\/h3>\n<ul role=\"list\">\n<li class=\"product-features__item-list__item\" role=\"listitem\"><span class=\"is--medium\">Garantie :<\/span> 2 ans\t\t\t\t\t<\/li>\n<li class=\"product-features__item-list__item\" role=\"listitem\"><span class=\"is--medium\">Fabriqu\u00e9 en :<\/span> Italie\t\t\t\t\t<\/li>\n<li class=\"product-features__item-list__item\" role=\"listitem\"><span class=\"is--medium\">Disponibilit\u00e9 des pi\u00e8ces d\u00e9tach\u00e9es (donn\u00e9es fournisseur) :<\/span> Pas de pi\u00e8ce disponible\t\t\t\t\t<\/li>\n<li class=\"product-features__item-list__item\" role=\"listitem\"><span class=\"is--medium\">R\u00e9f\u00e9rence constructeur :<\/span> Smeg noire\t\t\t\t\t<\/li>\n<li class=\"product-features__item-list__item\" role=\"listitem\"><span class=\"is--medium\">Marque :<\/span> LAVAZZA\t\t\t\t\t<\/li>\n<\/ul>\n<\/li>\n<\/ul>\n<\/div>\n<div class=\"product__disclosure-content\">\n<div class=\"js-read-more product-description__content read-more read-more--truncated\" data-read-more-name=\"description\" style=\"max-height: 500px; overflow: hidden;\">\n<div class=\"product__description-content read-more\" style=\"\">\n<p>Cafeti\u00e8re \u00e0 dosette LAVAZZA Smeg noire : l&rsquo;\u00e9l\u00e9gance rencontre la performance<\/p>\n<h3> <img fetchpriority=\"high\" decoding=\"async\" ,=\"\" alt=\"Cafeti\u00e8re \u00e0 dosette LAVAZZA Smeg noire\" class=\"wy_tableau_gauche\" height=\"270\" src=\"https:\/\/boulanger.scene7.com\/is\/image\/Boulanger\/8000070042742_h_f_l_0?wid=400&amp;hei=270\" width=\"400\"\/>Design et utilisation simplifi\u00e9e <\/h3>\n<p> La Cafeti\u00e8re \u00e0 dosette LAVAZZA Smeg noire se distingue par son design r\u00e9tro et \u00e9l\u00e9gant, con\u00e7u pour s&rsquo;int\u00e9grer harmonieusement dans toute cuisine moderne ou classique. Dot\u00e9e d&rsquo;un mode d&#8217;emploi clair et d\u00e9taill\u00e9, cette machine \u00e0 espresso est con\u00e7ue pour une utilisation intuitive. Que ce soit pour d\u00e9marrer la journ\u00e9e ou pour une pause caf\u00e9, elle offre une exp\u00e9rience authentique \u00e0 la port\u00e9e de tous. Gr\u00e2ce \u00e0 sa facilit\u00e9 d&rsquo;utilisation, nettoyage et maintenance, les amateurs de caf\u00e9 peuvent savourer un espresso italien parfait sans quitter le confort de leur foyer. <\/p>\n<\/p>\n<h3> <img decoding=\"async\" ,=\"\" alt=\"Cafeti\u00e8re \u00e0 dosette LAVAZZA Smeg noire\" class=\"wy_tableau_right\" height=\"270\" src=\"https:\/\/boulanger.scene7.com\/is\/image\/Boulanger\/8000070042742_h_f_l_1?wid=400&amp;hei=270\" width=\"400\"\/>S\u00e9curit\u00e9 et entretien <\/h3>\n<p> La s\u00e9curit\u00e9 est primordiale avec la Cafeti\u00e8re \u00e0 dosette LAVAZZA Smeg noire, qui est adapt\u00e9e \u00e0 un usage domestique comme professionnel. Elle est con\u00e7ue pour \u00eatre utilis\u00e9e par des personnes de plus de 8 ans sous surveillance et par ceux ayant des capacit\u00e9s r\u00e9duites, apr\u00e8s avoir re\u00e7u des instructions ad\u00e9quates. Le cordon d&rsquo;alimentation, non rempla\u00e7able par l&rsquo;utilisateur, assure une connexion fiable et s\u00e9curis\u00e9e. Pour maintenir la machine en \u00e9tat optimal, il est conseill\u00e9 de remplacer l&rsquo;eau du r\u00e9servoir apr\u00e8s trois jours d&rsquo;inactivit\u00e9 et de nettoyer l&rsquo;appareil avec des produits doux. En cas de longue p\u00e9riode d&rsquo;inutilisation, il est recommand\u00e9 de d\u00e9brancher l&rsquo;appareil et de le ranger dans un endroit sec, \u00e0 l&rsquo;abri de la poussi\u00e8re et hors de port\u00e9e des enfants. <\/p>\n<\/p><\/div>\n<\/p>\n<\/div>\n<p><bl-button a11yexpanded=\"false\" arialabel=\"Afficher toute la description\" class=\"read-more__btn\" full=\"false\" link=\"true\"><\/bl-button><\/div>","protected":false},"excerpt":{"rendered":"<div class=\"keypoints\">\n<h3 class=\"keypoints__title\">Les points cl\u00e9s<\/h3>\n<ul role=\"list\">\n<li class=\"keypoints__item\" role=\"listitem\">                                        Types de boissons : caf\u00e9                      <\/li>\n<li class=\"keypoints__item\" role=\"listitem\">                                        Type de capsules compatibles : A modo mio                      <\/li>\n<li class=\"keypoints__item\" role=\"listitem\">                                        Arr\u00eat de l&rsquo;\u00e9coulement de la boisson : manuel                      <\/li>\n<li class=\"keypoints__item\" role=\"listitem\">                                        Puissance : 1.250 W                      <\/li>\n<\/ul>","protected":false},"featured_media":71258,"template":"","meta":{"_glsr_average":0,"_glsr_ranking":0,"_glsr_reviews":0},"product_cat":[310],"product_tag":[311,230,286],"class_list":{"0":"post-71259","1":"product","2":"type-product","3":"status-publish","4":"has-post-thumbnail","6":"product_cat-cafetiere-a-dosettes","7":"product_tag-cafetiere-a-dosettes","8":"product_tag-cuisine-et-cuisson","9":"product_tag-machine-a-cafe","11":"first","12":"instock","13":"sale","14":"shipping-taxable","15":"purchasable","16":"product-type-simple"},"_links":{"self":[{"href":"https:\/\/electromenagerexpress.com\/en\/wp-json\/wp\/v2\/product\/71259","targetHints":{"allow":["GET"]}}],"collection":[{"href":"https:\/\/electromenagerexpress.com\/en\/wp-json\/wp\/v2\/product"}],"about":[{"href":"https:\/\/electromenagerexpress.com\/en\/wp-json\/wp\/v2\/types\/product"}],"wp:featuredmedia":[{"embeddable":true,"href":"https:\/\/electromenagerexpress.com\/en\/wp-json\/wp\/v2\/media\/71258"}],"wp:attachment":[{"href":"https:\/\/electromenagerexpress.com\/en\/wp-json\/wp\/v2\/media?parent=71259"}],"wp:term":[{"taxonomy":"product_cat","embeddable":true,"href":"https:\/\/electromenagerexpress.com\/en\/wp-json\/wp\/v2\/product_cat?post=71259"},{"taxonomy":"product_tag","embeddable":true,"href":"https:\/\/electromenagerexpress.com\/en\/wp-json\/wp\/v2\/product_tag?post=71259"}],"curies":[{"name":"wp","href":"https:\/\/api.w.org\/{rel}","templated":true}]}}