{"id":39725,"date":"2024-11-21T15:41:47","date_gmt":"2024-11-21T15:41:47","guid":{"rendered":"https:\/\/electromenagerexpress.com\/product\/bar-a-vinartevinowineartbs\/"},"modified":"2024-11-21T15:41:49","modified_gmt":"2024-11-21T15:41:49","slug":"bar-a-vinartevinowineartbs","status":"publish","type":"product","link":"https:\/\/electromenagerexpress.com\/en\/product\/bar-a-vinartevinowineartbs\/","title":{"rendered":"Bar \u00e0 vin\t\t\t\t\t\t\tARTEVINO\t\t\t\tWINEARTBS"},"content":{"rendered":"<div class=\"product-features__content\">\n<ul role=\"list\">\n<li class=\"product-features__item\" role=\"listitem\">\n<h3 class=\"product-features__label\">Caract\u00e9ristiques g\u00e9n\u00e9rales<\/h3>\n<ul role=\"list\">\n<li class=\"product-features__item-list__item\" role=\"listitem\"><span class=\"is--medium\">Type de produit :<\/span> Bar \u00e0 vin\t\t\t\t\t<\/li>\n<li class=\"product-features__item-list__item\" role=\"listitem\"><span class=\"is--medium\">Capacit\u00e9 :<\/span> 2 bouteilles\t\t\t\t\t<\/li>\n<li class=\"product-features__item-list__item\" role=\"listitem\"><span class=\"is--medium\">Temp\u00e9rature d&rsquo;utilisation :<\/span> De 18 \u00e0 30\u00b0C\t\t\t\t\t<\/li>\n<li class=\"product-features__item-list__item\" role=\"listitem\"><span class=\"is--medium\">Temp\u00e9rature r\u00e9glable :<\/span> Oui : dans chacun des 2 compartiments\t\t\t\t\t<\/li>\n<li class=\"product-features__item-list__item\" role=\"listitem\"><span class=\"is--medium\">Puissance install\u00e9e :<\/span> 70 W\t\t\t\t\t<\/li>\n<li class=\"product-features__item-list__item\" role=\"listitem\"><span class=\"is--medium\">Mise sous vide :<\/span> Le tirage de mise sous vide se fait par simple pression sur le piston\t\t\t\t\t<\/li>\n<li class=\"product-features__item-list__item\" role=\"listitem\"><span class=\"is--medium\">T\u00e9moin de mise sous vide :<\/span> Oui\t\t\t\t\t<\/li>\n<li class=\"product-features__item-list__item\" role=\"listitem\"><span class=\"is--medium\">Dur\u00e9e de conservation :<\/span> 10 jours pour les bouteilles ouvertes\t\t\t\t\t<\/li>\n<li class=\"product-features__item-list__item\" role=\"listitem\"><span class=\"is--medium\">Niveau sonore :<\/span> 38 dB\t\t\t\t\t<\/li>\n<\/ul>\n<\/li>\n<li class=\"product-features__item\" role=\"listitem\">\n<h3 class=\"product-features__label\">Esth\u00e9tique<\/h3>\n<ul role=\"list\">\n<li class=\"product-features__item-list__item\" role=\"listitem\"><span class=\"is--medium\">Dimensions (HxLxP) :<\/span> 47,8 x 24,5 x 24,8 cm\t\t\t\t\t<\/li>\n<li class=\"product-features__item-list__item\" role=\"listitem\"><span class=\"is--medium\">Coloris :<\/span> Noir et silver\t\t\t\t\t<\/li>\n<\/ul>\n<\/li>\n<li class=\"product-features__item\" role=\"listitem\">\n<h3 class=\"product-features__label\">Dimensions<\/h3>\n<ul role=\"list\">\n<li class=\"product-features__item-list__item\" role=\"listitem\"><span class=\"is--medium\">Dimensions l x h x p :<\/span> 24.5 x 47.8 x 24.8 cm\t\t\t\t\t<\/li>\n<li class=\"product-features__item-list__item\" role=\"listitem\"><span class=\"is--medium\">Poids Net (kg) :<\/span> 6.8\t\t\t\t\t<\/li>\n<li class=\"product-features__item-list__item\" role=\"listitem\"><span class=\"is--medium\">Poids Brut (kg) :<\/span> 5.4\t\t\t\t\t<\/li>\n<\/ul>\n<\/li>\n<li class=\"product-features__item\" role=\"listitem\">\n<h3 class=\"product-features__label\">Informations compl\u00e9mentaires<\/h3>\n<ul role=\"list\">\n<li class=\"product-features__item-list__item\" role=\"listitem\"><span class=\"is--medium\">Fabriqu\u00e9 en :<\/span> Chine\t\t\t\t\t<\/li>\n<li class=\"product-features__item-list__item\" role=\"listitem\"><span class=\"is--medium\">Garantie :<\/span> 2 ans\t\t\t\t\t<\/li>\n<li class=\"product-features__item-list__item\" role=\"listitem\"><span class=\"is--medium\">Disponibilit\u00e9 des pi\u00e8ces d\u00e9tach\u00e9es (donn\u00e9es fournisseur) :<\/span> Pendant 11 ans, \u00e0 compter de la date d&rsquo;achat\t\t\t\t\t<\/li>\n<li class=\"product-features__item-list__item\" role=\"listitem\"><span class=\"is--medium\">R\u00e9f\u00e9rence constructeur :<\/span> WINEARTBS\t\t\t\t\t<\/li>\n<li class=\"product-features__item-list__item\" role=\"listitem\"><span class=\"is--medium\">Marque :<\/span> ARTEVINO\t\t\t\t\t<\/li>\n<\/ul>\n<\/li>\n<\/ul>\n<\/div>\n<div class=\"product__disclosure-content\">\n<div class=\"js-read-more product-description__content read-more read-more--truncated\" data-read-more-name=\"description\" style=\"max-height: 500px; overflow: hidden;\">\n<h2><center><u>Cave \u00e0 vin<\/u><\/center><\/h2>\n<h2><center><u>ARTEVINO WINEART<\/u><\/center><\/h2>\n<p style=\"font-size:medium;text-align:justify;color:#525252\">Si vous \u00eates un amateur de vin, vous allez adorer cette cave \u00e0 vin haute technologie d&rsquo;Artevino : con\u00e7ue pour conserver \u00e0 domicile vos meilleures bouteilles de vin, elle vous permettra de les consommer dans les meilleures conditions possibles en les conservant \u00e0 temp\u00e9rature id\u00e9ale de d\u00e9gustation.<\/p>\n<h3 style=\"clear:both;\">\n<p style=\"font-size:large ;color:#098da7;\">Un alli\u00e9 indispensable pour toutes vos d\u00e9gustations : c&rsquo;est bien simple, vous ne pourrez plus vous en passer !<\/p>\n<\/h3>\n<p style=\"font-size:medium;text-align:justify;color:#525252\">Que vous soyez amateur de vin rouge, ros\u00e9 ou blanc, vous trouverez forc\u00e9ment des atouts majeurs \u00e0 l&rsquo;utilisation de cette cave \u00e0 vin. Conservant \u00e0 temp\u00e9rature id\u00e9ale vos vins, vous pourrez les d\u00e9guster dans les meilleures conditions possibles. Ses <b>deux compartiments s\u00e9par\u00e9s vous permettent de s\u00e9lectionner deux temp\u00e9ratures diff\u00e9rentes<\/b> si vous souhaitez conserver d&rsquo;un c\u00f4t\u00e9 un vin rouge et de l&rsquo;autre un vin blanc, par exemple. Ses commandes intuitives ont \u00e9t\u00e9 con\u00e7ues pour \u00eatre simples d&rsquo;utilisation et, s\u00e9curit\u00e9 suppl\u00e9mentaire, des t\u00e9moins lumineux indiquent le fonctionnement et la bonne temp\u00e9rature de l&rsquo;appareil.<\/p>\n<h3 style=\"clear:both;\">\n<p style=\"font-size:large ;color:#098da7;\">Intelligent et autonome, son design est tr\u00e8s travaill\u00e9<\/p>\n<\/h3>\n<p style=\"font-size:medium;text-align:justify;color :#525252\">Outre le fait qu&rsquo;il conserve vos vins \u00e0 bonne temp\u00e9rature, son syst\u00e8me de <b>tirage sous-vide<\/b> vous permet d&rsquo;\u00e9liminer l&rsquo;oxyg\u00e8ne qui oxyde le tanin de votre vin et lui permet de conserver son go\u00fbt <b>jusqu&rsquo;\u00e0 10 jours<\/b> apr\u00e8s ouverture ! Son niveau sonore faible (seulement 38 d\u00e9cibels) vous garantit un confort maximal au quotidien. Silencieux, il saura \u00e9galement se faire oublier sur votre facture d&rsquo;\u00e9lectricit\u00e9 puisque sa consommation n&rsquo;est que de 70 watts pour une utilisation \u00e0 temp\u00e9rature ext\u00e9rieure de 30 \u00b0C !<\/p>\n<\/p>\n<\/div>\n<p><bl-button a11yexpanded=\"false\" arialabel=\"Afficher toute la description\" class=\"read-more__btn\" full=\"false\" link=\"true\"><\/bl-button><\/div>","protected":false},"excerpt":{"rendered":"<div class=\"keypoints\">\n<h3 class=\"keypoints__title\">Les points cl\u00e9s<\/h3>\n<ul role=\"list\">\n<li class=\"keypoints__item\" role=\"listitem\">                                        Type de produit : Bar \u00e0 vin                      <\/li>\n<li class=\"keypoints__item\" role=\"listitem\">                                        Capacit\u00e9 : 2 bouteilles                      <\/li>\n<li class=\"keypoints__item\" role=\"listitem\">                                        Temp\u00e9rature d&rsquo;utilisation : De 18 \u00e0 30\u00b0C                      <\/li>\n<li class=\"keypoints__item keypoints__item--advantage\" role=\"listitem\"><strong>Le + :<\/strong> Pr\u00e9servation des bouteilles ouvertes jusqu&rsquo;\u00e0 10 jours      <\/li>\n<\/ul>","protected":false},"featured_media":35369,"template":"","meta":{"_glsr_average":0,"_glsr_ranking":0,"_glsr_reviews":0},"product_cat":[274],"product_tag":[195,275,131],"class_list":{"0":"post-39725","1":"product","2":"type-product","3":"status-publish","4":"has-post-thumbnail","6":"product_cat-cave-multi-temperature","7":"product_tag-cave-a-vin","8":"product_tag-cave-multi-temperature","9":"product_tag-gros-electromenager","11":"first","12":"instock","13":"sale","14":"shipping-taxable","15":"purchasable","16":"product-type-simple"},"_links":{"self":[{"href":"https:\/\/electromenagerexpress.com\/en\/wp-json\/wp\/v2\/product\/39725","targetHints":{"allow":["GET"]}}],"collection":[{"href":"https:\/\/electromenagerexpress.com\/en\/wp-json\/wp\/v2\/product"}],"about":[{"href":"https:\/\/electromenagerexpress.com\/en\/wp-json\/wp\/v2\/types\/product"}],"wp:featuredmedia":[{"embeddable":true,"href":"https:\/\/electromenagerexpress.com\/en\/wp-json\/wp\/v2\/media\/35369"}],"wp:attachment":[{"href":"https:\/\/electromenagerexpress.com\/en\/wp-json\/wp\/v2\/media?parent=39725"}],"wp:term":[{"taxonomy":"product_cat","embeddable":true,"href":"https:\/\/electromenagerexpress.com\/en\/wp-json\/wp\/v2\/product_cat?post=39725"},{"taxonomy":"product_tag","embeddable":true,"href":"https:\/\/electromenagerexpress.com\/en\/wp-json\/wp\/v2\/product_tag?post=39725"}],"curies":[{"name":"wp","href":"https:\/\/api.w.org\/{rel}","templated":true}]}}