{"id":39707,"date":"2024-11-21T15:40:48","date_gmt":"2024-11-21T15:40:48","guid":{"rendered":"https:\/\/electromenagerexpress.com\/product\/cave-a-vin-de-servicebrandtbiw36fb\/"},"modified":"2024-11-22T09:26:24","modified_gmt":"2024-11-22T09:26:24","slug":"cave-a-vin-de-servicebrandtbiw36fb","status":"publish","type":"product","link":"https:\/\/electromenagerexpress.com\/en\/product\/cave-a-vin-de-servicebrandtbiw36fb\/","title":{"rendered":"Cave \u00e0 vin de service BRANDT BIW36FB"},"content":{"rendered":"<div class=\"product-features__content\">\n<h3 class=\"product-features__label\">\u00a0 \u00a0 \u00a0 \u00a0 \u00a0Encastrement<\/h3>\n<ul role=\"list\">\n<li style=\"list-style-type: none;\">\n<ul role=\"list\">\n<li class=\"product-features__item-list__item\" role=\"listitem\"><span class=\"is--medium\">Cave encastrable :<\/span> permet d&rsquo;\u00eatre int\u00e9gr\u00e9 parfaitement dans une cuisine ou un meuble existant, cr\u00e9ant ainsi un aspect plus esth\u00e9tique et \u00e9l\u00e9gant.<br \/>\n<h3 class=\"product-features__label\">Agencement et esthetique<\/h3>\n<ul role=\"list\">\n<li class=\"product-features__item-list__item\" role=\"listitem\"><span class=\"is--medium\">Nombre de bouteilles (type bordelaises l\u00e9g\u00e8res) :<\/span> 36<\/li>\n<li class=\"product-features__item-list__item\" role=\"listitem\"><span class=\"is--medium\">Le saviez-vous ? :<\/span> La capacit\u00e9 annonc\u00e9e est la capacit\u00e9 maximale mesur\u00e9e selon le standard europ\u00e9en EN62552. Ce standard est calcul\u00e9 avec des bouteilles 75cl type bordeaux tradition. La capacit\u00e9 annonc\u00e9e correspond donc au nombre de bouteilles de bordeaux possibles avec le nombre de clayettes fournies dans la cave.<\/li>\n<li class=\"product-features__item-list__item\" role=\"listitem\"><span class=\"is--medium\">Volume total :<\/span> 92 litres<\/li>\n<li class=\"product-features__item-list__item\" role=\"listitem\"><span class=\"is--medium\">Type de clayettes :<\/span> clayette classique, permet d&rsquo;optimiser le rangement \u00e0 l&rsquo;int\u00e9rieur de la cave \u00e0 vin et de pr\u00e9senter des bouteilles en position verticale, semi-inclin\u00e9e.<\/li>\n<li class=\"product-features__item-list__item\" role=\"listitem\"><span class=\"is--medium\">Nombre de clayette(s) :<\/span> 4<\/li>\n<li class=\"product-features__item-list__item\" role=\"listitem\"><span class=\"is--medium\">Mat\u00e9riau des clayettes :<\/span> bois, permet d&rsquo;offrir une consevation optimale pour le vin en maintenant le li\u00e8ge en contact avec le vin et une durabilit\u00e9 \u00e0 long terme<\/li>\n<li class=\"product-features__item-list__item\" role=\"listitem\"><span class=\"is--medium\">Eclairage :<\/span> LED<\/li>\n<li class=\"product-features__item-list__item\" role=\"listitem\"><span class=\"is--medium\">Sens d&rsquo;ouverture de la porte :<\/span> fixations \u00e0 droite non r\u00e9versible<\/li>\n<li class=\"product-features__item-list__item\" role=\"listitem\"><span class=\"is--medium\">Coloris :<\/span> noir<\/li>\n<li class=\"product-features__item-list__item\" role=\"listitem\"><span class=\"is--medium\">Rev\u00eatement ext\u00e9rieur de la cave :<\/span> acier<br \/>\n<h3 class=\"product-features__label\">Conditions optimales<\/h3>\n<ul role=\"list\">\n<li class=\"product-features__item-list__item\" role=\"listitem\"><span class=\"is--medium\">Type de porte :<\/span> vitr\u00e9e, permet de visualiser facilement les bouteilles sans avoir \u00e0 ouvrir la porte, ce qui r\u00e9duit la circulation de l&rsquo;air dans la cave et donc la variation de la temp\u00e9rature. Le traitement anti-uv prot\u00e8ge le contenu.<\/li>\n<li class=\"product-features__item-list__item\" role=\"listitem\"><span class=\"is--medium\">Cave :<\/span> mono-temp\u00e9rature<\/li>\n<li class=\"product-features__item-list__item\" role=\"listitem\"><span class=\"is--medium\">Conseil de rangement :<\/span> rangez du haut vers le bas vins rouges forts, vins ros\u00e9s ou rouges moyens, vins blancs<\/li>\n<li class=\"product-features__item-list__item\" role=\"listitem\"><span class=\"is--medium\">Plages de temp\u00e9rature :<\/span> De 5 \u00e0 20\u00b0C<\/li>\n<li class=\"product-features__item-list__item\" role=\"listitem\"><span class=\"is--medium\">Classe climatique :<\/span> la classe climatique SN-ST, ou classe subtropicale \u00e9largie (de 10\u00b0C \u00e0 38\u00b0C), permet un fonctionnement optimum dans des pi\u00e8ces \u00e0 temp\u00e9ratures basses. Id\u00e9ale pour une installation dans un garage, une v\u00e9randa ou une cave.<\/li>\n<li class=\"product-features__item-list__item\" role=\"listitem\"><span class=\"is--medium\">Zones de temp\u00e9ratures :<\/span> 1<\/li>\n<li class=\"product-features__item-list__item\" role=\"listitem\"><span class=\"is--medium\">A quoi servent les zones de temp\u00e9ratures ? :<\/span> elles permettent de stocker diff\u00e9rents types de vin dans des conditions de temp\u00e9rature optimales pour leur conservation et leur vieillissement afin de maintenir leur qualit\u00e9 et leur go\u00fbt \u00e0 long terme.<\/li>\n<li class=\"product-features__item-list__item\" role=\"listitem\"><span class=\"is--medium\">Alarme de temp\u00e9rature :<\/span> oui, permet d&rsquo;\u00eatre averti si la temp\u00e9rature de la cave \u00e0 vin sort de la plage de temp\u00e9ratures recommand\u00e9e et donc de prot\u00e9ger vos vins contre les dommages caus\u00e9s par une temp\u00e9rature trop \u00e9lev\u00e9e ou trop basse.<\/li>\n<li class=\"product-features__item-list__item\" role=\"listitem\"><span class=\"is--medium\">R\u00e9glage de la temp\u00e9rature :<\/span> \u00e9lectronique, permet d&rsquo;afficher la temp\u00e9rature et de la r\u00e9gler comme souhait\u00e9e<\/li>\n<li class=\"product-features__item-list__item\" role=\"listitem\"><span class=\"is--medium\">R\u00e9glage hygrom\u00e9trie :<\/span> Non<\/li>\n<li class=\"product-features__item-list__item\" role=\"listitem\"><span class=\"is--medium\">Filtre \u00e0 charbon :<\/span> Non<\/li>\n<li class=\"product-features__item-list__item\" role=\"listitem\"><span class=\"is--medium\">Anti vibration :<\/span> oui, permet de r\u00e9duire les vibrations qui peuvent affecter la qualit\u00e9 du vin en perturbant les s\u00e9diments et la stabilit\u00e9 des bouchons en li\u00e8ge<\/li>\n<li class=\"product-features__item-list__item\" role=\"listitem\"><span class=\"is--medium\">Mode shabbat :<\/span> Non<br \/>\n<h3 class=\"product-features__label\">Equipement<\/h3>\n<ul role=\"list\">\n<li class=\"product-features__item-list__item\" role=\"listitem\"><span class=\"is--medium\">Type de poign\u00e9e(s) :<\/span> traditionnelle(s) \u00e0 d\u00e9pression, pour une ouverture assist\u00e9e qui en facilite l&rsquo;usag<\/li>\n<li class=\"product-features__item-list__item\" role=\"listitem\"><span class=\"is--medium\">Fermeture \u00e0 serrure :<\/span> non<\/li>\n<li class=\"product-features__item-list__item\" role=\"listitem\"><span class=\"is--medium\">Roulettes :<\/span> Oui<\/li>\n<li class=\"product-features__item-list__item\" role=\"listitem\"><span class=\"is--medium\">Niveau sonore :<\/span> silencieux (38 db)<\/li>\n<li class=\"product-features__item-list__item\" role=\"listitem\"><span class=\"is--medium\">Classe d&rsquo;\u00e9mission de bruit acoustique dans l&rsquo;air :<\/span> C<\/li>\n<li class=\"product-features__item-list__item\" role=\"listitem\"><span class=\"is--medium\">Connect\u00e9e wifi :<\/span> non<\/li>\n<li class=\"product-features__item-list__item\" role=\"listitem\"><span class=\"is--medium\">Label \u00e9nergie :<\/span> F<\/li>\n<li class=\"product-features__item-list__item\" role=\"listitem\"><span class=\"is--medium\">Consommation :<\/span> 101 kWh\/an<\/li>\n<li class=\"product-features__item-list__item\" role=\"listitem\"><span class=\"is--medium\">Co\u00fbt annuel d&rsquo;utilisation (calcul\u00e9 selon un co\u00fbt unitaire en \u00e9l\u00e9ctricit\u00e9 de 0.2062 euros\/Kwh) :<\/span> 25 euros par an<br \/>\n<h3 class=\"product-features__label\">Dimensions<\/h3>\n<ul role=\"list\">\n<li class=\"product-features__item-list__item\" role=\"listitem\"><span class=\"is--medium\">L x H x P :<\/span> 59 x 59.5 x 56.3 cm<\/li>\n<li class=\"product-features__item-list__item\" role=\"listitem\"><span class=\"is--medium\">Poids net :<\/span> 32,3 kg<\/li>\n<li class=\"product-features__item-list__item\" role=\"listitem\"><span class=\"is--medium\">Poids brut :<\/span> 36,8 kg<br \/>\n<h3 class=\"product-features__label\">Informations compl\u00e9mentaires<\/h3>\n<ul role=\"list\">\n<li class=\"product-features__item-list__item\" role=\"listitem\"><span class=\"is--medium\">Garantie :<\/span> 2 ans<\/li>\n<li class=\"product-features__item-list__item\" role=\"listitem\"><span class=\"is--medium\">Disponibilit\u00e9 des pi\u00e8ces d\u00e9tach\u00e9es (donn\u00e9es fournisseur) :<\/span> Pendant 14 ans, \u00e0 compter de la date d&rsquo;achat<\/li>\n<li class=\"product-features__item-list__item\" role=\"listitem\"><span class=\"is--medium\">Fabriqu\u00e9 en :<\/span> Chine<\/li>\n<li class=\"product-features__item-list__item\" role=\"listitem\"><span class=\"is--medium\">Marque :<\/span> BRANDT<\/li>\n<li class=\"product-features__item-list__item\" role=\"listitem\"><span class=\"is--medium\">R\u00e9f\u00e9rence constructeur :<\/span> BIW36FB<\/li>\n<\/ul>\n<\/li>\n<\/ul>\n<\/li>\n<\/ul>\n<\/li>\n<\/ul>\n<\/li>\n<\/ul>\n<\/li>\n<\/ul>\n<\/li>\n<\/ul>\n<\/div>\n<div class=\"product__disclosure-content\">\n<div class=\"js-read-more product-description__content\" style=\"max-height: 500px; overflow: hidden;\" data-read-more-name=\"description\">\n<div class=\"product__description-content read-more\">\n<h3>Conception intelligente et performances \u00e9nerg\u00e9tiques<\/h3>\n<p>Le mod\u00e8le BIW36FB de BRANDT, avec son design \u00e9l\u00e9gant en noir, s&rsquo;int\u00e8gre parfaitement dans tout int\u00e9rieur gr\u00e2ce \u00e0 son installation encastrable. La classe d&rsquo;efficacit\u00e9 \u00e9nerg\u00e9tique F et une consommation ma\u00eetris\u00e9e sont des atouts non n\u00e9gligeables pour un usage quotidien respectueux de l&rsquo;environnement. Le confort d&rsquo;utilisation est renforc\u00e9 par une alarme de temp\u00e9rature qui veille au maintien des conditions id\u00e9ales et un indicateur de porte ouverte pour \u00e9viter toute d\u00e9perdition d&rsquo;\u00e9nergie. Avec une capacit\u00e9 nette totale de 92L, des clayettes en bois amovibles et une porte non r\u00e9versible mont\u00e9e \u00e0 droite, cette cave \u00e0 vin est aussi pratique qu&rsquo;esth\u00e9tique. Enfin, la durabilit\u00e9 est assur\u00e9e avec une disponibilit\u00e9 des pi\u00e8ces d\u00e9tach\u00e9es pendant 15 ans, faisant de la cave \u00e0 vin BRANDT BIW36FB un investissement fiable et durable pour tous les passionn\u00e9s de vin.<\/p>\n<\/div>\n<\/div>\n<\/div>","protected":false},"excerpt":{"rendered":"<div class=\"keypoints\">\n<h3 class=\"keypoints__title\">Les points cl\u00e9s<\/h3>\n<ul role=\"list\">\n<li class=\"keypoints__item\" role=\"listitem\">Nombre de bouteilles : 36 &#8211; Nombre de clayette(s) : 4<\/li>\n<li class=\"keypoints__item\" role=\"listitem\">L x H x P : 59 x 59.5 x 56.3 cm<\/li>\n<li class=\"keypoints__item\" role=\"listitem\">R\u00e9glage temp\u00e9rature : \u00e9lectronique via \u00e9cran &#8211; Nombre de zones : 1 zone<\/li>\n<li class=\"keypoints__item\" role=\"listitem\">Niveau sonore : Silencieux (38dB)<\/li>\n<li class=\"keypoints__item keypoints__item--advantage\" role=\"listitem\"><strong>Le + :<\/strong> Alarme de temp\u00e9rature et syst\u00e8me anti-vibration<\/li>\n<\/ul>\n<\/div>\n<p>&nbsp;<\/p>","protected":false},"featured_media":35152,"template":"","meta":{"_glsr_average":0,"_glsr_ranking":0,"_glsr_reviews":0},"product_cat":[270],"product_tag":[195,271,131],"class_list":{"0":"post-39707","1":"product","2":"type-product","3":"status-publish","4":"has-post-thumbnail","6":"product_cat-cave-de-service","7":"product_tag-cave-a-vin","8":"product_tag-cave-de-service","9":"product_tag-gros-electromenager","11":"first","12":"instock","13":"sale","14":"shipping-taxable","15":"purchasable","16":"product-type-simple"},"_links":{"self":[{"href":"https:\/\/electromenagerexpress.com\/en\/wp-json\/wp\/v2\/product\/39707","targetHints":{"allow":["GET"]}}],"collection":[{"href":"https:\/\/electromenagerexpress.com\/en\/wp-json\/wp\/v2\/product"}],"about":[{"href":"https:\/\/electromenagerexpress.com\/en\/wp-json\/wp\/v2\/types\/product"}],"wp:featuredmedia":[{"embeddable":true,"href":"https:\/\/electromenagerexpress.com\/en\/wp-json\/wp\/v2\/media\/35152"}],"wp:attachment":[{"href":"https:\/\/electromenagerexpress.com\/en\/wp-json\/wp\/v2\/media?parent=39707"}],"wp:term":[{"taxonomy":"product_cat","embeddable":true,"href":"https:\/\/electromenagerexpress.com\/en\/wp-json\/wp\/v2\/product_cat?post=39707"},{"taxonomy":"product_tag","embeddable":true,"href":"https:\/\/electromenagerexpress.com\/en\/wp-json\/wp\/v2\/product_tag?post=39707"}],"curies":[{"name":"wp","href":"https:\/\/api.w.org\/{rel}","templated":true}]}}