{"id":39682,"date":"2024-11-21T15:39:12","date_gmt":"2024-11-21T15:39:12","guid":{"rendered":"https:\/\/electromenagerexpress.com\/product\/cave-a-vin-vieillissementgoguettegmsl1tgdbksce01\/"},"modified":"2024-11-23T08:34:52","modified_gmt":"2024-11-23T08:34:52","slug":"cave-a-vin-vieillissementgoguettegmsl1tgdbksce01","status":"publish","type":"product","link":"https:\/\/electromenagerexpress.com\/en\/product\/cave-a-vin-vieillissementgoguettegmsl1tgdbksce01\/","title":{"rendered":"Cave \u00e0 vin vieillissement\t GOGUETTE GMSL1TGDBKSCE01"},"content":{"rendered":"<div class=\"product-features__content\">\n<h3 class=\"product-features__label\">\u00a0 \u00a0 \u00a0 \u00a0 \u00a0 \u00a0 \u00a0Agencement et esthetique<\/h3>\n<ul role=\"list\">\n<li style=\"list-style-type: none;\">\n<ul>\n<li style=\"list-style-type: none;\">\n<ul role=\"list\">\n<li class=\"product-features__item-list__item\" role=\"listitem\"><span class=\"is--medium\">Nombre de bouteilles (type bordelaises l\u00e9g\u00e8res) :<\/span> 182<\/li>\n<li class=\"product-features__item-list__item\" role=\"listitem\"><span class=\"is--medium\">Le saviez-vous ? :<\/span> La capacit\u00e9 annonc\u00e9e est la capacit\u00e9 maximale mesur\u00e9e selon le standard europ\u00e9en EN62552. Ce standard est calcul\u00e9 avec des bouteilles 75cl type bordeaux tradition. La capacit\u00e9 annonc\u00e9e correspond donc au nombre de bouteilles de bordeaux possibles avec le nombre de clayettes fournies dans la cave.<\/li>\n<li class=\"product-features__item-list__item\" role=\"listitem\"><span class=\"is--medium\">Volume total :<\/span> 455 litres<\/li>\n<li class=\"product-features__item-list__item\" role=\"listitem\"><span class=\"is--medium\">Type de clayettes :<\/span> clayette coulissante et de stockage, permet d&rsquo;optimiser le rangement \u00e0 l&rsquo;int\u00e9rieur de la cave \u00e0 vin et de pr\u00e9senter des bouteilles en position verticale, semi-inclin\u00e9e et superposer.<\/li>\n<li class=\"product-features__item-list__item\" role=\"listitem\"><span class=\"is--medium\">Nombre de clayette(s) :<\/span> 8<\/li>\n<li class=\"product-features__item-list__item\" role=\"listitem\"><span class=\"is--medium\">Mat\u00e9riau des clayettes :<\/span> bois, permet d&rsquo;offrir une consevation optimale pour le vin en maintenant le li\u00e8ge en contact avec le vin et une durabilit\u00e9 \u00e0 long terme<\/li>\n<li class=\"product-features__item-list__item\" role=\"listitem\"><span class=\"is--medium\">Type de vin possible :<\/span> Diff\u00e9rents types de bouteilles<\/li>\n<li class=\"product-features__item-list__item\" role=\"listitem\"><span class=\"is--medium\">Eclairage :<\/span> lat\u00e9ral, offre une excellente visibilit\u00e9 pour identifier et s\u00e9lectionner les bouteilles. Cet \u00e9clairage permet une \u00e9conomie d&rsquo;\u00e9nergie et n&rsquo;endommage pas le vin avec des rayons UV nocifs.<\/li>\n<li class=\"product-features__item-list__item\" role=\"listitem\"><span class=\"is--medium\">Option de l&rsquo;\u00e9clairage :<\/span> cet appareil est \u00e9quip\u00e9 d&rsquo;une fonction \u00e9clairage d&rsquo;ambiance pour faire de votre cave un \u00e9l\u00e9ment de d\u00e9coration<\/li>\n<li class=\"product-features__item-list__item\" role=\"listitem\"><span class=\"is--medium\">Porte r\u00e9versible :<\/span> Oui, vous permet de changer le sens d&rsquo;ouverture de la porte. Ce changement peut s&rsquo;effectuer lors de l&rsquo;installationde votre produit<\/li>\n<li class=\"product-features__item-list__item\" role=\"listitem\"><span class=\"is--medium\">Sens d&rsquo;ouverture de la porte :<\/span> fixations \u00e0 droite r\u00e9versible<\/li>\n<li class=\"product-features__item-list__item\" role=\"listitem\"><span class=\"is--medium\">Coloris :<\/span> noir<\/li>\n<li class=\"product-features__item-list__item\" role=\"listitem\"><span class=\"is--medium\">Rev\u00eatement ext\u00e9rieur de la cave :<\/span> bois<br \/>\n<h3 class=\"product-features__label\">Conditions optimales<\/h3>\n<ul role=\"list\">\n<li class=\"product-features__item-list__item\" role=\"listitem\"><span class=\"is--medium\">Type de porte :<\/span> vitr\u00e9e, permet de visualiser facilement les bouteilles sans avoir \u00e0 ouvrir la porte, ce qui r\u00e9duit la circulation de l&rsquo;air dans la cave et donc la variation de la temp\u00e9rature. Le traitement anti-uv prot\u00e8ge le contenu.<\/li>\n<li class=\"product-features__item-list__item\" role=\"listitem\"><span class=\"is--medium\">Cave :<\/span> mono-temp\u00e9rature<\/li>\n<li class=\"product-features__item-list__item\" role=\"listitem\"><span class=\"is--medium\">Conseil de rangement :<\/span> rangez du haut vers le bas vins rouges forts, vins ros\u00e9s ou rouges moyens, vins blancs<\/li>\n<li class=\"product-features__item-list__item\" role=\"listitem\"><span class=\"is--medium\">Plages de temp\u00e9rature :<\/span> De 5 \u00e0 18\u00b0C<\/li>\n<li class=\"product-features__item-list__item\" role=\"listitem\"><span class=\"is--medium\">Classe climatique :<\/span> la classe climatique SN-T, ou classe tropicale \u00e9largie (de 10\u00b0C \u00e0 43\u00b0C), permet un fonctionnement optimum dans des pi\u00e8ces \u00e0 temp\u00e9ratures basses. Id\u00e9ale pour une installation dans un garage, une v\u00e9randa ou une cave.<\/li>\n<li class=\"product-features__item-list__item\" role=\"listitem\"><span class=\"is--medium\">Zones de temp\u00e9ratures :<\/span> 1<\/li>\n<li class=\"product-features__item-list__item\" role=\"listitem\"><span class=\"is--medium\">A quoi servent les zones de temp\u00e9ratures ? :<\/span> elles permettent de stocker diff\u00e9rents types de vin dans des conditions de temp\u00e9rature optimales pour leur conservation et leur vieillissement afin de maintenir leur qualit\u00e9 et leur go\u00fbt \u00e0 long terme.<\/li>\n<li class=\"product-features__item-list__item\" role=\"listitem\"><span class=\"is--medium\">Alarme de temp\u00e9rature :<\/span> oui, permet d&rsquo;\u00eatre averti si la temp\u00e9rature de la cave \u00e0 vin sort de la plage de temp\u00e9ratures recommand\u00e9e et donc de prot\u00e9ger vos vins contre les dommages caus\u00e9s par une temp\u00e9rature trop \u00e9lev\u00e9e ou trop basse.<\/li>\n<li class=\"product-features__item-list__item\" role=\"listitem\"><span class=\"is--medium\">R\u00e9glage de la temp\u00e9rature :<\/span> \u00e9lectronique, permet d&rsquo;afficher la temp\u00e9rature et de la r\u00e9gler comme souhait\u00e9e<\/li>\n<li class=\"product-features__item-list__item\" role=\"listitem\"><span class=\"is--medium\">R\u00e9glage hygrom\u00e9trie :<\/span> Non<\/li>\n<li class=\"product-features__item-list__item\" role=\"listitem\"><span class=\"is--medium\">Filtre \u00e0 charbon :<\/span> Non<\/li>\n<li class=\"product-features__item-list__item\" role=\"listitem\"><span class=\"is--medium\">Anti vibration :<\/span> oui, permet de r\u00e9duire les vibrations qui peuvent affecter la qualit\u00e9 du vin en perturbant les s\u00e9diments et la stabilit\u00e9 des bouchons en li\u00e8ge<\/li>\n<li class=\"product-features__item-list__item\" role=\"listitem\"><span class=\"is--medium\">Fonction hiver :<\/span> permet de maintenir une temp\u00e9rature constante, m\u00eame en p\u00e9riode de froid, assurant ainsi une conservation optimale du vin.<\/li>\n<li class=\"product-features__item-list__item\" role=\"listitem\"><span class=\"is--medium\">Mode shabbat :<\/span> Non<br \/>\n<h3 class=\"product-features__label\">Equipement<\/h3>\n<ul role=\"list\">\n<li class=\"product-features__item-list__item\" role=\"listitem\"><span class=\"is--medium\">Type de refroidissement :<\/span> par compression, permet d&rsquo;atteindre des temp\u00e9ratures plus basses et de maintenir une temp\u00e9rature constante, m\u00eame en cas de variations de la temp\u00e9rature ambiante<\/li>\n<li class=\"product-features__item-list__item\" role=\"listitem\"><span class=\"is--medium\">Type de poign\u00e9e(s) :<\/span> ext\u00e9rieure(s), traditionnelle(s)<\/li>\n<li class=\"product-features__item-list__item\" role=\"listitem\"><span class=\"is--medium\">Fermeture \u00e0 serrure :<\/span> non<\/li>\n<li class=\"product-features__item-list__item\" role=\"listitem\"><span class=\"is--medium\">Pieds r\u00e9glables :<\/span> pieds avant uniquement<\/li>\n<li class=\"product-features__item-list__item\" role=\"listitem\"><span class=\"is--medium\">Roulettes :<\/span> Non<\/li>\n<li class=\"product-features__item-list__item\" role=\"listitem\"><span class=\"is--medium\">Niveau sonore :<\/span> tr\u00e8s silencieux (35 db)<\/li>\n<li class=\"product-features__item-list__item\" role=\"listitem\"><span class=\"is--medium\">Classe d&rsquo;\u00e9mission de bruit acoustique dans l&rsquo;air :<\/span> B<\/li>\n<li class=\"product-features__item-list__item\" role=\"listitem\"><span class=\"is--medium\">Connect\u00e9e wifi :<\/span> non<\/li>\n<li class=\"product-features__item-list__item\" role=\"listitem\"><span class=\"is--medium\">Label \u00e9nergie :<\/span> E<\/li>\n<li class=\"product-features__item-list__item\" role=\"listitem\"><span class=\"is--medium\">Consommation :<\/span> 106 kWh\/an<\/li>\n<li class=\"product-features__item-list__item\" role=\"listitem\"><span class=\"is--medium\">Co\u00fbt annuel d&rsquo;utilisation (calcul\u00e9 selon un co\u00fbt unitaire en \u00e9l\u00e9ctricit\u00e9 de 0.2062 euros\/Kwh) :<\/span> 27 euros par an<br \/>\n<h3 class=\"product-features__label\">Dimensions<\/h3>\n<ul role=\"list\">\n<li class=\"product-features__item-list__item\" role=\"listitem\"><span class=\"is--medium\">L x H x P :<\/span> 68 x 182.5 x 72.5 cm<\/li>\n<li class=\"product-features__item-list__item\" role=\"listitem\"><span class=\"is--medium\">Poids net :<\/span> 103,2 kg<\/li>\n<li class=\"product-features__item-list__item\" role=\"listitem\"><span class=\"is--medium\">Poids brut :<\/span> 118,4 kg<br \/>\n<h3 class=\"product-features__label\">Informations compl\u00e9mentaires<\/h3>\n<ul role=\"list\">\n<li style=\"list-style-type: none\">\n<ul role=\"list\">\n<li class=\"product-features__item-list__item\" role=\"listitem\"><span class=\"is--medium\">Garantie :<\/span> 2 ans<\/li>\n<li class=\"product-features__item-list__item\" role=\"listitem\"><span class=\"is--medium\">Disponibilit\u00e9 des pi\u00e8ces d\u00e9tach\u00e9es (donn\u00e9es fournisseur) :<\/span> Pendant 11 ans, \u00e0 compter de la date d&rsquo;achat<\/li>\n<li class=\"product-features__item-list__item\" role=\"listitem\"><span class=\"is--medium\">Fabriqu\u00e9 en :<\/span> France<\/li>\n<li class=\"product-features__item-list__item\" role=\"listitem\"><span class=\"is--medium\">Marque :<\/span> GOGUETTE<\/li>\n<li class=\"product-features__item-list__item\" role=\"listitem\"><span class=\"is--medium\">R\u00e9f\u00e9rence constructeur :<\/span> GMSL1TGDBKSCE01<\/li>\n<\/ul>\n<\/li>\n<\/ul>\n<\/li>\n<\/ul>\n<\/li>\n<\/ul>\n<\/li>\n<\/ul>\n<\/li>\n<\/ul>\n<\/li>\n<\/ul>\n<\/li>\n<\/ul>\n<\/div>\n<div class=\"product__disclosure-content\">\n<div class=\"js-read-more product-description__content read-more read-more--truncated\" style=\"max-height: 500px; overflow: hidden;\" data-read-more-name=\"description\">\n<h3>Un am\u00e9nagement cl\u00e9 en main pour un usage quotidien<\/h3>\n<p>Nous avons imagin\u00e9 pour vous, l&rsquo;am\u00e9nagement int\u00e9rieur id\u00e9al sur cette <strong>cave de conservation Goguette :<\/strong> un mix de clayettes coulissantes et de stockage.\u00a0 Sur le haut de la cave, <strong>6 clayettes coulissantes<\/strong> pour avoir un acc\u00e8s rapide aux bouteilles. Sur le bas, <strong>2 clayettes de stockage<\/strong> pour <strong>optimiser le nombre de bouteilles que vous souhaitez conserver<\/strong> dans votre cave \u00e0 vin.\u00a0L&rsquo;espace entre chaque clayette a \u00e9t\u00e9 pens\u00e9 pour pouvoir conserver toutes vos bouteilles (bordeaux, bourgogne, magnum&#8230;) et ce, sans avoir \u00e0 changer l&#8217;emplacement de vos clayettes et <strong>sans risque non plus de frottement pour vos \u00e9tiquettes.<\/strong><\/p>\n<p>Sur chaque clayette, des supports de bouteilles individuels vous permettent de\u00a0<strong>ranger en s\u00e9curit\u00e9 vos bouteilles<\/strong>, quelles que soient leur forme et leur taille. Comment\u00a0? En jouant sur L&rsquo;espace entre chaque support gr\u00e2ce \u00e0 un syst\u00e8me tr\u00e8s simple de coulisse. Une modularit\u00e9 tr\u00e8s appr\u00e9ci\u00e9e.<\/p>\n<h3>Un style et un design affirm\u00e9s<\/h3>\n<p>Couleurs, lignes, d\u00e9tails&#8230; chaque d\u00e9tail de Goguette a \u00e9t\u00e9 pens\u00e9 pour faire de la cave \u00e0 vin un v\u00e9ritable \u00e9l\u00e9ment de d\u00e9coration qui s&rsquo;harmonise avec tous les int\u00e9rieurs. D\u00e9couvrez la touche Goguette\u00a0!<\/p>\n<p><strong>Des caves en \u00a0\u00bb\u00a0colorama\u00a0\u00a0\u00bb\u00a0:<\/strong> Chez Goguette vous trouverez <strong>l&rsquo;\u00e9l\u00e9gance intemporelle<\/strong> des caves noires. Parce que nous aimons aussi faire bouger les lignes, nous avons d\u00e9clin\u00e9 les caves en bleu pour contraster avec la d\u00e9coration ou en blanc afin de rappeler les codes du contemporain.<\/p>\n<p><strong>Un design singulier\u00a0:<\/strong> Les caves Goguette se caract\u00e9risent par des portes facett\u00e9es, des angles affirm\u00e9s et une poign\u00e9e signature qui offre une prise en main confortable.<\/p>\n<p><strong>Une mise en lumi\u00e8re\u00a0:<\/strong> Un bandeau lumineux blanc parcourt toute la hauteur de la cave pour mettre les bouteilles en valeur. Ce bandeau est sans risque pour le vin et vous avez la possibilit\u00e9 de r\u00e9gler l&rsquo;intensit\u00e9 de l&rsquo;\u00e9clairage.<\/p>\n<p><strong>Un \u00e9cran tactile<\/strong> pour r\u00e9gler la temp\u00e9rature et la luminosit\u00e9 de votre cave.<\/p>\n<p>Le petit plus Goguette\u00a0: un m\u00e9mo\u00a0dispos\u00e9 \u00e0 droit de l&rsquo;\u00e9cran tactile, qui sert \u00e0 <strong>noter le nom des vins<\/strong> \u00e0 acheter ou \u00e0 d\u00e9guster prochainement.<\/p>\n<\/div>\n<p>&nbsp;<\/p>\n<\/div>","protected":false},"excerpt":{"rendered":"<div class=\"keypoints\">\n<h3 class=\"keypoints__title\">Les points cl\u00e9s<\/h3>\n<ul role=\"list\">\n<li class=\"keypoints__item\" role=\"listitem\">Nombre de bouteilles : 182 &#8211; Nombre de clayette(s) : 8<\/li>\n<li class=\"keypoints__item\" role=\"listitem\">L x H x P : 68 x 182.5 x 72.5 cm<\/li>\n<li class=\"keypoints__item\" role=\"listitem\">R\u00e9glage temp\u00e9rature : \u00e9lectronique via \u00e9cran &#8211; Nombre de zones : 1 zone<\/li>\n<li class=\"keypoints__item\" role=\"listitem\">Niveau sonore : Tr\u00e8s Silencieux (35dB)<\/li>\n<li class=\"keypoints__item keypoints__item--advantage\" role=\"listitem\"><strong>Le + :<\/strong> Une cave astucieuse am\u00e9nag\u00e9e pour votre quotidien, une seule clayette pour toutes vos bouteilles<\/li>\n<\/ul>\n<\/div>","protected":false},"featured_media":34769,"template":"","meta":{"_glsr_average":0,"_glsr_ranking":0,"_glsr_reviews":0},"product_cat":[272],"product_tag":[195,273,131],"class_list":{"0":"post-39682","1":"product","2":"type-product","3":"status-publish","4":"has-post-thumbnail","6":"product_cat-cave-de-vieillissement","7":"product_tag-cave-a-vin","8":"product_tag-cave-de-vieillissement","9":"product_tag-gros-electromenager","11":"first","12":"instock","13":"sale","14":"shipping-taxable","15":"purchasable","16":"product-type-simple"},"_links":{"self":[{"href":"https:\/\/electromenagerexpress.com\/en\/wp-json\/wp\/v2\/product\/39682","targetHints":{"allow":["GET"]}}],"collection":[{"href":"https:\/\/electromenagerexpress.com\/en\/wp-json\/wp\/v2\/product"}],"about":[{"href":"https:\/\/electromenagerexpress.com\/en\/wp-json\/wp\/v2\/types\/product"}],"wp:featuredmedia":[{"embeddable":true,"href":"https:\/\/electromenagerexpress.com\/en\/wp-json\/wp\/v2\/media\/34769"}],"wp:attachment":[{"href":"https:\/\/electromenagerexpress.com\/en\/wp-json\/wp\/v2\/media?parent=39682"}],"wp:term":[{"taxonomy":"product_cat","embeddable":true,"href":"https:\/\/electromenagerexpress.com\/en\/wp-json\/wp\/v2\/product_cat?post=39682"},{"taxonomy":"product_tag","embeddable":true,"href":"https:\/\/electromenagerexpress.com\/en\/wp-json\/wp\/v2\/product_tag?post=39682"}],"curies":[{"name":"wp","href":"https:\/\/api.w.org\/{rel}","templated":true}]}}