{"id":39635,"date":"2024-11-21T15:37:04","date_gmt":"2024-11-21T15:37:04","guid":{"rendered":"https:\/\/electromenagerexpress.com\/product\/micro-ondes-grill-encastrable-tekaml825tfl\/"},"modified":"2025-03-14T18:12:53","modified_gmt":"2025-03-14T18:12:53","slug":"micro-ondes-grill-encastrable-tekaml825tfl","status":"publish","type":"product","link":"https:\/\/electromenagerexpress.com\/en\/product\/micro-ondes-grill-encastrable-tekaml825tfl\/","title":{"rendered":"Micro ondes grill encastrable \t\t\t\t\t\t\tTEKA\t\t\t\tML825TFL"},"content":{"rendered":"<div class=\"product-features__content\">\n<ul role=\"list\">\n<li class=\"product-features__item\" role=\"listitem\">\n<h3 class=\"product-features__label\">Choisir ce produit pour quel usage ?<\/h3>\n<ul role=\"list\">\n<li class=\"product-features__item-list__item\" role=\"listitem\"><span class=\"is--medium\">Installation :<\/span> encastrable<\/li>\n<li class=\"product-features__item-list__item\" role=\"listitem\"><span class=\"is--medium\">Id\u00e9al pour :<\/span> r\u00e9chauffer, d\u00e9congeler et gr\u00e2tiner vos plats et pizzas<\/li>\n<li class=\"product-features__item-list__item\" role=\"listitem\"><span class=\"is--medium\">A quoi \u00e7a sert :<\/span> la fonction grill permet de retrouver le croustillant des plats<\/li>\n<li class=\"product-features__item-list__item\" role=\"listitem\"><span class=\"is--medium\">Volume :<\/span> 25 L<\/li>\n<li class=\"product-features__item-list__item\" role=\"listitem\"><span class=\"is--medium\">Adapt\u00e9 pour :<\/span> une assiette<\/li>\n<\/ul>\n<\/li>\n<li class=\"product-features__item\" role=\"listitem\">\n<h3 class=\"product-features__label\">Cuisiner avec la fonction four<\/h3>\n<ul role=\"list\">\n<li class=\"product-features__item-list__item\" role=\"listitem\"><span class=\"is--medium\">Maintien au chaud :<\/span> Non<\/li>\n<li class=\"product-features__item-list__item\" role=\"listitem\"><span class=\"is--medium\">Menus pr\u00e9programm\u00e9s du four :<\/span> 0<\/li>\n<\/ul>\n<\/li>\n<li class=\"product-features__item\" role=\"listitem\">\n<h3 class=\"product-features__label\">Fonctions du micro ondes<\/h3>\n<ul role=\"list\">\n<li class=\"product-features__item-list__item\" role=\"listitem\"><span class=\"is--medium\">Grill :<\/span> Oui<\/li>\n<li class=\"product-features__item-list__item\" role=\"listitem\"><span class=\"is--medium\">Puissance du grill :<\/span> 1.000 W<\/li>\n<li class=\"product-features__item-list__item\" role=\"listitem\"><span class=\"is--medium\">D\u00e9cong\u00e9lation :<\/span> automatique, permet d&rsquo;adapter automatiquement la dur\u00e9e en indiquant le type et le poids des aliments<\/li>\n<li class=\"product-features__item-list__item\" role=\"listitem\"><span class=\"is--medium\">Menus pr\u00e9programm\u00e9s du micro ondes :<\/span> 8<\/li>\n<li class=\"product-features__item-list__item\" role=\"listitem\"><span class=\"is--medium\">Fonctions :<\/span> cuisson rapide, cuisson automatique, r\u00e9chauffage rapide<\/li>\n<li class=\"product-features__item-list__item\" role=\"listitem\"><span class=\"is--medium\">Puissance du micro ondes :<\/span> 1.450 W<\/li>\n<li class=\"product-features__item-list__item\" role=\"listitem\"><span class=\"is--medium\">Le saviez vous ? :<\/span> Il faut diff\u00e9rentes puissances selon le plat<\/li>\n<\/ul>\n<\/li>\n<li class=\"product-features__item\" role=\"listitem\">\n<h3 class=\"product-features__label\">Nettoyage \/ entretien<\/h3>\n<ul role=\"list\">\n<li class=\"product-features__item-list__item\" role=\"listitem\"><span class=\"is--medium\">Mati\u00e8re de la cavit\u00e9 :<\/span> inox, est une mati\u00e8re r\u00e9sistante avec une longue dur\u00e9e de vie<\/li>\n<li class=\"product-features__item-list__item\" role=\"listitem\"><span class=\"is--medium\">Nettoyage :<\/span> manuel, peut \u00eatre simplifi\u00e9 avec un bol d&rsquo;eau et un jus de citron chauff\u00e9 au micro ondes pour ramollir les r\u00e9sidus<\/li>\n<\/ul>\n<\/li>\n<li class=\"product-features__item\" role=\"listitem\">\n<h3 class=\"product-features__label\">Equipement et confort d&rsquo;utilisation<\/h3>\n<ul role=\"list\">\n<li class=\"product-features__item-list__item\" role=\"listitem\"><span class=\"is--medium\">Am\u00e9nagement int\u00e9rieur :<\/span> plateau tournant pour r\u00e9chauffer de fa\u00e7on homog\u00e8ne<\/li>\n<li class=\"product-features__item-list__item\" role=\"listitem\"><span class=\"is--medium\">Diam\u00e8tre du plateau :<\/span> 31,5 cm en verre<\/li>\n<li class=\"product-features__item-list__item\" role=\"listitem\"><span class=\"is--medium\">Type de commande :<\/span> tactile ,esth\u00e9tique , intuitif , nettoyage facile et un r\u00e9glage plus pr\u00e9cis<\/li>\n<li class=\"product-features__item-list__item\" role=\"listitem\"><span class=\"is--medium\">Affichage de l&rsquo;heure :<\/span> Oui<\/li>\n<li class=\"product-features__item-list__item\" role=\"listitem\"><span class=\"is--medium\">S\u00e9curit\u00e9 enfant :<\/span> Oui<\/li>\n<li class=\"product-features__item-list__item\" role=\"listitem\"><span class=\"is--medium\">Le saviez vous ? :<\/span> Certaines mati\u00e8res ne sont pas conseill\u00e9es au micro-ondes : mati\u00e8res m\u00e9talliques, plastique non compatible, la terre cuite ou encore le cristal<\/li>\n<li class=\"product-features__item-list__item\" role=\"listitem\"><span class=\"is--medium\">Connect\u00e9 :<\/span> Non<\/li>\n<\/ul>\n<\/li>\n<li class=\"product-features__item\" role=\"listitem\">\n<h3 class=\"product-features__label\">Finition et design<\/h3>\n<ul role=\"list\">\n<li class=\"product-features__item-list__item\" role=\"listitem\"><span class=\"is--medium\">Type d&rsquo;ouverture :<\/span> lat\u00e9rale avec bouton<\/li>\n<li class=\"product-features__item-list__item\" role=\"listitem\"><span class=\"is--medium\">Couleur :<\/span> Noir<\/li>\n<li class=\"product-features__item-list__item\" role=\"listitem\"><span class=\"is--medium\">Eclairage int\u00e9rieur :<\/span> Oui<\/li>\n<\/ul>\n<\/li>\n<li class=\"product-features__item\" role=\"listitem\">\n<h3 class=\"product-features__label\">Dimensions<\/h3>\n<ul role=\"list\">\n<li class=\"product-features__item-list__item\" role=\"listitem\"><span class=\"is--medium\">L x H x P :<\/span> 59.5 x 38.4 x 39.2 cm<\/li>\n<li class=\"product-features__item-list__item\" role=\"listitem\"><span class=\"is--medium\">Poids net :<\/span> 17,6 kg<\/li>\n<li class=\"product-features__item-list__item\" role=\"listitem\"><span class=\"is--medium\">Hauteur niche d&rsquo;encastrement :<\/span> Micro ondes hauteur 38 cm<\/li>\n<li class=\"product-features__item-list__item\" role=\"listitem\"><span class=\"is--medium\">Le saviez vous ? :<\/span> Prenez soin de laisser un espace minimum de 10cm \u00e0 l&rsquo;arri\u00e8re de l&rsquo;appareil et de 20cm au dessus pour \u00e9viter la surchauffe<\/li>\n<\/ul>\n<\/li>\n<li class=\"product-features__item\" role=\"listitem\">\n<h3 class=\"product-features__label\">Informations compl\u00e9mentaires<\/h3>\n<ul role=\"list\">\n<li class=\"product-features__item-list__item\" role=\"listitem\"><span class=\"is--medium\">Fabriqu\u00e9 en :<\/span> Chine<\/li>\n<li class=\"product-features__item-list__item\" role=\"listitem\"><span class=\"is--medium\">Disponibilit\u00e9 des pi\u00e8ces d\u00e9tach\u00e9es (donn\u00e9es fournisseur) :<\/span> Pendant 11 ans, \u00e0 compter de la date d&rsquo;achat<\/li>\n<li class=\"product-features__item-list__item\" role=\"listitem\"><span class=\"is--medium\">Le saviez vous ? :<\/span> Selon la norme NFC 15-100, le micro ondes doit \u00eatre branch\u00e9 sur une prise ind\u00e9pendante de 20A<\/li>\n<\/ul>\n<\/li>\n<\/ul>\n<\/div>\n<div class=\"product__disclosure-content\">\n<div class=\"js-read-more product-description__content read-more read-more--truncated\" style=\"max-height: 500px; overflow: hidden;\" data-read-more-name=\"description\">\n<p>Un four \u00e0 micro-ondes puissant pour cuire et gratiner vos plats, c&rsquo;est possible gr\u00e2ce \u00e0 l&rsquo;innovation de Teka qui met \u00e0 votre disposition le four \u00e0 micro-ondes ML 825 TFL.<\/p>\n<h3><img fetchpriority=\"high\" decoding=\"async\" class=\"wy_tableau_gauche\" src=\"https:\/\/boulanger.scene7.com\/is\/image\/Boulanger\/8421152149188_h_f_l_0?wid=400&amp;hei=270\" alt=\"MO Enc. TEKA ML825TFL\" width=\"400\" height=\"270\" \/>Polyvalence et pr\u00e9cision<\/h3>\n<p>Avec <b>cinq niveaux de puissance<\/b>, le four \u00e0 micro-ondes ML 825 TFL de Teka vous offre un <b>vaste \u00e9ventail d&rsquo;options qui s&rsquo;adaptent \u00e0 tous vos go\u00fbts<\/b> et vos envies. Avec trois fonctions de cuisson, vous pouvez <b>r\u00e9chauffer, griller et maintenir vos plats au chaud comme vous le souhaitez<\/b> ; de leur c\u00f4t\u00e9, les nombreuses puissances de grill et de micro-ondes de l&rsquo;appareil vous permettent d&rsquo;adapter la puissance de votre micro-ondes ML 825 TFL pour sublimer tous vos plats.<\/p>\n<p>Avec son <b>volume utile de 25 litres<\/b>, le four \u00e0 micro-ondes ML 825 TFL laisse libre cours \u00e0 vos envies culinaires. Sa <b>cavit\u00e9 en inox<\/b> a \u00e9t\u00e9 pens\u00e9e par Teka pour \u00eatre nettoy\u00e9e facilement tandis que son plateau tournant permet d&rsquo;<b>optimiser la cuisson ou le maintien au chaud<\/b>.<\/p>\n<h3><img decoding=\"async\" class=\"wy_tableau_right\" src=\"https:\/\/boulanger.scene7.com\/is\/image\/Boulanger\/8421152149188_h_f_l_1?wid=400&amp;hei=270\" alt=\"MO Enc. TEKA ML825TFL\" width=\"400\" height=\"270\" \/>Intuitivit\u00e9 et simplicit\u00e9 d&rsquo;utilisation<\/h3>\n<p>L&rsquo;innovation Teka dote le four \u00e0 micro-ondes ML 825 TFL d&rsquo;une <b>technologie Full Touch qui vous garantit un contr\u00f4le parfait de l&rsquo;appareil<\/b> aussi bien pour le d\u00e9marrage que pour l&rsquo;arr\u00eat de la cuisson. Son \u00e9clairage interne vous permet de jauger la cuisson de vos plats en un clin d&rsquo;oeil tandis que sa double porte vitr\u00e9e vous garantit s\u00e9curit\u00e9 et s\u00e9r\u00e9nit\u00e9.<\/p>\n<p>C\u00f4t\u00e9 design, Teka signe avec le four \u00e0 micro-ondes ML 825 TFL <b>un appareil \u00e9l\u00e9gant et compact qui s&rsquo;int\u00e9grera parfaitement dans toutes les cuisines<\/b>. L&rsquo;\u00e9cran lumineux du four \u00e0 micro-ondes ML 825 TFL vous permet de <b>r\u00e9gler les param\u00e8tres de cuisson en un clin d&rsquo;oeil<\/b> tandis qu&rsquo;un menu en acc\u00e8s rapide vous propose de nombreuses options pour s&rsquo;adapter \u00e0 vos envies.<\/p>\n<\/div>\n<p>&nbsp;<\/p>\n<\/div>","protected":false},"excerpt":{"rendered":"<div class=\"keypoints\">\n<h3 class=\"keypoints__title\">Les points cl\u00e9s<\/h3>\n<ul role=\"list\">\n<li class=\"keypoints__item\" role=\"listitem\">r\u00e9chauffer, d\u00e9congeler et gr\u00e2tiner vos plats et pizzas<\/li>\n<li class=\"keypoints__item\" role=\"listitem\">L x H x P : 59.5 x 38.4 x 39.2 cm &#8211; Diam\u00e8tre du plateau : 31,5 cm en verre<\/li>\n<li class=\"keypoints__item\" role=\"listitem\">tactile &#8211; Menus pr\u00e9programm\u00e9s du micro ondes : 8<\/li>\n<li class=\"keypoints__item\" role=\"listitem\">Puissance du micro ondes : 1.450 W<\/li>\n<li class=\"keypoints__item keypoints__item--advantage\" role=\"listitem\"><strong>Le + :<\/strong> panneau de contr\u00f4le avec commandes Full Tuch,temporisateur \u00e9lectronique et \u00e9cran.<\/li>\n<\/ul>\n<\/div>","protected":false},"featured_media":34334,"template":"","meta":{"_glsr_average":0,"_glsr_ranking":0,"_glsr_reviews":0},"product_cat":[267],"product_tag":[230,268,269],"class_list":{"0":"post-39635","1":"product","2":"type-product","3":"status-publish","4":"has-post-thumbnail","6":"product_cat-micro-ondes-encastrable","7":"product_tag-cuisine-et-cuisson","8":"product_tag-micro-ondes","9":"product_tag-micro-ondes-encastrable","11":"first","12":"instock","13":"sale","14":"shipping-taxable","15":"purchasable","16":"product-type-simple"},"_links":{"self":[{"href":"https:\/\/electromenagerexpress.com\/en\/wp-json\/wp\/v2\/product\/39635","targetHints":{"allow":["GET"]}}],"collection":[{"href":"https:\/\/electromenagerexpress.com\/en\/wp-json\/wp\/v2\/product"}],"about":[{"href":"https:\/\/electromenagerexpress.com\/en\/wp-json\/wp\/v2\/types\/product"}],"wp:featuredmedia":[{"embeddable":true,"href":"https:\/\/electromenagerexpress.com\/en\/wp-json\/wp\/v2\/media\/34334"}],"wp:attachment":[{"href":"https:\/\/electromenagerexpress.com\/en\/wp-json\/wp\/v2\/media?parent=39635"}],"wp:term":[{"taxonomy":"product_cat","embeddable":true,"href":"https:\/\/electromenagerexpress.com\/en\/wp-json\/wp\/v2\/product_cat?post=39635"},{"taxonomy":"product_tag","embeddable":true,"href":"https:\/\/electromenagerexpress.com\/en\/wp-json\/wp\/v2\/product_tag?post=39635"}],"curies":[{"name":"wp","href":"https:\/\/api.w.org\/{rel}","templated":true}]}}