{"id":39622,"date":"2024-11-21T15:36:33","date_gmt":"2024-11-21T15:36:33","guid":{"rendered":"https:\/\/electromenagerexpress.com\/product\/micro-ondes-combine-encastrable-samsung-nq5b6753cak-bespoke\/"},"modified":"2025-03-14T11:23:40","modified_gmt":"2025-03-14T11:23:40","slug":"micro-ondes-combine-encastrable-samsung-nq5b6753cak-bespoke","status":"publish","type":"product","link":"https:\/\/electromenagerexpress.com\/en\/product\/micro-ondes-combine-encastrable-samsung-nq5b6753cak-bespoke\/","title":{"rendered":"Micro ondes combin\u00e9 encastrable SAMSUNG \tNQ5B6753CAK Bespoke"},"content":{"rendered":"<div class=\"product-features__content\">\n<ul role=\"list\">\n<li class=\"product-features__item\" role=\"listitem\">\n<h3 class=\"product-features__label\">Choisir ce produit pour quel usage ?<\/h3>\n<ul role=\"list\">\n<li class=\"product-features__item-list__item\" role=\"listitem\"><span class=\"is--medium\">Installation :<\/span> encastrable<\/li>\n<li class=\"product-features__item-list__item\" role=\"listitem\"><span class=\"is--medium\">Id\u00e9al pour :<\/span> r\u00e9chauffer, d\u00e9congeler, gr\u00e2tiner vos plats, vos pizzas et cuisiner avec la fonction four<\/li>\n<li class=\"product-features__item-list__item\" role=\"listitem\"><span class=\"is--medium\">A quoi \u00e7a sert :<\/span> permet de combiner les fonctionnalit\u00e9s du micro ondes et du four<\/li>\n<li class=\"product-features__item-list__item\" role=\"listitem\"><span class=\"is--medium\">Volume :<\/span> 50 L<\/li>\n<li class=\"product-features__item-list__item\" role=\"listitem\"><span class=\"is--medium\">Adapt\u00e9 pour :<\/span> plat lasagnes<\/li>\n<\/ul>\n<\/li>\n<li class=\"product-features__item\" role=\"listitem\">\n<h3 class=\"product-features__label\">Cuisiner avec la fonction four<\/h3>\n<ul role=\"list\">\n<li class=\"product-features__item-list__item\" role=\"listitem\"><span class=\"is--medium\">Mode de cuisson :<\/span> chaleur tournante<\/li>\n<li class=\"product-features__item-list__item\" role=\"listitem\"><span class=\"is--medium\">Fonction vapeur avec g\u00e9n\u00e9rateur interne :<\/span> oui, avec g\u00e9n\u00e9rateur de vapeur interne, permet de cuisiner sainement vos l\u00e9gumes et poissons sans ajout de mati\u00e8re grasse<\/li>\n<li class=\"product-features__item-list__item\" role=\"listitem\"><span class=\"is--medium\">Maintien au chaud :<\/span> Oui<\/li>\n<li class=\"product-features__item-list__item\" role=\"listitem\"><span class=\"is--medium\">Fonction micro ondes et four simultan\u00e9e :<\/span> oui, permet de cuisiner vos plats plus rapidement<\/li>\n<li class=\"product-features__item-list__item\" role=\"listitem\"><span class=\"is--medium\">Menus pr\u00e9programm\u00e9s du four :<\/span> 20<\/li>\n<li class=\"product-features__item-list__item\" role=\"listitem\"><span class=\"is--medium\">Puissance du four :<\/span> 1.000 W<\/li>\n<\/ul>\n<\/li>\n<li class=\"product-features__item\" role=\"listitem\">\n<h3 class=\"product-features__label\">Fonctions du micro ondes<\/h3>\n<ul role=\"list\">\n<li class=\"product-features__item-list__item\" role=\"listitem\"><span class=\"is--medium\">Grill :<\/span> Oui<\/li>\n<li class=\"product-features__item-list__item\" role=\"listitem\"><span class=\"is--medium\">Puissance du grill :<\/span> 1.400 W<\/li>\n<li class=\"product-features__item-list__item\" role=\"listitem\"><span class=\"is--medium\">D\u00e9cong\u00e9lation :<\/span> automatique, permet d&rsquo;adapter automatiquement la dur\u00e9e en indiquant le type et le poids des aliments<\/li>\n<li class=\"product-features__item-list__item\" role=\"listitem\"><span class=\"is--medium\">Menus pr\u00e9programm\u00e9s du micro ondes :<\/span> 40<\/li>\n<li class=\"product-features__item-list__item\" role=\"listitem\"><span class=\"is--medium\">Fonctions :<\/span> maintien au chaud, cuisson automatique, fonction vapeur avec accessoires<\/li>\n<li class=\"product-features__item-list__item\" role=\"listitem\"><span class=\"is--medium\">Puissance du micro ondes :<\/span> 850 W<\/li>\n<li class=\"product-features__item-list__item\" role=\"listitem\"><span class=\"is--medium\">Le saviez vous ? :<\/span> Il faut diff\u00e9rentes puissances selon le plat<\/li>\n<\/ul>\n<\/li>\n<li class=\"product-features__item\" role=\"listitem\">\n<h3 class=\"product-features__label\">Nettoyage \/ entretien<\/h3>\n<ul role=\"list\">\n<li class=\"product-features__item-list__item\" role=\"listitem\"><span class=\"is--medium\">Mati\u00e8re de la cavit\u00e9 :<\/span> c\u00e9ramique, permet une facilit\u00e9 d&rsquo;entretien. Les projections se nettoient facilement avec un petit coup d&rsquo;\u00e9ponge<\/li>\n<li class=\"product-features__item-list__item\" role=\"listitem\"><span class=\"is--medium\">Nettoyage :<\/span> manuel, peut \u00eatre simplifi\u00e9 avec un bol d&rsquo;eau et un jus de citron chauff\u00e9 au micro ondes pour ramollir les r\u00e9sidus<\/li>\n<\/ul>\n<\/li>\n<li class=\"product-features__item\" role=\"listitem\">\n<h3 class=\"product-features__label\">Equipement et confort d&rsquo;utilisation<\/h3>\n<ul role=\"list\">\n<li class=\"product-features__item-list__item\" role=\"listitem\"><span class=\"is--medium\">Am\u00e9nagement int\u00e9rieur :<\/span> sans plateau, permet de r\u00e9chauffer tous types de plats de fa\u00e7on homog\u00e8ne gr\u00e2ce au rev\u00eatement de la cuve<\/li>\n<li class=\"product-features__item-list__item\" role=\"listitem\"><span class=\"is--medium\">Diam\u00e8tre du plateau :<\/span> sans plateau<\/li>\n<li class=\"product-features__item-list__item\" role=\"listitem\"><span class=\"is--medium\">Type de commande :<\/span> boutons<\/li>\n<li class=\"product-features__item-list__item\" role=\"listitem\"><span class=\"is--medium\">Affichage de l&rsquo;heure :<\/span> Oui<\/li>\n<li class=\"product-features__item-list__item\" role=\"listitem\"><span class=\"is--medium\">S\u00e9curit\u00e9 enfant :<\/span> Oui<\/li>\n<li class=\"product-features__item-list__item\" role=\"listitem\"><span class=\"is--medium\">Le saviez vous ? :<\/span> Certaines mati\u00e8res ne sont pas conseill\u00e9es au micro-ondes : mati\u00e8res m\u00e9talliques, plastique non compatible, la terre cuite ou encore le cristal<\/li>\n<li class=\"product-features__item-list__item\" role=\"listitem\"><span class=\"is--medium\">Connect\u00e9 :<\/span> Oui<\/li>\n<li class=\"product-features__item-list__item\" role=\"listitem\"><span class=\"is--medium\">Application :<\/span> SmartThings Cooking<\/li>\n<\/ul>\n<\/li>\n<li class=\"product-features__item\" role=\"listitem\">\n<h3 class=\"product-features__label\">Finition et design<\/h3>\n<ul role=\"list\">\n<li class=\"product-features__item-list__item\" role=\"listitem\"><span class=\"is--medium\">Type d&rsquo;ouverture :<\/span> abattante avec poign\u00e9e<\/li>\n<li class=\"product-features__item-list__item\" role=\"listitem\"><span class=\"is--medium\">Couleur :<\/span> Noir \/ Miroir<\/li>\n<li class=\"product-features__item-list__item\" role=\"listitem\"><span class=\"is--medium\">Couleur d&rsquo;affichage :<\/span> Blanc<\/li>\n<li class=\"product-features__item-list__item\" role=\"listitem\"><span class=\"is--medium\">Eclairage int\u00e9rieur :<\/span> Oui<\/li>\n<\/ul>\n<\/li>\n<li class=\"product-features__item\" role=\"listitem\">\n<h3 class=\"product-features__label\">Dimensions<\/h3>\n<ul role=\"list\">\n<li class=\"product-features__item-list__item\" role=\"listitem\"><span class=\"is--medium\">L x H x P :<\/span> 59.5 x 45.6 x 57 cm<\/li>\n<li class=\"product-features__item-list__item\" role=\"listitem\"><span class=\"is--medium\">Dimensions d&rsquo;encastrement l x h x p :<\/span> 56 x 44.6 x 54.9 cm<\/li>\n<li class=\"product-features__item-list__item\" role=\"listitem\"><span class=\"is--medium\">Poids net :<\/span> 39,9 kg<\/li>\n<li class=\"product-features__item-list__item\" role=\"listitem\"><span class=\"is--medium\">Poids Brut :<\/span> 48,80 Kg<\/li>\n<li class=\"product-features__item-list__item\" role=\"listitem\"><span class=\"is--medium\">Hauteur niche d&rsquo;encastrement :<\/span> Micro ondes hauteur 45 cm<\/li>\n<li class=\"product-features__item-list__item\" role=\"listitem\"><span class=\"is--medium\">Le saviez vous ? :<\/span> Prenez soin de laisser un espace minimum de 10cm \u00e0 l&rsquo;arri\u00e8re de l&rsquo;appareil et de 20cm au dessus pour \u00e9viter la surchauffe<\/li>\n<\/ul>\n<\/li>\n<li class=\"product-features__item\" role=\"listitem\">\n<h3 class=\"product-features__label\">Informations compl\u00e9mentaires<\/h3>\n<ul role=\"list\">\n<li class=\"product-features__item-list__item\" role=\"listitem\"><span class=\"is--medium\">Fabriqu\u00e9 en :<\/span> Malaisie<\/li>\n<li class=\"product-features__item-list__item\" role=\"listitem\"><span class=\"is--medium\">Disponibilit\u00e9 des pi\u00e8ces d\u00e9tach\u00e9es\u00a0 :<\/span> Pendant 10 ans, \u00e0 compter de la date d&rsquo;achat<\/li>\n<li class=\"product-features__item-list__item\" role=\"listitem\"><span class=\"is--medium\">Le saviez vous ? :<\/span> Selon la norme NFC 15-100, le micro ondes doit \u00eatre branch\u00e9 sur une prise ind\u00e9pendante de 20A<\/li>\n<\/ul>\n<\/li>\n<\/ul>\n<\/div>\n<div class=\"product__disclosure-content\">\n<div class=\"js-read-more product-description__content read-more read-more--truncated\" style=\"max-height: 500px; overflow: hidden;\" data-read-more-name=\"description\">\n<p>Tr\u00e8s puissant et polyvalent (catalogue de 40 fonctions automatiques), le micro-ondes combin\u00e9 Samsung NQ5B6753CAK va devenir un incontournable de votre quotidien. Con\u00e7ue en c\u00e9ramique \u00e9mail, sa cavit\u00e9 de 50L accueille tous vos plats, m\u00eame les plus grands. Vous appr\u00e9cierez aussi son utilisation intuitive (\u00e9cran TFT-LCD et bouton rotatif) ainsi que le confort d&rsquo;un contr\u00f4le \u00e0 distance par commande vocale (Google, Alexa, Bixby) via l&rsquo;application SmartThings de votre smartphone.<\/p>\n<h3>Samsung NQ5B6753CAK : place \u00e0 la cuisine !<\/h3>\n<p>La cavit\u00e9 c\u00e9ramique \u00e9mail de 50 litres offre non seulement de meilleures performances de cuisson mais aussi une excellente r\u00e9sistance \u00e0 l&rsquo;usure et \u00e0 l&rsquo;abrasion, tout en facilitant le nettoyage.<\/p>\n<h3>40 bonnes raisons de cuisiner au micro-ondes combin\u00e9<\/h3>\n<p>Affichant une puissance de 850 W en micro-ondes et une fonction gril et convection, le micro-ondes combin\u00e9 Samsung NQ5B6753CAK d\u00e9montre sa polyvalence au travers d&rsquo;un catalogue de 40 fonctions automatiques ! D\u00e9couvrez la technologie \u00a0\u00bb\u00a0Air Fry\u00a0\u00a0\u00bb qui, associ\u00e9e \u00e0 un panier d\u00e9di\u00e9, enveloppe les aliments et vous donne un r\u00e9sultat croustillant \u00e0 l&rsquo;ext\u00e9rieur, moelleux \u00e0 l&rsquo;int\u00e9rieur avec une simple touche d&rsquo;huile. Ce micro-ondes compact Samsung s&rsquo;accompagne aussi de quelques fonctions simples<\/p>\n<\/div>\n<\/div>\n<p>&nbsp;<\/p>\n<div class=\"product__disclosure-content\">\n<div class=\"js-read-more product-description__content read-more read-more--truncated\" style=\"max-height: 500px; overflow: hidden;\" data-read-more-name=\"description\">\n<p>&nbsp;<\/p>\n<p>&nbsp;<\/p>\n<p>mais pratiques, comme \u00a0\u00bb\u00a0Maintien au chaud\u00a0\u00a0\u00bb qui garde vos plats au chaud sans les cuire et \u00a0\u00bb\u00a0D\u00e9sodorisation\u00a0\u00a0\u00bb qui \u00e9limine les mauvaises odeurs en \u00e9vacuant l&rsquo;air hors de la cavit\u00e9.<\/p>\n<h3>Tendre et juteux gr\u00e2ce \u00e0 la vapeur<\/h3>\n<p>Avec le Pro Steamer, pr\u00e9parez facilement un repas \u00e0 la vapeur. Le couvercle antirouille bloque les rayons micro-ondes par le haut, de sorte que seul le r\u00e9servoir d&rsquo;eau et le fond du bol sont chauff\u00e9s. Les aliments ne sont donc chauff\u00e9s que par la vapeur de l&rsquo;eau bouillante et non directement par les rayons du micro-ondes<\/p>\n<h3>R\u00e9chauffez du bout des doigts<\/h3>\n<p>Ce qui fait la diff\u00e9rence au quotidien\u00a0? Sa connectivit\u00e9 Wi-Fi\u00a0! En effet, le micro-ondes combin\u00e9 Samsung NQ5B6753CAK\u00a0se connecte \u00e0 votre r\u00e9seau domestique pour \u00eatre contr\u00f4l\u00e9 \u00e0 distance, soit<\/p>\n<\/div>\n<p>&nbsp;<\/p>\n<div class=\"js-read-more product-description__content read-more read-more--truncated\" style=\"max-height: 500px; overflow: hidden;\" data-read-more-name=\"description\">\n<p>depuis l&rsquo;application SmartThings de votre smartphone, soit gr\u00e2ce aux assistants vocaux (Google, Alexa, Bixby*) directement int\u00e9gr\u00e9s. Parfait pour r\u00e9chauffer votre plat du midi en sortant du bureau\u00a0!<\/p>\n<p>* Une connexion Wi-Fi est requise Bixby est la marque d&rsquo;assistant vocal d&rsquo;intelligence artificielle (IA) \/ Internet des objets (IoT) de Samsung. La disponibilit\u00e9 du service Bixby peut varier selon les pays. Bixby reconna\u00eet les langues s\u00e9lectionn\u00e9es et certains accents\/dialectes\u00a0: anglais (\u00c9tats-Unis\/Royaume-Uni), mandarin, chinois et cor\u00e9en. La disponibilit\u00e9 des fonctionnalit\u00e9s et des fournisseurs de contenu de Bixby peut varier en fonction du pays\/op\u00e9rateur\/langue\/mod\u00e8le d&rsquo;appareil\/version du syst\u00e8me d&rsquo;exploitation. La liste des fonctionnalit\u00e9s pouvant \u00eatre contr\u00f4l\u00e9es par des commandes vocales via Bixby continuera de cro\u00eetre. Fonctionnalit\u00e9 mobile compatible avec la s\u00e9rie Samsung Galaxy 8 ou sup\u00e9rieure avec fonction Bixby. Connexion au compte Samsung et r\u00e9seau de donn\u00e9es (connexion Wi-Fi ou Internet) requis pour exploiter pleinement les fonctionnalit\u00e9s de Bixby. Les services d&rsquo;assistant vocal peuvent \u00eatre suspendus ou interrompus \u00e0 tout moment. *** Amazon, Alexa et tous les logos associ\u00e9s sont des marques commerciales d&rsquo;Amazon.com, Inc. ou de ses soci\u00e9t\u00e9s affili\u00e9es. Google est une marque d\u00e9pos\u00e9e de Google LLC<\/p>\n<h3>Un design in\u00e9dit, harmonieux et minimaliste<\/h3>\n<p>Samsung NQ5B6753CAK\u00a0: aussi beau qu&rsquo;intuitif. Recouvert d&rsquo;un noir profond sur toute sa vitre et son bandeau de contr\u00f4le, ce micro-ondes compact Bespoke joue la carte de l&rsquo;\u00e9l\u00e9gance avec un design minimaliste. Son \u00e9cran TFT-LCD 4,3&Prime; et son bouton rotatif se fondent harmonieusement pour vous assurer une utilisation simple et instinctive<\/p>\n<\/div>\n<p>&nbsp;<\/p>\n<\/div>","protected":false},"excerpt":{"rendered":"<div class=\"keypoints\">\n<h3 class=\"keypoints__title\">Les points cl\u00e9s<\/h3>\n<ul role=\"list\">\n<li class=\"keypoints__item\" role=\"listitem\">r\u00e9chauffer, d\u00e9congeler, gr\u00e2tiner vos plats, vos pizzas et cuisiner avec la fonction four<\/li>\n<li class=\"keypoints__item\" role=\"listitem\">L x H x P : 59.5 x 45.6 x 57 cm &#8211; Diam\u00e8tre du plateau : sans plateau<\/li>\n<li class=\"keypoints__item\" role=\"listitem\">boutons &#8211; Menus pr\u00e9programm\u00e9s du micro ondes : 40<\/li>\n<li class=\"keypoints__item\" role=\"listitem\">Puissance du micro ondes : 850 W<\/li>\n<li class=\"keypoints__item keypoints__item--advantage\" role=\"listitem\"><strong>Le + :<\/strong> gr\u00e2ce \u00e0 la cuisson Air-Fry, b\u00e9n\u00e9ficiez d&rsquo;une cuisinesaine et gourmande !<\/li>\n<\/ul>\n<\/div>","protected":false},"featured_media":34242,"template":"","meta":{"_glsr_average":0,"_glsr_ranking":0,"_glsr_reviews":0},"product_cat":[267],"product_tag":[230,268,269],"class_list":{"0":"post-39622","1":"product","2":"type-product","3":"status-publish","4":"has-post-thumbnail","6":"product_cat-micro-ondes-encastrable","7":"product_tag-cuisine-et-cuisson","8":"product_tag-micro-ondes","9":"product_tag-micro-ondes-encastrable","11":"first","12":"instock","13":"sale","14":"shipping-taxable","15":"purchasable","16":"product-type-simple"},"_links":{"self":[{"href":"https:\/\/electromenagerexpress.com\/en\/wp-json\/wp\/v2\/product\/39622","targetHints":{"allow":["GET"]}}],"collection":[{"href":"https:\/\/electromenagerexpress.com\/en\/wp-json\/wp\/v2\/product"}],"about":[{"href":"https:\/\/electromenagerexpress.com\/en\/wp-json\/wp\/v2\/types\/product"}],"wp:featuredmedia":[{"embeddable":true,"href":"https:\/\/electromenagerexpress.com\/en\/wp-json\/wp\/v2\/media\/34242"}],"wp:attachment":[{"href":"https:\/\/electromenagerexpress.com\/en\/wp-json\/wp\/v2\/media?parent=39622"}],"wp:term":[{"taxonomy":"product_cat","embeddable":true,"href":"https:\/\/electromenagerexpress.com\/en\/wp-json\/wp\/v2\/product_cat?post=39622"},{"taxonomy":"product_tag","embeddable":true,"href":"https:\/\/electromenagerexpress.com\/en\/wp-json\/wp\/v2\/product_tag?post=39622"}],"curies":[{"name":"wp","href":"https:\/\/api.w.org\/{rel}","templated":true}]}}