{"id":39616,"date":"2024-11-21T15:36:24","date_gmt":"2024-11-21T15:36:24","guid":{"rendered":"https:\/\/electromenagerexpress.com\/product\/micro-ondes-encastrable-askoom8437a2\/"},"modified":"2024-11-21T15:36:24","modified_gmt":"2024-11-21T15:36:24","slug":"micro-ondes-encastrable-askoom8437a2","status":"publish","type":"product","link":"https:\/\/electromenagerexpress.com\/en\/product\/micro-ondes-encastrable-askoom8437a2\/","title":{"rendered":"Micro ondes encastrable \t\t\t\t\t\t\tASKO\t\t\t\tOM8437A2"},"content":{"rendered":"<div class=\"product-features__content\">\n<ul role=\"list\">\n<li class=\"product-features__item\" role=\"listitem\">\n<h3 class=\"product-features__label\">Choisir ce produit pour quel usage ?<\/h3>\n<ul role=\"list\">\n<li class=\"product-features__item-list__item\" role=\"listitem\"><span class=\"is--medium\">Installation :<\/span> encastrable\t\t\t\t\t<\/li>\n<li class=\"product-features__item-list__item\" role=\"listitem\"><span class=\"is--medium\">Id\u00e9al pour :<\/span> r\u00e9chauffer et d\u00e9congeler\t\t\t\t\t<\/li>\n<li class=\"product-features__item-list__item\" role=\"listitem\"><span class=\"is--medium\">Volume :<\/span> 53 L\t\t\t\t\t<\/li>\n<li class=\"product-features__item-list__item\" role=\"listitem\"><span class=\"is--medium\">Adapt\u00e9 pour :<\/span> plat lasagnes\t\t\t\t\t<\/li>\n<\/ul>\n<\/li>\n<li class=\"product-features__item\" role=\"listitem\">\n<h3 class=\"product-features__label\">Cuisiner avec la fonction four<\/h3>\n<ul role=\"list\">\n<li class=\"product-features__item-list__item\" role=\"listitem\"><span class=\"is--medium\">Maintien au chaud :<\/span> Non\t\t\t\t\t<\/li>\n<\/ul>\n<\/li>\n<li class=\"product-features__item\" role=\"listitem\">\n<h3 class=\"product-features__label\">Fonctions du micro ondes<\/h3>\n<ul role=\"list\">\n<li class=\"product-features__item-list__item\" role=\"listitem\"><span class=\"is--medium\">Grill :<\/span> Non\t\t\t\t\t<\/li>\n<li class=\"product-features__item-list__item\" role=\"listitem\"><span class=\"is--medium\">D\u00e9cong\u00e9lation :<\/span> automatique, permet d&rsquo;adapter automatiquement la dur\u00e9e en indiquant le type et le poids des aliments\t\t\t\t\t<\/li>\n<li class=\"product-features__item-list__item\" role=\"listitem\"><span class=\"is--medium\">Menus pr\u00e9programm\u00e9s du micro ondes :<\/span> 3\t\t\t\t\t<\/li>\n<li class=\"product-features__item-list__item\" role=\"listitem\"><span class=\"is--medium\">Fonctions :<\/span> cuisson rapide, r\u00e9chauffage rapide\t\t\t\t\t<\/li>\n<li class=\"product-features__item-list__item\" role=\"listitem\"><span class=\"is--medium\">Puissance du micro ondes :<\/span> 2.200 W\t\t\t\t\t<\/li>\n<li class=\"product-features__item-list__item\" role=\"listitem\"><span class=\"is--medium\">Le saviez vous ? :<\/span> Il faut diff\u00e9rentes puissances selon le plat\t\t\t\t\t<\/li>\n<li class=\"product-features__item-list__item\" role=\"listitem\"><span class=\"is--medium\">Id\u00e9es recettes :<\/span> <a href=\"https:\/\/commeunchef.boulanger.com\/recettes\/\" target=\"_blank\">En sa<\/a><\/li>\n<\/ul>\n<\/li>\n<li class=\"product-features__item\" role=\"listitem\">\n<h3 class=\"product-features__label\">Nettoyage \/ entretien<\/h3>\n<ul role=\"list\">\n<li class=\"product-features__item-list__item\" role=\"listitem\"><span class=\"is--medium\">Mati\u00e8re de la cavit\u00e9 :<\/span> \u00e9maill\u00e9\t\t\t\t\t<\/li>\n<\/ul>\n<\/li>\n<li class=\"product-features__item\" role=\"listitem\">\n<h3 class=\"product-features__label\">Equipement et confort d&rsquo;utilisation<\/h3>\n<ul role=\"list\">\n<li class=\"product-features__item-list__item\" role=\"listitem\"><span class=\"is--medium\">Am\u00e9nagement int\u00e9rieur :<\/span> sans plateau, permet de r\u00e9chauffer tous types de plats de fa\u00e7on homog\u00e8ne gr\u00e2ce au rev\u00eatement de la cuve\t\t\t\t\t<\/li>\n<li class=\"product-features__item-list__item\" role=\"listitem\"><span class=\"is--medium\">Diam\u00e8tre du plateau :<\/span> sans plateau\t\t\t\t\t<\/li>\n<li class=\"product-features__item-list__item\" role=\"listitem\"><span class=\"is--medium\">Le saviez vous ? :<\/span> Certaines mati\u00e8res ne sont pas conseill\u00e9es au micro-ondes : mati\u00e8res m\u00e9talliques, plastique non compatible, la terre cuite ou encore le cristal\t\t\t\t\t<\/li>\n<li class=\"product-features__item-list__item\" role=\"listitem\"><span class=\"is--medium\">Connect\u00e9 :<\/span> Non\t\t\t\t\t<\/li>\n<\/ul>\n<\/li>\n<li class=\"product-features__item\" role=\"listitem\">\n<h3 class=\"product-features__label\">Finition et design<\/h3>\n<ul role=\"list\">\n<li class=\"product-features__item-list__item\" role=\"listitem\"><span class=\"is--medium\">Type d&rsquo;ouverture :<\/span> abattante avec poign\u00e9e\t\t\t\t\t<\/li>\n<li class=\"product-features__item-list__item\" role=\"listitem\"><span class=\"is--medium\">Couleur :<\/span> Noir mat\t\t\t\t\t<\/li>\n<\/ul>\n<\/li>\n<li class=\"product-features__item\" role=\"listitem\">\n<h3 class=\"product-features__label\">Dimensions<\/h3>\n<ul role=\"list\">\n<li class=\"product-features__item-list__item\" role=\"listitem\"><span class=\"is--medium\">L x H x P :<\/span> 59.5 x 45.5 x 54.6 cm\t\t\t\t\t<\/li>\n<li class=\"product-features__item-list__item\" role=\"listitem\"><span class=\"is--medium\">Poids net :<\/span> 31,2 kg\t\t\t\t\t<\/li>\n<li class=\"product-features__item-list__item\" role=\"listitem\"><span class=\"is--medium\">Poids Brut :<\/span> 35,90 Kg\t\t\t\t\t<\/li>\n<li class=\"product-features__item-list__item\" role=\"listitem\"><span class=\"is--medium\">Hauteur niche d&rsquo;encastrement :<\/span> Micro ondes hauteur 45 cm\t\t\t\t\t<\/li>\n<li class=\"product-features__item-list__item\" role=\"listitem\"><span class=\"is--medium\">Le saviez vous ? :<\/span> Prenez soin de laisser un espace minimum de 10cm \u00e0 l&rsquo;arri\u00e8re de l&rsquo;appareil et de 20cm au dessus pour \u00e9viter la surchauffe\t\t\t\t\t<\/li>\n<\/ul>\n<\/li>\n<li class=\"product-features__item\" role=\"listitem\">\n<h3 class=\"product-features__label\">Informations compl\u00e9mentaires<\/h3>\n<ul role=\"list\">\n<li class=\"product-features__item-list__item\" role=\"listitem\"><span class=\"is--medium\">Fabriqu\u00e9 en :<\/span> Slov\u00e9nie\t\t\t\t\t<\/li>\n<li class=\"product-features__item-list__item\" role=\"listitem\"><span class=\"is--medium\">Disponibilit\u00e9 des pi\u00e8ces d\u00e9tach\u00e9es (donn\u00e9es fournisseur) :<\/span> Pendant 15 ans, \u00e0 compter de la date d&rsquo;achat\t\t\t\t\t<\/li>\n<li class=\"product-features__item-list__item\" role=\"listitem\"><span class=\"is--medium\">Le saviez vous ? :<\/span> Selon la norme NFC 15-100, le micro ondes doit \u00eatre branch\u00e9 sur une prise ind\u00e9pendante de 20A\t\t\t\t\t<\/li>\n<\/ul>\n<\/li>\n<\/ul>\n<\/div>\n<div class=\"product__disclosure-content\">\n<div class=\"js-read-more product-description__content read-more read-more--truncated\" data-read-more-name=\"description\" style=\"max-height: 500px; overflow: hidden;\">\n<div class=\"product__description-content read-more\" style=\"\">\n<p>Micro-ondes encastrable ASKO OM8437A2 : l&rsquo;alliance de l&rsquo;\u00e9l\u00e9gance et de la performance<\/p>\n<h3> <img fetchpriority=\"high\" decoding=\"async\" ,=\"\" alt=\"Micro ondes encastrable ASKO OM8437A2\" class=\"wy_tableau_gauche\" height=\"270\" src=\"https:\/\/boulanger.scene7.com\/is\/image\/Boulanger\/3838782724459_h_f_l_0?wid=400&amp;hei=270\" width=\"400\"\/>Design sophistiqu\u00e9 et cuisson de pr\u00e9cision                    <\/h3>\n<p>                        Le Micro-ondes encastrable ASKO OM8437A2, avec son fini noir graphite mat, s&rsquo;int\u00e8gre parfaitement dans les cuisines modernes gr\u00e2ce \u00e0 sa construction monobloc. Con\u00e7u pour une installation harmonieuse, il s&rsquo;adapte aussi bien sous un plan de travail que dans une colonne, avec des dimensions d&rsquo;encastrement optimis\u00e9es (H 450 x L 560-568 x P 550 mm). La porte temp\u00e9r\u00e9e \u00e0 trois vitres et les r\u00e9flecteurs de chaleur assurent une s\u00e9curit\u00e9 accrue, tandis que l&rsquo;int\u00e9rieur en \u00e9mail ultra lisse facilite le nettoyage. La technologie innovante avec onduleur et antenne tournante garantit une cuisson micro-ondes homog\u00e8ne, pr\u00e9servant la qualit\u00e9 et la saveur des aliments.                    <\/p>\n<\/p>\n<h3> <img decoding=\"async\" ,=\"\" alt=\"Micro ondes encastrable ASKO OM8437A2\" class=\"wy_tableau_right\" height=\"270\" src=\"https:\/\/boulanger.scene7.com\/is\/image\/Boulanger\/3838782724459_h_f_l_3?wid=400&amp;hei=270\" width=\"400\"\/>Fonctionnalit\u00e9s avanc\u00e9es pour une exp\u00e9rience utilisateur am\u00e9lior\u00e9e                    <\/h3>\n<p>                        Ce mod\u00e8le offre une capacit\u00e9 g\u00e9n\u00e9reuse de 53 litres et six fonctions pratiques, dont la d\u00e9cong\u00e9lation de surgel\u00e9s et le r\u00e9chauffage de repas, avec six niveaux de puissance allant de 90 \u00e0 1000 W. L&rsquo;\u00e9cran Prime-LED, associ\u00e9 \u00e0 une navigation intuitive par boutons, facilite la s\u00e9lection des programmes, tandis que le double \u00e9clairage permet de surveiller la cuisson sans ouvrir la porte. Le nettoyage AquaClean par hydrolyse repr\u00e9sente un atout consid\u00e9rable, simplifiant l&rsquo;entretien de l&rsquo;appareil. Avec des caract\u00e9ristiques pens\u00e9es pour la commodit\u00e9, telles que les pieds r\u00e9glables et le ventilateur de refroidissement du panneau de commande, le Micro-ondes ASKO OM8437A2 est un choix de pr\u00e9dilection pour ceux qui recherchent un appareil encastrable fiable et facile \u00e0 utiliser.                    <\/p>\n<\/p><\/div>\n<\/p>\n<\/div>\n<p><bl-button a11yexpanded=\"false\" arialabel=\"Afficher toute la description\" class=\"read-more__btn\" full=\"false\" link=\"true\"><\/bl-button><\/div>","protected":false},"excerpt":{"rendered":"<div class=\"keypoints\">\n<h3 class=\"keypoints__title\">Les points cl\u00e9s<\/h3>\n<ul role=\"list\">\n<li class=\"keypoints__item\" role=\"listitem\">                                        r\u00e9chauffer et d\u00e9congeler                      <\/li>\n<li class=\"keypoints__item\" role=\"listitem\">                          L x H x P : 59.5 x 45.5 x 54.6 cm &#8211;                                                      Diam\u00e8tre du plateau : sans plateau                      <\/li>\n<li class=\"keypoints__item\" role=\"listitem\">                          bouton et tactile &#8211;                                                      Menus pr\u00e9programm\u00e9s du micro ondes : 3                      <\/li>\n<li class=\"keypoints__item\" role=\"listitem\">                                        Puissance du micro ondes : 2.200 W                      <\/li>\n<li class=\"keypoints__item keypoints__item--advantage\" role=\"listitem\"><strong>Le + :<\/strong> Syst\u00e8me sans plateau tournant pour s&rsquo;adapter aux plus grands plats      <\/li>\n<\/ul>","protected":false},"featured_media":34216,"template":"","meta":{"_glsr_average":0,"_glsr_ranking":0,"_glsr_reviews":0},"product_cat":[267],"product_tag":[230,268,269],"class_list":{"0":"post-39616","1":"product","2":"type-product","3":"status-publish","4":"has-post-thumbnail","6":"product_cat-micro-ondes-encastrable","7":"product_tag-cuisine-et-cuisson","8":"product_tag-micro-ondes","9":"product_tag-micro-ondes-encastrable","11":"first","12":"instock","13":"sale","14":"shipping-taxable","15":"purchasable","16":"product-type-simple"},"_links":{"self":[{"href":"https:\/\/electromenagerexpress.com\/en\/wp-json\/wp\/v2\/product\/39616","targetHints":{"allow":["GET"]}}],"collection":[{"href":"https:\/\/electromenagerexpress.com\/en\/wp-json\/wp\/v2\/product"}],"about":[{"href":"https:\/\/electromenagerexpress.com\/en\/wp-json\/wp\/v2\/types\/product"}],"wp:featuredmedia":[{"embeddable":true,"href":"https:\/\/electromenagerexpress.com\/en\/wp-json\/wp\/v2\/media\/34216"}],"wp:attachment":[{"href":"https:\/\/electromenagerexpress.com\/en\/wp-json\/wp\/v2\/media?parent=39616"}],"wp:term":[{"taxonomy":"product_cat","embeddable":true,"href":"https:\/\/electromenagerexpress.com\/en\/wp-json\/wp\/v2\/product_cat?post=39616"},{"taxonomy":"product_tag","embeddable":true,"href":"https:\/\/electromenagerexpress.com\/en\/wp-json\/wp\/v2\/product_tag?post=39616"}],"curies":[{"name":"wp","href":"https:\/\/api.w.org\/{rel}","templated":true}]}}