{"id":39604,"date":"2024-11-21T15:35:56","date_gmt":"2024-11-21T15:35:56","guid":{"rendered":"https:\/\/electromenagerexpress.com\/product\/micro-ondes-combinede-dietrichdkc4756h\/"},"modified":"2025-03-14T10:33:40","modified_gmt":"2025-03-14T10:33:40","slug":"micro-ondes-combinede-dietrichdkc4756h","status":"publish","type":"product","link":"https:\/\/electromenagerexpress.com\/en\/product\/micro-ondes-combinede-dietrichdkc4756h\/","title":{"rendered":"Micro ondes combin\u00e9\tDE DIETRICH\tDKC4756H"},"content":{"rendered":"<div class=\"product-features__content\">\n<ul role=\"list\">\n<li class=\"product-features__item\" role=\"listitem\">\n<h3 class=\"product-features__label\">Choisir ce produit pour quel usage ?<\/h3>\n<ul role=\"list\">\n<li class=\"product-features__item-list__item\" role=\"listitem\"><span class=\"is--medium\">Installation :<\/span> \u00e0 poser<\/li>\n<li class=\"product-features__item-list__item\" role=\"listitem\"><span class=\"is--medium\">Id\u00e9al pour :<\/span> r\u00e9chauffer, d\u00e9congeler, gr\u00e2tiner vos plats, vos pizzas et cuisiner avec la fonction four<\/li>\n<li class=\"product-features__item-list__item\" role=\"listitem\"><span class=\"is--medium\">A quoi \u00e7a sert :<\/span> permet de combiner les fonctionnalit\u00e9s du micro ondes et du four<\/li>\n<li class=\"product-features__item-list__item\" role=\"listitem\"><span class=\"is--medium\">Volume :<\/span> 40 L<\/li>\n<li class=\"product-features__item-list__item\" role=\"listitem\"><span class=\"is--medium\">Adapt\u00e9 pour :<\/span> plat lasagnes<\/li>\n<\/ul>\n<\/li>\n<li class=\"product-features__item\" role=\"listitem\">\n<h3 class=\"product-features__label\">Cuisiner avec la fonction four<\/h3>\n<ul role=\"list\">\n<li class=\"product-features__item-list__item\" role=\"listitem\"><span class=\"is--medium\">Maintien au chaud :<\/span> Non<\/li>\n<li class=\"product-features__item-list__item\" role=\"listitem\"><span class=\"is--medium\">Fonction micro ondes et four simultan\u00e9e :<\/span> oui, permet de cuisiner vos plats plus rapidement<\/li>\n<\/ul>\n<\/li>\n<li class=\"product-features__item\" role=\"listitem\">\n<h3 class=\"product-features__label\">Fonctions du micro ondes<\/h3>\n<ul role=\"list\">\n<li class=\"product-features__item-list__item\" role=\"listitem\"><span class=\"is--medium\">Grill :<\/span> Oui<\/li>\n<li class=\"product-features__item-list__item\" role=\"listitem\"><span class=\"is--medium\">Puissance du grill :<\/span> 1.805 W<\/li>\n<li class=\"product-features__item-list__item\" role=\"listitem\"><span class=\"is--medium\">D\u00e9cong\u00e9lation :<\/span> manuelle et automatique, permet d&rsquo;adapter automatiquement la dur\u00e9e en indiquant le type et le poids des aliments<\/li>\n<li class=\"product-features__item-list__item\" role=\"listitem\"><span class=\"is--medium\">Menus pr\u00e9programm\u00e9s du micro ondes :<\/span> 10<\/li>\n<li class=\"product-features__item-list__item\" role=\"listitem\"><span class=\"is--medium\">Fonctions :<\/span> cuisson rapide, cuisson automatique, r\u00e9chauffage rapide<\/li>\n<li class=\"product-features__item-list__item\" role=\"listitem\"><span class=\"is--medium\">Puissance du micro ondes :<\/span> 1.000 W<\/li>\n<li class=\"product-features__item-list__item\" role=\"listitem\"><span class=\"is--medium\">Le saviez vous ? :<\/span> Il faut diff\u00e9rentes puissances selon le plat<\/li>\n<\/ul>\n<\/li>\n<li class=\"product-features__item\" role=\"listitem\">\n<h3 class=\"product-features__label\">Nettoyage \/ entretien<\/h3>\n<ul role=\"list\">\n<li class=\"product-features__item-list__item\" role=\"listitem\"><span class=\"is--medium\">Mati\u00e8re de la cavit\u00e9 :<\/span> \u00e9maill\u00e9<\/li>\n<li class=\"product-features__item-list__item\" role=\"listitem\"><span class=\"is--medium\">Nettoyage :<\/span> manuel, peut \u00eatre simplifi\u00e9 avec un bol d&rsquo;eau et un jus de citron chauff\u00e9 au micro ondes pour ramollir les r\u00e9sidus<\/li>\n<\/ul>\n<\/li>\n<li class=\"product-features__item\" role=\"listitem\">\n<h3 class=\"product-features__label\">Equipement et confort d&rsquo;utilisation<\/h3>\n<ul role=\"list\">\n<li class=\"product-features__item-list__item\" role=\"listitem\"><span class=\"is--medium\">Am\u00e9nagement int\u00e9rieur :<\/span> plateau d\u00e9brayable, permet de r\u00e9chauffer tous types de plats<\/li>\n<li class=\"product-features__item-list__item\" role=\"listitem\"><span class=\"is--medium\">Diam\u00e8tre du plateau :<\/span> 36 cm en verre<\/li>\n<li class=\"product-features__item-list__item\" role=\"listitem\"><span class=\"is--medium\">Type de commande :<\/span> boutons<\/li>\n<li class=\"product-features__item-list__item\" role=\"listitem\"><span class=\"is--medium\">Le saviez vous ? :<\/span> Certaines mati\u00e8res ne sont pas conseill\u00e9es au micro-ondes : mati\u00e8res m\u00e9talliques, plastique non compatible, la terre cuite ou encore le cristal<\/li>\n<li class=\"product-features__item-list__item\" role=\"listitem\"><span class=\"is--medium\">Connect\u00e9 :<\/span> Non<\/li>\n<\/ul>\n<\/li>\n<li class=\"product-features__item\" role=\"listitem\">\n<h3 class=\"product-features__label\">Finition et design<\/h3>\n<ul role=\"list\">\n<li class=\"product-features__item-list__item\" role=\"listitem\"><span class=\"is--medium\">Type d&rsquo;ouverture :<\/span> abattante avec poign\u00e9e<\/li>\n<li class=\"product-features__item-list__item\" role=\"listitem\"><span class=\"is--medium\">Couleur :<\/span> Noir<\/li>\n<\/ul>\n<\/li>\n<li class=\"product-features__item\" role=\"listitem\">\n<h3 class=\"product-features__label\">Dimensions<\/h3>\n<ul role=\"list\">\n<li class=\"product-features__item-list__item\" role=\"listitem\"><span class=\"is--medium\">L x H x P :<\/span> 59.2 x 45.6 x 62 cm<\/li>\n<li class=\"product-features__item-list__item\" role=\"listitem\"><span class=\"is--medium\">Poids net :<\/span> 40,0 kg<\/li>\n<li class=\"product-features__item-list__item\" role=\"listitem\"><span class=\"is--medium\">Poids Brut :<\/span> 43,20 Kg<\/li>\n<li class=\"product-features__item-list__item\" role=\"listitem\"><span class=\"is--medium\">Hauteur niche d&rsquo;encastrement :<\/span> Micro ondes hauteur 45 cm<\/li>\n<li class=\"product-features__item-list__item\" role=\"listitem\"><span class=\"is--medium\">Le saviez vous ? :<\/span> Prenez soin de laisser un espace minimum de 10cm \u00e0 l&rsquo;arri\u00e8re de l&rsquo;appareil et de 20cm au dessus pour \u00e9viter la surchauffe<\/li>\n<\/ul>\n<\/li>\n<li class=\"product-features__item\" role=\"listitem\">\n<h3 class=\"product-features__label\">Informations compl\u00e9mentaires<\/h3>\n<ul role=\"list\">\n<li class=\"product-features__item-list__item\" role=\"listitem\"><span class=\"is--medium\">Fabriqu\u00e9 en :<\/span> France<\/li>\n<li class=\"product-features__item-list__item\" role=\"listitem\"><span class=\"is--medium\">Disponibilit\u00e9 des pi\u00e8ces d\u00e9tach\u00e9es (donn\u00e9es fournisseur) :<\/span> Pendant 15 ans, \u00e0 compter de la date d&rsquo;achat<\/li>\n<li class=\"product-features__item-list__item\" role=\"listitem\"><span class=\"is--medium\">Le saviez vous ? :<\/span> Selon la norme NFC 15-100, le micro ondes doit \u00eatre branch\u00e9 sur une prise ind\u00e9pendante de 20A<\/li>\n<\/ul>\n<\/li>\n<\/ul>\n<\/div>\n<div class=\"product__disclosure-content\">\n<div class=\"js-read-more product-description__content read-more read-more--truncated\" style=\"max-height: 500px; overflow: hidden;\" data-read-more-name=\"description\">\n<div class=\"product__description-content read-more\">\n<p>DE DIETRICH DKC4756H : L&rsquo;Excellence du Micro-ondes Combin\u00e9 Encastrable<\/p>\n<h3><img fetchpriority=\"high\" decoding=\"async\" class=\"wy_tableau_gauche\" src=\"https:\/\/boulanger.scene7.com\/is\/image\/Boulanger\/3660767992429_h_f_l_0?wid=400&amp;hei=270\" alt=\"Micro ondes combin\u00e9 DE DIETRICH DKC4756H\" width=\"400\" height=\"270\" \/>Cuisson Rapide et Performances Avanc\u00e9es<\/h3>\n<p>Le micro-ondes combin\u00e9 DE DIETRICH DKC4756H, encastrable et \u00e9l\u00e9gant avec sa finition Heritage noir et cuivre, est une merveille de technologie pour les cuisiniers exigeants. Dot\u00e9 d&rsquo;une puissance restitu\u00e9e de 1000 W et d&rsquo;une capacit\u00e9 de 40 litres, il offre une flexibilit\u00e9 culinaire sans pr\u00e9c\u00e9dent. La fonction Cuisson Express, utilisable en mode Manuel ou avec des recettes Auto, r\u00e9volutionne la<\/p>\n<\/div>\n<\/div>\n<div class=\"js-read-more product-description__content read-more read-more--truncated\" style=\"max-height: 500px; overflow: hidden;\" data-read-more-name=\"description\">\n<div class=\"product__description-content read-more\">\n<p>pr\u00e9paration des repas en combinant micro-ondes, chaleur tournante ou gril pour des r\u00e9sultats rapides et impeccables. Avec ses 10 fonctions de cuisson, dont la d\u00e9cong\u00e9lation, le r\u00e9chauffage et le gril ventil\u00e9, ce mod\u00e8le r\u00e9pond \u00e0 tous les besoins, tandis que son plateau tournant d\u00e9brayable de 36 cm assure une cuisson uniforme de tous vos plats.<\/p>\n<h3><img decoding=\"async\" class=\"wy_tableau_right\" src=\"https:\/\/boulanger.scene7.com\/is\/image\/Boulanger\/3660767992429_h_f_l_1?wid=400&amp;hei=270\" alt=\"Micro ondes combin\u00e9 DE DIETRICH DKC4756H\" width=\"400\" height=\"270\" \/>Confort d&rsquo;Utilisation et S\u00e9curit\u00e9 Optimis\u00e9e<\/h3>\n<p>L&rsquo;interface utilisateur du DKC4756H est con\u00e7ue pour faciliter la vie en cuisine. Son \u00e9cran TFT Smart<\/p>\n<\/div>\n<\/div>\n<p>&nbsp;<\/p>\n<div class=\"js-read-more product-description__content read-more read-more--truncated\" style=\"max-height: 500px; overflow: hidden;\" data-read-more-name=\"description\">\n<p>&nbsp;<\/p>\n<div class=\"product__description-content read-more\">\n<p>&nbsp;<\/p>\n<p>Navigation de 4&rsquo;3 pouces offre une navigation intuitive, affichant des photos r\u00e9alistes des plats et recettes en mode automatique. Le Mode Auto ajuste les param\u00e8tres de cuisson pour un r\u00e9sultat parfait, tandis que la s\u00e9curit\u00e9 enfant \u00e9lectronique garantit une utilisation sans risque dans les foyers avec de jeunes enfants. Fabriqu\u00e9 en France, ce micro-ondes promet une durabilit\u00e9 exceptionnelle avec une disponibilit\u00e9 des pi\u00e8ces d\u00e9tach\u00e9es pendant 15 ans, assurant ainsi un investissement p\u00e9renne pour votre cuisine.<\/p>\n<\/div>\n<\/div>\n<p>&nbsp;<\/p>\n<\/div>","protected":false},"excerpt":{"rendered":"<div class=\"keypoints\">\n<h3 class=\"keypoints__title\">Les points cl\u00e9s<\/h3>\n<ul role=\"list\">\n<li class=\"keypoints__item\" role=\"listitem\">r\u00e9chauffer, d\u00e9congeler, gr\u00e2tiner vos plats, vos pizzas et cuisiner avec la fonction four<\/li>\n<li class=\"keypoints__item\" role=\"listitem\">L x H x P : 59.2 x 45.6 x 62 cm &#8211; Diam\u00e8tre du plateau : 36 cm en verre<\/li>\n<li class=\"keypoints__item\" role=\"listitem\">boutons &#8211; Menus pr\u00e9programm\u00e9s du micro ondes : 10<\/li>\n<li class=\"keypoints__item\" role=\"listitem\">Puissance du micro ondes : 1.000 W<\/li>\n<li class=\"keypoints__item keypoints__item--advantage\" role=\"listitem\"><strong>Le + :<\/strong> grand \u00e9cran TFT avec photos des plats. Mode Auto en fonction de la recette s\u00e9lectionn\u00e9e.<\/li>\n<\/ul>\n<\/div>","protected":false},"featured_media":34133,"template":"","meta":{"_glsr_average":0,"_glsr_ranking":0,"_glsr_reviews":0},"product_cat":[266],"product_tag":[230,268],"class_list":{"0":"post-39604","1":"product","2":"type-product","3":"status-publish","4":"has-post-thumbnail","6":"product_cat-micro-ondes","7":"product_tag-cuisine-et-cuisson","8":"product_tag-micro-ondes","10":"first","11":"instock","12":"sale","13":"shipping-taxable","14":"purchasable","15":"product-type-simple"},"_links":{"self":[{"href":"https:\/\/electromenagerexpress.com\/en\/wp-json\/wp\/v2\/product\/39604","targetHints":{"allow":["GET"]}}],"collection":[{"href":"https:\/\/electromenagerexpress.com\/en\/wp-json\/wp\/v2\/product"}],"about":[{"href":"https:\/\/electromenagerexpress.com\/en\/wp-json\/wp\/v2\/types\/product"}],"wp:featuredmedia":[{"embeddable":true,"href":"https:\/\/electromenagerexpress.com\/en\/wp-json\/wp\/v2\/media\/34133"}],"wp:attachment":[{"href":"https:\/\/electromenagerexpress.com\/en\/wp-json\/wp\/v2\/media?parent=39604"}],"wp:term":[{"taxonomy":"product_cat","embeddable":true,"href":"https:\/\/electromenagerexpress.com\/en\/wp-json\/wp\/v2\/product_cat?post=39604"},{"taxonomy":"product_tag","embeddable":true,"href":"https:\/\/electromenagerexpress.com\/en\/wp-json\/wp\/v2\/product_tag?post=39604"}],"curies":[{"name":"wp","href":"https:\/\/api.w.org\/{rel}","templated":true}]}}