{"id":39584,"date":"2024-11-21T15:35:05","date_gmt":"2024-11-21T15:35:05","guid":{"rendered":"https:\/\/electromenagerexpress.com\/product\/micro-ondes-combinewhirlpoolmwf259b\/"},"modified":"2024-11-21T15:35:09","modified_gmt":"2024-11-21T15:35:09","slug":"micro-ondes-combinewhirlpoolmwf259b","status":"publish","type":"product","link":"https:\/\/electromenagerexpress.com\/en\/product\/micro-ondes-combinewhirlpoolmwf259b\/","title":{"rendered":"Micro ondes combin\u00e9\t\t\t\t\t\t\tWHIRLPOOL\t\t\t\tMWF259B"},"content":{"rendered":"<div class=\"product-features__content\">\n<ul role=\"list\">\n<li class=\"product-features__item\" role=\"listitem\">\n<h3 class=\"product-features__label\">Choisir ce produit pour quel usage ?<\/h3>\n<ul role=\"list\">\n<li class=\"product-features__item-list__item\" role=\"listitem\"><span class=\"is--medium\">Installation :<\/span> \u00e0 poser\t\t\t\t\t<\/li>\n<li class=\"product-features__item-list__item\" role=\"listitem\"><span class=\"is--medium\">Id\u00e9al pour :<\/span> r\u00e9chauffer, d\u00e9congeler, gr\u00e2tiner vos plats, vos pizzas et cuisiner avec la fonction four\t\t\t\t\t<\/li>\n<li class=\"product-features__item-list__item\" role=\"listitem\"><span class=\"is--medium\">A quoi \u00e7a sert :<\/span> permet de combiner les fonctionnalit\u00e9s du micro ondes et du four\t\t\t\t\t<\/li>\n<li class=\"product-features__item-list__item\" role=\"listitem\"><span class=\"is--medium\">Volume :<\/span> 25 L\t\t\t\t\t<\/li>\n<li class=\"product-features__item-list__item\" role=\"listitem\"><span class=\"is--medium\">Adapt\u00e9 pour :<\/span> plat lasagnes\t\t\t\t\t<\/li>\n<\/ul>\n<\/li>\n<li class=\"product-features__item\" role=\"listitem\">\n<h3 class=\"product-features__label\">Cuisiner avec la fonction four<\/h3>\n<ul role=\"list\">\n<li class=\"product-features__item-list__item\" role=\"listitem\"><span class=\"is--medium\">Maintien au chaud :<\/span> Non\t\t\t\t\t<\/li>\n<li class=\"product-features__item-list__item\" role=\"listitem\"><span class=\"is--medium\">Fonction micro ondes et four simultan\u00e9e :<\/span> oui, permet de cuisiner vos plats plus rapidement\t\t\t\t\t<\/li>\n<li class=\"product-features__item-list__item\" role=\"listitem\"><span class=\"is--medium\">Menus pr\u00e9programm\u00e9s du four :<\/span> 10\t\t\t\t\t<\/li>\n<li class=\"product-features__item-list__item\" role=\"listitem\"><span class=\"is--medium\">Puissance du four :<\/span> 2.250 W\t\t\t\t\t<\/li>\n<\/ul>\n<\/li>\n<li class=\"product-features__item\" role=\"listitem\">\n<h3 class=\"product-features__label\">Fonctions du micro ondes<\/h3>\n<ul role=\"list\">\n<li class=\"product-features__item-list__item\" role=\"listitem\"><span class=\"is--medium\">Grill :<\/span> Oui\t\t\t\t\t<\/li>\n<li class=\"product-features__item-list__item\" role=\"listitem\"><span class=\"is--medium\">Puissance du grill :<\/span> 1.300 W\t\t\t\t\t<\/li>\n<li class=\"product-features__item-list__item\" role=\"listitem\"><span class=\"is--medium\">D\u00e9cong\u00e9lation :<\/span> manuelle et automatique, permet d&rsquo;adapter automatiquement la dur\u00e9e en indiquant le type et le poids des aliments\t\t\t\t\t<\/li>\n<li class=\"product-features__item-list__item\" role=\"listitem\"><span class=\"is--medium\">Menus pr\u00e9programm\u00e9s du micro ondes :<\/span> 15\t\t\t\t\t<\/li>\n<li class=\"product-features__item-list__item\" role=\"listitem\"><span class=\"is--medium\">Fonctions :<\/span> cuisson rapide, cuisson automatique, r\u00e9chauffage rapide, fonction vapeur avec accessoires, fonction croustillante\t\t\t\t\t<\/li>\n<li class=\"product-features__item-list__item\" role=\"listitem\"><span class=\"is--medium\">Puissance du micro ondes :<\/span> 800 W\t\t\t\t\t<\/li>\n<li class=\"product-features__item-list__item\" role=\"listitem\"><span class=\"is--medium\">Le saviez vous ? :<\/span> Il faut diff\u00e9rentes puissances selon le plat\t\t\t\t\t<\/li>\n<li class=\"product-features__item-list__item\" role=\"listitem\"><span class=\"is--medium\">Id\u00e9es recettes :<\/span> <a href=\"https:\/\/commeunchef.boulanger.com\/recettes\/\" target=\"_blank\">En sa<\/a><\/li>\n<\/ul>\n<\/li>\n<li class=\"product-features__item\" role=\"listitem\">\n<h3 class=\"product-features__label\">Nettoyage \/ entretien<\/h3>\n<ul role=\"list\">\n<li class=\"product-features__item-list__item\" role=\"listitem\"><span class=\"is--medium\">Mati\u00e8re de la cavit\u00e9 :<\/span> cavit\u00e9 peinte\t\t\t\t\t<\/li>\n<li class=\"product-features__item-list__item\" role=\"listitem\"><span class=\"is--medium\">Nettoyage :<\/span> simplifi\u00e9 avec la vapeur, permet de d\u00e9coller et retirer en toute facilit\u00e9 les r\u00e9sidus de nourriture de la cavit\u00e9 du micro-ondes\t\t\t\t\t<\/li>\n<\/ul>\n<\/li>\n<li class=\"product-features__item\" role=\"listitem\">\n<h3 class=\"product-features__label\">Equipement et confort d&rsquo;utilisation<\/h3>\n<ul role=\"list\">\n<li class=\"product-features__item-list__item\" role=\"listitem\"><span class=\"is--medium\">Am\u00e9nagement int\u00e9rieur :<\/span> sans plateau, permet de r\u00e9chauffer tous types de plats de fa\u00e7on homog\u00e8ne gr\u00e2ce au rev\u00eatement de la cuve\t\t\t\t\t<\/li>\n<li class=\"product-features__item-list__item\" role=\"listitem\"><span class=\"is--medium\">Diam\u00e8tre du plateau :<\/span> sans plateau\t\t\t\t\t<\/li>\n<li class=\"product-features__item-list__item\" role=\"listitem\"><span class=\"is--medium\">Affichage de l&rsquo;heure :<\/span> Oui\t\t\t\t\t<\/li>\n<li class=\"product-features__item-list__item\" role=\"listitem\"><span class=\"is--medium\">S\u00e9curit\u00e9 enfant :<\/span> Oui\t\t\t\t\t<\/li>\n<li class=\"product-features__item-list__item\" role=\"listitem\"><span class=\"is--medium\">Rappel sonore de fin de cuisson :<\/span> Oui\t\t\t\t\t<\/li>\n<li class=\"product-features__item-list__item\" role=\"listitem\"><span class=\"is--medium\">Le saviez vous ? :<\/span> Certaines mati\u00e8res ne sont pas conseill\u00e9es au micro-ondes : mati\u00e8res m\u00e9talliques, plastique non compatible, la terre cuite ou encore le cristal\t\t\t\t\t<\/li>\n<li class=\"product-features__item-list__item\" role=\"listitem\"><span class=\"is--medium\">Connect\u00e9 :<\/span> Non\t\t\t\t\t<\/li>\n<\/ul>\n<\/li>\n<li class=\"product-features__item\" role=\"listitem\">\n<h3 class=\"product-features__label\">Finition et design<\/h3>\n<ul role=\"list\">\n<li class=\"product-features__item-list__item\" role=\"listitem\"><span class=\"is--medium\">Type d&rsquo;ouverture :<\/span> lat\u00e9rale avec poign\u00e9e\t\t\t\t\t<\/li>\n<li class=\"product-features__item-list__item\" role=\"listitem\"><span class=\"is--medium\">Couleur :<\/span> Noir\t\t\t\t\t<\/li>\n<\/ul>\n<\/li>\n<li class=\"product-features__item\" role=\"listitem\">\n<h3 class=\"product-features__label\">Dimensions<\/h3>\n<ul role=\"list\">\n<li class=\"product-features__item-list__item\" role=\"listitem\"><span class=\"is--medium\">L x H x P :<\/span> 49 x 32.5 x 46.8 cm\t\t\t\t\t<\/li>\n<li class=\"product-features__item-list__item\" role=\"listitem\"><span class=\"is--medium\">Poids net :<\/span> 19,0 kg\t\t\t\t\t<\/li>\n<li class=\"product-features__item-list__item\" role=\"listitem\"><span class=\"is--medium\">Poids Brut :<\/span> 21,50 Kg\t\t\t\t\t<\/li>\n<li class=\"product-features__item-list__item\" role=\"listitem\"><span class=\"is--medium\">Hauteur niche d&rsquo;encastrement :<\/span> Pose libre\t\t\t\t\t<\/li>\n<li class=\"product-features__item-list__item\" role=\"listitem\"><span class=\"is--medium\">Le saviez vous ? :<\/span> Prenez soin de laisser un espace minimum de 10cm \u00e0 l&rsquo;arri\u00e8re de l&rsquo;appareil et de 20cm au dessus pour \u00e9viter la surchauffe\t\t\t\t\t<\/li>\n<\/ul>\n<\/li>\n<li class=\"product-features__item\" role=\"listitem\">\n<h3 class=\"product-features__label\">Informations compl\u00e9mentaires<\/h3>\n<ul role=\"list\">\n<li class=\"product-features__item-list__item\" role=\"listitem\"><span class=\"is--medium\">Fabriqu\u00e9 en :<\/span> Chine\t\t\t\t\t<\/li>\n<li class=\"product-features__item-list__item\" role=\"listitem\"><span class=\"is--medium\">Disponibilit\u00e9 des pi\u00e8ces d\u00e9tach\u00e9es (donn\u00e9es fournisseur) :<\/span> Pendant 11 ans, \u00e0 compter de la date d&rsquo;achat\t\t\t\t\t<\/li>\n<li class=\"product-features__item-list__item\" role=\"listitem\"><span class=\"is--medium\">Le saviez vous ? :<\/span> Selon la norme NFC 15-100, le micro ondes doit \u00eatre branch\u00e9 sur une prise ind\u00e9pendante de 20A\t\t\t\t\t<\/li>\n<\/ul>\n<\/li>\n<\/ul>\n<\/div>\n<div class=\"product__disclosure-content\">\n<div class=\"js-read-more product-description__content read-more read-more--truncated\" data-read-more-name=\"description\" style=\"max-height: 500px; overflow: hidden;\">\n<p>Alli\u00e9 polyvalent en cuisine, votre micro-ondes combin\u00e9 WHIRLPOOL MWF259B sera id\u00e9al pour r\u00e9chauffer, d\u00e9congeler et gratiner vos plats. Il vous offrira des qualit\u00e9s similaires \u00e0 celle d&rsquo;un four tout en s&rsquo;int\u00e9grant parfaitement dans votre espace gr\u00e2ce \u00e0 ses dimensions compactes.<\/p>\n<h3><img fetchpriority=\"high\" decoding=\"async\" ,=\"\" alt=\"M-Ondes WHIRLPOOL MWF259B\" class=\"wy_tableau_gauche\" height=\"270\" src=\"https:\/\/boulanger.scene7.com\/is\/image\/Boulanger\/8003437637704_h_f_l_0?wid=400&amp;hei=270\" width=\"400\"\/>L&rsquo;excellence culinaire \u00e0 votre port\u00e9e<\/h3>\n<p>Champion de la polyvalence <b>capable de r\u00e9chauffer, de d\u00e9congeler et de gratiner<\/b> vos aliments favoris, votre micro-ondes WHIRLPOOL MWF259B vous offrira une flexibilit\u00e9 maximale pour d\u00e9guster une pizza croustillante ou pour concocter un d\u00eener aux allures gastronomiques. <b>D\u00e9pourvu de plateau tournant<\/b>, vous pourrez enfourner des plats volumineux tout en b\u00e9n\u00e9ficiant d&rsquo;une simplicit\u00e9 d&rsquo;entretien d\u00e9cupl\u00e9e.<\/p>\n<p>Con\u00e7u pour s&rsquo;adapter \u00e0 toutes les cuisines, le micro-ondes WHIRLPOOL MWF259B vous d\u00e9voilera <b>des dimensions id\u00e9ales de 49 cm x 32,5 cm x 46,8 cm<\/b>, gages une installation ais\u00e9e. <b>Sa cavit\u00e9 de 25 L et ses 6 niveaux de puissance<\/b> seront parfaits pour transformer la pr\u00e9paration de vos repas en un plaisir quotidien.<\/p>\n<h3><img decoding=\"async\" ,=\"\" alt=\"M-Ondes WHIRLPOOL MWF259B\" class=\"wy_tableau_right\" height=\"270\" src=\"https:\/\/boulanger.scene7.com\/is\/image\/Boulanger\/8003437637704_h_f_l_1?wid=400&amp;hei=270\" width=\"400\"\/>Une cuisson saine et homog\u00e8ne<\/h3>\n<p>En faisant de votre sant\u00e9 une priorit\u00e9, votre micro-ondes combin\u00e9 WHIRLPOOL MWF259B assurera une <b>cuisson saine de vos aliments tout en pr\u00e9servant leurs nutriments<\/b> en s&rsquo;appuyant sur sa technologie de cuisson avanc\u00e9e. Et pour ne plus jamais manquer d&rsquo;inspiration, il vous suffira de vous r\u00e9f\u00e9rer <b>aux 20 recettes pr\u00e9programm\u00e9es<\/b> !<\/p>\n<p>\u00c9l\u00e9ment de d\u00e9coration \u00e0 part enti\u00e8re, votre futur micro-ondes WHIRLPOOL MWF259B vous s\u00e9duira par <b>son design \u00e0 la fois \u00e9pur\u00e9, \u00e9l\u00e9gant et moderne<\/b>. Compos\u00e9 de mat\u00e9riaux de qualit\u00e9 sup\u00e9rieure et d&rsquo;une porte \u00e0 ouverture lat\u00e9rale, sa prise en main sera \u00e9galement particuli\u00e8rement intuitive : id\u00e9al pour vos aventures culinaires quotidiennes.<\/p>\n<\/p>\n<\/div>\n<p><bl-button a11yexpanded=\"false\" arialabel=\"Afficher toute la description\" class=\"read-more__btn\" full=\"false\" link=\"true\"><\/bl-button><\/div>","protected":false},"excerpt":{"rendered":"<div class=\"keypoints\">\n<h3 class=\"keypoints__title\">Les points cl\u00e9s<\/h3>\n<ul role=\"list\">\n<li class=\"keypoints__item\" role=\"listitem\">                                        r\u00e9chauffer, d\u00e9congeler, gr\u00e2tiner vos plats, vos pizzas et cuisiner avec la fonction four                      <\/li>\n<li class=\"keypoints__item\" role=\"listitem\">                          L x H x P : 49 x 32.5 x 46.8 cm &#8211;                                                      Diam\u00e8tre du plateau : sans plateau                      <\/li>\n<li class=\"keypoints__item\" role=\"listitem\">                          bouton et tactile &#8211;                                                      Menus pr\u00e9programm\u00e9s du micro ondes : 15                      <\/li>\n<li class=\"keypoints__item\" role=\"listitem\">                                        Puissance du micro ondes : 800 W                      <\/li>\n<li class=\"keypoints__item keypoints__item--advantage\" role=\"listitem\"><strong>Le + :<\/strong> Cuisson intuitive et saine      <\/li>\n<\/ul>","protected":false},"featured_media":33953,"template":"","meta":{"_glsr_average":0,"_glsr_ranking":0,"_glsr_reviews":0},"product_cat":[266],"product_tag":[230,268],"class_list":{"0":"post-39584","1":"product","2":"type-product","3":"status-publish","4":"has-post-thumbnail","6":"product_cat-micro-ondes","7":"product_tag-cuisine-et-cuisson","8":"product_tag-micro-ondes","10":"first","11":"instock","12":"sale","13":"shipping-taxable","14":"purchasable","15":"product-type-simple"},"_links":{"self":[{"href":"https:\/\/electromenagerexpress.com\/en\/wp-json\/wp\/v2\/product\/39584","targetHints":{"allow":["GET"]}}],"collection":[{"href":"https:\/\/electromenagerexpress.com\/en\/wp-json\/wp\/v2\/product"}],"about":[{"href":"https:\/\/electromenagerexpress.com\/en\/wp-json\/wp\/v2\/types\/product"}],"wp:featuredmedia":[{"embeddable":true,"href":"https:\/\/electromenagerexpress.com\/en\/wp-json\/wp\/v2\/media\/33953"}],"wp:attachment":[{"href":"https:\/\/electromenagerexpress.com\/en\/wp-json\/wp\/v2\/media?parent=39584"}],"wp:term":[{"taxonomy":"product_cat","embeddable":true,"href":"https:\/\/electromenagerexpress.com\/en\/wp-json\/wp\/v2\/product_cat?post=39584"},{"taxonomy":"product_tag","embeddable":true,"href":"https:\/\/electromenagerexpress.com\/en\/wp-json\/wp\/v2\/product_tag?post=39584"}],"curies":[{"name":"wp","href":"https:\/\/api.w.org\/{rel}","templated":true}]}}