{"id":39575,"date":"2024-11-21T15:34:36","date_gmt":"2024-11-21T15:34:36","guid":{"rendered":"https:\/\/electromenagerexpress.com\/product\/micro-ondes-grill-encastrable-whirlpoolw7md440bss\/"},"modified":"2024-11-21T15:34:38","modified_gmt":"2024-11-21T15:34:38","slug":"micro-ondes-grill-encastrable-whirlpoolw7md440bss","status":"publish","type":"product","link":"https:\/\/electromenagerexpress.com\/en\/product\/micro-ondes-grill-encastrable-whirlpoolw7md440bss\/","title":{"rendered":"Micro ondes grill encastrable \t\t\t\t\t\t\tWHIRLPOOL\t\t\t\tW7MD440BSS"},"content":{"rendered":"<div class=\"product-features__content\">\n<ul role=\"list\">\n<li class=\"product-features__item\" role=\"listitem\">\n<h3 class=\"product-features__label\">Choisir ce produit pour quel usage ?<\/h3>\n<ul role=\"list\">\n<li class=\"product-features__item-list__item\" role=\"listitem\"><span class=\"is--medium\">Installation :<\/span> encastrable\t\t\t\t\t<\/li>\n<li class=\"product-features__item-list__item\" role=\"listitem\"><span class=\"is--medium\">Id\u00e9al pour :<\/span> r\u00e9chauffer, d\u00e9congeler et gr\u00e2tiner vos plats et pizzas\t\t\t\t\t<\/li>\n<li class=\"product-features__item-list__item\" role=\"listitem\"><span class=\"is--medium\">A quoi \u00e7a sert :<\/span> la fonction grill permet de retrouver le croustillant des plats\t\t\t\t\t<\/li>\n<li class=\"product-features__item-list__item\" role=\"listitem\"><span class=\"is--medium\">Volume :<\/span> 31 L\t\t\t\t\t<\/li>\n<li class=\"product-features__item-list__item\" role=\"listitem\"><span class=\"is--medium\">Adapt\u00e9 pour :<\/span> une assiette\t\t\t\t\t<\/li>\n<\/ul>\n<\/li>\n<li class=\"product-features__item\" role=\"listitem\">\n<h3 class=\"product-features__label\">Cuisiner avec la fonction four<\/h3>\n<ul role=\"list\">\n<li class=\"product-features__item-list__item\" role=\"listitem\"><span class=\"is--medium\">Maintien au chaud :<\/span> Non\t\t\t\t\t<\/li>\n<li class=\"product-features__item-list__item\" role=\"listitem\"><span class=\"is--medium\">Puissance du four :<\/span> 2.300 W\t\t\t\t\t<\/li>\n<\/ul>\n<\/li>\n<li class=\"product-features__item\" role=\"listitem\">\n<h3 class=\"product-features__label\">Fonctions du micro ondes<\/h3>\n<ul role=\"list\">\n<li class=\"product-features__item-list__item\" role=\"listitem\"><span class=\"is--medium\">Grill :<\/span> Oui\t\t\t\t\t<\/li>\n<li class=\"product-features__item-list__item\" role=\"listitem\"><span class=\"is--medium\">Puissance du grill :<\/span> 800 W\t\t\t\t\t<\/li>\n<li class=\"product-features__item-list__item\" role=\"listitem\"><span class=\"is--medium\">D\u00e9cong\u00e9lation :<\/span> automatique, permet d&rsquo;adapter automatiquement la dur\u00e9e en indiquant le type et le poids des aliments\t\t\t\t\t<\/li>\n<li class=\"product-features__item-list__item\" role=\"listitem\"><span class=\"is--medium\">Menus pr\u00e9programm\u00e9s du micro ondes :<\/span> 21\t\t\t\t\t<\/li>\n<li class=\"product-features__item-list__item\" role=\"listitem\"><span class=\"is--medium\">Fonctions :<\/span> cuisson rapide, cuisson automatique, r\u00e9chauffage rapide, fonction vapeur avec accessoires, fonction croustillante\t\t\t\t\t<\/li>\n<li class=\"product-features__item-list__item\" role=\"listitem\"><span class=\"is--medium\">Puissance du micro ondes :<\/span> 1.000 W\t\t\t\t\t<\/li>\n<li class=\"product-features__item-list__item\" role=\"listitem\"><span class=\"is--medium\">Le saviez vous ? :<\/span> Il faut diff\u00e9rentes puissances selon le plat\t\t\t\t\t<\/li>\n<li class=\"product-features__item-list__item\" role=\"listitem\"><span class=\"is--medium\">Id\u00e9es recettes :<\/span> <a href=\"https:\/\/commeunchef.boulanger.com\/recettes\/\" target=\"_blank\">En sa<\/a><\/li>\n<\/ul>\n<\/li>\n<li class=\"product-features__item\" role=\"listitem\">\n<h3 class=\"product-features__label\">Nettoyage \/ entretien<\/h3>\n<ul role=\"list\">\n<li class=\"product-features__item-list__item\" role=\"listitem\"><span class=\"is--medium\">Mati\u00e8re de la cavit\u00e9 :<\/span> inox, est une mati\u00e8re r\u00e9sistante avec une longue dur\u00e9e de vie\t\t\t\t\t<\/li>\n<li class=\"product-features__item-list__item\" role=\"listitem\"><span class=\"is--medium\">Nettoyage :<\/span> manuel, peut \u00eatre simplifi\u00e9 avec un bol d&rsquo;eau et un jus de citron chauff\u00e9 au micro ondes pour ramollir les r\u00e9sidus\t\t\t\t\t<\/li>\n<\/ul>\n<\/li>\n<li class=\"product-features__item\" role=\"listitem\">\n<h3 class=\"product-features__label\">Equipement et confort d&rsquo;utilisation<\/h3>\n<ul role=\"list\">\n<li class=\"product-features__item-list__item\" role=\"listitem\"><span class=\"is--medium\">Am\u00e9nagement int\u00e9rieur :<\/span> plateau tournant pour r\u00e9chauffer de fa\u00e7on homog\u00e8ne\t\t\t\t\t<\/li>\n<li class=\"product-features__item-list__item\" role=\"listitem\"><span class=\"is--medium\">Diam\u00e8tre du plateau :<\/span> 32,5 cm en verre\t\t\t\t\t<\/li>\n<li class=\"product-features__item-list__item\" role=\"listitem\"><span class=\"is--medium\">Type de commande :<\/span> tactile ,esth\u00e9tique , intuitif , nettoyage facile et un r\u00e9glage plus pr\u00e9cis\t\t\t\t\t<\/li>\n<li class=\"product-features__item-list__item\" role=\"listitem\"><span class=\"is--medium\">Affichage de l&rsquo;heure :<\/span> Oui\t\t\t\t\t<\/li>\n<li class=\"product-features__item-list__item\" role=\"listitem\"><span class=\"is--medium\">S\u00e9curit\u00e9 enfant :<\/span> Oui\t\t\t\t\t<\/li>\n<li class=\"product-features__item-list__item\" role=\"listitem\"><span class=\"is--medium\">Rappel sonore de fin de cuisson :<\/span> Oui\t\t\t\t\t<\/li>\n<li class=\"product-features__item-list__item\" role=\"listitem\"><span class=\"is--medium\">Le saviez vous ? :<\/span> Certaines mati\u00e8res ne sont pas conseill\u00e9es au micro-ondes : mati\u00e8res m\u00e9talliques, plastique non compatible, la terre cuite ou encore le cristal\t\t\t\t\t<\/li>\n<li class=\"product-features__item-list__item\" role=\"listitem\"><span class=\"is--medium\">Connect\u00e9 :<\/span> Non\t\t\t\t\t<\/li>\n<\/ul>\n<\/li>\n<li class=\"product-features__item\" role=\"listitem\">\n<h3 class=\"product-features__label\">Finition et design<\/h3>\n<ul role=\"list\">\n<li class=\"product-features__item-list__item\" role=\"listitem\"><span class=\"is--medium\">Type d&rsquo;ouverture :<\/span> abattante avec poign\u00e9e\t\t\t\t\t<\/li>\n<li class=\"product-features__item-list__item\" role=\"listitem\"><span class=\"is--medium\">Couleur :<\/span> Noir\t\t\t\t\t<\/li>\n<li class=\"product-features__item-list__item\" role=\"listitem\"><span class=\"is--medium\">Couleur d&rsquo;affichage :<\/span> Blanc\t\t\t\t\t<\/li>\n<li class=\"product-features__item-list__item\" role=\"listitem\"><span class=\"is--medium\">Eclairage int\u00e9rieur :<\/span> Oui\t\t\t\t\t<\/li>\n<\/ul>\n<\/li>\n<li class=\"product-features__item\" role=\"listitem\">\n<h3 class=\"product-features__label\">Dimensions<\/h3>\n<ul role=\"list\">\n<li class=\"product-features__item-list__item\" role=\"listitem\"><span class=\"is--medium\">L x H x P :<\/span> 59.5 x 38.5 x 46.8 cm\t\t\t\t\t<\/li>\n<li class=\"product-features__item-list__item\" role=\"listitem\"><span class=\"is--medium\">Dimensions d&rsquo;encastrement l x h x p :<\/span> 55.6 x 38 x 55 cm\t\t\t\t\t<\/li>\n<li class=\"product-features__item-list__item\" role=\"listitem\"><span class=\"is--medium\">Poids net :<\/span> 27,0 kg\t\t\t\t\t<\/li>\n<li class=\"product-features__item-list__item\" role=\"listitem\"><span class=\"is--medium\">Poids Brut :<\/span> 29,00 Kg\t\t\t\t\t<\/li>\n<li class=\"product-features__item-list__item\" role=\"listitem\"><span class=\"is--medium\">Hauteur niche d&rsquo;encastrement :<\/span> Micro ondes hauteur 38 cm\t\t\t\t\t<\/li>\n<li class=\"product-features__item-list__item\" role=\"listitem\"><span class=\"is--medium\">Le saviez vous ? :<\/span> Prenez soin de laisser un espace minimum de 10cm \u00e0 l&rsquo;arri\u00e8re de l&rsquo;appareil et de 20cm au dessus pour \u00e9viter la surchauffe\t\t\t\t\t<\/li>\n<\/ul>\n<\/li>\n<li class=\"product-features__item\" role=\"listitem\">\n<h3 class=\"product-features__label\">Informations compl\u00e9mentaires<\/h3>\n<ul role=\"list\">\n<li class=\"product-features__item-list__item\" role=\"listitem\"><span class=\"is--medium\">Fabriqu\u00e9 en :<\/span> Italie\t\t\t\t\t<\/li>\n<li class=\"product-features__item-list__item\" role=\"listitem\"><span class=\"is--medium\">Disponibilit\u00e9 des pi\u00e8ces d\u00e9tach\u00e9es (donn\u00e9es fournisseur) :<\/span> Pendant 10 ans, \u00e0 compter de la date d&rsquo;achat\t\t\t\t\t<\/li>\n<li class=\"product-features__item-list__item\" role=\"listitem\"><span class=\"is--medium\">Le saviez vous ? :<\/span> Selon la norme NFC 15-100, le micro ondes doit \u00eatre branch\u00e9 sur une prise ind\u00e9pendante de 20A\t\t\t\t\t<\/li>\n<\/ul>\n<\/li>\n<\/ul>\n<\/div>\n<div class=\"product__disclosure-content\">\n<div class=\"js-read-more product-description__content read-more read-more--truncated\" data-read-more-name=\"description\" style=\"max-height: 500px; overflow: hidden;\">\n<div class=\"product__description-content read-more\" style=\"\">\n<p>Micro-ondes grill encastrable WHIRLPOOL W7MD440BSS : l&rsquo;alliance de l&rsquo;\u00e9l\u00e9gance et de la performance<\/p>\n<h3> <img fetchpriority=\"high\" decoding=\"async\" ,=\"\" alt=\"Micro ondes grill encastrable WHIRLPOOL W7MD440BSS\" class=\"wy_tableau_gauche\" height=\"270\" src=\"https:\/\/boulanger.scene7.com\/is\/image\/Boulanger\/8003437396878_h_f_l_0?wid=400&amp;hei=270\" width=\"400\"\/>Design raffin\u00e9 et cuisson de pointe                    <\/h3>\n<p>                        Le Micro-ondes grill encastrable WHIRLPOOL W7MD440BSS, issu de la prestigieuse W Collection, est un mod\u00e8le qui se distingue par son design \u00e9l\u00e9gant et ses fonctionnalit\u00e9s avanc\u00e9es. Parfaitement align\u00e9 avec la ligne W7, cet appareil en coloris Black Fiber s&rsquo;int\u00e8gre harmonieusement dans toute cuisine moderne. Dot\u00e9 d&rsquo;un bandeau de commande sensitif de 8 cm de hauteur et d&rsquo;un programmateur \u00e9lectronique intuitif, il offre une exp\u00e9rience utilisateur des plus agr\u00e9ables. La technologie 6\u00e8me Sens avec ses 21 recettes automatiques, le syst\u00e8me Double \u00e9mission d&rsquo;ondes &#8211; 3D System pour une cuisson homog\u00e8ne, et la fonction CRISP pour des plats croustillants en un temps record, font de ce micro-ondes un alli\u00e9 de taille pour les amateurs de cuisine rapide et savoureuse.                    <\/p>\n<\/p>\n<h3> <img decoding=\"async\" ,=\"\" alt=\"Micro ondes grill encastrable WHIRLPOOL W7MD440BSS\" class=\"wy_tableau_right\" height=\"270\" src=\"https:\/\/boulanger.scene7.com\/is\/image\/Boulanger\/8003437396878_h_f_l_1?wid=400&amp;hei=270\" width=\"400\"\/>Capacit\u00e9 g\u00e9n\u00e9reuse et accessoires pratiques                    <\/h3>\n<p>                        Avec une capacit\u00e9 de 31 litres et un plateau tournant de 32,5 cm, le WHIRLPOOL W7MD440BSS est con\u00e7u pour accueillir de grands plats, facilitant ainsi la pr\u00e9paration de repas pour toute la famille. Les accessoires fournis, tels que le plat CRISP avec poign\u00e9e et l&rsquo;accessoire Rice &amp; Pasta, \u00e9tendent les possibilit\u00e9s culinaires, permettant de cuire p\u00e2tes et riz ou de dorer parfaitement pizzas et quiches. La s\u00e9curit\u00e9 enfant, l&rsquo;\u00e9clairage int\u00e9rieur pour surveiller la cuisson, et la porte \u00e0 ouverture frontale sont autant de d\u00e9tails qui soulignent la fonctionnalit\u00e9 et la s\u00e9curit\u00e9 de cet appareil fabriqu\u00e9 en Italie. En somme, le Micro-ondes grill WHIRLPOOL W7MD440BSS est une solution compl\u00e8te pour ceux qui recherchent un appareil encastrable fiable, esth\u00e9tique et facile \u00e0 utiliser.                    <\/p>\n<\/p><\/div>\n<\/p>\n<\/div>\n<p><bl-button a11yexpanded=\"false\" arialabel=\"Afficher toute la description\" class=\"read-more__btn\" full=\"false\" link=\"true\"><\/bl-button><\/div>","protected":false},"excerpt":{"rendered":"<div class=\"keypoints\">\n<h3 class=\"keypoints__title\">Les points cl\u00e9s<\/h3>\n<ul role=\"list\">\n<li class=\"keypoints__item\" role=\"listitem\">                                        r\u00e9chauffer, d\u00e9congeler et gr\u00e2tiner vos plats et pizzas                      <\/li>\n<li class=\"keypoints__item\" role=\"listitem\">                          L x H x P : 59.5 x 38.5 x 46.8 cm &#8211;                                                      Diam\u00e8tre du plateau : 32,5 cm en verre                      <\/li>\n<li class=\"keypoints__item\" role=\"listitem\">                          tactile &#8211;                                                      Menus pr\u00e9programm\u00e9s du micro ondes : 21                      <\/li>\n<li class=\"keypoints__item\" role=\"listitem\">                                        Puissance du micro ondes : 1.000 W                      <\/li>\n<li class=\"keypoints__item keypoints__item--advantage\" role=\"listitem\"><strong>Le + :<\/strong> Fontion 6\u00e8me sens et fonction Crisp pour tous type de recettes      <\/li>\n<\/ul>","protected":false},"featured_media":33852,"template":"","meta":{"_glsr_average":0,"_glsr_ranking":0,"_glsr_reviews":0},"product_cat":[267],"product_tag":[230,268,269],"class_list":{"0":"post-39575","1":"product","2":"type-product","3":"status-publish","4":"has-post-thumbnail","6":"product_cat-micro-ondes-encastrable","7":"product_tag-cuisine-et-cuisson","8":"product_tag-micro-ondes","9":"product_tag-micro-ondes-encastrable","11":"first","12":"instock","13":"sale","14":"shipping-taxable","15":"purchasable","16":"product-type-simple"},"_links":{"self":[{"href":"https:\/\/electromenagerexpress.com\/en\/wp-json\/wp\/v2\/product\/39575","targetHints":{"allow":["GET"]}}],"collection":[{"href":"https:\/\/electromenagerexpress.com\/en\/wp-json\/wp\/v2\/product"}],"about":[{"href":"https:\/\/electromenagerexpress.com\/en\/wp-json\/wp\/v2\/types\/product"}],"wp:featuredmedia":[{"embeddable":true,"href":"https:\/\/electromenagerexpress.com\/en\/wp-json\/wp\/v2\/media\/33852"}],"wp:attachment":[{"href":"https:\/\/electromenagerexpress.com\/en\/wp-json\/wp\/v2\/media?parent=39575"}],"wp:term":[{"taxonomy":"product_cat","embeddable":true,"href":"https:\/\/electromenagerexpress.com\/en\/wp-json\/wp\/v2\/product_cat?post=39575"},{"taxonomy":"product_tag","embeddable":true,"href":"https:\/\/electromenagerexpress.com\/en\/wp-json\/wp\/v2\/product_tag?post=39575"}],"curies":[{"name":"wp","href":"https:\/\/api.w.org\/{rel}","templated":true}]}}