{"id":39539,"date":"2024-11-21T15:33:05","date_gmt":"2024-11-21T15:33:05","guid":{"rendered":"https:\/\/electromenagerexpress.com\/product\/micro-ondes-encastrable-samsung-nq5b4513gbb\/"},"modified":"2024-11-30T13:55:36","modified_gmt":"2024-11-30T13:55:36","slug":"micro-ondes-encastrable-samsung-nq5b4513gbb","status":"publish","type":"product","link":"https:\/\/electromenagerexpress.com\/en\/product\/micro-ondes-encastrable-samsung-nq5b4513gbb\/","title":{"rendered":"Micro ondes encastrable  SAMSUNG  NQ5B4513GBB"},"content":{"rendered":"<div class=\"product-features__content\">\n<h3 class=\"product-features__label\"><\/h3>\n<h3 class=\"product-features__label\">\u00a0 \u00a0Choisir ce produit pour quel usage ?<\/h3>\n<ul role=\"list\">\n<li style=\"list-style-type: none;\">\n<ul role=\"list\">\n<li class=\"product-features__item-list__item\" role=\"listitem\"><span class=\"is--medium\">Installation :<\/span> encastrable<\/li>\n<li class=\"product-features__item-list__item\" role=\"listitem\"><span class=\"is--medium\">Id\u00e9al pour :<\/span> r\u00e9chauffer et d\u00e9congeler<\/li>\n<li class=\"product-features__item-list__item\" role=\"listitem\"><span class=\"is--medium\">Volume :<\/span> 50 L<\/li>\n<li class=\"product-features__item-list__item\" role=\"listitem\"><span class=\"is--medium\">Adapt\u00e9 pour :<\/span> plat lasagnes<br \/>\n<h3 class=\"product-features__label\">Cuisiner avec la fonction four<\/h3>\n<ul role=\"list\">\n<li class=\"product-features__item-list__item\" role=\"listitem\"><span class=\"is--medium\">Maintien au chaud :<\/span> Oui<\/li>\n<li class=\"product-features__item-list__item\" role=\"listitem\"><span class=\"is--medium\">Menus pr\u00e9programm\u00e9s du four :<\/span> 0<br \/>\n<h3 class=\"product-features__label\">Fonctions du micro ondes<\/h3>\n<ul role=\"list\">\n<li class=\"product-features__item-list__item\" role=\"listitem\"><span class=\"is--medium\">Grill :<\/span> Non<\/li>\n<li class=\"product-features__item-list__item\" role=\"listitem\"><span class=\"is--medium\">Puissance du grill :<\/span> 0 W<\/li>\n<li class=\"product-features__item-list__item\" role=\"listitem\"><span class=\"is--medium\">D\u00e9cong\u00e9lation :<\/span> automatique, permet d&rsquo;adapter automatiquement la dur\u00e9e en indiquant le type et le poids des aliments<\/li>\n<li class=\"product-features__item-list__item\" role=\"listitem\"><span class=\"is--medium\">Menus pr\u00e9programm\u00e9s du micro ondes :<\/span> 20<\/li>\n<li class=\"product-features__item-list__item\" role=\"listitem\"><span class=\"is--medium\">Fonctions :<\/span> maintien au chaud, cuisson automatique<\/li>\n<li class=\"product-features__item-list__item\" role=\"listitem\"><span class=\"is--medium\">Puissance du micro ondes :<\/span> 900 W<\/li>\n<li class=\"product-features__item-list__item\" role=\"listitem\"><span class=\"is--medium\">Le saviez vous ? :<\/span> Il faut diff\u00e9rentes puissances selon le plat<\/li>\n<\/ul>\n<\/li>\n<\/ul>\n<\/li>\n<\/ul>\n<\/li>\n<li class=\"product-features__item\" role=\"listitem\">\n<h3 class=\"product-features__label\">Nettoyage \/ entretien<\/h3>\n<ul role=\"list\">\n<li class=\"product-features__item-list__item\" role=\"listitem\"><span class=\"is--medium\">Mati\u00e8re de la cavit\u00e9 :<\/span> c\u00e9ramique, permet une facilit\u00e9 d&rsquo;entretien. Les projections se nettoient facilement avec un petit coup d&rsquo;\u00e9ponge<\/li>\n<li class=\"product-features__item-list__item\" role=\"listitem\"><span class=\"is--medium\">Nettoyage :<\/span> manuel, peut \u00eatre simplifi\u00e9 avec un bol d&rsquo;eau et un jus de citron chauff\u00e9 au micro ondes pour ramollir les r\u00e9sidus<br \/>\n<h3 class=\"product-features__label\">Equipement et confort d&rsquo;utilisation<\/h3>\n<ul role=\"list\">\n<li class=\"product-features__item-list__item\" role=\"listitem\"><span class=\"is--medium\">Am\u00e9nagement int\u00e9rieur :<\/span> plateau d\u00e9brayable, permet de r\u00e9chauffer tous types de plats<\/li>\n<li class=\"product-features__item-list__item\" role=\"listitem\"><span class=\"is--medium\">Diam\u00e8tre du plateau :<\/span> 44 cm en verre<\/li>\n<li class=\"product-features__item-list__item\" role=\"listitem\"><span class=\"is--medium\">Type de commande :<\/span> boutons<\/li>\n<li class=\"product-features__item-list__item\" role=\"listitem\"><span class=\"is--medium\">Affichage de l&rsquo;heure :<\/span> Oui<\/li>\n<li class=\"product-features__item-list__item\" role=\"listitem\"><span class=\"is--medium\">S\u00e9curit\u00e9 enfant :<\/span> Oui<\/li>\n<li class=\"product-features__item-list__item\" role=\"listitem\"><span class=\"is--medium\">Le saviez vous ? :<\/span> Certaines mati\u00e8res ne sont pas conseill\u00e9es au micro-ondes : mati\u00e8res m\u00e9talliques, plastique non compatible, la terre cuite ou encore le cristal<\/li>\n<li class=\"product-features__item-list__item\" role=\"listitem\"><span class=\"is--medium\">Connect\u00e9 :<\/span> Non<br \/>\n<h3 class=\"product-features__label\">Finition et design<\/h3>\n<ul role=\"list\">\n<li class=\"product-features__item-list__item\" role=\"listitem\"><span class=\"is--medium\">Type d&rsquo;ouverture :<\/span> abattante avec poign\u00e9e<\/li>\n<li class=\"product-features__item-list__item\" role=\"listitem\"><span class=\"is--medium\">Couleur :<\/span> Noir<\/li>\n<li class=\"product-features__item-list__item\" role=\"listitem\"><span class=\"is--medium\">Eclairage int\u00e9rieur :<\/span> Oui<\/li>\n<\/ul>\n<\/li>\n<\/ul>\n<\/li>\n<\/ul>\n<\/li>\n<li class=\"product-features__item\" role=\"listitem\">\n<h3 class=\"product-features__label\">Dimensions<\/h3>\n<ul role=\"list\">\n<li class=\"product-features__item-list__item\" role=\"listitem\"><span class=\"is--medium\">L x H x P :<\/span> 59.5 x 45.6 x 57 cm<\/li>\n<li class=\"product-features__item-list__item\" role=\"listitem\"><span class=\"is--medium\">Dimensions d&rsquo;encastrement l x h x p :<\/span> 56 x 44.6 x 54.9 cm<\/li>\n<li class=\"product-features__item-list__item\" role=\"listitem\"><span class=\"is--medium\">Poids net :<\/span> 34,5 kg<\/li>\n<li class=\"product-features__item-list__item\" role=\"listitem\"><span class=\"is--medium\">Poids Brut :<\/span> 39,10 Kg<\/li>\n<li class=\"product-features__item-list__item\" role=\"listitem\"><span class=\"is--medium\">Hauteur niche d&rsquo;encastrement :<\/span> Micro ondes hauteur 45 cm<\/li>\n<li class=\"product-features__item-list__item\" role=\"listitem\"><span class=\"is--medium\">Le saviez vous ? :<\/span> Prenez soin de laisser un espace minimum de 10cm \u00e0 l&rsquo;arri\u00e8re de l&rsquo;appareil et de 20cm au dessus pour \u00e9viter la surchauffe<\/li>\n<\/ul>\n<\/li>\n<li class=\"product-features__item\" role=\"listitem\">\n<h3 class=\"product-features__label\">Informations compl\u00e9mentaires<\/h3>\n<ul role=\"list\">\n<li class=\"product-features__item-list__item\" role=\"listitem\"><span class=\"is--medium\">Fabriqu\u00e9 en :<\/span> Malaisie<\/li>\n<li class=\"product-features__item-list__item\" role=\"listitem\"><span class=\"is--medium\">Disponibilit\u00e9 des pi\u00e8ces d\u00e9tach\u00e9es:<\/span> Pendant 10 ans, \u00e0 compter de la date d&rsquo;achat<\/li>\n<li class=\"product-features__item-list__item\" role=\"listitem\"><span class=\"is--medium\">Le saviez vous ? :<\/span> Selon la norme NFC 15-100, le micro ondes doit \u00eatre branch\u00e9 sur une prise ind\u00e9pendante de 20A<\/li>\n<\/ul>\n<\/li>\n<\/ul>\n<\/div>\n<div class=\"product__disclosure-content\">\n<div class=\"js-read-more product-description__content read-more read-more--truncated\" style=\"max-height: 500px; overflow: hidden;\" data-read-more-name=\"description\">\n<p>Con\u00e7ue en c\u00e9ramique \u00e9mail et d&rsquo;une capacit\u00e9 de 50 litres, la cavit\u00e9 du micro-ondes solo Samsung NQ5B4513GBB vous offre une totale libert\u00e9 pour r\u00e9chauffer tous vos plats et vous garantit un nettoyage en toute facilit\u00e9. Gr\u00e2ce \u00e0 son vaste catalogue de fonctions automatiques, vous aurez 20 bonnes raisons de cuisiner au micro-ondes. Enfin, r\u00e9chauffez vos plats du bout des doigts (connectivit\u00e9 Wi-Fi), par commande vocale (Google, Alexa, Bixby) ou \u00e0 l&rsquo;aide de son \u00e9cran LED et ses 2 boutons rotatifs.<\/p>\n<h3>Samsung NQ5B4513GBB : place \u00e0 la cuisine !<\/h3>\n<p>La cavit\u00e9 c\u00e9ramique \u00e9mail de 50 litres offre non seulement de meilleures performances de cuisson mais aussi une excellente r\u00e9sistance \u00e0 l&rsquo;usure et \u00e0 l&rsquo;abrasion, tout en facilitant le nettoyage.<\/p>\n<h3>20 bonnes raisons de cuisiner au micro-ondes<\/h3>\n<p>Puissant (900W) et dot\u00e9 de 7 positions, le micro-ondes Solo Samsung NQ5B4513GBB contient un catalogue de 20 fonctions automatiques (15 de cuisson et 5 de d\u00e9cong\u00e9lation). Par exemple, la fonction \u00a0\u00bb\u00a0Maintien au chaud\u00a0\u00a0\u00bb garde vos plats \u00e0 la bonne temp\u00e9rature, sans que la cuisson continue, tandis que la fonction \u00a0\u00bb\u00a0D\u00e9sodorisation\u00a0\u00a0\u00bb vous permet d&rsquo;\u00e9vacuer l&rsquo;air hors de la cavit\u00e9 afin d&rsquo;\u00e9liminer les mauvaises odeurs<\/p>\n<p>Vous partez en courses mais vous avez oubli\u00e9 de d\u00e9congeler vos aliments\u00a0? Partez l&rsquo;esprit tranquille. Votre Samsung NQ5B4513GBB se connecte \u00e0 votre r\u00e9seau Wi-Fi domestique et peut se contr\u00f4ler partout et \u00e0 tout moment depuis l&rsquo;application SmartThings\u00a0! Le contr\u00f4le \u00e0 distance s&rsquo;applique aussi bien dans votre cuisine puisque ce micro-ondes int\u00e8gre plusieurs assistants vocaux (Google, Alexa, Bixby*) qui vous permettent de choisir votre programme, d\u00e9congeler vos aliments ou d&rsquo;\u00e9teindre par simple commande vocale.<\/p>\n<p>* Une connexion Wi-Fi est requise Bixby est la marque d&rsquo;assistant vocal d&rsquo;intelligence artificielle (IA) \/ Internet des objets (IoT) de Samsung. La disponibilit\u00e9 du service Bixby peut varier selon les pays. Bixby reconna\u00eet les langues s\u00e9lectionn\u00e9es et certains accents\/dialectes : anglais (\u00c9tats-Unis\/Royaume-Uni), mandarin, chinois et cor\u00e9en. La disponibilit\u00e9 des fonctionnalit\u00e9s et des fournisseurs de contenu de Bixby peut varier en fonction du pays\/op\u00e9rateur\/langue\/mod\u00e8le d&rsquo;appareil\/version du syst\u00e8me d&rsquo;exploitation. La liste des fonctionnalit\u00e9s pouvant \u00eatre contr\u00f4l\u00e9es par des commandes vocales via Bixby continuera de cro\u00eetre. Fonctionnalit\u00e9 mobile compatible avec la s\u00e9rie Samsung Galaxy 8 ou sup\u00e9rieure avec fonction Bixby. Connexion au compte Samsung et r\u00e9seau de donn\u00e9es (connexion Wi-Fi ou Internet) requis pour exploiter pleinement les fonctionnalit\u00e9s de Bixby. Les services d&rsquo;assistant vocal peuvent \u00eatre suspendus ou interrompus \u00e0 tout moment. *** Amazon, Alexa et tous les logos associ\u00e9s sont des marques commerciales d&rsquo;Amazon.com, Inc. ou de ses soci\u00e9t\u00e9s affili\u00e9es. Google est une marque d\u00e9pos\u00e9e de Google LLC<\/p>\n<\/div>\n<div class=\"js-read-more product-description__content read-more read-more--truncated\" style=\"max-height: 500px; overflow: hidden;\" data-read-more-name=\"description\">\n<h3>Un design in\u00e9dit, harmonieux et minimaliste<\/h3>\n<p>Tout en noir (noir inox sur son bandeau de contr\u00f4le et verre noir sur sa porte), le Samsung NQ5B4513GBB arbore un look design et \u00e9l\u00e9gant qui s&rsquo;int\u00e8grera parfaitement \u00e0 votre cuisine. Ce design harmonieux facilite aussi son usage puisqu&rsquo;il int\u00e8gre un \u00e9cran LED et de 2 boutons rotatifs dans son bandeau de contr\u00f4le, aussi intuitifs que discrets.<\/p>\n<\/div>\n<p>&nbsp;<\/p>\n<\/div>","protected":false},"excerpt":{"rendered":"<div class=\"keypoints\">\n<h3 class=\"keypoints__title\">Les points cl\u00e9s<\/h3>\n<ul role=\"list\">\n<li class=\"keypoints__item\" role=\"listitem\">r\u00e9chauffer et d\u00e9congeler<\/li>\n<li class=\"keypoints__item\" role=\"listitem\">L x H x P : 59.5 x 45.6 x 57 cm &#8211; Diam\u00e8tre du plateau : 44 cm en verre<\/li>\n<li class=\"keypoints__item\" role=\"listitem\">boutons &#8211; Menus pr\u00e9programm\u00e9s du micro ondes : 20<\/li>\n<li class=\"keypoints__item\" role=\"listitem\">Puissance du micro ondes : 900 W<\/li>\n<li class=\"keypoints__item keypoints__item--advantage\" role=\"listitem\"><strong>Le + :<\/strong> la fonction Steam Clean avec un nettoyage vapeur. 20 fonctions automatiques et produit connect\u00e9.<\/li>\n<\/ul>\n<\/div>","protected":false},"featured_media":33531,"template":"","meta":{"_glsr_average":0,"_glsr_ranking":0,"_glsr_reviews":0},"product_cat":[267],"product_tag":[230,268,269],"class_list":{"0":"post-39539","1":"product","2":"type-product","3":"status-publish","4":"has-post-thumbnail","6":"product_cat-micro-ondes-encastrable","7":"product_tag-cuisine-et-cuisson","8":"product_tag-micro-ondes","9":"product_tag-micro-ondes-encastrable","11":"first","12":"instock","13":"sale","14":"shipping-taxable","15":"purchasable","16":"product-type-simple"},"_links":{"self":[{"href":"https:\/\/electromenagerexpress.com\/en\/wp-json\/wp\/v2\/product\/39539","targetHints":{"allow":["GET"]}}],"collection":[{"href":"https:\/\/electromenagerexpress.com\/en\/wp-json\/wp\/v2\/product"}],"about":[{"href":"https:\/\/electromenagerexpress.com\/en\/wp-json\/wp\/v2\/types\/product"}],"wp:featuredmedia":[{"embeddable":true,"href":"https:\/\/electromenagerexpress.com\/en\/wp-json\/wp\/v2\/media\/33531"}],"wp:attachment":[{"href":"https:\/\/electromenagerexpress.com\/en\/wp-json\/wp\/v2\/media?parent=39539"}],"wp:term":[{"taxonomy":"product_cat","embeddable":true,"href":"https:\/\/electromenagerexpress.com\/en\/wp-json\/wp\/v2\/product_cat?post=39539"},{"taxonomy":"product_tag","embeddable":true,"href":"https:\/\/electromenagerexpress.com\/en\/wp-json\/wp\/v2\/product_tag?post=39539"}],"curies":[{"name":"wp","href":"https:\/\/api.w.org\/{rel}","templated":true}]}}