{"id":39536,"date":"2024-11-21T15:32:55","date_gmt":"2024-11-21T15:32:55","guid":{"rendered":"https:\/\/electromenagerexpress.com\/product\/micro-ondes-grill-encastrable-whirlpoolamw730ix\/"},"modified":"2024-12-01T12:21:51","modified_gmt":"2024-12-01T12:21:51","slug":"micro-ondes-grill-encastrable-whirlpoolamw730ix","status":"publish","type":"product","link":"https:\/\/electromenagerexpress.com\/en\/product\/micro-ondes-grill-encastrable-whirlpoolamw730ix\/","title":{"rendered":"Micro ondes grill encastrable  WHIRLPOOL\tAMW730IX"},"content":{"rendered":"<div class=\"product-features__content\">\n<h3 class=\"product-features__label\">\u00a0 \u00a0 \u00a0 \u00a0 \u00a0 \u00a0 \u00a0Choisir ce produit pour quel usage ?<\/h3>\n<ul role=\"list\">\n<li style=\"list-style-type: none;\">\n<ul role=\"list\">\n<li class=\"product-features__item-list__item\" role=\"listitem\"><span class=\"is--medium\">Installation :<\/span> encastrable<\/li>\n<li class=\"product-features__item-list__item\" role=\"listitem\"><span class=\"is--medium\">Id\u00e9al pour :<\/span> r\u00e9chauffer, d\u00e9congeler et gr\u00e2tiner vos plats et pizzas<\/li>\n<li class=\"product-features__item-list__item\" role=\"listitem\"><span class=\"is--medium\">A quoi \u00e7a sert :<\/span> la fonction grill permet de retrouver le croustillant des plats<\/li>\n<li class=\"product-features__item-list__item\" role=\"listitem\"><span class=\"is--medium\">Volume :<\/span> 31 L<\/li>\n<li class=\"product-features__item-list__item\" role=\"listitem\"><span class=\"is--medium\">Adapt\u00e9 pour :<\/span> une assiette<br \/>\n<h3 class=\"product-features__label\">Cuisiner avec la fonction four<\/h3>\n<ul role=\"list\">\n<li class=\"product-features__item-list__item\" role=\"listitem\"><span class=\"is--medium\">Maintien au chaud :<\/span> Non<\/li>\n<li class=\"product-features__item-list__item\" role=\"listitem\"><span class=\"is--medium\">Menus pr\u00e9programm\u00e9s du four :<\/span> 0<br \/>\n<h3 class=\"product-features__label\">Fonctions du micro ondes<\/h3>\n<ul role=\"list\">\n<li class=\"product-features__item-list__item\" role=\"listitem\"><span class=\"is--medium\">Grill :<\/span> Oui<\/li>\n<li class=\"product-features__item-list__item\" role=\"listitem\"><span class=\"is--medium\">Puissance du grill :<\/span> 800 W<\/li>\n<li class=\"product-features__item-list__item\" role=\"listitem\"><span class=\"is--medium\">D\u00e9cong\u00e9lation :<\/span> manuelle et automatique, permet d&rsquo;adapter automatiquement la dur\u00e9e en indiquant le type et le poids des aliments<\/li>\n<li class=\"product-features__item-list__item\" role=\"listitem\"><span class=\"is--medium\">Menus pr\u00e9programm\u00e9s du micro ondes :<\/span> 15<\/li>\n<li class=\"product-features__item-list__item\" role=\"listitem\"><span class=\"is--medium\">Fonctions :<\/span> cuisson rapide, cuisson automatique, r\u00e9chauffage rapide, fonction croustillante<\/li>\n<li class=\"product-features__item-list__item\" role=\"listitem\"><span class=\"is--medium\">Puissance du micro ondes :<\/span> 1.000 W<\/li>\n<li class=\"product-features__item-list__item\" role=\"listitem\"><span class=\"is--medium\">Le saviez vous ? :<\/span> Il faut diff\u00e9rentes puissances selon le plat<\/li>\n<\/ul>\n<\/li>\n<\/ul>\n<\/li>\n<\/ul>\n<\/li>\n<li class=\"product-features__item\" role=\"listitem\">\n<h3 class=\"product-features__label\">Nettoyage \/ entretien<\/h3>\n<ul role=\"list\">\n<li class=\"product-features__item-list__item\" role=\"listitem\"><span class=\"is--medium\">Mati\u00e8re de la cavit\u00e9 :<\/span> inox, est une mati\u00e8re r\u00e9sistante avec une longue dur\u00e9e de vie<\/li>\n<li class=\"product-features__item-list__item\" role=\"listitem\"><span class=\"is--medium\">Nettoyage :<\/span> manuel, peut \u00eatre simplifi\u00e9 avec un bol d&rsquo;eau et un jus de citron chauff\u00e9 au micro ondes pour ramollir les r\u00e9sidus<\/li>\n<\/ul>\n<\/li>\n<li class=\"product-features__item\" role=\"listitem\">\n<h3 class=\"product-features__label\">Equipement et confort d&rsquo;utilisation<\/h3>\n<ul role=\"list\">\n<li class=\"product-features__item-list__item\" role=\"listitem\"><span class=\"is--medium\">Am\u00e9nagement int\u00e9rieur :<\/span> plateau tournant pour r\u00e9chauffer de fa\u00e7on homog\u00e8ne<\/li>\n<li class=\"product-features__item-list__item\" role=\"listitem\"><span class=\"is--medium\">Diam\u00e8tre du plateau :<\/span> 32,5 cm en verre<\/li>\n<li class=\"product-features__item-list__item\" role=\"listitem\"><span class=\"is--medium\">Affichage de l&rsquo;heure :<\/span> Oui<\/li>\n<li class=\"product-features__item-list__item\" role=\"listitem\"><span class=\"is--medium\">S\u00e9curit\u00e9 enfant :<\/span> Oui<\/li>\n<li class=\"product-features__item-list__item\" role=\"listitem\"><span class=\"is--medium\">Le saviez vous ? :<\/span> Certaines mati\u00e8res ne sont pas conseill\u00e9es au micro-ondes : mati\u00e8res m\u00e9talliques, plastique non compatible, la terre cuite ou encore le cristal<\/li>\n<li class=\"product-features__item-list__item\" role=\"listitem\"><span class=\"is--medium\">Connect\u00e9 :<\/span> Non<\/li>\n<\/ul>\n<\/li>\n<li class=\"product-features__item\" role=\"listitem\">\n<h3 class=\"product-features__label\">Finition et design<\/h3>\n<ul role=\"list\">\n<li class=\"product-features__item-list__item\" role=\"listitem\"><span class=\"is--medium\">Type d&rsquo;ouverture :<\/span> abattante avec poign\u00e9e<\/li>\n<li class=\"product-features__item-list__item\" role=\"listitem\"><span class=\"is--medium\">Couleur :<\/span> Inox<\/li>\n<\/ul>\n<\/li>\n<li class=\"product-features__item\" role=\"listitem\">\n<h3 class=\"product-features__label\">Dimensions<\/h3>\n<ul role=\"list\">\n<li class=\"product-features__item-list__item\" role=\"listitem\"><span class=\"is--medium\">L x H x P :<\/span> 59.5 x 38.5 x 46.8 cm<\/li>\n<li class=\"product-features__item-list__item\" role=\"listitem\"><span class=\"is--medium\">Dimensions d&rsquo;encastrement l x h x p :<\/span> 55.6 x 38 x 56 cm<\/li>\n<li class=\"product-features__item-list__item\" role=\"listitem\"><span class=\"is--medium\">Poids net :<\/span> 27,0 kg<\/li>\n<li class=\"product-features__item-list__item\" role=\"listitem\"><span class=\"is--medium\">Poids Brut :<\/span> 29,00 Kg<\/li>\n<li class=\"product-features__item-list__item\" role=\"listitem\"><span class=\"is--medium\">Hauteur niche d&rsquo;encastrement :<\/span> Micro ondes hauteur 38 cm<\/li>\n<li class=\"product-features__item-list__item\" role=\"listitem\"><span class=\"is--medium\">Le saviez vous ? :<\/span> Prenez soin de laisser un espace minimum de 10cm \u00e0 l&rsquo;arri\u00e8re de l&rsquo;appareil et de 20cm au dessus pour \u00e9viter la surchauffe<\/li>\n<\/ul>\n<\/li>\n<li class=\"product-features__item\" role=\"listitem\">\n<h3 class=\"product-features__label\">Informations compl\u00e9mentaires<\/h3>\n<ul role=\"list\">\n<li class=\"product-features__item-list__item\" role=\"listitem\"><span class=\"is--medium\">Fabriqu\u00e9 en :<\/span> Italie<\/li>\n<li class=\"product-features__item-list__item\" role=\"listitem\"><span class=\"is--medium\">Disponibilit\u00e9 des pi\u00e8ces d\u00e9tach\u00e9es (donn\u00e9es fournisseur) :<\/span> Pendant 10 ans, \u00e0 compter de la date d&rsquo;achat<\/li>\n<li class=\"product-features__item-list__item\" role=\"listitem\"><span class=\"is--medium\">Le saviez vous ? :<\/span> Selon la norme NFC 15-100, le micro ondes doit \u00eatre branch\u00e9 sur une prise ind\u00e9pendante de 20A<\/li>\n<\/ul>\n<\/li>\n<\/ul>\n<\/div>\n<div class=\"product__disclosure-content\">\n<div class=\"js-read-more product-description__content read-more read-more--truncated\" style=\"max-height: 500px; overflow: hidden;\" data-read-more-name=\"description\">\n<p>Ce micro-ondes encastrable WHIRLPOOL AMW730IX vous propose son programmateur 6e sens, ses diff\u00e9rents types de cuissons, son gril Quartz, ses ondes double sortie 3D, ses programmes automatiques et sa capacit\u00e9 de 31 l pour prendre en charge tous vos plats et cuissons.<\/p>\n<h3>Des cuissons vari\u00e9es et parfaites<\/h3>\n<p>&nbsp;<\/p>\n<p>R\u00e9ussissez toutes vos pr\u00e9parations et d\u00e9couvrez toutes les possibilit\u00e9s d&rsquo;un micro-ondes avec ce mod\u00e8le encastrable WHIRLPOOL AMW730IX. Il offre sa technologie 3D avec <b>double \u00e9mission d&rsquo;ondes<\/b> au sein de la cavit\u00e9 : cela permet une meilleure r\u00e9partition de la chaleur pour des cuissons parfaitement homog\u00e8nes pour toutes vos pr\u00e9parations. L&rsquo;int\u00e9rieur de vos plats et aliments sera \u00e9galement tr\u00e8s bien cuit.<\/p>\n<p>Les <b>15 programmes automatiques<\/b> de cuisson vous permettront de lancer rapidement une pr\u00e9paration. Ces pr\u00e9r\u00e9glages vous proposent en effet une dur\u00e9e et une puissance de cuisson adapt\u00e9es au type d&rsquo;aliments ou de plats que vous s\u00e9lectionnez, pratique pour la d\u00e9cong\u00e9lation par exemple. \u00c0 ce titre, la fonctionnalit\u00e9 Jet Defrost permet de d\u00e9congeler jusqu&rsquo;\u00e0 7 fois plus rapidement qu&rsquo;un micro-ondes classique.<\/p>\n<p>&nbsp;<\/p>\n<h3>Technologie Crisp et fonctionnalit\u00e9s pratiques<\/h3>\n<p>&nbsp;<\/p>\n<p class=\"wy_tableau_right\"><img decoding=\"async\" src=\"https:\/\/boulanger.scene7.com\/is\/image\/Boulanger\/8003437394768_p2?wid=150&amp;hei=150\" width=\"150\" height=\"150\" \/><\/p>\n<p>Ce micro-ondes WHIRLPOOL AMW730IX vous propose sa <b>technologie CRISP<\/b> pour cuire 3 fois plus rapidement vos tartes, viandes et desserts qu&rsquo;un four traditionnel. Cela est rendu possible gr\u00e2ce aux 3 sources de chaleur et de cuisson : le gril, les ondes et le plat sp\u00e9cial Crisp. Vous pourrez ainsi multiplier les pr\u00e9parations et remplacer votre four.<\/p>\n<p>S&rsquo;offrant un design moderne, ce micro-ondes vous propose un panneau de commandes clair avec notamment un programmateur \u00e9lectronique pour vos cuissons. Le <b>bouton central 6e sens<\/b> permet d&rsquo;automatiser les cuissons et de les lancer en une seule touche. La cavit\u00e9 en inox poss\u00e8de une capacit\u00e9 de 31 l.<\/p>\n<p><video class=\"s7Video\" src=\"https:\/\/boulanger.scene7.com\/is\/content\/Boulanger\/8003437394768_v_0\" poster=\"https:\/\/boulanger.scene7.com\/is\/image\/Boulanger\/8003437394768_v_0?scl=1\" preload=\"metadata\" controls=\"controls\" width=\"100%\" height=\"150\"><\/video><\/p>\n<p><img decoding=\"async\" src=\"https:\/\/boulanger.scene7.com\/is\/image\/Boulanger\/EMS-top_AEM_MICRO-ONDES?wid=1260\" \/><\/p>\n<\/div>\n<p>&nbsp;<\/p>\n<\/div>","protected":false},"excerpt":{"rendered":"<div class=\"keypoints\">\n<h3 class=\"keypoints__title\">Les points cl\u00e9s<\/h3>\n<ul role=\"list\">\n<li class=\"keypoints__item\" role=\"listitem\">r\u00e9chauffer, d\u00e9congeler et gr\u00e2tiner vos plats et pizzas<\/li>\n<li class=\"keypoints__item\" role=\"listitem\">L x H x P : 59.5 x 38.5 x 46.8 cm &#8211; Diam\u00e8tre du plateau : 32,5 cm en verre<\/li>\n<li class=\"keypoints__item\" role=\"listitem\">bouton et tactile &#8211; Menus pr\u00e9programm\u00e9s du micro ondes : 15<\/li>\n<li class=\"keypoints__item\" role=\"listitem\">Puissance du micro ondes : 1.000 W<\/li>\n<li class=\"keypoints__item keypoints__item--advantage\" role=\"listitem\"><strong>Le + :<\/strong> Installation en moins de 5 min! Sans kit d&rsquo;encastrement, l&rsquo;installation devient simple et rapide<\/li>\n<\/ul>\n<p>&nbsp;<\/p>\n<\/div>","protected":false},"featured_media":33489,"template":"","meta":{"_glsr_average":0,"_glsr_ranking":0,"_glsr_reviews":0},"product_cat":[267],"product_tag":[230,268,269],"class_list":{"0":"post-39536","1":"product","2":"type-product","3":"status-publish","4":"has-post-thumbnail","6":"product_cat-micro-ondes-encastrable","7":"product_tag-cuisine-et-cuisson","8":"product_tag-micro-ondes","9":"product_tag-micro-ondes-encastrable","11":"first","12":"instock","13":"sale","14":"shipping-taxable","15":"purchasable","16":"product-type-simple"},"_links":{"self":[{"href":"https:\/\/electromenagerexpress.com\/en\/wp-json\/wp\/v2\/product\/39536","targetHints":{"allow":["GET"]}}],"collection":[{"href":"https:\/\/electromenagerexpress.com\/en\/wp-json\/wp\/v2\/product"}],"about":[{"href":"https:\/\/electromenagerexpress.com\/en\/wp-json\/wp\/v2\/types\/product"}],"wp:featuredmedia":[{"embeddable":true,"href":"https:\/\/electromenagerexpress.com\/en\/wp-json\/wp\/v2\/media\/33489"}],"wp:attachment":[{"href":"https:\/\/electromenagerexpress.com\/en\/wp-json\/wp\/v2\/media?parent=39536"}],"wp:term":[{"taxonomy":"product_cat","embeddable":true,"href":"https:\/\/electromenagerexpress.com\/en\/wp-json\/wp\/v2\/product_cat?post=39536"},{"taxonomy":"product_tag","embeddable":true,"href":"https:\/\/electromenagerexpress.com\/en\/wp-json\/wp\/v2\/product_tag?post=39536"}],"curies":[{"name":"wp","href":"https:\/\/api.w.org\/{rel}","templated":true}]}}