{"id":39174,"date":"2024-11-21T15:19:57","date_gmt":"2024-11-21T15:19:57","guid":{"rendered":"https:\/\/electromenagerexpress.com\/product\/piano-de-cuisson-inductionfalconprof100-induc-noir-brillant\/"},"modified":"2024-11-21T15:19:58","modified_gmt":"2024-11-21T15:19:58","slug":"piano-de-cuisson-inductionfalconprof100-induc-noir-brillant","status":"publish","type":"product","link":"https:\/\/electromenagerexpress.com\/en\/product\/piano-de-cuisson-inductionfalconprof100-induc-noir-brillant\/","title":{"rendered":"Piano de cuisson induction\t\t\t\t\t\t\tFALCON\t\t\t\tPROF+100 INDUC NOIR BRILLANT"},"content":{"rendered":"<div class=\"product-features__content\">\n<ul role=\"list\">\n<li class=\"product-features__item\" role=\"listitem\">\n<h3 class=\"product-features__label\">Nos services de livraison<\/h3>\n<ul role=\"list\">\n<li class=\"product-features__item-list__item\" role=\"listitem\"><span class=\"is--medium\">Livraison et reprise de votre ancien appareil offerts \u00e0 partir de 379 \u20ac :<\/span> <a href=\"https:\/\/www.boulanger.com\/evenement\/livraison-domicile\"> (voir conditions, en cliquant ici )<\/a><\/li>\n<\/ul>\n<\/li>\n<li class=\"product-features__item\" role=\"listitem\">\n<h3 class=\"product-features__label\">Le piano de cuisson vous apporte<\/h3>\n<ul role=\"list\">\n<li class=\"product-features__item-list__item\" role=\"listitem\"><span class=\"is--medium\">Des cuissons multiples :<\/span> assimil\u00e9 \u00e0 un \u00e9quipement professionnel, le piano de cuisson poss\u00e8de de multiples avantages lorsqu&rsquo;on aime cuisiner. Les multiples fours vous apportent la possibilit\u00e9s de cuisiner plusieurs plats en m\u00eame temps de l&rsquo;entr\u00e9e au dessert. Jusqu&rsquo;\u00e0 7 foyers, il permet de multiplier les pr\u00e9parations.\t\t\t\t\t<\/li>\n<li class=\"product-features__item-list__item\" role=\"listitem\"><span class=\"is--medium\">De l&rsquo;esth\u00e9tique :<\/span> vous pouvez personnaliser avec les mat\u00e9riaux de votre choix, les coloris qui vous inspirent jusqu&rsquo;aux mati\u00e8res des boutons et des poign\u00e9es.\t\t\t\t\t<\/li>\n<\/ul>\n<\/li>\n<li class=\"product-features__item\" role=\"listitem\">\n<h3 class=\"product-features__label\">Table de cuisson<\/h3>\n<ul role=\"list\">\n<li class=\"product-features__item-list__item\" role=\"listitem\"><span class=\"is--medium\">Type de table :<\/span> induction, mont\u00e9e tr\u00e8s rapide en temp\u00e9rature, gestion pr\u00e9cise de la cuisson et grande facilit\u00e9 d&rsquo;entretien. C&rsquo;est le meilleur compromis consommation d&rsquo;\u00e9nergie \/ s\u00e9curit\u00e9 \/ entretien. Necessite une casserolerie sp\u00e9cifique.\t\t\t\t\t<\/li>\n<li class=\"product-features__item-list__item\" role=\"listitem\"><span class=\"is--medium\">Puissance :<\/span> 7.360 W\t\t\t\t\t<\/li>\n<li class=\"product-features__item-list__item\" role=\"listitem\"><span class=\"is--medium\">Nombre de foyers total :<\/span> 5\t\t\t\t\t<\/li>\n<li class=\"product-features__item-list__item\" role=\"listitem\"><span class=\"is--medium\">Type de commande :<\/span> manettes\t\t\t\t\t<\/li>\n<li class=\"product-features__item-list__item\" role=\"listitem\"><span class=\"is--medium\">Emplacement des commandes :<\/span> en frontal au niveau du four\t\t\t\t\t<\/li>\n<li class=\"product-features__item-list__item\" role=\"listitem\"><span class=\"is--medium\">Nombre de niveaux de puissance :<\/span> 9\t\t\t\t\t<\/li>\n<li class=\"product-features__item-list__item\" role=\"listitem\"><span class=\"is--medium\">Avantage des niveaux de puissance :<\/span> un nombre de niveau de puissance \u00e9lev\u00e9 vous permet une meilleure ma\u00eetrise de la cuisson de vos aliments.\t\t\t\t\t<\/li>\n<li class=\"product-features__item-list__item\" role=\"listitem\"><span class=\"is--medium\">Nombre de boosters :<\/span> Non concern\u00e9\t\t\t\t\t<\/li>\n<li class=\"product-features__item-list__item\" role=\"listitem\"><span class=\"is--medium\">Fonction(s) de s\u00e9curit\u00e9 :<\/span> anti-surchauffe, verrouillage du clavier, t\u00e9moin de chaleur r\u00e9siduelle, d\u00e9tection d&rsquo;absence de r\u00e9cipient, t\u00e9moin de mise sous tension\t\t\t\t\t<\/li>\n<li class=\"product-features__item-list__item\" role=\"listitem\"><span class=\"is--medium\">Equipement(s) :<\/span> notice\t\t\t\t\t<\/li>\n<\/ul>\n<\/li>\n<li class=\"product-features__item\" role=\"listitem\">\n<h3 class=\"product-features__label\">Four<\/h3>\n<ul role=\"list\">\n<li class=\"product-features__item-list__item\" role=\"listitem\"><span class=\"is--medium\">Mode de cuisson :<\/span> chaleur tournante brass\u00e9e, le four est \u00e9quip\u00e9 de 2 r\u00e9sistances, une en bas (sole), une en haut (vo\u00fbte) et d&rsquo;une h\u00e9lice plac\u00e9e au fond de la cavit\u00e9 qui permet de brasser l&rsquo;air, pour une cuisson rapide et une repartition homog\u00e8ne de la chaleur.\t\t\t\t\t<\/li>\n<li class=\"product-features__item-list__item\" role=\"listitem\"><span class=\"is--medium\">Energie du four :<\/span> \u00e9lectrique\t\t\t\t\t<\/li>\n<li class=\"product-features__item-list__item\" role=\"listitem\"><span class=\"is--medium\">Volume de la cavit\u00e9 :<\/span> 82 L\t\t\t\t\t<\/li>\n<li class=\"product-features__item-list__item\" role=\"listitem\"><span class=\"is--medium\">Dimensions de la cavit\u00e9 l x h x p :<\/span> 46.7 x 43.8 x 38.5 cm\t\t\t\t\t<\/li>\n<li class=\"product-features__item-list__item\" role=\"listitem\"><span class=\"is--medium\">Valeurs du label \u00e9nergie :<\/span> Label \u00e9nergie A, Consommation en chaleur tournante 0,78 kW\t\t\t\t\t<\/li>\n<li class=\"product-features__item-list__item\" role=\"listitem\"><span class=\"is--medium\">Plages de temp\u00e9ratures (mini, maxi) :<\/span> 240\u00b0C\t\t\t\t\t<\/li>\n<li class=\"product-features__item-list__item\" role=\"listitem\"><span class=\"is--medium\">D\u00e9part diff\u00e9r\u00e9 :<\/span> Oui\t\t\t\t\t<\/li>\n<li class=\"product-features__item-list__item\" role=\"listitem\"><span class=\"is--medium\">Rev\u00eatement de la cavit\u00e9 :<\/span> \u00e9mail\t\t\t\t\t<\/li>\n<li class=\"product-features__item-list__item\" role=\"listitem\"><span class=\"is--medium\">Nettoyage :<\/span> catalyse, permet un auto-d\u00e9graissage qui fonctionne \u00e0 partir de 200\u00b0C. La graisse sera absorb\u00e9e pendant la cuisson, vous n&rsquo;avez plus qu&rsquo;\u00e0 passer un coup d&rsquo;\u00e9ponge sur la sole du four en fin de cuisson.\t\t\t\t\t<\/li>\n<li class=\"product-features__item-list__item\" role=\"listitem\"><span class=\"is--medium\">Commande :<\/span> boutons\t\t\t\t\t<\/li>\n<li class=\"product-features__item-list__item\" role=\"listitem\"><span class=\"is--medium\">Porte :<\/span> classique, cette porte prend vite la chaleur. Attention, il est d\u00e9conseill\u00e9 aux enfants de mettre les mains dessus.\t\t\t\t\t<\/li>\n<li class=\"product-features__item-list__item\" role=\"listitem\"><span class=\"is--medium\">Ouverture de porte :<\/span> lat\u00e9rale, s&rsquo;ouvre de la droite vers la gauche.\t\t\t\t\t<\/li>\n<li class=\"product-features__item-list__item\" role=\"listitem\"><span class=\"is--medium\">Fermeture de porte :<\/span> classique\t\t\t\t\t<\/li>\n<li class=\"product-features__item-list__item\" role=\"listitem\"><span class=\"is--medium\">Afficheur :<\/span> minuterie\t\t\t\t\t<\/li>\n<li class=\"product-features__item-list__item\" role=\"listitem\"><span class=\"is--medium\">Eclairage :<\/span> oui manuel\t\t\t\t\t<\/li>\n<li class=\"product-features__item-list__item\" role=\"listitem\"><span class=\"is--medium\">Puissance :<\/span> 2.500 W\t\t\t\t\t<\/li>\n<li class=\"product-features__item-list__item\" role=\"listitem\"><span class=\"is--medium\">Equipement(s) :<\/span> grille, l\u00e8che frites, plat airfry, handyrack\t\t\t\t\t<\/li>\n<li class=\"product-features__item-list__item\" role=\"listitem\"><span class=\"is--medium\">Avantage de la fonction handyrack :<\/span> la fonction handyrack facilite la vie par un syst\u00e8me ing\u00e9nieux de supports int\u00e9gr\u00e9s \u00e0 la porte. En cours de cuisson, plus aucun probl\u00e8me pour arroser votre gigot, ouvrez la porte, le plat est \u00e0 votre port\u00e9e.\t\t\t\t\t<\/li>\n<\/ul>\n<\/li>\n<li class=\"product-features__item\" role=\"listitem\">\n<h3 class=\"product-features__label\">Second four<\/h3>\n<ul role=\"list\">\n<li class=\"product-features__item-list__item\" role=\"listitem\"><span class=\"is--medium\">Mode de cuisson :<\/span> chaleur tournante brass\u00e9e, le four est \u00e9quip\u00e9 de 2 r\u00e9sistances, une en bas (sole), une en haut (vo\u00fbte) et d&rsquo;une h\u00e9lice plac\u00e9e au fond de la cavit\u00e9 qui permet de brasser l&rsquo;air, pour une cuisson rapide et une repartition homog\u00e8ne de la chaleur.\t\t\t\t\t<\/li>\n<li class=\"product-features__item-list__item\" role=\"listitem\"><span class=\"is--medium\">Energie du four :<\/span> \u00e9lectrique\t\t\t\t\t<\/li>\n<li class=\"product-features__item-list__item\" role=\"listitem\"><span class=\"is--medium\">Volume cavit\u00e9 :<\/span> 82 L\t\t\t\t\t<\/li>\n<li class=\"product-features__item-list__item\" role=\"listitem\"><span class=\"is--medium\">Dimensions de la cavit\u00e9 l x h x p :<\/span> 36.2 x 57.7 x 38.9 cm\t\t\t\t\t<\/li>\n<li class=\"product-features__item-list__item\" role=\"listitem\"><span class=\"is--medium\">Valeurs du label \u00e9nergie :<\/span> Label \u00e9nergie A, Consommation en chaleur tournante 0,78 kW\t\t\t\t\t<\/li>\n<li class=\"product-features__item-list__item\" role=\"listitem\"><span class=\"is--medium\">Nettoyage :<\/span> manuel, demande un entretien de votre four \u00e0 la main, \u00e0 l&rsquo;aide d&rsquo;une \u00e9ponge imbib\u00e9e de liquide vaisselle. Le nettoyage du four doit \u00eatre r\u00e9gulier.\t\t\t\t\t<\/li>\n<li class=\"product-features__item-list__item\" role=\"listitem\"><span class=\"is--medium\">Commande :<\/span> boutons\t\t\t\t\t<\/li>\n<li class=\"product-features__item-list__item\" role=\"listitem\"><span class=\"is--medium\">Porte :<\/span> classique, cette porte prend vite la chaleur. Attention, il est d\u00e9conseill\u00e9 aux enfants de mettre les mains dessus.\t\t\t\t\t<\/li>\n<li class=\"product-features__item-list__item\" role=\"listitem\"><span class=\"is--medium\">Ouverture de porte :<\/span> lat\u00e9rale, s&rsquo;ouvre de la gauche vers la droite.\t\t\t\t\t<\/li>\n<li class=\"product-features__item-list__item\" role=\"listitem\"><span class=\"is--medium\">Fermeture de porte :<\/span> classique\t\t\t\t\t<\/li>\n<li class=\"product-features__item-list__item\" role=\"listitem\"><span class=\"is--medium\">Puissance :<\/span> 2.500 W\t\t\t\t\t<\/li>\n<li class=\"product-features__item-list__item\" role=\"listitem\"><span class=\"is--medium\">Equipement(s) :<\/span> grille\t\t\t\t\t<\/li>\n<\/ul>\n<\/li>\n<li class=\"product-features__item\" role=\"listitem\">\n<h3 class=\"product-features__label\">Troisi\u00e8me four<\/h3>\n<ul role=\"list\">\n<li class=\"product-features__item-list__item\" role=\"listitem\"><span class=\"is--medium\">Mode de cuisson :<\/span> grill, la rapidit\u00e9 de cuisson permet de conserver les vitamines sensibles \u00e0 la chaleur et la r\u00e9alisation de gratins dor\u00e9s et croustillants.\t\t\t\t\t<\/li>\n<li class=\"product-features__item-list__item\" role=\"listitem\"><span class=\"is--medium\">Energie du four :<\/span> \u00e9lectrique\t\t\t\t\t<\/li>\n<li class=\"product-features__item-list__item\" role=\"listitem\"><span class=\"is--medium\">Dimensions de la cavit\u00e9 l x h x p :<\/span> 37 x 14.5 x 38 cm\t\t\t\t\t<\/li>\n<li class=\"product-features__item-list__item\" role=\"listitem\"><span class=\"is--medium\">Nettoyage :<\/span> manuel, demande un entretien de votre four \u00e0 la main, \u00e0 l&rsquo;aide d&rsquo;une \u00e9ponge imbib\u00e9e de liquide vaisselle. Le nettoyage du four doit \u00eatre r\u00e9gulier.\t\t\t\t\t<\/li>\n<li class=\"product-features__item-list__item\" role=\"listitem\"><span class=\"is--medium\">Porte :<\/span> classique, cette porte prend vite la chaleur. Attention, il est d\u00e9conseill\u00e9 aux enfants de mettre les mains dessus.\t\t\t\t\t<\/li>\n<li class=\"product-features__item-list__item\" role=\"listitem\"><span class=\"is--medium\">Ouverture de porte :<\/span> abattante, s&rsquo;ouvre du haut vers le bas.\t\t\t\t\t<\/li>\n<li class=\"product-features__item-list__item\" role=\"listitem\"><span class=\"is--medium\">Fermeture de porte :<\/span> classique\t\t\t\t\t<\/li>\n<li class=\"product-features__item-list__item\" role=\"listitem\"><span class=\"is--medium\">Puissance :<\/span> 2.300 W\t\t\t\t\t<\/li>\n<\/ul>\n<\/li>\n<li class=\"product-features__item\" role=\"listitem\">\n<h3 class=\"product-features__label\">Hotte<\/h3>\n<ul role=\"list\">\n<li class=\"product-features__item-list__item\" role=\"listitem\"><span class=\"is--medium\">Niveau sonore :<\/span> 0 dB\t\t\t\t\t<\/li>\n<\/ul>\n<\/li>\n<li class=\"product-features__item\" role=\"listitem\">\n<h3 class=\"product-features__label\">Installation<\/h3>\n<ul role=\"list\">\n<li class=\"product-features__item-list__item\" role=\"listitem\"><span class=\"is--medium\">C\u00e2ble d&rsquo;alimentation :<\/span> c\u00e2ble monophas\u00e9 non fourni\t\t\t\t\t<\/li>\n<li class=\"product-features__item-list__item\" role=\"listitem\"><span class=\"is--medium\">Amp\u00e9rage requis :<\/span> Le circuit d&rsquo;alimentation d&rsquo;une cuisini\u00e8re comporte une proctection diff\u00e9rentielle 30 mA de type A avec un disjoncteur d\u00e9di\u00e9 de calibre 32 A et un c\u00e2blage monophas\u00e9 en section 6 mm\u00b2.\t\t\t\t\t<\/li>\n<li class=\"product-features__item-list__item\" role=\"listitem\"><span class=\"is--medium\">Informations n\u00e9cessaires \u00e0 l&rsquo;installation de votre produit :<\/span> <a href=\"https:\/\/boulanger.scene7.com\/is\/content\/Boulanger\/amperage_cuisinieres\" target=\"_blank\">En savoir plus<\/a><\/li>\n<li class=\"product-features__item-list__item\" role=\"listitem\"><span class=\"is--medium\">Injecteur butane \/ propane fourni :<\/span> Non\t\t\t\t\t<\/li>\n<li class=\"product-features__item-list__item\" role=\"listitem\"><span class=\"is--medium\">Pieds r\u00e9glables :<\/span> Non\t\t\t\t\t<\/li>\n<li class=\"product-features__item-list__item\" role=\"listitem\"><span class=\"is--medium\">Plinthe :<\/span> Oui\t\t\t\t\t<\/li>\n<li class=\"product-features__item-list__item\" role=\"listitem\"><span class=\"is--medium\">Compartiment de rangement :<\/span> Non\t\t\t\t\t<\/li>\n<li class=\"product-features__item-list__item\" role=\"listitem\"><span class=\"is--medium\">Distance \u00e0 respecter entre la plaque de cuisson et la hotte :<\/span> entre 55 cm et 80 cm.\t\t\t\t\t<\/li>\n<li class=\"product-features__item-list__item\" role=\"listitem\"><span class=\"is--medium\">Coloris :<\/span> Noir brillant\t\t\t\t\t<\/li>\n<li class=\"product-features__item-list__item\" role=\"listitem\"><span class=\"is--medium\">Finition :<\/span> Chrome\t\t\t\t\t<\/li>\n<\/ul>\n<\/li>\n<li class=\"product-features__item\" role=\"listitem\">\n<h3 class=\"product-features__label\">Dimensions<\/h3>\n<ul role=\"list\">\n<li class=\"product-features__item-list__item\" role=\"listitem\"><span class=\"is--medium\">Dimensions l x h x p :<\/span> 99.4 x 93 x 64.2 cm\t\t\t\t\t<\/li>\n<li class=\"product-features__item-list__item\" role=\"listitem\"><span class=\"is--medium\">Dimensions emball\u00e9 l x h x p :<\/span> 110.5 x 115 x 73 cm\t\t\t\t\t<\/li>\n<li class=\"product-features__item-list__item\" role=\"listitem\"><span class=\"is--medium\">Poids Net :<\/span> 120,00 Kg\t\t\t\t\t<\/li>\n<li class=\"product-features__item-list__item\" role=\"listitem\"><span class=\"is--medium\">Poids Brut :<\/span> 124,00 Kg\t\t\t\t\t<\/li>\n<\/ul>\n<\/li>\n<li class=\"product-features__item\" role=\"listitem\">\n<h3 class=\"product-features__label\">Informations compl\u00e9mentaires<\/h3>\n<ul role=\"list\">\n<li class=\"product-features__item-list__item\" role=\"listitem\"><span class=\"is--medium\">Fabriqu\u00e9 en :<\/span> Grande Bretagne\t\t\t\t\t<\/li>\n<li class=\"product-features__item-list__item\" role=\"listitem\"><span class=\"is--medium\">Garantie :<\/span> 2 ans\t\t\t\t\t<\/li>\n<li class=\"product-features__item-list__item\" role=\"listitem\"><span class=\"is--medium\">Disponibilit\u00e9 des pi\u00e8ces d\u00e9tach\u00e9es (donn\u00e9es fournisseur) :<\/span> Pendant 8 ans\t\t\t\t\t<\/li>\n<\/ul>\n<\/li>\n<\/ul>\n<\/div>\n<div class=\"product__disclosure-content\">\n<div class=\"js-read-more product-description__content read-more read-more--truncated\" data-read-more-name=\"description\" style=\"max-height: 500px; overflow: hidden;\">\n<div class=\"product__description-content read-more\">\n<p>Piano de cuisson induction FALCON PROF+100 INDUC NOIR BRILLANT : L&rsquo;excellence britannique en cuisine<\/p>\n<h3><img fetchpriority=\"high\" decoding=\"async\" alt=\"Piano de cuisson induction FALCON PROF+100 INDUC NOIR BRILLANT\" class=\"wy_tableau_gauche\" height=\"270\" src=\"https:\/\/boulanger.scene7.com\/is\/image\/Boulanger\/5028683096078_h_f_l_0?wid=400&amp;hei=270\" width=\"400\"\/>Conception de prestige et performances culinaires<\/h3>\n<p>Le piano de cuisson FALCON PROF+100 INDUC NOIR BRILLANT est le fruit d&rsquo;un savoir-faire britannique ancestral, h\u00e9rit\u00e9 depuis 1830. Fabriqu\u00e9 en Angleterre, cet appareil de 100 cm incarne l&rsquo;\u00e9l\u00e9gance et l&rsquo;efficacit\u00e9. Avec ses deux grands fours \u00e9lectriques \u00e0 chaleur tournante, dont un programmable \u00e9quip\u00e9 d&rsquo;un Handyrack pour un acc\u00e8s facilit\u00e9 aux plats, et un four gril s\u00e9par\u00e9 avec plateau coulissant, il offre une polyvalence in\u00e9gal\u00e9e. La table de cuisson \u00e0 induction dispose de 5 foyers, chacun avec des r\u00e9glages pr\u00e9cis de basse temp\u00e9rature et haute puissance, ainsi que des fonctions de s\u00e9curit\u00e9 avanc\u00e9es, telles que la d\u00e9tection de r\u00e9cipient et le verrouillage pour enfants. Le bandeau de commandes coordonn\u00e9 compl\u00e8te ce tableau de ma\u00eetrise technique, faisant du FALCON PROF+100 un alli\u00e9 de taille pour les passionn\u00e9s de cuisine.<\/p>\n<p>\u00a0<\/p>\n<p>\u00a0<\/p>\n<h3><img decoding=\"async\" alt=\"Piano de cuisson induction FALCON PROF+100 INDUC NOIR BRILLANT\" class=\"wy_tableau_right\" height=\"270\" src=\"https:\/\/boulanger.scene7.com\/is\/image\/Boulanger\/5028683096078_h_f_l_1?wid=400&amp;hei=270\" width=\"400\"\/>Technologie de pointe et facilit\u00e9 d&rsquo;utilisation<\/h3>\n<p>Ce piano de cuisson induction se distingue par ses caract\u00e9ristiques techniques avanc\u00e9es. Les puissances des zones de cuisson varient de 1.15 kW \u00e0 3.00 kW, permettant une gestion optimale de la chaleur pour chaque type de pr\u00e9paration. Les capacit\u00e9s g\u00e9n\u00e9reuses des fours, 79 litres pour le four gauche et 82 litres pour le four droit, class\u00e9s A en termes d&rsquo;efficacit\u00e9 \u00e9nerg\u00e9tique, sont un gage d&rsquo;\u00e9conomie et de performance. L&rsquo;\u00e9clairage int\u00e9rieur, le minuteur avec horloge et les parois catalytiques du four gauche facilitent l&rsquo;entretien et l&rsquo;utilisation au quotidien. Avec un design noir brillant et des finitions chrom\u00e9es, le FALCON PROF+100 INDUC est autant un objet de d\u00e9coration qu&rsquo;un \u00e9quipement culinaire de premier choix. Il est livr\u00e9 sans c\u00e2ble d&rsquo;alimentation, conform\u00e9ment \u00e0 la politique de Falcon qui vise \u00e0 s&rsquo;adapter continuellement aux besoins sp\u00e9cifiques de chaque utilisateur.<\/p>\n<\/div>\n<p><a href=\"https:\/\/www.boulanger.com\/evenement\/livraison-domicile-gros-produits-service\" rel=\"noopener\" target=\"_blank\" title=\"Livraison \u00e0 domicile gros produits et service\"><img decoding=\"async\" height=\"160\" src=\"https:\/\/boulanger.scene7.com\/is\/image\/Boulanger\/Reprise ancien appareil?wid=1260\" width=\"1240\"\/><\/a><\/p>\n<\/div>\n<p><bl-button a11yexpanded=\"false\" arialabel=\"Afficher toute la description\" class=\"read-more__btn\" full=\"false\" link=\"true\">Voir plus<\/bl-button><\/div>","protected":false},"excerpt":{"rendered":"<div class=\"keypoints\">\n<h3 class=\"keypoints__title\">Les points cl\u00e9s<\/h3>\n<ul role=\"list\">\n<li class=\"keypoints__item\" role=\"listitem\">                                        Dimensions l x h x p : 99.4 x 93 x 64.2 cm                      <\/li>\n<li class=\"keypoints__item\" role=\"listitem\">                                        5 foyers, induction                      <\/li>\n<li class=\"keypoints__item\" role=\"listitem\">                                        nettoyage catalyse                      <\/li>\n<li class=\"keypoints__item\" role=\"listitem\">                                        3 fours, c\u00e2ble monophas\u00e9 non fourni                      <\/li>\n<li class=\"keypoints__item keypoints__item--advantage\" role=\"listitem\"><strong>Le + :<\/strong> Son esth\u00e9tique moderne avec bandeau de commandes coordonn\u00e9, ses 2 grands fours dont 1 programmable      <\/li>\n<\/ul>","protected":false},"featured_media":31131,"template":"","meta":{"_glsr_average":0,"_glsr_ranking":0,"_glsr_reviews":0},"product_cat":[256],"product_tag":[131,257,250],"class_list":{"0":"post-39174","1":"product","2":"type-product","3":"status-publish","4":"has-post-thumbnail","6":"product_cat-piano-de-cuisson","7":"product_tag-gros-electromenager","8":"product_tag-piano-de-cuisson","9":"product_tag-piano-de-cuisson-cuisiniere","11":"first","12":"instock","13":"sale","14":"shipping-taxable","15":"purchasable","16":"product-type-simple"},"_links":{"self":[{"href":"https:\/\/electromenagerexpress.com\/en\/wp-json\/wp\/v2\/product\/39174","targetHints":{"allow":["GET"]}}],"collection":[{"href":"https:\/\/electromenagerexpress.com\/en\/wp-json\/wp\/v2\/product"}],"about":[{"href":"https:\/\/electromenagerexpress.com\/en\/wp-json\/wp\/v2\/types\/product"}],"wp:featuredmedia":[{"embeddable":true,"href":"https:\/\/electromenagerexpress.com\/en\/wp-json\/wp\/v2\/media\/31131"}],"wp:attachment":[{"href":"https:\/\/electromenagerexpress.com\/en\/wp-json\/wp\/v2\/media?parent=39174"}],"wp:term":[{"taxonomy":"product_cat","embeddable":true,"href":"https:\/\/electromenagerexpress.com\/en\/wp-json\/wp\/v2\/product_cat?post=39174"},{"taxonomy":"product_tag","embeddable":true,"href":"https:\/\/electromenagerexpress.com\/en\/wp-json\/wp\/v2\/product_tag?post=39174"}],"curies":[{"name":"wp","href":"https:\/\/api.w.org\/{rel}","templated":true}]}}