{"id":38901,"date":"2024-11-21T15:10:16","date_gmt":"2024-11-21T15:10:16","guid":{"rendered":"https:\/\/electromenagerexpress.com\/product\/piano-de-cuisson-gazstovesrichmond-glass-100-dft-creme\/"},"modified":"2024-11-21T15:10:19","modified_gmt":"2024-11-21T15:10:19","slug":"piano-de-cuisson-gazstovesrichmond-glass-100-dft-creme","status":"publish","type":"product","link":"https:\/\/electromenagerexpress.com\/en\/product\/piano-de-cuisson-gazstovesrichmond-glass-100-dft-creme\/","title":{"rendered":"Piano de cuisson gaz\t\t\t\t\t\t\tSTOVES\t\t\t\tRICHMOND GLASS 100 DFT CREME"},"content":{"rendered":"<div class=\"product-features__content\">\n<ul role=\"list\">\n<li class=\"product-features__item\" role=\"listitem\">\n<h3 class=\"product-features__label\">Nos services de livraison<\/h3>\n<ul role=\"list\">\n<li class=\"product-features__item-list__item\" role=\"listitem\"><span class=\"is--medium\">Livraison et reprise de votre ancien appareil offerts \u00e0 partir de 379 \u20ac :<\/span> <a href=\"https:\/\/www.boulanger.com\/evenement\/livraison-domicile\"> (voir conditions, en cliquant ici )<\/a><\/li>\n<\/ul>\n<\/li>\n<li class=\"product-features__item\" role=\"listitem\">\n<h3 class=\"product-features__label\">Le piano de cuisson vous apporte<\/h3>\n<ul role=\"list\">\n<li class=\"product-features__item-list__item\" role=\"listitem\"><span class=\"is--medium\">Des cuissons multiples :<\/span> assimil\u00e9 \u00e0 un \u00e9quipement professionnel, le piano de cuisson poss\u00e8de de multiples avantages lorsqu&rsquo;on aime cuisiner. Les multiples fours vous apportent la possibilit\u00e9s de cuisiner plusieurs plats en m\u00eame temps de l&rsquo;entr\u00e9e au dessert. Jusqu&rsquo;\u00e0 7 foyers, il permet de multiplier les pr\u00e9parations.\t\t\t\t\t<\/li>\n<li class=\"product-features__item-list__item\" role=\"listitem\"><span class=\"is--medium\">De l&rsquo;esth\u00e9tique :<\/span> vous pouvez personnaliser avec les mat\u00e9riaux de votre choix, les coloris qui vous inspirent jusqu&rsquo;aux mati\u00e8res des boutons et des poign\u00e9es.\t\t\t\t\t<\/li>\n<\/ul>\n<\/li>\n<li class=\"product-features__item\" role=\"listitem\">\n<h3 class=\"product-features__label\">Table de cuisson<\/h3>\n<ul role=\"list\">\n<li class=\"product-features__item-list__item\" role=\"listitem\"><span class=\"is--medium\">Type de table :<\/span> gaz, chauffe rapide et contr\u00f4le visuel de la cuisson.\t\t\t\t\t<\/li>\n<li class=\"product-features__item-list__item\" role=\"listitem\"><span class=\"is--medium\">Puissance :<\/span> 27.960 W\t\t\t\t\t<\/li>\n<li class=\"product-features__item-list__item\" role=\"listitem\"><span class=\"is--medium\">Nombre de foyers total :<\/span> 6\t\t\t\t\t<\/li>\n<li class=\"product-features__item-list__item\" role=\"listitem\"><span class=\"is--medium\">Type de commande :<\/span> manettes\t\t\t\t\t<\/li>\n<li class=\"product-features__item-list__item\" role=\"listitem\"><span class=\"is--medium\">Emplacement des commandes :<\/span> en frontal au niveau du four\t\t\t\t\t<\/li>\n<li class=\"product-features__item-list__item\" role=\"listitem\"><span class=\"is--medium\">Nombre de niveaux de puissance :<\/span> 9\t\t\t\t\t<\/li>\n<li class=\"product-features__item-list__item\" role=\"listitem\"><span class=\"is--medium\">Avantage des niveaux de puissance :<\/span> un nombre de niveau de puissance \u00e9lev\u00e9 vous permet une meilleure ma\u00eetrise de la cuisson de vos aliments.\t\t\t\t\t<\/li>\n<li class=\"product-features__item-list__item\" role=\"listitem\"><span class=\"is--medium\">Nombre de boosters :<\/span> Non concern\u00e9\t\t\t\t\t<\/li>\n<li class=\"product-features__item-list__item\" role=\"listitem\"><span class=\"is--medium\">Fonction(s) de s\u00e9curit\u00e9 :<\/span> coupure de gaz automatique (thermocouple)\t\t\t\t\t<\/li>\n<li class=\"product-features__item-list__item\" role=\"listitem\"><span class=\"is--medium\">Equipement(s) :<\/span> notice\t\t\t\t\t<\/li>\n<\/ul>\n<\/li>\n<li class=\"product-features__item\" role=\"listitem\">\n<h3 class=\"product-features__label\">Four<\/h3>\n<ul role=\"list\">\n<li class=\"product-features__item-list__item\" role=\"listitem\"><span class=\"is--medium\">Mode de cuisson :<\/span> chaleur tournante puls\u00e9e, le four est \u00e9quip\u00e9 d&rsquo;une h\u00e9lice et d&rsquo;une r\u00e9sistance circulaire situ\u00e9es sur la paroi arri\u00e8re du four, pour une cuisson simultan\u00e9e de diff\u00e9rents plats sur plusieurs niveaux.\t\t\t\t\t<\/li>\n<li class=\"product-features__item-list__item\" role=\"listitem\"><span class=\"is--medium\">Energie du four :<\/span> \u00e9lectrique\t\t\t\t\t<\/li>\n<li class=\"product-features__item-list__item\" role=\"listitem\"><span class=\"is--medium\">Volume de la cavit\u00e9 :<\/span> 31 L\t\t\t\t\t<\/li>\n<li class=\"product-features__item-list__item\" role=\"listitem\"><span class=\"is--medium\">Valeurs du label \u00e9nergie :<\/span> Label \u00e9nergie A, Consommation en convection naturelle 0,73 kW\t\t\t\t\t<\/li>\n<li class=\"product-features__item-list__item\" role=\"listitem\"><span class=\"is--medium\">Nettoyage :<\/span> manuel, demande un entretien de votre four \u00e0 la main, \u00e0 l&rsquo;aide d&rsquo;une \u00e9ponge imbib\u00e9e de liquide vaisselle. Le nettoyage du four doit \u00eatre r\u00e9gulier.\t\t\t\t\t<\/li>\n<li class=\"product-features__item-list__item\" role=\"listitem\"><span class=\"is--medium\">Porte :<\/span> classique, cette porte prend vite la chaleur. Attention, il est d\u00e9conseill\u00e9 aux enfants de mettre les mains dessus.\t\t\t\t\t<\/li>\n<li class=\"product-features__item-list__item\" role=\"listitem\"><span class=\"is--medium\">Fermeture de porte :<\/span> classique\t\t\t\t\t<\/li>\n<li class=\"product-features__item-list__item\" role=\"listitem\"><span class=\"is--medium\">Puissance :<\/span> 2.000 W\t\t\t\t\t<\/li>\n<li class=\"product-features__item-list__item\" role=\"listitem\"><span class=\"is--medium\">Equipement(s) :<\/span> rails t\u00e9lescopiques, grille, l\u00e8che frites\t\t\t\t\t<\/li>\n<\/ul>\n<\/li>\n<li class=\"product-features__item\" role=\"listitem\">\n<h3 class=\"product-features__label\">Second four<\/h3>\n<ul role=\"list\">\n<li class=\"product-features__item-list__item\" role=\"listitem\"><span class=\"is--medium\">Mode de cuisson :<\/span> chaleur tournante puls\u00e9e, le four est \u00e9quip\u00e9 d&rsquo;une h\u00e9lice et d&rsquo;une r\u00e9sistance circulaire situ\u00e9es sur la paroi arri\u00e8re du four, pour une cuisson simultan\u00e9e de diff\u00e9rents plats sur plusieurs niveaux.\t\t\t\t\t<\/li>\n<li class=\"product-features__item-list__item\" role=\"listitem\"><span class=\"is--medium\">Energie du four :<\/span> \u00e9lectrique\t\t\t\t\t<\/li>\n<li class=\"product-features__item-list__item\" role=\"listitem\"><span class=\"is--medium\">Volume cavit\u00e9 :<\/span> 54 L\t\t\t\t\t<\/li>\n<li class=\"product-features__item-list__item\" role=\"listitem\"><span class=\"is--medium\">Valeurs du label \u00e9nergie :<\/span> Label \u00e9nergie A, Consommation en chaleur tournante 0,73 kW\t\t\t\t\t<\/li>\n<li class=\"product-features__item-list__item\" role=\"listitem\"><span class=\"is--medium\">Nettoyage :<\/span> manuel, demande un entretien de votre four \u00e0 la main, \u00e0 l&rsquo;aide d&rsquo;une \u00e9ponge imbib\u00e9e de liquide vaisselle. Le nettoyage du four doit \u00eatre r\u00e9gulier.\t\t\t\t\t<\/li>\n<li class=\"product-features__item-list__item\" role=\"listitem\"><span class=\"is--medium\">Puissance :<\/span> 2.000 W\t\t\t\t\t<\/li>\n<\/ul>\n<\/li>\n<li class=\"product-features__item\" role=\"listitem\">\n<h3 class=\"product-features__label\">Troisi\u00e8me four<\/h3>\n<ul role=\"list\">\n<li class=\"product-features__item-list__item\" role=\"listitem\"><span class=\"is--medium\">Mode de cuisson :<\/span> convection naturelle ou cuisson traditionnelle, il s&rsquo;agit de 2 r\u00e9sistances, une en bas (sole) et une en haut (vo\u00fbte) qui chauffent le four de mani\u00e8re verticale. Tr\u00e8s simple d&rsquo;utilisation, id\u00e9al pour les viandes et les g\u00e2teaux.\t\t\t\t\t<\/li>\n<li class=\"product-features__item-list__item\" role=\"listitem\"><span class=\"is--medium\">Energie du four :<\/span> \u00e9lectrique\t\t\t\t\t<\/li>\n<li class=\"product-features__item-list__item\" role=\"listitem\"><span class=\"is--medium\">Volume cavit\u00e9 :<\/span> 57 L\t\t\t\t\t<\/li>\n<li class=\"product-features__item-list__item\" role=\"listitem\"><span class=\"is--medium\">Valeurs du label \u00e9nergie :<\/span> Label \u00e9nergie A\t\t\t\t\t<\/li>\n<li class=\"product-features__item-list__item\" role=\"listitem\"><span class=\"is--medium\">Nettoyage :<\/span> manuel, demande un entretien de votre four \u00e0 la main, \u00e0 l&rsquo;aide d&rsquo;une \u00e9ponge imbib\u00e9e de liquide vaisselle. Le nettoyage du four doit \u00eatre r\u00e9gulier.\t\t\t\t\t<\/li>\n<\/ul>\n<\/li>\n<li class=\"product-features__item\" role=\"listitem\">\n<h3 class=\"product-features__label\">Quatri\u00e8me four<\/h3>\n<ul role=\"list\">\n<li class=\"product-features__item-list__item\" role=\"listitem\"><span class=\"is--medium\">Mode de cuisson :<\/span> convection naturelle ou cuisson traditionnelle, il s&rsquo;agit de 2 r\u00e9sistances, une en bas (sole) et une en haut (vo\u00fbte) qui chauffent le four de mani\u00e8re verticale. Tr\u00e8s simple d&rsquo;utilisation, id\u00e9al pour les viandes et les g\u00e2teaux.\t\t\t\t\t<\/li>\n<li class=\"product-features__item-list__item\" role=\"listitem\"><span class=\"is--medium\">Energie du four :<\/span> \u00e9lectrique\t\t\t\t\t<\/li>\n<li class=\"product-features__item-list__item\" role=\"listitem\"><span class=\"is--medium\">Volume cavit\u00e9 :<\/span> 40L\t\t\t\t\t<\/li>\n<li class=\"product-features__item-list__item\" role=\"listitem\"><span class=\"is--medium\">Nettoyage :<\/span> manuel, demande un entretien de votre four \u00e0 la main, \u00e0 l&rsquo;aide d&rsquo;une \u00e9ponge imbib\u00e9e de liquide vaisselle. Le nettoyage du four doit \u00eatre r\u00e9gulier.\t\t\t\t\t<\/li>\n<\/ul>\n<\/li>\n<li class=\"product-features__item\" role=\"listitem\">\n<h3 class=\"product-features__label\">Hotte<\/h3>\n<ul role=\"list\">\n<li class=\"product-features__item-list__item\" role=\"listitem\"><span class=\"is--medium\">Niveau sonore :<\/span> 0 dB\t\t\t\t\t<\/li>\n<\/ul>\n<\/li>\n<li class=\"product-features__item\" role=\"listitem\">\n<h3 class=\"product-features__label\">Installation<\/h3>\n<ul role=\"list\">\n<li class=\"product-features__item-list__item\" role=\"listitem\"><span class=\"is--medium\">C\u00e2ble d&rsquo;alimentation :<\/span> c\u00e2ble monophas\u00e9 non fourni\t\t\t\t\t<\/li>\n<li class=\"product-features__item-list__item\" role=\"listitem\"><span class=\"is--medium\">Amp\u00e9rage requis :<\/span> Le circuit d&rsquo;alimentation d&rsquo;une cuisini\u00e8re comporte une proctection diff\u00e9rentielle 30 mA de type AC avec un disjoncteur d\u00e9di\u00e9 de calibre 20 A et un c\u00e2blage monophas\u00e9 en section 2,5 mm\u00b2.\t\t\t\t\t<\/li>\n<li class=\"product-features__item-list__item\" role=\"listitem\"><span class=\"is--medium\">Informations n\u00e9cessaires \u00e0 l&rsquo;installation de votre produit :<\/span> <a href=\"https:\/\/boulanger.scene7.com\/is\/content\/Boulanger\/amperage_cuisinieres\" target=\"_blank\">En savoir plus<\/a><\/li>\n<li class=\"product-features__item-list__item\" role=\"listitem\"><span class=\"is--medium\">Injecteur butane \/ propane fourni :<\/span> Oui\t\t\t\t\t<\/li>\n<li class=\"product-features__item-list__item\" role=\"listitem\"><span class=\"is--medium\">Pieds r\u00e9glables :<\/span> Oui\t\t\t\t\t<\/li>\n<li class=\"product-features__item-list__item\" role=\"listitem\"><span class=\"is--medium\">Plinthe :<\/span> Non\t\t\t\t\t<\/li>\n<li class=\"product-features__item-list__item\" role=\"listitem\"><span class=\"is--medium\">Compartiment de rangement :<\/span> Non\t\t\t\t\t<\/li>\n<li class=\"product-features__item-list__item\" role=\"listitem\"><span class=\"is--medium\">Distance \u00e0 respecter entre la plaque de cuisson et la hotte :<\/span> entre 65 cm et 80 cm.\t\t\t\t\t<\/li>\n<li class=\"product-features__item-list__item\" role=\"listitem\"><span class=\"is--medium\">Coloris :<\/span> Cr\u00e8me\t\t\t\t\t<\/li>\n<\/ul>\n<\/li>\n<li class=\"product-features__item\" role=\"listitem\">\n<h3 class=\"product-features__label\">Dimensions<\/h3>\n<ul role=\"list\">\n<li class=\"product-features__item-list__item\" role=\"listitem\"><span class=\"is--medium\">Dimensions l x h x p :<\/span> 99.6 x 90 x 60 cm\t\t\t\t\t<\/li>\n<li class=\"product-features__item-list__item\" role=\"listitem\"><span class=\"is--medium\">Poids Net :<\/span> 104,35 Kg\t\t\t\t\t<\/li>\n<li class=\"product-features__item-list__item\" role=\"listitem\"><span class=\"is--medium\">Poids Brut :<\/span> 111,35 Kg\t\t\t\t\t<\/li>\n<\/ul>\n<\/li>\n<li class=\"product-features__item\" role=\"listitem\">\n<h3 class=\"product-features__label\">Informations compl\u00e9mentaires<\/h3>\n<ul role=\"list\">\n<li class=\"product-features__item-list__item\" role=\"listitem\"><span class=\"is--medium\">Fabriqu\u00e9 en :<\/span> Grande Bretagne\t\t\t\t\t<\/li>\n<li class=\"product-features__item-list__item\" role=\"listitem\"><span class=\"is--medium\">Garantie :<\/span> 2 ans\t\t\t\t\t<\/li>\n<li class=\"product-features__item-list__item\" role=\"listitem\"><span class=\"is--medium\">Disponibilit\u00e9 des pi\u00e8ces d\u00e9tach\u00e9es (donn\u00e9es fournisseur) :<\/span> Pendant 5 ans, \u00e0 compter de la date d&rsquo;achat\t\t\t\t\t<\/li>\n<\/ul>\n<\/li>\n<\/ul>\n<\/div>\n<div class=\"product__disclosure-content\">\n<div class=\"js-read-more product-description__content read-more read-more--truncated\" data-read-more-name=\"description\" style=\"max-height: 500px; overflow: hidden;\">\n<div class=\"product__description-content read-more\">\n<p>STOVES RICHMOND GLASS 100 DFT CREME : L&rsquo;\u00e9l\u00e9gance rencontre la performance<\/p>\n<h3><img fetchpriority=\"high\" decoding=\"async\" alt=\"Piano de cuisson gaz STOVES RICHMOND GLASS 100 DFT CREME\" class=\"wy_tableau_gauche\" height=\"270\" src=\"https:\/\/boulanger.scene7.com\/is\/image\/Boulanger\/5052263100077_h_f_l_0?wid=400&amp;hei=270\" width=\"400\"\/>Design raffin\u00e9 et fonctionnalit\u00e9s avanc\u00e9es<\/h3>\n<p>Le piano de cuisson STOVES RICHMOND GLASS 100 DFT CREME allie esth\u00e9tique et praticit\u00e9, offrant une exp\u00e9rience culinaire sans pr\u00e9c\u00e9dent. Avec son fond de table en verre c\u00e9ramique, ce mod\u00e8le n&rsquo;apporte pas seulement une touche d&rsquo;\u00e9l\u00e9gance \u00e0 votre cuisine gr\u00e2ce \u00e0 sa couleur cr\u00e8me et ses portes biseaut\u00e9es, mais il simplifie \u00e9galement l&rsquo;entretien. La table de cuisson comprend six foyers gaz, dont deux puissants br\u00fbleurs wok de 5 kW, et des supports de casseroles en fonte robustes. Le syst\u00e8me d&rsquo;allumage une main et la s\u00e9curit\u00e9 thermocouple assurent une utilisation ais\u00e9e et s\u00e9curis\u00e9e. Le kit de conversion GPL inclus offre une flexibilit\u00e9 d&rsquo;installation, tandis que le programmateur digital et la classe \u00e9nerg\u00e9tique A t\u00e9moignent de son efficacit\u00e9 et de sa modernit\u00e9.<\/p>\n<p>\u00a0<\/p>\n<p>\u00a0<\/p>\n<h3><img decoding=\"async\" alt=\"Piano de cuisson gaz STOVES RICHMOND GLASS 100 DFT CREME\" class=\"wy_tableau_right\" height=\"270\" src=\"https:\/\/boulanger.scene7.com\/is\/image\/Boulanger\/5052263100077_h_f_l_1?wid=400&amp;hei=270\" width=\"400\"\/>Une cuisson pr\u00e9cise et polyvalente<\/h3>\n<p>Dot\u00e9 de trois fours \u00e9lectriques et d&rsquo;un maxi gril, le STOVES RICHMOND GLASS 100 DFT CREME r\u00e9pond \u00e0 tous les besoins de cuisson. Le four multifonction offre 11 programmes, incluant des options sp\u00e9cialis\u00e9es comme la fonction pizza ou la lev\u00e9e de p\u00e2te \u00e0 pain. Les cavit\u00e9s b\u00e9n\u00e9ficient de l&rsquo;\u00e9mail pristine facile \u00e0 nettoyer et de rails t\u00e9lescopiques double extension pour un acc\u00e8s simplifi\u00e9 aux plats. Le kit Steam and Infuse inclus r\u00e9volutionne la cuisson en permettant des plats savoureux, moelleux \u00e0 l&rsquo;int\u00e9rieur et croustillants \u00e0 l&rsquo;ext\u00e9rieur. Avec une consommation d&rsquo;\u00e9nergie optimis\u00e9e et des volumes de cavit\u00e9 g\u00e9n\u00e9reux, ce piano de cuisson est con\u00e7u pour les passionn\u00e9s de gastronomie recherchant pr\u00e9cision et polyvalence dans leurs pr\u00e9parations culinaires.<\/p>\n<\/div>\n<p><a href=\"https:\/\/www.boulanger.com\/evenement\/livraison-domicile-gros-produits-service\" rel=\"noopener\" target=\"_blank\" title=\"Livraison \u00e0 domicile gros produits et service\"><img decoding=\"async\" height=\"160\" src=\"https:\/\/boulanger.scene7.com\/is\/image\/Boulanger\/Reprise ancien appareil?wid=1260\" width=\"1240\"\/><\/a><\/p>\n<\/div>\n<p><bl-button a11yexpanded=\"false\" arialabel=\"Afficher toute la description\" class=\"read-more__btn\" full=\"false\" link=\"true\">Voir plus<\/bl-button><\/div>","protected":false},"excerpt":{"rendered":"<div class=\"keypoints\">\n<h3 class=\"keypoints__title\">Les points cl\u00e9s<\/h3>\n<ul role=\"list\">\n<li class=\"keypoints__item\" role=\"listitem\">                                        Dimensions l x h x p : 99.6 x 90 x 60 cm                      <\/li>\n<li class=\"keypoints__item\" role=\"listitem\">                                        6 foyers, gaz                      <\/li>\n<li class=\"keypoints__item\" role=\"listitem\">                                        Four principal : 31 L, nettoyage manuel                      <\/li>\n<li class=\"keypoints__item\" role=\"listitem\">                                        4 fours, c\u00e2ble monophas\u00e9 non fourni                      <\/li>\n<li class=\"keypoints__item keypoints__item--advantage\" role=\"listitem\"><strong>Le + :<\/strong> fonction mijotage, pain et maintien au chaud.      <\/li>\n<\/ul>","protected":false},"featured_media":29364,"template":"","meta":{"_glsr_average":0,"_glsr_ranking":0,"_glsr_reviews":0},"product_cat":[256],"product_tag":[131,257,250],"class_list":{"0":"post-38901","1":"product","2":"type-product","3":"status-publish","4":"has-post-thumbnail","6":"product_cat-piano-de-cuisson","7":"product_tag-gros-electromenager","8":"product_tag-piano-de-cuisson","9":"product_tag-piano-de-cuisson-cuisiniere","11":"first","12":"instock","13":"sale","14":"shipping-taxable","15":"purchasable","16":"product-type-simple"},"_links":{"self":[{"href":"https:\/\/electromenagerexpress.com\/en\/wp-json\/wp\/v2\/product\/38901","targetHints":{"allow":["GET"]}}],"collection":[{"href":"https:\/\/electromenagerexpress.com\/en\/wp-json\/wp\/v2\/product"}],"about":[{"href":"https:\/\/electromenagerexpress.com\/en\/wp-json\/wp\/v2\/types\/product"}],"wp:featuredmedia":[{"embeddable":true,"href":"https:\/\/electromenagerexpress.com\/en\/wp-json\/wp\/v2\/media\/29364"}],"wp:attachment":[{"href":"https:\/\/electromenagerexpress.com\/en\/wp-json\/wp\/v2\/media?parent=38901"}],"wp:term":[{"taxonomy":"product_cat","embeddable":true,"href":"https:\/\/electromenagerexpress.com\/en\/wp-json\/wp\/v2\/product_cat?post=38901"},{"taxonomy":"product_tag","embeddable":true,"href":"https:\/\/electromenagerexpress.com\/en\/wp-json\/wp\/v2\/product_tag?post=38901"}],"curies":[{"name":"wp","href":"https:\/\/api.w.org\/{rel}","templated":true}]}}