{"id":38843,"date":"2024-11-21T15:07:36","date_gmt":"2024-11-21T15:07:36","guid":{"rendered":"https:\/\/electromenagerexpress.com\/product\/cuisiniere-electriquefagorface103b\/"},"modified":"2025-03-15T16:35:03","modified_gmt":"2025-03-15T16:35:03","slug":"cuisiniere-electriquefagorface103b","status":"publish","type":"product","link":"https:\/\/electromenagerexpress.com\/en\/product\/cuisiniere-electriquefagorface103b\/","title":{"rendered":"Cuisini\u00e8re \u00e9lectrique\tFAGOR\tFACE103B"},"content":{"rendered":"<div class=\"product-features__content\">\n<p>&nbsp;<\/p>\n<ul role=\"list\">\n<li class=\"product-features__item\" role=\"listitem\">\n<h3 class=\"product-features__label\">Table de cuisson<\/h3>\n<ul role=\"list\">\n<li class=\"product-features__item-list__item\" role=\"listitem\"><span class=\"is--medium\">Type de table :<\/span> \u00e9lectrique, mont\u00e9e lente en temp\u00e9rature, simple d&rsquo;utilisation.<\/li>\n<li class=\"product-features__item-list__item\" role=\"listitem\"><span class=\"is--medium\">Puissance totale :<\/span> 8.500 W<\/li>\n<li class=\"product-features__item-list__item\" role=\"listitem\"><span class=\"is--medium\">Nombre de foyers total :<\/span> 4<\/li>\n<li class=\"product-features__item-list__item\" role=\"listitem\"><span class=\"is--medium\">Dimensions des foyers :<\/span> 18 cm, 4,6 cm, 14,5 cm, 18 cm<\/li>\n<li class=\"product-features__item-list__item\" role=\"listitem\"><span class=\"is--medium\">Type de commande :<\/span> manettes<\/li>\n<li class=\"product-features__item-list__item\" role=\"listitem\"><span class=\"is--medium\">Emplacement des commandes :<\/span> en frontal au niveau du four<\/li>\n<li class=\"product-features__item-list__item\" role=\"listitem\"><span class=\"is--medium\">Nombre de niveaux de puissance :<\/span> 9<\/li>\n<li class=\"product-features__item-list__item\" role=\"listitem\"><span class=\"is--medium\">Avantage des niveaux de puissance :<\/span> un nombre de niveau de puissance \u00e9lev\u00e9 vous permet une meilleure ma\u00eetrise de la cuisson de vos aliments.<\/li>\n<li class=\"product-features__item-list__item\" role=\"listitem\"><span class=\"is--medium\">Nombre de boosters :<\/span> Non concern\u00e9<\/li>\n<li class=\"product-features__item-list__item\" role=\"listitem\"><span class=\"is--medium\">Programme(s) pr\u00e9d\u00e9fini(s) :<\/span> bouillir, fondre, maintenir au chaud, frire, mijoter<\/li>\n<li class=\"product-features__item-list__item\" role=\"listitem\"><span class=\"is--medium\">Fonction(s) de s\u00e9curit\u00e9 :<\/span> t\u00e9moin de chaleur r\u00e9siduelle<\/li>\n<\/ul>\n<\/li>\n<li class=\"product-features__item\" role=\"listitem\">\n<h3 class=\"product-features__label\">Four<\/h3>\n<ul role=\"list\">\n<li class=\"product-features__item-list__item\" role=\"listitem\"><span class=\"is--medium\">Mode de cuisson :<\/span> chaleur tournante brass\u00e9e, le four est \u00e9quip\u00e9 de 2 r\u00e9sistances, une en bas (sole), une en haut (vo\u00fbte) et d&rsquo;une h\u00e9lice plac\u00e9e au fond de la cavit\u00e9 qui permet de brasser l&rsquo;air, pour une cuisson rapide et une repartition homog\u00e8ne de la chaleur.<\/li>\n<li class=\"product-features__item-list__item\" role=\"listitem\"><span class=\"is--medium\">Energie du four :<\/span> \u00e9lectrique<\/li>\n<li class=\"product-features__item-list__item\" role=\"listitem\"><span class=\"is--medium\">Volume de la cavit\u00e9 :<\/span> 62 L<\/li>\n<li class=\"product-features__item-list__item\" role=\"listitem\"><span class=\"is--medium\">Valeurs du label \u00e9nergie :<\/span> Label \u00e9nergie A, Consommation en convection naturelle 0,99 kW, Consommation en chaleur tournante 0,77 kW<\/li>\n<li class=\"product-features__item-list__item\" role=\"listitem\"><span class=\"is--medium\">Nombre de programmes de cuisson :<\/span> 9<\/li>\n<li class=\"product-features__item-list__item\" role=\"listitem\"><span class=\"is--medium\">Rev\u00eatement de la cavit\u00e9 :<\/span> \u00e9mail<\/li>\n<li class=\"product-features__item-list__item\" role=\"listitem\"><span class=\"is--medium\">Nettoyage :<\/span> catalyse, permet un auto-d\u00e9graissage qui fonctionne \u00e0 partir de 200\u00b0C. La graisse sera absorb\u00e9e pendant la cuisson, vous n&rsquo;avez plus qu&rsquo;\u00e0 passer un coup d&rsquo;\u00e9ponge sur la sole du four en fin de cuisson.<\/li>\n<li class=\"product-features__item-list__item\" role=\"listitem\"><span class=\"is--medium\">D\u00e9tail des fonctions pour r\u00e9pondre \u00e0 toutes vos envies :<\/span> grille, l\u00e8che frites, Vitre-de-la-porte-d\u00e9montable<\/li>\n<li class=\"product-features__item-list__item\" role=\"listitem\"><span class=\"is--medium\">Commande :<\/span> boutons<\/li>\n<li class=\"product-features__item-list__item\" role=\"listitem\"><span class=\"is--medium\">Vitre de la porte d\u00e9montable :<\/span> oui, pour un nettoyage facilit\u00e9 et complet.<\/li>\n<li class=\"product-features__item-list__item\" role=\"listitem\"><span class=\"is--medium\">Porte :<\/span> temp\u00e9r\u00e9e, la porte de l&rsquo;appareil garde une certaine temp\u00e9rature, le risque de br\u00fblures est minimis\u00e9.<\/li>\n<li class=\"product-features__item-list__item\" role=\"listitem\"><span class=\"is--medium\">Ouverture de porte :<\/span> abattante, s&rsquo;ouvre du haut vers le bas.<\/li>\n<li class=\"product-features__item-list__item\" role=\"listitem\"><span class=\"is--medium\">Fermeture de porte :<\/span> classique<\/li>\n<li class=\"product-features__item-list__item\" role=\"listitem\"><span class=\"is--medium\">Afficheur :<\/span> minuterie<\/li>\n<li class=\"product-features__item-list__item\" role=\"listitem\"><span class=\"is--medium\">Eclairage :<\/span> oui manuel<\/li>\n<li class=\"product-features__item-list__item\" role=\"listitem\"><span class=\"is--medium\">Puissance :<\/span> 8.500 W<\/li>\n<li class=\"product-features__item-list__item\" role=\"listitem\"><span class=\"is--medium\">Equipement(s) :<\/span> grille, l\u00e8che frites<\/li>\n<\/ul>\n<\/li>\n<li class=\"product-features__item\" role=\"listitem\">\n<h3 class=\"product-features__label\">Installation<\/h3>\n<ul role=\"list\">\n<li class=\"product-features__item-list__item\" role=\"listitem\"><span class=\"is--medium\">C\u00e2ble d&rsquo;alimentation :<\/span> c\u00e2ble monophas\u00e9 fourni sans prise<\/li>\n<li class=\"product-features__item-list__item\" role=\"listitem\"><span class=\"is--medium\">Amp\u00e9rage requis :<\/span> Le circuit d&rsquo;alimentation d&rsquo;une cuisini\u00e8re comporte une proctection diff\u00e9rentielle 30 mA de type A avec un disjoncteur d\u00e9di\u00e9 de calibre 32 A et un c\u00e2blage monophas\u00e9 en section 6 mm\u00b2.<\/li>\n<li class=\"product-features__item-list__item\" role=\"listitem\"><span class=\"is--medium\">Injecteur butane \/ propane fourni :<\/span> Non<\/li>\n<li class=\"product-features__item-list__item\" role=\"listitem\"><span class=\"is--medium\">Pieds r\u00e9glables :<\/span> Non<\/li>\n<li class=\"product-features__item-list__item\" role=\"listitem\"><span class=\"is--medium\">Plinthe :<\/span> Non<\/li>\n<li class=\"product-features__item-list__item\" role=\"listitem\"><span class=\"is--medium\">Compartiment de rangement :<\/span> Non<\/li>\n<li class=\"product-features__item-list__item\" role=\"listitem\"><span class=\"is--medium\">Distance \u00e0 respecter entre la plaque de cuisson et la hotte :<\/span> entre 55 cm et 80 cm.<\/li>\n<\/ul>\n<\/li>\n<li class=\"product-features__item\" role=\"listitem\">\n<h3 class=\"product-features__label\">Dimensions<\/h3>\n<ul role=\"list\">\n<li class=\"product-features__item-list__item\" role=\"listitem\"><span class=\"is--medium\">Dimensions l x h x p :<\/span> 50 x 85 x 60 cm<\/li>\n<li class=\"product-features__item-list__item\" role=\"listitem\"><span class=\"is--medium\">Dimensions emball\u00e9 l x h x p :<\/span> 54 x 98 x 68 cm<\/li>\n<li class=\"product-features__item-list__item\" role=\"listitem\"><span class=\"is--medium\">Poids net :<\/span> 35,0 kg<\/li>\n<li class=\"product-features__item-list__item\" role=\"listitem\"><span class=\"is--medium\">Poids brut :<\/span> 39,0 kg<\/li>\n<\/ul>\n<\/li>\n<li class=\"product-features__item\" role=\"listitem\">\n<h3 class=\"product-features__label\">Informations compl\u00e9mentaires<\/h3>\n<ul role=\"list\">\n<li class=\"product-features__item-list__item\" role=\"listitem\"><span class=\"is--medium\">Fabriqu\u00e9 en :<\/span> Pologne<\/li>\n<li class=\"product-features__item-list__item\" role=\"listitem\"><span class=\"is--medium\">Garantie :<\/span> 2 ans<\/li>\n<li class=\"product-features__item-list__item\" role=\"listitem\"><span class=\"is--medium\">Disponibilit\u00e9 des pi\u00e8ces d\u00e9tach\u00e9es (donn\u00e9es fournisseur) :<\/span> Pendant 7 ans, \u00e0 compter de la date d&rsquo;achat<\/li>\n<\/ul>\n<\/li>\n<\/ul>\n<\/div>\n<div class=\"product__disclosure-content\">\n<div class=\"js-read-more product-description__content read-more read-more--truncated\" style=\"max-height: 500px; overflow: hidden;\" data-read-more-name=\"description\">\n<div class=\"product__description-content read-more\">\n<p>Cuisini\u00e8re \u00e9lectrique FAGOR FACE103B : l&rsquo;alliance de l&rsquo;efficacit\u00e9 et du style<\/p>\n<h3><img fetchpriority=\"high\" decoding=\"async\" class=\"wy_tableau_gauche\" src=\"https:\/\/boulanger.scene7.com\/is\/image\/Boulanger\/5906006582791_h_f_l_0?wid=400&amp;hei=270\" alt=\"Cuisini\u00e8re \u00e9lectrique FAGOR FACE103B\" width=\"400\" height=\"270\" \/>Design et fonctionnalit\u00e9s avanc\u00e9es<\/h3>\n<p>La cuisini\u00e8re \u00e9lectrique FAGOR FACE103B, avec son design \u00e9l\u00e9gant en blanc, s&rsquo;int\u00e8gre parfaitement dans toute cuisine moderne. Dot\u00e9e de dimensions compactes de 50 x 60 cm, elle offre un espace de cuisson optimal gr\u00e2ce \u00e0 ses <strong>4 foyers \u00e9lectriques<\/strong>, adapt\u00e9s \u00e0 toutes les tailles de casseroles et po\u00eales. Le foyer avant gauche d\u00e9livre une puissance de 1,5 kW et mesure 18 cm de diam\u00e8tre, id\u00e9al pour les<\/p>\n<\/div>\n<\/div>\n<p>&nbsp;<\/p>\n<div class=\"js-read-more product-description__content read-more read-more--truncated\" style=\"max-height: 500px; overflow: hidden;\" data-read-more-name=\"description\">\n<div class=\"product__description-content read-more\">\n<p>cuissons \u00e0 feu vif, tandis que le foyer avant droit, plus petit avec ses 4,6 cm, est parfait pour les t\u00e2ches d\u00e9licates avec sa puissance de 1 kW. \u00c0 l&rsquo;arri\u00e8re, deux foyers de 1 kW et 1,5 kW compl\u00e8tent l&rsquo;ensemble, offrant une flexibilit\u00e9 totale pour toutes les techniques de cuisson. La s\u00e9rigraphie contre-porte avec guide de cuisson est un atout pr\u00e9cieux pour les cuisiniers, permettant un suivi pr\u00e9cis des instructions et des temps de cuisson.<\/p>\n<h3>Performance et entretien simplifi\u00e9<\/h3>\n<p>Ce mod\u00e8le multifonction \u00e0 air brass\u00e9 propose 9 fonctions de cuisson, garantissant des r\u00e9sultats parfaits pour une grande vari\u00e9t\u00e9 de plats. Avec <strong>une cavit\u00e9 XL de 62 litres<\/strong> et une puissance de grill \u00e9lectrique de 1 500 W, la cuisini\u00e8re FAGOR FACE103B est capable de g\u00e9rer de grands repas avec facilit\u00e9. Le nettoyage est \u00e9galement simplifi\u00e9 gr\u00e2ce au syst\u00e8me de nettoyage catalyse accompagn\u00e9 de la fonction Hydro Clean, minimisant l&rsquo;effort et le temps consacr\u00e9 \u00e0 l&rsquo;entretien. La classe \u00e9nerg\u00e9tique A assure une consommation \u00e9lectrique optimis\u00e9e. La porte en verre \u00e0 double vitrage et le d\u00e9montage facile de la porte et des verres facilitent l&rsquo;acc\u00e8s pour un nettoyage en profondeur. Les gradins fils amovibles compatibles avec le lave-vaisselle et les accessoires tels qu&rsquo;une grille anti-basculement et une l\u00e8chefrite anti-adh\u00e9rente soulignent l&rsquo;engagement de FAGOR pour une exp\u00e9rience utilisateur sans tracas. Con\u00e7ue et fabriqu\u00e9e en Europe, cette cuisini\u00e8re \u00e9lectrique est un gage de qualit\u00e9 et de fiabilit\u00e9.<\/p>\n<\/div>\n<\/div>\n<p>&nbsp;<\/p>\n<p>&nbsp;<\/p>\n<\/div>","protected":false},"excerpt":{"rendered":"<div class=\"keypoints\">\n<h3 class=\"keypoints__title\">Les points cl\u00e9s<\/h3>\n<ul role=\"list\">\n<li class=\"keypoints__item\" role=\"listitem\">Dimensions l x h x p : 50 x 85 x 60 cm<\/li>\n<li class=\"keypoints__item\" role=\"listitem\">4 foyers, \u00e9lectrique<\/li>\n<li class=\"keypoints__item\" role=\"listitem\">Four principal : 62 L, chaleur tournante brass\u00e9e<\/li>\n<li class=\"keypoints__item\" role=\"listitem\">Nettoyage catalyse, c\u00e2ble monophas\u00e9 fourni sans prise<\/li>\n<li class=\"keypoints__item keypoints__item--advantage\" role=\"listitem\"><strong>Le + :<\/strong> cuisini\u00e8re id\u00e9ale pour les petits espaces gr\u00e2ce \u00e0 son faible encombrement.<\/li>\n<\/ul>\n<\/div>","protected":false},"featured_media":28809,"template":"","meta":{"_glsr_average":0,"_glsr_ranking":0,"_glsr_reviews":0},"product_cat":[264],"product_tag":[265,131,250],"class_list":{"0":"post-38843","1":"product","2":"type-product","3":"status-publish","4":"has-post-thumbnail","6":"product_cat-cuisiniere-electrique","7":"product_tag-cuisiniere-electrique","8":"product_tag-gros-electromenager","9":"product_tag-piano-de-cuisson-cuisiniere","11":"first","12":"instock","13":"sale","14":"shipping-taxable","15":"purchasable","16":"product-type-simple"},"_links":{"self":[{"href":"https:\/\/electromenagerexpress.com\/en\/wp-json\/wp\/v2\/product\/38843","targetHints":{"allow":["GET"]}}],"collection":[{"href":"https:\/\/electromenagerexpress.com\/en\/wp-json\/wp\/v2\/product"}],"about":[{"href":"https:\/\/electromenagerexpress.com\/en\/wp-json\/wp\/v2\/types\/product"}],"wp:featuredmedia":[{"embeddable":true,"href":"https:\/\/electromenagerexpress.com\/en\/wp-json\/wp\/v2\/media\/28809"}],"wp:attachment":[{"href":"https:\/\/electromenagerexpress.com\/en\/wp-json\/wp\/v2\/media?parent=38843"}],"wp:term":[{"taxonomy":"product_cat","embeddable":true,"href":"https:\/\/electromenagerexpress.com\/en\/wp-json\/wp\/v2\/product_cat?post=38843"},{"taxonomy":"product_tag","embeddable":true,"href":"https:\/\/electromenagerexpress.com\/en\/wp-json\/wp\/v2\/product_tag?post=38843"}],"curies":[{"name":"wp","href":"https:\/\/api.w.org\/{rel}","templated":true}]}}