{"id":38817,"date":"2024-11-21T15:06:45","date_gmt":"2024-11-21T15:06:45","guid":{"rendered":"https:\/\/electromenagerexpress.com\/product\/piano-de-cuisson-gazfalconclassic110-noir-chrm\/"},"modified":"2024-11-21T15:06:47","modified_gmt":"2024-11-21T15:06:47","slug":"piano-de-cuisson-gazfalconclassic110-noir-chrm","status":"publish","type":"product","link":"https:\/\/electromenagerexpress.com\/en\/product\/piano-de-cuisson-gazfalconclassic110-noir-chrm\/","title":{"rendered":"Piano de cuisson gaz\t\t\t\t\t\t\tFALCON\t\t\t\tCLASSIC110 NOIR CHRM"},"content":{"rendered":"<div class=\"product-features__content\">\n<ul role=\"list\">\n<li class=\"product-features__item\" role=\"listitem\">\n<h3 class=\"product-features__label\">Nos services de livraison<\/h3>\n<ul role=\"list\">\n<li class=\"product-features__item-list__item\" role=\"listitem\"><span class=\"is--medium\">Livraison et reprise de votre ancien appareil offerts \u00e0 partir de 379 \u20ac :<\/span> <a href=\"https:\/\/www.boulanger.com\/evenement\/livraison-domicile\"> (voir conditions, en cliquant ici )<\/a><\/li>\n<\/ul>\n<\/li>\n<li class=\"product-features__item\" role=\"listitem\">\n<h3 class=\"product-features__label\">Le piano de cuisson vous apporte<\/h3>\n<ul role=\"list\">\n<li class=\"product-features__item-list__item\" role=\"listitem\"><span class=\"is--medium\">Des cuissons multiples :<\/span> assimil\u00e9 \u00e0 un \u00e9quipement professionnel, le piano de cuisson poss\u00e8de de multiples avantages lorsqu&rsquo;on aime cuisiner. Les multiples fours vous apportent la possibilit\u00e9s de cuisiner plusieurs plats en m\u00eame temps de l&rsquo;entr\u00e9e au dessert. Jusqu&rsquo;\u00e0 7 foyers, il permet de multiplier les pr\u00e9parations.\t\t\t\t\t<\/li>\n<li class=\"product-features__item-list__item\" role=\"listitem\"><span class=\"is--medium\">De l&rsquo;esth\u00e9tique :<\/span> vous pouvez personnaliser avec les mat\u00e9riaux de votre choix, les coloris qui vous inspirent jusqu&rsquo;aux mati\u00e8res des boutons et des poign\u00e9es.\t\t\t\t\t<\/li>\n<\/ul>\n<\/li>\n<li class=\"product-features__item\" role=\"listitem\">\n<h3 class=\"product-features__label\">Table de cuisson<\/h3>\n<ul role=\"list\">\n<li class=\"product-features__item-list__item\" role=\"listitem\"><span class=\"is--medium\">Type de table :<\/span> gaz, chauffe rapide et contr\u00f4le visuel de la cuisson.\t\t\t\t\t<\/li>\n<li class=\"product-features__item-list__item\" role=\"listitem\"><span class=\"is--medium\">Puissance :<\/span> 14.400 W\t\t\t\t\t<\/li>\n<li class=\"product-features__item-list__item\" role=\"listitem\"><span class=\"is--medium\">Nombre de foyers total :<\/span> 6\t\t\t\t\t<\/li>\n<li class=\"product-features__item-list__item\" role=\"listitem\"><span class=\"is--medium\">Dont zone(s) sp\u00e9cifique(s) :<\/span> plancha\t\t\t\t\t<\/li>\n<li class=\"product-features__item-list__item\" role=\"listitem\"><span class=\"is--medium\">Foyer wok :<\/span> double couronne, offre une temp\u00e9rature mieux r\u00e9partie et plus \u00e9lev\u00e9e gr\u00e2ce \u00e0 ses 2 cercles de flammes. Adapt\u00e9 aux ustensiles de grandes tailles.\t\t\t\t\t<\/li>\n<li class=\"product-features__item-list__item\" role=\"listitem\"><span class=\"is--medium\">Type de commande :<\/span> manettes\t\t\t\t\t<\/li>\n<li class=\"product-features__item-list__item\" role=\"listitem\"><span class=\"is--medium\">Emplacement des commandes :<\/span> en frontal au niveau du four\t\t\t\t\t<\/li>\n<li class=\"product-features__item-list__item\" role=\"listitem\"><span class=\"is--medium\">Nombre de niveaux de puissance :<\/span> r\u00e9glage progressif (gaz)\t\t\t\t\t<\/li>\n<li class=\"product-features__item-list__item\" role=\"listitem\"><span class=\"is--medium\">Nombre de boosters :<\/span> Non concern\u00e9\t\t\t\t\t<\/li>\n<li class=\"product-features__item-list__item\" role=\"listitem\"><span class=\"is--medium\">Fonction(s) de s\u00e9curit\u00e9 :<\/span> coupure de gaz automatique (thermocouple)\t\t\t\t\t<\/li>\n<li class=\"product-features__item-list__item\" role=\"listitem\"><span class=\"is--medium\">Equipement(s) :<\/span> notice, mini cr\u00e9dence\t\t\t\t\t<\/li>\n<\/ul>\n<\/li>\n<li class=\"product-features__item\" role=\"listitem\">\n<h3 class=\"product-features__label\">Four<\/h3>\n<ul role=\"list\">\n<li class=\"product-features__item-list__item\" role=\"listitem\"><span class=\"is--medium\">Mode de cuisson :<\/span> chaleur tournante brass\u00e9e, le four est \u00e9quip\u00e9 de 2 r\u00e9sistances, une en bas (sole), une en haut (vo\u00fbte) et d&rsquo;une h\u00e9lice plac\u00e9e au fond de la cavit\u00e9 qui permet de brasser l&rsquo;air, pour une cuisson rapide et une repartition homog\u00e8ne de la chaleur.\t\t\t\t\t<\/li>\n<li class=\"product-features__item-list__item\" role=\"listitem\"><span class=\"is--medium\">Energie du four :<\/span> \u00e9lectrique\t\t\t\t\t<\/li>\n<li class=\"product-features__item-list__item\" role=\"listitem\"><span class=\"is--medium\">Volume de la cavit\u00e9 :<\/span> 79 L\t\t\t\t\t<\/li>\n<li class=\"product-features__item-list__item\" role=\"listitem\"><span class=\"is--medium\">Dimensions de la cavit\u00e9 l x h x p :<\/span> 46.7 x 43.8 x 38.5 cm\t\t\t\t\t<\/li>\n<li class=\"product-features__item-list__item\" role=\"listitem\"><span class=\"is--medium\">Valeurs du label \u00e9nergie :<\/span> Label \u00e9nergie A, Consommation en convection naturelle 0,83 kW, Consommation en chaleur tournante 0,83 kW\t\t\t\t\t<\/li>\n<li class=\"product-features__item-list__item\" role=\"listitem\"><span class=\"is--medium\">Plages de temp\u00e9ratures (mini, maxi) :<\/span> 240\u00b0C\t\t\t\t\t<\/li>\n<li class=\"product-features__item-list__item\" role=\"listitem\"><span class=\"is--medium\">D\u00e9part diff\u00e9r\u00e9 :<\/span> Oui\t\t\t\t\t<\/li>\n<li class=\"product-features__item-list__item\" role=\"listitem\"><span class=\"is--medium\">Rev\u00eatement de la cavit\u00e9 :<\/span> \u00e9mail\t\t\t\t\t<\/li>\n<li class=\"product-features__item-list__item\" role=\"listitem\"><span class=\"is--medium\">Nettoyage :<\/span> catalyse, permet un auto-d\u00e9graissage qui fonctionne \u00e0 partir de 200\u00b0C. La graisse sera absorb\u00e9e pendant la cuisson, vous n&rsquo;avez plus qu&rsquo;\u00e0 passer un coup d&rsquo;\u00e9ponge sur la sole du four en fin de cuisson.\t\t\t\t\t<\/li>\n<li class=\"product-features__item-list__item\" role=\"listitem\"><span class=\"is--medium\">Commande :<\/span> boutons\t\t\t\t\t<\/li>\n<li class=\"product-features__item-list__item\" role=\"listitem\"><span class=\"is--medium\">Porte :<\/span> classique, cette porte prend vite la chaleur. Attention, il est d\u00e9conseill\u00e9 aux enfants de mettre les mains dessus.\t\t\t\t\t<\/li>\n<li class=\"product-features__item-list__item\" role=\"listitem\"><span class=\"is--medium\">Ouverture de porte :<\/span> lat\u00e9rale, s&rsquo;ouvre de la droite vers la gauche.\t\t\t\t\t<\/li>\n<li class=\"product-features__item-list__item\" role=\"listitem\"><span class=\"is--medium\">Fermeture de porte :<\/span> classique\t\t\t\t\t<\/li>\n<li class=\"product-features__item-list__item\" role=\"listitem\"><span class=\"is--medium\">Afficheur :<\/span> minuterie\t\t\t\t\t<\/li>\n<li class=\"product-features__item-list__item\" role=\"listitem\"><span class=\"is--medium\">Eclairage :<\/span> oui manuel\t\t\t\t\t<\/li>\n<li class=\"product-features__item-list__item\" role=\"listitem\"><span class=\"is--medium\">Puissance :<\/span> 2.500 W\t\t\t\t\t<\/li>\n<li class=\"product-features__item-list__item\" role=\"listitem\"><span class=\"is--medium\">Equipement(s) :<\/span> grille, l\u00e8che frites, plat airfry, handyrack\t\t\t\t\t<\/li>\n<li class=\"product-features__item-list__item\" role=\"listitem\"><span class=\"is--medium\">Avantage de la fonction handyrack :<\/span> la fonction handyrack facilite la vie par un syst\u00e8me ing\u00e9nieux de supports int\u00e9gr\u00e9s \u00e0 la porte. En cours de cuisson, plus aucun probl\u00e8me pour arroser votre gigot, ouvrez la porte, le plat est \u00e0 votre port\u00e9e.\t\t\t\t\t<\/li>\n<\/ul>\n<\/li>\n<li class=\"product-features__item\" role=\"listitem\">\n<h3 class=\"product-features__label\">Second four<\/h3>\n<ul role=\"list\">\n<li class=\"product-features__item-list__item\" role=\"listitem\"><span class=\"is--medium\">Mode de cuisson :<\/span> chaleur tournante brass\u00e9e, le four est \u00e9quip\u00e9 de 2 r\u00e9sistances, une en bas (sole), une en haut (vo\u00fbte) et d&rsquo;une h\u00e9lice plac\u00e9e au fond de la cavit\u00e9 qui permet de brasser l&rsquo;air, pour une cuisson rapide et une repartition homog\u00e8ne de la chaleur.\t\t\t\t\t<\/li>\n<li class=\"product-features__item-list__item\" role=\"listitem\"><span class=\"is--medium\">Energie du four :<\/span> \u00e9lectrique\t\t\t\t\t<\/li>\n<li class=\"product-features__item-list__item\" role=\"listitem\"><span class=\"is--medium\">Volume cavit\u00e9 :<\/span> 79 L\t\t\t\t\t<\/li>\n<li class=\"product-features__item-list__item\" role=\"listitem\"><span class=\"is--medium\">Dimensions de la cavit\u00e9 l x h x p :<\/span> 46.7 x 43.8 x 38.5 cm\t\t\t\t\t<\/li>\n<li class=\"product-features__item-list__item\" role=\"listitem\"><span class=\"is--medium\">Valeurs du label \u00e9nergie :<\/span> Label \u00e9nergie A, Consommation en chaleur tournante 0,83 kW\t\t\t\t\t<\/li>\n<li class=\"product-features__item-list__item\" role=\"listitem\"><span class=\"is--medium\">Plages de temp\u00e9ratures (mini, maxi) :<\/span> 240\u00b0C\t\t\t\t\t<\/li>\n<li class=\"product-features__item-list__item\" role=\"listitem\"><span class=\"is--medium\">Nettoyage :<\/span> catalyse, permet un auto-d\u00e9graissage qui fonctionne \u00e0 partir de 200\u00b0C. La graisse sera absorb\u00e9e pendant la cuisson, vous n&rsquo;avez plus qu&rsquo;\u00e0 passer un coup d&rsquo;\u00e9ponge sur la sole du four en fin de cuisson.\t\t\t\t\t<\/li>\n<li class=\"product-features__item-list__item\" role=\"listitem\"><span class=\"is--medium\">Commande :<\/span> boutons\t\t\t\t\t<\/li>\n<li class=\"product-features__item-list__item\" role=\"listitem\"><span class=\"is--medium\">Porte :<\/span> classique, cette porte prend vite la chaleur. Attention, il est d\u00e9conseill\u00e9 aux enfants de mettre les mains dessus.\t\t\t\t\t<\/li>\n<li class=\"product-features__item-list__item\" role=\"listitem\"><span class=\"is--medium\">Ouverture de porte :<\/span> lat\u00e9rale, s&rsquo;ouvre de la gauche vers la droite.\t\t\t\t\t<\/li>\n<li class=\"product-features__item-list__item\" role=\"listitem\"><span class=\"is--medium\">Fermeture de porte :<\/span> classique\t\t\t\t\t<\/li>\n<li class=\"product-features__item-list__item\" role=\"listitem\"><span class=\"is--medium\">Eclairage :<\/span> oui manuel\t\t\t\t\t<\/li>\n<li class=\"product-features__item-list__item\" role=\"listitem\"><span class=\"is--medium\">Puissance :<\/span> 2.500 W\t\t\t\t\t<\/li>\n<li class=\"product-features__item-list__item\" role=\"listitem\"><span class=\"is--medium\">Equipement(s) :<\/span> grille\t\t\t\t\t<\/li>\n<\/ul>\n<\/li>\n<li class=\"product-features__item\" role=\"listitem\">\n<h3 class=\"product-features__label\">Troisi\u00e8me four<\/h3>\n<ul role=\"list\">\n<li class=\"product-features__item-list__item\" role=\"listitem\"><span class=\"is--medium\">Mode de cuisson :<\/span> grill, la rapidit\u00e9 de cuisson permet de conserver les vitamines sensibles \u00e0 la chaleur et la r\u00e9alisation de gratins dor\u00e9s et croustillants.\t\t\t\t\t<\/li>\n<li class=\"product-features__item-list__item\" role=\"listitem\"><span class=\"is--medium\">Energie du four :<\/span> \u00e9lectrique\t\t\t\t\t<\/li>\n<li class=\"product-features__item-list__item\" role=\"listitem\"><span class=\"is--medium\">Volume cavit\u00e9 :<\/span> 21 L\t\t\t\t\t<\/li>\n<li class=\"product-features__item-list__item\" role=\"listitem\"><span class=\"is--medium\">Dimensions de la cavit\u00e9 l x h x p :<\/span> 37 x 14.5 x 38 cm\t\t\t\t\t<\/li>\n<li class=\"product-features__item-list__item\" role=\"listitem\"><span class=\"is--medium\">Nettoyage :<\/span> manuel, demande un entretien de votre four \u00e0 la main, \u00e0 l&rsquo;aide d&rsquo;une \u00e9ponge imbib\u00e9e de liquide vaisselle. Le nettoyage du four doit \u00eatre r\u00e9gulier.\t\t\t\t\t<\/li>\n<li class=\"product-features__item-list__item\" role=\"listitem\"><span class=\"is--medium\">Porte :<\/span> classique, cette porte prend vite la chaleur. Attention, il est d\u00e9conseill\u00e9 aux enfants de mettre les mains dessus.\t\t\t\t\t<\/li>\n<li class=\"product-features__item-list__item\" role=\"listitem\"><span class=\"is--medium\">Ouverture de porte :<\/span> abattante, s&rsquo;ouvre du haut vers le bas.\t\t\t\t\t<\/li>\n<li class=\"product-features__item-list__item\" role=\"listitem\"><span class=\"is--medium\">Fermeture de porte :<\/span> classique\t\t\t\t\t<\/li>\n<li class=\"product-features__item-list__item\" role=\"listitem\"><span class=\"is--medium\">Puissance :<\/span> 2.300 W\t\t\t\t\t<\/li>\n<\/ul>\n<\/li>\n<li class=\"product-features__item\" role=\"listitem\">\n<h3 class=\"product-features__label\">Installation<\/h3>\n<ul role=\"list\">\n<li class=\"product-features__item-list__item\" role=\"listitem\"><span class=\"is--medium\">C\u00e2ble d&rsquo;alimentation :<\/span> c\u00e2ble monophas\u00e9 non fourni\t\t\t\t\t<\/li>\n<li class=\"product-features__item-list__item\" role=\"listitem\"><span class=\"is--medium\">Amp\u00e9rage requis :<\/span> Le circuit d&rsquo;alimentation d&rsquo;une cuisini\u00e8re comporte une proctection diff\u00e9rentielle 30 mA de type AC avec un disjoncteur d\u00e9di\u00e9 de calibre 20 A et un c\u00e2blage monophas\u00e9 en section 2,5 mm\u00b2.\t\t\t\t\t<\/li>\n<li class=\"product-features__item-list__item\" role=\"listitem\"><span class=\"is--medium\">Informations n\u00e9cessaires \u00e0 l&rsquo;installation de votre produit :<\/span> <a href=\"https:\/\/boulanger.scene7.com\/is\/content\/Boulanger\/amperage_cuisinieres\" target=\"_blank\">En savoir plus<\/a><\/li>\n<li class=\"product-features__item-list__item\" role=\"listitem\"><span class=\"is--medium\">Injecteur butane \/ propane fourni :<\/span> Oui\t\t\t\t\t<\/li>\n<li class=\"product-features__item-list__item\" role=\"listitem\"><span class=\"is--medium\">Pieds r\u00e9glables :<\/span> Non\t\t\t\t\t<\/li>\n<li class=\"product-features__item-list__item\" role=\"listitem\"><span class=\"is--medium\">Plinthe :<\/span> Oui\t\t\t\t\t<\/li>\n<li class=\"product-features__item-list__item\" role=\"listitem\"><span class=\"is--medium\">Compartiment de rangement :<\/span> Oui\t\t\t\t\t<\/li>\n<li class=\"product-features__item-list__item\" role=\"listitem\"><span class=\"is--medium\">Distance \u00e0 respecter entre la plaque de cuisson et la hotte :<\/span> entre 65 cm et 80 cm.\t\t\t\t\t<\/li>\n<li class=\"product-features__item-list__item\" role=\"listitem\"><span class=\"is--medium\">Coloris :<\/span> Noir\t\t\t\t\t<\/li>\n<li class=\"product-features__item-list__item\" role=\"listitem\"><span class=\"is--medium\">Finition :<\/span> Chrome\t\t\t\t\t<\/li>\n<\/ul>\n<\/li>\n<li class=\"product-features__item\" role=\"listitem\">\n<h3 class=\"product-features__label\">Consommation &amp; \u00e9conomie d&rsquo;\u00e9nergie<\/h3>\n<ul role=\"list\">\n<li class=\"product-features__item-list__item\" role=\"listitem\"><span class=\"is--medium\">Puissance totale :<\/span> 7.440 W\t\t\t\t\t<\/li>\n<\/ul>\n<\/li>\n<li class=\"product-features__item\" role=\"listitem\">\n<h3 class=\"product-features__label\">Dimensions<\/h3>\n<ul role=\"list\">\n<li class=\"product-features__item-list__item\" role=\"listitem\"><span class=\"is--medium\">Dimensions l x h x p :<\/span> 109.2 x 93 x 67 cm\t\t\t\t\t<\/li>\n<li class=\"product-features__item-list__item\" role=\"listitem\"><span class=\"is--medium\">Dimensions emball\u00e9 l x h x p :<\/span> 120 x 114.5 x 73 cm\t\t\t\t\t<\/li>\n<li class=\"product-features__item-list__item\" role=\"listitem\"><span class=\"is--medium\">Poids Net :<\/span> 137,00 Kg\t\t\t\t\t<\/li>\n<li class=\"product-features__item-list__item\" role=\"listitem\"><span class=\"is--medium\">Poids Brut :<\/span> 142,00 Kg\t\t\t\t\t<\/li>\n<\/ul>\n<\/li>\n<li class=\"product-features__item\" role=\"listitem\">\n<h3 class=\"product-features__label\">Informations compl\u00e9mentaires<\/h3>\n<ul role=\"list\">\n<li class=\"product-features__item-list__item\" role=\"listitem\"><span class=\"is--medium\">Fabriqu\u00e9 en :<\/span> Grande Bretagne\t\t\t\t\t<\/li>\n<li class=\"product-features__item-list__item\" role=\"listitem\"><span class=\"is--medium\">Garantie :<\/span> 2 ans\t\t\t\t\t<\/li>\n<li class=\"product-features__item-list__item\" role=\"listitem\"><span class=\"is--medium\">Disponibilit\u00e9 des pi\u00e8ces d\u00e9tach\u00e9es (donn\u00e9es fournisseur) :<\/span> Pendant 7 ans, \u00e0 compter de la date d&rsquo;achat\t\t\t\t\t<\/li>\n<\/ul>\n<\/li>\n<\/ul>\n<\/div>\n<div class=\"product__disclosure-content\">\n<div class=\"js-read-more product-description__content read-more read-more--truncated\" data-read-more-name=\"description\" style=\"max-height: 500px; overflow: hidden;\">\n<p>\u00c9quipez-vous d&rsquo;un mat\u00e9riel haut de gamme en vous procurant la cuisini\u00e8re FALCON CLASSIC 110 Mixte rouge laiton. Table de cuisson gaz, 2 fours et de multiples fonctions pratiques vous attendent !<\/p>\n<h3>Une table de cuisson puissante et efficace<img fetchpriority=\"high\" decoding=\"async\" alt=\"Cuisini\u00e8re FALCON CLASSIC 110 Mixte ROUGE LAITON\" class=\"wy_tableau_gauche\" height=\"270\" src=\"https:\/\/boulanger.scene7.com\/is\/image\/Boulanger\/5028683084594_h_f_l_0?wid=400&amp;hei=270\" width=\"400\"\/><\/h3>\n<p>La cuisini\u00e8re FALCON CLASSIC 110 Mixte vous offre <b>5 foyers gaz<\/b> ayant une puissance totale de 10,9 kW. Vous pourrez donc mijoter, frire, saisir&#8230; comme bon vous semble ! Elle est dot\u00e9e de l&rsquo;<b>allumage une main<\/b>, tr\u00e8s pratique et rapide pour d\u00e9buter ses cuissons. Son panneau de commandes en fa\u00e7ade est intuitif !<\/p>\n<p>La taille de ses diff\u00e9rents foyers vous permet d&rsquo;utiliser, sans mal, vos petites et grandes casseroles. De plus, <b>ses grilles sont en fonte<\/b> et proposent une zone chauffe-plats, <b>un support pour wok et une grille plancha<\/b>. Vous allez donc pouvoir cuisiner de multiples mani\u00e8res gr\u00e2ce \u00e0 votre cuisini\u00e8re et faire plaisir aux petits et aux grands !<\/p>\n<h3>Deux fours pour tout cuisiner rapidement<img decoding=\"async\" alt=\"Cuisini\u00e8re FALCON CLASSIC 110 Mixte ROUGE LAITON\" class=\"wy_tableau_right\" height=\"270\" src=\"https:\/\/boulanger.scene7.com\/is\/image\/Boulanger\/5028683084594_h_f_l_3?wid=400&amp;hei=270\" width=\"400\"\/><\/h3>\n<p>Gr\u00e2ce \u00e0 la cuisini\u00e8re FALCON CLASSIC 110 Mixte, vous ne profitez pas d&rsquo;un four, mais de deux ! Le premier, \u00e0 gauche, avec son <b>volume de 80 litres<\/b>, utilise la convection naturelle et est dot\u00e9 de deux fonctions, dont l&rsquo;option de brunissage. Il se nettoie automatiquement gr\u00e2ce \u00e0 ses <b>parois catalytiques<\/b>.<\/p>\n<p>Le second four, situ\u00e9 \u00e0 droite, est \u00e9galement muni de parois catalytiques et poss\u00e8de un <b>volume de 73 litres<\/b>. Il vous permet d&rsquo;utiliser <b>la chaleur tournante<\/b>, pour une cuisson parfaitement homog\u00e8ne et toujours r\u00e9ussie. La zone des fours contient \u00e9galement un tiroir de rangement et ils sont programmables gr\u00e2ce \u00e0 une minuterie.<\/p>\n<\/p>\n<p><a href=\"https:\/\/www.boulanger.com\/evenement\/livraison-domicile-gros-produits-service\" rel=\"noopener\" target=\"_blank\" title=\"Livraison \u00e0 domicile gros produits et service\"><img decoding=\"async\" height=\"160\" src=\"https:\/\/boulanger.scene7.com\/is\/image\/Boulanger\/Reprise ancien appareil?wid=1260\" width=\"1240\"\/><\/a><\/p>\n<\/div>\n<p><bl-button a11yexpanded=\"false\" arialabel=\"Afficher toute la description\" class=\"read-more__btn\" full=\"false\" link=\"true\">Voir plus<\/bl-button><\/div>","protected":false},"excerpt":{"rendered":"<div class=\"keypoints\">\n<h3 class=\"keypoints__title\">Les points cl\u00e9s<\/h3>\n<ul role=\"list\">\n<li class=\"keypoints__item\" role=\"listitem\">                                        Dimensions l x h x p : 109.2 x 93 x 67 cm                      <\/li>\n<li class=\"keypoints__item\" role=\"listitem\">                                        6 foyers, gaz                      <\/li>\n<li class=\"keypoints__item\" role=\"listitem\">                                        Four principal : 79 L, nettoyage catalyse                      <\/li>\n<li class=\"keypoints__item\" role=\"listitem\">                                        3 fours, c\u00e2ble monophas\u00e9 non fourni                      <\/li>\n<li class=\"keypoints__item keypoints__item--advantage\" role=\"listitem\"><strong>Le + :<\/strong> Son design classique chic, ses 2 grand fours (1 programmable) + four gril s\u00e9par\u00e9, la plancha fournie      <\/li>\n<\/ul>","protected":false},"featured_media":28664,"template":"","meta":{"_glsr_average":0,"_glsr_ranking":0,"_glsr_reviews":0},"product_cat":[256],"product_tag":[131,257,250],"class_list":{"0":"post-38817","1":"product","2":"type-product","3":"status-publish","4":"has-post-thumbnail","6":"product_cat-piano-de-cuisson","7":"product_tag-gros-electromenager","8":"product_tag-piano-de-cuisson","9":"product_tag-piano-de-cuisson-cuisiniere","11":"first","12":"instock","13":"sale","14":"shipping-taxable","15":"purchasable","16":"product-type-simple"},"_links":{"self":[{"href":"https:\/\/electromenagerexpress.com\/en\/wp-json\/wp\/v2\/product\/38817","targetHints":{"allow":["GET"]}}],"collection":[{"href":"https:\/\/electromenagerexpress.com\/en\/wp-json\/wp\/v2\/product"}],"about":[{"href":"https:\/\/electromenagerexpress.com\/en\/wp-json\/wp\/v2\/types\/product"}],"wp:featuredmedia":[{"embeddable":true,"href":"https:\/\/electromenagerexpress.com\/en\/wp-json\/wp\/v2\/media\/28664"}],"wp:attachment":[{"href":"https:\/\/electromenagerexpress.com\/en\/wp-json\/wp\/v2\/media?parent=38817"}],"wp:term":[{"taxonomy":"product_cat","embeddable":true,"href":"https:\/\/electromenagerexpress.com\/en\/wp-json\/wp\/v2\/product_cat?post=38817"},{"taxonomy":"product_tag","embeddable":true,"href":"https:\/\/electromenagerexpress.com\/en\/wp-json\/wp\/v2\/product_tag?post=38817"}],"curies":[{"name":"wp","href":"https:\/\/api.w.org\/{rel}","templated":true}]}}