{"id":38793,"date":"2024-11-21T15:05:42","date_gmt":"2024-11-21T15:05:42","guid":{"rendered":"https:\/\/electromenagerexpress.com\/product\/piano-de-cuisson-gazglemgx960cqix\/"},"modified":"2024-11-21T15:05:43","modified_gmt":"2024-11-21T15:05:43","slug":"piano-de-cuisson-gazglemgx960cqix","status":"publish","type":"product","link":"https:\/\/electromenagerexpress.com\/en\/product\/piano-de-cuisson-gazglemgx960cqix\/","title":{"rendered":"Piano de cuisson gaz\t\t\t\t\t\t\tGLEM\t\t\t\tGX960CQIX"},"content":{"rendered":"<div class=\"product-features__content\">\n<ul role=\"list\">\n<li class=\"product-features__item\" role=\"listitem\">\n<h3 class=\"product-features__label\">Nos services de livraison<\/h3>\n<ul role=\"list\">\n<li class=\"product-features__item-list__item\" role=\"listitem\"><span class=\"is--medium\">Livraison et reprise de votre ancien appareil offerts \u00e0 partir de 379 \u20ac :<\/span> <a href=\"https:\/\/www.boulanger.com\/evenement\/livraison-domicile\"> (voir conditions, en cliquant ici )<\/a><\/li>\n<\/ul>\n<\/li>\n<li class=\"product-features__item\" role=\"listitem\">\n<h3 class=\"product-features__label\">Le piano de cuisson vous apporte<\/h3>\n<ul role=\"list\">\n<li class=\"product-features__item-list__item\" role=\"listitem\"><span class=\"is--medium\">Des cuissons multiples :<\/span> assimil\u00e9 \u00e0 un \u00e9quipement professionnel, le piano de cuisson poss\u00e8de de multiples avantages lorsqu&rsquo;on aime cuisiner. Les multiples fours vous apportent la possibilit\u00e9s de cuisiner plusieurs plats en m\u00eame temps de l&rsquo;entr\u00e9e au dessert. Jusqu&rsquo;\u00e0 7 foyers, il permet de multiplier les pr\u00e9parations.\t\t\t\t\t<\/li>\n<li class=\"product-features__item-list__item\" role=\"listitem\"><span class=\"is--medium\">De l&rsquo;esth\u00e9tique :<\/span> vous pouvez personnaliser avec les mat\u00e9riaux de votre choix, les coloris qui vous inspirent jusqu&rsquo;aux mati\u00e8res des boutons et des poign\u00e9es.\t\t\t\t\t<\/li>\n<\/ul>\n<\/li>\n<li class=\"product-features__item\" role=\"listitem\">\n<h3 class=\"product-features__label\">Table de cuisson<\/h3>\n<ul role=\"list\">\n<li class=\"product-features__item-list__item\" role=\"listitem\"><span class=\"is--medium\">Type de table :<\/span> gaz, chauffe rapide et contr\u00f4le visuel de la cuisson.\t\t\t\t\t<\/li>\n<li class=\"product-features__item-list__item\" role=\"listitem\"><span class=\"is--medium\">Puissance :<\/span> 12.550 W\t\t\t\t\t<\/li>\n<li class=\"product-features__item-list__item\" role=\"listitem\"><span class=\"is--medium\">Nombre de foyers total :<\/span> 5\t\t\t\t\t<\/li>\n<li class=\"product-features__item-list__item\" role=\"listitem\"><span class=\"is--medium\">Dimensions des foyers :<\/span> 5,5 cm, 7,5 cm, 7,5 cm, 10,5 cm, 13,5 cm\t\t\t\t\t<\/li>\n<li class=\"product-features__item-list__item\" role=\"listitem\"><span class=\"is--medium\">Foyer wok :<\/span> triple couronne, offre une temp\u00e9rature mieux r\u00e9partie et plus \u00e9lev\u00e9e gr\u00e2ce \u00e0 ses 3 cercles de flammes. Adapt\u00e9 aux ustensiles de grandes tailles.\t\t\t\t\t<\/li>\n<li class=\"product-features__item-list__item\" role=\"listitem\"><span class=\"is--medium\">Type de commande :<\/span> manettes\t\t\t\t\t<\/li>\n<li class=\"product-features__item-list__item\" role=\"listitem\"><span class=\"is--medium\">Emplacement des commandes :<\/span> en frontal au niveau du four\t\t\t\t\t<\/li>\n<li class=\"product-features__item-list__item\" role=\"listitem\"><span class=\"is--medium\">Nombre de niveaux de puissance :<\/span> r\u00e9glage progressif (gaz)\t\t\t\t\t<\/li>\n<li class=\"product-features__item-list__item\" role=\"listitem\"><span class=\"is--medium\">Nombre de boosters :<\/span> Non concern\u00e9\t\t\t\t\t<\/li>\n<li class=\"product-features__item-list__item\" role=\"listitem\"><span class=\"is--medium\">Fonction(s) de s\u00e9curit\u00e9 :<\/span> coupure de gaz automatique (thermocouple)\t\t\t\t\t<\/li>\n<li class=\"product-features__item-list__item\" role=\"listitem\"><span class=\"is--medium\">Equipement(s) :<\/span> notice, mini cr\u00e9dence\t\t\t\t\t<\/li>\n<\/ul>\n<\/li>\n<li class=\"product-features__item\" role=\"listitem\">\n<h3 class=\"product-features__label\">Four<\/h3>\n<ul role=\"list\">\n<li class=\"product-features__item-list__item\" role=\"listitem\"><span class=\"is--medium\">Mode de cuisson :<\/span> gaz, permettra de s&rsquo;adapter \u00e0 votre \u00e9quipement 100% gaz, bouteille ou gaz de ville. Id\u00e9al pour cuisiner comme un pro ou un chef en restaurant.\t\t\t\t\t<\/li>\n<li class=\"product-features__item-list__item\" role=\"listitem\"><span class=\"is--medium\">Energie du four :<\/span> gaz\t\t\t\t\t<\/li>\n<li class=\"product-features__item-list__item\" role=\"listitem\"><span class=\"is--medium\">Volume de la cavit\u00e9 :<\/span> 98 L\t\t\t\t\t<\/li>\n<li class=\"product-features__item-list__item\" role=\"listitem\"><span class=\"is--medium\">Dimensions de la cavit\u00e9 l x h x p :<\/span> 63.3 x 34.1 x 43.5 cm\t\t\t\t\t<\/li>\n<li class=\"product-features__item-list__item\" role=\"listitem\"><span class=\"is--medium\">Valeurs du label \u00e9nergie :<\/span> Label \u00e9nergie A, Consommation en chaleur tournante 2,12 kW\t\t\t\t\t<\/li>\n<li class=\"product-features__item-list__item\" role=\"listitem\"><span class=\"is--medium\">Plages de temp\u00e9ratures (mini, maxi) :<\/span> 130\u00b0C, 260\u00b0C\t\t\t\t\t<\/li>\n<li class=\"product-features__item-list__item\" role=\"listitem\"><span class=\"is--medium\">Rev\u00eatement de la cavit\u00e9 :<\/span> \u00e9mail\t\t\t\t\t<\/li>\n<li class=\"product-features__item-list__item\" role=\"listitem\"><span class=\"is--medium\">Nettoyage :<\/span> catalyse, permet un auto-d\u00e9graissage qui fonctionne \u00e0 partir de 200\u00b0C. La graisse sera absorb\u00e9e pendant la cuisson, vous n&rsquo;avez plus qu&rsquo;\u00e0 passer un coup d&rsquo;\u00e9ponge sur la sole du four en fin de cuisson.\t\t\t\t\t<\/li>\n<li class=\"product-features__item-list__item\" role=\"listitem\"><span class=\"is--medium\">Commande :<\/span> boutons\t\t\t\t\t<\/li>\n<li class=\"product-features__item-list__item\" role=\"listitem\"><span class=\"is--medium\">Vitre de la porte d\u00e9montable :<\/span> oui, pour un nettoyage facilit\u00e9 et complet.\t\t\t\t\t<\/li>\n<li class=\"product-features__item-list__item\" role=\"listitem\"><span class=\"is--medium\">Porte :<\/span> froide ,c&rsquo;est un gage de s\u00e9curit\u00e9, il n&rsquo;y a aucun risque de br\u00fblure et l&rsquo;\u00e9paisseur des vitres offre une excellente isolation.\t\t\t\t\t<\/li>\n<li class=\"product-features__item-list__item\" role=\"listitem\"><span class=\"is--medium\">Ouverture de porte :<\/span> abattante, s&rsquo;ouvre du haut vers le bas.\t\t\t\t\t<\/li>\n<li class=\"product-features__item-list__item\" role=\"listitem\"><span class=\"is--medium\">Fermeture de porte :<\/span> classique\t\t\t\t\t<\/li>\n<li class=\"product-features__item-list__item\" role=\"listitem\"><span class=\"is--medium\">Eclairage :<\/span> oui manuel\t\t\t\t\t<\/li>\n<li class=\"product-features__item-list__item\" role=\"listitem\"><span class=\"is--medium\">Puissance :<\/span> 16.350 W\t\t\t\t\t<\/li>\n<li class=\"product-features__item-list__item\" role=\"listitem\"><span class=\"is--medium\">Equipement(s) :<\/span> grille, l\u00e8che frites, tournebroche\t\t\t\t\t<\/li>\n<\/ul>\n<\/li>\n<li class=\"product-features__item\" role=\"listitem\">\n<h3 class=\"product-features__label\">Installation<\/h3>\n<ul role=\"list\">\n<li class=\"product-features__item-list__item\" role=\"listitem\"><span class=\"is--medium\">C\u00e2ble d&rsquo;alimentation :<\/span> c\u00e2ble monophas\u00e9 fourni avec prise\t\t\t\t\t<\/li>\n<li class=\"product-features__item-list__item\" role=\"listitem\"><span class=\"is--medium\">Amp\u00e9rage requis :<\/span> Le circuit d&rsquo;alimentation d&rsquo;une cuisini\u00e8re comporte une proctection diff\u00e9rentielle 30 mA de type AC avec un disjoncteur d\u00e9di\u00e9 de calibre 20 A et un c\u00e2blage monophas\u00e9 en section 2,5 mm\u00b2.\t\t\t\t\t<\/li>\n<li class=\"product-features__item-list__item\" role=\"listitem\"><span class=\"is--medium\">Informations n\u00e9cessaires \u00e0 l&rsquo;installation de votre produit :<\/span> <a href=\"https:\/\/boulanger.scene7.com\/is\/content\/Boulanger\/amperage_cuisinieres\" target=\"_blank\">En sa<\/a><\/li>\n<li class=\"product-features__item-list__item\" role=\"listitem\"><span class=\"is--medium\">Injecteur butane \/ propane fourni :<\/span> Oui\t\t\t\t\t<\/li>\n<li class=\"product-features__item-list__item\" role=\"listitem\"><span class=\"is--medium\">Pieds r\u00e9glables :<\/span> Oui\t\t\t\t\t<\/li>\n<li class=\"product-features__item-list__item\" role=\"listitem\"><span class=\"is--medium\">Plinthe :<\/span> Non\t\t\t\t\t<\/li>\n<li class=\"product-features__item-list__item\" role=\"listitem\"><span class=\"is--medium\">Compartiment de rangement :<\/span> Oui\t\t\t\t\t<\/li>\n<li class=\"product-features__item-list__item\" role=\"listitem\"><span class=\"is--medium\">Distance \u00e0 respecter entre la plaque de cuisson et la hotte :<\/span> entre 65 cm et 80 cm.\t\t\t\t\t<\/li>\n<li class=\"product-features__item-list__item\" role=\"listitem\"><span class=\"is--medium\">Coloris :<\/span> Inox\t\t\t\t\t<\/li>\n<\/ul>\n<\/li>\n<li class=\"product-features__item\" role=\"listitem\">\n<h3 class=\"product-features__label\">Dimensions<\/h3>\n<ul role=\"list\">\n<li class=\"product-features__item-list__item\" role=\"listitem\"><span class=\"is--medium\">Dimensions l x h x p :<\/span> 90 x 92 x 60 cm\t\t\t\t\t<\/li>\n<li class=\"product-features__item-list__item\" role=\"listitem\"><span class=\"is--medium\">Dimensions emball\u00e9 l x h x p :<\/span> 95.5 x 88.5 x 69.5 cm\t\t\t\t\t<\/li>\n<li class=\"product-features__item-list__item\" role=\"listitem\"><span class=\"is--medium\">Poids Net :<\/span> 64,00 Kg\t\t\t\t\t<\/li>\n<li class=\"product-features__item-list__item\" role=\"listitem\"><span class=\"is--medium\">Poids Brut :<\/span> 72,00 Kg\t\t\t\t\t<\/li>\n<\/ul>\n<\/li>\n<li class=\"product-features__item\" role=\"listitem\">\n<h3 class=\"product-features__label\">Informations compl\u00e9mentaires<\/h3>\n<ul role=\"list\">\n<li class=\"product-features__item-list__item\" role=\"listitem\"><span class=\"is--medium\">Fabriqu\u00e9 en :<\/span> Italie\t\t\t\t\t<\/li>\n<li class=\"product-features__item-list__item\" role=\"listitem\"><span class=\"is--medium\">Garantie :<\/span> 2 ans\t\t\t\t\t<\/li>\n<li class=\"product-features__item-list__item\" role=\"listitem\"><span class=\"is--medium\">Disponibilit\u00e9 des pi\u00e8ces d\u00e9tach\u00e9es (donn\u00e9es fournisseur) :<\/span> Pendant 5 ans, \u00e0 compter de la date de fabrication\t\t\t\t\t<\/li>\n<\/ul>\n<\/li>\n<\/ul>\n<\/div>\n<div class=\"product__disclosure-content\">\n<div class=\"js-read-more product-description__content read-more read-more--truncated\" data-read-more-name=\"description\" style=\"max-height: 500px; overflow: hidden;\">\n<p>Con\u00e7ue pour rendre la cuisine plus facile et agr\u00e9able, la cuisini\u00e8re Glem GX960CQIX est l&rsquo;alli\u00e9e id\u00e9ale pour r\u00e9galer famille et amis avec de savoureux plats.<\/p>\n<h3>Une cuisine familiale <img fetchpriority=\"high\" decoding=\"async\" alt=\"Cuisini\u00e8re GLEM GX960CQIX\" class=\"wy_tableau_gauche\" height=\"270\" src=\"https:\/\/boulanger.scene7.com\/is\/image\/Boulanger\/8052745126790_p1?wid=400&amp;hei=270\" width=\"400\"\/><\/h3>\n<p>Avec ses lignes sobres et ses finitions en inox, cette cuisini\u00e8re est l&rsquo;atout id\u00e9al pour des repas en famille ultra-simples. Munie de <b>5 foyers \u00e0 gaz dont une triple couronne excentr\u00e9e<\/b>, elle permet de pr\u00e9parer plusieurs plats en m\u00eame temps et s&rsquo;adapte \u00e0 la taille de chaque r\u00e9cipient pour une cuisson optimis\u00e9e.<\/p>\n<p>Rapide, semi-rapide, auxiliaire, elle permet en effet de saisir, de cuire \u00e0 feu vif ou de maintenir au chaud, assurant ainsi un respect parfait de chaque aliment. Encastrable entre deux meubles et particuli\u00e8rement design, cette cuisini\u00e8re saura en outre trouver sa place au coeur de tous les int\u00e9rieurs, des plus traditionnels aux plus tendance.<\/p>\n<h3>Un four multifonctionnel pour tous les types de cuisson<img decoding=\"async\" alt=\"Cuisini\u00e8re GLEM GX960CQIX\" class=\"wy_tableau_right\" height=\"270\" src=\"https:\/\/boulanger.scene7.com\/is\/image\/Boulanger\/8052745126790_p2?wid=400&amp;hei=270\" width=\"400\"\/><\/h3>\n<p>Comptant  <b>8 programmes diff\u00e9rents<\/b>, dont gril, d\u00e9cong\u00e9lation ou gaz ventil\u00e9, le four de cette cuisini\u00e8re Glem permet de pr\u00e9parer tous les types de plats, des plus simples aux plus complexes. Avec son <b>thermostat r\u00e9glable de 130 \u00e0 250 \u00b0C<\/b>, il offre en effet un large panel de temp\u00e9ratures pour r\u00e9pondre aux exigences de chaque plat.<\/p>\n<p>Le four est \u00e9galement muni d&rsquo;une <b>porte 2 vitres<\/b> pour une plus grande s\u00e9curit\u00e9. La vitre int\u00e9rieure est enti\u00e8rement d\u00e9montable sans outil pour rendre l&rsquo;\u00e9tape du nettoyage plus facile. De classe \u00e9nerg\u00e9tique B, cette cuisini\u00e8re ne manquera pas de vous faciliter la vie en cuisine et vous permettra de pr\u00e9parer en un rien de temps des plats succulents !<\/p>\n<\/p>\n<p><a href=\"https:\/\/www.boulanger.com\/evenement\/livraison-domicile-gros-produits-service\" rel=\"noopener\" target=\"_blank\" title=\"Livraison \u00e0 domicile gros produits et service\"><img decoding=\"async\" height=\"160\" src=\"https:\/\/boulanger.scene7.com\/is\/image\/Boulanger\/Reprise ancien appareil?wid=1260\" width=\"1240\"\/><\/a><\/p>\n<\/div>\n<p><bl-button a11yexpanded=\"false\" arialabel=\"Afficher toute la description\" class=\"read-more__btn\" full=\"false\" link=\"true\"><\/bl-button><\/div>","protected":false},"excerpt":{"rendered":"<div class=\"keypoints\">\n<h3 class=\"keypoints__title\">Les points cl\u00e9s<\/h3>\n<ul role=\"list\">\n<li class=\"keypoints__item\" role=\"listitem\">                                        Dimensions l x h x p : 90 x 92 x 60 cm                      <\/li>\n<li class=\"keypoints__item\" role=\"listitem\">                                        5 foyers, gaz                      <\/li>\n<li class=\"keypoints__item\" role=\"listitem\">                                        Four principal : 98 L, nettoyage catalyse                      <\/li>\n<li class=\"keypoints__item\" role=\"listitem\">                                        1 four, c\u00e2ble monophas\u00e9 fourni avec prise                      <\/li>\n<li class=\"keypoints__item keypoints__item--advantage\" role=\"listitem\"><strong>Le + :<\/strong> Equip\u00e9e d&rsquo;un tournebroche et d&rsquo;un coffre de rangement chauffe-plat.      <\/li>\n<\/ul>","protected":false},"featured_media":28440,"template":"","meta":{"_glsr_average":0,"_glsr_ranking":0,"_glsr_reviews":0},"product_cat":[256],"product_tag":[131,257,250],"class_list":{"0":"post-38793","1":"product","2":"type-product","3":"status-publish","4":"has-post-thumbnail","6":"product_cat-piano-de-cuisson","7":"product_tag-gros-electromenager","8":"product_tag-piano-de-cuisson","9":"product_tag-piano-de-cuisson-cuisiniere","11":"first","12":"instock","13":"sale","14":"shipping-taxable","15":"purchasable","16":"product-type-simple"},"_links":{"self":[{"href":"https:\/\/electromenagerexpress.com\/en\/wp-json\/wp\/v2\/product\/38793","targetHints":{"allow":["GET"]}}],"collection":[{"href":"https:\/\/electromenagerexpress.com\/en\/wp-json\/wp\/v2\/product"}],"about":[{"href":"https:\/\/electromenagerexpress.com\/en\/wp-json\/wp\/v2\/types\/product"}],"wp:featuredmedia":[{"embeddable":true,"href":"https:\/\/electromenagerexpress.com\/en\/wp-json\/wp\/v2\/media\/28440"}],"wp:attachment":[{"href":"https:\/\/electromenagerexpress.com\/en\/wp-json\/wp\/v2\/media?parent=38793"}],"wp:term":[{"taxonomy":"product_cat","embeddable":true,"href":"https:\/\/electromenagerexpress.com\/en\/wp-json\/wp\/v2\/product_cat?post=38793"},{"taxonomy":"product_tag","embeddable":true,"href":"https:\/\/electromenagerexpress.com\/en\/wp-json\/wp\/v2\/product_tag?post=38793"}],"curies":[{"name":"wp","href":"https:\/\/api.w.org\/{rel}","templated":true}]}}