{"id":38757,"date":"2024-11-21T15:04:12","date_gmt":"2024-11-21T15:04:12","guid":{"rendered":"https:\/\/electromenagerexpress.com\/product\/cuisiniere-inductiongermaniacvbo1x\/"},"modified":"2024-11-21T15:04:12","modified_gmt":"2024-11-21T15:04:12","slug":"cuisiniere-inductiongermaniacvbo1x","status":"publish","type":"product","link":"https:\/\/electromenagerexpress.com\/en\/product\/cuisiniere-inductiongermaniacvbo1x\/","title":{"rendered":"Cuisini\u00e8re induction\t\t\t\t\t\t\tGERMANIA\t\t\t\tCVBO1X"},"content":{"rendered":"<div class=\"product-features__content\">\n<ul role=\"list\">\n<li class=\"product-features__item\" role=\"listitem\">\n<h3 class=\"product-features__label\">Nos services de livraison<\/h3>\n<ul role=\"list\">\n<li class=\"product-features__item-list__item\" role=\"listitem\"><span class=\"is--medium\">Livraison et reprise de votre ancien appareil offerts \u00e0 partir de 379 \u20ac :<\/span> <a href=\"https:\/\/www.boulanger.com\/evenement\/livraison-domicile\"> (voir conditions, en cliquant ici )<\/a><\/li>\n<\/ul>\n<\/li>\n<li class=\"product-features__item\" role=\"listitem\">\n<h3 class=\"product-features__label\">Table de cuisson<\/h3>\n<ul role=\"list\">\n<li class=\"product-features__item-list__item\" role=\"listitem\"><span class=\"is--medium\">Type de table :<\/span> induction, mont\u00e9e tr\u00e8s rapide en temp\u00e9rature, gestion pr\u00e9cise de la cuisson et grande facilit\u00e9 d&rsquo;entretien. C&rsquo;est le meilleur compromis consommation d&rsquo;\u00e9nergie \/ s\u00e9curit\u00e9 \/ entretien. Necessite une casserolerie sp\u00e9cifique.\t\t\t\t\t<\/li>\n<li class=\"product-features__item-list__item\" role=\"listitem\"><span class=\"is--medium\">Puissance totale :<\/span> 7.700 W\t\t\t\t\t<\/li>\n<li class=\"product-features__item-list__item\" role=\"listitem\"><span class=\"is--medium\">Nombre de foyers total :<\/span> 4\t\t\t\t\t<\/li>\n<li class=\"product-features__item-list__item\" role=\"listitem\"><span class=\"is--medium\">Dimensions des foyers :<\/span> 18 cm, 14,5 cm, 18 cm, 14,5 cm\t\t\t\t\t<\/li>\n<li class=\"product-features__item-list__item\" role=\"listitem\"><span class=\"is--medium\">Type de commande :<\/span> slider, touche coulissante sur laquelle on peut r\u00e9gler facilement le niveau de puissance.\t\t\t\t\t<\/li>\n<li class=\"product-features__item-list__item\" role=\"listitem\"><span class=\"is--medium\">Emplacement des commandes :<\/span> sur la table de cuisson\t\t\t\t\t<\/li>\n<li class=\"product-features__item-list__item\" role=\"listitem\"><span class=\"is--medium\">Nombre de niveaux de puissance :<\/span> r\u00e9glage progressif (gaz)\t\t\t\t\t<\/li>\n<li class=\"product-features__item-list__item\" role=\"listitem\"><span class=\"is--medium\">Nombre de boosters :<\/span> 4\t\t\t\t\t<\/li>\n<li class=\"product-features__item-list__item\" role=\"listitem\"><span class=\"is--medium\">Avantage du booster :<\/span> le booster permet un acc\u00e9s direct \u00e0 la puissance maximale. Id\u00e9al pour porter \u00e0 \u00e9bullition ou saisir les viandes.\t\t\t\t\t<\/li>\n<li class=\"product-features__item-list__item\" role=\"listitem\"><span class=\"is--medium\">Programme(s) pr\u00e9d\u00e9fini(s) :<\/span> saisir, bouillir, fondre, maintenir au chaud, frire, mijoter, \u00e9bullition maitris\u00e9e (\u00e9vite ainsi les d\u00e9bordements)\t\t\t\t\t<\/li>\n<li class=\"product-features__item-list__item\" role=\"listitem\"><span class=\"is--medium\">Nombre de minuteur(s) :<\/span> 4, le minuteur arr\u00eate le foyer concern\u00e9 une fois le temps \u00e9coul\u00e9.\t\t\t\t\t<\/li>\n<li class=\"product-features__item-list__item\" role=\"listitem\"><span class=\"is--medium\">Fonction(s) de s\u00e9curit\u00e9 :<\/span> arr\u00eat automatique, coupure en cas de d\u00e9bordement, anti-surchauffe, verrouillage du clavier, t\u00e9moin de chaleur r\u00e9siduelle, d\u00e9tection d&rsquo;absence de r\u00e9cipient, d\u00e9tection de petits objets, t\u00e9moin de mise sous tension\t\t\t\t\t<\/li>\n<li class=\"product-features__item-list__item\" role=\"listitem\"><span class=\"is--medium\">Equipement(s) :<\/span> notice\t\t\t\t\t<\/li>\n<\/ul>\n<\/li>\n<li class=\"product-features__item\" role=\"listitem\">\n<h3 class=\"product-features__label\">Four<\/h3>\n<ul role=\"list\">\n<li class=\"product-features__item-list__item\" role=\"listitem\"><span class=\"is--medium\">Mode de cuisson :<\/span> chaleur tournante brass\u00e9e, le four est \u00e9quip\u00e9 de 2 r\u00e9sistances, une en bas (sole), une en haut (vo\u00fbte) et d&rsquo;une h\u00e9lice plac\u00e9e au fond de la cavit\u00e9 qui permet de brasser l&rsquo;air, pour une cuisson rapide et une repartition homog\u00e8ne de la chaleur.\t\t\t\t\t<\/li>\n<li class=\"product-features__item-list__item\" role=\"listitem\"><span class=\"is--medium\">Energie du four :<\/span> \u00e9lectrique\t\t\t\t\t<\/li>\n<li class=\"product-features__item-list__item\" role=\"listitem\"><span class=\"is--medium\">Dimensions de la cavit\u00e9 l x h x p :<\/span> 46 x 33 x 43 cm\t\t\t\t\t<\/li>\n<li class=\"product-features__item-list__item\" role=\"listitem\"><span class=\"is--medium\">Plages de temp\u00e9ratures (mini, maxi) :<\/span> 50\u00b0C, 250\u00b0C\t\t\t\t\t<\/li>\n<li class=\"product-features__item-list__item\" role=\"listitem\"><span class=\"is--medium\">Cuisson basse temp\u00e9rature :<\/span> g\u00e9n\u00e9ralement utilis\u00e9e pour la cuisson de la viande, la fonction basse temp\u00e9rature (comprise entre 54\u00b0C et 70\u00b0C) vous assurera une cuisson tendre et savoureuse.\t\t\t\t\t<\/li>\n<li class=\"product-features__item-list__item\" role=\"listitem\"><span class=\"is--medium\">Nombre de programmes de cuisson :<\/span> 5\t\t\t\t\t<\/li>\n<li class=\"product-features__item-list__item\" role=\"listitem\"><span class=\"is--medium\">pas de fonction sp\u00e9ciale :<\/span> Non\t\t\t\t\t<\/li>\n<li class=\"product-features__item-list__item\" role=\"listitem\"><span class=\"is--medium\">sabbat :<\/span> Non\t\t\t\t\t<\/li>\n<li class=\"product-features__item-list__item\" role=\"listitem\"><span class=\"is--medium\">pr\u00e9chauffage rapide :<\/span> Oui\t\t\t\t\t<\/li>\n<li class=\"product-features__item-list__item\" role=\"listitem\"><span class=\"is--medium\">basse temp\u00e9rature :<\/span> Oui\t\t\t\t\t<\/li>\n<li class=\"product-features__item-list__item\" role=\"listitem\"><span class=\"is--medium\">maintien au chaud :<\/span> Oui\t\t\t\t\t<\/li>\n<li class=\"product-features__item-list__item\" role=\"listitem\"><span class=\"is--medium\">Rev\u00eatement de la cavit\u00e9 :<\/span> \u00e9mail\t\t\t\t\t<\/li>\n<li class=\"product-features__item-list__item\" role=\"listitem\"><span class=\"is--medium\">s\u00e9chage\/d\u00e9shydratation :<\/span> Oui\t\t\t\t\t<\/li>\n<li class=\"product-features__item-list__item\" role=\"listitem\"><span class=\"is--medium\">Nettoyage :<\/span> catalyse, permet un auto-d\u00e9graissage qui fonctionne \u00e0 partir de 200\u00b0C. La graisse sera absorb\u00e9e pendant la cuisson, vous n&rsquo;avez plus qu&rsquo;\u00e0 passer un coup d&rsquo;\u00e9ponge sur la sole du four en fin de cuisson.\t\t\t\t\t<\/li>\n<li class=\"product-features__item-list__item\" role=\"listitem\"><span class=\"is--medium\">D\u00e9tail des fonctions pour r\u00e9pondre \u00e0 toutes vos envies :<\/span> rails t\u00e9lescopiques, grille, l\u00e8che frites, pr\u00e9chauffage rapide, basse temp\u00e9rature, maintien au chaud, s\u00e9chage\/d\u00e9shydratation, Vitre-de-la-porte-d\u00e9montable\t\t\t\t\t<\/li>\n<li class=\"product-features__item-list__item\" role=\"listitem\"><span class=\"is--medium\">Commande :<\/span> boutons\t\t\t\t\t<\/li>\n<li class=\"product-features__item-list__item\" role=\"listitem\"><span class=\"is--medium\">Vitre de la porte d\u00e9montable :<\/span> oui, pour un nettoyage facilit\u00e9 et complet.\t\t\t\t\t<\/li>\n<li class=\"product-features__item-list__item\" role=\"listitem\"><span class=\"is--medium\">Porte :<\/span> temp\u00e9r\u00e9e, la porte de l&rsquo;appareil garde une certaine temp\u00e9rature, le risque de br\u00fblures est minimis\u00e9.\t\t\t\t\t<\/li>\n<li class=\"product-features__item-list__item\" role=\"listitem\"><span class=\"is--medium\">Ouverture de porte :<\/span> abattante, s&rsquo;ouvre du haut vers le bas.\t\t\t\t\t<\/li>\n<li class=\"product-features__item-list__item\" role=\"listitem\"><span class=\"is--medium\">Fermeture de porte :<\/span> classique\t\t\t\t\t<\/li>\n<li class=\"product-features__item-list__item\" role=\"listitem\"><span class=\"is--medium\">Afficheur :<\/span> minuterie\t\t\t\t\t<\/li>\n<li class=\"product-features__item-list__item\" role=\"listitem\"><span class=\"is--medium\">Eclairage :<\/span> oui manuel\t\t\t\t\t<\/li>\n<li class=\"product-features__item-list__item\" role=\"listitem\"><span class=\"is--medium\">Puissance :<\/span> 2.200 W\t\t\t\t\t<\/li>\n<li class=\"product-features__item-list__item\" role=\"listitem\"><span class=\"is--medium\">Equipement(s) :<\/span> rails t\u00e9lescopiques, grille, l\u00e8che frites\t\t\t\t\t<\/li>\n<li class=\"product-features__item-list__item\" role=\"listitem\"><span class=\"is--medium\">Second four :<\/span> mode de cuisson chaleur tournante brass\u00e9e\t\t\t\t\t<\/li>\n<\/ul>\n<\/li>\n<li class=\"product-features__item\" role=\"listitem\">\n<h3 class=\"product-features__label\">Installation<\/h3>\n<ul role=\"list\">\n<li class=\"product-features__item-list__item\" role=\"listitem\"><span class=\"is--medium\">C\u00e2ble d&rsquo;alimentation :<\/span> c\u00e2ble monophas\u00e9 fourni sans prise\t\t\t\t\t<\/li>\n<li class=\"product-features__item-list__item\" role=\"listitem\"><span class=\"is--medium\">Amp\u00e9rage requis :<\/span> Le circuit d&rsquo;alimentation d&rsquo;une cuisini\u00e8re comporte une proctection diff\u00e9rentielle 30 mA de type A avec un disjoncteur d\u00e9di\u00e9 de calibre 32 A et un c\u00e2blage monophas\u00e9 en section 6 mm\u00b2.\t\t\t\t\t<\/li>\n<li class=\"product-features__item-list__item\" role=\"listitem\"><span class=\"is--medium\">Informations n\u00e9cessaires \u00e0 l&rsquo;installation de votre produit :<\/span> <a href=\"https:\/\/boulanger.scene7.com\/is\/content\/Boulanger\/amperage_cuisinieres\" target=\"_blank\">En savoir plus<\/a><\/li>\n<li class=\"product-features__item-list__item\" role=\"listitem\"><span class=\"is--medium\">Injecteur butane \/ propane fourni :<\/span> Non\t\t\t\t\t<\/li>\n<li class=\"product-features__item-list__item\" role=\"listitem\"><span class=\"is--medium\">Pieds r\u00e9glables :<\/span> Oui\t\t\t\t\t<\/li>\n<li class=\"product-features__item-list__item\" role=\"listitem\"><span class=\"is--medium\">Plinthe :<\/span> Non\t\t\t\t\t<\/li>\n<li class=\"product-features__item-list__item\" role=\"listitem\"><span class=\"is--medium\">Compartiment de rangement :<\/span> Oui\t\t\t\t\t<\/li>\n<li class=\"product-features__item-list__item\" role=\"listitem\"><span class=\"is--medium\">Distance \u00e0 respecter entre la plaque de cuisson et la hotte :<\/span> entre 55 cm et 80 cm.\t\t\t\t\t<\/li>\n<\/ul>\n<\/li>\n<li class=\"product-features__item\" role=\"listitem\">\n<h3 class=\"product-features__label\">Dimensions<\/h3>\n<ul role=\"list\">\n<li class=\"product-features__item-list__item\" role=\"listitem\"><span class=\"is--medium\">Dimensions l x h x p :<\/span> 59.8 x 89.3 x 61 cm\t\t\t\t\t<\/li>\n<li class=\"product-features__item-list__item\" role=\"listitem\"><span class=\"is--medium\">Dimensions emball\u00e9 l x h x p :<\/span> 65 x 89.2 x 67 cm\t\t\t\t\t<\/li>\n<li class=\"product-features__item-list__item\" role=\"listitem\"><span class=\"is--medium\">Poids net :<\/span> 48,0 kg\t\t\t\t\t<\/li>\n<li class=\"product-features__item-list__item\" role=\"listitem\"><span class=\"is--medium\">Poids brut :<\/span> 50,0 kg\t\t\t\t\t<\/li>\n<\/ul>\n<\/li>\n<li class=\"product-features__item\" role=\"listitem\">\n<h3 class=\"product-features__label\">Informations compl\u00e9mentaires<\/h3>\n<ul role=\"list\">\n<li class=\"product-features__item-list__item\" role=\"listitem\"><span class=\"is--medium\">Fabriqu\u00e9 en :<\/span> Turquie\t\t\t\t\t<\/li>\n<li class=\"product-features__item-list__item\" role=\"listitem\"><span class=\"is--medium\">Garantie :<\/span> 2 ans\t\t\t\t\t<\/li>\n<li class=\"product-features__item-list__item\" role=\"listitem\"><span class=\"is--medium\">Disponibilit\u00e9 des pi\u00e8ces d\u00e9tach\u00e9es (donn\u00e9es fournisseur) :<\/span> Pendant 10 ans, \u00e0 compter de la date d&rsquo;achat\t\t\t\t\t<\/li>\n<\/ul>\n<\/li>\n<\/ul>\n<\/div>\n<div class=\"product__disclosure-content\">\n<div class=\"js-read-more product-description__content read-more read-more--truncated\" data-read-more-name=\"description\" style=\"max-height: 500px; overflow: hidden;\">\n<div class=\"product__description-content read-more\" style=\"\">\n<p>Cuisini\u00e8re induction GERMANIA CVBO1X : l&rsquo;alliance de l&rsquo;\u00e9l\u00e9gance et de la performance<\/p>\n<h3> <img fetchpriority=\"high\" decoding=\"async\" ,=\"\" alt=\"Cuisini\u00e8re induction GERMANIA CVBO1X\" class=\"wy_tableau_gauche\" height=\"270\" src=\"https:\/\/boulanger.scene7.com\/is\/image\/Boulanger\/8057971105359_h_f_l_0?wid=400&amp;hei=270\" width=\"400\"\/>Design raffin\u00e9 et fonctionnalit\u00e9s avanc\u00e9es                    <\/h3>\n<p>                        La cuisini\u00e8re induction GERMANIA CVBO1X se distingue par son esth\u00e9tique moderne et sa finition inox, s&rsquo;int\u00e9grant parfaitement dans toute cuisine contemporaine. Dot\u00e9e d&rsquo;un plan de travail induction, cette cuisini\u00e8re multifonction offre une exp\u00e9rience culinaire de haute pr\u00e9cision gr\u00e2ce \u00e0 ses 4 foyers induction avec 4 boosters et minuteurs int\u00e9gr\u00e9s. La s\u00e9curit\u00e9 est assur\u00e9e par des t\u00e9moins de chaleur r\u00e9siduelle et une s\u00e9curit\u00e9 de table. Les commandes Slider sur table permettent un contr\u00f4le intuitif et pr\u00e9cis de la cuisson. Avec ses pieds r\u00e9glables, cette cuisini\u00e8re s&rsquo;adapte \u00e0 toutes les hauteurs de plan de travail, tandis que le dosseret et la porte en verre ajoutent une touche d&rsquo;\u00e9l\u00e9gance et facilitent le nettoyage.                    <\/p>\n<\/p>\n<h3> <img decoding=\"async\" ,=\"\" alt=\"Cuisini\u00e8re induction GERMANIA CVBO1X\" class=\"wy_tableau_right\" height=\"270\" src=\"https:\/\/boulanger.scene7.com\/is\/image\/Boulanger\/8057971105359_h_f_l_1?wid=400&amp;hei=270\" width=\"400\"\/>Performance et efficacit\u00e9 \u00e9nerg\u00e9tique                    <\/h3>\n<p>                        Le four \u00e9lectrique de la GERMANIA CVBO1X, avec son grilloir de 1500W, thermostat et \u00e9clairage, assure une cuisson uniforme et des r\u00e9sultats professionnels. La classe \u00e9nerg\u00e9tique A garantit une consommation ma\u00eetris\u00e9e, avec une consommation en convection naturelle et multifonction de seulement 0,76 kW. Le volume de 60 litres de la cavit\u00e9, rev\u00eatue d&#8217;email catalytique, facilite le nettoyage par catalyse. La cuisini\u00e8re poss\u00e8de une puissance totale \u00e9lectrique de fonctionnement de 2200 W, branch\u00e9e sur une tension de 220 &#8211; 240 V &#8211; 50Hz. Avec son tiroir abattant, elle offre un espace de rangement pratique. La GERMANIA CVBO1X est livr\u00e9e avec une grille et un plat l\u00e8chefrite, pr\u00eate \u00e0 r\u00e9pondre aux besoins des cuisiniers les plus exigeants.                    <\/p>\n<\/p><\/div>\n<\/p>\n<\/div>\n<p><bl-button a11yexpanded=\"false\" arialabel=\"Afficher toute la description\" class=\"read-more__btn\" full=\"false\" link=\"true\">Voir plus<\/bl-button><\/div>","protected":false},"excerpt":{"rendered":"<div class=\"keypoints\">\n<h3 class=\"keypoints__title\">Les points cl\u00e9s<\/h3>\n<ul role=\"list\">\n<li class=\"keypoints__item\" role=\"listitem\">                                        Dimensions l x h x p : 59.8 x 89.3 x 61 cm                      <\/li>\n<li class=\"keypoints__item\" role=\"listitem\">                                        4 foyers, induction                      <\/li>\n<li class=\"keypoints__item\" role=\"listitem\">                                        chaleur tournante brass\u00e9e                      <\/li>\n<li class=\"keypoints__item\" role=\"listitem\">                                        Nettoyage catalyse, c\u00e2ble monophas\u00e9 fourni sans prise                      <\/li>\n<\/ul>","protected":false},"featured_media":28128,"template":"","meta":{"_glsr_average":0,"_glsr_ranking":0,"_glsr_reviews":0},"product_cat":[252],"product_tag":[253,131,250],"class_list":{"0":"post-38757","1":"product","2":"type-product","3":"status-publish","4":"has-post-thumbnail","6":"product_cat-cuisiniere-induction","7":"product_tag-cuisiniere-induction","8":"product_tag-gros-electromenager","9":"product_tag-piano-de-cuisson-cuisiniere","11":"first","12":"instock","13":"sale","14":"shipping-taxable","15":"purchasable","16":"product-type-simple"},"_links":{"self":[{"href":"https:\/\/electromenagerexpress.com\/en\/wp-json\/wp\/v2\/product\/38757","targetHints":{"allow":["GET"]}}],"collection":[{"href":"https:\/\/electromenagerexpress.com\/en\/wp-json\/wp\/v2\/product"}],"about":[{"href":"https:\/\/electromenagerexpress.com\/en\/wp-json\/wp\/v2\/types\/product"}],"wp:featuredmedia":[{"embeddable":true,"href":"https:\/\/electromenagerexpress.com\/en\/wp-json\/wp\/v2\/media\/28128"}],"wp:attachment":[{"href":"https:\/\/electromenagerexpress.com\/en\/wp-json\/wp\/v2\/media?parent=38757"}],"wp:term":[{"taxonomy":"product_cat","embeddable":true,"href":"https:\/\/electromenagerexpress.com\/en\/wp-json\/wp\/v2\/product_cat?post=38757"},{"taxonomy":"product_tag","embeddable":true,"href":"https:\/\/electromenagerexpress.com\/en\/wp-json\/wp\/v2\/product_tag?post=38757"}],"curies":[{"name":"wp","href":"https:\/\/api.w.org\/{rel}","templated":true}]}}