{"id":38733,"date":"2024-11-21T15:02:56","date_gmt":"2024-11-21T15:02:56","guid":{"rendered":"https:\/\/electromenagerexpress.com\/product\/credencefalconcredence-110-inox\/"},"modified":"2025-03-15T15:18:54","modified_gmt":"2025-03-15T15:18:54","slug":"credencefalconcredence-110-inox","status":"publish","type":"product","link":"https:\/\/electromenagerexpress.com\/en\/product\/credencefalconcredence-110-inox\/","title":{"rendered":"Cr\u00e9dence\t\t\t\t\t\t\tFALCON\t\t\t\tCREDENCE 110 INOX"},"content":{"rendered":"<div class=\"product-features__content\">\n<ul role=\"list\">\n<li class=\"product-features__item\" role=\"listitem\">\n<h3 class=\"product-features__label\">Caract\u00e9ristiques g\u00e9n\u00e9rales<\/h3>\n<ul role=\"list\">\n<li class=\"product-features__item-list__item\" role=\"listitem\"><span class=\"is--medium\">Type de produit :<\/span> Cr\u00e9dence<\/li>\n<li class=\"product-features__item-list__item\" role=\"listitem\"><span class=\"is--medium\">A quoi \u00e7a sert ? :<\/span> La cr\u00e9dence s&rsquo;installe sur le mur au dessus d&rsquo;une cuisini\u00e8re ou d&rsquo;une plaque de cuisson. Sa fonction principale est de prot\u00e9ger vos murs des projections de cuisson. Elle offre \u00e9galement l&rsquo;avantage d&rsquo;\u00eatre un \u00e9l\u00e9ment d\u00e9coratif.<\/li>\n<li class=\"product-features__item-list__item\" role=\"listitem\"><span class=\"is--medium\">Mat\u00e9riau :<\/span> Inox<\/li>\n<li class=\"product-features__item-list__item\" role=\"listitem\"><span class=\"is--medium\">Largeur :<\/span> 110 cm<\/li>\n<li class=\"product-features__item-list__item\" role=\"listitem\"><span class=\"is--medium\">Couleur :<\/span> Argent m\u00e9tallique<\/li>\n<li class=\"product-features__item-list__item\" role=\"listitem\"><span class=\"is--medium\">Hauteur :<\/span> 67 cm<\/li>\n<\/ul>\n<\/li>\n<li class=\"product-features__item\" role=\"listitem\">\n<h3 class=\"product-features__label\">Dimensions<\/h3>\n<ul role=\"list\">\n<li class=\"product-features__item-list__item\" role=\"listitem\"><span class=\"is--medium\">Hauteur produit (cm) :<\/span> 67<\/li>\n<li class=\"product-features__item-list__item\" role=\"listitem\"><span class=\"is--medium\">Largeur produit (cm) :<\/span> 110<\/li>\n<li class=\"product-features__item-list__item\" role=\"listitem\"><span class=\"is--medium\">Profondeur produit (cm) :<\/span> 1.7<\/li>\n<li class=\"product-features__item-list__item\" role=\"listitem\"><span class=\"is--medium\">Dimensions l x h x p :<\/span> 110 x 67 x 1.7 cm<\/li>\n<li class=\"product-features__item-list__item\" role=\"listitem\"><span class=\"is--medium\">Poids Net (kg) :<\/span> 11<\/li>\n<li class=\"product-features__item-list__item\" role=\"listitem\"><span class=\"is--medium\">Poids Brut (kg) :<\/span> 13<\/li>\n<\/ul>\n<\/li>\n<li class=\"product-features__item\" role=\"listitem\">\n<h3 class=\"product-features__label\">Informations compl\u00e9mentaires<\/h3>\n<ul role=\"list\">\n<li class=\"product-features__item-list__item\" role=\"listitem\"><span class=\"is--medium\">Fabriqu\u00e9 en :<\/span> Grande Bretagne<\/li>\n<li class=\"product-features__item-list__item\" role=\"listitem\"><span class=\"is--medium\">Garantie :<\/span> 2 ans<\/li>\n<li class=\"product-features__item-list__item\" role=\"listitem\"><span class=\"is--medium\">Disponibilit\u00e9 des pi\u00e8ces d\u00e9tach\u00e9es (donn\u00e9es fournisseur) :<\/span> Non concern\u00e9<\/li>\n<li class=\"product-features__item-list__item\" role=\"listitem\"><span class=\"is--medium\">R\u00e9f\u00e9rence constructeur :<\/span> CREDENCE 110 INOX<\/li>\n<li class=\"product-features__item-list__item\" role=\"listitem\"><span class=\"is--medium\">Marque :<\/span> FALCON<\/li>\n<\/ul>\n<\/li>\n<\/ul>\n<\/div>\n<div class=\"product__disclosure-content\"><\/div>","protected":false},"excerpt":{"rendered":"<div class=\"keypoints\">\n<h3 class=\"keypoints__title\">Les points cl\u00e9s<\/h3>\n<ul role=\"list\">\n<li class=\"keypoints__item\" role=\"listitem\">Cr\u00e9dence<\/li>\n<li class=\"keypoints__item\" role=\"listitem\">Mat\u00e9riau : Inox<\/li>\n<li class=\"keypoints__item\" role=\"listitem\">Largeur : 110 cm<\/li>\n<li class=\"keypoints__item\" role=\"listitem\">Hauteur : 67 cm<\/li>\n<\/ul>\n<\/div>","protected":false},"featured_media":27854,"template":"","meta":{"_glsr_average":0,"_glsr_ranking":0,"_glsr_reviews":0},"product_cat":[260],"product_tag":[261,131,250],"class_list":{"0":"post-38733","1":"product","2":"type-product","3":"status-publish","4":"has-post-thumbnail","6":"product_cat-credence-cuisine","7":"product_tag-credence-cuisine","8":"product_tag-gros-electromenager","9":"product_tag-piano-de-cuisson-cuisiniere","11":"first","12":"instock","13":"sale","14":"shipping-taxable","15":"purchasable","16":"product-type-simple"},"_links":{"self":[{"href":"https:\/\/electromenagerexpress.com\/en\/wp-json\/wp\/v2\/product\/38733","targetHints":{"allow":["GET"]}}],"collection":[{"href":"https:\/\/electromenagerexpress.com\/en\/wp-json\/wp\/v2\/product"}],"about":[{"href":"https:\/\/electromenagerexpress.com\/en\/wp-json\/wp\/v2\/types\/product"}],"wp:featuredmedia":[{"embeddable":true,"href":"https:\/\/electromenagerexpress.com\/en\/wp-json\/wp\/v2\/media\/27854"}],"wp:attachment":[{"href":"https:\/\/electromenagerexpress.com\/en\/wp-json\/wp\/v2\/media?parent=38733"}],"wp:term":[{"taxonomy":"product_cat","embeddable":true,"href":"https:\/\/electromenagerexpress.com\/en\/wp-json\/wp\/v2\/product_cat?post=38733"},{"taxonomy":"product_tag","embeddable":true,"href":"https:\/\/electromenagerexpress.com\/en\/wp-json\/wp\/v2\/product_tag?post=38733"}],"curies":[{"name":"wp","href":"https:\/\/api.w.org\/{rel}","templated":true}]}}