{"id":38712,"date":"2024-11-21T15:01:47","date_gmt":"2024-11-21T15:01:47","guid":{"rendered":"https:\/\/electromenagerexpress.com\/product\/cuisiniere-vitroceramiquegorenjegecs5c70xa\/"},"modified":"2024-11-21T15:01:51","modified_gmt":"2024-11-21T15:01:51","slug":"cuisiniere-vitroceramiquegorenjegecs5c70xa","status":"publish","type":"product","link":"https:\/\/electromenagerexpress.com\/en\/product\/cuisiniere-vitroceramiquegorenjegecs5c70xa\/","title":{"rendered":"Cuisini\u00e8re vitroc\u00e9ramique\t\t\t\t\t\t\tGORENJE\t\t\t\tGECS5C70XA"},"content":{"rendered":"<div class=\"product-features__content\">\n<ul role=\"list\">\n<li class=\"product-features__item\" role=\"listitem\">\n<h3 class=\"product-features__label\">Nos services de livraison<\/h3>\n<ul role=\"list\">\n<li class=\"product-features__item-list__item\" role=\"listitem\"><span class=\"is--medium\">Livraison et reprise de votre ancien appareil offerts \u00e0 partir de 379 \u20ac :<\/span> <a href=\"https:\/\/www.boulanger.com\/evenement\/livraison-domicile\"> (voir conditions, en cliquant ici )<\/a><\/li>\n<\/ul>\n<\/li>\n<li class=\"product-features__item\" role=\"listitem\">\n<h3 class=\"product-features__label\">Table de cuisson<\/h3>\n<ul role=\"list\">\n<li class=\"product-features__item-list__item\" role=\"listitem\"><span class=\"is--medium\">Type de table :<\/span> vitroc\u00e9ramique, entretien tr\u00e8s facile gr\u00e2ce au rev\u00eatement en verre tremp\u00e9.\t\t\t\t\t<\/li>\n<li class=\"product-features__item-list__item\" role=\"listitem\"><span class=\"is--medium\">Puissance totale :<\/span> 9.400 W\t\t\t\t\t<\/li>\n<li class=\"product-features__item-list__item\" role=\"listitem\"><span class=\"is--medium\">Nombre de foyers total :<\/span> 4\t\t\t\t\t<\/li>\n<li class=\"product-features__item-list__item\" role=\"listitem\"><span class=\"is--medium\">Dimensions des foyers :<\/span> 18 cm, 14,5 cm, 14,5 cm, 25 cm\t\t\t\t\t<\/li>\n<li class=\"product-features__item-list__item\" role=\"listitem\"><span class=\"is--medium\">Foyer modulable :<\/span> zone flexible \u00e9tendue, permet d&rsquo;avoir une homog\u00e9n\u00e9it\u00e9 de la chaleur sur toute la zone et s&rsquo;adapte automatiquement \u00e0 la taille de votre casserolerie, m\u00eame les bien plus grandes grace \u00e0 l&rsquo;extension de la zone de cuisson.\t\t\t\t\t<\/li>\n<li class=\"product-features__item-list__item\" role=\"listitem\"><span class=\"is--medium\">Type de commande :<\/span> manettes\t\t\t\t\t<\/li>\n<li class=\"product-features__item-list__item\" role=\"listitem\"><span class=\"is--medium\">Emplacement des commandes :<\/span> en frontal au niveau du four\t\t\t\t\t<\/li>\n<li class=\"product-features__item-list__item\" role=\"listitem\"><span class=\"is--medium\">Nombre de niveaux de puissance :<\/span> 6\t\t\t\t\t<\/li>\n<li class=\"product-features__item-list__item\" role=\"listitem\"><span class=\"is--medium\">Avantage des niveaux de puissance :<\/span> un nombre de niveau de puissance \u00e9lev\u00e9 vous permet une meilleure ma\u00eetrise de la cuisson de vos aliments.\t\t\t\t\t<\/li>\n<li class=\"product-features__item-list__item\" role=\"listitem\"><span class=\"is--medium\">Nombre de boosters :<\/span> Non concern\u00e9\t\t\t\t\t<\/li>\n<li class=\"product-features__item-list__item\" role=\"listitem\"><span class=\"is--medium\">Fonction(s) de s\u00e9curit\u00e9 :<\/span> t\u00e9moin de chaleur r\u00e9siduelle, t\u00e9moin de mise sous tension\t\t\t\t\t<\/li>\n<li class=\"product-features__item-list__item\" role=\"listitem\"><span class=\"is--medium\">Equipement(s) :<\/span> notice\t\t\t\t\t<\/li>\n<\/ul>\n<\/li>\n<li class=\"product-features__item\" role=\"listitem\">\n<h3 class=\"product-features__label\">Four<\/h3>\n<ul role=\"list\">\n<li class=\"product-features__item-list__item\" role=\"listitem\"><span class=\"is--medium\">Mode de cuisson :<\/span> chaleur tournante avec ajout de vapeur, le four est \u00e9quip\u00e9 d&rsquo;un r\u00e9servoir d&rsquo;eau de quelques centilitres, pour apporter l&rsquo;humidit\u00e9 pendant la cuisson des aliments. Il permet de garantir une cuisson a\u00e9r\u00e9e et souple avec une finition croustillante et croquante.\t\t\t\t\t<\/li>\n<li class=\"product-features__item-list__item\" role=\"listitem\"><span class=\"is--medium\">Energie du four :<\/span> \u00e9lectrique\t\t\t\t\t<\/li>\n<li class=\"product-features__item-list__item\" role=\"listitem\"><span class=\"is--medium\">Volume de la cavit\u00e9 :<\/span> 70 L\t\t\t\t\t<\/li>\n<li class=\"product-features__item-list__item\" role=\"listitem\"><span class=\"is--medium\">Valeurs du label \u00e9nergie :<\/span> Label \u00e9nergie A, Consommation en convection naturelle 1,03 kW, Consommation en chaleur tournante 0,8 kW\t\t\t\t\t<\/li>\n<li class=\"product-features__item-list__item\" role=\"listitem\"><span class=\"is--medium\">Plages de temp\u00e9ratures (mini, maxi) :<\/span> 40\u00b0C, 275\u00b0C\t\t\t\t\t<\/li>\n<li class=\"product-features__item-list__item\" role=\"listitem\"><span class=\"is--medium\">Cuisson basse temp\u00e9rature :<\/span> g\u00e9n\u00e9ralement utilis\u00e9e pour la cuisson de la viande, la fonction basse temp\u00e9rature (comprise entre 54\u00b0C et 70\u00b0C) vous assurera une cuisson tendre et savoureuse.\t\t\t\t\t<\/li>\n<li class=\"product-features__item-list__item\" role=\"listitem\"><span class=\"is--medium\">Nombre de programmes de cuisson :<\/span> 10\t\t\t\t\t<\/li>\n<li class=\"product-features__item-list__item\" role=\"listitem\"><span class=\"is--medium\">D\u00e9part diff\u00e9r\u00e9 :<\/span> Oui\t\t\t\t\t<\/li>\n<li class=\"product-features__item-list__item\" role=\"listitem\"><span class=\"is--medium\">Rev\u00eatement de la cavit\u00e9 :<\/span> \u00e9mail\t\t\t\t\t<\/li>\n<li class=\"product-features__item-list__item\" role=\"listitem\"><span class=\"is--medium\">Nettoyage :<\/span> catalyse, permet un auto-d\u00e9graissage qui fonctionne \u00e0 partir de 200\u00b0C. La graisse sera absorb\u00e9e pendant la cuisson, vous n&rsquo;avez plus qu&rsquo;\u00e0 passer un coup d&rsquo;\u00e9ponge sur la sole du four en fin de cuisson.\t\t\t\t\t<\/li>\n<li class=\"product-features__item-list__item\" role=\"listitem\"><span class=\"is--medium\">D\u00e9tail des fonctions pour r\u00e9pondre \u00e0 toutes vos envies :<\/span> rails t\u00e9lescopiques, grille, l\u00e8che frites, D\u00e9part-diff\u00e9r\u00e9, Vitre-de-la-porte-d\u00e9montable\t\t\t\t\t<\/li>\n<li class=\"product-features__item-list__item\" role=\"listitem\"><span class=\"is--medium\">Commande :<\/span> boutons\t\t\t\t\t<\/li>\n<li class=\"product-features__item-list__item\" role=\"listitem\"><span class=\"is--medium\">Vitre de la porte d\u00e9montable :<\/span> oui, pour un nettoyage facilit\u00e9 et complet.\t\t\t\t\t<\/li>\n<li class=\"product-features__item-list__item\" role=\"listitem\"><span class=\"is--medium\">Porte :<\/span> temp\u00e9r\u00e9e, la porte de l&rsquo;appareil garde une certaine temp\u00e9rature, le risque de br\u00fblures est minimis\u00e9.\t\t\t\t\t<\/li>\n<li class=\"product-features__item-list__item\" role=\"listitem\"><span class=\"is--medium\">Ouverture de porte :<\/span> abattante, s&rsquo;ouvre du haut vers le bas.\t\t\t\t\t<\/li>\n<li class=\"product-features__item-list__item\" role=\"listitem\"><span class=\"is--medium\">Fermeture de porte :<\/span> douce\t\t\t\t\t<\/li>\n<li class=\"product-features__item-list__item\" role=\"listitem\"><span class=\"is--medium\">Afficheur :<\/span> minuterie\t\t\t\t\t<\/li>\n<li class=\"product-features__item-list__item\" role=\"listitem\"><span class=\"is--medium\">S\u00e9curit\u00e9 enfant :<\/span> verrouillage porte et commandes\t\t\t\t\t<\/li>\n<li class=\"product-features__item-list__item\" role=\"listitem\"><span class=\"is--medium\">Eclairage :<\/span> oui automatique\t\t\t\t\t<\/li>\n<li class=\"product-features__item-list__item\" role=\"listitem\"><span class=\"is--medium\">Puissance :<\/span> 9.400 W\t\t\t\t\t<\/li>\n<li class=\"product-features__item-list__item\" role=\"listitem\"><span class=\"is--medium\">Equipement(s) :<\/span> rails t\u00e9lescopiques, grille, l\u00e8che frites\t\t\t\t\t<\/li>\n<\/ul>\n<\/li>\n<li class=\"product-features__item\" role=\"listitem\">\n<h3 class=\"product-features__label\">Installation<\/h3>\n<ul role=\"list\">\n<li class=\"product-features__item-list__item\" role=\"listitem\"><span class=\"is--medium\">C\u00e2ble d&rsquo;alimentation :<\/span> c\u00e2ble monophas\u00e9 non fourni\t\t\t\t\t<\/li>\n<li class=\"product-features__item-list__item\" role=\"listitem\"><span class=\"is--medium\">Amp\u00e9rage requis :<\/span> Le circuit d&rsquo;alimentation d&rsquo;une cuisini\u00e8re comporte une proctection diff\u00e9rentielle 30 mA de type A avec un disjoncteur d\u00e9di\u00e9 de calibre 32 A et un c\u00e2blage monophas\u00e9 en section 6 mm\u00b2.\t\t\t\t\t<\/li>\n<li class=\"product-features__item-list__item\" role=\"listitem\"><span class=\"is--medium\">C\u00e2ble d&rsquo;alimentation compatible :<\/span> le c\u00e2ble d&rsquo;alimentation sans prise 32A est conforme \u00e0 la norme NF C 15 100 et est pr\u00e9vu pour une installation de cuisini\u00e8re. <u><a href=\"https:\/\/www.boulanger.com\/ref\/1103351\" target=\"_blank\"> d\u00e9couvrir le produit ici<\/a><\/u><\/li>\n<li class=\"product-features__item-list__item\" role=\"listitem\"><span class=\"is--medium\">Informations n\u00e9cessaires \u00e0 l&rsquo;installation de votre produit :<\/span> <a href=\"https:\/\/boulanger.scene7.com\/is\/content\/Boulanger\/amperage_cuisinieres\" target=\"_blank\">En sa<\/a><\/li>\n<li class=\"product-features__item-list__item\" role=\"listitem\"><span class=\"is--medium\">Injecteur butane \/ propane fourni :<\/span> Non\t\t\t\t\t<\/li>\n<li class=\"product-features__item-list__item\" role=\"listitem\"><span class=\"is--medium\">Pieds r\u00e9glables :<\/span> Oui\t\t\t\t\t<\/li>\n<li class=\"product-features__item-list__item\" role=\"listitem\"><span class=\"is--medium\">Plinthe :<\/span> Non\t\t\t\t\t<\/li>\n<li class=\"product-features__item-list__item\" role=\"listitem\"><span class=\"is--medium\">Compartiment de rangement :<\/span> Oui\t\t\t\t\t<\/li>\n<li class=\"product-features__item-list__item\" role=\"listitem\"><span class=\"is--medium\">Distance \u00e0 respecter entre la plaque de cuisson et la hotte :<\/span> entre 55 cm et 80 cm.\t\t\t\t\t<\/li>\n<li class=\"product-features__item-list__item\" role=\"listitem\"><span class=\"is--medium\">Coloris :<\/span> Inox\t\t\t\t\t<\/li>\n<\/ul>\n<\/li>\n<li class=\"product-features__item\" role=\"listitem\">\n<h3 class=\"product-features__label\">Dimensions<\/h3>\n<ul role=\"list\">\n<li class=\"product-features__item-list__item\" role=\"listitem\"><span class=\"is--medium\">Dimensions l x h x p :<\/span> 50 x 85 x 59.4 cm\t\t\t\t\t<\/li>\n<li class=\"product-features__item-list__item\" role=\"listitem\"><span class=\"is--medium\">Dimensions emball\u00e9 l x h x p :<\/span> 57.6 x 95.2 x 71.8 cm\t\t\t\t\t<\/li>\n<li class=\"product-features__item-list__item\" role=\"listitem\"><span class=\"is--medium\">Poids net :<\/span> 41,4 kg\t\t\t\t\t<\/li>\n<li class=\"product-features__item-list__item\" role=\"listitem\"><span class=\"is--medium\">Poids brut :<\/span> 44,6 kg\t\t\t\t\t<\/li>\n<\/ul>\n<\/li>\n<li class=\"product-features__item\" role=\"listitem\">\n<h3 class=\"product-features__label\">Informations compl\u00e9mentaires<\/h3>\n<ul role=\"list\">\n<li class=\"product-features__item-list__item\" role=\"listitem\"><span class=\"is--medium\">Fabriqu\u00e9 en :<\/span> R\u00e9p. tch\u00e8que\t\t\t\t\t<\/li>\n<li class=\"product-features__item-list__item\" role=\"listitem\"><span class=\"is--medium\">Garantie :<\/span> 2 ans\t\t\t\t\t<\/li>\n<li class=\"product-features__item-list__item\" role=\"listitem\"><span class=\"is--medium\">Disponibilit\u00e9 des pi\u00e8ces d\u00e9tach\u00e9es (donn\u00e9es fournisseur) :<\/span> Pendant 10 ans, \u00e0 compter de la Date de fin de fabrication\t\t\t\t\t<\/li>\n<\/ul>\n<\/li>\n<\/ul>\n<\/div>\n<div class=\"product__disclosure-content\">\n<div class=\"js-read-more product-description__content read-more read-more--truncated\" data-read-more-name=\"description\" style=\"max-height: 500px; overflow: hidden;\">\n<h3><img fetchpriority=\"high\" decoding=\"async\" alt=\"Cuis Induc AEG CIB6470APM\" class=\"wy_tableau_gauche\" height=\"257\" src=\"https:\/\/boulanger.scene7.com\/is\/image\/Boulanger\/3838782619762_h_f_l_0?wid=400&amp;hei=270\" width=\"381\"\/>Des performances professionnelles<\/h3>\n<p>La <strong>cuisini\u00e8re vitroc\u00e9ramique Gorenje GECS5C70XA<\/strong> combine un design intemporel avec les technologies derniers cris.<\/p>\n<p>Dot\u00e9e d&rsquo;une table de cuisson vitroc\u00e9ramique, ainsi que d&rsquo;un<strong> four \u00e0 chaleur tournante puls\u00e9e<\/strong> et d&rsquo;un pratique<strong> tiroir de rangement<\/strong>, la Cuisini\u00e8re vitroc\u00e9ramique Gorenje GECS5C70XA vous facilite le quotidien tout en optimisant l&rsquo;espace.<\/p>\n<h3>Une table de cuisson flexible<\/h3>\n<p>M\u00eame les plus grandes poissonni\u00e8res ou plancha trouverons de la place sur le<strong> foyer extensible<\/strong> qui \u00e9largi la zone de cuisson. Vous pourrez rapidement griller vos viandes et poissons tout en faisant rapidement revenir vos l\u00e9gumes saut\u00e9s gr\u00e2ce au foyer duo. Aux puissances les plus faibles de chaque foyer vous pourrez<strong> maintenir au chaud vos pr\u00e9parations<\/strong> dans les casseroles.<\/p>\n<h3><img decoding=\"async\" alt=\"Cuis Induc AEG CIB6470APM\" class=\"wy_tableau_right\" height=\"270\" src=\"https:\/\/boulanger.scene7.com\/is\/image\/Boulanger\/3838782619762_h_u_l_4?wid=400&amp;hei=270\" width=\"400\"\/>UN four con\u00e7u pour les meilleures pizza maison<\/h3>\n<p>Le four \u00e0 chaleur tournante puls\u00e9e de votre cuisini\u00e8re Gorenje GECS5C70XA assure une <strong>r\u00e9partition uniforme de la chaleur<\/strong> gr\u00e2ce \u00e0 sa vo\u00fbte arrondie inspir\u00e9e des fours \u00e0 bois traditionnels\u00a0: la mont\u00e9e en temp\u00e9rature <strong>jusqu&rsquo;\u00e0 300\u00b0C<\/strong> d&rsquo;un des<strong> quatre programmes automatiques<\/strong> vous permettra de cuire vos pizzas \u00e0 la perfection\u00a0!<\/p>\n<p>Le grand litrage de <strong>70 L et les 5 niveaux d&rsquo;enfournement<\/strong> peuvent facilement espacer les diff\u00e9rents plats et permettre ainsi d&rsquo;aieurs mets cuisin\u00e9s simultan\u00e9ment, en vous faisant \u00e9conomiser de l&rsquo;\u00e9nergie et du temps. <\/p>\n<p>Le rail t\u00e9lescopique vous permettera d&rsquo;acceder facilement aux niveaux inferieurs de cuisson quand plusieurs pr\u00e9parations sont en cours\u00a0! La porte se ferme progressivement, en douceur et sans bruit.<\/p>\n<h3>Mat\u00e9riaux durables, entretien simplifi\u00e9<\/h3>\n<h3><img decoding=\"async\" alt=\"Cuis Induc AEG CIB6470APM\" class=\"wy_tableau_right\" height=\"254\" src=\"https:\/\/boulanger.scene7.com\/is\/image\/Boulanger\/3838782622748_h_z_l_1?wid=400&amp;hei=270\" width=\"377\"\/><\/h3>\n<p>Les meilleurs mat\u00e9riaux ont \u00e9t\u00e9 utilis\u00e9 pour fabriquer cette cuisini\u00e8re\u00a0: l&rsquo;inox dont elle est compos\u00e9e reste un de<strong> mat\u00e9riaux les plus hygi\u00e9niques en cuisine<\/strong>. Les manettes r\u00e9tractables rendent encore plus facile le nettoyage de votre table de cuisson.<\/p>\n<p>La <strong>paroi catalytique \u00e0 l&rsquo;int\u00e9rieur du four<\/strong> et la<strong> fonction hydrolyse AquaClean<\/strong> vous permettent un entretien sans effort<\/p>\n<\/p>\n<p><a href=\"https:\/\/www.boulanger.com\/evenement\/livraison-domicile-gros-produits-service\" rel=\"noopener\" target=\"_blank\" title=\"Livraison \u00e0 domicile gros produits et service\"><img loading=\"lazy\" decoding=\"async\" height=\"160\" src=\"https:\/\/boulanger.scene7.com\/is\/image\/Boulanger\/Reprise ancien appareil?wid=1260\" width=\"1240\"\/><\/a><\/p>\n<\/div>\n<p><bl-button a11yexpanded=\"false\" arialabel=\"Afficher toute la description\" class=\"read-more__btn\" full=\"false\" link=\"true\"><\/bl-button><\/div>","protected":false},"excerpt":{"rendered":"<div class=\"keypoints\">\n<h3 class=\"keypoints__title\">Les points cl\u00e9s<\/h3>\n<ul role=\"list\">\n<li class=\"keypoints__item\" role=\"listitem\">                                        Dimensions l x h x p : 50 x 85 x 59.4 cm                      <\/li>\n<li class=\"keypoints__item\" role=\"listitem\">                                        4 foyers, vitroc\u00e9ramique, avec zone modulable                      <\/li>\n<li class=\"keypoints__item\" role=\"listitem\">                                        Four principal : 70 L, chaleur tournante avec ajout de vapeur                      <\/li>\n<li class=\"keypoints__item\" role=\"listitem\">                                        Nettoyage catalyse, c\u00e2ble monophas\u00e9 non fourni                      <\/li>\n<li class=\"keypoints__item keypoints__item--advantage\" role=\"listitem\"><strong>Le + :<\/strong> Programmes combin\u00e9 vapeur avec ajout d&rsquo;eau sur une plaque. Rails t\u00e9lescopiques : \u00e9vite les br\u00fblure      <\/li>\n<\/ul>","protected":false},"featured_media":27612,"template":"","meta":{"_glsr_average":0,"_glsr_ranking":0,"_glsr_reviews":0},"product_cat":[254],"product_tag":[255,131,250],"class_list":{"0":"post-38712","1":"product","2":"type-product","3":"status-publish","4":"has-post-thumbnail","6":"product_cat-cuisiniere-vitroceramique","7":"product_tag-cuisiniere-vitroceramique","8":"product_tag-gros-electromenager","9":"product_tag-piano-de-cuisson-cuisiniere","11":"first","12":"instock","13":"sale","14":"shipping-taxable","15":"purchasable","16":"product-type-simple"},"_links":{"self":[{"href":"https:\/\/electromenagerexpress.com\/en\/wp-json\/wp\/v2\/product\/38712","targetHints":{"allow":["GET"]}}],"collection":[{"href":"https:\/\/electromenagerexpress.com\/en\/wp-json\/wp\/v2\/product"}],"about":[{"href":"https:\/\/electromenagerexpress.com\/en\/wp-json\/wp\/v2\/types\/product"}],"wp:featuredmedia":[{"embeddable":true,"href":"https:\/\/electromenagerexpress.com\/en\/wp-json\/wp\/v2\/media\/27612"}],"wp:attachment":[{"href":"https:\/\/electromenagerexpress.com\/en\/wp-json\/wp\/v2\/media?parent=38712"}],"wp:term":[{"taxonomy":"product_cat","embeddable":true,"href":"https:\/\/electromenagerexpress.com\/en\/wp-json\/wp\/v2\/product_cat?post=38712"},{"taxonomy":"product_tag","embeddable":true,"href":"https:\/\/electromenagerexpress.com\/en\/wp-json\/wp\/v2\/product_tag?post=38712"}],"curies":[{"name":"wp","href":"https:\/\/api.w.org\/{rel}","templated":true}]}}