{"id":38700,"date":"2024-11-21T15:01:15","date_gmt":"2024-11-21T15:01:15","guid":{"rendered":"https:\/\/electromenagerexpress.com\/product\/cuisiniere-gazbekofsg52000dwc\/"},"modified":"2025-03-15T16:36:58","modified_gmt":"2025-03-15T16:36:58","slug":"cuisiniere-gazbekofsg52000dwc","status":"publish","type":"product","link":"https:\/\/electromenagerexpress.com\/en\/product\/cuisiniere-gazbekofsg52000dwc\/","title":{"rendered":"Cuisini\u00e8re gaz\tBEKO FSG52000DWC"},"content":{"rendered":"<div class=\"product-features__content\">\n<ul role=\"list\">\n<li class=\"product-features__item\" role=\"listitem\">\n<h3 class=\"product-features__label\">Table de cuisson<\/h3>\n<ul role=\"list\">\n<li class=\"product-features__item-list__item\" role=\"listitem\"><span class=\"is--medium\">Type de table :<\/span> gaz, chauffe rapide et contr\u00f4le visuel de la cuisson.<\/li>\n<li class=\"product-features__item-list__item\" role=\"listitem\"><span class=\"is--medium\">Puissance totale :<\/span> 7.900 W<\/li>\n<li class=\"product-features__item-list__item\" role=\"listitem\"><span class=\"is--medium\">Nombre de foyers total :<\/span> 4<\/li>\n<li class=\"product-features__item-list__item\" role=\"listitem\"><span class=\"is--medium\">Type de commande :<\/span> manettes<\/li>\n<li class=\"product-features__item-list__item\" role=\"listitem\"><span class=\"is--medium\">Emplacement des commandes :<\/span> en frontal au niveau du four<\/li>\n<li class=\"product-features__item-list__item\" role=\"listitem\"><span class=\"is--medium\">Nombre de niveaux de puissance :<\/span> 6<\/li>\n<li class=\"product-features__item-list__item\" role=\"listitem\"><span class=\"is--medium\">Avantage des niveaux de puissance :<\/span> un nombre de niveau de puissance \u00e9lev\u00e9 vous permet une meilleure ma\u00eetrise de la cuisson de vos aliments.<\/li>\n<li class=\"product-features__item-list__item\" role=\"listitem\"><span class=\"is--medium\">Nombre de boosters :<\/span> 4<\/li>\n<li class=\"product-features__item-list__item\" role=\"listitem\"><span class=\"is--medium\">Avantage du booster :<\/span> le booster permet un acc\u00e9s direct \u00e0 la puissance maximale. Id\u00e9al pour porter \u00e0 \u00e9bullition ou saisir les viandes.<\/li>\n<li class=\"product-features__item-list__item\" role=\"listitem\"><span class=\"is--medium\">Programme(s) pr\u00e9d\u00e9fini(s) :<\/span> saisir, bouillir, fondre, maintenir au chaud, frire, mijoter<\/li>\n<li class=\"product-features__item-list__item\" role=\"listitem\"><span class=\"is--medium\">Fonction(s) de s\u00e9curit\u00e9 :<\/span> coupure de gaz automatique (thermocouple)<\/li>\n<li class=\"product-features__item-list__item\" role=\"listitem\"><span class=\"is--medium\">Equipement(s) :<\/span> notice<\/li>\n<\/ul>\n<\/li>\n<li class=\"product-features__item\" role=\"listitem\">\n<h3 class=\"product-features__label\">Four<\/h3>\n<ul role=\"list\">\n<li class=\"product-features__item-list__item\" role=\"listitem\"><span class=\"is--medium\">Mode de cuisson :<\/span> gaz, permettra de s&rsquo;adapter \u00e0 votre \u00e9quipement 100% gaz, bouteille ou gaz de ville. Id\u00e9al pour cuisiner comme un pro ou un chef en restaurant.<\/li>\n<li class=\"product-features__item-list__item\" role=\"listitem\"><span class=\"is--medium\">Energie du four :<\/span> gaz<\/li>\n<li class=\"product-features__item-list__item\" role=\"listitem\"><span class=\"is--medium\">Volume de la cavit\u00e9 :<\/span> 68 L<\/li>\n<li class=\"product-features__item-list__item\" role=\"listitem\"><span class=\"is--medium\">Dimensions de la cavit\u00e9 l x h x p :<\/span> 40.03 x 35.04 x 42 cm<\/li>\n<li class=\"product-features__item-list__item\" role=\"listitem\"><span class=\"is--medium\">Plages de temp\u00e9ratures (mini, maxi) :<\/span> 170\u00b0C, 300\u00b0C<\/li>\n<li class=\"product-features__item-list__item\" role=\"listitem\"><span class=\"is--medium\">Rev\u00eatement de la cavit\u00e9 :<\/span> \u00e9mail<\/li>\n<li class=\"product-features__item-list__item\" role=\"listitem\"><span class=\"is--medium\">Nettoyage :<\/span> catalyse, permet un auto-d\u00e9graissage qui fonctionne \u00e0 partir de 200\u00b0C. La graisse sera absorb\u00e9e pendant la cuisson, vous n&rsquo;avez plus qu&rsquo;\u00e0 passer un coup d&rsquo;\u00e9ponge sur la sole du four en fin de cuisson.<\/li>\n<li class=\"product-features__item-list__item\" role=\"listitem\"><span class=\"is--medium\">D\u00e9tail des fonctions pour r\u00e9pondre \u00e0 toutes vos envies :<\/span> grille, l\u00e8che frites, Vitre-de-la-porte-d\u00e9montable<\/li>\n<li class=\"product-features__item-list__item\" role=\"listitem\"><span class=\"is--medium\">Commande :<\/span> boutons<\/li>\n<li class=\"product-features__item-list__item\" role=\"listitem\"><span class=\"is--medium\">Vitre de la porte d\u00e9montable :<\/span> oui, pour un nettoyage facilit\u00e9 et complet.<\/li>\n<li class=\"product-features__item-list__item\" role=\"listitem\"><span class=\"is--medium\">Porte :<\/span> classique, cette porte prend vite la chaleur. Attention, il est d\u00e9conseill\u00e9 aux enfants de mettre les mains dessus.<\/li>\n<li class=\"product-features__item-list__item\" role=\"listitem\"><span class=\"is--medium\">Ouverture de porte :<\/span> abattante, s&rsquo;ouvre du haut vers le bas.<\/li>\n<li class=\"product-features__item-list__item\" role=\"listitem\"><span class=\"is--medium\">Fermeture de porte :<\/span> classique<\/li>\n<li class=\"product-features__item-list__item\" role=\"listitem\"><span class=\"is--medium\">Puissance :<\/span> 2.900 W<\/li>\n<li class=\"product-features__item-list__item\" role=\"listitem\"><span class=\"is--medium\">Equipement(s) :<\/span> grille, l\u00e8che frites<\/li>\n<\/ul>\n<\/li>\n<li class=\"product-features__item\" role=\"listitem\">\n<h3 class=\"product-features__label\">Installation<\/h3>\n<ul role=\"list\">\n<li class=\"product-features__item-list__item\" role=\"listitem\"><span class=\"is--medium\">C\u00e2ble d&rsquo;alimentation :<\/span> c\u00e2ble monophas\u00e9 non fourni<\/li>\n<li class=\"product-features__item-list__item\" role=\"listitem\"><span class=\"is--medium\">Amp\u00e9rage requis :<\/span> Le circuit d&rsquo;alimentation d&rsquo;une cuisini\u00e8re comporte une proctection diff\u00e9rentielle 30 mA de type AC avec un disjoncteur d\u00e9di\u00e9 de calibre 20 A et un c\u00e2blage monophas\u00e9 en section 2,5 mm\u00b2.<\/li>\n<li class=\"product-features__item-list__item\" role=\"listitem\"><span class=\"is--medium\">C\u00e2ble d&rsquo;alimentation compatible :<\/span> le c\u00e2ble d&rsquo;alimentation sans prise 32A est conforme \u00e0 la norme NF C 15 100 et est pr\u00e9vu pour une installation de cuisini\u00e8re.<\/li>\n<li class=\"product-features__item-list__item\" role=\"listitem\"><span class=\"is--medium\">Injecteur butane \/ propane fourni :<\/span> Oui<\/li>\n<li class=\"product-features__item-list__item\" role=\"listitem\"><span class=\"is--medium\">Pieds r\u00e9glables :<\/span> Non<\/li>\n<li class=\"product-features__item-list__item\" role=\"listitem\"><span class=\"is--medium\">Plinthe :<\/span> Non<\/li>\n<li class=\"product-features__item-list__item\" role=\"listitem\"><span class=\"is--medium\">Compartiment de rangement :<\/span> Oui<\/li>\n<li class=\"product-features__item-list__item\" role=\"listitem\"><span class=\"is--medium\">Distance \u00e0 respecter entre la plaque de cuisson et la hotte :<\/span> entre 65 cm et 80 cm.<\/li>\n<li class=\"product-features__item-list__item\" role=\"listitem\"><span class=\"is--medium\">Coloris :<\/span> Blanc<\/li>\n<\/ul>\n<\/li>\n<li class=\"product-features__item\" role=\"listitem\">\n<h3 class=\"product-features__label\">Dimensions<\/h3>\n<ul role=\"list\">\n<li class=\"product-features__item-list__item\" role=\"listitem\"><span class=\"is--medium\">Dimensions l x h x p :<\/span> 50 x 85 x 60 cm<\/li>\n<li class=\"product-features__item-list__item\" role=\"listitem\"><span class=\"is--medium\">Dimensions emball\u00e9 l x h x p :<\/span> 56 x 97 x 70 cm<\/li>\n<li class=\"product-features__item-list__item\" role=\"listitem\"><span class=\"is--medium\">Poids net :<\/span> 43,7 kg<\/li>\n<li class=\"product-features__item-list__item\" role=\"listitem\"><span class=\"is--medium\">Poids brut :<\/span> 47,2 kg<\/li>\n<\/ul>\n<\/li>\n<li class=\"product-features__item\" role=\"listitem\">\n<h3 class=\"product-features__label\">Informations compl\u00e9mentaires<\/h3>\n<ul role=\"list\">\n<li class=\"product-features__item-list__item\" role=\"listitem\"><span class=\"is--medium\">Fabriqu\u00e9 en :<\/span> Turquie<\/li>\n<li class=\"product-features__item-list__item\" role=\"listitem\"><span class=\"is--medium\">Garantie :<\/span> 2 ans<\/li>\n<li class=\"product-features__item-list__item\" role=\"listitem\"><span class=\"is--medium\">Disponibilit\u00e9 des pi\u00e8ces d\u00e9tach\u00e9es (donn\u00e9es fournisseur) :<\/span> Pendant 12 ans, \u00e0 compter de la date d&rsquo;achat<\/li>\n<\/ul>\n<\/li>\n<\/ul>\n<\/div>\n<div class=\"product__disclosure-content\">\n<div class=\"js-read-more product-description__content read-more read-more--truncated\" style=\"max-height: 500px; overflow: hidden;\" data-read-more-name=\"description\">\n<p>La nouvelle cuisini\u00e8re \u00e0 gaz BEKO FSG52000DWC vous garantit s\u00e9curit\u00e9 et confort d&rsquo;utilisation gr\u00e2ce \u00e0 la s\u00e9curit\u00e9 par thermocouple et \u00e0 son coffre de rangement.<\/p>\n<h3>Votre s\u00e9curit\u00e9 est la priorit\u00e9<\/h3>\n<p>La nouvelle cuisini\u00e8re \u00e0 gaz BEKO FSG52000DWC se compose de <b>quatre foyers<\/b> au gaz pour vous permettre de faire cuire plusieurs choses en m\u00eame temps. Le gaz offre \u00e9galement un meilleur contr\u00f4le sur les feux. Le four, quant \u00e0 lui, fonctionne au gaz et dispose d&rsquo;un volume de <b>68 litres<\/b>. Cette cuisini\u00e8re mesure 50 x 85 x 60 centim\u00e8tres ; vous pourrez l&rsquo;installer facilement dans votre cuisine.<\/p>\n<p>La cuisini\u00e8re \u00e0 gaz BEKO FSG52000DWC vous permet de cuisiner en toute s\u00e9r\u00e9nit\u00e9. Les plaques de cuisson sont \u00e9quip\u00e9es d&rsquo;un <b>dispositif de s\u00e9curit\u00e9 de gaz<\/b>. Et, gr\u00e2ce \u00e0 la <b>s\u00e9curit\u00e9 par thermocouple<\/b>, si une flamme s&rsquo;\u00e9teint accidentellement \u00e0 cause d&rsquo;un courant d&rsquo;air ou d&rsquo;un liquide qui d\u00e9borde, l&rsquo;arriv\u00e9e de gaz est automatiquement coup\u00e9e pour \u00e9viter les accidents.<\/p>\n<h3>Une cuisini\u00e8re ing\u00e9nieuse et facile \u00e0 nettoyer<\/h3>\n<\/div>\n<p>&nbsp;<\/p>\n<div class=\"js-read-more product-description__content read-more read-more--truncated\" style=\"max-height: 500px; overflow: hidden;\" data-read-more-name=\"description\">\n<p>La nouvelle cuisini\u00e8re \u00e0 gaz BEKO FSG52000DWC vous est livr\u00e9e avec une <b>l\u00e8che-frite<\/b> et un <b>grill<\/b>. Elle contient \u00e9galement un <b>coffre de rangement<\/b> pour vous permettre de ranger facilement vos plats et ustensiles de cuisine ; un appareil \u00e9lectrom\u00e9nager pratique et ing\u00e9nieux !<\/p>\n<p>Le nettoyage de votre cuisini\u00e8re deviendra un vrai jeu d&rsquo;enfants ! La cuisini\u00e8re \u00e0 gaz BEKO FSG52000DWC est facile \u00e0 nettoyer gr\u00e2ce \u00e0 ses <b>parois catalytiques<\/b>. Elles sont auto-nettoyantes et absorbent automatiquement les graisses. La surface plane de la porte plein verre facilite \u00e9galement le nettoyage.<\/p>\n<p>&nbsp;<\/p>\n<\/div>\n<p>&nbsp;<\/p>\n<\/div>","protected":false},"excerpt":{"rendered":"<div class=\"keypoints\">\n<h3 class=\"keypoints__title\">Les points cl\u00e9s<\/h3>\n<ul role=\"list\">\n<li class=\"keypoints__item\" role=\"listitem\">Dimensions l x h x p : 50 x 85 x 60 cm<\/li>\n<li class=\"keypoints__item\" role=\"listitem\">4 foyers, gaz<\/li>\n<li class=\"keypoints__item\" role=\"listitem\">Four principal : 68 L, gaz<\/li>\n<li class=\"keypoints__item\" role=\"listitem\">Nettoyage catalyse, c\u00e2ble monophas\u00e9 non fourni<\/li>\n<li class=\"keypoints__item keypoints__item--advantage\" role=\"listitem\"><strong>Le + :<\/strong> son coffre de rangement vous permettant de stocker facilement vos plats et ustensiles de cuisine.<\/li>\n<\/ul>\n<\/div>","protected":false},"featured_media":27487,"template":"","meta":{"_glsr_average":0,"_glsr_ranking":0,"_glsr_reviews":0},"product_cat":[258],"product_tag":[259,131,250],"class_list":{"0":"post-38700","1":"product","2":"type-product","3":"status-publish","4":"has-post-thumbnail","6":"product_cat-gaziniere","7":"product_tag-gaziniere","8":"product_tag-gros-electromenager","9":"product_tag-piano-de-cuisson-cuisiniere","11":"first","12":"instock","13":"sale","14":"shipping-taxable","15":"purchasable","16":"product-type-simple"},"_links":{"self":[{"href":"https:\/\/electromenagerexpress.com\/en\/wp-json\/wp\/v2\/product\/38700","targetHints":{"allow":["GET"]}}],"collection":[{"href":"https:\/\/electromenagerexpress.com\/en\/wp-json\/wp\/v2\/product"}],"about":[{"href":"https:\/\/electromenagerexpress.com\/en\/wp-json\/wp\/v2\/types\/product"}],"wp:featuredmedia":[{"embeddable":true,"href":"https:\/\/electromenagerexpress.com\/en\/wp-json\/wp\/v2\/media\/27487"}],"wp:attachment":[{"href":"https:\/\/electromenagerexpress.com\/en\/wp-json\/wp\/v2\/media?parent=38700"}],"wp:term":[{"taxonomy":"product_cat","embeddable":true,"href":"https:\/\/electromenagerexpress.com\/en\/wp-json\/wp\/v2\/product_cat?post=38700"},{"taxonomy":"product_tag","embeddable":true,"href":"https:\/\/electromenagerexpress.com\/en\/wp-json\/wp\/v2\/product_tag?post=38700"}],"curies":[{"name":"wp","href":"https:\/\/api.w.org\/{rel}","templated":true}]}}