{"id":38666,"date":"2024-11-21T14:59:35","date_gmt":"2024-11-21T14:59:35","guid":{"rendered":"https:\/\/electromenagerexpress.com\/product\/hotte-decorative-murale-inclineeciarracd9736fb\/"},"modified":"2024-11-21T14:59:36","modified_gmt":"2024-11-21T14:59:36","slug":"hotte-decorative-murale-inclineeciarracd9736fb","status":"publish","type":"product","link":"https:\/\/electromenagerexpress.com\/en\/product\/hotte-decorative-murale-inclineeciarracd9736fb\/","title":{"rendered":"Hotte d\u00e9corative murale inclin\u00e9e\t\t\t\t\t\t\tCIARRA\t\t\t\tCD9736FB"},"content":{"rendered":"<div class=\"product-features__content\">\n<ul role=\"list\">\n<li class=\"product-features__item\" role=\"listitem\">\n<h3 class=\"product-features__label\">Bien choisir sa hotte<\/h3>\n<ul role=\"list\">\n<li class=\"product-features__item-list__item\" role=\"listitem\"><span class=\"is--medium\">D\u00e9couvrez la hotte aspirante parfaite pour votre cuisine :<\/span> <a href=\"https:\/\/www.boulanger.com\/guide\/choisir-hotte\" target=\"_blank\"><u>avec notre guide d&rsquo;achat<\/u><\/a> et nos conseils d&rsquo;experts, trouvez le mod\u00e8le id\u00e9al qui r\u00e9pond \u00e0 vos besoins en termes de style, de performance et de budget.\t\t\t\t\t<\/li>\n<li class=\"product-features__item-list__item\" role=\"listitem\"><span class=\"is--medium\">Choisir la bonne largeur :<\/span> pour une extraction efficace, la hotte doit \u00eatre au moins aussi large que la table de cuisson. De plus, en choisissant la bonne largeur, vous \u00e9vitez les d\u00e9p\u00f4ts de graisse sur la cr\u00e9dence et les murs de la cuisine.\t\t\t\t\t<\/li>\n<li class=\"product-features__item-list__item\" role=\"listitem\"><span class=\"is--medium\">Bien la placer :<\/span> la distance minimale entre la plaque de cuisson et la hotte est de 55 cm pour l&rsquo;\u00e9lectrique et 65 cm pour le gaz. Cependant, ne d\u00e9passez pas 80 cm pour garantir une aspiration efficace des vapeurs de cuisson.\t\t\t\t\t<\/li>\n<li class=\"product-features__item-list__item\" role=\"listitem\"><span class=\"is--medium\">Choisir la bonne puissance :<\/span> dans une cuisine ouverte, o\u00f9 l&rsquo;air circule dans le salon, optez toujours pour une hotte aspirante d&rsquo;au moins 600 m\u00b3\/h pour garantir une efficacit\u00e9 optimale. Pour une cuisine ferm\u00e9e, multipliez le volume (L x l x H) par 12 pour obtenir la capacit\u00e9 d&rsquo;aspiration n\u00e9cessaire.\t\t\t\t\t<\/li>\n<\/ul>\n<\/li>\n<li class=\"product-features__item\" role=\"listitem\">\n<h3 class=\"product-features__label\">Les fonctionnalit\u00e9s de votre hotte<\/h3>\n<ul role=\"list\">\n<li class=\"product-features__item-list__item\" role=\"listitem\"><span class=\"is--medium\">Type de hotte :<\/span> d\u00e9corative murale inclin\u00e9e, combine style et fonctionnalit\u00e9. Sa conception permet de mieux g\u00e9rer l&rsquo;espace au-dessus de la zone de cuisson. Elle \u00e9vite de devenir un obstacle dans l&rsquo;espace de cuisson et n&rsquo;obstrue pas la vue, rendant plus facile la pr\u00e9paration des plats.\t\t\t\t\t<\/li>\n<li class=\"product-features__item-list__item\" role=\"listitem\"><span class=\"is--medium\">Autre compatibilit\u00e9 de type de hotte :<\/span> d\u00e9corative murale inclin\u00e9e, combine style et fonctionnalit\u00e9. Sa conception permet de mieux g\u00e9rer l&rsquo;espace au-dessus de la zone de cuisson. Elle \u00e9vite de devenir un obstacle dans l&rsquo;espace de cuisson et n&rsquo;obstrue pas la vue, rendant plus facile la pr\u00e9paration des plats.\t\t\t\t\t<\/li>\n<li class=\"product-features__item-list__item\" role=\"listitem\"><span class=\"is--medium\">Syst\u00e8me d&rsquo;aspiration :<\/span> \u00e9vacuation et recyclage, optez pour la polyvalence ! Expulsez efficacement les vapeurs vers l&rsquo;ext\u00e9rieur ou offrez-vous la possibilit\u00e9 de purifier l&rsquo;air gr\u00e2ce \u00e0 un syst\u00e8me de filtration avanc\u00e9. Profitez d&rsquo;une cuisine propre et fra\u00eeche, quel que soit votre syst\u00e8me d&rsquo;aspiration !\t\t\t\t\t<\/li>\n<li class=\"product-features__item-list__item\" role=\"listitem\"><span class=\"is--medium\">Type d&rsquo;aspiration :<\/span> standard, con\u00e7u pour aspirer efficacement les vapeurs et les odeurs directement de la zone de cuisson. Profitez d&rsquo;une cuisine fra\u00eeche et propre gr\u00e2ce \u00e0 une filtration avanc\u00e9e !\t\t\t\t\t<\/li>\n<li class=\"product-features__item-list__item\" role=\"listitem\"><span class=\"is--medium\">Largeur :<\/span> 90 cm, pour une zone de cuisson allant jusqu&rsquo;\u00e0 90 cm de largueur.\t\t\t\t\t<\/li>\n<li class=\"product-features__item-list__item\" role=\"listitem\"><span class=\"is--medium\">Coloris :<\/span> noir\t\t\t\t\t<\/li>\n<\/ul>\n<\/li>\n<li class=\"product-features__item\" role=\"listitem\">\n<h3 class=\"product-features__label\">Puissance de la hotte<\/h3>\n<ul role=\"list\">\n<li class=\"product-features__item-list__item\" role=\"listitem\"><span class=\"is--medium\">Nombre de moteur inclus :<\/span> 1\t\t\t\t\t<\/li>\n<li class=\"product-features__item-list__item\" role=\"listitem\"><span class=\"is--medium\">Puissance totale du (des) moteur(s) :<\/span> 85 W\t\t\t\t\t<\/li>\n<li class=\"product-features__item-list__item\" role=\"listitem\"><span class=\"is--medium\">Type de moteur :<\/span> classique, offre une performance fiable et \u00e9prouv\u00e9e. Leur conception simple et robuste garantit une extraction efficace des vapeurs de cuisson, assurant ainsi un environnement de cuisine propre et confortable. Il est g\u00e9n\u00e9ralement plus abordable, une solution \u00e9conomique sans compromis sur la qualit\u00e9.\t\t\t\t\t<\/li>\n<li class=\"product-features__item-list__item\" role=\"listitem\"><span class=\"is--medium\">Arr\u00eat temporis\u00e9 :<\/span> oui, permet de programmer une dur\u00e9e de fonctionnement apr\u00e8s la cuisson. Une fois cette dur\u00e9e \u00e9coul\u00e9e, la hotte s&rsquo;\u00e9teint automatiquement, offrant ainsi un moyen pratique d&rsquo;\u00e9conomiser de l&rsquo;\u00e9nergie et de prolonger la purification de l&rsquo;air apr\u00e8s la cuisson.\t\t\t\t\t<\/li>\n<\/ul>\n<\/li>\n<li class=\"product-features__item\" role=\"listitem\">\n<h3 class=\"product-features__label\">Les commandes de votre hotte<\/h3>\n<ul role=\"list\">\n<li class=\"product-features__item-list__item\" role=\"listitem\"><span class=\"is--medium\">Type de selecteur :<\/span> tactile\t\t\t\t\t<\/li>\n<li class=\"product-features__item-list__item\" role=\"listitem\"><span class=\"is--medium\">Emplacement :<\/span> facade\t\t\t\t\t<\/li>\n<li class=\"product-features__item-list__item\" role=\"listitem\"><span class=\"is--medium\">Nombre de vitesse d&rsquo;aspiration :<\/span> 4, permet un contr\u00f4le pr\u00e9cis de l&rsquo;extraction d&rsquo;air, s&rsquo;adaptant aux diff\u00e9rentes intensit\u00e9s de cuisson. Il offre une flexibilit\u00e9 pour ajuster la puissance selon les besoins, r\u00e9duisant le bruit et la consommation d&rsquo;\u00e9nergie lorsqu&rsquo;une extraction moindre est suffisante.\t\t\t\t\t<\/li>\n<li class=\"product-features__item-list__item\" role=\"listitem\"><span class=\"is--medium\">T\u00e9moins lumineux de mise sous tension :<\/span> oui, offre une indication visuelle claire de son fonctionnement, assurant une utilisation intuitive.\t\t\t\t\t<\/li>\n<li class=\"product-features__item-list__item\" role=\"listitem\"><span class=\"is--medium\">Hotte connect\u00e9e Wifi :<\/span> oui, r\u00e9volutionnez votre exp\u00e9rience culinaire en vous permettant de contr\u00f4ler votre hotte \u00e0 distance via une application mobile. Vous pouvez ajuster les param\u00e8tres, surveiller la qualit\u00e9 de l&rsquo;air et recevoir des notifications personnalis\u00e9es, offrant ainsi une gestion pratique et intelligente.\t\t\t\t\t<\/li>\n<\/ul>\n<\/li>\n<li class=\"product-features__item\" role=\"listitem\">\n<h3 class=\"product-features__label\">L&rsquo;\u00e9clairage de votre hotte<\/h3>\n<ul role=\"list\">\n<li class=\"product-features__item-list__item\" role=\"listitem\"><span class=\"is--medium\">Lampe :<\/span> oui, offre une visibilit\u00e9 accrue sur la zone de cuisson, facilitant la pr\u00e9paration des repas. Il cr\u00e9e une ambiance agr\u00e9able dans la cuisine et met en valeur le plan de travail, ajoutant une touche esth\u00e9tique.\t\t\t\t\t<\/li>\n<li class=\"product-features__item-list__item\" role=\"listitem\"><span class=\"is--medium\">Type d&rsquo;\u00e9clairage :<\/span> LED, offre une luminosit\u00e9 \u00e9quivalente voire sup\u00e9rieure aux halog\u00e8nes, avec une consommation d&rsquo;\u00e9nergie consid\u00e9rablement r\u00e9duite et une dur\u00e9e de vie bien plus longue.\t\t\t\t\t<\/li>\n<li class=\"product-features__item-list__item\" role=\"listitem\"><span class=\"is--medium\">Emplacement de l&rsquo;\u00e9clairage :<\/span> fond\t\t\t\t\t<\/li>\n<li class=\"product-features__item-list__item\" role=\"listitem\"><span class=\"is--medium\">Nombre de lampe(s) :<\/span> 2\t\t\t\t\t<\/li>\n<li class=\"product-features__item-list__item\" role=\"listitem\"><span class=\"is--medium\">Puissance d&rsquo;\u00e9clairage :<\/span> 1 W\t\t\t\t\t<\/li>\n<li class=\"product-features__item-list__item\" role=\"listitem\"><span class=\"is--medium\">Intensit\u00e9 lumineuse :<\/span> 32 lux, plus le nombre de lux est \u00e9lev\u00e9, plus la zone est lumineuse.\t\t\t\t\t<\/li>\n<li class=\"product-features__item-list__item\" role=\"listitem\"><span class=\"is--medium\">Intensit\u00e9 lumineuse variable :<\/span> oui, pilotez l&rsquo;intensit\u00e9 vous m\u00eame !\t\t\t\t\t<\/li>\n<li class=\"product-features__item-list__item\" role=\"listitem\"><span class=\"is--medium\">Temp\u00e9rature de la couleur :<\/span> 6000 K, mesure la teinte de la lumi\u00e8re \u00e9mise par une source lumineuse. Plus la valeur est basse, plus la lumi\u00e8re est chaude (jaune\/orang\u00e9), tandis qu&rsquo;une valeur \u00e9lev\u00e9e correspond \u00e0 une lumi\u00e8re plus froide (bleut\u00e9e\/blanche).\t\t\t\t\t<\/li>\n<\/ul>\n<\/li>\n<li class=\"product-features__item\" role=\"listitem\">\n<h3 class=\"product-features__label\">La filtration de votre hotte<\/h3>\n<ul role=\"list\">\n<li class=\"product-features__item-list__item\" role=\"listitem\"><span class=\"is--medium\">Filtre \u00e0 graisse :<\/span> oui, pi\u00e8ge les particules de graisse pr\u00e9sentes dans les vapeurs de cuisson, emp\u00eachant ainsi leur accumulation dans la hotte et les conduits. Cela maintient la hotte propre et prolonge sa dur\u00e9e de vie, tout en assurant une meilleure qualit\u00e9 de l&rsquo;air dans la cuisine.\t\t\t\t\t<\/li>\n<li class=\"product-features__item-list__item\" role=\"listitem\"><span class=\"is--medium\">Nombre de filtre \u00e0 graisse :<\/span> 1\t\t\t\t\t<\/li>\n<li class=\"product-features__item-list__item\" role=\"listitem\"><span class=\"is--medium\">Filtre \u00e0 graisse lavable au lave-vaisselle :<\/span> oui, offre une maintenance facile et \u00e9conomique. Il peut \u00eatre simplement retir\u00e9 et nettoy\u00e9 au lave-vaisselle, permettant ainsi un entretien r\u00e9gulier sans effort.\t\t\t\t\t<\/li>\n<li class=\"product-features__item-list__item\" role=\"listitem\"><span class=\"is--medium\">Filtre \u00e0 charbon :<\/span> oui, absorbe efficacement les odeurs de cuisson, en filtrant les particules malodorantes avant de recirculer l&rsquo;air purifi\u00e9 dans la cuisine.\t\t\t\t\t<\/li>\n<li class=\"product-features__item-list__item\" role=\"listitem\"><span class=\"is--medium\">Nombre de filtre \u00e0 charbon :<\/span> 2\t\t\t\t\t<\/li>\n<li class=\"product-features__item-list__item\" role=\"listitem\"><span class=\"is--medium\">Renouvellement du filtre \u00e0 charbon :<\/span> Boulanger vous conseille de changer le(s) filtre(s) \u00e0 charbon lorsque celui-ci est satur\u00e9, g\u00e9n\u00e9ralement tous les 6 \u00e0 12 mois selon l&rsquo;utilisation. Un filtre satur\u00e9 perd en efficacit\u00e9 pour \u00e9liminer les odeurs de cuisson, donc son remplacement garantit une purification optimale de l&rsquo;air.\t\t\t\t\t<\/li>\n<li class=\"product-features__item-list__item\" role=\"listitem\"><span class=\"is--medium\">Purificateur d&rsquo;air :<\/span> oui, assure un recyclage constant de l&rsquo;air dans votre cuisine. Le moteur s&rsquo;active automatiquement quelques minutes par heure, assurant ainsi une purification r\u00e9guli\u00e8re de l&rsquo;air pour maintenir un environnement frais et sain.\t\t\t\t\t<\/li>\n<li class=\"product-features__item-list__item\" role=\"listitem\"><span class=\"is--medium\">Clapet anti-retour :<\/span> oui, emp\u00eache le retour des mauvaises odeurs ou des courants d&rsquo;air ind\u00e9sirables dans la cuisine.\t\t\t\t\t<\/li>\n<li class=\"product-features__item-list__item\" role=\"listitem\"><span class=\"is--medium\">Kit \u00e9vacuation fournis :<\/span> oui\t\t\t\t\t<\/li>\n<li class=\"product-features__item-list__item\" role=\"listitem\"><span class=\"is--medium\">Kit recyclage fournis :<\/span> oui\t\t\t\t\t<\/li>\n<\/ul>\n<\/li>\n<li class=\"product-features__item\" role=\"listitem\">\n<h3 class=\"product-features__label\">Informations compl\u00e9mentaires<\/h3>\n<ul role=\"list\">\n<li class=\"product-features__item-list__item\" role=\"listitem\"><span class=\"is--medium\">Fabriqu\u00e9 en :<\/span> Chine\t\t\t\t\t<\/li>\n<li class=\"product-features__item-list__item\" role=\"listitem\"><span class=\"is--medium\">Disponibilit\u00e9 des pi\u00e8ces d\u00e9tach\u00e9es (donn\u00e9es fournisseur) :<\/span> Non communiqu\u00e9e\t\t\t\t\t<\/li>\n<\/ul>\n<\/li>\n<\/ul>\n<\/div>\n<div class=\"product__disclosure-content\">\n<div class=\"js-read-more product-description__content\" data-read-more-name=\"description\" style=\"max-height: 500px; overflow: hidden;\">\n<p>CIARRA CD9736FB Hotte Inclin\u00e9e 90cm, Classe A+++ &amp; Eco-Moteur, 4 vitesses et mode intensif inclus<\/p>\n<p><\/p>\n<p>\u00a0Smart Control &#8211; connexion Wi-Fi et commandes tactiles<\/p>\n<p><\/p>\n<p>*\u00a0Fonctionnement en double mode, vous pouvez contr\u00f4ler la hotte \u00e0 distance par t\u00e9l\u00e9phone portable ou simplement en touchant le panneau. Veuillez t\u00e9l\u00e9charger l&rsquo;application Smart Life pour utiliser le WIFI. Voir le manuel pour plus de d\u00e9tails.<\/p>\n<p><\/p>\n<p>Classe d&rsquo;\u00e9nergie A+++<\/p>\n<p><\/p>\n<p>* Moteur \u00e0 courant continu de seulement 85 watts, une efficacit\u00e9 d&rsquo;extraction plus \u00e9lev\u00e9e et des performances plus silencieuses.<\/p>\n<p><\/p>\n<p>4 Vitesses de ventilation<\/p>\n<p><\/p>\n<p>* D\u00e9bit d&rsquo;air jusqu&rsquo;au 650m\u00b3\/h, en mode Booster peut augmenter le taux d&rsquo;extraction \u00e0 650 m3\/h instantan\u00e9ment pour \u00e9liminer les fum\u00e9es de cuisson, les odeurs sans effort.<\/p>\n<p><\/p>\n<p>Contr\u00f4le simple<\/p>\n<p><\/p>\n<p>* Commande tactile avec LED affichage, la vue est claire et directe, facile \u00e0 choisir les param\u00e8tres.<\/p>\n<p><\/p>\n<p>Double syst\u00e8me de fonctionnement<\/p>\n<p><\/p>\n<p>* Evacuation: purifier l&rsquo;air avec conduit d&rsquo;extraction(inclus).<\/p>\n<p><\/p>\n<p>* Recyclage: fonctionne avec filtre \u00e0 charbon(inclus, r\u00e9f.: CP120). pas besoin de cr\u00e9er un tuyau d&rsquo;air ou faire un trou au mur.<\/p>\n<p><\/p>\n<p>Grande Zone d&rsquo;extraction<\/p>\n<p><\/p>\n<p>*La porte en verre pourra \u00eatre maintenue ouverte jusqu&rsquo;\u00e0 60 degr\u00e9s, et il y a 2 d&rsquo;ent\u00e9es d&rsquo;extraction: Au milieu de panneau et au dessous de la hotte.<\/p>\n<p><\/p>\n<p>Basse Consommation d&rsquo;\u00e9nergie<\/p>\n<p><\/p>\n<p>* Consommation \u00e9lectrique annuelle de seulement 12 KWH, cela vous permet d&rsquo;\u00e9conomiser au moins 80 % de facture \u00e9lectrique par rapport de celles de 85KWh\/an.<\/p>\n<p><\/p>\n<p>\u00a0<\/p>\n<p><\/p>\n<p>Sp\u00e9cifications:<\/p>\n<p><\/p>\n<p>Couleur: Noir.<\/p>\n<p><\/p>\n<p>Mat\u00e9riel: Acier inox &amp; Verre.<\/p>\n<p><\/p>\n<p>D\u00e9bit d&rsquo;air max: 650m\u00b3\/h<\/p>\n<p><\/p>\n<p>Classe \u00e9nerg\u00e9tique: A+++<\/p>\n<p><\/p>\n<p>Mode : Recyclage ou Evacuation.<\/p>\n<p><\/p>\n<p>Filtre: 1 * en aluminium; 2 * \u00e0 charbon (CP120)<\/p>\n<p><\/p>\n<p>Commande: Tactile + LED affichage<\/p>\n<p><\/p>\n<p>\u00c9clairage: 2 LED Lampes, Dimmable<\/p>\n<p><\/p>\n<p>Niveau sonore max: 56 dB (A)<\/p>\n<p><\/p>\n<p>Puissance du moteur: 85W, 220-240V\/ 50Hz<\/p>\n<p><\/p>\n<p>Rallonge de chemin\u00e9e: 40 + 40cm<\/p>\n<p><\/p>\n<p>Diam\u00e8tre de tuyau d&rsquo;extraction: 15cm<\/p>\n<p><\/p>\n<p>Courant nominal: 3A<\/p>\n<p><\/p>\n<p>\u00a0<\/p>\n<p><\/p>\n<p>Dimensions:<\/p>\n<p><\/p>\n<p>Largeur: 89.5cm<\/p>\n<p><\/p>\n<p>Profondeur: 43cm<\/p>\n<p><\/p>\n<p>Hauteur: R\u00e9glable de 75cm \u00e0 112.5cm<\/p>\n<p><\/p>\n<p>\u00a0<\/p>\n<p><\/p>\n<p>Hauteur requise sur la plaque de cuisson \u00e0 gaz: 75cm<\/p>\n<p><\/p>\n<p>Hauteur requise sur la plaque de cuisson \u00e9lectrique: 65cm<\/p>\n<p><\/p>\n<p>\u00a0<\/p>\n<p><\/p>\n<p>Conseil: Pour obtenir une performance optimale, veuillez changer les filtres \u00e0 charbon tous les 2-4 mois, et nettoyer r\u00e9guli\u00e8rement les filtres \u00e0 graisse toutes les 2-3 semaines<\/p>\n<p><\/p>\n<p>\u00a0<\/p>\n<p><\/p>\n<p>Package inclus:<\/p>\n<p><\/p>\n<p>1 x Hotte aspirante<\/p>\n<p><\/p>\n<p>1 x Kit d&rsquo;accessoires de montage<\/p>\n<p><\/p>\n<p>1 x Filtre au charbon<\/p>\n<p><\/p>\n<p>1 x Mode d&#8217;emploi<\/p>\n<\/p>\n<p>Hotte Murale Tactile\u00a090cm<\/p>\n<p><\/p>\n<p>Classe d&rsquo;\u00e9nergie A+++<\/p>\n<p><\/p>\n<p>D\u00e9bit d&rsquo;air max 650 m3\/h<\/p>\n<p><\/p>\n<p>4 Vitesses, Booster Fonction inclus<\/p>\n<p><\/p>\n<p>Filtre au charbon inclus &#8211; Evacuation ou Recyclage<\/p>\n<p><\/p>\n<p>Niveau sonnore de 46 dB ~ 61 dB<\/p>\n<p><\/p>\n<p>85W Moteur \u00e0 courant continu,\u00a0faible consommation: 12 KWh\/an<\/p>\n<p><\/p>\n<p>Eclairage LED en deux modes<\/p>\n<p><\/p>\n<p>Double d&rsquo;entr\u00e9e d&rsquo;\u00e9vacuation permettant une filtration efficace<\/p>\n<\/p>\n<\/div>\n<\/div>","protected":false},"excerpt":{"rendered":"<div class=\"keypoints\">\n<h3 class=\"keypoints__title\">Les points cl\u00e9s<\/h3>\n<ul role=\"list\">\n<li class=\"keypoints__item\" role=\"listitem\">                          Type de hotte : : d\u00e9corative murale inclin\u00e9e &#8211;                                                      \u00e9vacuation et recyclage                      <\/li>\n<li class=\"keypoints__item\" role=\"listitem\">                                        Largeur : 90 cm, pour une zone de cuisson allant jusqu&rsquo;\u00e0 90 cm de largueur.                      <\/li>\n<li class=\"keypoints__item\" role=\"listitem\">                          D\u00e9bit d&rsquo;air maxi : 621 &#8211;                                                      id\u00e9al pour une cuisine de 25m\u00b2.                      <\/li>\n<li class=\"keypoints__item\" role=\"listitem\">                                        Niveau sonore mesur\u00e9 en d\u00e9cibels (pr\u00e9sent sur le Label Energie) : 60                      <\/li>\n<\/ul>","protected":false},"featured_media":27143,"template":"","meta":{"_glsr_average":0,"_glsr_ranking":0,"_glsr_reviews":0},"product_cat":[238],"product_tag":[131,236,239],"class_list":{"0":"post-38666","1":"product","2":"type-product","3":"status-publish","4":"has-post-thumbnail","6":"product_cat-hotte-decorative-murale","7":"product_tag-gros-electromenager","8":"product_tag-hotte-aspirante","9":"product_tag-hotte-decorative-murale","11":"first","12":"instock","13":"sale","14":"shipping-taxable","15":"purchasable","16":"product-type-simple"},"_links":{"self":[{"href":"https:\/\/electromenagerexpress.com\/en\/wp-json\/wp\/v2\/product\/38666","targetHints":{"allow":["GET"]}}],"collection":[{"href":"https:\/\/electromenagerexpress.com\/en\/wp-json\/wp\/v2\/product"}],"about":[{"href":"https:\/\/electromenagerexpress.com\/en\/wp-json\/wp\/v2\/types\/product"}],"wp:featuredmedia":[{"embeddable":true,"href":"https:\/\/electromenagerexpress.com\/en\/wp-json\/wp\/v2\/media\/27143"}],"wp:attachment":[{"href":"https:\/\/electromenagerexpress.com\/en\/wp-json\/wp\/v2\/media?parent=38666"}],"wp:term":[{"taxonomy":"product_cat","embeddable":true,"href":"https:\/\/electromenagerexpress.com\/en\/wp-json\/wp\/v2\/product_cat?post=38666"},{"taxonomy":"product_tag","embeddable":true,"href":"https:\/\/electromenagerexpress.com\/en\/wp-json\/wp\/v2\/product_tag?post=38666"}],"curies":[{"name":"wp","href":"https:\/\/api.w.org\/{rel}","templated":true}]}}