{"id":38646,"date":"2024-11-21T14:58:43","date_gmt":"2024-11-21T14:58:43","guid":{"rendered":"https:\/\/electromenagerexpress.com\/product\/hotte-decorative-murale-inclineeessentielbehdd-914n\/"},"modified":"2024-11-21T14:58:46","modified_gmt":"2024-11-21T14:58:46","slug":"hotte-decorative-murale-inclineeessentielbehdd-914n","status":"publish","type":"product","link":"https:\/\/electromenagerexpress.com\/en\/product\/hotte-decorative-murale-inclineeessentielbehdd-914n\/","title":{"rendered":"Hotte d\u00e9corative murale inclin\u00e9e\t\t\t\t\t\t\tESSENTIELB\t\t\t\tEHDD 914n"},"content":{"rendered":"<div class=\"product-features__content\">\n<ul role=\"list\">\n<li class=\"product-features__item\" role=\"listitem\">\n<h3 class=\"product-features__label\">Bien choisir sa hotte<\/h3>\n<ul role=\"list\">\n<li class=\"product-features__item-list__item\" role=\"listitem\"><span class=\"is--medium\">D\u00e9couvrez la hotte aspirante parfaite pour votre cuisine :<\/span> <a href=\"https:\/\/www.boulanger.com\/guide\/choisir-hotte\" target=\"_blank\"><u>avec notre guide d&rsquo;achat<\/u><\/a> et nos conseils d&rsquo;experts, trouvez le mod\u00e8le id\u00e9al qui r\u00e9pond \u00e0 vos besoins en termes de style, de performance et de budget.\t\t\t\t\t<\/li>\n<li class=\"product-features__item-list__item\" role=\"listitem\"><span class=\"is--medium\">Choisir la bonne largeur :<\/span> pour une extraction efficace, la hotte doit \u00eatre au moins aussi large que la table de cuisson. De plus, en choisissant la bonne largeur, vous \u00e9vitez les d\u00e9p\u00f4ts de graisse sur la cr\u00e9dence et les murs de la cuisine.\t\t\t\t\t<\/li>\n<li class=\"product-features__item-list__item\" role=\"listitem\"><span class=\"is--medium\">Bien la placer :<\/span> la distance minimale entre la plaque de cuisson et la hotte est de 55 cm pour l&rsquo;\u00e9lectrique et 65 cm pour le gaz. Cependant, ne d\u00e9passez pas 80 cm pour garantir une aspiration efficace des vapeurs de cuisson.\t\t\t\t\t<\/li>\n<li class=\"product-features__item-list__item\" role=\"listitem\"><span class=\"is--medium\">Choisir la bonne puissance :<\/span> dans une cuisine ouverte, o\u00f9 l&rsquo;air circule dans le salon, optez toujours pour une hotte aspirante d&rsquo;au moins 600 m\u00b3\/h pour garantir une efficacit\u00e9 optimale. Pour une cuisine ferm\u00e9e, multipliez le volume (L x l x H) par 12 pour obtenir la capacit\u00e9 d&rsquo;aspiration n\u00e9cessaire.\t\t\t\t\t<\/li>\n<\/ul>\n<\/li>\n<li class=\"product-features__item\" role=\"listitem\">\n<h3 class=\"product-features__label\">Les fonctionnalit\u00e9s de votre hotte<\/h3>\n<ul role=\"list\">\n<li class=\"product-features__item-list__item\" role=\"listitem\"><span class=\"is--medium\">Type de hotte :<\/span> d\u00e9corative murale inclin\u00e9e, combine style et fonctionnalit\u00e9. Sa conception permet de mieux g\u00e9rer l&rsquo;espace au-dessus de la zone de cuisson. Elle \u00e9vite de devenir un obstacle dans l&rsquo;espace de cuisson et n&rsquo;obstrue pas la vue, rendant plus facile la pr\u00e9paration des plats.\t\t\t\t\t<\/li>\n<li class=\"product-features__item-list__item\" role=\"listitem\"><span class=\"is--medium\">Largeur :<\/span> 90 cm, pour une zone de cuisson allant jusqu&rsquo;\u00e0 90 cm de largueur.\t\t\t\t\t<\/li>\n<\/ul>\n<\/li>\n<li class=\"product-features__item\" role=\"listitem\">\n<h3 class=\"product-features__label\">Informations compl\u00e9mentaires<\/h3>\n<ul role=\"list\">\n<li class=\"product-features__item-list__item\" role=\"listitem\"><span class=\"is--medium\">Garantie :<\/span> 3 ans\t\t\t\t\t<\/li>\n<li class=\"product-features__item-list__item\" role=\"listitem\"><span class=\"is--medium\">Fabriqu\u00e9 en :<\/span> Pologne\t\t\t\t\t<\/li>\n<li class=\"product-features__item-list__item\" role=\"listitem\"><span class=\"is--medium\">Disponibilit\u00e9 des pi\u00e8ces d\u00e9tach\u00e9es (donn\u00e9es fournisseur) :<\/span> Pendant 5 ans\t\t\t\t\t<\/li>\n<\/ul>\n<\/li>\n<\/ul>\n<\/div>\n<div class=\"product__disclosure-content\">\n<div class=\"js-read-more product-description__content read-more read-more--truncated\" data-read-more-name=\"description\" style=\"max-height: 500px; overflow: hidden;\">\n<p>Que vous ayez choisi une cuisine ouverte ou ferm\u00e9e, la hotte est un indispensable. Pourquoi ne pas en faire un atout, avec une hotte d\u00e9corative ultra-design, discr\u00e8te et \u00e9conome \u00a0\u00bb Offrez \u00e0 votre cuisine la touche chic et choc qui lui manquait. Bien plus qu&rsquo;un air purifi\u00e9 sans odeurs d\u00e9sagr\u00e9ables, votre espace de cuisson y gagnera autant en style qu&rsquo;en ergonomie !<\/p>\n<h3>Une hotte d\u00e9corative \u00e0 l&rsquo;\u00e9l\u00e9gance contemporaine<img fetchpriority=\"high\" decoding=\"async\" alt=\"Hotte d\u00e9corative Essentielb EHDD 914N\" class=\"wy_tableau_right\" height=\"413\" src=\"https:\/\/boulanger.scene7.com\/is\/image\/Boulanger\/3497674121297_h_f_l_4?wid=510&amp;hei=413\" width=\"510\"\/><\/h3>\n<p>Oubliez les hottes traditionnelles, perpendiculaires au mur. On ne voit qu&rsquo;elles dans les petits espaces. Elles projettent leur ombre sur la zone de cuisson, et leur rebord constitue un danger pour les cuisiniers de grande taille ! La hotte d\u00e9corative murale Essentielb, elle, opte pour une inclinaison de seulement 21 degr\u00e9s. R\u00e9sultat \u00a0\u00bb Votre cuisine para\u00eet plus grande et plus ouverte, votre front ne risque rien, la zone de cuisson est accessible et re\u00e7oit plus de lumi\u00e8re du jour. Quant \u00e0 son design \u00e9pur\u00e9 en noir ou blanc, il apporte une touche d&rsquo;\u00e9l\u00e9gance \u00e0 tous les styles de cuisines ! <\/p>\n<h3>L&rsquo;efficacit\u00e9 d&rsquo;une hotte moderne<\/h3>\n<p>Avec ses 270 watts de puissance et ses commandes sensitives, la hotte Essentielb m\u00eale performance et technologie en toute simplicit\u00e9. Appuyez directement sur le panneau inclin\u00e9 pour l&rsquo;allumer, l&rsquo;\u00e9teindre ou choisir entre ses trois vitesses. La casserole br\u00fble, et la cuisine sent la fum\u00e9e \u00a0\u00bb Enclenchez le mode Booster. Puisqu&rsquo;elle est discr\u00e8te, la hotte d\u00e9corative peut m\u00eame se permettre une largeur de 90 cm, offrant une plus grande couverture pour une meilleure efficacit\u00e9.<\/p>\n<h3>Discr\u00e9tion et \u00e9conomies d&rsquo;\u00e9nergie pour la hotte Essentielb<\/h3>\n<p>Discr\u00e8te par le design, la hotte Essentielb l&rsquo;est aussi par le son. Avec un niveau moyen de 60 d\u00e9cibels (66 maximum), elle promet un volume sonore sous contr\u00f4le. Vous pourrez continuer \u00e0 cuisiner tranquillement, et surtout sans angoisse : la hotte affiche un classement A, garantissant sa faible consommation \u00e9nerg\u00e9tique. \u00c9quip\u00e9e de lampes LED et fournie avec ses filtres aluminium et \u00e0 charbon, votre nouvelle hotte se fait oublier pour mieux aspirer !<\/p>\n<p><center><img decoding=\"async\" alt=\"Hotte d\u00e9corative Essentielb EHDD 914N\" src=\"https:\/\/boulanger.scene7.com\/is\/image\/Boulanger\/3497674121297_p2?wid=1000\"\/><\/center><\/p>\n<\/p>\n<p><video class=\"s7Video\" controls=\"\" controlslist=\"nodownload\" poster=\"https:\/\/boulanger.scene7.com\/is\/image\/Boulanger\/garantiegam5ans?scl=1\" preload=\"metadata\" src=\"https:\/\/boulanger.scene7.com\/is\/content\/Boulanger\/garantiegam5ans\" width=\"100%\"><\/video><\/p>\n<\/div>\n<p><bl-button a11yexpanded=\"false\" arialabel=\"Afficher toute la description\" class=\"read-more__btn\" full=\"false\" link=\"true\"><\/bl-button><\/div>","protected":false},"excerpt":{"rendered":"<div class=\"keypoints\">\n<h3 class=\"keypoints__title\">Les points cl\u00e9s<\/h3>\n<ul role=\"list\">\n<li class=\"keypoints__item\" role=\"listitem\">                                        Type de hotte : : d\u00e9corative murale inclin\u00e9e                      <\/li>\n<li class=\"keypoints__item\" role=\"listitem\">                                        Largeur : 90 cm, pour une zone de cuisson allant jusqu&rsquo;\u00e0 90 cm de largueur.                      <\/li>\n<li class=\"keypoints__item\" role=\"listitem\">                                        Niveau sonore mesur\u00e9 en d\u00e9cibels (pr\u00e9sent sur le Label Energie) : 60                      <\/li>\n<li class=\"keypoints__item keypoints__item--advantage\" role=\"listitem\"><strong>Le + :<\/strong> Design moderne et \u00e9pur\u00e9, ses commandes sensitives et sa fonction Booster.      <\/li>\n<\/ul>","protected":false},"featured_media":26964,"template":"","meta":{"_glsr_average":0,"_glsr_ranking":0,"_glsr_reviews":0},"product_cat":[238],"product_tag":[131,236,239],"class_list":{"0":"post-38646","1":"product","2":"type-product","3":"status-publish","4":"has-post-thumbnail","6":"product_cat-hotte-decorative-murale","7":"product_tag-gros-electromenager","8":"product_tag-hotte-aspirante","9":"product_tag-hotte-decorative-murale","11":"first","12":"instock","13":"sale","14":"shipping-taxable","15":"purchasable","16":"product-type-simple"},"_links":{"self":[{"href":"https:\/\/electromenagerexpress.com\/en\/wp-json\/wp\/v2\/product\/38646","targetHints":{"allow":["GET"]}}],"collection":[{"href":"https:\/\/electromenagerexpress.com\/en\/wp-json\/wp\/v2\/product"}],"about":[{"href":"https:\/\/electromenagerexpress.com\/en\/wp-json\/wp\/v2\/types\/product"}],"wp:featuredmedia":[{"embeddable":true,"href":"https:\/\/electromenagerexpress.com\/en\/wp-json\/wp\/v2\/media\/26964"}],"wp:attachment":[{"href":"https:\/\/electromenagerexpress.com\/en\/wp-json\/wp\/v2\/media?parent=38646"}],"wp:term":[{"taxonomy":"product_cat","embeddable":true,"href":"https:\/\/electromenagerexpress.com\/en\/wp-json\/wp\/v2\/product_cat?post=38646"},{"taxonomy":"product_tag","embeddable":true,"href":"https:\/\/electromenagerexpress.com\/en\/wp-json\/wp\/v2\/product_tag?post=38646"}],"curies":[{"name":"wp","href":"https:\/\/api.w.org\/{rel}","templated":true}]}}